{"id":105389,"date":"2025-12-04T19:54:17","date_gmt":"2025-12-04T19:54:17","guid":{"rendered":"https:\/\/www.accuratereviews.com\/?page_id=105389"},"modified":"2025-12-16T17:24:53","modified_gmt":"2025-12-16T17:24:53","slug":"4degrees-recensione","status":"publish","type":"page","link":"https:\/\/www.accuratereviews.com\/it\/crm-software-migliori-lista\/4degrees-recensione\/","title":{"rendered":"4Degrees"},"content":{"rendered":"<p><strong>4Degrees<\/strong> \u00e8 uno strumento basato su <strong>cloud<\/strong> per la <strong>gestione delle relazioni e delle pipeline.<\/strong> Le funzionalit\u00e0 principali includono il monitoraggio delle interazioni, la gestione dei lead, il monitoraggio delle attivit\u00e0, la documentazione e la segmentazione. L&#8217;applicazione include un modulo che aiuta i reclutatori nell&#8217;abbinamento dei talenti e nell&#8217;etichettatura del settore. I team di reclutamento possono ricevere suggerimenti per le posizioni aperte dalla propria rete e interagire con candidati ad alto potenziale. I professionisti del settore immobiliare possono utilizzare questo sistema per gestire le relazioni con gli inquilini e gestire il proprio database di contatti.<br \/>\n<strong>4Degrees<\/strong> permette ai <strong>property manager<\/strong> di confrontare i punti di forza delle relazioni tra i propri team e di automatizzare il monitoraggio di email e del calendario. Inoltre, la soluzione genera automaticamente report personalizzabili sulla pipeline, fornendo visibilit\u00e0 sulle metriche di coinvolgimento.<\/p>\n<h2>4DEGREES -TUTORIAL<\/h2>\n<div id=\"fluid-wrapper-counter-1\" class=\"g1-fluid-wrapper \" style=\"width:686px;\">\n<div style=\"padding-bottom:56.268221574344%;\"><iframe loading=\"lazy\" title=\"4Degrees Deal Lists\" width=\"686\" height=\"386\" src=\"https:\/\/www.youtube.com\/embed\/rUaByoMpz2Q?feature=oembed&amp;wmode=transparent&amp;autohide=1&amp;autoplay=0&amp;disablekb=0&amp;fs=1&amp;loop=0&amp;enablejsapi=1&amp;rel=0&amp;controls=2&amp;showinfo=0&amp;wmode=transparent&amp;autohide=2&amp;autoplay=0&amp;disablekb=0&amp;fs=1&amp;loop=0&amp;enablejsapi=1&amp;rel=0&amp;controls=2&amp;showinfo=1\" frameborder=\"0\" allow=\"accelerometer; autoplay; clipboard-write; encrypted-media; gyroscope; picture-in-picture; web-share\" referrerpolicy=\"strict-origin-when-cross-origin\" allowfullscreen><\/iframe><\/div>\n<\/div>\n<h3>4DEGREES &#8211; CARATTERISTICHE<\/h3>\n<ul>\n<li>Acquisisci dati su potenziali accordi, LP, societ\u00e0 in portafoglio e altro ancora con un sistema configurato per casi d&#8217;uso specifici e pronto all&#8217;uso.<\/li>\n<li>Sfrutta la tua rete di relazioni per raggiungere il tuo prossimo grande investimento o partner chiave con gli strumenti di intelligence relazionale.<\/li>\n<li>Ottieni il download completo di un&#8217;azienda o di un contatto con l&#8217;arricchimento automatico dei dati da fonti terze (Crunchbase, Clearbit, Pitchbook e altro).<\/li>\n<li>Visualizza tutte le interazioni passate e in corso con una relazione o un&#8217;opportunit\u00e0 di investimento in un unico posto, sincronizzando perfettamente la tua email e il tuo calendario. Identifica immediatamente quali riunioni si sono svolte e quali documenti sono stati scambiati<\/li>\n<li>Comprendi rapidamente l&#8217;avanzamento delle trattative con le bacheche Kanban e le visualizzazioni di report personalizzabili<\/li>\n<li>Mantieni il passo con i tuoi contatti grazie a promemoria e trigger automatici (ad esempio quando una trattativa \u00e8 rimasta in una determinata fase per troppo tempo)<\/li>\n<li>Carica rapidamente i tuoi fogli di calcolo Excel e consolida tutti i tuoi dati in un unico posto<\/li>\n<li>Crea e salva visualizzazioni filtrate di aziende, esperti e investitori per settore, posizione geografica e altro ancora con un clic<\/li>\n<li>Accedi e aggiorna immediatamente la tua pipeline di trattative e i contatti chiave con l&#8217;app mobile<\/li>\n<\/ul>\n<h4>LE RECENSIONI DEGLI UTENTI<\/h4>\n<p><strong>Moody &#8220;4Degrees \u00e8 fondamentale per il flusso di lavoro della nostra societ\u00e0 di venture capital&#8221;<\/strong><br \/>\n<strong>Pro<\/strong>: la risorsa pi\u00f9 importante di una societ\u00e0 di venture capital \u00e8 la forza del suo network. 4Degrees permette al nostro team di comprendere la natura delle nostre relazioni con altri investitori, imprenditori e individui nei nostri ecosistemi. \u00c8 anche un fantastico strumento per integrare il nostro processo di deal flow: utilizziamo 4Degrees per monitorare la nostra pipeline di deal e i flussi di lavoro associati al nostro portafoglio. Funzionalit\u00e0 come la possibilit\u00e0 di contattare le persone prima di un viaggio imminente e la possibilit\u00e0 di importare ed esportare dati CSV sono anch&#8217;esse un enorme vantaggio.<br \/>\n<strong>Contro<\/strong>: i tag precompilati sono validi, ma se si ha un modo specifico di vedere il mondo, \u00e8 necessario un po&#8217; di tagging manuale. Anche gli strumenti di visualizzazione sono validi oggi, ma ci sono alcune funzionalit\u00e0 aggiuntive che potrebbero essere utili. Anche l&#8217;applicazione mobile potrebbe essere migliorata.<\/p>\n<p><strong>Lance &#8220;Ottima piattaforma di gestione del flusso di affari e di gestione delle relazioni che utilizziamo ogni ora&#8221;<\/strong><br \/>\n4Degrees \u00e8 perfetto per le nostre esigenze e ha reso il nostro flusso di lavoro incredibilmente pi\u00f9 efficiente ed efficace. Non ci sono parole per descrivere i team di leadership e supporto: \u00e8 stato fantastico lavorare con loro.<br \/>\n<strong>Pro<\/strong>: &#8211; Soddisfa le nostre esigenze a un prezzo molto competitivo: avevamo bisogno\/volevamo la gestione del flusso di affari e la gestione delle relazioni in un&#8217;unica piattaforma. &#8211; L&#8217;azienda sviluppa continuamente funzioni\/caratteristiche e chiede spesso il nostro feedback; ci sentiamo profondamente parte del processo e apprezziamo il servizio impeccabile. &#8211; Assistenza clienti fantastica, incredibilmente reattiva e proattiva.<br \/>\n<strong>Contro<\/strong>: &#8211; Non abbiamo ancora utilizzato molto la sezione &#8220;report&#8221; per la gestione del flusso di affari della piattaforma, ma probabilmente lo faremo nel prossimo futuro e ci rivolgeremo all&#8217;azienda per analisi affidabili su questo aspetto.<\/p>\n<p><strong>Camille &#8220;Monitoraggio e ottimizzazione della tua rete&#8221;<\/strong><br \/>\ngestire le mie reti.<br \/>\n<strong>Pro<\/strong>: adoro il fatto che questo software carichi e ottimizzi i miei contatti da Linkedin. Posso monitorare la frequenza delle connessioni e scegliere determinate aziende in base alle citt\u00e0 in cui mi trovo. Il team \u00e8 sempre pronto ad aiutare e molto reattivo al feedback.<br \/>\n<strong>Contro<\/strong>: non \u00e8 ancora perfettamente integrato nei miei flussi di lavoro.<\/p>\n","protected":false},"excerpt":{"rendered":"<p>4Degrees \u00e8 uno strumento basato su cloud per la gestione delle relazioni e delle pipeline. Le funzionalit\u00e0 principali includono il monitoraggio delle interazioni, la gestione dei lead, il monitoraggio delle attivit\u00e0, la documentazione e la segmentazione. L&#8217;applicazione include un modulo che aiuta i reclutatori nell&#8217;abbinamento dei talenti e nell&#8217;etichettatura del settore.<\/p>\n","protected":false},"author":19,"featured_media":105391,"parent":5966,"menu_order":0,"comment_status":"open","ping_status":"closed","template":"g1_template_page_review_new.php","meta":{"_acf_changed":false,"cwp_meta_box_check":"Yes","cwp_rev_product_name":"","cwp_rev_product_image":"","wppr_links":[],"cwp_rev_price":"0.00","wppr_options":[{"name":"Usability","value":"0"},{"name":"Speed","value":"0"},{"name":"Features","value":"0"},{"name":"Support","value":"0"},{"name":"Pricing","value":"0"}],"wppr_pros":["","","","",""],"wppr_cons":["","","","",""],"_monsterinsights_skip_tracking":false,"_monsterinsights_sitenote_active":false,"_monsterinsights_sitenote_note":"","_monsterinsights_sitenote_category":0,"footnotes":""},"categories":[120],"tags":[16779,4080,427,1837,1239],"features":[],"class_list":{"0":"post-105389","1":"page","2":"type-page","3":"status-publish","4":"has-post-thumbnail","6":"category-crm-it","7":"tag-4degrees","8":"tag-piattaforma-crm","9":"tag-programma-crm","10":"tag-software-crm-2-it","11":"tag-soluzione-crm"},"wppr_data":{"cwp_meta_box_check":"Yes","_wppr_review_template":"default","cwp_rev_product_image":"","cwp_image_link":"image","wppr_links":[],"cwp_rev_price":"0.00","wppr_pros":["","","","",""],"wppr_cons":["","","","",""],"wppr_rating":"0.00","wppr_options":{"1":{"name":"Usability","value":"0"},"2":{"name":"Speed","value":"0"},"3":{"name":"Features","value":"0"},"4":{"name":"Support","value":"0"},"5":{"name":"Pricing","value":"0"}},"wppr_review_type":"Product","wppr_review_custom_fields":{"additionalProperty":"","additionalType":"","aggregateRating":"","alternateName":"","audience":"","award":"","awards":"","brand":"","color":"","depth":"","description":"","disambiguatingDescription":"","gtin12":"","gtin13":"","gtin14":"","gtin8":"","height":"","identifier":"","image":"","isAccessoryOrSparePartFor":"","isConsumableFor":"","isRelatedTo":"","isSimilarTo":"","itemCondition":"","logo":"","mainEntityOfPage":"","manufacturer":"","material":"","model":"","mpn":"","name":"","offers":"","potentialAction":"","productID":"","productionDate":"","purchaseDate":"","releaseDate":"","review":"","reviews":"","sameAs":"","sku":"","slogan":"","subjectOf":"","url":"","weight":"","width":""}},"acf":[],"yoast_head":"<!-- This site is optimized with the Yoast SEO plugin v27.4 - https:\/\/yoast.com\/product\/yoast-seo-wordpress\/ -->\n<title>4Degrees: recensione software CRM - Accurate Reviews<\/title>\n<meta name=\"description\" content=\"4Degrees: recensione software CRM strumento basato su cloud per la gestione delle relazioni e delle pipeline.\" \/>\n<meta name=\"robots\" content=\"index, follow, max-snippet:-1, max-image-preview:large, max-video-preview:-1\" \/>\n<link rel=\"canonical\" href=\"https:\/\/www.accuratereviews.com\/it\/crm-software-migliori-lista\/4degrees-recensione\/\" \/>\n<meta property=\"og:locale\" content=\"it_IT\" \/>\n<meta property=\"og:type\" content=\"article\" \/>\n<meta property=\"og:title\" content=\"4Degrees: recensione software CRM - Accurate Reviews\" \/>\n<meta property=\"og:description\" content=\"4Degrees: recensione software CRM strumento basato su cloud per la gestione delle relazioni e delle pipeline.\" \/>\n<meta property=\"og:url\" content=\"https:\/\/www.accuratereviews.com\/it\/crm-software-migliori-lista\/4degrees-recensione\/\" \/>\n<meta property=\"og:site_name\" content=\"Accurate Reviews\" \/>\n<meta property=\"article:modified_time\" content=\"2025-12-16T17:24:53+00:00\" \/>\n<meta property=\"og:image\" content=\"https:\/\/www.accuratereviews.com\/wp-content\/uploads\/2025\/12\/4gegrees.png\" \/>\n\t<meta property=\"og:image:width\" content=\"400\" \/>\n\t<meta property=\"og:image:height\" content=\"400\" \/>\n\t<meta property=\"og:image:type\" content=\"image\/png\" \/>\n<meta name=\"twitter:card\" content=\"summary_large_image\" \/>\n<meta name=\"twitter:label1\" content=\"Tempo di lettura stimato\" \/>\n\t<meta name=\"twitter:data1\" content=\"5 minuti\" \/>\n<script type=\"application\/ld+json\" class=\"yoast-schema-graph\">{\"@context\":\"https:\\\/\\\/schema.org\",\"@graph\":[{\"@type\":\"WebPage\",\"@id\":\"https:\\\/\\\/www.accuratereviews.com\\\/it\\\/crm-software-migliori-lista\\\/4degrees-recensione\\\/\",\"url\":\"https:\\\/\\\/www.accuratereviews.com\\\/it\\\/crm-software-migliori-lista\\\/4degrees-recensione\\\/\",\"name\":\"4Degrees: recensione software CRM - Accurate Reviews\",\"isPartOf\":{\"@id\":\"https:\\\/\\\/www.accuratereviews.com\\\/it\\\/#website\"},\"primaryImageOfPage\":{\"@id\":\"https:\\\/\\\/www.accuratereviews.com\\\/it\\\/crm-software-migliori-lista\\\/4degrees-recensione\\\/#primaryimage\"},\"image\":{\"@id\":\"https:\\\/\\\/www.accuratereviews.com\\\/it\\\/crm-software-migliori-lista\\\/4degrees-recensione\\\/#primaryimage\"},\"thumbnailUrl\":\"https:\\\/\\\/www.accuratereviews.com\\\/wp-content\\\/uploads\\\/2025\\\/12\\\/4gegrees.png\",\"datePublished\":\"2025-12-04T19:54:17+00:00\",\"dateModified\":\"2025-12-16T17:24:53+00:00\",\"description\":\"4Degrees: recensione software CRM strumento basato su cloud per la gestione delle relazioni e delle pipeline.\",\"breadcrumb\":{\"@id\":\"https:\\\/\\\/www.accuratereviews.com\\\/it\\\/crm-software-migliori-lista\\\/4degrees-recensione\\\/#breadcrumb\"},\"inLanguage\":\"it-IT\",\"potentialAction\":[{\"@type\":\"ReadAction\",\"target\":[\"https:\\\/\\\/www.accuratereviews.com\\\/it\\\/crm-software-migliori-lista\\\/4degrees-recensione\\\/\"]}]},{\"@type\":\"ImageObject\",\"inLanguage\":\"it-IT\",\"@id\":\"https:\\\/\\\/www.accuratereviews.com\\\/it\\\/crm-software-migliori-lista\\\/4degrees-recensione\\\/#primaryimage\",\"url\":\"https:\\\/\\\/www.accuratereviews.com\\\/wp-content\\\/uploads\\\/2025\\\/12\\\/4gegrees.png\",\"contentUrl\":\"https:\\\/\\\/www.accuratereviews.com\\\/wp-content\\\/uploads\\\/2025\\\/12\\\/4gegrees.png\",\"width\":400,\"height\":400},{\"@type\":\"BreadcrumbList\",\"@id\":\"https:\\\/\\\/www.accuratereviews.com\\\/it\\\/crm-software-migliori-lista\\\/4degrees-recensione\\\/#breadcrumb\",\"itemListElement\":[{\"@type\":\"ListItem\",\"position\":1,\"name\":\"Home\",\"item\":\"https:\\\/\\\/www.accuratereviews.com\\\/it\\\/\"},{\"@type\":\"ListItem\",\"position\":2,\"name\":\"CRM: i software migliori\",\"item\":\"https:\\\/\\\/www.accuratereviews.com\\\/it\\\/crm-software-migliori-lista\\\/\"},{\"@type\":\"ListItem\",\"position\":3,\"name\":\"4Degrees\"}]},{\"@type\":\"WebSite\",\"@id\":\"https:\\\/\\\/www.accuratereviews.com\\\/it\\\/#website\",\"url\":\"https:\\\/\\\/www.accuratereviews.com\\\/it\\\/\",\"name\":\"Accurate Reviews\",\"description\":\"\",\"potentialAction\":[{\"@type\":\"SearchAction\",\"target\":{\"@type\":\"EntryPoint\",\"urlTemplate\":\"https:\\\/\\\/www.accuratereviews.com\\\/it\\\/?s={search_term_string}\"},\"query-input\":{\"@type\":\"PropertyValueSpecification\",\"valueRequired\":true,\"valueName\":\"search_term_string\"}}],\"inLanguage\":\"it-IT\"}]}<\/script>\n<!-- \/ Yoast SEO plugin. -->","yoast_head_json":{"title":"4Degrees: recensione software CRM - Accurate Reviews","description":"4Degrees: recensione software CRM strumento basato su cloud per la gestione delle relazioni e delle pipeline.","robots":{"index":"index","follow":"follow","max-snippet":"max-snippet:-1","max-image-preview":"max-image-preview:large","max-video-preview":"max-video-preview:-1"},"canonical":"https:\/\/www.accuratereviews.com\/it\/crm-software-migliori-lista\/4degrees-recensione\/","og_locale":"it_IT","og_type":"article","og_title":"4Degrees: recensione software CRM - Accurate Reviews","og_description":"4Degrees: recensione software CRM strumento basato su cloud per la gestione delle relazioni e delle pipeline.","og_url":"https:\/\/www.accuratereviews.com\/it\/crm-software-migliori-lista\/4degrees-recensione\/","og_site_name":"Accurate Reviews","article_modified_time":"2025-12-16T17:24:53+00:00","og_image":[{"width":400,"height":400,"url":"https:\/\/www.accuratereviews.com\/wp-content\/uploads\/2025\/12\/4gegrees.png","type":"image\/png"}],"twitter_card":"summary_large_image","twitter_misc":{"Tempo di lettura stimato":"5 minuti"},"schema":{"@context":"https:\/\/schema.org","@graph":[{"@type":"WebPage","@id":"https:\/\/www.accuratereviews.com\/it\/crm-software-migliori-lista\/4degrees-recensione\/","url":"https:\/\/www.accuratereviews.com\/it\/crm-software-migliori-lista\/4degrees-recensione\/","name":"4Degrees: recensione software CRM - Accurate Reviews","isPartOf":{"@id":"https:\/\/www.accuratereviews.com\/it\/#website"},"primaryImageOfPage":{"@id":"https:\/\/www.accuratereviews.com\/it\/crm-software-migliori-lista\/4degrees-recensione\/#primaryimage"},"image":{"@id":"https:\/\/www.accuratereviews.com\/it\/crm-software-migliori-lista\/4degrees-recensione\/#primaryimage"},"thumbnailUrl":"https:\/\/www.accuratereviews.com\/wp-content\/uploads\/2025\/12\/4gegrees.png","datePublished":"2025-12-04T19:54:17+00:00","dateModified":"2025-12-16T17:24:53+00:00","description":"4Degrees: recensione software CRM strumento basato su cloud per la gestione delle relazioni e delle pipeline.","breadcrumb":{"@id":"https:\/\/www.accuratereviews.com\/it\/crm-software-migliori-lista\/4degrees-recensione\/#breadcrumb"},"inLanguage":"it-IT","potentialAction":[{"@type":"ReadAction","target":["https:\/\/www.accuratereviews.com\/it\/crm-software-migliori-lista\/4degrees-recensione\/"]}]},{"@type":"ImageObject","inLanguage":"it-IT","@id":"https:\/\/www.accuratereviews.com\/it\/crm-software-migliori-lista\/4degrees-recensione\/#primaryimage","url":"https:\/\/www.accuratereviews.com\/wp-content\/uploads\/2025\/12\/4gegrees.png","contentUrl":"https:\/\/www.accuratereviews.com\/wp-content\/uploads\/2025\/12\/4gegrees.png","width":400,"height":400},{"@type":"BreadcrumbList","@id":"https:\/\/www.accuratereviews.com\/it\/crm-software-migliori-lista\/4degrees-recensione\/#breadcrumb","itemListElement":[{"@type":"ListItem","position":1,"name":"Home","item":"https:\/\/www.accuratereviews.com\/it\/"},{"@type":"ListItem","position":2,"name":"CRM: i software migliori","item":"https:\/\/www.accuratereviews.com\/it\/crm-software-migliori-lista\/"},{"@type":"ListItem","position":3,"name":"4Degrees"}]},{"@type":"WebSite","@id":"https:\/\/www.accuratereviews.com\/it\/#website","url":"https:\/\/www.accuratereviews.com\/it\/","name":"Accurate Reviews","description":"","potentialAction":[{"@type":"SearchAction","target":{"@type":"EntryPoint","urlTemplate":"https:\/\/www.accuratereviews.com\/it\/?s={search_term_string}"},"query-input":{"@type":"PropertyValueSpecification","valueRequired":true,"valueName":"search_term_string"}}],"inLanguage":"it-IT"}]}},"_links":{"self":[{"href":"https:\/\/www.accuratereviews.com\/it\/wp-json\/wp\/v2\/pages\/105389","targetHints":{"allow":["GET"]}}],"collection":[{"href":"https:\/\/www.accuratereviews.com\/it\/wp-json\/wp\/v2\/pages"}],"about":[{"href":"https:\/\/www.accuratereviews.com\/it\/wp-json\/wp\/v2\/types\/page"}],"author":[{"embeddable":true,"href":"https:\/\/www.accuratereviews.com\/it\/wp-json\/wp\/v2\/users\/19"}],"replies":[{"embeddable":true,"href":"https:\/\/www.accuratereviews.com\/it\/wp-json\/wp\/v2\/comments?post=105389"}],"version-history":[{"count":14,"href":"https:\/\/www.accuratereviews.com\/it\/wp-json\/wp\/v2\/pages\/105389\/revisions"}],"predecessor-version":[{"id":105588,"href":"https:\/\/www.accuratereviews.com\/it\/wp-json\/wp\/v2\/pages\/105389\/revisions\/105588"}],"up":[{"embeddable":true,"href":"https:\/\/www.accuratereviews.com\/it\/wp-json\/wp\/v2\/pages\/5966"}],"wp:featuredmedia":[{"embeddable":true,"href":"https:\/\/www.accuratereviews.com\/it\/wp-json\/wp\/v2\/media\/105391"}],"wp:attachment":[{"href":"https:\/\/www.accuratereviews.com\/it\/wp-json\/wp\/v2\/media?parent=105389"}],"wp:term":[{"taxonomy":"category","embeddable":true,"href":"https:\/\/www.accuratereviews.com\/it\/wp-json\/wp\/v2\/categories?post=105389"},{"taxonomy":"post_tag","embeddable":true,"href":"https:\/\/www.accuratereviews.com\/it\/wp-json\/wp\/v2\/tags?post=105389"},{"taxonomy":"features","embeddable":true,"href":"https:\/\/www.accuratereviews.com\/it\/wp-json\/wp\/v2\/features?post=105389"}],"curies":[{"name":"wp","href":"https:\/\/api.w.org\/{rel}","templated":true}]}}