{"id":105472,"date":"2025-12-09T17:37:39","date_gmt":"2025-12-09T17:37:39","guid":{"rendered":"https:\/\/www.accuratereviews.com\/?page_id=105472"},"modified":"2025-12-10T11:15:24","modified_gmt":"2025-12-10T11:15:24","slug":"voiro-recensione","status":"publish","type":"page","link":"https:\/\/www.accuratereviews.com\/it\/crm-software-migliori-lista\/voiro-recensione\/","title":{"rendered":"Voiro"},"content":{"rendered":"<p><strong>Voiro<\/strong> semplifica il lavoro dei team di vendita, operativi e finanziari, rendendoli efficienti e produttivi. Consente decisioni rapide e migliori a tutti i team, con un&#8217;attenzione scrupolosa sui dati. Otterrai informazioni approfondite dai dati sui ricavi, consentendo ai team di gestire i rischi, individuare nuove opportunit\u00e0 di fatturato e <strong>costruire aziende solide e performanti.<\/strong> La piattaforma mette a disposizione informazioni accurate ai team fornendo loro le informazioni di cui hanno bisogno in tempo reale. Fornisce business intelligence interfunzionale in tempo reale, consentendo trasparenza e rapidit\u00e0 decisionale in tutta la tua organizzazione.<br \/>\nInoltre, il modulo di riconciliazione intelligente di <strong>Voiro<\/strong> ti consente di essere sicuro al 100% dei tuoi ricavi in \u200b\u200bqualsiasi momento.<\/p>\n<h2>VOIRO &#8211; TUTORIAL<\/h2>\n<div id=\"fluid-wrapper-counter-1\" class=\"g1-fluid-wrapper \" style=\"width:686px;\">\n<div style=\"padding-bottom:56.268221574344%;\"><iframe loading=\"lazy\" title=\"Manual Ad Ops is Killing Your Revenue. Here&#039;s the Fix.\" width=\"686\" height=\"386\" src=\"https:\/\/www.youtube.com\/embed\/GB0FVAQpnKI?feature=oembed&amp;wmode=transparent&amp;autohide=1&amp;autoplay=0&amp;disablekb=0&amp;fs=1&amp;loop=0&amp;enablejsapi=1&amp;rel=0&amp;controls=2&amp;showinfo=0&amp;wmode=transparent&amp;autohide=2&amp;autoplay=0&amp;disablekb=0&amp;fs=1&amp;loop=0&amp;enablejsapi=1&amp;rel=0&amp;controls=2&amp;showinfo=1\" frameborder=\"0\" allow=\"accelerometer; autoplay; clipboard-write; encrypted-media; gyroscope; picture-in-picture; web-share\" referrerpolicy=\"strict-origin-when-cross-origin\" allowfullscreen><\/iframe><\/div>\n<\/div>\n<h3>VOIRO &#8211; CARATTERISTICHE<\/h3>\n<ul>\n<li><strong>Operazioni pubblicitarie intelligenti:<\/strong> unifica i dati delle campagne per prendere decisioni efficaci in tempi rapidi e adattare le strategie di ottimizzazione al volo.<\/li>\n<li><strong>Visualizzazione unificata dell&#8217;inventario<\/strong>: monitora l&#8217;utilizzo dell&#8217;inventario per tutti i tipi di acquisto in un&#8217;unica vista.<\/li>\n<li><strong>Informazioni fruibili, automatizzate<\/strong>: abbandona i report manuali. Ottieni informazioni approfondite dai dati con report personalizzabili.<\/li>\n<li><strong>Flussi di lavoro semplificati<\/strong>: centralizza attivit\u00e0, approvazioni e comunicazioni di team. Elimina messaggi sparsi e scadenze non rispettate.<\/li>\n<li><strong>Riconcilia con sicurezza<\/strong>: automatizza la raccolta dati (da tutte le fonti, in formati coerenti) per una riconciliazione semplice e una fatturazione accurata.<\/li>\n<li><strong>Analisi approfondita, visualizza tutto:<\/strong> analizza facilmente elementi specifici della campagna per identificare discrepanze. Ottieni trasparenza e garantisci una fatturazione accurata.<\/li>\n<li><strong>Chiarezza<\/strong>: la soluzione fornisce informazioni in tempo reale sulla pipeline, specifiche per la gestione delle vendite pubblicitarie, per azioni rapide sulla disponibilit\u00e0 dell&#8217;inventario, l&#8217;approvazione degli sconti e l&#8217;accesso ai listini prezzi.<\/li>\n<li><strong>Informazioni fruibili<\/strong>: il programma diventa l&#8217;unica fonte di inserimento dati ed \u00e8 progettato per fornire informazioni fruibili in tempo reale e all&#8217;istante.<\/li>\n<li><strong>Monitora gli obiettivi di vendita rispetto al fatturato<\/strong>: automatizza i report di vendita per includere i dati di erogazione. Visualizza il reale stato del fatturato con i dati erogati per ciascun addetto alle vendite per raggiungere tempestivamente gli obiettivi di vendita.<\/li>\n<li><strong>Consegna fluida dalle vendite al reparto operativo<\/strong>: elaborando i dati e le approvazioni delle trattative su SalesX, i dati cruciali sono immediatamente disponibili al reparto operativo. Questo significa lanci pubblicitari pi\u00f9 rapidi e nessuna istruzione persa.<\/li>\n<\/ul>\n<h4>LE RECENSIONI DEGLI UTENTI<\/h4>\n<p><strong>Ahona &#8220;Ottimo prodotto, altamente consigliato&#8221;<\/strong><br \/>\nL&#8217;esperienza complessiva con Voiro \u00e8 stata estremamente positiva. Nel complesso, Voiro \u00e8 stata la nostra piattaforma di riferimento per gestire le nostre operazioni pubblicitarie, dall&#8217;inserimento delle vendite alla rendicontazione dei ricavi. La consigliamo vivamente a qualsiasi azienda che desideri semplificare i flussi di lavoro e riunire dati provenienti da diverse fonti.<br \/>\n<strong>Pro<\/strong>: essendo una delle pi\u00f9 grandi aziende mediatiche in India, Voiro ci ha aiutato a gestire operazioni pubblicitarie su larga scala in modo estremamente efficiente. Il prodotto gestisce con facilit\u00e0 eventi complessi e critici per il business e fornisce al nostro team tutti i dati e le informazioni di cui abbiamo bisogno per assicurarci di ottenere il massimo fatturato dal nostro inventario pubblicitario. La disponibilit\u00e0 di Voiro a personalizzare il prodotto in base alle nostre esigenze e la reattivit\u00e0 nell&#8217;elaborazione dei requisiti di dati personalizzati ci hanno aiutato a gestire la nostra attivit\u00e0 in modo digitalizzato e basato sui dati. Il team \u00e8 anche ci\u00f2 che distingue Vorio: un team dedicato e laborioso che fa di tutto per soddisfare le esigenze del consumatore.<br \/>\n<strong>Contro<\/strong>: la nostra attivit\u00e0 ha tempi di risposta estremamente stretti. Sebbene Voiro sia sempre reattivo alle nostre richieste di personalizzazioni e modifiche, a volte riteniamo che dovrebbe essere pi\u00f9 rapido. Poich\u00e9 le richieste vengono evase rapidamente, alcune funzionalit\u00e0 non sono ottimali o dovrebbero essere progettate meglio.<\/p>\n<p><strong>Aman &#8220;Una soluzione unica per tutti i tuoi sistemi di gestione delle entrate&#8221;<\/strong><br \/>\nVoiro ci ha aiutato enormemente ad automatizzare le nostre operazioni pubblicitarie, la reportistica e l&#8217;accesso ai dati. Ci hanno aiutato a passare senza problemi da un server pubblicitario all&#8217;altro con interruzioni minime. E la loro disponibilit\u00e0 a collaborare a stretto contatto con il nostro team per personalizzare alcune aree del loro prodotto in base al nostro contesto aziendale \u00e8 estremamente prezioso.<br \/>\n<strong>Pro<\/strong>: Voiro collabora con noi da 8 anni. \u00c8 stato un partner solido per noi, sempre disponibile a collaborare come team esteso, anzich\u00e9 come semplice fornitore di software. Ha trasformato il nostro modo di gestire le operazioni pubblicitarie, soprattutto per quanto riguarda l&#8217;automazione dei flussi di lavoro e la reportistica dei dati. Alla scala a cui operiamo, i nostri team avrebbero trovato molto pi\u00f9 difficile lavorare senza Voiro.<br \/>\n<strong>Contro<\/strong>: ci sono momenti in cui la risposta di Voi alle richieste di personalizzazione avrebbe potuto essere pi\u00f9 rapida.<\/p>\n<p><strong>Jhon Do &#8220;Un sistema completo di gestione delle entrate&#8221;<br \/>\n<\/strong>Voiro ci ha aiutato in diverse aree in cui il nostro stack tecnologico pubblicitario era in ritardo. Hanno reso i dati molto pi\u00f9 accessibili in tutta la nostra azienda e ci hanno fatto risparmiare enormi quantit\u00e0 di lavoro manuale su attivit\u00e0 pi\u00f9 piccole e ripetitive. Le loro email e i loro report automatizzati ci aiutano enormemente a monitorare lo stato di salute della nostra attivit\u00e0. Pu\u00f2 presentarsi delle difficolt\u00e0 di implementazione, ma non potremmo immaginare di lavorare senza la suite di Voiro.<br \/>\n<strong>Pro<\/strong>: Voiro ha automatizzato gran parte delle operazioni pubblicitarie di Voot, rendendole generalmente pi\u00f9 efficienti. Il loro modulo di riconciliazione dei ricavi fa risparmiare ai nostri team lavorativi diversi al mese. Infatti, prima di implementare Voiro, i nostri team impiegavano anche una settimana per preparare i dati da fatturare. Con Voiro, ora questo tempo si riduce a un paio d&#8217;ore. Sul fronte della reportistica, i dati di Voiro (ad esempio, i report sui rischi) sono incredibilmente dettagliati e indicano aree di sottoconsegna e potenziali perdite di fatturato. Questo rapporto ci ha permesso di adottare proattivamente misure correttive, con un impatto significativo sui ricavi a rischio. Voiro mette queste informazioni al centro del suo prodotto, cos\u00ec come nei report via email che arrivano nelle caselle di posta ogni mattina.<br \/>\n<strong>Contro<\/strong>: piccole cose, come ad esempio la mancanza di una suite di amministrazione completa. Abbiamo dovuto contattare il supporto di Voiro per alcune attivit\u00e0 minori, come l&#8217;aggiunta di utenti. Sebbene il team sia sempre reattivo, ritengo che si tratti di attivit\u00e0 che avremmo dovuto gestire autonomamente tramite il prodotto.<\/p>\n","protected":false},"excerpt":{"rendered":"<p>Voiro semplifica il lavoro dei team di vendita, operativi e finanziari, rendendoli efficienti e produttivi. Consente decisioni rapide e migliori a tutti i team, con un&#8217;attenzione scrupolosa sui dati. Otterrai informazioni approfondite dai dati sui ricavi, consentendo ai team di gestire i rischi, individuare nuove opportunit\u00e0 di fatturato e costruire aziende solide e performanti.<\/p>\n","protected":false},"author":19,"featured_media":105473,"parent":5966,"menu_order":0,"comment_status":"open","ping_status":"closed","template":"g1_template_page_review_new.php","meta":{"_acf_changed":false,"cwp_meta_box_check":"Yes","cwp_rev_product_name":"","cwp_rev_product_image":"","wppr_links":[],"cwp_rev_price":"0.00","wppr_options":[{"name":"Usability","value":"0"},{"name":"Speed","value":"0"},{"name":"Features","value":"0"},{"name":"Support","value":"0"},{"name":"Pricing","value":"0"}],"wppr_pros":["","","","",""],"wppr_cons":["","","","",""],"_monsterinsights_skip_tracking":false,"_monsterinsights_sitenote_active":false,"_monsterinsights_sitenote_note":"","_monsterinsights_sitenote_category":0,"footnotes":""},"categories":[120],"tags":[1835,4080,427,1837,1239,16792],"features":[],"class_list":{"0":"post-105472","1":"page","2":"type-page","3":"status-publish","4":"has-post-thumbnail","6":"category-crm-it","7":"tag-crm-2-it","8":"tag-piattaforma-crm","9":"tag-programma-crm","10":"tag-software-crm-2-it","11":"tag-soluzione-crm","12":"tag-voiro"},"wppr_data":{"cwp_meta_box_check":"Yes","_wppr_review_template":"default","cwp_rev_product_image":"","cwp_image_link":"image","wppr_links":[],"cwp_rev_price":"0.00","wppr_pros":["","","","",""],"wppr_cons":["","","","",""],"wppr_rating":"0.00","wppr_options":{"1":{"name":"Usability","value":"0"},"2":{"name":"Speed","value":"0"},"3":{"name":"Features","value":"0"},"4":{"name":"Support","value":"0"},"5":{"name":"Pricing","value":"0"}},"wppr_review_type":"Product","wppr_review_custom_fields":{"additionalProperty":"","additionalType":"","aggregateRating":"","alternateName":"","audience":"","award":"","awards":"","brand":"","color":"","depth":"","description":"","disambiguatingDescription":"","gtin12":"","gtin13":"","gtin14":"","gtin8":"","height":"","identifier":"","image":"","isAccessoryOrSparePartFor":"","isConsumableFor":"","isRelatedTo":"","isSimilarTo":"","itemCondition":"","logo":"","mainEntityOfPage":"","manufacturer":"","material":"","model":"","mpn":"","name":"","offers":"","potentialAction":"","productID":"","productionDate":"","purchaseDate":"","releaseDate":"","review":"","reviews":"","sameAs":"","sku":"","slogan":"","subjectOf":"","url":"","weight":"","width":""}},"acf":[],"yoast_head":"<!-- This site is optimized with the Yoast SEO plugin v27.4 - https:\/\/yoast.com\/product\/yoast-seo-wordpress\/ -->\n<title>Voiro: recensione software CRM - Accurate Reviews<\/title>\n<meta name=\"description\" content=\"Voiro: recensione software CRM che semplifica il lavoro dei team di vendita, operativi e finanziari, rendendoli efficienti e produttivi.\" \/>\n<meta name=\"robots\" content=\"index, follow, max-snippet:-1, max-image-preview:large, max-video-preview:-1\" \/>\n<link rel=\"canonical\" href=\"https:\/\/www.accuratereviews.com\/it\/crm-software-migliori-lista\/voiro-recensione\/\" \/>\n<meta property=\"og:locale\" content=\"it_IT\" \/>\n<meta property=\"og:type\" content=\"article\" \/>\n<meta property=\"og:title\" content=\"Voiro: recensione software CRM - Accurate Reviews\" \/>\n<meta property=\"og:description\" content=\"Voiro: recensione software CRM che semplifica il lavoro dei team di vendita, operativi e finanziari, rendendoli efficienti e produttivi.\" \/>\n<meta property=\"og:url\" content=\"https:\/\/www.accuratereviews.com\/it\/crm-software-migliori-lista\/voiro-recensione\/\" \/>\n<meta property=\"og:site_name\" content=\"Accurate Reviews\" \/>\n<meta property=\"article:modified_time\" content=\"2025-12-10T11:15:24+00:00\" \/>\n<meta property=\"og:image\" content=\"https:\/\/www.accuratereviews.com\/wp-content\/uploads\/2025\/12\/voiro.jpeg\" \/>\n\t<meta property=\"og:image:width\" content=\"225\" \/>\n\t<meta property=\"og:image:height\" content=\"225\" \/>\n\t<meta property=\"og:image:type\" content=\"image\/jpeg\" \/>\n<meta name=\"twitter:card\" content=\"summary_large_image\" \/>\n<meta name=\"twitter:label1\" content=\"Tempo di lettura stimato\" \/>\n\t<meta name=\"twitter:data1\" content=\"7 minuti\" \/>\n<script type=\"application\/ld+json\" class=\"yoast-schema-graph\">{\"@context\":\"https:\\\/\\\/schema.org\",\"@graph\":[{\"@type\":\"WebPage\",\"@id\":\"https:\\\/\\\/www.accuratereviews.com\\\/it\\\/crm-software-migliori-lista\\\/voiro-recensione\\\/\",\"url\":\"https:\\\/\\\/www.accuratereviews.com\\\/it\\\/crm-software-migliori-lista\\\/voiro-recensione\\\/\",\"name\":\"Voiro: recensione software CRM - Accurate Reviews\",\"isPartOf\":{\"@id\":\"https:\\\/\\\/www.accuratereviews.com\\\/it\\\/#website\"},\"primaryImageOfPage\":{\"@id\":\"https:\\\/\\\/www.accuratereviews.com\\\/it\\\/crm-software-migliori-lista\\\/voiro-recensione\\\/#primaryimage\"},\"image\":{\"@id\":\"https:\\\/\\\/www.accuratereviews.com\\\/it\\\/crm-software-migliori-lista\\\/voiro-recensione\\\/#primaryimage\"},\"thumbnailUrl\":\"https:\\\/\\\/www.accuratereviews.com\\\/wp-content\\\/uploads\\\/2025\\\/12\\\/voiro.jpeg\",\"datePublished\":\"2025-12-09T17:37:39+00:00\",\"dateModified\":\"2025-12-10T11:15:24+00:00\",\"description\":\"Voiro: recensione software CRM che semplifica il lavoro dei team di vendita, operativi e finanziari, rendendoli efficienti e produttivi.\",\"breadcrumb\":{\"@id\":\"https:\\\/\\\/www.accuratereviews.com\\\/it\\\/crm-software-migliori-lista\\\/voiro-recensione\\\/#breadcrumb\"},\"inLanguage\":\"it-IT\",\"potentialAction\":[{\"@type\":\"ReadAction\",\"target\":[\"https:\\\/\\\/www.accuratereviews.com\\\/it\\\/crm-software-migliori-lista\\\/voiro-recensione\\\/\"]}]},{\"@type\":\"ImageObject\",\"inLanguage\":\"it-IT\",\"@id\":\"https:\\\/\\\/www.accuratereviews.com\\\/it\\\/crm-software-migliori-lista\\\/voiro-recensione\\\/#primaryimage\",\"url\":\"https:\\\/\\\/www.accuratereviews.com\\\/wp-content\\\/uploads\\\/2025\\\/12\\\/voiro.jpeg\",\"contentUrl\":\"https:\\\/\\\/www.accuratereviews.com\\\/wp-content\\\/uploads\\\/2025\\\/12\\\/voiro.jpeg\",\"width\":225,\"height\":225},{\"@type\":\"BreadcrumbList\",\"@id\":\"https:\\\/\\\/www.accuratereviews.com\\\/it\\\/crm-software-migliori-lista\\\/voiro-recensione\\\/#breadcrumb\",\"itemListElement\":[{\"@type\":\"ListItem\",\"position\":1,\"name\":\"Home\",\"item\":\"https:\\\/\\\/www.accuratereviews.com\\\/it\\\/\"},{\"@type\":\"ListItem\",\"position\":2,\"name\":\"CRM: i software migliori\",\"item\":\"https:\\\/\\\/www.accuratereviews.com\\\/it\\\/crm-software-migliori-lista\\\/\"},{\"@type\":\"ListItem\",\"position\":3,\"name\":\"Voiro\"}]},{\"@type\":\"WebSite\",\"@id\":\"https:\\\/\\\/www.accuratereviews.com\\\/it\\\/#website\",\"url\":\"https:\\\/\\\/www.accuratereviews.com\\\/it\\\/\",\"name\":\"Accurate Reviews\",\"description\":\"\",\"potentialAction\":[{\"@type\":\"SearchAction\",\"target\":{\"@type\":\"EntryPoint\",\"urlTemplate\":\"https:\\\/\\\/www.accuratereviews.com\\\/it\\\/?s={search_term_string}\"},\"query-input\":{\"@type\":\"PropertyValueSpecification\",\"valueRequired\":true,\"valueName\":\"search_term_string\"}}],\"inLanguage\":\"it-IT\"}]}<\/script>\n<!-- \/ Yoast SEO plugin. -->","yoast_head_json":{"title":"Voiro: recensione software CRM - Accurate Reviews","description":"Voiro: recensione software CRM che semplifica il lavoro dei team di vendita, operativi e finanziari, rendendoli efficienti e produttivi.","robots":{"index":"index","follow":"follow","max-snippet":"max-snippet:-1","max-image-preview":"max-image-preview:large","max-video-preview":"max-video-preview:-1"},"canonical":"https:\/\/www.accuratereviews.com\/it\/crm-software-migliori-lista\/voiro-recensione\/","og_locale":"it_IT","og_type":"article","og_title":"Voiro: recensione software CRM - Accurate Reviews","og_description":"Voiro: recensione software CRM che semplifica il lavoro dei team di vendita, operativi e finanziari, rendendoli efficienti e produttivi.","og_url":"https:\/\/www.accuratereviews.com\/it\/crm-software-migliori-lista\/voiro-recensione\/","og_site_name":"Accurate Reviews","article_modified_time":"2025-12-10T11:15:24+00:00","og_image":[{"width":225,"height":225,"url":"https:\/\/www.accuratereviews.com\/wp-content\/uploads\/2025\/12\/voiro.jpeg","type":"image\/jpeg"}],"twitter_card":"summary_large_image","twitter_misc":{"Tempo di lettura stimato":"7 minuti"},"schema":{"@context":"https:\/\/schema.org","@graph":[{"@type":"WebPage","@id":"https:\/\/www.accuratereviews.com\/it\/crm-software-migliori-lista\/voiro-recensione\/","url":"https:\/\/www.accuratereviews.com\/it\/crm-software-migliori-lista\/voiro-recensione\/","name":"Voiro: recensione software CRM - Accurate Reviews","isPartOf":{"@id":"https:\/\/www.accuratereviews.com\/it\/#website"},"primaryImageOfPage":{"@id":"https:\/\/www.accuratereviews.com\/it\/crm-software-migliori-lista\/voiro-recensione\/#primaryimage"},"image":{"@id":"https:\/\/www.accuratereviews.com\/it\/crm-software-migliori-lista\/voiro-recensione\/#primaryimage"},"thumbnailUrl":"https:\/\/www.accuratereviews.com\/wp-content\/uploads\/2025\/12\/voiro.jpeg","datePublished":"2025-12-09T17:37:39+00:00","dateModified":"2025-12-10T11:15:24+00:00","description":"Voiro: recensione software CRM che semplifica il lavoro dei team di vendita, operativi e finanziari, rendendoli efficienti e produttivi.","breadcrumb":{"@id":"https:\/\/www.accuratereviews.com\/it\/crm-software-migliori-lista\/voiro-recensione\/#breadcrumb"},"inLanguage":"it-IT","potentialAction":[{"@type":"ReadAction","target":["https:\/\/www.accuratereviews.com\/it\/crm-software-migliori-lista\/voiro-recensione\/"]}]},{"@type":"ImageObject","inLanguage":"it-IT","@id":"https:\/\/www.accuratereviews.com\/it\/crm-software-migliori-lista\/voiro-recensione\/#primaryimage","url":"https:\/\/www.accuratereviews.com\/wp-content\/uploads\/2025\/12\/voiro.jpeg","contentUrl":"https:\/\/www.accuratereviews.com\/wp-content\/uploads\/2025\/12\/voiro.jpeg","width":225,"height":225},{"@type":"BreadcrumbList","@id":"https:\/\/www.accuratereviews.com\/it\/crm-software-migliori-lista\/voiro-recensione\/#breadcrumb","itemListElement":[{"@type":"ListItem","position":1,"name":"Home","item":"https:\/\/www.accuratereviews.com\/it\/"},{"@type":"ListItem","position":2,"name":"CRM: i software migliori","item":"https:\/\/www.accuratereviews.com\/it\/crm-software-migliori-lista\/"},{"@type":"ListItem","position":3,"name":"Voiro"}]},{"@type":"WebSite","@id":"https:\/\/www.accuratereviews.com\/it\/#website","url":"https:\/\/www.accuratereviews.com\/it\/","name":"Accurate Reviews","description":"","potentialAction":[{"@type":"SearchAction","target":{"@type":"EntryPoint","urlTemplate":"https:\/\/www.accuratereviews.com\/it\/?s={search_term_string}"},"query-input":{"@type":"PropertyValueSpecification","valueRequired":true,"valueName":"search_term_string"}}],"inLanguage":"it-IT"}]}},"_links":{"self":[{"href":"https:\/\/www.accuratereviews.com\/it\/wp-json\/wp\/v2\/pages\/105472","targetHints":{"allow":["GET"]}}],"collection":[{"href":"https:\/\/www.accuratereviews.com\/it\/wp-json\/wp\/v2\/pages"}],"about":[{"href":"https:\/\/www.accuratereviews.com\/it\/wp-json\/wp\/v2\/types\/page"}],"author":[{"embeddable":true,"href":"https:\/\/www.accuratereviews.com\/it\/wp-json\/wp\/v2\/users\/19"}],"replies":[{"embeddable":true,"href":"https:\/\/www.accuratereviews.com\/it\/wp-json\/wp\/v2\/comments?post=105472"}],"version-history":[{"count":12,"href":"https:\/\/www.accuratereviews.com\/it\/wp-json\/wp\/v2\/pages\/105472\/revisions"}],"predecessor-version":[{"id":105502,"href":"https:\/\/www.accuratereviews.com\/it\/wp-json\/wp\/v2\/pages\/105472\/revisions\/105502"}],"up":[{"embeddable":true,"href":"https:\/\/www.accuratereviews.com\/it\/wp-json\/wp\/v2\/pages\/5966"}],"wp:featuredmedia":[{"embeddable":true,"href":"https:\/\/www.accuratereviews.com\/it\/wp-json\/wp\/v2\/media\/105473"}],"wp:attachment":[{"href":"https:\/\/www.accuratereviews.com\/it\/wp-json\/wp\/v2\/media?parent=105472"}],"wp:term":[{"taxonomy":"category","embeddable":true,"href":"https:\/\/www.accuratereviews.com\/it\/wp-json\/wp\/v2\/categories?post=105472"},{"taxonomy":"post_tag","embeddable":true,"href":"https:\/\/www.accuratereviews.com\/it\/wp-json\/wp\/v2\/tags?post=105472"},{"taxonomy":"features","embeddable":true,"href":"https:\/\/www.accuratereviews.com\/it\/wp-json\/wp\/v2\/features?post=105472"}],"curies":[{"name":"wp","href":"https:\/\/api.w.org\/{rel}","templated":true}]}}