{"id":105491,"date":"2025-12-10T21:53:50","date_gmt":"2025-12-10T21:53:50","guid":{"rendered":"https:\/\/www.accuratereviews.com\/?page_id=105491"},"modified":"2025-12-10T21:53:50","modified_gmt":"2025-12-10T21:53:50","slug":"chatabox-recensione","status":"publish","type":"page","link":"https:\/\/www.accuratereviews.com\/it\/crm-software-migliori-lista\/chatabox-recensione\/","title":{"rendered":"Chatabox"},"content":{"rendered":"<p><strong>Chatabox<\/strong> \u00e8 una<strong> soluzione di gestione delle relazioni con i clienti<\/strong> (CRM) intuitiva e altamente scalabile. \u00c8 dotata di funzionalit\u00e0 di automazione per supportare la gestione dei contatti, la gestione dei clienti, la struttura dei clienti e i profili di investimento. Dashboard di reporting personalizzabili e offre la possibilit\u00e0 di svolgere attivit\u00e0 di gestione delle attivit\u00e0 per i clienti, come l&#8217;aggiornamento dei dati di contatto, la creazione di campagne di marketing, l&#8217;aggiunta di appuntamenti, il monitoraggio delle vendite, pagamenti e incassi, preventivi e proposte, fatturazione e altro ancora, il tutto tramite un&#8217;unica posizione centralizzata. <strong>Chatabox<\/strong> aiuta inoltre gli utenti a creare e condividere pi\u00f9 progetti con i team e ad aggiungere note pubbliche e private, moduli personalizzabili, modelli e report predefiniti, sincronizzazione dei dati, <strong>un&#8217;interfaccia drag-and-drop<\/strong>, importazione dati, registri di controllo, database clienti, gestione delle fatture, firme elettroniche e altro ancora.<\/p>\n<h2>CHATABOX &#8211; TUTORIAL<\/h2>\n<div id=\"fluid-wrapper-counter-1\" class=\"g1-fluid-wrapper \" style=\"width:686px;\">\n<div style=\"padding-bottom:56.268221574344%;\"><iframe loading=\"lazy\" title=\"Adding leads to a Chatabox campaign\" width=\"686\" height=\"386\" src=\"https:\/\/www.youtube.com\/embed\/u1t9Vm8U0Sc?feature=oembed&amp;wmode=transparent&amp;autohide=1&amp;autoplay=0&amp;disablekb=0&amp;fs=1&amp;loop=0&amp;enablejsapi=1&amp;rel=0&amp;controls=2&amp;showinfo=0&amp;wmode=transparent&amp;autohide=2&amp;autoplay=0&amp;disablekb=0&amp;fs=1&amp;loop=0&amp;enablejsapi=1&amp;rel=0&amp;controls=2&amp;showinfo=1\" frameborder=\"0\" allow=\"accelerometer; autoplay; clipboard-write; encrypted-media; gyroscope; picture-in-picture; web-share\" referrerpolicy=\"strict-origin-when-cross-origin\" allowfullscreen><\/iframe><\/div>\n<\/div>\n<h3>CHATABOX &#8211; CARATTERISTICHE<\/h3>\n<ul>\n<li><strong>Gestione contatti e lead<\/strong>: un database centralizzato per monitorare i dettagli dei clienti, le interazioni, i lead di vendita e accompagnare i potenziali clienti lungo il funnel di vendita.<\/li>\n<li><strong>Strumenti finanziari:<\/strong> crea e invia preventivi, proposte e fatture direttamente dalla piattaforma per gestire l&#8217;intero ciclo di vendita.<\/li>\n<li><strong>Gestione documenti<\/strong>: archivia, condividi e organizza i file in modo sicuro con controlli di accesso e funzionalit\u00e0 di firma elettronica, molto apprezzate nei settori incentrati sulla conformit\u00e0.<\/li>\n<li><strong>Automazione del flusso di lavoro<\/strong>: flussi di lavoro personalizzabili per automatizzare le attivit\u00e0 ripetitive e ridurre l&#8217;inserimento manuale dei dati.<\/li>\n<li><strong>Reporting e analisi:<\/strong> dashboard personalizzabili con report visivi su dati di vendita, attivit\u00e0 del team e stato del progetto per decisioni basate sui dati.<\/li>\n<li><strong>Integrazioni<\/strong>: collegamenti con strumenti come Mailchimp, Google Calendar e Outlook per semplificare le attivit\u00e0.<\/li>\n<li><strong>Accesso mobile<\/strong>: consente agli utenti di accedere alla piattaforma tramite dispositivi mobili.<\/li>\n<\/ul>\n<h4>LE RECENSIONI DEGLI UTENTI<\/h4>\n<div class=\"mb-3 mb-lg-4\">\n<div class=\"fs-4 lh-2 text-neutral-99\"><strong>Nurul Salimah &#8220;Chatabox \u00e8 una delle migliori opzioni CRM&#8221;<\/strong><br \/>\n\u00c8 un ottimo software CRM che ci ha aiutato a gestire i nostri lead e i clienti attuali.<br \/>\n<strong>Pro<\/strong>: questa \u00e8 l&#8217;opzione pi\u00f9 conveniente. Ha un&#8217;interfaccia utente dal design accattivante e un software piuttosto intuitivo, che lo rende incredibilmente facile da padroneggiare anche per i nuovi dipendenti. Offre un&#8217;ampia gamma di personalizzazioni per soddisfare le esigenze della maggior parte delle piccole e medie imprese. Ci aiuta sicuramente a monitorare i nostri potenziali clienti per continuare a guidarli verso il funnel di vendita, convertendoli in clienti effettivi. E poi ci aiuta a gestire con successo queste connessioni.<br \/>\n<strong>Contro<\/strong>: ho scoperto che \u00e8 necessario migliorare il monitoraggio dei lead durante il passaggio da una conversazione all&#8217;altra prima di concludere una vendita. Stiamo cercando di individuare l&#8217;approccio migliore per monitorare tali informazioni e credo che sia necessario introdurre qualcosa che possa facilitare questo processo.<\/div>\n<div><\/div>\n<div class=\"fs-4 lh-2 text-neutral-99\"><strong>Mardi &#8220;Un CRM davvero efficace!&#8221;<\/strong><br \/>\nUn&#8217;interfaccia semplice e pulita, pronta all&#8217;uso e con il minimo sforzo di configurazione. Risparmia tempo e offre un ottimo rapporto qualit\u00e0-prezzo.<br \/>\n<strong>Pro<\/strong>: utilizzabile subito: richiede una configurazione minima, pi\u00f9 strumenti correlati di conformit\u00e0, pagamenti e reporting: un&#8217;unica fonte di dati attendibili e nessuna codifica richiesta.<br \/>\n<strong>Contro<\/strong>: sarebbe fantastico se potessi pianificare le attivit\u00e0 ricorrenti.<\/div>\n<div><\/div>\n<div class=\"fs-4 lh-2 text-neutral-99\"><strong>Marc &#8220;Uno strumento efficace ed efficiente&#8221;<\/strong><br \/>\n<strong>Pro<\/strong>: i concetti base su come utilizzare questa piattaforma sono facili da comprendere anche per chi non ha esperienza. Una piattaforma perfetta per grandi e piccole imprese, in quanto consente un&#8217;ampia personalizzazione.<br \/>\n<strong>Contro<\/strong>: beh, non c&#8217;\u00e8 molto che non vada in Chatabox, poich\u00e9 \u00e8 una soluzione aziendale completa per il nostro uso quotidiano\/settimanale.<\/div>\n<\/div>\n","protected":false},"excerpt":{"rendered":"<p>Chatabox \u00e8 una soluzione di gestione delle relazioni con i clienti (CRM) intuitiva e altamente scalabile. \u00c8 dotata di funzionalit\u00e0 di automazione per supportare la gestione dei contatti, la gestione dei clienti, la struttura dei clienti e i profili di investimento. Dashboard di reporting personalizzabili e offre la possibilit\u00e0 di svolgere attivit\u00e0 di gestione delle attivit\u00e0 per i clienti.<\/p>\n","protected":false},"author":19,"featured_media":105494,"parent":5966,"menu_order":0,"comment_status":"open","ping_status":"closed","template":"g1_template_page_review_new.php","meta":{"_acf_changed":false,"cwp_meta_box_check":"Yes","cwp_rev_product_name":"","cwp_rev_product_image":"","wppr_links":[],"cwp_rev_price":"0.00","wppr_options":[{"name":"Usability","value":"0"},{"name":"Speed","value":"0"},{"name":"Features","value":"0"},{"name":"Support","value":"0"},{"name":"Pricing","value":"0"}],"wppr_pros":["","","","",""],"wppr_cons":["","","","",""],"_monsterinsights_skip_tracking":false,"_monsterinsights_sitenote_active":false,"_monsterinsights_sitenote_note":"","_monsterinsights_sitenote_category":0,"footnotes":""},"categories":[120],"tags":[16793,1835,10875,10761,10765],"features":[],"class_list":{"0":"post-105491","1":"page","2":"type-page","3":"status-publish","4":"has-post-thumbnail","6":"category-crm-it","7":"tag-chatabox","8":"tag-crm-2-it","9":"tag-crm-piattaforma","10":"tag-crm-software-2-it","11":"tag-crm-soluzione"},"wppr_data":{"cwp_meta_box_check":"Yes","_wppr_review_template":"default","cwp_rev_product_image":"","cwp_image_link":"image","wppr_links":[],"cwp_rev_price":"0.00","wppr_pros":["","","","",""],"wppr_cons":["","","","",""],"wppr_rating":"0.00","wppr_options":{"1":{"name":"Usability","value":"0"},"2":{"name":"Speed","value":"0"},"3":{"name":"Features","value":"0"},"4":{"name":"Support","value":"0"},"5":{"name":"Pricing","value":"0"}},"wppr_review_type":"Product","wppr_review_custom_fields":{"additionalProperty":"","additionalType":"","aggregateRating":"","alternateName":"","audience":"","award":"","awards":"","brand":"","color":"","depth":"","description":"","disambiguatingDescription":"","gtin12":"","gtin13":"","gtin14":"","gtin8":"","height":"","identifier":"","image":"","isAccessoryOrSparePartFor":"","isConsumableFor":"","isRelatedTo":"","isSimilarTo":"","itemCondition":"","logo":"","mainEntityOfPage":"","manufacturer":"","material":"","model":"","mpn":"","name":"","offers":"","potentialAction":"","productID":"","productionDate":"","purchaseDate":"","releaseDate":"","review":"","reviews":"","sameAs":"","sku":"","slogan":"","subjectOf":"","url":"","weight":"","width":""}},"acf":[],"yoast_head":"<!-- This site is optimized with the Yoast SEO plugin v27.4 - https:\/\/yoast.com\/product\/yoast-seo-wordpress\/ -->\n<title>Chatabox: recensione software CRM - Accurate Reviews<\/title>\n<meta name=\"description\" content=\"Chatabox: recensione soluzione di gestione delle relazioni con i clienti (CRM) intuitiva e altamente scalabile.\" \/>\n<meta name=\"robots\" content=\"index, follow, max-snippet:-1, max-image-preview:large, max-video-preview:-1\" \/>\n<link rel=\"canonical\" href=\"https:\/\/www.accuratereviews.com\/it\/crm-software-migliori-lista\/chatabox-recensione\/\" \/>\n<meta property=\"og:locale\" content=\"it_IT\" \/>\n<meta property=\"og:type\" content=\"article\" \/>\n<meta property=\"og:title\" content=\"Chatabox: recensione software CRM - Accurate Reviews\" \/>\n<meta property=\"og:description\" content=\"Chatabox: recensione soluzione di gestione delle relazioni con i clienti (CRM) intuitiva e altamente scalabile.\" \/>\n<meta property=\"og:url\" content=\"https:\/\/www.accuratereviews.com\/it\/crm-software-migliori-lista\/chatabox-recensione\/\" \/>\n<meta property=\"og:site_name\" content=\"Accurate Reviews\" \/>\n<meta name=\"twitter:card\" content=\"summary_large_image\" \/>\n<meta name=\"twitter:label1\" content=\"Tempo di lettura stimato\" \/>\n\t<meta name=\"twitter:data1\" content=\"4 minuti\" \/>\n<script type=\"application\/ld+json\" class=\"yoast-schema-graph\">{\"@context\":\"https:\\\/\\\/schema.org\",\"@graph\":[{\"@type\":\"WebPage\",\"@id\":\"https:\\\/\\\/www.accuratereviews.com\\\/it\\\/crm-software-migliori-lista\\\/chatabox-recensione\\\/\",\"url\":\"https:\\\/\\\/www.accuratereviews.com\\\/it\\\/crm-software-migliori-lista\\\/chatabox-recensione\\\/\",\"name\":\"Chatabox: recensione software CRM - Accurate Reviews\",\"isPartOf\":{\"@id\":\"https:\\\/\\\/www.accuratereviews.com\\\/it\\\/#website\"},\"primaryImageOfPage\":{\"@id\":\"https:\\\/\\\/www.accuratereviews.com\\\/it\\\/crm-software-migliori-lista\\\/chatabox-recensione\\\/#primaryimage\"},\"image\":{\"@id\":\"https:\\\/\\\/www.accuratereviews.com\\\/it\\\/crm-software-migliori-lista\\\/chatabox-recensione\\\/#primaryimage\"},\"thumbnailUrl\":\"https:\\\/\\\/www.accuratereviews.com\\\/wp-content\\\/uploads\\\/2025\\\/12\\\/Chatabox.avif\",\"datePublished\":\"2025-12-10T21:53:50+00:00\",\"description\":\"Chatabox: recensione soluzione di gestione delle relazioni con i clienti (CRM) intuitiva e altamente scalabile.\",\"breadcrumb\":{\"@id\":\"https:\\\/\\\/www.accuratereviews.com\\\/it\\\/crm-software-migliori-lista\\\/chatabox-recensione\\\/#breadcrumb\"},\"inLanguage\":\"it-IT\",\"potentialAction\":[{\"@type\":\"ReadAction\",\"target\":[\"https:\\\/\\\/www.accuratereviews.com\\\/it\\\/crm-software-migliori-lista\\\/chatabox-recensione\\\/\"]}]},{\"@type\":\"ImageObject\",\"inLanguage\":\"it-IT\",\"@id\":\"https:\\\/\\\/www.accuratereviews.com\\\/it\\\/crm-software-migliori-lista\\\/chatabox-recensione\\\/#primaryimage\",\"url\":\"https:\\\/\\\/www.accuratereviews.com\\\/wp-content\\\/uploads\\\/2025\\\/12\\\/Chatabox.avif\",\"contentUrl\":\"https:\\\/\\\/www.accuratereviews.com\\\/wp-content\\\/uploads\\\/2025\\\/12\\\/Chatabox.avif\",\"width\":256,\"height\":249},{\"@type\":\"BreadcrumbList\",\"@id\":\"https:\\\/\\\/www.accuratereviews.com\\\/it\\\/crm-software-migliori-lista\\\/chatabox-recensione\\\/#breadcrumb\",\"itemListElement\":[{\"@type\":\"ListItem\",\"position\":1,\"name\":\"Home\",\"item\":\"https:\\\/\\\/www.accuratereviews.com\\\/it\\\/\"},{\"@type\":\"ListItem\",\"position\":2,\"name\":\"CRM: i software migliori\",\"item\":\"https:\\\/\\\/www.accuratereviews.com\\\/it\\\/crm-software-migliori-lista\\\/\"},{\"@type\":\"ListItem\",\"position\":3,\"name\":\"Chatabox\"}]},{\"@type\":\"WebSite\",\"@id\":\"https:\\\/\\\/www.accuratereviews.com\\\/it\\\/#website\",\"url\":\"https:\\\/\\\/www.accuratereviews.com\\\/it\\\/\",\"name\":\"Accurate Reviews\",\"description\":\"\",\"potentialAction\":[{\"@type\":\"SearchAction\",\"target\":{\"@type\":\"EntryPoint\",\"urlTemplate\":\"https:\\\/\\\/www.accuratereviews.com\\\/it\\\/?s={search_term_string}\"},\"query-input\":{\"@type\":\"PropertyValueSpecification\",\"valueRequired\":true,\"valueName\":\"search_term_string\"}}],\"inLanguage\":\"it-IT\"}]}<\/script>\n<!-- \/ Yoast SEO plugin. -->","yoast_head_json":{"title":"Chatabox: recensione software CRM - Accurate Reviews","description":"Chatabox: recensione soluzione di gestione delle relazioni con i clienti (CRM) intuitiva e altamente scalabile.","robots":{"index":"index","follow":"follow","max-snippet":"max-snippet:-1","max-image-preview":"max-image-preview:large","max-video-preview":"max-video-preview:-1"},"canonical":"https:\/\/www.accuratereviews.com\/it\/crm-software-migliori-lista\/chatabox-recensione\/","og_locale":"it_IT","og_type":"article","og_title":"Chatabox: recensione software CRM - Accurate Reviews","og_description":"Chatabox: recensione soluzione di gestione delle relazioni con i clienti (CRM) intuitiva e altamente scalabile.","og_url":"https:\/\/www.accuratereviews.com\/it\/crm-software-migliori-lista\/chatabox-recensione\/","og_site_name":"Accurate Reviews","twitter_card":"summary_large_image","twitter_misc":{"Tempo di lettura stimato":"4 minuti"},"schema":{"@context":"https:\/\/schema.org","@graph":[{"@type":"WebPage","@id":"https:\/\/www.accuratereviews.com\/it\/crm-software-migliori-lista\/chatabox-recensione\/","url":"https:\/\/www.accuratereviews.com\/it\/crm-software-migliori-lista\/chatabox-recensione\/","name":"Chatabox: recensione software CRM - Accurate Reviews","isPartOf":{"@id":"https:\/\/www.accuratereviews.com\/it\/#website"},"primaryImageOfPage":{"@id":"https:\/\/www.accuratereviews.com\/it\/crm-software-migliori-lista\/chatabox-recensione\/#primaryimage"},"image":{"@id":"https:\/\/www.accuratereviews.com\/it\/crm-software-migliori-lista\/chatabox-recensione\/#primaryimage"},"thumbnailUrl":"https:\/\/www.accuratereviews.com\/wp-content\/uploads\/2025\/12\/Chatabox.avif","datePublished":"2025-12-10T21:53:50+00:00","description":"Chatabox: recensione soluzione di gestione delle relazioni con i clienti (CRM) intuitiva e altamente scalabile.","breadcrumb":{"@id":"https:\/\/www.accuratereviews.com\/it\/crm-software-migliori-lista\/chatabox-recensione\/#breadcrumb"},"inLanguage":"it-IT","potentialAction":[{"@type":"ReadAction","target":["https:\/\/www.accuratereviews.com\/it\/crm-software-migliori-lista\/chatabox-recensione\/"]}]},{"@type":"ImageObject","inLanguage":"it-IT","@id":"https:\/\/www.accuratereviews.com\/it\/crm-software-migliori-lista\/chatabox-recensione\/#primaryimage","url":"https:\/\/www.accuratereviews.com\/wp-content\/uploads\/2025\/12\/Chatabox.avif","contentUrl":"https:\/\/www.accuratereviews.com\/wp-content\/uploads\/2025\/12\/Chatabox.avif","width":256,"height":249},{"@type":"BreadcrumbList","@id":"https:\/\/www.accuratereviews.com\/it\/crm-software-migliori-lista\/chatabox-recensione\/#breadcrumb","itemListElement":[{"@type":"ListItem","position":1,"name":"Home","item":"https:\/\/www.accuratereviews.com\/it\/"},{"@type":"ListItem","position":2,"name":"CRM: i software migliori","item":"https:\/\/www.accuratereviews.com\/it\/crm-software-migliori-lista\/"},{"@type":"ListItem","position":3,"name":"Chatabox"}]},{"@type":"WebSite","@id":"https:\/\/www.accuratereviews.com\/it\/#website","url":"https:\/\/www.accuratereviews.com\/it\/","name":"Accurate Reviews","description":"","potentialAction":[{"@type":"SearchAction","target":{"@type":"EntryPoint","urlTemplate":"https:\/\/www.accuratereviews.com\/it\/?s={search_term_string}"},"query-input":{"@type":"PropertyValueSpecification","valueRequired":true,"valueName":"search_term_string"}}],"inLanguage":"it-IT"}]}},"_links":{"self":[{"href":"https:\/\/www.accuratereviews.com\/it\/wp-json\/wp\/v2\/pages\/105491","targetHints":{"allow":["GET"]}}],"collection":[{"href":"https:\/\/www.accuratereviews.com\/it\/wp-json\/wp\/v2\/pages"}],"about":[{"href":"https:\/\/www.accuratereviews.com\/it\/wp-json\/wp\/v2\/types\/page"}],"author":[{"embeddable":true,"href":"https:\/\/www.accuratereviews.com\/it\/wp-json\/wp\/v2\/users\/19"}],"replies":[{"embeddable":true,"href":"https:\/\/www.accuratereviews.com\/it\/wp-json\/wp\/v2\/comments?post=105491"}],"version-history":[{"count":8,"href":"https:\/\/www.accuratereviews.com\/it\/wp-json\/wp\/v2\/pages\/105491\/revisions"}],"predecessor-version":[{"id":105506,"href":"https:\/\/www.accuratereviews.com\/it\/wp-json\/wp\/v2\/pages\/105491\/revisions\/105506"}],"up":[{"embeddable":true,"href":"https:\/\/www.accuratereviews.com\/it\/wp-json\/wp\/v2\/pages\/5966"}],"wp:featuredmedia":[{"embeddable":true,"href":"https:\/\/www.accuratereviews.com\/it\/wp-json\/wp\/v2\/media\/105494"}],"wp:attachment":[{"href":"https:\/\/www.accuratereviews.com\/it\/wp-json\/wp\/v2\/media?parent=105491"}],"wp:term":[{"taxonomy":"category","embeddable":true,"href":"https:\/\/www.accuratereviews.com\/it\/wp-json\/wp\/v2\/categories?post=105491"},{"taxonomy":"post_tag","embeddable":true,"href":"https:\/\/www.accuratereviews.com\/it\/wp-json\/wp\/v2\/tags?post=105491"},{"taxonomy":"features","embeddable":true,"href":"https:\/\/www.accuratereviews.com\/it\/wp-json\/wp\/v2\/features?post=105491"}],"curies":[{"name":"wp","href":"https:\/\/api.w.org\/{rel}","templated":true}]}}