{"id":105507,"date":"2025-12-12T19:18:58","date_gmt":"2025-12-12T19:18:58","guid":{"rendered":"https:\/\/www.accuratereviews.com\/?page_id=105507"},"modified":"2025-12-16T17:55:37","modified_gmt":"2025-12-16T17:55:37","slug":"ekmob-recensione","status":"publish","type":"page","link":"https:\/\/www.accuratereviews.com\/it\/crm-software-migliori-lista\/ekmob-recensione\/","title":{"rendered":"Ekmob"},"content":{"rendered":"<p><strong>Ekmob<\/strong> \u00e8 una<strong> soluzione di gestione dei servizi sul campo<\/strong> che aiuta le aziende a gestire team, comunicazioni, prestazioni, clienti e altro ancora utilizzando dati in tempo reale. La piattaforma \u00e8 dotata di una funzionalit\u00e0 di pianificazione, che consente di dare priorit\u00e0 alle richieste dei clienti, pianificare le visite e seguire i lead per migliorare le operazioni di vendita. Permette ai professionisti di progettare moduli personalizzati per l&#8217;acquisizione e il caricamento di dati o immagini sul campo e di creare flussi di lavoro personalizzati per semplificare i processi, inclusi audit, valutazioni e analisi della concorrenza. Offre numerose funzionalit\u00e0 come l&#8217;importazione di dati, l&#8217;accesso offline, le certificazioni ISO\/OHSAS, la gestione dei lead, applicazioni mobili e altro ancora. Lo strumento del monitoraggio della geolocalizzazione permette agli utenti di ottenere visibilit\u00e0 sulle attivit\u00e0 in loco, monitorare le visite tramite una mappa e confermare lo stato delle attivit\u00e0.<a href=\"https:\/\/www.accuratereviews.com\/wp-content\/uploads\/2025\/12\/Screenshot-2025-12-11-alle-10.28.46-scaled.png\"><img loading=\"lazy\" decoding=\"async\" class=\"aligncenter wp-image-105516 size-full\" src=\"https:\/\/www.accuratereviews.com\/wp-content\/uploads\/2025\/12\/Screenshot-2025-12-11-alle-10.28.46-scaled.png\" alt=\"\" width=\"2560\" height=\"1101\" srcset=\"https:\/\/www.accuratereviews.com\/wp-content\/uploads\/2025\/12\/Screenshot-2025-12-11-alle-10.28.46-scaled.png 2560w, https:\/\/www.accuratereviews.com\/wp-content\/uploads\/2025\/12\/Screenshot-2025-12-11-alle-10.28.46-300x129.png 300w, https:\/\/www.accuratereviews.com\/wp-content\/uploads\/2025\/12\/Screenshot-2025-12-11-alle-10.28.46-1024x441.png 1024w, https:\/\/www.accuratereviews.com\/wp-content\/uploads\/2025\/12\/Screenshot-2025-12-11-alle-10.28.46-768x330.png 768w, https:\/\/www.accuratereviews.com\/wp-content\/uploads\/2025\/12\/Screenshot-2025-12-11-alle-10.28.46-1536x661.png 1536w, https:\/\/www.accuratereviews.com\/wp-content\/uploads\/2025\/12\/Screenshot-2025-12-11-alle-10.28.46-2048x881.png 2048w, https:\/\/www.accuratereviews.com\/wp-content\/uploads\/2025\/12\/Screenshot-2025-12-11-alle-10.28.46-50x22.png 50w, https:\/\/www.accuratereviews.com\/wp-content\/uploads\/2025\/12\/Screenshot-2025-12-11-alle-10.28.46-260x112.png 260w, https:\/\/www.accuratereviews.com\/wp-content\/uploads\/2025\/12\/Screenshot-2025-12-11-alle-10.28.46-968x416.png 968w, https:\/\/www.accuratereviews.com\/wp-content\/uploads\/2025\/12\/Screenshot-2025-12-11-alle-10.28.46-636x274.png 636w, https:\/\/www.accuratereviews.com\/wp-content\/uploads\/2025\/12\/Screenshot-2025-12-11-alle-10.28.46-320x138.png 320w, https:\/\/www.accuratereviews.com\/wp-content\/uploads\/2025\/12\/Screenshot-2025-12-11-alle-10.28.46-239x103.png 239w\" sizes=\"auto, (max-width: 2560px) 100vw, 2560px\" \/><\/a><\/p>\n<h2>EKMOB &#8211; CARATTERISTICHE<\/h2>\n<ul>\n<li><strong>Generazione di contenuti basata sull&#8217;intelligenza artificiale:<\/strong> crea descrizioni, titoli e metadati di prodotto ottimizzati per la SEO.<\/li>\n<li><strong>Automazione SEO<\/strong>: aggiorna automaticamente le pagine prodotto con parole chiave di tendenza e ottimizza per gli algoritmi.<\/li>\n<li><strong>Gestione dei dati:<\/strong> centralizza e sincronizza le informazioni sui prodotti, gestendo specifiche tecniche e design.<\/li>\n<li><strong>Analisi delle prestazioni:<\/strong> offre dashboard per informazioni in tempo reale, monitoraggio delle conversioni e monitoraggio del ROI.<\/li>\n<li><strong>Integrazione:<\/strong> si collega alle principali piattaforme di e-commerce (Shopify, WooCommerce) e CMS.<\/li>\n<li><strong>Conversioni pi\u00f9 elevate:<\/strong> le pagine prodotto ottimizzate portano a un aumento del coinvolgimento e delle vendite.<\/li>\n<li><strong>Aumento del traffico organico<\/strong>: una migliore visibilit\u00e0 SEO porta pi\u00f9 visitatori senza pubblicit\u00e0 a pagamento.<\/li>\n<li><strong>Costi ridotti:<\/strong> genera traffico organico, riducendo i costi di acquisizione clienti.<\/li>\n<li><strong>Scalabilit\u00e0:<\/strong> una solida piattaforma SaaS che cresce con la tua attivit\u00e0.<\/li>\n<li><strong>Decisioni basate sui dati:<\/strong> utilizza analisi e intelligenza artificiale per strategie informate.<\/li>\n<\/ul>\n<h3>LE RECENSIONI DEGLI UTENTI<\/h3>\n<p><strong>Ali R\u0131za &#8220;Software efficiente per la gestione del team&#8221;<\/strong><br \/>\nMolto bene<br \/>\n<strong>Pro<\/strong>: soluzione SaaS reale con applicazione facile da usare per tutti i tipi di dispositivi mobili<br \/>\n<strong>Contro<\/strong>: integrazioni con tutti i backend esistenti ma si sta sviluppando rapidamente<\/p>\n<p><strong>Yulia &#8220;Aumento della qualit\u00e0&#8221;<\/strong><br \/>\nL&#8217;onboarding \u00e8 stato rapido e puntuale. Ci hanno informato su ogni passaggio. Hanno cambiato il rappresentante del servizio clienti durante il <strong>viaggio,<\/strong> ma \u00e8 andato tutto bene.<br \/>\n<strong>Pro<\/strong>: le attivit\u00e0 sono diventate pi\u00f9 visibili per noi, cos\u00ec abbiamo potuto iniziare a monitorare pi\u00f9 da vicino il personale sul campo. Ci\u00f2 ci ha anche portato una riduzione dei costi, poich\u00e9 abbiamo potuto razionalizzare il nostro personale e il loro tempo dedicato ad attivit\u00e0 che generano entrate.<br \/>\n<strong>Contro<\/strong>: il numero di integrazioni potrebbe essere pi\u00f9 alto. Ci hanno detto che ci stanno lavorando, ma credo che il mondo di oggi ci dica che le integrazioni semplificano la vita, quindi \u00e8 meglio che siano rapidi.<\/p>\n<p><strong>Bilgin &#8220;Esperienza Ekmob&#8221;<\/strong><br \/>\nPrima di EKMOB, prendevamo decisioni istintivamente. Voglio dire, chiamavamo il venditore e raccoglievamo quante pi\u00f9 informazioni possibile finch\u00e9 non ne avevamo abbastanza :) Questo metodo richiedeva molto tempo e impegno. In fin dei conti, non era ancora maturo per l&#8217;azienda. Ora raccogliamo tutti i report sulle visite e sulle attivit\u00e0 da EKMOB e il report sulle vendite combinato, e possiamo vedere il rapporto impegno\/vendite. Inoltre, possiamo riprogettare le nostre operazioni e strategie di vendita con il report EKMOB. A seconda della strategia, possiamo generare molti tipi diversi di report.<br \/>\n<strong>Pro<\/strong>: quando ho incontrato EKMOB per la prima volta, le mie pi\u00f9 grandi aspettative erano: &#8211; Facilit\u00e0 d&#8217;uso &#8211; Essenzialit\u00e0 &#8211; Durevole Tutte queste tre aspettative si sono sposate con EKMOB e, a nome del mio team, posso dire che siamo molto felici di aver incontrato EKMOB. Ogni team che entra in contatto con i clienti al di fuori dell&#8217;ufficio dovrebbe utilizzare EKMOB.<br \/>\n<strong>Contro<\/strong>: creazione e personalizzazione di moduli. La creazione di moduli \u00e8 una soluzione concreta quando hai bisogno di informazioni specifiche dal campo.<\/p>\n","protected":false},"excerpt":{"rendered":"<p>Ekmob \u00e8 una soluzione di gestione dei servizi sul campo che aiuta le aziende a gestire team, comunicazioni, prestazioni, clienti e altro ancora utilizzando dati in tempo reale. La piattaforma \u00e8 dotata di una funzionalit\u00e0 di pianificazione, che consente di dare priorit\u00e0 alle richieste dei clienti, pianificare le visite e seguire i lead per migliorare le operazioni di vendita. Permette<\/p>\n","protected":false},"author":19,"featured_media":105509,"parent":5966,"menu_order":0,"comment_status":"open","ping_status":"closed","template":"g1_template_page_review_new.php","meta":{"_acf_changed":false,"cwp_meta_box_check":"Yes","cwp_rev_product_name":"","cwp_rev_product_image":"","wppr_links":[],"cwp_rev_price":"0.00","wppr_options":[{"name":"Usability","value":"0"},{"name":"Speed","value":"0"},{"name":"Features","value":"0"},{"name":"Support","value":"0"},{"name":"Pricing","value":"0"}],"wppr_pros":["","","","",""],"wppr_cons":["","","","",""],"_monsterinsights_skip_tracking":false,"_monsterinsights_sitenote_active":false,"_monsterinsights_sitenote_note":"","_monsterinsights_sitenote_category":0,"footnotes":""},"categories":[120],"tags":[1835,16794,4080,427,1837,1239],"features":[],"class_list":{"0":"post-105507","1":"page","2":"type-page","3":"status-publish","4":"has-post-thumbnail","6":"category-crm-it","7":"tag-crm-2-it","8":"tag-ekmob","9":"tag-piattaforma-crm","10":"tag-programma-crm","11":"tag-software-crm-2-it","12":"tag-soluzione-crm"},"wppr_data":{"cwp_meta_box_check":"Yes","_wppr_review_template":"default","cwp_rev_product_image":"","cwp_image_link":"image","wppr_links":[],"cwp_rev_price":"0.00","wppr_pros":["","","","",""],"wppr_cons":["","","","",""],"wppr_rating":"0.00","wppr_options":{"1":{"name":"Usability","value":"0"},"2":{"name":"Speed","value":"0"},"3":{"name":"Features","value":"0"},"4":{"name":"Support","value":"0"},"5":{"name":"Pricing","value":"0"}},"wppr_review_type":"Product","wppr_review_custom_fields":{"additionalProperty":"","additionalType":"","aggregateRating":"","alternateName":"","audience":"","award":"","awards":"","brand":"","color":"","depth":"","description":"","disambiguatingDescription":"","gtin12":"","gtin13":"","gtin14":"","gtin8":"","height":"","identifier":"","image":"","isAccessoryOrSparePartFor":"","isConsumableFor":"","isRelatedTo":"","isSimilarTo":"","itemCondition":"","logo":"","mainEntityOfPage":"","manufacturer":"","material":"","model":"","mpn":"","name":"","offers":"","potentialAction":"","productID":"","productionDate":"","purchaseDate":"","releaseDate":"","review":"","reviews":"","sameAs":"","sku":"","slogan":"","subjectOf":"","url":"","weight":"","width":""}},"acf":[],"yoast_head":"<!-- This site is optimized with the Yoast SEO plugin v27.4 - https:\/\/yoast.com\/product\/yoast-seo-wordpress\/ -->\n<title>Ekmob: recensione software CRM - Accurate Reviews<\/title>\n<meta name=\"description\" content=\"Ekmob: recensione soluzione di gestione dei servizi sul campo che aiuta a gestire team, comunicazioni, prestazioni, clienti e altro ancora.\" \/>\n<meta name=\"robots\" content=\"index, follow, max-snippet:-1, max-image-preview:large, max-video-preview:-1\" \/>\n<link rel=\"canonical\" href=\"https:\/\/www.accuratereviews.com\/it\/crm-software-migliori-lista\/ekmob-recensione\/\" \/>\n<meta property=\"og:locale\" content=\"it_IT\" \/>\n<meta property=\"og:type\" content=\"article\" \/>\n<meta property=\"og:title\" content=\"Ekmob: recensione software CRM - Accurate Reviews\" \/>\n<meta property=\"og:description\" content=\"Ekmob: recensione soluzione di gestione dei servizi sul campo che aiuta a gestire team, comunicazioni, prestazioni, clienti e altro ancora.\" \/>\n<meta property=\"og:url\" content=\"https:\/\/www.accuratereviews.com\/it\/crm-software-migliori-lista\/ekmob-recensione\/\" \/>\n<meta property=\"og:site_name\" content=\"Accurate Reviews\" \/>\n<meta property=\"article:modified_time\" content=\"2025-12-16T17:55:37+00:00\" \/>\n<meta property=\"og:image\" content=\"https:\/\/www.accuratereviews.com\/wp-content\/uploads\/2025\/12\/Ekmob.jpg\" \/>\n\t<meta property=\"og:image:width\" content=\"442\" \/>\n\t<meta property=\"og:image:height\" content=\"316\" \/>\n\t<meta property=\"og:image:type\" content=\"image\/jpeg\" \/>\n<meta name=\"twitter:card\" content=\"summary_large_image\" \/>\n<meta name=\"twitter:label1\" content=\"Tempo di lettura stimato\" \/>\n\t<meta name=\"twitter:data1\" content=\"5 minuti\" \/>\n<script type=\"application\/ld+json\" class=\"yoast-schema-graph\">{\"@context\":\"https:\\\/\\\/schema.org\",\"@graph\":[{\"@type\":\"WebPage\",\"@id\":\"https:\\\/\\\/www.accuratereviews.com\\\/it\\\/crm-software-migliori-lista\\\/ekmob-recensione\\\/\",\"url\":\"https:\\\/\\\/www.accuratereviews.com\\\/it\\\/crm-software-migliori-lista\\\/ekmob-recensione\\\/\",\"name\":\"Ekmob: recensione software CRM - Accurate Reviews\",\"isPartOf\":{\"@id\":\"https:\\\/\\\/www.accuratereviews.com\\\/it\\\/#website\"},\"primaryImageOfPage\":{\"@id\":\"https:\\\/\\\/www.accuratereviews.com\\\/it\\\/crm-software-migliori-lista\\\/ekmob-recensione\\\/#primaryimage\"},\"image\":{\"@id\":\"https:\\\/\\\/www.accuratereviews.com\\\/it\\\/crm-software-migliori-lista\\\/ekmob-recensione\\\/#primaryimage\"},\"thumbnailUrl\":\"https:\\\/\\\/www.accuratereviews.com\\\/wp-content\\\/uploads\\\/2025\\\/12\\\/Ekmob.jpg\",\"datePublished\":\"2025-12-12T19:18:58+00:00\",\"dateModified\":\"2025-12-16T17:55:37+00:00\",\"description\":\"Ekmob: recensione soluzione di gestione dei servizi sul campo che aiuta a gestire team, comunicazioni, prestazioni, clienti e altro ancora.\",\"breadcrumb\":{\"@id\":\"https:\\\/\\\/www.accuratereviews.com\\\/it\\\/crm-software-migliori-lista\\\/ekmob-recensione\\\/#breadcrumb\"},\"inLanguage\":\"it-IT\",\"potentialAction\":[{\"@type\":\"ReadAction\",\"target\":[\"https:\\\/\\\/www.accuratereviews.com\\\/it\\\/crm-software-migliori-lista\\\/ekmob-recensione\\\/\"]}]},{\"@type\":\"ImageObject\",\"inLanguage\":\"it-IT\",\"@id\":\"https:\\\/\\\/www.accuratereviews.com\\\/it\\\/crm-software-migliori-lista\\\/ekmob-recensione\\\/#primaryimage\",\"url\":\"https:\\\/\\\/www.accuratereviews.com\\\/wp-content\\\/uploads\\\/2025\\\/12\\\/Ekmob.jpg\",\"contentUrl\":\"https:\\\/\\\/www.accuratereviews.com\\\/wp-content\\\/uploads\\\/2025\\\/12\\\/Ekmob.jpg\",\"width\":442,\"height\":316},{\"@type\":\"BreadcrumbList\",\"@id\":\"https:\\\/\\\/www.accuratereviews.com\\\/it\\\/crm-software-migliori-lista\\\/ekmob-recensione\\\/#breadcrumb\",\"itemListElement\":[{\"@type\":\"ListItem\",\"position\":1,\"name\":\"Home\",\"item\":\"https:\\\/\\\/www.accuratereviews.com\\\/it\\\/\"},{\"@type\":\"ListItem\",\"position\":2,\"name\":\"CRM: i software migliori\",\"item\":\"https:\\\/\\\/www.accuratereviews.com\\\/it\\\/crm-software-migliori-lista\\\/\"},{\"@type\":\"ListItem\",\"position\":3,\"name\":\"Ekmob\"}]},{\"@type\":\"WebSite\",\"@id\":\"https:\\\/\\\/www.accuratereviews.com\\\/it\\\/#website\",\"url\":\"https:\\\/\\\/www.accuratereviews.com\\\/it\\\/\",\"name\":\"Accurate Reviews\",\"description\":\"\",\"potentialAction\":[{\"@type\":\"SearchAction\",\"target\":{\"@type\":\"EntryPoint\",\"urlTemplate\":\"https:\\\/\\\/www.accuratereviews.com\\\/it\\\/?s={search_term_string}\"},\"query-input\":{\"@type\":\"PropertyValueSpecification\",\"valueRequired\":true,\"valueName\":\"search_term_string\"}}],\"inLanguage\":\"it-IT\"}]}<\/script>\n<!-- \/ Yoast SEO plugin. -->","yoast_head_json":{"title":"Ekmob: recensione software CRM - Accurate Reviews","description":"Ekmob: recensione soluzione di gestione dei servizi sul campo che aiuta a gestire team, comunicazioni, prestazioni, clienti e altro ancora.","robots":{"index":"index","follow":"follow","max-snippet":"max-snippet:-1","max-image-preview":"max-image-preview:large","max-video-preview":"max-video-preview:-1"},"canonical":"https:\/\/www.accuratereviews.com\/it\/crm-software-migliori-lista\/ekmob-recensione\/","og_locale":"it_IT","og_type":"article","og_title":"Ekmob: recensione software CRM - Accurate Reviews","og_description":"Ekmob: recensione soluzione di gestione dei servizi sul campo che aiuta a gestire team, comunicazioni, prestazioni, clienti e altro ancora.","og_url":"https:\/\/www.accuratereviews.com\/it\/crm-software-migliori-lista\/ekmob-recensione\/","og_site_name":"Accurate Reviews","article_modified_time":"2025-12-16T17:55:37+00:00","og_image":[{"width":442,"height":316,"url":"https:\/\/www.accuratereviews.com\/wp-content\/uploads\/2025\/12\/Ekmob.jpg","type":"image\/jpeg"}],"twitter_card":"summary_large_image","twitter_misc":{"Tempo di lettura stimato":"5 minuti"},"schema":{"@context":"https:\/\/schema.org","@graph":[{"@type":"WebPage","@id":"https:\/\/www.accuratereviews.com\/it\/crm-software-migliori-lista\/ekmob-recensione\/","url":"https:\/\/www.accuratereviews.com\/it\/crm-software-migliori-lista\/ekmob-recensione\/","name":"Ekmob: recensione software CRM - Accurate Reviews","isPartOf":{"@id":"https:\/\/www.accuratereviews.com\/it\/#website"},"primaryImageOfPage":{"@id":"https:\/\/www.accuratereviews.com\/it\/crm-software-migliori-lista\/ekmob-recensione\/#primaryimage"},"image":{"@id":"https:\/\/www.accuratereviews.com\/it\/crm-software-migliori-lista\/ekmob-recensione\/#primaryimage"},"thumbnailUrl":"https:\/\/www.accuratereviews.com\/wp-content\/uploads\/2025\/12\/Ekmob.jpg","datePublished":"2025-12-12T19:18:58+00:00","dateModified":"2025-12-16T17:55:37+00:00","description":"Ekmob: recensione soluzione di gestione dei servizi sul campo che aiuta a gestire team, comunicazioni, prestazioni, clienti e altro ancora.","breadcrumb":{"@id":"https:\/\/www.accuratereviews.com\/it\/crm-software-migliori-lista\/ekmob-recensione\/#breadcrumb"},"inLanguage":"it-IT","potentialAction":[{"@type":"ReadAction","target":["https:\/\/www.accuratereviews.com\/it\/crm-software-migliori-lista\/ekmob-recensione\/"]}]},{"@type":"ImageObject","inLanguage":"it-IT","@id":"https:\/\/www.accuratereviews.com\/it\/crm-software-migliori-lista\/ekmob-recensione\/#primaryimage","url":"https:\/\/www.accuratereviews.com\/wp-content\/uploads\/2025\/12\/Ekmob.jpg","contentUrl":"https:\/\/www.accuratereviews.com\/wp-content\/uploads\/2025\/12\/Ekmob.jpg","width":442,"height":316},{"@type":"BreadcrumbList","@id":"https:\/\/www.accuratereviews.com\/it\/crm-software-migliori-lista\/ekmob-recensione\/#breadcrumb","itemListElement":[{"@type":"ListItem","position":1,"name":"Home","item":"https:\/\/www.accuratereviews.com\/it\/"},{"@type":"ListItem","position":2,"name":"CRM: i software migliori","item":"https:\/\/www.accuratereviews.com\/it\/crm-software-migliori-lista\/"},{"@type":"ListItem","position":3,"name":"Ekmob"}]},{"@type":"WebSite","@id":"https:\/\/www.accuratereviews.com\/it\/#website","url":"https:\/\/www.accuratereviews.com\/it\/","name":"Accurate Reviews","description":"","potentialAction":[{"@type":"SearchAction","target":{"@type":"EntryPoint","urlTemplate":"https:\/\/www.accuratereviews.com\/it\/?s={search_term_string}"},"query-input":{"@type":"PropertyValueSpecification","valueRequired":true,"valueName":"search_term_string"}}],"inLanguage":"it-IT"}]}},"_links":{"self":[{"href":"https:\/\/www.accuratereviews.com\/it\/wp-json\/wp\/v2\/pages\/105507","targetHints":{"allow":["GET"]}}],"collection":[{"href":"https:\/\/www.accuratereviews.com\/it\/wp-json\/wp\/v2\/pages"}],"about":[{"href":"https:\/\/www.accuratereviews.com\/it\/wp-json\/wp\/v2\/types\/page"}],"author":[{"embeddable":true,"href":"https:\/\/www.accuratereviews.com\/it\/wp-json\/wp\/v2\/users\/19"}],"replies":[{"embeddable":true,"href":"https:\/\/www.accuratereviews.com\/it\/wp-json\/wp\/v2\/comments?post=105507"}],"version-history":[{"count":11,"href":"https:\/\/www.accuratereviews.com\/it\/wp-json\/wp\/v2\/pages\/105507\/revisions"}],"predecessor-version":[{"id":105602,"href":"https:\/\/www.accuratereviews.com\/it\/wp-json\/wp\/v2\/pages\/105507\/revisions\/105602"}],"up":[{"embeddable":true,"href":"https:\/\/www.accuratereviews.com\/it\/wp-json\/wp\/v2\/pages\/5966"}],"wp:featuredmedia":[{"embeddable":true,"href":"https:\/\/www.accuratereviews.com\/it\/wp-json\/wp\/v2\/media\/105509"}],"wp:attachment":[{"href":"https:\/\/www.accuratereviews.com\/it\/wp-json\/wp\/v2\/media?parent=105507"}],"wp:term":[{"taxonomy":"category","embeddable":true,"href":"https:\/\/www.accuratereviews.com\/it\/wp-json\/wp\/v2\/categories?post=105507"},{"taxonomy":"post_tag","embeddable":true,"href":"https:\/\/www.accuratereviews.com\/it\/wp-json\/wp\/v2\/tags?post=105507"},{"taxonomy":"features","embeddable":true,"href":"https:\/\/www.accuratereviews.com\/it\/wp-json\/wp\/v2\/features?post=105507"}],"curies":[{"name":"wp","href":"https:\/\/api.w.org\/{rel}","templated":true}]}}