{"id":105620,"date":"2025-12-18T07:25:23","date_gmt":"2025-12-18T07:25:23","guid":{"rendered":"https:\/\/www.accuratereviews.com\/?page_id=105620"},"modified":"2025-12-18T10:42:39","modified_gmt":"2025-12-18T10:42:39","slug":"opportunity-crm-recensione","status":"publish","type":"page","link":"https:\/\/www.accuratereviews.com\/it\/crm-software-migliori-lista\/opportunity-crm-recensione\/","title":{"rendered":"Opportunity CRM"},"content":{"rendered":"<p><strong>Opportunity CRM<\/strong>, sviluppato da \u00a0Digital4Change, \u00e8 un <strong>CRM<\/strong> con<strong> business intelligence<\/strong> integrata che aiuta le aziende a gestire i processi interni favorendo l&#8217;interazione tra persone o reparti. Le pratiche dashboard consentono agli utenti di visualizzare la parte economica e finanziaria in base al ruolo o alla competenza.<br \/>\n<strong>Opportunity CRM <\/strong>aiuta gli utenti a rispondere ai clienti su tutti i canali in tempo reale, a gestire vendite, clienti e operazioni, per call center e uffici marketing. Calendario condiviso ed esecuzione di analisi immediata.<\/p>\n<h2>OPPORTUNITY CRM &#8211; TUTORIAL<\/h2>\n<div id=\"fluid-wrapper-counter-1\" class=\"g1-fluid-wrapper \" style=\"width:686px;\">\n<div style=\"padding-bottom:56.268221574344%;\"><iframe loading=\"lazy\" title=\"Soluzioni digitali per la PMI\" width=\"686\" height=\"386\" src=\"https:\/\/www.youtube.com\/embed\/_D_6hbbh8gY?feature=oembed&amp;wmode=transparent&amp;autohide=1&amp;autoplay=0&amp;disablekb=0&amp;fs=1&amp;loop=0&amp;enablejsapi=1&amp;rel=0&amp;controls=2&amp;showinfo=0&amp;wmode=transparent&amp;autohide=2&amp;autoplay=0&amp;disablekb=0&amp;fs=1&amp;loop=0&amp;enablejsapi=1&amp;rel=0&amp;controls=2&amp;showinfo=1\" frameborder=\"0\" allow=\"accelerometer; autoplay; clipboard-write; encrypted-media; gyroscope; picture-in-picture; web-share\" referrerpolicy=\"strict-origin-when-cross-origin\" allowfullscreen><\/iframe><\/div>\n<\/div>\n<h3>OPPORTUNITY CRM &#8211; CARATTERISTICHE<\/h3>\n<ul>\n<li>Garantisci la migliore esperienza ai tuoi clienti e allo stesso tempo focalizzati sulle kpi aziendali pi\u00f9 importanti per far crescere il tuo business.<\/li>\n<li>Visualizza sulla tua dashboard i dati del gestionale e altri applicativi aziendali.<\/li>\n<li>Analizza i dati sui clienti per prevedere il comportamento e instaurare con le loro relazioni significative<\/li>\n<li>Supporta concretamente i commerciali nelle loro trattative, sostenereli a raggiungere i loro obiettivi e a monitorare le pipeline in tempo reale<\/li>\n<li>Disponi di dati previsionali su campagne marketing che stanno per essere attivate<\/li>\n<li>Comprendi lo stato generale di salute della tua azienda<\/li>\n<li>Disposizione di analisi utili in tempo reale da condividere con la direzione e con i singoli commerciali<\/li>\n<li>Ottieni la massima visibilit\u00e0 sul cliente<\/li>\n<li>Comunica attraverso tutti i canali disponibili<\/li>\n<li>Miglioramento della relazione con gli attuali clienti<\/li>\n<li>Gestisci la ricezione automatica delle chiamate grazie al sistema di Intelligenza Artificiale avanzata (AI)<\/li>\n<li>Risparmia tempo nella gestione delle attivit\u00e0 ripetitive<\/li>\n<li>Tieni traccia dello storico delle chiamate<\/li>\n<li>Riduci gli errori e aumenta la produttivit\u00e0<\/li>\n<li>Aumenta le prestazioni<\/li>\n<li>Personalizza le tue dashboard con previsioni di entrate e vendite<\/li>\n<li>Consulta in tempo reale la gestione dei pagamenti<\/li>\n<li>Gestisci gli incassi e la comunicazione con l\u2019ufficio amministrativo<\/li>\n<li>Semplifica l&#8217;immissione dei dati di routine grazie all&#8217;AI<\/li>\n<li>Automatizza le procedure di gestione delle trattative e delle vendite<\/li>\n<li>Mantiene il controllo di ogni fase della vendita grazie alla mappatura dei processi<\/li>\n<li>Tiene monitorata la tua pipeline di vendita<\/li>\n<li>Imposta velocemente l&#8217;elaborazione dell&#8217;offerta<\/li>\n<li>Facilita eventuali modifiche funzionali alla trattativa commerciale<\/li>\n<li>Trasforma l&#8217;offerta commerciale in ordine eseguibile<\/li>\n<li>Condividere automaticamente l&#8217;ordine con il gestionale aziendale<\/li>\n<\/ul>\n<h4>LE RECENSIONI DEGLI UTENTI<\/h4>\n<p><strong>Matteo &#8220;Ottimo prodotto&#8221;<\/strong><br \/>\nIntegrare Opportunity nella nostra realt\u00e0 operativa, che \u00e8 allo stesso tempo una normale societ\u00e0 di servizi e un ente che deve aderire alla complessa burocrazia di gestione dei fondi pubblici tra cui PNRR, ci ha consentito di semplificare radicalmente la condivisione delle informazioni all\u2019interno e di avere una fonte unica di dati operativi per la reportistica pubblica. L\u2019integrazione \u00e8 consistita anche in un adattamento dello strumento alle nostre necessit\u00e0 uniche, attuato dai collaboratori Opportunity con professionalit\u00e0 e grande cura del cliente.<br \/>\n<strong>Pro<\/strong>: grande flessibilit\u00e0 nell&#8217;adattare la soluzione alle particolarit\u00e0 dell&#8217;azienda<br \/>\n<strong>Contro<\/strong>: ci \u00e8 voluto qualche mese per arrivare in fondo al processo di adattamento<\/p>\n<p><strong>Daisy &#8220;un valido portale per gestione e analisi&#8221;<\/strong><br \/>\n<strong>Pro<\/strong>: \u00e8 un portale che permette di gestire al meglio tutti i collaboratori e i loro clienti, condividere calendari e informazioni, analizzare i dati raccolti secondo i filtri necessari.<br \/>\n<strong>Contro<\/strong>: l&#8217;interfaccia pu\u00f2 migliorare come estetica e praticit\u00e0<\/p>\n<p><strong>Enrico &#8220;Finalmente un CRM&#8221;<\/strong><br \/>\nIn qualit\u00e0 di promotore del progetto CRM in azienda, consiglio Opportunity\u00ae quale strumento essenziale per favorire la digitalizzazione dei processi interni. In passato provammo ad inserire differenti CRM in azienda ma sempre con scarso successo perch\u00e9 richiedevano troppe personalizzazioni e\/o allo stesso non riuscivano ad adattarsi ai processi interni aziendali. Grazie all\u2019attivit\u00e0 a 4 mani abbiamo introdotto in azienda uno strumento flessibile capace di aiutarci a progettare una strategia mirata e mettere in atto azioni sempre pi\u00f9 profilate per i nostri clienti.<br \/>\n<strong>Pro<\/strong>: CRM evoluto flessibile e taylor made Formazione e assistenza competente e molto disponibile Facile integrazione con applicativi esterni come ad esempio Mailchimp Facilmente integrabile con progetti BI<br \/>\n<strong>Contro<\/strong>: il fatto che non ci sia un applicazione ma \u00e8 solo ONLINE<\/p>\n","protected":false},"excerpt":{"rendered":"<p>Opportunity CRM, sviluppato da \u00a0Digital4Change,\u00a0\u00e8 un CRM con business intelligence integrata che aiuta le aziende a gestire i processi interni favorendo l&#8217;interazione tra persone o reparti. Le pratiche dashboard consentono agli utenti di visualizzare la parte economica e finanziaria in base al ruolo o alla competenza.<\/p>\n","protected":false},"author":19,"featured_media":105621,"parent":5966,"menu_order":0,"comment_status":"open","ping_status":"closed","template":"g1_template_page_review_new.php","meta":{"_acf_changed":false,"cwp_meta_box_check":"Yes","cwp_rev_product_name":"","cwp_rev_product_image":"","wppr_links":[],"cwp_rev_price":"0.00","wppr_options":[{"name":"Usability","value":"0"},{"name":"Speed","value":"0"},{"name":"Features","value":"0"},{"name":"Support","value":"0"},{"name":"Pricing","value":"0"}],"wppr_pros":["","","","",""],"wppr_cons":["","","","",""],"_monsterinsights_skip_tracking":false,"_monsterinsights_sitenote_active":false,"_monsterinsights_sitenote_note":"","_monsterinsights_sitenote_category":0,"footnotes":""},"categories":[120],"tags":[1835,16805,4080,427,1837,1239],"features":[],"class_list":{"0":"post-105620","1":"page","2":"type-page","3":"status-publish","4":"has-post-thumbnail","6":"category-crm-it","7":"tag-crm-2-it","8":"tag-opportunity-crm","9":"tag-piattaforma-crm","10":"tag-programma-crm","11":"tag-software-crm-2-it","12":"tag-soluzione-crm"},"wppr_data":{"cwp_meta_box_check":"Yes","_wppr_review_template":"default","cwp_rev_product_image":"","cwp_image_link":"image","wppr_links":[],"cwp_rev_price":"0.00","wppr_pros":["","","","",""],"wppr_cons":["","","","",""],"wppr_rating":"0.00","wppr_options":{"1":{"name":"Usability","value":"0"},"2":{"name":"Speed","value":"0"},"3":{"name":"Features","value":"0"},"4":{"name":"Support","value":"0"},"5":{"name":"Pricing","value":"0"}},"wppr_review_type":"Product","wppr_review_custom_fields":{"additionalProperty":"","additionalType":"","aggregateRating":"","alternateName":"","audience":"","award":"","awards":"","brand":"","color":"","depth":"","description":"","disambiguatingDescription":"","gtin12":"","gtin13":"","gtin14":"","gtin8":"","height":"","identifier":"","image":"","isAccessoryOrSparePartFor":"","isConsumableFor":"","isRelatedTo":"","isSimilarTo":"","itemCondition":"","logo":"","mainEntityOfPage":"","manufacturer":"","material":"","model":"","mpn":"","name":"","offers":"","potentialAction":"","productID":"","productionDate":"","purchaseDate":"","releaseDate":"","review":"","reviews":"","sameAs":"","sku":"","slogan":"","subjectOf":"","url":"","weight":"","width":""}},"acf":[],"yoast_head":"<!-- This site is optimized with the Yoast SEO plugin v26.0 - https:\/\/yoast.com\/wordpress\/plugins\/seo\/ -->\n<title>Opportunity CRM: recensione software CRM - Accurate Reviews<\/title>\n<meta name=\"description\" content=\"Opportunity CRM: recensione software CRM con business intelligence integrato che aiuta le aziende a gestire i processi interni\" \/>\n<meta name=\"robots\" content=\"index, follow, max-snippet:-1, max-image-preview:large, max-video-preview:-1\" \/>\n<link rel=\"canonical\" href=\"https:\/\/www.accuratereviews.com\/it\/crm-software-migliori-lista\/opportunity-crm-recensione\/\" \/>\n<meta property=\"og:locale\" content=\"it_IT\" \/>\n<meta property=\"og:type\" content=\"article\" \/>\n<meta property=\"og:title\" content=\"Opportunity CRM: recensione software CRM - Accurate Reviews\" \/>\n<meta property=\"og:description\" content=\"Opportunity CRM: recensione software CRM con business intelligence integrato che aiuta le aziende a gestire i processi interni\" \/>\n<meta property=\"og:url\" content=\"https:\/\/www.accuratereviews.com\/it\/crm-software-migliori-lista\/opportunity-crm-recensione\/\" \/>\n<meta property=\"og:site_name\" content=\"Accurate Reviews\" \/>\n<meta property=\"article:modified_time\" content=\"2025-12-18T10:42:39+00:00\" \/>\n<meta property=\"og:image\" content=\"https:\/\/www.accuratereviews.com\/wp-content\/uploads\/2025\/12\/opportunity-crm.jpg.png\" \/>\n\t<meta property=\"og:image:width\" content=\"1080\" \/>\n\t<meta property=\"og:image:height\" content=\"1080\" \/>\n\t<meta property=\"og:image:type\" content=\"image\/png\" \/>\n<meta name=\"twitter:card\" content=\"summary_large_image\" \/>\n<meta name=\"twitter:label1\" content=\"Tempo di lettura stimato\" \/>\n\t<meta name=\"twitter:data1\" content=\"5 minuti\" \/>\n<script type=\"application\/ld+json\" class=\"yoast-schema-graph\">{\"@context\":\"https:\/\/schema.org\",\"@graph\":[{\"@type\":\"WebPage\",\"@id\":\"https:\/\/www.accuratereviews.com\/it\/crm-software-migliori-lista\/opportunity-crm-recensione\/\",\"url\":\"https:\/\/www.accuratereviews.com\/it\/crm-software-migliori-lista\/opportunity-crm-recensione\/\",\"name\":\"Opportunity CRM: recensione software CRM - Accurate Reviews\",\"isPartOf\":{\"@id\":\"https:\/\/www.accuratereviews.com\/it\/#website\"},\"primaryImageOfPage\":{\"@id\":\"https:\/\/www.accuratereviews.com\/it\/crm-software-migliori-lista\/opportunity-crm-recensione\/#primaryimage\"},\"image\":{\"@id\":\"https:\/\/www.accuratereviews.com\/it\/crm-software-migliori-lista\/opportunity-crm-recensione\/#primaryimage\"},\"thumbnailUrl\":\"https:\/\/www.accuratereviews.com\/wp-content\/uploads\/2025\/12\/opportunity-crm.jpg.png\",\"datePublished\":\"2025-12-18T07:25:23+00:00\",\"dateModified\":\"2025-12-18T10:42:39+00:00\",\"description\":\"Opportunity CRM: recensione software CRM con business intelligence integrato che aiuta le aziende a gestire i processi interni\",\"breadcrumb\":{\"@id\":\"https:\/\/www.accuratereviews.com\/it\/crm-software-migliori-lista\/opportunity-crm-recensione\/#breadcrumb\"},\"inLanguage\":\"it-IT\",\"potentialAction\":[{\"@type\":\"ReadAction\",\"target\":[\"https:\/\/www.accuratereviews.com\/it\/crm-software-migliori-lista\/opportunity-crm-recensione\/\"]}]},{\"@type\":\"ImageObject\",\"inLanguage\":\"it-IT\",\"@id\":\"https:\/\/www.accuratereviews.com\/it\/crm-software-migliori-lista\/opportunity-crm-recensione\/#primaryimage\",\"url\":\"https:\/\/www.accuratereviews.com\/wp-content\/uploads\/2025\/12\/opportunity-crm.jpg.png\",\"contentUrl\":\"https:\/\/www.accuratereviews.com\/wp-content\/uploads\/2025\/12\/opportunity-crm.jpg.png\",\"width\":1080,\"height\":1080},{\"@type\":\"BreadcrumbList\",\"@id\":\"https:\/\/www.accuratereviews.com\/it\/crm-software-migliori-lista\/opportunity-crm-recensione\/#breadcrumb\",\"itemListElement\":[{\"@type\":\"ListItem\",\"position\":1,\"name\":\"Home\",\"item\":\"https:\/\/www.accuratereviews.com\/it\/\"},{\"@type\":\"ListItem\",\"position\":2,\"name\":\"CRM: i software migliori\",\"item\":\"https:\/\/www.accuratereviews.com\/it\/crm-software-migliori-lista\/\"},{\"@type\":\"ListItem\",\"position\":3,\"name\":\"Opportunity CRM\"}]},{\"@type\":\"WebSite\",\"@id\":\"https:\/\/www.accuratereviews.com\/it\/#website\",\"url\":\"https:\/\/www.accuratereviews.com\/it\/\",\"name\":\"Accurate Reviews\",\"description\":\"\",\"potentialAction\":[{\"@type\":\"SearchAction\",\"target\":{\"@type\":\"EntryPoint\",\"urlTemplate\":\"https:\/\/www.accuratereviews.com\/it\/?s={search_term_string}\"},\"query-input\":{\"@type\":\"PropertyValueSpecification\",\"valueRequired\":true,\"valueName\":\"search_term_string\"}}],\"inLanguage\":\"it-IT\"}]}<\/script>\n<!-- \/ Yoast SEO plugin. -->","yoast_head_json":{"title":"Opportunity CRM: recensione software CRM - Accurate Reviews","description":"Opportunity CRM: recensione software CRM con business intelligence integrato che aiuta le aziende a gestire i processi interni","robots":{"index":"index","follow":"follow","max-snippet":"max-snippet:-1","max-image-preview":"max-image-preview:large","max-video-preview":"max-video-preview:-1"},"canonical":"https:\/\/www.accuratereviews.com\/it\/crm-software-migliori-lista\/opportunity-crm-recensione\/","og_locale":"it_IT","og_type":"article","og_title":"Opportunity CRM: recensione software CRM - Accurate Reviews","og_description":"Opportunity CRM: recensione software CRM con business intelligence integrato che aiuta le aziende a gestire i processi interni","og_url":"https:\/\/www.accuratereviews.com\/it\/crm-software-migliori-lista\/opportunity-crm-recensione\/","og_site_name":"Accurate Reviews","article_modified_time":"2025-12-18T10:42:39+00:00","og_image":[{"width":1080,"height":1080,"url":"https:\/\/www.accuratereviews.com\/wp-content\/uploads\/2025\/12\/opportunity-crm.jpg.png","type":"image\/png"}],"twitter_card":"summary_large_image","twitter_misc":{"Tempo di lettura stimato":"5 minuti"},"schema":{"@context":"https:\/\/schema.org","@graph":[{"@type":"WebPage","@id":"https:\/\/www.accuratereviews.com\/it\/crm-software-migliori-lista\/opportunity-crm-recensione\/","url":"https:\/\/www.accuratereviews.com\/it\/crm-software-migliori-lista\/opportunity-crm-recensione\/","name":"Opportunity CRM: recensione software CRM - Accurate Reviews","isPartOf":{"@id":"https:\/\/www.accuratereviews.com\/it\/#website"},"primaryImageOfPage":{"@id":"https:\/\/www.accuratereviews.com\/it\/crm-software-migliori-lista\/opportunity-crm-recensione\/#primaryimage"},"image":{"@id":"https:\/\/www.accuratereviews.com\/it\/crm-software-migliori-lista\/opportunity-crm-recensione\/#primaryimage"},"thumbnailUrl":"https:\/\/www.accuratereviews.com\/wp-content\/uploads\/2025\/12\/opportunity-crm.jpg.png","datePublished":"2025-12-18T07:25:23+00:00","dateModified":"2025-12-18T10:42:39+00:00","description":"Opportunity CRM: recensione software CRM con business intelligence integrato che aiuta le aziende a gestire i processi interni","breadcrumb":{"@id":"https:\/\/www.accuratereviews.com\/it\/crm-software-migliori-lista\/opportunity-crm-recensione\/#breadcrumb"},"inLanguage":"it-IT","potentialAction":[{"@type":"ReadAction","target":["https:\/\/www.accuratereviews.com\/it\/crm-software-migliori-lista\/opportunity-crm-recensione\/"]}]},{"@type":"ImageObject","inLanguage":"it-IT","@id":"https:\/\/www.accuratereviews.com\/it\/crm-software-migliori-lista\/opportunity-crm-recensione\/#primaryimage","url":"https:\/\/www.accuratereviews.com\/wp-content\/uploads\/2025\/12\/opportunity-crm.jpg.png","contentUrl":"https:\/\/www.accuratereviews.com\/wp-content\/uploads\/2025\/12\/opportunity-crm.jpg.png","width":1080,"height":1080},{"@type":"BreadcrumbList","@id":"https:\/\/www.accuratereviews.com\/it\/crm-software-migliori-lista\/opportunity-crm-recensione\/#breadcrumb","itemListElement":[{"@type":"ListItem","position":1,"name":"Home","item":"https:\/\/www.accuratereviews.com\/it\/"},{"@type":"ListItem","position":2,"name":"CRM: i software migliori","item":"https:\/\/www.accuratereviews.com\/it\/crm-software-migliori-lista\/"},{"@type":"ListItem","position":3,"name":"Opportunity CRM"}]},{"@type":"WebSite","@id":"https:\/\/www.accuratereviews.com\/it\/#website","url":"https:\/\/www.accuratereviews.com\/it\/","name":"Accurate Reviews","description":"","potentialAction":[{"@type":"SearchAction","target":{"@type":"EntryPoint","urlTemplate":"https:\/\/www.accuratereviews.com\/it\/?s={search_term_string}"},"query-input":{"@type":"PropertyValueSpecification","valueRequired":true,"valueName":"search_term_string"}}],"inLanguage":"it-IT"}]}},"_links":{"self":[{"href":"https:\/\/www.accuratereviews.com\/it\/wp-json\/wp\/v2\/pages\/105620","targetHints":{"allow":["GET"]}}],"collection":[{"href":"https:\/\/www.accuratereviews.com\/it\/wp-json\/wp\/v2\/pages"}],"about":[{"href":"https:\/\/www.accuratereviews.com\/it\/wp-json\/wp\/v2\/types\/page"}],"author":[{"embeddable":true,"href":"https:\/\/www.accuratereviews.com\/it\/wp-json\/wp\/v2\/users\/19"}],"replies":[{"embeddable":true,"href":"https:\/\/www.accuratereviews.com\/it\/wp-json\/wp\/v2\/comments?post=105620"}],"version-history":[{"count":13,"href":"https:\/\/www.accuratereviews.com\/it\/wp-json\/wp\/v2\/pages\/105620\/revisions"}],"predecessor-version":[{"id":105665,"href":"https:\/\/www.accuratereviews.com\/it\/wp-json\/wp\/v2\/pages\/105620\/revisions\/105665"}],"up":[{"embeddable":true,"href":"https:\/\/www.accuratereviews.com\/it\/wp-json\/wp\/v2\/pages\/5966"}],"wp:featuredmedia":[{"embeddable":true,"href":"https:\/\/www.accuratereviews.com\/it\/wp-json\/wp\/v2\/media\/105621"}],"wp:attachment":[{"href":"https:\/\/www.accuratereviews.com\/it\/wp-json\/wp\/v2\/media?parent=105620"}],"wp:term":[{"taxonomy":"category","embeddable":true,"href":"https:\/\/www.accuratereviews.com\/it\/wp-json\/wp\/v2\/categories?post=105620"},{"taxonomy":"post_tag","embeddable":true,"href":"https:\/\/www.accuratereviews.com\/it\/wp-json\/wp\/v2\/tags?post=105620"},{"taxonomy":"features","embeddable":true,"href":"https:\/\/www.accuratereviews.com\/it\/wp-json\/wp\/v2\/features?post=105620"}],"curies":[{"name":"wp","href":"https:\/\/api.w.org\/{rel}","templated":true}]}}