{"id":105639,"date":"2025-12-18T13:43:11","date_gmt":"2025-12-18T13:43:11","guid":{"rendered":"https:\/\/www.accuratereviews.com\/?page_id=105639"},"modified":"2025-12-18T13:43:11","modified_gmt":"2025-12-18T13:43:11","slug":"inline-crm-recensione","status":"publish","type":"page","link":"https:\/\/www.accuratereviews.com\/it\/crm-software-migliori-lista\/inline-crm-recensione\/","title":{"rendered":"Inline CRM"},"content":{"rendered":"<p><strong>Inline CRM<\/strong> \u00e8 una soluzione <strong>Customer Relationship Management<\/strong> basata su <strong>cloud<\/strong>, progettata specificamente per l&#8217;evasione degli ordini relativi ai contratti di assistenza per veicoli (VSC). La piattaforma offre strumenti per la gestione dei lead, il marketing diretto e reportistica personalizzabile basata sul web, al fine di gestire le relazioni con i clienti e monitorare le performance di vendita.<strong> Inline CRM<\/strong> aiuta i team di vendita a gestire e dare priorit\u00e0 ai lead, gestire campagne di marketing, raccogliere dati approfonditi e monitorare le interazioni con i clienti. La piattaforma fornisce agli utenti informazioni in tempo reale su parametri quali numero di vendite, tipologie di polizza, allocazione dei costi, buste paga, cancellazioni, contratti attivi, contratti scaduti e altro ancora, tramite funzionalit\u00e0 di reporting basate sul web.<\/p>\n<h2>INLINE CRM &#8211; TUTORIAL<\/h2>\n<div id=\"fluid-wrapper-counter-1\" class=\"g1-fluid-wrapper \" style=\"width:686px;\">\n<div style=\"padding-bottom:56.268221574344%;\"><iframe loading=\"lazy\" title=\"Inline Animated Introduction\" src=\"https:\/\/player.vimeo.com\/video\/279495138?dnt=1&amp;app_id=122963?title=0&amp;byline=0&amp;portrait=0\" width=\"686\" height=\"386\" frameborder=\"0\" allow=\"autoplay; fullscreen; picture-in-picture; clipboard-write; encrypted-media; web-share\" referrerpolicy=\"strict-origin-when-cross-origin\"><\/iframe><\/div>\n<\/div>\n<h3>INLINE CRM &#8211; CARATTERISTICHE<\/h3>\n<ul>\n<li><strong>Formazione rapida<\/strong>: ottieni nuovi venditori al telefono prima possibile, cos\u00ec potranno vendere le tue polizze con sicurezza.<\/li>\n<li><strong>Promuovi nuovi prodotti<\/strong>.: integra le informazioni sui nuovi prodotti direttamente negli script, in modo che gli agenti evidenzino i vantaggi importanti per i clienti senza perdere un colpo.<\/li>\n<li><strong>Personalizza il tuo approccio.<\/strong>: crea e distribuisci script di chiamata per estensione di garanzia in base al tipo di prodotto, alla copertura, al budget e ad altri criteri per la massima redditivit\u00e0.<\/li>\n<li><strong>Testa e modifica.<\/strong>: scopri quali script vendono e quali dovresti analizzare con la funzione Reporting delle sessioni di script.<\/li>\n<li><strong>Evita multe<\/strong>: assicurati che ogni cliente segua lo stesso processo di verifica prima dell&#8217;acquisto. Le cronologie delle sessioni vengono registrate e archiviate in modo permanente nella scheda del cliente.<\/li>\n<li><strong>Individua ci\u00f2 che \u00e8 redditizio.<\/strong>: assegna budget ai clienti per un successo economicamente vantaggioso.<\/li>\n<li><strong>Visualizza i risultati<\/strong>.: non sono necessari fogli Excel. Grafici a torta, grafici a barre, grafici a linee e altro ancora di facile lettura rendono questo uno dei migliori CRM per le vendite dirette sul mercato.<\/li>\n<li><strong>Risparma tempo<\/strong>: evita l&#8217;esportazione di record, l&#8217;apprendimento dei codici di elenco, l&#8217;assegnazione di variabili e la creazione di grafici.<\/li>\n<li><strong>Personalizza il marketing<\/strong>.: invia i tuoi materiali pi\u00f9 efficaci ai potenziali clienti che sono i tuoi lead pi\u00f9 interessanti.<\/li>\n<li><strong>Follow-up con i lead.<\/strong>: assegna i potenziali clienti e metti i lead pi\u00f9 interessanti in cima alla tua lista con la Gestione dei lead di follow-up.<\/li>\n<\/ul>\n<h4>LE RECENSIONI DEGLI UTENTI<\/h4>\n<p><strong>Misty &#8220;Software e servizio eccezionali&#8221;<\/strong><br \/>\nTrue Auto \u00e8 cliente di Inline da quasi 8 anni e non potremmo essere pi\u00f9 soddisfatti del loro servizio. La competenza e la competenza del rappresentante e del suo staff sono eccezionali!<br \/>\n<strong>Pro<\/strong>: sistema robusto e intuitivo, personalizzato in base alle nostre specifiche. Numerose opzioni di reporting, funzionalit\u00e0 di elaborazione paghe e opzioni di integrazione.<br \/>\n<strong>Contro<\/strong>: ogni piccolo problema che abbiamo riscontrato \u00e8 stato risolto rapidamente.<\/p>\n<p><strong>Vernon &#8220;Ho lasciato il meglio per ultimo&#8221;<\/strong><br \/>\nLavoro nel settore delle garanzie auto da oltre 15 anni e ho utilizzato tutti i CRM disponibili. Ho iniziato a usare Inline CRM pi\u00f9 di 3 anni fa e posso dire che \u00e8 di gran lunga superiore a tutti gli altri in termini di facilit\u00e0 d&#8217;uso e funzionalit\u00e0, per non parlare delle funzionalit\u00e0 di reporting approfondite e di altissimo livello.<br \/>\n<strong>Pro<\/strong>: la disposizione \u00e8 un aspetto che bisogna sperimentare per apprezzarla davvero.<br \/>\n<strong>Contro<\/strong>: mi ci \u00e8 voluto un po&#8217; per imparare a creare modelli di posta elettronica.<\/p>\n<p><strong>jim &#8220;Ottimo programma e supporto&#8221;<\/strong><br \/>\npositivo, siamo molto contenti di aver fatto la transizione<br \/>\n<strong>Pro<\/strong>: facilit\u00e0 d&#8217;uso, ricco di informazioni e molto facile da navigare e personalizzare i report.<br \/>\n<strong>Contro<\/strong>: molto da imparare, pieno di informazioni.<\/p>\n","protected":false},"excerpt":{"rendered":"<p>Inline CRM \u00e8 una soluzione Customer Relationship Management basata su cloud, progettata specificamente per l&#8217;evasione degli ordini relativi ai contratti di assistenza per veicoli (VSC). La piattaforma offre strumenti per la gestione dei lead, il marketing diretto e reportistica personalizzabile basata sul web, al fine di gestire le relazioni con i clienti e monitorare le performance di vendita.<\/p>\n","protected":false},"author":19,"featured_media":0,"parent":5966,"menu_order":0,"comment_status":"open","ping_status":"closed","template":"g1_template_page_review_new.php","meta":{"_acf_changed":false,"cwp_meta_box_check":"Yes","cwp_rev_product_name":"","cwp_rev_product_image":"","wppr_links":[],"cwp_rev_price":"0.00","wppr_options":[{"name":"Usability","value":"0"},{"name":"Speed","value":"0"},{"name":"Features","value":"0"},{"name":"Support","value":"0"},{"name":"Pricing","value":"0"}],"wppr_pros":["","","","",""],"wppr_cons":["","","","",""],"_monsterinsights_skip_tracking":false,"_monsterinsights_sitenote_active":false,"_monsterinsights_sitenote_note":"","_monsterinsights_sitenote_category":0,"footnotes":""},"categories":[120],"tags":[1835,16809,4080,427,1837,1239],"features":[],"class_list":{"0":"post-105639","1":"page","2":"type-page","3":"status-publish","5":"category-crm-it","6":"tag-crm-2-it","7":"tag-inline-crm","8":"tag-piattaforma-crm","9":"tag-programma-crm","10":"tag-software-crm-2-it","11":"tag-soluzione-crm"},"wppr_data":{"cwp_meta_box_check":"Yes","_wppr_review_template":"default","cwp_rev_product_image":"","cwp_image_link":"image","wppr_links":[],"cwp_rev_price":"0.00","wppr_pros":["","","","",""],"wppr_cons":["","","","",""],"wppr_rating":"0.00","wppr_options":{"1":{"name":"Usability","value":"0"},"2":{"name":"Speed","value":"0"},"3":{"name":"Features","value":"0"},"4":{"name":"Support","value":"0"},"5":{"name":"Pricing","value":"0"}},"wppr_review_type":"Product","wppr_review_custom_fields":{"additionalProperty":"","additionalType":"","aggregateRating":"","alternateName":"","audience":"","award":"","awards":"","brand":"","color":"","depth":"","description":"","disambiguatingDescription":"","gtin12":"","gtin13":"","gtin14":"","gtin8":"","height":"","identifier":"","image":"","isAccessoryOrSparePartFor":"","isConsumableFor":"","isRelatedTo":"","isSimilarTo":"","itemCondition":"","logo":"","mainEntityOfPage":"","manufacturer":"","material":"","model":"","mpn":"","name":"","offers":"","potentialAction":"","productID":"","productionDate":"","purchaseDate":"","releaseDate":"","review":"","reviews":"","sameAs":"","sku":"","slogan":"","subjectOf":"","url":"","weight":"","width":""}},"acf":[],"yoast_head":"<!-- This site is optimized with the Yoast SEO plugin v26.0 - https:\/\/yoast.com\/wordpress\/plugins\/seo\/ -->\n<title>Inline CRM: recensione software CRM - Accurate Reviews<\/title>\n<meta name=\"description\" content=\"Inline CRM: recensione soluzione progettata specificamente per l&#039;evasione degli ordini relativi ai contratti di assistenza veicoli.\" \/>\n<meta name=\"robots\" content=\"index, follow, max-snippet:-1, max-image-preview:large, max-video-preview:-1\" \/>\n<link rel=\"canonical\" href=\"https:\/\/www.accuratereviews.com\/it\/crm-software-migliori-lista\/inline-crm-recensione\/\" \/>\n<meta property=\"og:locale\" content=\"it_IT\" \/>\n<meta property=\"og:type\" content=\"article\" \/>\n<meta property=\"og:title\" content=\"Inline CRM: recensione software CRM - Accurate Reviews\" \/>\n<meta property=\"og:description\" content=\"Inline CRM: recensione soluzione progettata specificamente per l&#039;evasione degli ordini relativi ai contratti di assistenza veicoli.\" \/>\n<meta property=\"og:url\" content=\"https:\/\/www.accuratereviews.com\/it\/crm-software-migliori-lista\/inline-crm-recensione\/\" \/>\n<meta property=\"og:site_name\" content=\"Accurate Reviews\" \/>\n<meta name=\"twitter:card\" content=\"summary_large_image\" \/>\n<meta name=\"twitter:label1\" content=\"Tempo di lettura stimato\" \/>\n\t<meta name=\"twitter:data1\" content=\"4 minuti\" \/>\n<script type=\"application\/ld+json\" class=\"yoast-schema-graph\">{\"@context\":\"https:\/\/schema.org\",\"@graph\":[{\"@type\":\"WebPage\",\"@id\":\"https:\/\/www.accuratereviews.com\/it\/crm-software-migliori-lista\/inline-crm-recensione\/\",\"url\":\"https:\/\/www.accuratereviews.com\/it\/crm-software-migliori-lista\/inline-crm-recensione\/\",\"name\":\"Inline CRM: recensione software CRM - Accurate Reviews\",\"isPartOf\":{\"@id\":\"https:\/\/www.accuratereviews.com\/it\/#website\"},\"datePublished\":\"2025-12-18T13:43:11+00:00\",\"description\":\"Inline CRM: recensione soluzione progettata specificamente per l'evasione degli ordini relativi ai contratti di assistenza veicoli.\",\"breadcrumb\":{\"@id\":\"https:\/\/www.accuratereviews.com\/it\/crm-software-migliori-lista\/inline-crm-recensione\/#breadcrumb\"},\"inLanguage\":\"it-IT\",\"potentialAction\":[{\"@type\":\"ReadAction\",\"target\":[\"https:\/\/www.accuratereviews.com\/it\/crm-software-migliori-lista\/inline-crm-recensione\/\"]}]},{\"@type\":\"BreadcrumbList\",\"@id\":\"https:\/\/www.accuratereviews.com\/it\/crm-software-migliori-lista\/inline-crm-recensione\/#breadcrumb\",\"itemListElement\":[{\"@type\":\"ListItem\",\"position\":1,\"name\":\"Home\",\"item\":\"https:\/\/www.accuratereviews.com\/it\/\"},{\"@type\":\"ListItem\",\"position\":2,\"name\":\"CRM: i software migliori\",\"item\":\"https:\/\/www.accuratereviews.com\/it\/crm-software-migliori-lista\/\"},{\"@type\":\"ListItem\",\"position\":3,\"name\":\"Inline CRM\"}]},{\"@type\":\"WebSite\",\"@id\":\"https:\/\/www.accuratereviews.com\/it\/#website\",\"url\":\"https:\/\/www.accuratereviews.com\/it\/\",\"name\":\"Accurate Reviews\",\"description\":\"\",\"potentialAction\":[{\"@type\":\"SearchAction\",\"target\":{\"@type\":\"EntryPoint\",\"urlTemplate\":\"https:\/\/www.accuratereviews.com\/it\/?s={search_term_string}\"},\"query-input\":{\"@type\":\"PropertyValueSpecification\",\"valueRequired\":true,\"valueName\":\"search_term_string\"}}],\"inLanguage\":\"it-IT\"}]}<\/script>\n<!-- \/ Yoast SEO plugin. -->","yoast_head_json":{"title":"Inline CRM: recensione software CRM - Accurate Reviews","description":"Inline CRM: recensione soluzione progettata specificamente per l'evasione degli ordini relativi ai contratti di assistenza veicoli.","robots":{"index":"index","follow":"follow","max-snippet":"max-snippet:-1","max-image-preview":"max-image-preview:large","max-video-preview":"max-video-preview:-1"},"canonical":"https:\/\/www.accuratereviews.com\/it\/crm-software-migliori-lista\/inline-crm-recensione\/","og_locale":"it_IT","og_type":"article","og_title":"Inline CRM: recensione software CRM - Accurate Reviews","og_description":"Inline CRM: recensione soluzione progettata specificamente per l'evasione degli ordini relativi ai contratti di assistenza veicoli.","og_url":"https:\/\/www.accuratereviews.com\/it\/crm-software-migliori-lista\/inline-crm-recensione\/","og_site_name":"Accurate Reviews","twitter_card":"summary_large_image","twitter_misc":{"Tempo di lettura stimato":"4 minuti"},"schema":{"@context":"https:\/\/schema.org","@graph":[{"@type":"WebPage","@id":"https:\/\/www.accuratereviews.com\/it\/crm-software-migliori-lista\/inline-crm-recensione\/","url":"https:\/\/www.accuratereviews.com\/it\/crm-software-migliori-lista\/inline-crm-recensione\/","name":"Inline CRM: recensione software CRM - Accurate Reviews","isPartOf":{"@id":"https:\/\/www.accuratereviews.com\/it\/#website"},"datePublished":"2025-12-18T13:43:11+00:00","description":"Inline CRM: recensione soluzione progettata specificamente per l'evasione degli ordini relativi ai contratti di assistenza veicoli.","breadcrumb":{"@id":"https:\/\/www.accuratereviews.com\/it\/crm-software-migliori-lista\/inline-crm-recensione\/#breadcrumb"},"inLanguage":"it-IT","potentialAction":[{"@type":"ReadAction","target":["https:\/\/www.accuratereviews.com\/it\/crm-software-migliori-lista\/inline-crm-recensione\/"]}]},{"@type":"BreadcrumbList","@id":"https:\/\/www.accuratereviews.com\/it\/crm-software-migliori-lista\/inline-crm-recensione\/#breadcrumb","itemListElement":[{"@type":"ListItem","position":1,"name":"Home","item":"https:\/\/www.accuratereviews.com\/it\/"},{"@type":"ListItem","position":2,"name":"CRM: i software migliori","item":"https:\/\/www.accuratereviews.com\/it\/crm-software-migliori-lista\/"},{"@type":"ListItem","position":3,"name":"Inline CRM"}]},{"@type":"WebSite","@id":"https:\/\/www.accuratereviews.com\/it\/#website","url":"https:\/\/www.accuratereviews.com\/it\/","name":"Accurate Reviews","description":"","potentialAction":[{"@type":"SearchAction","target":{"@type":"EntryPoint","urlTemplate":"https:\/\/www.accuratereviews.com\/it\/?s={search_term_string}"},"query-input":{"@type":"PropertyValueSpecification","valueRequired":true,"valueName":"search_term_string"}}],"inLanguage":"it-IT"}]}},"_links":{"self":[{"href":"https:\/\/www.accuratereviews.com\/it\/wp-json\/wp\/v2\/pages\/105639","targetHints":{"allow":["GET"]}}],"collection":[{"href":"https:\/\/www.accuratereviews.com\/it\/wp-json\/wp\/v2\/pages"}],"about":[{"href":"https:\/\/www.accuratereviews.com\/it\/wp-json\/wp\/v2\/types\/page"}],"author":[{"embeddable":true,"href":"https:\/\/www.accuratereviews.com\/it\/wp-json\/wp\/v2\/users\/19"}],"replies":[{"embeddable":true,"href":"https:\/\/www.accuratereviews.com\/it\/wp-json\/wp\/v2\/comments?post=105639"}],"version-history":[{"count":13,"href":"https:\/\/www.accuratereviews.com\/it\/wp-json\/wp\/v2\/pages\/105639\/revisions"}],"predecessor-version":[{"id":105683,"href":"https:\/\/www.accuratereviews.com\/it\/wp-json\/wp\/v2\/pages\/105639\/revisions\/105683"}],"up":[{"embeddable":true,"href":"https:\/\/www.accuratereviews.com\/it\/wp-json\/wp\/v2\/pages\/5966"}],"wp:attachment":[{"href":"https:\/\/www.accuratereviews.com\/it\/wp-json\/wp\/v2\/media?parent=105639"}],"wp:term":[{"taxonomy":"category","embeddable":true,"href":"https:\/\/www.accuratereviews.com\/it\/wp-json\/wp\/v2\/categories?post=105639"},{"taxonomy":"post_tag","embeddable":true,"href":"https:\/\/www.accuratereviews.com\/it\/wp-json\/wp\/v2\/tags?post=105639"},{"taxonomy":"features","embeddable":true,"href":"https:\/\/www.accuratereviews.com\/it\/wp-json\/wp\/v2\/features?post=105639"}],"curies":[{"name":"wp","href":"https:\/\/api.w.org\/{rel}","templated":true}]}}