{"id":105685,"date":"2025-12-19T18:01:14","date_gmt":"2025-12-19T18:01:14","guid":{"rendered":"https:\/\/www.accuratereviews.com\/?page_id=105685"},"modified":"2025-12-22T10:47:06","modified_gmt":"2025-12-22T10:47:06","slug":"orocrm-recensione","status":"publish","type":"page","link":"https:\/\/www.accuratereviews.com\/it\/crm-software-migliori-lista\/orocrm-recensione\/","title":{"rendered":"OroCRM"},"content":{"rendered":"<p><strong>OroCRM<\/strong> \u00e8 una soluzione <strong>open source<\/strong> per la gestione delle relazioni con i clienti <strong>(CRM)<\/strong> che include l&#8217;acquisizione di dati sulle interazioni con i clienti, strumenti di marketing, dashboard e altro ancora. Le interazioni con i clienti, come ticket di supporto, risposte via email e visualizzazioni dei prodotti, vengono acquisite e monitorate su pi\u00f9 punti di contatto,<strong> inclusi negozi online B2B e B2C<\/strong>, sistemi POS, campagne email e canali social. I profili dei clienti inoltre vengono sincronizzati automaticamente e gli account vengono uniti, eliminando qualsiasi duplicazione di informazioni. Gli utenti possono gestire contatti, account, lead e opportunit\u00e0, creare campagne di marketing mirate e segmentate, monitorare le prestazioni tramite dashboard personalizzabile e generare una serie di report.<\/p>\n<h2>OROCRM &#8211; TUTORIAL<\/h2>\n<div id=\"fluid-wrapper-counter-1\" class=\"g1-fluid-wrapper \" style=\"width:686px;\">\n<div style=\"padding-bottom:56.268221574344%;\"><iframe loading=\"lazy\" title=\"How to Import and Export Data in OroCRM\" width=\"686\" height=\"386\" src=\"https:\/\/www.youtube.com\/embed\/p5HrsdMUB7A?feature=oembed&amp;wmode=transparent&amp;autohide=1&amp;autoplay=0&amp;disablekb=0&amp;fs=1&amp;loop=0&amp;enablejsapi=1&amp;rel=0&amp;controls=2&amp;showinfo=0&amp;wmode=transparent&amp;autohide=2&amp;autoplay=0&amp;disablekb=0&amp;fs=1&amp;loop=0&amp;enablejsapi=1&amp;rel=0&amp;controls=2&amp;showinfo=1\" frameborder=\"0\" allow=\"accelerometer; autoplay; clipboard-write; encrypted-media; gyroscope; picture-in-picture; web-share\" referrerpolicy=\"strict-origin-when-cross-origin\" allowfullscreen><\/iframe><\/div>\n<\/div>\n<h3>OROCRM &#8211; CARATTERISTICHE<\/h3>\n<ul>\n<li><strong>Gestione di lead e opportunit\u00e0:<\/strong> monitora i lead dall&#8217;acquisizione alla conversione attraverso pipeline di vendita personalizzabili.<\/li>\n<li><strong>Previsioni e performance:<\/strong> previsioni di vendita e monitoraggio dei KPI con dashboard personalizzabili.<\/li>\n<li><strong>Gestione di contatti e account:<\/strong> visualizzazione centralizzata dei dati e delle interazioni dei clienti.<\/li>\n<li><strong>Strumenti di vendita sul campo<\/strong>: app PWA mobile per l&#8217;acquisizione di ordini offline, il monitoraggio dei percorsi e la gestione dei dati in tempo reale.<\/li>\n<li><strong>Creazione di preventivi e ordini<\/strong>: genera preventivi, stime e gestisci gli ordini, con funzionalit\u00e0 specifiche B2B come le richieste di preventivo.<\/li>\n<li><strong>Segmentazione dei clienti<\/strong>: raggruppa i clienti in base alle caratteristiche per campagne mirate.<\/li>\n<li><strong>Marketing automation<\/strong>: automatizza i flussi di lavoro e le campagne attivate.<\/li>\n<li><strong>Analisi del comportamento dei visitatori:<\/strong> comprendi l&#8217;attivit\u00e0 dei visitatori del sito web per coinvolgere i potenziali clienti.<\/li>\n<li><strong>Reporting e analisi<\/strong>: dashboard e report personalizzabili per approfondimenti aziendali.<\/li>\n<li><strong>Gestione email:<\/strong> integrazione per il monitoraggio delle e-mail.<\/li>\n<li><strong>Open source e personalizzabile<\/strong>: basato su Symfony, consente una personalizzazione approfondita per processi aziendali unici.<\/li>\n<li><strong>Integrazione eCommerce:<\/strong> si collega alle principali piattaforme (Magento, WooCommerce) per dati unificati sui clienti.<\/li>\n<li><strong>Vista cliente a 360\u00b0<\/strong>: consolida i dati su tutti i punti di contatto per un quadro completo del cliente.<\/li>\n<li><strong>Automazione del flusso di lavoro:<\/strong> progetta flussi di lavoro personalizzati per vendite, marketing e supporto.<\/li>\n<li><strong>Sicurezza:<\/strong> include protezione CSRF, audit dei dati e blocco degli account.<\/li>\n<li><strong>Amministrazione attivit\u00e0:<\/strong> bacheche Kanban, assegnazione attivit\u00e0 e monitoraggio.<\/li>\n<li><strong>Intelligenza artificiale (AI)<\/strong>: gestisce richieste complesse dei clienti con capacit\u00e0 di ragionamento.<\/li>\n<li><strong>Organizzare documenti<\/strong>: archiviazione centralizzata dei documenti.<\/li>\n<\/ul>\n<h4>LE RECENSIONI DEGLI UTENTI<\/h4>\n<p><strong>Paul &#8220;Oro offre una straordinaria flessibilit\u00e0 B2B&#8221;<\/strong><br \/>\n<strong>Pro<\/strong>: l&#8217;integrazione delle funzionalit\u00e0 CRM ed eCommerce non pu\u00f2 essere sopravvalutata. Ci piace anche la possibilit\u00e0 di adattare non solo i contenuti, ma anche i flussi di lavoro a segmenti e gruppi di utenti. Avere pi\u00f9 processi di pagamento a seconda che l&#8217;utente sia un rivenditore, un grande partner di distribuzione o solo un acquirente occasionale \u00e8 fantastico.<br \/>\n<strong>Contro<\/strong>: abbiamo dovuto personalizzare alcune delle funzionalit\u00e0, incluso il sistema di gestione dei casi (pensa alla funzionalit\u00e0 Zendesk) per utilizzarle sul front-end dell&#8217;eCommerce.<\/p>\n<p><strong>Johon Do &#8220;Di recente abbiamo convertito un altro sistema CRM a ORO. Non potremmo essere pi\u00f9 soddisfatti dei risultati.&#8221;<\/strong><br \/>\nMigliore gestione dei lead, costi inferiori, maggiore efficienza temporale<br \/>\n<strong>Pro<\/strong>: la natura open source di ORO ci ha permesso di personalizzare completamente uno strumento che soddisfacesse le nostre esigenze. Il team di ORO \u00e8 di prim&#8217;ordine. Sviluppo di qualit\u00e0, puntualit\u00e0 e ottima comunicazione. ORO \u00e8 molto pi\u00f9 conveniente rispetto a quello che usavamo prima e ad altri strumenti che abbiamo preso in considerazione.<\/p>\n<p><strong>Onur &#8220;OroCRM aumenta l&#8217;efficienza dei canali di vendita&#8221;<\/strong><br \/>\n<strong>Pro<\/strong>: OroCRM include funzionalit\u00e0 di alta qualit\u00e0 che sono abbastanza utili per aumentare i ricavi di ogni singolo canale di vendita.<br \/>\n<strong>Contro<\/strong>: Sarebbe molto utile se OroCRM potesse fornire opzioni flessibili per ciascun canale di vendita.<\/p>\n","protected":false},"excerpt":{"rendered":"<p>OroCRM \u00e8 una soluzione open source per la gestione delle relazioni con i clienti (CRM) che include l&#8217;acquisizione di dati sulle interazioni con i clienti, strumenti di marketing, dashboard e altro ancora. Le interazioni con i clienti, come ticket di supporto, risposte via email e visualizzazioni dei prodotti, vengono acquisite e monitorate su pi\u00f9 punti di contatto, inclusi negozi online B2B e B2C, sistemi POS, campagne email e canali social.<\/p>\n","protected":false},"author":19,"featured_media":105687,"parent":5966,"menu_order":0,"comment_status":"open","ping_status":"closed","template":"g1_template_page_review_new.php","meta":{"_acf_changed":false,"cwp_meta_box_check":"Yes","cwp_rev_product_name":"","cwp_rev_product_image":"","wppr_links":[],"cwp_rev_price":"0.00","wppr_options":[{"name":"Usability","value":"0"},{"name":"Speed","value":"0"},{"name":"Features","value":"0"},{"name":"Support","value":"0"},{"name":"Pricing","value":"0"}],"wppr_pros":["","","","",""],"wppr_cons":["","","","",""],"_monsterinsights_skip_tracking":false,"_monsterinsights_sitenote_active":false,"_monsterinsights_sitenote_note":"","_monsterinsights_sitenote_category":0,"footnotes":""},"categories":[120],"tags":[1835,16811,4080,427,1837,1239],"features":[],"class_list":{"0":"post-105685","1":"page","2":"type-page","3":"status-publish","4":"has-post-thumbnail","6":"category-crm-it","7":"tag-crm-2-it","8":"tag-orocrm","9":"tag-piattaforma-crm","10":"tag-programma-crm","11":"tag-software-crm-2-it","12":"tag-soluzione-crm"},"wppr_data":{"cwp_meta_box_check":"Yes","_wppr_review_template":"default","cwp_rev_product_image":"","cwp_image_link":"image","wppr_links":[],"cwp_rev_price":"0.00","wppr_pros":["","","","",""],"wppr_cons":["","","","",""],"wppr_rating":"0.00","wppr_options":{"1":{"name":"Usability","value":"0"},"2":{"name":"Speed","value":"0"},"3":{"name":"Features","value":"0"},"4":{"name":"Support","value":"0"},"5":{"name":"Pricing","value":"0"}},"wppr_review_type":"Product","wppr_review_custom_fields":{"additionalProperty":"","additionalType":"","aggregateRating":"","alternateName":"","audience":"","award":"","awards":"","brand":"","color":"","depth":"","description":"","disambiguatingDescription":"","gtin12":"","gtin13":"","gtin14":"","gtin8":"","height":"","identifier":"","image":"","isAccessoryOrSparePartFor":"","isConsumableFor":"","isRelatedTo":"","isSimilarTo":"","itemCondition":"","logo":"","mainEntityOfPage":"","manufacturer":"","material":"","model":"","mpn":"","name":"","offers":"","potentialAction":"","productID":"","productionDate":"","purchaseDate":"","releaseDate":"","review":"","reviews":"","sameAs":"","sku":"","slogan":"","subjectOf":"","url":"","weight":"","width":""}},"acf":[],"yoast_head":"<!-- This site is optimized with the Yoast SEO plugin v27.4 - https:\/\/yoast.com\/product\/yoast-seo-wordpress\/ -->\n<title>OroCRM: recensione software CRM - Accurate Reviews<\/title>\n<meta name=\"description\" content=\"OroCRM: recensione soluzione CRM open source che include l&#039;acquisizione di dati sui clienti, strumenti di marketing e altro ancora.\" \/>\n<meta name=\"robots\" content=\"index, follow, max-snippet:-1, max-image-preview:large, max-video-preview:-1\" \/>\n<link rel=\"canonical\" href=\"https:\/\/www.accuratereviews.com\/it\/crm-software-migliori-lista\/orocrm-recensione\/\" \/>\n<meta property=\"og:locale\" content=\"it_IT\" \/>\n<meta property=\"og:type\" content=\"article\" \/>\n<meta property=\"og:title\" content=\"OroCRM: recensione software CRM - Accurate Reviews\" \/>\n<meta property=\"og:description\" content=\"OroCRM: recensione soluzione CRM open source che include l&#039;acquisizione di dati sui clienti, strumenti di marketing e altro ancora.\" \/>\n<meta property=\"og:url\" content=\"https:\/\/www.accuratereviews.com\/it\/crm-software-migliori-lista\/orocrm-recensione\/\" \/>\n<meta property=\"og:site_name\" content=\"Accurate Reviews\" \/>\n<meta property=\"article:modified_time\" content=\"2025-12-22T10:47:06+00:00\" \/>\n<meta property=\"og:image\" content=\"https:\/\/www.accuratereviews.com\/wp-content\/uploads\/2025\/12\/oro-crm.png\" \/>\n\t<meta property=\"og:image:width\" content=\"400\" \/>\n\t<meta property=\"og:image:height\" content=\"400\" \/>\n\t<meta property=\"og:image:type\" content=\"image\/png\" \/>\n<meta name=\"twitter:card\" content=\"summary_large_image\" \/>\n<meta name=\"twitter:label1\" content=\"Tempo di lettura stimato\" \/>\n\t<meta name=\"twitter:data1\" content=\"4 minuti\" \/>\n<script type=\"application\/ld+json\" class=\"yoast-schema-graph\">{\"@context\":\"https:\\\/\\\/schema.org\",\"@graph\":[{\"@type\":\"WebPage\",\"@id\":\"https:\\\/\\\/www.accuratereviews.com\\\/it\\\/crm-software-migliori-lista\\\/orocrm-recensione\\\/\",\"url\":\"https:\\\/\\\/www.accuratereviews.com\\\/it\\\/crm-software-migliori-lista\\\/orocrm-recensione\\\/\",\"name\":\"OroCRM: recensione software CRM - Accurate Reviews\",\"isPartOf\":{\"@id\":\"https:\\\/\\\/www.accuratereviews.com\\\/it\\\/#website\"},\"primaryImageOfPage\":{\"@id\":\"https:\\\/\\\/www.accuratereviews.com\\\/it\\\/crm-software-migliori-lista\\\/orocrm-recensione\\\/#primaryimage\"},\"image\":{\"@id\":\"https:\\\/\\\/www.accuratereviews.com\\\/it\\\/crm-software-migliori-lista\\\/orocrm-recensione\\\/#primaryimage\"},\"thumbnailUrl\":\"https:\\\/\\\/www.accuratereviews.com\\\/wp-content\\\/uploads\\\/2025\\\/12\\\/oro-crm.png\",\"datePublished\":\"2025-12-19T18:01:14+00:00\",\"dateModified\":\"2025-12-22T10:47:06+00:00\",\"description\":\"OroCRM: recensione soluzione CRM open source che include l'acquisizione di dati sui clienti, strumenti di marketing e altro ancora.\",\"breadcrumb\":{\"@id\":\"https:\\\/\\\/www.accuratereviews.com\\\/it\\\/crm-software-migliori-lista\\\/orocrm-recensione\\\/#breadcrumb\"},\"inLanguage\":\"it-IT\",\"potentialAction\":[{\"@type\":\"ReadAction\",\"target\":[\"https:\\\/\\\/www.accuratereviews.com\\\/it\\\/crm-software-migliori-lista\\\/orocrm-recensione\\\/\"]}]},{\"@type\":\"ImageObject\",\"inLanguage\":\"it-IT\",\"@id\":\"https:\\\/\\\/www.accuratereviews.com\\\/it\\\/crm-software-migliori-lista\\\/orocrm-recensione\\\/#primaryimage\",\"url\":\"https:\\\/\\\/www.accuratereviews.com\\\/wp-content\\\/uploads\\\/2025\\\/12\\\/oro-crm.png\",\"contentUrl\":\"https:\\\/\\\/www.accuratereviews.com\\\/wp-content\\\/uploads\\\/2025\\\/12\\\/oro-crm.png\",\"width\":400,\"height\":400},{\"@type\":\"BreadcrumbList\",\"@id\":\"https:\\\/\\\/www.accuratereviews.com\\\/it\\\/crm-software-migliori-lista\\\/orocrm-recensione\\\/#breadcrumb\",\"itemListElement\":[{\"@type\":\"ListItem\",\"position\":1,\"name\":\"Home\",\"item\":\"https:\\\/\\\/www.accuratereviews.com\\\/it\\\/\"},{\"@type\":\"ListItem\",\"position\":2,\"name\":\"CRM: i software migliori\",\"item\":\"https:\\\/\\\/www.accuratereviews.com\\\/it\\\/crm-software-migliori-lista\\\/\"},{\"@type\":\"ListItem\",\"position\":3,\"name\":\"OroCRM\"}]},{\"@type\":\"WebSite\",\"@id\":\"https:\\\/\\\/www.accuratereviews.com\\\/it\\\/#website\",\"url\":\"https:\\\/\\\/www.accuratereviews.com\\\/it\\\/\",\"name\":\"Accurate Reviews\",\"description\":\"\",\"potentialAction\":[{\"@type\":\"SearchAction\",\"target\":{\"@type\":\"EntryPoint\",\"urlTemplate\":\"https:\\\/\\\/www.accuratereviews.com\\\/it\\\/?s={search_term_string}\"},\"query-input\":{\"@type\":\"PropertyValueSpecification\",\"valueRequired\":true,\"valueName\":\"search_term_string\"}}],\"inLanguage\":\"it-IT\"}]}<\/script>\n<!-- \/ Yoast SEO plugin. -->","yoast_head_json":{"title":"OroCRM: recensione software CRM - Accurate Reviews","description":"OroCRM: recensione soluzione CRM open source che include l'acquisizione di dati sui clienti, strumenti di marketing e altro ancora.","robots":{"index":"index","follow":"follow","max-snippet":"max-snippet:-1","max-image-preview":"max-image-preview:large","max-video-preview":"max-video-preview:-1"},"canonical":"https:\/\/www.accuratereviews.com\/it\/crm-software-migliori-lista\/orocrm-recensione\/","og_locale":"it_IT","og_type":"article","og_title":"OroCRM: recensione software CRM - Accurate Reviews","og_description":"OroCRM: recensione soluzione CRM open source che include l'acquisizione di dati sui clienti, strumenti di marketing e altro ancora.","og_url":"https:\/\/www.accuratereviews.com\/it\/crm-software-migliori-lista\/orocrm-recensione\/","og_site_name":"Accurate Reviews","article_modified_time":"2025-12-22T10:47:06+00:00","og_image":[{"width":400,"height":400,"url":"https:\/\/www.accuratereviews.com\/wp-content\/uploads\/2025\/12\/oro-crm.png","type":"image\/png"}],"twitter_card":"summary_large_image","twitter_misc":{"Tempo di lettura stimato":"4 minuti"},"schema":{"@context":"https:\/\/schema.org","@graph":[{"@type":"WebPage","@id":"https:\/\/www.accuratereviews.com\/it\/crm-software-migliori-lista\/orocrm-recensione\/","url":"https:\/\/www.accuratereviews.com\/it\/crm-software-migliori-lista\/orocrm-recensione\/","name":"OroCRM: recensione software CRM - Accurate Reviews","isPartOf":{"@id":"https:\/\/www.accuratereviews.com\/it\/#website"},"primaryImageOfPage":{"@id":"https:\/\/www.accuratereviews.com\/it\/crm-software-migliori-lista\/orocrm-recensione\/#primaryimage"},"image":{"@id":"https:\/\/www.accuratereviews.com\/it\/crm-software-migliori-lista\/orocrm-recensione\/#primaryimage"},"thumbnailUrl":"https:\/\/www.accuratereviews.com\/wp-content\/uploads\/2025\/12\/oro-crm.png","datePublished":"2025-12-19T18:01:14+00:00","dateModified":"2025-12-22T10:47:06+00:00","description":"OroCRM: recensione soluzione CRM open source che include l'acquisizione di dati sui clienti, strumenti di marketing e altro ancora.","breadcrumb":{"@id":"https:\/\/www.accuratereviews.com\/it\/crm-software-migliori-lista\/orocrm-recensione\/#breadcrumb"},"inLanguage":"it-IT","potentialAction":[{"@type":"ReadAction","target":["https:\/\/www.accuratereviews.com\/it\/crm-software-migliori-lista\/orocrm-recensione\/"]}]},{"@type":"ImageObject","inLanguage":"it-IT","@id":"https:\/\/www.accuratereviews.com\/it\/crm-software-migliori-lista\/orocrm-recensione\/#primaryimage","url":"https:\/\/www.accuratereviews.com\/wp-content\/uploads\/2025\/12\/oro-crm.png","contentUrl":"https:\/\/www.accuratereviews.com\/wp-content\/uploads\/2025\/12\/oro-crm.png","width":400,"height":400},{"@type":"BreadcrumbList","@id":"https:\/\/www.accuratereviews.com\/it\/crm-software-migliori-lista\/orocrm-recensione\/#breadcrumb","itemListElement":[{"@type":"ListItem","position":1,"name":"Home","item":"https:\/\/www.accuratereviews.com\/it\/"},{"@type":"ListItem","position":2,"name":"CRM: i software migliori","item":"https:\/\/www.accuratereviews.com\/it\/crm-software-migliori-lista\/"},{"@type":"ListItem","position":3,"name":"OroCRM"}]},{"@type":"WebSite","@id":"https:\/\/www.accuratereviews.com\/it\/#website","url":"https:\/\/www.accuratereviews.com\/it\/","name":"Accurate Reviews","description":"","potentialAction":[{"@type":"SearchAction","target":{"@type":"EntryPoint","urlTemplate":"https:\/\/www.accuratereviews.com\/it\/?s={search_term_string}"},"query-input":{"@type":"PropertyValueSpecification","valueRequired":true,"valueName":"search_term_string"}}],"inLanguage":"it-IT"}]}},"_links":{"self":[{"href":"https:\/\/www.accuratereviews.com\/it\/wp-json\/wp\/v2\/pages\/105685","targetHints":{"allow":["GET"]}}],"collection":[{"href":"https:\/\/www.accuratereviews.com\/it\/wp-json\/wp\/v2\/pages"}],"about":[{"href":"https:\/\/www.accuratereviews.com\/it\/wp-json\/wp\/v2\/types\/page"}],"author":[{"embeddable":true,"href":"https:\/\/www.accuratereviews.com\/it\/wp-json\/wp\/v2\/users\/19"}],"replies":[{"embeddable":true,"href":"https:\/\/www.accuratereviews.com\/it\/wp-json\/wp\/v2\/comments?post=105685"}],"version-history":[{"count":13,"href":"https:\/\/www.accuratereviews.com\/it\/wp-json\/wp\/v2\/pages\/105685\/revisions"}],"predecessor-version":[{"id":105797,"href":"https:\/\/www.accuratereviews.com\/it\/wp-json\/wp\/v2\/pages\/105685\/revisions\/105797"}],"up":[{"embeddable":true,"href":"https:\/\/www.accuratereviews.com\/it\/wp-json\/wp\/v2\/pages\/5966"}],"wp:featuredmedia":[{"embeddable":true,"href":"https:\/\/www.accuratereviews.com\/it\/wp-json\/wp\/v2\/media\/105687"}],"wp:attachment":[{"href":"https:\/\/www.accuratereviews.com\/it\/wp-json\/wp\/v2\/media?parent=105685"}],"wp:term":[{"taxonomy":"category","embeddable":true,"href":"https:\/\/www.accuratereviews.com\/it\/wp-json\/wp\/v2\/categories?post=105685"},{"taxonomy":"post_tag","embeddable":true,"href":"https:\/\/www.accuratereviews.com\/it\/wp-json\/wp\/v2\/tags?post=105685"},{"taxonomy":"features","embeddable":true,"href":"https:\/\/www.accuratereviews.com\/it\/wp-json\/wp\/v2\/features?post=105685"}],"curies":[{"name":"wp","href":"https:\/\/api.w.org\/{rel}","templated":true}]}}