{"id":105771,"date":"2025-12-22T17:01:33","date_gmt":"2025-12-22T17:01:33","guid":{"rendered":"https:\/\/www.accuratereviews.com\/?page_id=105771"},"modified":"2025-12-22T17:01:33","modified_gmt":"2025-12-22T17:01:33","slug":"equp-recensione","status":"publish","type":"page","link":"https:\/\/www.accuratereviews.com\/it\/crm-software-migliori-lista\/equp-recensione\/","title":{"rendered":"EQUP"},"content":{"rendered":"<p><strong>EQUP<\/strong> \u00e8 progettato per colmare il divario tra le soluzioni attualmente disponibili e le esigenze dei titolari di piccole imprese. Offre un <strong>software CRM<\/strong> completo. Include una variet\u00e0 di funzionalit\u00e0 essenziali e aggiuntive per consentirti di espandere la tua azienda. Per aumentare le vendite, devi fare le scelte giuste in ogni area della tua attivit\u00e0. Oltre ad avere un prezzo ragionevole, il programma esamina attentamente tutte le procedure di vendita per attrarre e fidelizzare i clienti. La<strong> marketing automation<\/strong> \u00e8 una tecnica per gestire le attivit\u00e0 di marketing al fine di attrarre clienti da diversi canali risparmiando tempo. L<strong>&#8216;analisi CRM<\/strong> \u00e8 un tipo di programma che monitora le informazioni sui clienti, come la cronologia degli acquisti e le attivit\u00e0 in corso, per indirizzarli in modo appropriato. Inoltre, utilizza informazioni statistiche per evitare di perdere lead di alta qualit\u00e0 e risparmiare tempo e risorse.<\/p>\n<h2>EQUP &#8211; TUTORIAL<\/h2>\n<div id=\"fluid-wrapper-counter-1\" class=\"g1-fluid-wrapper \" style=\"width:686px;\">\n<div style=\"padding-bottom:56.268221574344%;\"><iframe loading=\"lazy\" title=\"EQUP&#039;s Service Suite: Customer-centric service management and billing tool to transform your growth.\" width=\"686\" height=\"386\" src=\"https:\/\/www.youtube.com\/embed\/mT3KLYCDl5M?feature=oembed&amp;wmode=transparent&amp;autohide=1&amp;autoplay=0&amp;disablekb=0&amp;fs=1&amp;loop=0&amp;enablejsapi=1&amp;rel=0&amp;controls=2&amp;showinfo=0&amp;wmode=transparent&amp;autohide=2&amp;autoplay=0&amp;disablekb=0&amp;fs=1&amp;loop=0&amp;enablejsapi=1&amp;rel=0&amp;controls=2&amp;showinfo=1\" frameborder=\"0\" allow=\"accelerometer; autoplay; clipboard-write; encrypted-media; gyroscope; picture-in-picture; web-share\" referrerpolicy=\"strict-origin-when-cross-origin\" allowfullscreen><\/iframe><\/div>\n<\/div>\n<h3>EQUP &#8211; CARATTERISTICHE<\/h3>\n<ul>\n<li>Crea il tuo CRM in base alle esigenze della tua azienda.<\/li>\n<li>Coinvolgi, collabora e rimani connesso.<\/li>\n<li>Di&#8217; addio alle attivit\u00e0 manuali sui documenti.<\/li>\n<li>Pianifica, programma e assegna priorit\u00e0 alle attivit\u00e0 come un professionista.<\/li>\n<li>Ottieni informazioni utili e resta informato.<\/li>\n<li>Effettua, ricevi e registra chiamate senza problemi, tutto in un&#8217;unica soluzione.<\/li>\n<li>Pipeline automatizzate per vendite efficaci ed efficienti.<\/li>\n<li>Aumenta la portata con l&#8217;email marketing basato sull&#8217;IA.<\/li>\n<li>Messaggistica istantanea diretta per campagne di marketing mirate.<\/li>\n<li>Aumenta il coinvolgimento tramite SMS marketing diretto e mirato.<\/li>\n<li>Genera lead qualificati per la tua azienda.<\/li>\n<li>Pianifica e monitora in modo efficiente i post sui social media.<\/li>\n<li>Gestisci i team, assegna ruoli, controlla i permessi degli utenti.<\/li>\n<li>Automatizza la fatturazione, monitora i pagamenti, invia promemoria intuitivi.<\/li>\n<li>Collabora a livello globale, firma da qualsiasi luogo.<\/li>\n<li>Dedica meno tempo alle stime e pi\u00f9 tempo alle attivit\u00e0.<\/li>\n<li>Schedule basato sull&#8217;AI per un maggior numero di appuntamenti.<\/li>\n<li>Abilita prenotazioni e pagamenti online.<\/li>\n<li>Bot con AI per lead generation, supporto e formazione.<\/li>\n<li>Ottimizza i processi, aumenta l&#8217;efficienza con l&#8217;automazione.<\/li>\n<li>Configura una volta e gestisci la tua attivit\u00e0 in modalit\u00e0 automatica.<\/li>\n<li>Accetta pagamenti ricorrenti per i servizi offerti.<\/li>\n<li>Verifica l&#8217;accuratezza e la recapitabilit\u00e0 delle email.<\/li>\n<li>Onboarding e migrazione senza interruzioni con un solo clic.<\/li>\n<li>Moduli personalizzati per diverse esigenze di raccolta dati.<\/li>\n<li>Landing page coinvolgenti per migliorare la conversione.<\/li>\n<\/ul>\n<h4>LE RECENSIONI DEGLI UTENTI<\/h4>\n<p><strong>Elisa &#8220;EQUP soluzione All in One&#8221;<\/strong><br \/>\nEQUP \u00e8 la soluzione All in one, \u00e8 perfetta per piccole aziende. Hai la gestione di tutto, non solo al livello di marketing, che utilizzo e mi sono trovata sia io che i colleghi benissimo, SMS ed Email Marketing consigliatissima!<br \/>\nMa ha altre soluzioni perfette per un PMI, fatturazione, monitoraggio, Lead un CRM con i fiocchi&#8230;super consigliato!<br \/>\n<strong>Pro<\/strong>: un CRM completo, non solo per la parte di Marketing. Importazione ed esportazione contatti veloce e semplice. Campagne sms ed Email ben monitorate e con ottimi risultati, analisi di essa completa. Presenta anche molte soluzioni. Assistenza top<br \/>\n<strong>Contro<\/strong>: nessun inconveniente, bisogna prenderci la mano. Utilizzato solo per SMS ed Email marketing.<\/p>\n<p><strong>Marek &#8220;Recensione EQUP&#8221;<\/strong><br \/>\nLa mia esperienza complessiva con EQUP \u00e8 stata positiva. Mi ha aiutato a rimanere organizzato e a semplificare il processo di gestione delle attivit\u00e0. La possibilit\u00e0 di assegnare attivit\u00e0, stabilire scadenze e monitorare i progressi \u00e8 stata utile sia per i progetti individuali che per quelli di gruppo. La piattaforma \u00e8 affidabile e intuitiva, il che la rende uno strumento prezioso per migliorare la produttivit\u00e0 e la collaborazione.<br \/>\n<strong>Pro<\/strong>: uno degli aspetti che ho apprezzato di pi\u00f9 di EQUP \u00e8 stata la sua interfaccia intuitiva. Era intuitiva e facile da usare, semplificando la gestione di attivit\u00e0 e progetti. Inoltre, le funzionalit\u00e0 collaborative mi hanno permesso di lavorare in modo efficiente con il mio team e di rimanere organizzato.<br \/>\n<strong>Contro<\/strong>: l&#8217;aspetto che ho apprezzato meno di EQUP sono state le limitate possibilit\u00e0 di integrazione con altri software e strumenti. Pur offrendo un solido set di funzionalit\u00e0 per la gestione delle attivit\u00e0, sarebbe stato pi\u00f9 utile se avesse avuto un&#8217;integrazione fluida con i pi\u00f9 diffusi strumenti di produttivit\u00e0 che gi\u00e0 utilizzo. Tuttavia, le funzionalit\u00e0 principali di EQUP si sono comunque rivelate preziose.<\/p>\n<p><strong>Marc &#8220;EQUP ti aiuta a gestire la tua attivit\u00e0, il tuo tempo, le tue fatture e a ridurre i grattacapi.&#8221;<\/strong><br \/>\nfatturazione nel pi\u00f9 grande, con la possibilit\u00e0 di utilizzare diverse opzioni e personalizzazione, oltre a tenere tutto in un unico posto per i tuoi clienti (CRM)<br \/>\n<strong>Pro<\/strong>: \u00e8 veloce, \u00e8 gratuito. S\u00ec, ci vuole un po&#8217; di tempo per configurarlo, ma tutto ci\u00f2 che vale la pena dedicarci del tempo lo fa e ti aiuteranno anche a configurarlo (di nuovo, tutto gratis) e se TI fa risparmiare tempo\/denaro (e lo far\u00e0), allora sentiti libero di passare al piano pro che sblocca ancora pi\u00f9 funzionalit\u00e0 man mano che la tua attivit\u00e0 cresce, equp crescer\u00e0 con te. Ti far\u00e0 risparmiare tempo sulla fatturazione, CRM e gestione della tua attivit\u00e0.<br \/>\n<strong>Contro<\/strong>: ancora relativamente nuovo, ma aggiunge sempre nuove funzionalit\u00e0 e il team di produzione risponder\u00e0 sempre.<\/p>\n","protected":false},"excerpt":{"rendered":"<p>EQUP \u00e8 progettato per colmare il divario tra le soluzioni attualmente disponibili e le esigenze dei titolari di piccole imprese. Offre un software CRM completo. Include una variet\u00e0 di funzionalit\u00e0 essenziali e aggiuntive per consentirti di espandere la tua azienda. Per aumentare le vendite, devi fare le scelte giuste in ogni area della tua attivit\u00e0.<\/p>\n","protected":false},"author":19,"featured_media":105772,"parent":5966,"menu_order":0,"comment_status":"open","ping_status":"closed","template":"g1_template_page_review_new.php","meta":{"_acf_changed":false,"cwp_meta_box_check":"Yes","cwp_rev_product_name":"","cwp_rev_product_image":"","wppr_links":[],"cwp_rev_price":"0.00","wppr_options":[{"name":"Usability","value":"0"},{"name":"Speed","value":"0"},{"name":"Features","value":"0"},{"name":"Support","value":"0"},{"name":"Pricing","value":"0"}],"wppr_pros":["","","","",""],"wppr_cons":["","","","",""],"_monsterinsights_skip_tracking":false,"_monsterinsights_sitenote_active":false,"_monsterinsights_sitenote_note":"","_monsterinsights_sitenote_category":0,"footnotes":""},"categories":[120],"tags":[1835,16828,4080,427,1837,1239],"features":[],"class_list":{"0":"post-105771","1":"page","2":"type-page","3":"status-publish","4":"has-post-thumbnail","6":"category-crm-it","7":"tag-crm-2-it","8":"tag-equp","9":"tag-piattaforma-crm","10":"tag-programma-crm","11":"tag-software-crm-2-it","12":"tag-soluzione-crm"},"wppr_data":{"cwp_meta_box_check":"Yes","_wppr_review_template":"default","cwp_rev_product_image":"","cwp_image_link":"image","wppr_links":[],"cwp_rev_price":"0.00","wppr_pros":["","","","",""],"wppr_cons":["","","","",""],"wppr_rating":"0.00","wppr_options":{"1":{"name":"Usability","value":"0"},"2":{"name":"Speed","value":"0"},"3":{"name":"Features","value":"0"},"4":{"name":"Support","value":"0"},"5":{"name":"Pricing","value":"0"}},"wppr_review_type":"Product","wppr_review_custom_fields":{"additionalProperty":"","additionalType":"","aggregateRating":"","alternateName":"","audience":"","award":"","awards":"","brand":"","color":"","depth":"","description":"","disambiguatingDescription":"","gtin12":"","gtin13":"","gtin14":"","gtin8":"","height":"","identifier":"","image":"","isAccessoryOrSparePartFor":"","isConsumableFor":"","isRelatedTo":"","isSimilarTo":"","itemCondition":"","logo":"","mainEntityOfPage":"","manufacturer":"","material":"","model":"","mpn":"","name":"","offers":"","potentialAction":"","productID":"","productionDate":"","purchaseDate":"","releaseDate":"","review":"","reviews":"","sameAs":"","sku":"","slogan":"","subjectOf":"","url":"","weight":"","width":""}},"acf":[],"yoast_head":"<!-- This site is optimized with the Yoast SEO plugin v27.4 - https:\/\/yoast.com\/product\/yoast-seo-wordpress\/ -->\n<title>EQUP: recensione software CRM - Accurate Reviews<\/title>\n<meta name=\"description\" content=\"EQUP: recensione software CRM progettato per colmare il divario tra le soluzioni attualmente disponibili e le esigenze degli utenti.\" \/>\n<meta name=\"robots\" content=\"index, follow, max-snippet:-1, max-image-preview:large, max-video-preview:-1\" \/>\n<link rel=\"canonical\" href=\"https:\/\/www.accuratereviews.com\/it\/crm-software-migliori-lista\/equp-recensione\/\" \/>\n<meta property=\"og:locale\" content=\"it_IT\" \/>\n<meta property=\"og:type\" content=\"article\" \/>\n<meta property=\"og:title\" content=\"EQUP: recensione software CRM - Accurate Reviews\" \/>\n<meta property=\"og:description\" content=\"EQUP: recensione software CRM progettato per colmare il divario tra le soluzioni attualmente disponibili e le esigenze degli utenti.\" \/>\n<meta property=\"og:url\" content=\"https:\/\/www.accuratereviews.com\/it\/crm-software-migliori-lista\/equp-recensione\/\" \/>\n<meta property=\"og:site_name\" content=\"Accurate Reviews\" \/>\n<meta property=\"og:image\" content=\"https:\/\/www.accuratereviews.com\/wp-content\/uploads\/2025\/12\/equp.png\" \/>\n\t<meta property=\"og:image:width\" content=\"256\" \/>\n\t<meta property=\"og:image:height\" content=\"256\" \/>\n\t<meta property=\"og:image:type\" content=\"image\/png\" \/>\n<meta name=\"twitter:card\" content=\"summary_large_image\" \/>\n<meta name=\"twitter:label1\" content=\"Tempo di lettura stimato\" \/>\n\t<meta name=\"twitter:data1\" content=\"6 minuti\" \/>\n<script type=\"application\/ld+json\" class=\"yoast-schema-graph\">{\"@context\":\"https:\\\/\\\/schema.org\",\"@graph\":[{\"@type\":\"WebPage\",\"@id\":\"https:\\\/\\\/www.accuratereviews.com\\\/it\\\/crm-software-migliori-lista\\\/equp-recensione\\\/\",\"url\":\"https:\\\/\\\/www.accuratereviews.com\\\/it\\\/crm-software-migliori-lista\\\/equp-recensione\\\/\",\"name\":\"EQUP: recensione software CRM - Accurate Reviews\",\"isPartOf\":{\"@id\":\"https:\\\/\\\/www.accuratereviews.com\\\/it\\\/#website\"},\"primaryImageOfPage\":{\"@id\":\"https:\\\/\\\/www.accuratereviews.com\\\/it\\\/crm-software-migliori-lista\\\/equp-recensione\\\/#primaryimage\"},\"image\":{\"@id\":\"https:\\\/\\\/www.accuratereviews.com\\\/it\\\/crm-software-migliori-lista\\\/equp-recensione\\\/#primaryimage\"},\"thumbnailUrl\":\"https:\\\/\\\/www.accuratereviews.com\\\/wp-content\\\/uploads\\\/2025\\\/12\\\/equp.png\",\"datePublished\":\"2025-12-22T17:01:33+00:00\",\"description\":\"EQUP: recensione software CRM progettato per colmare il divario tra le soluzioni attualmente disponibili e le esigenze degli utenti.\",\"breadcrumb\":{\"@id\":\"https:\\\/\\\/www.accuratereviews.com\\\/it\\\/crm-software-migliori-lista\\\/equp-recensione\\\/#breadcrumb\"},\"inLanguage\":\"it-IT\",\"potentialAction\":[{\"@type\":\"ReadAction\",\"target\":[\"https:\\\/\\\/www.accuratereviews.com\\\/it\\\/crm-software-migliori-lista\\\/equp-recensione\\\/\"]}]},{\"@type\":\"ImageObject\",\"inLanguage\":\"it-IT\",\"@id\":\"https:\\\/\\\/www.accuratereviews.com\\\/it\\\/crm-software-migliori-lista\\\/equp-recensione\\\/#primaryimage\",\"url\":\"https:\\\/\\\/www.accuratereviews.com\\\/wp-content\\\/uploads\\\/2025\\\/12\\\/equp.png\",\"contentUrl\":\"https:\\\/\\\/www.accuratereviews.com\\\/wp-content\\\/uploads\\\/2025\\\/12\\\/equp.png\",\"width\":256,\"height\":256},{\"@type\":\"BreadcrumbList\",\"@id\":\"https:\\\/\\\/www.accuratereviews.com\\\/it\\\/crm-software-migliori-lista\\\/equp-recensione\\\/#breadcrumb\",\"itemListElement\":[{\"@type\":\"ListItem\",\"position\":1,\"name\":\"Home\",\"item\":\"https:\\\/\\\/www.accuratereviews.com\\\/it\\\/\"},{\"@type\":\"ListItem\",\"position\":2,\"name\":\"CRM: i software migliori\",\"item\":\"https:\\\/\\\/www.accuratereviews.com\\\/it\\\/crm-software-migliori-lista\\\/\"},{\"@type\":\"ListItem\",\"position\":3,\"name\":\"EQUP\"}]},{\"@type\":\"WebSite\",\"@id\":\"https:\\\/\\\/www.accuratereviews.com\\\/it\\\/#website\",\"url\":\"https:\\\/\\\/www.accuratereviews.com\\\/it\\\/\",\"name\":\"Accurate Reviews\",\"description\":\"\",\"potentialAction\":[{\"@type\":\"SearchAction\",\"target\":{\"@type\":\"EntryPoint\",\"urlTemplate\":\"https:\\\/\\\/www.accuratereviews.com\\\/it\\\/?s={search_term_string}\"},\"query-input\":{\"@type\":\"PropertyValueSpecification\",\"valueRequired\":true,\"valueName\":\"search_term_string\"}}],\"inLanguage\":\"it-IT\"}]}<\/script>\n<!-- \/ Yoast SEO plugin. -->","yoast_head_json":{"title":"EQUP: recensione software CRM - Accurate Reviews","description":"EQUP: recensione software CRM progettato per colmare il divario tra le soluzioni attualmente disponibili e le esigenze degli utenti.","robots":{"index":"index","follow":"follow","max-snippet":"max-snippet:-1","max-image-preview":"max-image-preview:large","max-video-preview":"max-video-preview:-1"},"canonical":"https:\/\/www.accuratereviews.com\/it\/crm-software-migliori-lista\/equp-recensione\/","og_locale":"it_IT","og_type":"article","og_title":"EQUP: recensione software CRM - Accurate Reviews","og_description":"EQUP: recensione software CRM progettato per colmare il divario tra le soluzioni attualmente disponibili e le esigenze degli utenti.","og_url":"https:\/\/www.accuratereviews.com\/it\/crm-software-migliori-lista\/equp-recensione\/","og_site_name":"Accurate Reviews","og_image":[{"width":256,"height":256,"url":"https:\/\/www.accuratereviews.com\/wp-content\/uploads\/2025\/12\/equp.png","type":"image\/png"}],"twitter_card":"summary_large_image","twitter_misc":{"Tempo di lettura stimato":"6 minuti"},"schema":{"@context":"https:\/\/schema.org","@graph":[{"@type":"WebPage","@id":"https:\/\/www.accuratereviews.com\/it\/crm-software-migliori-lista\/equp-recensione\/","url":"https:\/\/www.accuratereviews.com\/it\/crm-software-migliori-lista\/equp-recensione\/","name":"EQUP: recensione software CRM - Accurate Reviews","isPartOf":{"@id":"https:\/\/www.accuratereviews.com\/it\/#website"},"primaryImageOfPage":{"@id":"https:\/\/www.accuratereviews.com\/it\/crm-software-migliori-lista\/equp-recensione\/#primaryimage"},"image":{"@id":"https:\/\/www.accuratereviews.com\/it\/crm-software-migliori-lista\/equp-recensione\/#primaryimage"},"thumbnailUrl":"https:\/\/www.accuratereviews.com\/wp-content\/uploads\/2025\/12\/equp.png","datePublished":"2025-12-22T17:01:33+00:00","description":"EQUP: recensione software CRM progettato per colmare il divario tra le soluzioni attualmente disponibili e le esigenze degli utenti.","breadcrumb":{"@id":"https:\/\/www.accuratereviews.com\/it\/crm-software-migliori-lista\/equp-recensione\/#breadcrumb"},"inLanguage":"it-IT","potentialAction":[{"@type":"ReadAction","target":["https:\/\/www.accuratereviews.com\/it\/crm-software-migliori-lista\/equp-recensione\/"]}]},{"@type":"ImageObject","inLanguage":"it-IT","@id":"https:\/\/www.accuratereviews.com\/it\/crm-software-migliori-lista\/equp-recensione\/#primaryimage","url":"https:\/\/www.accuratereviews.com\/wp-content\/uploads\/2025\/12\/equp.png","contentUrl":"https:\/\/www.accuratereviews.com\/wp-content\/uploads\/2025\/12\/equp.png","width":256,"height":256},{"@type":"BreadcrumbList","@id":"https:\/\/www.accuratereviews.com\/it\/crm-software-migliori-lista\/equp-recensione\/#breadcrumb","itemListElement":[{"@type":"ListItem","position":1,"name":"Home","item":"https:\/\/www.accuratereviews.com\/it\/"},{"@type":"ListItem","position":2,"name":"CRM: i software migliori","item":"https:\/\/www.accuratereviews.com\/it\/crm-software-migliori-lista\/"},{"@type":"ListItem","position":3,"name":"EQUP"}]},{"@type":"WebSite","@id":"https:\/\/www.accuratereviews.com\/it\/#website","url":"https:\/\/www.accuratereviews.com\/it\/","name":"Accurate Reviews","description":"","potentialAction":[{"@type":"SearchAction","target":{"@type":"EntryPoint","urlTemplate":"https:\/\/www.accuratereviews.com\/it\/?s={search_term_string}"},"query-input":{"@type":"PropertyValueSpecification","valueRequired":true,"valueName":"search_term_string"}}],"inLanguage":"it-IT"}]}},"_links":{"self":[{"href":"https:\/\/www.accuratereviews.com\/it\/wp-json\/wp\/v2\/pages\/105771","targetHints":{"allow":["GET"]}}],"collection":[{"href":"https:\/\/www.accuratereviews.com\/it\/wp-json\/wp\/v2\/pages"}],"about":[{"href":"https:\/\/www.accuratereviews.com\/it\/wp-json\/wp\/v2\/types\/page"}],"author":[{"embeddable":true,"href":"https:\/\/www.accuratereviews.com\/it\/wp-json\/wp\/v2\/users\/19"}],"replies":[{"embeddable":true,"href":"https:\/\/www.accuratereviews.com\/it\/wp-json\/wp\/v2\/comments?post=105771"}],"version-history":[{"count":7,"href":"https:\/\/www.accuratereviews.com\/it\/wp-json\/wp\/v2\/pages\/105771\/revisions"}],"predecessor-version":[{"id":105815,"href":"https:\/\/www.accuratereviews.com\/it\/wp-json\/wp\/v2\/pages\/105771\/revisions\/105815"}],"up":[{"embeddable":true,"href":"https:\/\/www.accuratereviews.com\/it\/wp-json\/wp\/v2\/pages\/5966"}],"wp:featuredmedia":[{"embeddable":true,"href":"https:\/\/www.accuratereviews.com\/it\/wp-json\/wp\/v2\/media\/105772"}],"wp:attachment":[{"href":"https:\/\/www.accuratereviews.com\/it\/wp-json\/wp\/v2\/media?parent=105771"}],"wp:term":[{"taxonomy":"category","embeddable":true,"href":"https:\/\/www.accuratereviews.com\/it\/wp-json\/wp\/v2\/categories?post=105771"},{"taxonomy":"post_tag","embeddable":true,"href":"https:\/\/www.accuratereviews.com\/it\/wp-json\/wp\/v2\/tags?post=105771"},{"taxonomy":"features","embeddable":true,"href":"https:\/\/www.accuratereviews.com\/it\/wp-json\/wp\/v2\/features?post=105771"}],"curies":[{"name":"wp","href":"https:\/\/api.w.org\/{rel}","templated":true}]}}