{"id":105838,"date":"2025-12-24T14:24:17","date_gmt":"2025-12-24T14:24:17","guid":{"rendered":"https:\/\/www.accuratereviews.com\/?page_id=105838"},"modified":"2025-12-24T14:24:17","modified_gmt":"2025-12-24T14:24:17","slug":"contact-boss-recensione","status":"publish","type":"page","link":"https:\/\/www.accuratereviews.com\/it\/crm-software-migliori-lista\/contact-boss-recensione\/","title":{"rendered":"Contact Boss"},"content":{"rendered":"<p><strong>Contact Boss<\/strong> \u00e8 una <strong>soluzione CRM<\/strong> e di gestione database per organizzare i dati di contatto e le comunicazioni con i clienti al fine di generare lead. La funzionalit\u00e0 di supporto dei dati legacy consente agli utenti di caricare e unire database esistenti e di rilevare voci duplicate. Le funzionalit\u00e0 principali di <strong>Contact Boss<\/strong> includono contatti condivisi, azioni in blocco, importazione\/esportazione di contatti, campi personalizzabili, monitoraggio delle interazioni, gestione dei lead e un database di contatti. L&#8217;integrazione con Gmail, Apple Mail, Outlook e altre applicazioni di posta elettronica consente ai team di scaricare i contatti e inviare email ai clienti, facilitando la comunicazione. La funzionalit\u00e0 di ricerca consente alle aziende di individuare i contatti utilizzando filtri come date di eventi, nome parziale, qualifica, data di inserimento, azienda, nome di riferimento o dati personali. I manager possono generare report su inserimenti, accessi e modifiche, nonch\u00e9 concedere autorizzazioni di accesso ai membri dello staff.<\/p>\n<h2>CONTACT BOSS &#8211; TUTORIAL<\/h2>\n<div id=\"fluid-wrapper-counter-1\" class=\"g1-fluid-wrapper \" style=\"width:686px;\">\n<div style=\"padding-bottom:56.268221574344%;\"><iframe loading=\"lazy\" title=\"Five Reasons Your Business Should Consider Using Contact Boss\" width=\"686\" height=\"386\" src=\"https:\/\/www.youtube.com\/embed\/mTzCYQ3X2uI?feature=oembed&amp;wmode=transparent&amp;autohide=1&amp;autoplay=0&amp;disablekb=0&amp;fs=1&amp;loop=0&amp;enablejsapi=1&amp;rel=0&amp;controls=2&amp;showinfo=0&amp;wmode=transparent&amp;autohide=2&amp;autoplay=0&amp;disablekb=0&amp;fs=1&amp;loop=0&amp;enablejsapi=1&amp;rel=0&amp;controls=2&amp;showinfo=1\" frameborder=\"0\" allow=\"accelerometer; autoplay; clipboard-write; encrypted-media; gyroscope; picture-in-picture; web-share\" referrerpolicy=\"strict-origin-when-cross-origin\" allowfullscreen><\/iframe><\/div>\n<\/div>\n<h3>CONTACT BOSS &#8211; CARATTERISTICHE<\/h3>\n<ul>\n<li>Scopri potenti strumenti progettati per semplificare la gestione dei contatti e aumentare l&#8217;efficienza aziendale.<\/li>\n<li>Funzioni intuitive e leggere<\/li>\n<li>Acquisisci contatti e crea email in un unico posto<\/li>\n<li>Trasferimento dati legacy<\/li>\n<li>Ricerche \u00a0affidabili<\/li>\n<li>Monitora le attivit\u00e0 con registri dei visitatori e delle chiamate<\/li>\n<li>Eventi facili da creare e gestire<\/li>\n<li>Convalida dei contatti<\/li>\n<li>Raggruppamento dei contatti<\/li>\n<li>Acquisisci richieste in modo rapido e semplice<\/li>\n<li>Archivia i tuoi dati di contatto in modo sicuro nel cloud<\/li>\n<li>Funzioni di controllo e sicurezza<\/li>\n<li>Flessibilit\u00e0 integrata<\/li>\n<li>Crea promemoria e report<\/li>\n<\/ul>\n<h4>LE RECENSIONI DEGLI UTENTI<\/h4>\n<p><strong>Rory &#8220;Contact Boss \u00e8 stata la soluzione giusta&#8221;<\/strong><br \/>\nLa nostra esperienza con CB \u00e8 stata molto positiva. L&#8217;interfaccia intuitiva ha reso l&#8217;adozione del software da parte di tutto il personale dell&#8217;ufficio pi\u00f9 semplice del solito.<br \/>\n<strong>Pro<\/strong>: Il nostro ufficio non aveva bisogno delle mega-soluzioni offerte dai provider pi\u00f9 grandi, che utilizzano solo una piccola parte delle funzionalit\u00e0. Contact Boss offriva un prodotto facile da usare, con funzionalit\u00e0 pratiche e un&#8217;ottima funzione di ricerca. Organizziamo molti eventi, quindi la compatibilit\u00e0 con EventBrite e l&#8217;acquisizione dei partecipanti \u00e8 stata eccellente. Le funzionalit\u00e0 di audit e tracciamento sono una piacevole sorpresa, che non mi aspetterei da un prodotto a basso costo come Contact Boss.<br \/>\n<strong>Contro<\/strong>: inizialmente abbiamo avuto un problema con il trasferimento dei dati legacy dal nostro vecchio sistema a CB. Ma il personale di Contact Boss si \u00e8 occupato della questione e il trasferimento \u00e8 andato a buon fine senza intoppi.<\/p>\n<p><strong>Nik &#8220;Semplice, potente e facile da usare&#8221;<\/strong><br \/>\nSi tratta di uno strumento fantastico per tenere organizzato un ampio database di contatti senza dover ricorrere a un CRM macchinoso con un sacco di funzionalit\u00e0 che non vengono mai utilizzate.<br \/>\n<strong>Pro<\/strong>: l&#8217;esperienza di onboarding \u00e8 intuitiva e semplice; una volta attivata la prova gratuita, non c&#8217;\u00e8 bisogno di imparare a utilizzare il software. Apprezzo particolarmente le opzioni predefinite disponibili, ad esempio l&#8217;identificazione dei tipi di contatto e dei relativi ruoli, gi\u00e0 inclusi di default. Questo mi ha permesso di iniziare subito a inserire i contatti e ad assegnare i loro ruoli senza dover prima capire come creare tipi di ruolo personalizzati. Le altre funzionalit\u00e0 degne di nota che apprezzo sono le funzionalit\u00e0 di ricerca ed esportazione. Inoltre, l&#8217;integrazione dei moduli \u00e8 un ottimo modo per consentire ai contatti del nostro sito web che compilano il modulo di essere creati automaticamente come contatti in ContactBoss, riducendo cos\u00ec le ore di inserimento manuale dei dati.<br \/>\n<strong>Contro<\/strong>: sebbene il generatore di moduli predefinito sia ottimo, il flusso di lavoro per i moduli aziendali che utilizziamo sui nostri siti \u00e8 integrato anche con altri strumenti. Sarebbe fantastico avere un&#8217;integrazione con Zapier, in questo modo consentirebbe ad altri strumenti di moduli di immettere dati direttamente in ContactBoss, consentendo al contempo di continuare a utilizzare le integrazioni esistenti con altri strumenti.<\/p>\n<p><strong>Nindiya &#8220;Contact Boss recensione&#8221;<\/strong><br \/>\nSono molto soddisfatto del servizio clienti e della pronta risposta in caso di problemi.<br \/>\n<strong>Pro<\/strong>: mi piace perch\u00e9 \u00e8 facile da usare e possiamo personalizzarlo in base alle nostre esigenze.<br \/>\n<strong>Contro<\/strong>: vorrei vedere pi\u00f9 elementi grafici personalizzati per il software, in modo che assomiglino al marchio del nostro programma.<\/p>\n","protected":false},"excerpt":{"rendered":"<p>Contact Boss \u00e8 una soluzione CRM e di gestione database per organizzare i dati di contatto e le comunicazioni con i clienti al fine di generare lead. La funzionalit\u00e0 di supporto dei dati legacy consente agli utenti di caricare e unire database esistenti e di rilevare voci duplicate<\/p>\n","protected":false},"author":19,"featured_media":105840,"parent":5966,"menu_order":0,"comment_status":"open","ping_status":"closed","template":"g1_template_page_review_new.php","meta":{"_acf_changed":false,"cwp_meta_box_check":"Yes","cwp_rev_product_name":"","cwp_rev_product_image":"","wppr_links":[],"cwp_rev_price":"0.00","wppr_options":[{"name":"Usability","value":"0"},{"name":"Speed","value":"0"},{"name":"Features","value":"0"},{"name":"Support","value":"0"},{"name":"Pricing","value":"0"}],"wppr_pros":["","","","",""],"wppr_cons":["","","","",""],"_monsterinsights_skip_tracking":false,"_monsterinsights_sitenote_active":false,"_monsterinsights_sitenote_note":"","_monsterinsights_sitenote_category":0,"footnotes":""},"categories":[120],"tags":[16831,1835,4080,427,1837,1239],"features":[],"class_list":{"0":"post-105838","1":"page","2":"type-page","3":"status-publish","4":"has-post-thumbnail","6":"category-crm-it","7":"tag-contact-boss","8":"tag-crm-2-it","9":"tag-piattaforma-crm","10":"tag-programma-crm","11":"tag-software-crm-2-it","12":"tag-soluzione-crm"},"wppr_data":{"cwp_meta_box_check":"Yes","_wppr_review_template":"default","cwp_rev_product_image":"","cwp_image_link":"image","wppr_links":[],"cwp_rev_price":"0.00","wppr_pros":["","","","",""],"wppr_cons":["","","","",""],"wppr_rating":"0.00","wppr_options":{"1":{"name":"Usability","value":"0"},"2":{"name":"Speed","value":"0"},"3":{"name":"Features","value":"0"},"4":{"name":"Support","value":"0"},"5":{"name":"Pricing","value":"0"}},"wppr_review_type":"Product","wppr_review_custom_fields":{"additionalProperty":"","additionalType":"","aggregateRating":"","alternateName":"","audience":"","award":"","awards":"","brand":"","color":"","depth":"","description":"","disambiguatingDescription":"","gtin12":"","gtin13":"","gtin14":"","gtin8":"","height":"","identifier":"","image":"","isAccessoryOrSparePartFor":"","isConsumableFor":"","isRelatedTo":"","isSimilarTo":"","itemCondition":"","logo":"","mainEntityOfPage":"","manufacturer":"","material":"","model":"","mpn":"","name":"","offers":"","potentialAction":"","productID":"","productionDate":"","purchaseDate":"","releaseDate":"","review":"","reviews":"","sameAs":"","sku":"","slogan":"","subjectOf":"","url":"","weight":"","width":""}},"acf":[],"yoast_head":"<!-- This site is optimized with the Yoast SEO plugin v27.4 - https:\/\/yoast.com\/product\/yoast-seo-wordpress\/ -->\n<title>Contact Boss: recensione software CRM - Accurate Reviews<\/title>\n<meta name=\"description\" content=\"Contact Boss: recensione soluzione CRM e di gestione database per organizzare i dati di contatto e le comunicazioni con i clienti.\" \/>\n<meta name=\"robots\" content=\"index, follow, max-snippet:-1, max-image-preview:large, max-video-preview:-1\" \/>\n<link rel=\"canonical\" href=\"https:\/\/www.accuratereviews.com\/it\/crm-software-migliori-lista\/contact-boss-recensione\/\" \/>\n<meta property=\"og:locale\" content=\"it_IT\" \/>\n<meta property=\"og:type\" content=\"article\" \/>\n<meta property=\"og:title\" content=\"Contact Boss: recensione software CRM - Accurate Reviews\" \/>\n<meta property=\"og:description\" content=\"Contact Boss: recensione soluzione CRM e di gestione database per organizzare i dati di contatto e le comunicazioni con i clienti.\" \/>\n<meta property=\"og:url\" content=\"https:\/\/www.accuratereviews.com\/it\/crm-software-migliori-lista\/contact-boss-recensione\/\" \/>\n<meta property=\"og:site_name\" content=\"Accurate Reviews\" \/>\n<meta property=\"og:image\" content=\"https:\/\/www.accuratereviews.com\/wp-content\/uploads\/2025\/12\/Contactboss.png\" \/>\n\t<meta property=\"og:image:width\" content=\"522\" \/>\n\t<meta property=\"og:image:height\" content=\"522\" \/>\n\t<meta property=\"og:image:type\" content=\"image\/png\" \/>\n<meta name=\"twitter:card\" content=\"summary_large_image\" \/>\n<meta name=\"twitter:label1\" content=\"Tempo di lettura stimato\" \/>\n\t<meta name=\"twitter:data1\" content=\"5 minuti\" \/>\n<script type=\"application\/ld+json\" class=\"yoast-schema-graph\">{\"@context\":\"https:\\\/\\\/schema.org\",\"@graph\":[{\"@type\":\"WebPage\",\"@id\":\"https:\\\/\\\/www.accuratereviews.com\\\/it\\\/crm-software-migliori-lista\\\/contact-boss-recensione\\\/\",\"url\":\"https:\\\/\\\/www.accuratereviews.com\\\/it\\\/crm-software-migliori-lista\\\/contact-boss-recensione\\\/\",\"name\":\"Contact Boss: recensione software CRM - Accurate Reviews\",\"isPartOf\":{\"@id\":\"https:\\\/\\\/www.accuratereviews.com\\\/it\\\/#website\"},\"primaryImageOfPage\":{\"@id\":\"https:\\\/\\\/www.accuratereviews.com\\\/it\\\/crm-software-migliori-lista\\\/contact-boss-recensione\\\/#primaryimage\"},\"image\":{\"@id\":\"https:\\\/\\\/www.accuratereviews.com\\\/it\\\/crm-software-migliori-lista\\\/contact-boss-recensione\\\/#primaryimage\"},\"thumbnailUrl\":\"https:\\\/\\\/www.accuratereviews.com\\\/wp-content\\\/uploads\\\/2025\\\/12\\\/Contactboss.png\",\"datePublished\":\"2025-12-24T14:24:17+00:00\",\"description\":\"Contact Boss: recensione soluzione CRM e di gestione database per organizzare i dati di contatto e le comunicazioni con i clienti.\",\"breadcrumb\":{\"@id\":\"https:\\\/\\\/www.accuratereviews.com\\\/it\\\/crm-software-migliori-lista\\\/contact-boss-recensione\\\/#breadcrumb\"},\"inLanguage\":\"it-IT\",\"potentialAction\":[{\"@type\":\"ReadAction\",\"target\":[\"https:\\\/\\\/www.accuratereviews.com\\\/it\\\/crm-software-migliori-lista\\\/contact-boss-recensione\\\/\"]}]},{\"@type\":\"ImageObject\",\"inLanguage\":\"it-IT\",\"@id\":\"https:\\\/\\\/www.accuratereviews.com\\\/it\\\/crm-software-migliori-lista\\\/contact-boss-recensione\\\/#primaryimage\",\"url\":\"https:\\\/\\\/www.accuratereviews.com\\\/wp-content\\\/uploads\\\/2025\\\/12\\\/Contactboss.png\",\"contentUrl\":\"https:\\\/\\\/www.accuratereviews.com\\\/wp-content\\\/uploads\\\/2025\\\/12\\\/Contactboss.png\",\"width\":522,\"height\":522},{\"@type\":\"BreadcrumbList\",\"@id\":\"https:\\\/\\\/www.accuratereviews.com\\\/it\\\/crm-software-migliori-lista\\\/contact-boss-recensione\\\/#breadcrumb\",\"itemListElement\":[{\"@type\":\"ListItem\",\"position\":1,\"name\":\"Home\",\"item\":\"https:\\\/\\\/www.accuratereviews.com\\\/it\\\/\"},{\"@type\":\"ListItem\",\"position\":2,\"name\":\"CRM: i software migliori\",\"item\":\"https:\\\/\\\/www.accuratereviews.com\\\/it\\\/crm-software-migliori-lista\\\/\"},{\"@type\":\"ListItem\",\"position\":3,\"name\":\"Contact Boss\"}]},{\"@type\":\"WebSite\",\"@id\":\"https:\\\/\\\/www.accuratereviews.com\\\/it\\\/#website\",\"url\":\"https:\\\/\\\/www.accuratereviews.com\\\/it\\\/\",\"name\":\"Accurate Reviews\",\"description\":\"\",\"potentialAction\":[{\"@type\":\"SearchAction\",\"target\":{\"@type\":\"EntryPoint\",\"urlTemplate\":\"https:\\\/\\\/www.accuratereviews.com\\\/it\\\/?s={search_term_string}\"},\"query-input\":{\"@type\":\"PropertyValueSpecification\",\"valueRequired\":true,\"valueName\":\"search_term_string\"}}],\"inLanguage\":\"it-IT\"}]}<\/script>\n<!-- \/ Yoast SEO plugin. -->","yoast_head_json":{"title":"Contact Boss: recensione software CRM - Accurate Reviews","description":"Contact Boss: recensione soluzione CRM e di gestione database per organizzare i dati di contatto e le comunicazioni con i clienti.","robots":{"index":"index","follow":"follow","max-snippet":"max-snippet:-1","max-image-preview":"max-image-preview:large","max-video-preview":"max-video-preview:-1"},"canonical":"https:\/\/www.accuratereviews.com\/it\/crm-software-migliori-lista\/contact-boss-recensione\/","og_locale":"it_IT","og_type":"article","og_title":"Contact Boss: recensione software CRM - Accurate Reviews","og_description":"Contact Boss: recensione soluzione CRM e di gestione database per organizzare i dati di contatto e le comunicazioni con i clienti.","og_url":"https:\/\/www.accuratereviews.com\/it\/crm-software-migliori-lista\/contact-boss-recensione\/","og_site_name":"Accurate Reviews","og_image":[{"width":522,"height":522,"url":"https:\/\/www.accuratereviews.com\/wp-content\/uploads\/2025\/12\/Contactboss.png","type":"image\/png"}],"twitter_card":"summary_large_image","twitter_misc":{"Tempo di lettura stimato":"5 minuti"},"schema":{"@context":"https:\/\/schema.org","@graph":[{"@type":"WebPage","@id":"https:\/\/www.accuratereviews.com\/it\/crm-software-migliori-lista\/contact-boss-recensione\/","url":"https:\/\/www.accuratereviews.com\/it\/crm-software-migliori-lista\/contact-boss-recensione\/","name":"Contact Boss: recensione software CRM - Accurate Reviews","isPartOf":{"@id":"https:\/\/www.accuratereviews.com\/it\/#website"},"primaryImageOfPage":{"@id":"https:\/\/www.accuratereviews.com\/it\/crm-software-migliori-lista\/contact-boss-recensione\/#primaryimage"},"image":{"@id":"https:\/\/www.accuratereviews.com\/it\/crm-software-migliori-lista\/contact-boss-recensione\/#primaryimage"},"thumbnailUrl":"https:\/\/www.accuratereviews.com\/wp-content\/uploads\/2025\/12\/Contactboss.png","datePublished":"2025-12-24T14:24:17+00:00","description":"Contact Boss: recensione soluzione CRM e di gestione database per organizzare i dati di contatto e le comunicazioni con i clienti.","breadcrumb":{"@id":"https:\/\/www.accuratereviews.com\/it\/crm-software-migliori-lista\/contact-boss-recensione\/#breadcrumb"},"inLanguage":"it-IT","potentialAction":[{"@type":"ReadAction","target":["https:\/\/www.accuratereviews.com\/it\/crm-software-migliori-lista\/contact-boss-recensione\/"]}]},{"@type":"ImageObject","inLanguage":"it-IT","@id":"https:\/\/www.accuratereviews.com\/it\/crm-software-migliori-lista\/contact-boss-recensione\/#primaryimage","url":"https:\/\/www.accuratereviews.com\/wp-content\/uploads\/2025\/12\/Contactboss.png","contentUrl":"https:\/\/www.accuratereviews.com\/wp-content\/uploads\/2025\/12\/Contactboss.png","width":522,"height":522},{"@type":"BreadcrumbList","@id":"https:\/\/www.accuratereviews.com\/it\/crm-software-migliori-lista\/contact-boss-recensione\/#breadcrumb","itemListElement":[{"@type":"ListItem","position":1,"name":"Home","item":"https:\/\/www.accuratereviews.com\/it\/"},{"@type":"ListItem","position":2,"name":"CRM: i software migliori","item":"https:\/\/www.accuratereviews.com\/it\/crm-software-migliori-lista\/"},{"@type":"ListItem","position":3,"name":"Contact Boss"}]},{"@type":"WebSite","@id":"https:\/\/www.accuratereviews.com\/it\/#website","url":"https:\/\/www.accuratereviews.com\/it\/","name":"Accurate Reviews","description":"","potentialAction":[{"@type":"SearchAction","target":{"@type":"EntryPoint","urlTemplate":"https:\/\/www.accuratereviews.com\/it\/?s={search_term_string}"},"query-input":{"@type":"PropertyValueSpecification","valueRequired":true,"valueName":"search_term_string"}}],"inLanguage":"it-IT"}]}},"_links":{"self":[{"href":"https:\/\/www.accuratereviews.com\/it\/wp-json\/wp\/v2\/pages\/105838","targetHints":{"allow":["GET"]}}],"collection":[{"href":"https:\/\/www.accuratereviews.com\/it\/wp-json\/wp\/v2\/pages"}],"about":[{"href":"https:\/\/www.accuratereviews.com\/it\/wp-json\/wp\/v2\/types\/page"}],"author":[{"embeddable":true,"href":"https:\/\/www.accuratereviews.com\/it\/wp-json\/wp\/v2\/users\/19"}],"replies":[{"embeddable":true,"href":"https:\/\/www.accuratereviews.com\/it\/wp-json\/wp\/v2\/comments?post=105838"}],"version-history":[{"count":6,"href":"https:\/\/www.accuratereviews.com\/it\/wp-json\/wp\/v2\/pages\/105838\/revisions"}],"predecessor-version":[{"id":105854,"href":"https:\/\/www.accuratereviews.com\/it\/wp-json\/wp\/v2\/pages\/105838\/revisions\/105854"}],"up":[{"embeddable":true,"href":"https:\/\/www.accuratereviews.com\/it\/wp-json\/wp\/v2\/pages\/5966"}],"wp:featuredmedia":[{"embeddable":true,"href":"https:\/\/www.accuratereviews.com\/it\/wp-json\/wp\/v2\/media\/105840"}],"wp:attachment":[{"href":"https:\/\/www.accuratereviews.com\/it\/wp-json\/wp\/v2\/media?parent=105838"}],"wp:term":[{"taxonomy":"category","embeddable":true,"href":"https:\/\/www.accuratereviews.com\/it\/wp-json\/wp\/v2\/categories?post=105838"},{"taxonomy":"post_tag","embeddable":true,"href":"https:\/\/www.accuratereviews.com\/it\/wp-json\/wp\/v2\/tags?post=105838"},{"taxonomy":"features","embeddable":true,"href":"https:\/\/www.accuratereviews.com\/it\/wp-json\/wp\/v2\/features?post=105838"}],"curies":[{"name":"wp","href":"https:\/\/api.w.org\/{rel}","templated":true}]}}