{"id":105857,"date":"2025-12-30T16:03:13","date_gmt":"2025-12-30T16:03:13","guid":{"rendered":"https:\/\/www.accuratereviews.com\/?page_id=105857"},"modified":"2025-12-30T16:03:13","modified_gmt":"2025-12-30T16:03:13","slug":"agentcubed-recensione","status":"publish","type":"page","link":"https:\/\/www.accuratereviews.com\/it\/crm-software-migliori-lista\/agentcubed-recensione\/","title":{"rendered":"AgentCubed"},"content":{"rendered":"<p><strong>AgentCubed<\/strong> \u00e8 una soluzione basata su <strong>cloud<\/strong> progettata per aiutare le compagnie assicurative a <strong>gestire le relazioni con i clienti<\/strong>, i lead, la distribuzione, i flussi di lavoro automatizzati e altro ancora. La piattaforma consente agli agenti di calcolare i premi, confrontare le polizze e inviare le richieste. La funzionalit\u00e0 di <strong>creazione di report<\/strong> sui clienti consente ai team di semplificare i processi di vendita analizzando i dati in pi\u00f9 combinazioni. Include un modulo di lead nurturing, che consente agli agenti di migliorare i tempi di risposta alle richieste indirizzando i lead ad alto potenziale agli agenti senior. Le funzionalit\u00e0 includono la <strong>distribuzione dei lead<\/strong> tramite SMS\/email, calendario integrato, promemoria eventi, strumenti di quotazione, call center e gestione della conoscenza. La piattaforma consente agli utenti di gestire le conversioni dei lead tramite telefonia integrata, scripting delle chiamate e strumenti di quotazione. Gli agenti possono personalizzare i prodotti in base alle compagnie assicurative, ai tipi di copertura, ai prezzi e altro ancora. La funzionalit\u00e0 di <strong>monitoraggio delle campagne<\/strong> consente agli amministratori di monitorare le campagne di marketing, il numero di polizze, le prestazioni degli agenti e i premi generati.<\/p>\n<h2>AGENTCUBED &#8211; TUTORIAL<\/h2>\n<div id=\"fluid-wrapper-counter-1\" class=\"g1-fluid-wrapper \" style=\"width:686px;\">\n<div style=\"padding-bottom:56.268221574344%;\"><iframe loading=\"lazy\" title=\"AgentCubed - CRM, Lead Distribution &amp; Agency Management for Insurance Agencies &amp; Brokerages\" width=\"686\" height=\"386\" src=\"https:\/\/www.youtube.com\/embed\/gev7B8z8kRE?feature=oembed&amp;wmode=transparent&amp;autohide=1&amp;autoplay=0&amp;disablekb=0&amp;fs=1&amp;loop=0&amp;enablejsapi=1&amp;rel=0&amp;controls=2&amp;showinfo=0&amp;wmode=transparent&amp;autohide=2&amp;autoplay=0&amp;disablekb=0&amp;fs=1&amp;loop=0&amp;enablejsapi=1&amp;rel=0&amp;controls=2&amp;showinfo=1\" frameborder=\"0\" allow=\"accelerometer; autoplay; clipboard-write; encrypted-media; gyroscope; picture-in-picture; web-share\" referrerpolicy=\"strict-origin-when-cross-origin\" allowfullscreen><\/iframe><\/div>\n<\/div>\n<h3>AGENTCUBED &#8211; CARATTERISTICHE<\/h3>\n<ul>\n<li><strong>Generazione di lead<\/strong>: acquisisci lead assicurativi dalle campagne di marketing in un hub centralizzato, utilizza i dati sulle prestazioni per creare profili di acquisto e monitora gli indicatori chiave di prestazione (KPI), tutto in un unico posto.<\/li>\n<li><strong>Lead nurturing<\/strong>: automatizza le comunicazioni e i flussi di lavoro facilmente configurabili per vendite e marketing per portare le campagne di lead nurturing a un livello superiore e aumentare i tempi di risposta.<\/li>\n<li><strong>Instradamento dei lead<\/strong>: assegna i lead tramite un instradamento automatizzato e basato su regole, filtrato per area geografica, licenza, competenze e altri dati personalizzabili, incluso il livello di competenza dell&#8217;agente.<\/li>\n<li><strong>Preventivi e proposte<\/strong>: preventiva e confronta i prodotti, calcola i premi, esamina la copertura di farmaci e fornitori e invia le richieste direttamente alla borsa o alla compagnia assicurativa.<\/li>\n<li><strong>Tracciamento della pipeline<\/strong>: ottieni accesso in tempo reale ai risultati di vendita dopo aver inserito e monitorato facilmente i prodotti venduti.<\/li>\n<li><strong>Dashboard di produttivit\u00e0<\/strong>: monitora in modo efficiente le campagne di marketing, la produttivit\u00e0 degli agenti, i premi generati, il numero di polizze, nonch\u00e9 le prestazioni della compagnia assicurativa e dei prodotti<\/li>\n<li><strong>Stack tecnologico<\/strong>: con gli strumenti della soluzione, non dovrai pi\u00f9 affidarti a tecnologie diverse e disgiunte per monitorare i lead, vendere polizze e gestire il tuo portafoglio clienti in crescita.<\/li>\n<\/ul>\n<h4>LE RECENSIONI DEGLI UTENTI<\/h4>\n<p><strong>Phiel Daniel &#8220;Sistema di gestione della configurazione semplice&#8221;<\/strong><br \/>\n<strong>Pro<\/strong>: le informazioni vengono solitamente fornite al responsabile commerciale disponibile a negoziare con il lead, il che aumenta la probabilit\u00e0 di trasformare il lead in un affare. Quando il responsabile commerciale inizia a lavorare con il lead, le funzionalit\u00e0 di gestione dei lead lo aiutano a seguire e inviare il processo ideale di fornitura dei materiali al momento opportuno. Molto semplice da usare!<br \/>\n<strong>Contro<\/strong>: la modifica dei record \u00e8 troppo mal progettata e poco flessibile, ed \u00e8 anche difficile pensare di muoversi tra i profili dei clienti quando si cerca di negoziare con diverse commissioni.<\/p>\n<p><strong>Tishae &#8220;Mi ha aiutato nella mia quotidianit\u00e0!&#8221;<\/strong><br \/>\nOttima esperienza e software abbastanza facile da imparare!<br \/>\n<strong>Pro<\/strong>: al momento non utilizzo A3 come agente indipendente, ma lo facevo con l&#8217;azienda per cui lavoravo in precedenza e mi \u00e8 piaciuto molto. Mi ha aiutato a tenere traccia delle polizze attuali e passate, ad assegnare compiti per facilitare i miei follow-up e a conservare i documenti necessari per i miei archivi!<br \/>\n<strong>Contro<\/strong>: avrei voluto poter unire pi\u00f9 facilmente i clienti duplicati, il processo di ricerca dei clienti dovrebbe essere pi\u00f9 semplice.<\/p>\n<p><strong>Kyal &#8220;AgentCubed semplifica il processo di vendita delle polizze assicurative. Il nostro team \u00e8 pi\u00f9 efficiente del 35% rispetto a prima.&#8221;<\/strong><br \/>\nIl mio team \u00e8 notevolmente pi\u00f9 efficiente con AgentCubed rispetto al nostro precedente CRM. Inoltre, questo sistema supporta la conformit\u00e0 Medicare e la vendita multicanale.<br \/>\n<strong>Pro<\/strong>: semplice da configurare e facile da usare. Non appena un lead arriva al call center, \u00e8 immediatamente disponibile per un agente sul campo che pu\u00f2 intervenire. Inoltre, il sistema sa da dove proviene il lead, cos\u00ec l&#8217;agente pu\u00f2 farvi riferimento nelle sue attivit\u00e0 di outreach e possiamo utilizzare i dati per comprendere il ROI di marketing per campagna. Le informazioni sul lead vengono automaticamente condivise con l&#8217;agente pi\u00f9 adatto disponibile per gestirlo, il che aumenta la probabilit\u00e0 di convertirlo in una vendita. Una volta che l&#8217;agente inizia a lavorare con il lead, le funzionalit\u00e0 di lead nurturing lo aiutano a seguirlo correttamente e a inviare il materiale giusto al momento giusto. Questo semplifica notevolmente il processo e garantisce che i nostri agenti possano concentrarsi esclusivamente sulla loro interazione personale con il lead. Se il lead non desidera concludere la vendita telefonicamente, \u00e8 possibile inviare un agente sul campo tramite il sistema tramite SMS. Il cliente \u00e8 sempre la massima priorit\u00e0 nel processo. Le agenzie non devono configurare un CRM di terze parti per adattarlo alla propria attivit\u00e0. Il lavoro front-end \u00e8 gi\u00e0 stato svolto e ottimizzato per il settore assicurativo.<\/p>\n","protected":false},"excerpt":{"rendered":"<p>AgentCubed \u00e8 una soluzione basata su cloud progettata per aiutare le compagnie assicurative a gestire le relazioni con i clienti, i lead, la distribuzione, i flussi di lavoro automatizzati e altro ancora. La piattaforma consente agli agenti di calcolare i premi, confrontare le polizze e inviare le richieste.<\/p>\n","protected":false},"author":19,"featured_media":105861,"parent":5966,"menu_order":0,"comment_status":"open","ping_status":"closed","template":"g1_template_page_review_new.php","meta":{"_acf_changed":false,"cwp_meta_box_check":"Yes","cwp_rev_product_name":"","cwp_rev_product_image":"","wppr_links":[],"cwp_rev_price":"0.00","wppr_options":[{"name":"Usability","value":"0"},{"name":"Speed","value":"0"},{"name":"Features","value":"0"},{"name":"Support","value":"0"},{"name":"Pricing","value":"0"}],"wppr_pros":["","","","",""],"wppr_cons":["","","","",""],"_monsterinsights_skip_tracking":false,"_monsterinsights_sitenote_active":false,"_monsterinsights_sitenote_note":"","_monsterinsights_sitenote_category":0,"footnotes":""},"categories":[120],"tags":[16832,1835,4080,427,1837,1239],"features":[],"class_list":{"0":"post-105857","1":"page","2":"type-page","3":"status-publish","4":"has-post-thumbnail","6":"category-crm-it","7":"tag-agentcubed","8":"tag-crm-2-it","9":"tag-piattaforma-crm","10":"tag-programma-crm","11":"tag-software-crm-2-it","12":"tag-soluzione-crm"},"wppr_data":{"cwp_meta_box_check":"Yes","_wppr_review_template":"default","cwp_rev_product_image":"","cwp_image_link":"image","wppr_links":[],"cwp_rev_price":"0.00","wppr_pros":["","","","",""],"wppr_cons":["","","","",""],"wppr_rating":"0.00","wppr_options":{"1":{"name":"Usability","value":"0"},"2":{"name":"Speed","value":"0"},"3":{"name":"Features","value":"0"},"4":{"name":"Support","value":"0"},"5":{"name":"Pricing","value":"0"}},"wppr_review_type":"Product","wppr_review_custom_fields":{"additionalProperty":"","additionalType":"","aggregateRating":"","alternateName":"","audience":"","award":"","awards":"","brand":"","color":"","depth":"","description":"","disambiguatingDescription":"","gtin12":"","gtin13":"","gtin14":"","gtin8":"","height":"","identifier":"","image":"","isAccessoryOrSparePartFor":"","isConsumableFor":"","isRelatedTo":"","isSimilarTo":"","itemCondition":"","logo":"","mainEntityOfPage":"","manufacturer":"","material":"","model":"","mpn":"","name":"","offers":"","potentialAction":"","productID":"","productionDate":"","purchaseDate":"","releaseDate":"","review":"","reviews":"","sameAs":"","sku":"","slogan":"","subjectOf":"","url":"","weight":"","width":""}},"acf":[],"yoast_head":"<!-- This site is optimized with the Yoast SEO plugin v27.4 - https:\/\/yoast.com\/product\/yoast-seo-wordpress\/ -->\n<title>AgentCubed: recensione software CRM - Accurate Reviews<\/title>\n<meta name=\"description\" content=\"AgentCubed: recensione software CRM progettata per gestire le relazioni con i clienti, i lead e i flussi di lavoro automatizzati.\" \/>\n<meta name=\"robots\" content=\"index, follow, max-snippet:-1, max-image-preview:large, max-video-preview:-1\" \/>\n<link rel=\"canonical\" href=\"https:\/\/www.accuratereviews.com\/it\/crm-software-migliori-lista\/agentcubed-recensione\/\" \/>\n<meta property=\"og:locale\" content=\"it_IT\" \/>\n<meta property=\"og:type\" content=\"article\" \/>\n<meta property=\"og:title\" content=\"AgentCubed: recensione software CRM - Accurate Reviews\" \/>\n<meta property=\"og:description\" content=\"AgentCubed: recensione software CRM progettata per gestire le relazioni con i clienti, i lead e i flussi di lavoro automatizzati.\" \/>\n<meta property=\"og:url\" content=\"https:\/\/www.accuratereviews.com\/it\/crm-software-migliori-lista\/agentcubed-recensione\/\" \/>\n<meta property=\"og:site_name\" content=\"Accurate Reviews\" \/>\n<meta property=\"og:image\" content=\"https:\/\/www.accuratereviews.com\/wp-content\/uploads\/2025\/12\/agentcubedlogo.jpg.webp\" \/>\n\t<meta property=\"og:image:width\" content=\"900\" \/>\n\t<meta property=\"og:image:height\" content=\"900\" \/>\n\t<meta property=\"og:image:type\" content=\"image\/webp\" \/>\n<meta name=\"twitter:card\" content=\"summary_large_image\" \/>\n<meta name=\"twitter:label1\" content=\"Tempo di lettura stimato\" \/>\n\t<meta name=\"twitter:data1\" content=\"6 minuti\" \/>\n<script type=\"application\/ld+json\" class=\"yoast-schema-graph\">{\"@context\":\"https:\\\/\\\/schema.org\",\"@graph\":[{\"@type\":\"WebPage\",\"@id\":\"https:\\\/\\\/www.accuratereviews.com\\\/it\\\/crm-software-migliori-lista\\\/agentcubed-recensione\\\/\",\"url\":\"https:\\\/\\\/www.accuratereviews.com\\\/it\\\/crm-software-migliori-lista\\\/agentcubed-recensione\\\/\",\"name\":\"AgentCubed: recensione software CRM - Accurate Reviews\",\"isPartOf\":{\"@id\":\"https:\\\/\\\/www.accuratereviews.com\\\/it\\\/#website\"},\"primaryImageOfPage\":{\"@id\":\"https:\\\/\\\/www.accuratereviews.com\\\/it\\\/crm-software-migliori-lista\\\/agentcubed-recensione\\\/#primaryimage\"},\"image\":{\"@id\":\"https:\\\/\\\/www.accuratereviews.com\\\/it\\\/crm-software-migliori-lista\\\/agentcubed-recensione\\\/#primaryimage\"},\"thumbnailUrl\":\"https:\\\/\\\/www.accuratereviews.com\\\/wp-content\\\/uploads\\\/2025\\\/12\\\/agentcubedlogo.jpg.webp\",\"datePublished\":\"2025-12-30T16:03:13+00:00\",\"description\":\"AgentCubed: recensione software CRM progettata per gestire le relazioni con i clienti, i lead e i flussi di lavoro automatizzati.\",\"breadcrumb\":{\"@id\":\"https:\\\/\\\/www.accuratereviews.com\\\/it\\\/crm-software-migliori-lista\\\/agentcubed-recensione\\\/#breadcrumb\"},\"inLanguage\":\"it-IT\",\"potentialAction\":[{\"@type\":\"ReadAction\",\"target\":[\"https:\\\/\\\/www.accuratereviews.com\\\/it\\\/crm-software-migliori-lista\\\/agentcubed-recensione\\\/\"]}]},{\"@type\":\"ImageObject\",\"inLanguage\":\"it-IT\",\"@id\":\"https:\\\/\\\/www.accuratereviews.com\\\/it\\\/crm-software-migliori-lista\\\/agentcubed-recensione\\\/#primaryimage\",\"url\":\"https:\\\/\\\/www.accuratereviews.com\\\/wp-content\\\/uploads\\\/2025\\\/12\\\/agentcubedlogo.jpg.webp\",\"contentUrl\":\"https:\\\/\\\/www.accuratereviews.com\\\/wp-content\\\/uploads\\\/2025\\\/12\\\/agentcubedlogo.jpg.webp\",\"width\":900,\"height\":900},{\"@type\":\"BreadcrumbList\",\"@id\":\"https:\\\/\\\/www.accuratereviews.com\\\/it\\\/crm-software-migliori-lista\\\/agentcubed-recensione\\\/#breadcrumb\",\"itemListElement\":[{\"@type\":\"ListItem\",\"position\":1,\"name\":\"Home\",\"item\":\"https:\\\/\\\/www.accuratereviews.com\\\/it\\\/\"},{\"@type\":\"ListItem\",\"position\":2,\"name\":\"CRM: i software migliori\",\"item\":\"https:\\\/\\\/www.accuratereviews.com\\\/it\\\/crm-software-migliori-lista\\\/\"},{\"@type\":\"ListItem\",\"position\":3,\"name\":\"AgentCubed\"}]},{\"@type\":\"WebSite\",\"@id\":\"https:\\\/\\\/www.accuratereviews.com\\\/it\\\/#website\",\"url\":\"https:\\\/\\\/www.accuratereviews.com\\\/it\\\/\",\"name\":\"Accurate Reviews\",\"description\":\"\",\"potentialAction\":[{\"@type\":\"SearchAction\",\"target\":{\"@type\":\"EntryPoint\",\"urlTemplate\":\"https:\\\/\\\/www.accuratereviews.com\\\/it\\\/?s={search_term_string}\"},\"query-input\":{\"@type\":\"PropertyValueSpecification\",\"valueRequired\":true,\"valueName\":\"search_term_string\"}}],\"inLanguage\":\"it-IT\"}]}<\/script>\n<!-- \/ Yoast SEO plugin. -->","yoast_head_json":{"title":"AgentCubed: recensione software CRM - Accurate Reviews","description":"AgentCubed: recensione software CRM progettata per gestire le relazioni con i clienti, i lead e i flussi di lavoro automatizzati.","robots":{"index":"index","follow":"follow","max-snippet":"max-snippet:-1","max-image-preview":"max-image-preview:large","max-video-preview":"max-video-preview:-1"},"canonical":"https:\/\/www.accuratereviews.com\/it\/crm-software-migliori-lista\/agentcubed-recensione\/","og_locale":"it_IT","og_type":"article","og_title":"AgentCubed: recensione software CRM - Accurate Reviews","og_description":"AgentCubed: recensione software CRM progettata per gestire le relazioni con i clienti, i lead e i flussi di lavoro automatizzati.","og_url":"https:\/\/www.accuratereviews.com\/it\/crm-software-migliori-lista\/agentcubed-recensione\/","og_site_name":"Accurate Reviews","og_image":[{"width":900,"height":900,"url":"https:\/\/www.accuratereviews.com\/wp-content\/uploads\/2025\/12\/agentcubedlogo.jpg.webp","type":"image\/webp"}],"twitter_card":"summary_large_image","twitter_misc":{"Tempo di lettura stimato":"6 minuti"},"schema":{"@context":"https:\/\/schema.org","@graph":[{"@type":"WebPage","@id":"https:\/\/www.accuratereviews.com\/it\/crm-software-migliori-lista\/agentcubed-recensione\/","url":"https:\/\/www.accuratereviews.com\/it\/crm-software-migliori-lista\/agentcubed-recensione\/","name":"AgentCubed: recensione software CRM - Accurate Reviews","isPartOf":{"@id":"https:\/\/www.accuratereviews.com\/it\/#website"},"primaryImageOfPage":{"@id":"https:\/\/www.accuratereviews.com\/it\/crm-software-migliori-lista\/agentcubed-recensione\/#primaryimage"},"image":{"@id":"https:\/\/www.accuratereviews.com\/it\/crm-software-migliori-lista\/agentcubed-recensione\/#primaryimage"},"thumbnailUrl":"https:\/\/www.accuratereviews.com\/wp-content\/uploads\/2025\/12\/agentcubedlogo.jpg.webp","datePublished":"2025-12-30T16:03:13+00:00","description":"AgentCubed: recensione software CRM progettata per gestire le relazioni con i clienti, i lead e i flussi di lavoro automatizzati.","breadcrumb":{"@id":"https:\/\/www.accuratereviews.com\/it\/crm-software-migliori-lista\/agentcubed-recensione\/#breadcrumb"},"inLanguage":"it-IT","potentialAction":[{"@type":"ReadAction","target":["https:\/\/www.accuratereviews.com\/it\/crm-software-migliori-lista\/agentcubed-recensione\/"]}]},{"@type":"ImageObject","inLanguage":"it-IT","@id":"https:\/\/www.accuratereviews.com\/it\/crm-software-migliori-lista\/agentcubed-recensione\/#primaryimage","url":"https:\/\/www.accuratereviews.com\/wp-content\/uploads\/2025\/12\/agentcubedlogo.jpg.webp","contentUrl":"https:\/\/www.accuratereviews.com\/wp-content\/uploads\/2025\/12\/agentcubedlogo.jpg.webp","width":900,"height":900},{"@type":"BreadcrumbList","@id":"https:\/\/www.accuratereviews.com\/it\/crm-software-migliori-lista\/agentcubed-recensione\/#breadcrumb","itemListElement":[{"@type":"ListItem","position":1,"name":"Home","item":"https:\/\/www.accuratereviews.com\/it\/"},{"@type":"ListItem","position":2,"name":"CRM: i software migliori","item":"https:\/\/www.accuratereviews.com\/it\/crm-software-migliori-lista\/"},{"@type":"ListItem","position":3,"name":"AgentCubed"}]},{"@type":"WebSite","@id":"https:\/\/www.accuratereviews.com\/it\/#website","url":"https:\/\/www.accuratereviews.com\/it\/","name":"Accurate Reviews","description":"","potentialAction":[{"@type":"SearchAction","target":{"@type":"EntryPoint","urlTemplate":"https:\/\/www.accuratereviews.com\/it\/?s={search_term_string}"},"query-input":{"@type":"PropertyValueSpecification","valueRequired":true,"valueName":"search_term_string"}}],"inLanguage":"it-IT"}]}},"_links":{"self":[{"href":"https:\/\/www.accuratereviews.com\/it\/wp-json\/wp\/v2\/pages\/105857","targetHints":{"allow":["GET"]}}],"collection":[{"href":"https:\/\/www.accuratereviews.com\/it\/wp-json\/wp\/v2\/pages"}],"about":[{"href":"https:\/\/www.accuratereviews.com\/it\/wp-json\/wp\/v2\/types\/page"}],"author":[{"embeddable":true,"href":"https:\/\/www.accuratereviews.com\/it\/wp-json\/wp\/v2\/users\/19"}],"replies":[{"embeddable":true,"href":"https:\/\/www.accuratereviews.com\/it\/wp-json\/wp\/v2\/comments?post=105857"}],"version-history":[{"count":9,"href":"https:\/\/www.accuratereviews.com\/it\/wp-json\/wp\/v2\/pages\/105857\/revisions"}],"predecessor-version":[{"id":105878,"href":"https:\/\/www.accuratereviews.com\/it\/wp-json\/wp\/v2\/pages\/105857\/revisions\/105878"}],"up":[{"embeddable":true,"href":"https:\/\/www.accuratereviews.com\/it\/wp-json\/wp\/v2\/pages\/5966"}],"wp:featuredmedia":[{"embeddable":true,"href":"https:\/\/www.accuratereviews.com\/it\/wp-json\/wp\/v2\/media\/105861"}],"wp:attachment":[{"href":"https:\/\/www.accuratereviews.com\/it\/wp-json\/wp\/v2\/media?parent=105857"}],"wp:term":[{"taxonomy":"category","embeddable":true,"href":"https:\/\/www.accuratereviews.com\/it\/wp-json\/wp\/v2\/categories?post=105857"},{"taxonomy":"post_tag","embeddable":true,"href":"https:\/\/www.accuratereviews.com\/it\/wp-json\/wp\/v2\/tags?post=105857"},{"taxonomy":"features","embeddable":true,"href":"https:\/\/www.accuratereviews.com\/it\/wp-json\/wp\/v2\/features?post=105857"}],"curies":[{"name":"wp","href":"https:\/\/api.w.org\/{rel}","templated":true}]}}