{"id":105879,"date":"2025-12-31T17:45:49","date_gmt":"2025-12-31T17:45:49","guid":{"rendered":"https:\/\/www.accuratereviews.com\/?page_id=105879"},"modified":"2026-01-02T10:17:01","modified_gmt":"2026-01-02T10:17:01","slug":"salesteer-recensione","status":"publish","type":"page","link":"https:\/\/www.accuratereviews.com\/it\/crm-software-migliori-lista\/salesteer-recensione\/","title":{"rendered":"Salesteer"},"content":{"rendered":"<p><strong>Salesteer<\/strong> \u00e8 un <strong>software di gestione delle<\/strong> <strong>relazioni con i clienti (CRM)<\/strong> che aiuta le aziende a gestire le relazioni con i clienti in modo efficiente ed efficace. Il software \u00e8 progettato per offrire funzioni di vendita, marketing e assistenza clienti in una piattaforma cloud, semplificando il lavoro dei team e aumentando la produttivit\u00e0. Tra le sue funzionalit\u00e0 principali, <strong>Salesteer<\/strong> offre una panoramica completa dei contatti, la gestione delle opportunit\u00e0 di vendita, la pianificazione delle attivit\u00e0, la gestione di email e chiamate, la creazione di report personalizzati e la gestione del servizio clienti.<\/p>\n<h2><a href=\"https:\/\/www.accuratereviews.com\/wp-content\/uploads\/2025\/12\/Screenshot-2025-12-31-alle-13.41.55.png\"><img loading=\"lazy\" decoding=\"async\" class=\"aligncenter wp-image-105886 size-full\" src=\"https:\/\/www.accuratereviews.com\/wp-content\/uploads\/2025\/12\/Screenshot-2025-12-31-alle-13.41.55.png\" alt=\"\" width=\"1684\" height=\"962\" srcset=\"https:\/\/www.accuratereviews.com\/wp-content\/uploads\/2025\/12\/Screenshot-2025-12-31-alle-13.41.55.png 1684w, https:\/\/www.accuratereviews.com\/wp-content\/uploads\/2025\/12\/Screenshot-2025-12-31-alle-13.41.55-300x171.png 300w, https:\/\/www.accuratereviews.com\/wp-content\/uploads\/2025\/12\/Screenshot-2025-12-31-alle-13.41.55-1024x585.png 1024w, https:\/\/www.accuratereviews.com\/wp-content\/uploads\/2025\/12\/Screenshot-2025-12-31-alle-13.41.55-768x439.png 768w, https:\/\/www.accuratereviews.com\/wp-content\/uploads\/2025\/12\/Screenshot-2025-12-31-alle-13.41.55-1536x877.png 1536w, https:\/\/www.accuratereviews.com\/wp-content\/uploads\/2025\/12\/Screenshot-2025-12-31-alle-13.41.55-50x29.png 50w, https:\/\/www.accuratereviews.com\/wp-content\/uploads\/2025\/12\/Screenshot-2025-12-31-alle-13.41.55-219x125.png 219w, https:\/\/www.accuratereviews.com\/wp-content\/uploads\/2025\/12\/Screenshot-2025-12-31-alle-13.41.55-968x553.png 968w, https:\/\/www.accuratereviews.com\/wp-content\/uploads\/2025\/12\/Screenshot-2025-12-31-alle-13.41.55-636x363.png 636w, https:\/\/www.accuratereviews.com\/wp-content\/uploads\/2025\/12\/Screenshot-2025-12-31-alle-13.41.55-320x183.png 320w, https:\/\/www.accuratereviews.com\/wp-content\/uploads\/2025\/12\/Screenshot-2025-12-31-alle-13.41.55-239x137.png 239w\" sizes=\"auto, (max-width: 1684px) 100vw, 1684px\" \/><\/a><\/h2>\n<h2>SALESTEER &#8211; CARATTERISTICHE<\/h2>\n<ul>\n<li><strong>Utenti<\/strong>: fornisci un account per l&#8217;utilizzo del CRM ai membri del team e ai clienti, gestendo le informazioni accessibili e quelle private<\/li>\n<li><strong>Guida<\/strong>: soluzione all-in-one per gestire la comunicazione con i contatti interessati ai tuoi servizi e prodotti<\/li>\n<li><strong>Clienti<\/strong>: archivia tutte le informazioni dei clienti in un unico luogo e gestisci con ordine le commesse associate<\/li>\n<li><strong>Offerte<\/strong>: converti le Opportunit\u00e0 in affari con Salesteer, il CRM all-in-one per la gestione delle proposte commerciali<\/li>\n<li><strong>Automazioni<\/strong>: ti permette di creare regole personalizzate per automatizzare le attivit\u00e0 ripetitive e risparmiare tempo prezioso<\/li>\n<li><strong>Email marketing<\/strong>: il programma offre una soluzione completa per gestire le tue newsletter e inviare email a tutti i tuoi clienti<\/li>\n<li><strong>Calendario:<\/strong> tutti gli eventi e i compiti organizzati per dati, visualizzazione ad agenda e consultabili in pochi click<\/li>\n<li><strong>Opportunit\u00e0:<\/strong> raccoglie in un unico elenco tutte le opportunit\u00e0 generate dalle varie fonti: dal lavoro del reparto commerciale ai form di contatto automatizzati<\/li>\n<li><strong>Sistema di badge<\/strong>: \u00e8 un modo agile e preciso per registrare gli ingressi e le uscite<\/li>\n<li><strong>Sondaggi:<\/strong> ottieni feedback preziosi dai tuoi clienti con Salesteer CRM<\/li>\n<li><strong>Procedura<\/strong>: in caso di dubbio i dipendenti potranno riferirsi a una procedura scritta, evitando errori e perdite di tempo.<\/li>\n<li><strong>Rapporti<\/strong>: puoi avere sempre un quadro delle attivit\u00e0 in corso e dei costi di lavorazione per singolo progetto<\/li>\n<li><strong>Documenti<\/strong>: genera documenti professionali, personalizzabili e dallo stile sempre coerente con Salesteer e l&#8217;editor drag &amp; drop integrato<\/li>\n<li><strong>Riunioni video:<\/strong> ti permette di organizzare videoconferenze con i tuoi clienti e il tuo team in modo semplice e veloce<\/li>\n<li><strong>Commercio elettronico:<\/strong> attiva il tuo negozio online in pochi click e gestisci tutto dal CRM<\/li>\n<\/ul>\n<h3>LE RECENSIONE DEGLI UTENTE<\/h3>\n<p><strong>Roberto &#8220;Buona gestione dei contatti&#8221;<\/strong><br \/>\n<strong>Pro<\/strong>: utilizzo Salesteer per tenere sotto controllo clienti e lead interessati ai miei prodotti (brani, campioni musicali, altri tipi di servizi). Penso che funzioni bene e che l&#8217;organizzazione del mio flusso di lavoro sia sicuramente migliorata.<br \/>\n<strong>Contro<\/strong>: la prima impressione \u00e8 stata un po&#8217; dura, ho bisogno di un paio di settimane per abituarmi al software.<\/p>\n<p><strong>Salvatore &#8220;CRM che fa il suo lavoro&#8221;<\/strong><br \/>\nOttima, l&#8217;aspetto migliore \u00e8 il rapporto in termini di customer service, quasi familiare. Un plus che tante altre realt\u00e0 non possono vantare.<br \/>\n<strong>Pro<\/strong>: sicuramente la semplicit\u00e0 di utilizzo, la solidit\u00e0 della sua struttura e una certa sobriet\u00e0 generale. Pochi fronzoli ma giusta sostanza.<br \/>\n<strong>Contro<\/strong>: alcune funzioni, ad esempio la creazione di documenti personalizzati da richiamare all&#8217;occorrenza, necessitano di capacit\u00e0 informatiche non proprio comuni.<\/p>\n<p><strong>Gennaro &#8220;Un ottimo crm cloud based&#8221;<\/strong><br \/>\n<strong>Pro<\/strong>: facilissimo da usare e velocissimo, ha tutte le funzionalit\u00e0 di base che servono per una rete di vendita<br \/>\n<strong>Contro<\/strong>: manca la possibilit\u00e0 di personalizzare le scadenze dei pagamenti nelle offerte.<\/p>\n","protected":false},"excerpt":{"rendered":"<p>Salesteer \u00e8 un software di gestione delle relazioni con i clienti (CRM) che aiuta le aziende a gestire le relazioni con i clienti in modo efficiente ed efficace. Il software \u00e8 progettato per offrire funzioni di vendita, marketing e assistenza clienti in una piattaforma cloud, semplificando il lavoro dei team e aumentando la produttivit\u00e0.<\/p>\n","protected":false},"author":19,"featured_media":105880,"parent":5966,"menu_order":0,"comment_status":"open","ping_status":"closed","template":"g1_template_page_review_new.php","meta":{"_acf_changed":false,"cwp_meta_box_check":"Yes","cwp_rev_product_name":"","cwp_rev_product_image":"","wppr_links":[],"cwp_rev_price":"0.00","wppr_options":[{"name":"Usability","value":"0"},{"name":"Speed","value":"0"},{"name":"Features","value":"0"},{"name":"Support","value":"0"},{"name":"Pricing","value":"0"}],"wppr_pros":["","","","",""],"wppr_cons":["","","","",""],"_monsterinsights_skip_tracking":false,"_monsterinsights_sitenote_active":false,"_monsterinsights_sitenote_note":"","_monsterinsights_sitenote_category":0,"footnotes":""},"categories":[120],"tags":[1835,4080,427,16833,1837,1239],"features":[],"class_list":{"0":"post-105879","1":"page","2":"type-page","3":"status-publish","4":"has-post-thumbnail","6":"category-crm-it","7":"tag-crm-2-it","8":"tag-piattaforma-crm","9":"tag-programma-crm","10":"tag-salesteer","11":"tag-software-crm-2-it","12":"tag-soluzione-crm"},"wppr_data":{"cwp_meta_box_check":"Yes","_wppr_review_template":"default","cwp_rev_product_image":"","cwp_image_link":"image","wppr_links":[],"cwp_rev_price":"0.00","wppr_pros":["","","","",""],"wppr_cons":["","","","",""],"wppr_rating":"0.00","wppr_options":{"1":{"name":"Usability","value":"0"},"2":{"name":"Speed","value":"0"},"3":{"name":"Features","value":"0"},"4":{"name":"Support","value":"0"},"5":{"name":"Pricing","value":"0"}},"wppr_review_type":"Product","wppr_review_custom_fields":{"additionalProperty":"","additionalType":"","aggregateRating":"","alternateName":"","audience":"","award":"","awards":"","brand":"","color":"","depth":"","description":"","disambiguatingDescription":"","gtin12":"","gtin13":"","gtin14":"","gtin8":"","height":"","identifier":"","image":"","isAccessoryOrSparePartFor":"","isConsumableFor":"","isRelatedTo":"","isSimilarTo":"","itemCondition":"","logo":"","mainEntityOfPage":"","manufacturer":"","material":"","model":"","mpn":"","name":"","offers":"","potentialAction":"","productID":"","productionDate":"","purchaseDate":"","releaseDate":"","review":"","reviews":"","sameAs":"","sku":"","slogan":"","subjectOf":"","url":"","weight":"","width":""}},"acf":[],"yoast_head":"<!-- This site is optimized with the Yoast SEO plugin v27.4 - https:\/\/yoast.com\/product\/yoast-seo-wordpress\/ -->\n<title>Salesteer: recensione software CRM - Accurate Reviews<\/title>\n<meta name=\"description\" content=\"Salesteer: recensione software per gestire le relazioni con i clienti (CRM) in modo efficiente ed efficace.\" \/>\n<meta name=\"robots\" content=\"index, follow, max-snippet:-1, max-image-preview:large, max-video-preview:-1\" \/>\n<link rel=\"canonical\" href=\"https:\/\/www.accuratereviews.com\/it\/crm-software-migliori-lista\/salesteer-recensione\/\" \/>\n<meta property=\"og:locale\" content=\"it_IT\" \/>\n<meta property=\"og:type\" content=\"article\" \/>\n<meta property=\"og:title\" content=\"Salesteer: recensione software CRM - Accurate Reviews\" \/>\n<meta property=\"og:description\" content=\"Salesteer: recensione software per gestire le relazioni con i clienti (CRM) in modo efficiente ed efficace.\" \/>\n<meta property=\"og:url\" content=\"https:\/\/www.accuratereviews.com\/it\/crm-software-migliori-lista\/salesteer-recensione\/\" \/>\n<meta property=\"og:site_name\" content=\"Accurate Reviews\" \/>\n<meta property=\"article:modified_time\" content=\"2026-01-02T10:17:01+00:00\" \/>\n<meta name=\"twitter:card\" content=\"summary_large_image\" \/>\n<meta name=\"twitter:label1\" content=\"Tempo di lettura stimato\" \/>\n\t<meta name=\"twitter:data1\" content=\"5 minuti\" \/>\n<script type=\"application\/ld+json\" class=\"yoast-schema-graph\">{\"@context\":\"https:\\\/\\\/schema.org\",\"@graph\":[{\"@type\":\"WebPage\",\"@id\":\"https:\\\/\\\/www.accuratereviews.com\\\/it\\\/crm-software-migliori-lista\\\/salesteer-recensione\\\/\",\"url\":\"https:\\\/\\\/www.accuratereviews.com\\\/it\\\/crm-software-migliori-lista\\\/salesteer-recensione\\\/\",\"name\":\"Salesteer: recensione software CRM - Accurate Reviews\",\"isPartOf\":{\"@id\":\"https:\\\/\\\/www.accuratereviews.com\\\/it\\\/#website\"},\"primaryImageOfPage\":{\"@id\":\"https:\\\/\\\/www.accuratereviews.com\\\/it\\\/crm-software-migliori-lista\\\/salesteer-recensione\\\/#primaryimage\"},\"image\":{\"@id\":\"https:\\\/\\\/www.accuratereviews.com\\\/it\\\/crm-software-migliori-lista\\\/salesteer-recensione\\\/#primaryimage\"},\"thumbnailUrl\":\"https:\\\/\\\/www.accuratereviews.com\\\/wp-content\\\/uploads\\\/2025\\\/12\\\/Salesteer.avif\",\"datePublished\":\"2025-12-31T17:45:49+00:00\",\"dateModified\":\"2026-01-02T10:17:01+00:00\",\"description\":\"Salesteer: recensione software per gestire le relazioni con i clienti (CRM) in modo efficiente ed efficace.\",\"breadcrumb\":{\"@id\":\"https:\\\/\\\/www.accuratereviews.com\\\/it\\\/crm-software-migliori-lista\\\/salesteer-recensione\\\/#breadcrumb\"},\"inLanguage\":\"it-IT\",\"potentialAction\":[{\"@type\":\"ReadAction\",\"target\":[\"https:\\\/\\\/www.accuratereviews.com\\\/it\\\/crm-software-migliori-lista\\\/salesteer-recensione\\\/\"]}]},{\"@type\":\"ImageObject\",\"inLanguage\":\"it-IT\",\"@id\":\"https:\\\/\\\/www.accuratereviews.com\\\/it\\\/crm-software-migliori-lista\\\/salesteer-recensione\\\/#primaryimage\",\"url\":\"https:\\\/\\\/www.accuratereviews.com\\\/wp-content\\\/uploads\\\/2025\\\/12\\\/Salesteer.avif\",\"contentUrl\":\"https:\\\/\\\/www.accuratereviews.com\\\/wp-content\\\/uploads\\\/2025\\\/12\\\/Salesteer.avif\",\"width\":236,\"height\":270},{\"@type\":\"BreadcrumbList\",\"@id\":\"https:\\\/\\\/www.accuratereviews.com\\\/it\\\/crm-software-migliori-lista\\\/salesteer-recensione\\\/#breadcrumb\",\"itemListElement\":[{\"@type\":\"ListItem\",\"position\":1,\"name\":\"Home\",\"item\":\"https:\\\/\\\/www.accuratereviews.com\\\/it\\\/\"},{\"@type\":\"ListItem\",\"position\":2,\"name\":\"CRM: i software migliori\",\"item\":\"https:\\\/\\\/www.accuratereviews.com\\\/it\\\/crm-software-migliori-lista\\\/\"},{\"@type\":\"ListItem\",\"position\":3,\"name\":\"Salesteer\"}]},{\"@type\":\"WebSite\",\"@id\":\"https:\\\/\\\/www.accuratereviews.com\\\/it\\\/#website\",\"url\":\"https:\\\/\\\/www.accuratereviews.com\\\/it\\\/\",\"name\":\"Accurate Reviews\",\"description\":\"\",\"potentialAction\":[{\"@type\":\"SearchAction\",\"target\":{\"@type\":\"EntryPoint\",\"urlTemplate\":\"https:\\\/\\\/www.accuratereviews.com\\\/it\\\/?s={search_term_string}\"},\"query-input\":{\"@type\":\"PropertyValueSpecification\",\"valueRequired\":true,\"valueName\":\"search_term_string\"}}],\"inLanguage\":\"it-IT\"}]}<\/script>\n<!-- \/ Yoast SEO plugin. -->","yoast_head_json":{"title":"Salesteer: recensione software CRM - Accurate Reviews","description":"Salesteer: recensione software per gestire le relazioni con i clienti (CRM) in modo efficiente ed efficace.","robots":{"index":"index","follow":"follow","max-snippet":"max-snippet:-1","max-image-preview":"max-image-preview:large","max-video-preview":"max-video-preview:-1"},"canonical":"https:\/\/www.accuratereviews.com\/it\/crm-software-migliori-lista\/salesteer-recensione\/","og_locale":"it_IT","og_type":"article","og_title":"Salesteer: recensione software CRM - Accurate Reviews","og_description":"Salesteer: recensione software per gestire le relazioni con i clienti (CRM) in modo efficiente ed efficace.","og_url":"https:\/\/www.accuratereviews.com\/it\/crm-software-migliori-lista\/salesteer-recensione\/","og_site_name":"Accurate Reviews","article_modified_time":"2026-01-02T10:17:01+00:00","twitter_card":"summary_large_image","twitter_misc":{"Tempo di lettura stimato":"5 minuti"},"schema":{"@context":"https:\/\/schema.org","@graph":[{"@type":"WebPage","@id":"https:\/\/www.accuratereviews.com\/it\/crm-software-migliori-lista\/salesteer-recensione\/","url":"https:\/\/www.accuratereviews.com\/it\/crm-software-migliori-lista\/salesteer-recensione\/","name":"Salesteer: recensione software CRM - Accurate Reviews","isPartOf":{"@id":"https:\/\/www.accuratereviews.com\/it\/#website"},"primaryImageOfPage":{"@id":"https:\/\/www.accuratereviews.com\/it\/crm-software-migliori-lista\/salesteer-recensione\/#primaryimage"},"image":{"@id":"https:\/\/www.accuratereviews.com\/it\/crm-software-migliori-lista\/salesteer-recensione\/#primaryimage"},"thumbnailUrl":"https:\/\/www.accuratereviews.com\/wp-content\/uploads\/2025\/12\/Salesteer.avif","datePublished":"2025-12-31T17:45:49+00:00","dateModified":"2026-01-02T10:17:01+00:00","description":"Salesteer: recensione software per gestire le relazioni con i clienti (CRM) in modo efficiente ed efficace.","breadcrumb":{"@id":"https:\/\/www.accuratereviews.com\/it\/crm-software-migliori-lista\/salesteer-recensione\/#breadcrumb"},"inLanguage":"it-IT","potentialAction":[{"@type":"ReadAction","target":["https:\/\/www.accuratereviews.com\/it\/crm-software-migliori-lista\/salesteer-recensione\/"]}]},{"@type":"ImageObject","inLanguage":"it-IT","@id":"https:\/\/www.accuratereviews.com\/it\/crm-software-migliori-lista\/salesteer-recensione\/#primaryimage","url":"https:\/\/www.accuratereviews.com\/wp-content\/uploads\/2025\/12\/Salesteer.avif","contentUrl":"https:\/\/www.accuratereviews.com\/wp-content\/uploads\/2025\/12\/Salesteer.avif","width":236,"height":270},{"@type":"BreadcrumbList","@id":"https:\/\/www.accuratereviews.com\/it\/crm-software-migliori-lista\/salesteer-recensione\/#breadcrumb","itemListElement":[{"@type":"ListItem","position":1,"name":"Home","item":"https:\/\/www.accuratereviews.com\/it\/"},{"@type":"ListItem","position":2,"name":"CRM: i software migliori","item":"https:\/\/www.accuratereviews.com\/it\/crm-software-migliori-lista\/"},{"@type":"ListItem","position":3,"name":"Salesteer"}]},{"@type":"WebSite","@id":"https:\/\/www.accuratereviews.com\/it\/#website","url":"https:\/\/www.accuratereviews.com\/it\/","name":"Accurate Reviews","description":"","potentialAction":[{"@type":"SearchAction","target":{"@type":"EntryPoint","urlTemplate":"https:\/\/www.accuratereviews.com\/it\/?s={search_term_string}"},"query-input":{"@type":"PropertyValueSpecification","valueRequired":true,"valueName":"search_term_string"}}],"inLanguage":"it-IT"}]}},"_links":{"self":[{"href":"https:\/\/www.accuratereviews.com\/it\/wp-json\/wp\/v2\/pages\/105879","targetHints":{"allow":["GET"]}}],"collection":[{"href":"https:\/\/www.accuratereviews.com\/it\/wp-json\/wp\/v2\/pages"}],"about":[{"href":"https:\/\/www.accuratereviews.com\/it\/wp-json\/wp\/v2\/types\/page"}],"author":[{"embeddable":true,"href":"https:\/\/www.accuratereviews.com\/it\/wp-json\/wp\/v2\/users\/19"}],"replies":[{"embeddable":true,"href":"https:\/\/www.accuratereviews.com\/it\/wp-json\/wp\/v2\/comments?post=105879"}],"version-history":[{"count":10,"href":"https:\/\/www.accuratereviews.com\/it\/wp-json\/wp\/v2\/pages\/105879\/revisions"}],"predecessor-version":[{"id":105919,"href":"https:\/\/www.accuratereviews.com\/it\/wp-json\/wp\/v2\/pages\/105879\/revisions\/105919"}],"up":[{"embeddable":true,"href":"https:\/\/www.accuratereviews.com\/it\/wp-json\/wp\/v2\/pages\/5966"}],"wp:featuredmedia":[{"embeddable":true,"href":"https:\/\/www.accuratereviews.com\/it\/wp-json\/wp\/v2\/media\/105880"}],"wp:attachment":[{"href":"https:\/\/www.accuratereviews.com\/it\/wp-json\/wp\/v2\/media?parent=105879"}],"wp:term":[{"taxonomy":"category","embeddable":true,"href":"https:\/\/www.accuratereviews.com\/it\/wp-json\/wp\/v2\/categories?post=105879"},{"taxonomy":"post_tag","embeddable":true,"href":"https:\/\/www.accuratereviews.com\/it\/wp-json\/wp\/v2\/tags?post=105879"},{"taxonomy":"features","embeddable":true,"href":"https:\/\/www.accuratereviews.com\/it\/wp-json\/wp\/v2\/features?post=105879"}],"curies":[{"name":"wp","href":"https:\/\/api.w.org\/{rel}","templated":true}]}}