{"id":105902,"date":"2026-01-02T16:40:56","date_gmt":"2026-01-02T16:40:56","guid":{"rendered":"https:\/\/www.accuratereviews.com\/?page_id=105902"},"modified":"2026-01-02T16:40:56","modified_gmt":"2026-01-02T16:40:56","slug":"topline-recensione","status":"publish","type":"page","link":"https:\/\/www.accuratereviews.com\/it\/crm-software-migliori-lista\/topline-recensione\/","title":{"rendered":"Topline"},"content":{"rendered":"<p><strong>Topline<\/strong>\u00a0\u00e8 un sistema operativo all-in-one per la crescita che riunisce tutti gli strumenti necessari per gestire e far crescere la tua attivit\u00e0 in una piattaforma moderna e facile da usare. \u00c8 ricco di funzionalit\u00e0 come un <strong>CRM completo<\/strong> per tenere traccia di tutte le interazioni con i clienti, l&#8217;automazione delle vendite e del marketing per semplificare i processi e calendari dinamici per mantenerti organizzato. <strong>Topline<\/strong> include anche un&#8217;app mobile per l&#8217;accesso in mobilit\u00e0, la firma elettronica e l&#8217;elaborazione dei pagamenti, la gestione dei social media, l&#8217;email marketing, analisi di marketing personalizzate e persino l&#8217;organizzazione di corsi e gruppi della community.<a href=\"https:\/\/www.accuratereviews.com\/wp-content\/uploads\/2026\/01\/Screenshot-2026-01-02-alle-11.00.04.png\"><img loading=\"lazy\" decoding=\"async\" class=\"aligncenter wp-image-105910 size-full\" src=\"https:\/\/www.accuratereviews.com\/wp-content\/uploads\/2026\/01\/Screenshot-2026-01-02-alle-11.00.04.png\" alt=\"\" width=\"1634\" height=\"1238\" srcset=\"https:\/\/www.accuratereviews.com\/wp-content\/uploads\/2026\/01\/Screenshot-2026-01-02-alle-11.00.04.png 1634w, https:\/\/www.accuratereviews.com\/wp-content\/uploads\/2026\/01\/Screenshot-2026-01-02-alle-11.00.04-300x227.png 300w, https:\/\/www.accuratereviews.com\/wp-content\/uploads\/2026\/01\/Screenshot-2026-01-02-alle-11.00.04-1024x776.png 1024w, https:\/\/www.accuratereviews.com\/wp-content\/uploads\/2026\/01\/Screenshot-2026-01-02-alle-11.00.04-768x582.png 768w, https:\/\/www.accuratereviews.com\/wp-content\/uploads\/2026\/01\/Screenshot-2026-01-02-alle-11.00.04-1536x1164.png 1536w, https:\/\/www.accuratereviews.com\/wp-content\/uploads\/2026\/01\/Screenshot-2026-01-02-alle-11.00.04-50x38.png 50w, https:\/\/www.accuratereviews.com\/wp-content\/uploads\/2026\/01\/Screenshot-2026-01-02-alle-11.00.04-165x125.png 165w, https:\/\/www.accuratereviews.com\/wp-content\/uploads\/2026\/01\/Screenshot-2026-01-02-alle-11.00.04-968x733.png 968w, https:\/\/www.accuratereviews.com\/wp-content\/uploads\/2026\/01\/Screenshot-2026-01-02-alle-11.00.04-636x482.png 636w, https:\/\/www.accuratereviews.com\/wp-content\/uploads\/2026\/01\/Screenshot-2026-01-02-alle-11.00.04-320x242.png 320w, https:\/\/www.accuratereviews.com\/wp-content\/uploads\/2026\/01\/Screenshot-2026-01-02-alle-11.00.04-239x181.png 239w\" sizes=\"auto, (max-width: 1634px) 100vw, 1634px\" \/><\/a><\/p>\n<h2>TOPLINE &#8211; CARATTERISTICHE<\/h2>\n<ul>\n<li><strong>Email marketing<\/strong>: progetta, automatizza e monitora campagne email che convertono e stimolano il coinvolgimento dei clienti.<\/li>\n<li><strong>Gestione della reputazione<\/strong>: monitora e migliora la tua reputazione online gestendo recensioni e feedback dei clienti.<\/li>\n<li><strong>Automazione di marketing e vendite<\/strong>: atomatizza i flussi di lavoro di marketing e vendite per risparmiare tempo e concludere pi\u00f9 affari.<\/li>\n<li><strong>CRM e gestione dei contatti<\/strong>: organizza, monitora e coltiva le relazioni con i tuoi clienti con un CRM completamente integrato.<\/li>\n<li><strong>Gestione dei social media<\/strong>: crea e programma post di impatto sui social media che coinvolgono e fanno crescere il tuo pubblico<\/li>\n<li><strong>Creatore di siti web (CMS)<\/strong>: progetta, personalizza e gestisci il tuo sito web senza sforzo con una piattaforma intuitiva e senza codice. Pu\u00f2 sostituire:<\/li>\n<li><strong>Corsi e community:<\/strong> crea e gestisci corsi e community online per coinvolgere e coltivare il tuo pubblico.<\/li>\n<li><strong>Telefono e sms<\/strong>: connettiti con i clienti all&#8217;istante utilizzando le funzionalit\u00e0 integrate di telefono e sms per una comunicazione fluida.<\/li>\n<\/ul>\n<h3>LE RECENSIONI DEGLI UTENTI<\/h3>\n<p><strong>Greg &#8220;Il sistema di gestione\/CRM all-in-one dei nostri sogni.&#8221;<\/strong><br \/>\nNon potrei essere pi\u00f9 entusiasta di ogni aspetto della collaborazione con Topline.<br \/>\n<strong>Pro<\/strong>: Il modo in cui tutti i sistemi si collegano, lo strumento migliore in assoluto per ogni lavoro e una dashboard per monitorare l&#8217;avanzamento dei lavori. Adoro anche il personale, la loro competenza, le loro eccellenti competenze di marketing e tecnologia e il prezzo. Sono tutti fantastici.<br \/>\n<strong>Contro<\/strong>: Niente. Tutto \u00e8 il massimo e funzionano tutti insieme alla perfezione.<\/p>\n<p><strong>Kat &#8220;Sbalordito dalla prima esperienza&#8221;<\/strong><br \/>\n<strong>Pro<\/strong>: fin dal primo momento in cui ho scoperto Topline, sono rimasto sbalordito dal fatto che tutti questi software, cos\u00ec come il supporto alla crescita, fossero disponibili al prezzo dell&#8217;abbonamento. Sembrava quasi troppo bello per essere vero, ma il fatto che ci\u00f2 sia vero \u00e8 una testimonianza del livello di attenzione che le persone dietro a questa azienda hanno per i fornitori di servizi.<br \/>\n<strong>Contro<\/strong>: non ho ancora incontrato nessuna truffa! Sono entusiasta di questa piattaforma.<\/p>\n<p><strong>Brooke &#8220;La migliore piattaforma per il marketing!&#8221;<\/strong><br \/>\nTopline ci sta aiutando a portare la nostra agenzia di marketing al livello successivo. Il coaching, la piattaforma e la fiducia sono tutti l\u00ec!<br \/>\n<strong>Pro<\/strong>: Topline \u00e8 il pacchetto completo!!! Automazioni, gestione delle campagne, CRM, social media e molto altro! Non ho ancora trovato una piattaforma che possa fare tutto quello che fa Topline!<br \/>\n<strong>Contro<\/strong>: Contro? Con Topline non esiste nulla del genere!<\/p>\n","protected":false},"excerpt":{"rendered":"<p>Topline\u00a0\u00e8 un sistema operativo all-in-one per la crescita che riunisce tutti gli strumenti necessari per gestire e far crescere la tua attivit\u00e0 in una piattaforma moderna e facile da usare. \u00c8 ricco di funzionalit\u00e0 come un CRM completo per tenere traccia di tutte le interazioni con i clienti, l&#8217;automazione delle vendite e del marketing per semplificare i processi e calendari dinamici per mantenerti organizzato.<\/p>\n","protected":false},"author":19,"featured_media":105903,"parent":5966,"menu_order":0,"comment_status":"open","ping_status":"closed","template":"g1_template_page_review_new.php","meta":{"_acf_changed":false,"cwp_meta_box_check":"Yes","cwp_rev_product_name":"","cwp_rev_product_image":"","wppr_links":[],"cwp_rev_price":"0.00","wppr_options":[{"name":"Usability","value":"0"},{"name":"Speed","value":"0"},{"name":"Features","value":"0"},{"name":"Support","value":"0"},{"name":"Pricing","value":"0"}],"wppr_pros":["","","","",""],"wppr_cons":["","","","",""],"_monsterinsights_skip_tracking":false,"_monsterinsights_sitenote_active":false,"_monsterinsights_sitenote_note":"","_monsterinsights_sitenote_category":0,"footnotes":""},"categories":[120],"tags":[1835,4080,427,1837,1239,16834],"features":[],"class_list":{"0":"post-105902","1":"page","2":"type-page","3":"status-publish","4":"has-post-thumbnail","6":"category-crm-it","7":"tag-crm-2-it","8":"tag-piattaforma-crm","9":"tag-programma-crm","10":"tag-software-crm-2-it","11":"tag-soluzione-crm","12":"tag-topline"},"wppr_data":{"cwp_meta_box_check":"Yes","_wppr_review_template":"default","cwp_rev_product_image":"","cwp_image_link":"image","wppr_links":[],"cwp_rev_price":"0.00","wppr_pros":["","","","",""],"wppr_cons":["","","","",""],"wppr_rating":"0.00","wppr_options":{"1":{"name":"Usability","value":"0"},"2":{"name":"Speed","value":"0"},"3":{"name":"Features","value":"0"},"4":{"name":"Support","value":"0"},"5":{"name":"Pricing","value":"0"}},"wppr_review_type":"Product","wppr_review_custom_fields":{"additionalProperty":"","additionalType":"","aggregateRating":"","alternateName":"","audience":"","award":"","awards":"","brand":"","color":"","depth":"","description":"","disambiguatingDescription":"","gtin12":"","gtin13":"","gtin14":"","gtin8":"","height":"","identifier":"","image":"","isAccessoryOrSparePartFor":"","isConsumableFor":"","isRelatedTo":"","isSimilarTo":"","itemCondition":"","logo":"","mainEntityOfPage":"","manufacturer":"","material":"","model":"","mpn":"","name":"","offers":"","potentialAction":"","productID":"","productionDate":"","purchaseDate":"","releaseDate":"","review":"","reviews":"","sameAs":"","sku":"","slogan":"","subjectOf":"","url":"","weight":"","width":""}},"acf":[],"yoast_head":"<!-- This site is optimized with the Yoast SEO plugin v27.4 - https:\/\/yoast.com\/product\/yoast-seo-wordpress\/ -->\n<title>Topline: recensione software CRM - Accurate Reviews<\/title>\n<meta name=\"description\" content=\"Topline: recensione\u00a0sistema operativo per la crescita aziendale che riunisce gli strumenti necessari per gestire e far crescere l&#039;attivit\u00e0.\" \/>\n<meta name=\"robots\" content=\"index, follow, max-snippet:-1, max-image-preview:large, max-video-preview:-1\" \/>\n<link rel=\"canonical\" href=\"https:\/\/www.accuratereviews.com\/it\/crm-software-migliori-lista\/topline-recensione\/\" \/>\n<meta property=\"og:locale\" content=\"it_IT\" \/>\n<meta property=\"og:type\" content=\"article\" \/>\n<meta property=\"og:title\" content=\"Topline: recensione software CRM - Accurate Reviews\" \/>\n<meta property=\"og:description\" content=\"Topline: recensione\u00a0sistema operativo per la crescita aziendale che riunisce gli strumenti necessari per gestire e far crescere l&#039;attivit\u00e0.\" \/>\n<meta property=\"og:url\" content=\"https:\/\/www.accuratereviews.com\/it\/crm-software-migliori-lista\/topline-recensione\/\" \/>\n<meta property=\"og:site_name\" content=\"Accurate Reviews\" \/>\n<meta property=\"og:image\" content=\"https:\/\/www.accuratereviews.com\/wp-content\/uploads\/2026\/01\/topline.png\" \/>\n\t<meta property=\"og:image:width\" content=\"200\" \/>\n\t<meta property=\"og:image:height\" content=\"200\" \/>\n\t<meta property=\"og:image:type\" content=\"image\/png\" \/>\n<meta name=\"twitter:card\" content=\"summary_large_image\" \/>\n<meta name=\"twitter:label1\" content=\"Tempo di lettura stimato\" \/>\n\t<meta name=\"twitter:data1\" content=\"4 minuti\" \/>\n<script type=\"application\/ld+json\" class=\"yoast-schema-graph\">{\"@context\":\"https:\\\/\\\/schema.org\",\"@graph\":[{\"@type\":\"WebPage\",\"@id\":\"https:\\\/\\\/www.accuratereviews.com\\\/it\\\/crm-software-migliori-lista\\\/topline-recensione\\\/\",\"url\":\"https:\\\/\\\/www.accuratereviews.com\\\/it\\\/crm-software-migliori-lista\\\/topline-recensione\\\/\",\"name\":\"Topline: recensione software CRM - Accurate Reviews\",\"isPartOf\":{\"@id\":\"https:\\\/\\\/www.accuratereviews.com\\\/it\\\/#website\"},\"primaryImageOfPage\":{\"@id\":\"https:\\\/\\\/www.accuratereviews.com\\\/it\\\/crm-software-migliori-lista\\\/topline-recensione\\\/#primaryimage\"},\"image\":{\"@id\":\"https:\\\/\\\/www.accuratereviews.com\\\/it\\\/crm-software-migliori-lista\\\/topline-recensione\\\/#primaryimage\"},\"thumbnailUrl\":\"https:\\\/\\\/www.accuratereviews.com\\\/wp-content\\\/uploads\\\/2026\\\/01\\\/topline.png\",\"datePublished\":\"2026-01-02T16:40:56+00:00\",\"description\":\"Topline: recensione\u00a0sistema operativo per la crescita aziendale che riunisce gli strumenti necessari per gestire e far crescere l'attivit\u00e0.\",\"breadcrumb\":{\"@id\":\"https:\\\/\\\/www.accuratereviews.com\\\/it\\\/crm-software-migliori-lista\\\/topline-recensione\\\/#breadcrumb\"},\"inLanguage\":\"it-IT\",\"potentialAction\":[{\"@type\":\"ReadAction\",\"target\":[\"https:\\\/\\\/www.accuratereviews.com\\\/it\\\/crm-software-migliori-lista\\\/topline-recensione\\\/\"]}]},{\"@type\":\"ImageObject\",\"inLanguage\":\"it-IT\",\"@id\":\"https:\\\/\\\/www.accuratereviews.com\\\/it\\\/crm-software-migliori-lista\\\/topline-recensione\\\/#primaryimage\",\"url\":\"https:\\\/\\\/www.accuratereviews.com\\\/wp-content\\\/uploads\\\/2026\\\/01\\\/topline.png\",\"contentUrl\":\"https:\\\/\\\/www.accuratereviews.com\\\/wp-content\\\/uploads\\\/2026\\\/01\\\/topline.png\",\"width\":200,\"height\":200},{\"@type\":\"BreadcrumbList\",\"@id\":\"https:\\\/\\\/www.accuratereviews.com\\\/it\\\/crm-software-migliori-lista\\\/topline-recensione\\\/#breadcrumb\",\"itemListElement\":[{\"@type\":\"ListItem\",\"position\":1,\"name\":\"Home\",\"item\":\"https:\\\/\\\/www.accuratereviews.com\\\/it\\\/\"},{\"@type\":\"ListItem\",\"position\":2,\"name\":\"CRM: i software migliori\",\"item\":\"https:\\\/\\\/www.accuratereviews.com\\\/it\\\/crm-software-migliori-lista\\\/\"},{\"@type\":\"ListItem\",\"position\":3,\"name\":\"Topline\"}]},{\"@type\":\"WebSite\",\"@id\":\"https:\\\/\\\/www.accuratereviews.com\\\/it\\\/#website\",\"url\":\"https:\\\/\\\/www.accuratereviews.com\\\/it\\\/\",\"name\":\"Accurate Reviews\",\"description\":\"\",\"potentialAction\":[{\"@type\":\"SearchAction\",\"target\":{\"@type\":\"EntryPoint\",\"urlTemplate\":\"https:\\\/\\\/www.accuratereviews.com\\\/it\\\/?s={search_term_string}\"},\"query-input\":{\"@type\":\"PropertyValueSpecification\",\"valueRequired\":true,\"valueName\":\"search_term_string\"}}],\"inLanguage\":\"it-IT\"}]}<\/script>\n<!-- \/ Yoast SEO plugin. -->","yoast_head_json":{"title":"Topline: recensione software CRM - Accurate Reviews","description":"Topline: recensione\u00a0sistema operativo per la crescita aziendale che riunisce gli strumenti necessari per gestire e far crescere l'attivit\u00e0.","robots":{"index":"index","follow":"follow","max-snippet":"max-snippet:-1","max-image-preview":"max-image-preview:large","max-video-preview":"max-video-preview:-1"},"canonical":"https:\/\/www.accuratereviews.com\/it\/crm-software-migliori-lista\/topline-recensione\/","og_locale":"it_IT","og_type":"article","og_title":"Topline: recensione software CRM - Accurate Reviews","og_description":"Topline: recensione\u00a0sistema operativo per la crescita aziendale che riunisce gli strumenti necessari per gestire e far crescere l'attivit\u00e0.","og_url":"https:\/\/www.accuratereviews.com\/it\/crm-software-migliori-lista\/topline-recensione\/","og_site_name":"Accurate Reviews","og_image":[{"width":200,"height":200,"url":"https:\/\/www.accuratereviews.com\/wp-content\/uploads\/2026\/01\/topline.png","type":"image\/png"}],"twitter_card":"summary_large_image","twitter_misc":{"Tempo di lettura stimato":"4 minuti"},"schema":{"@context":"https:\/\/schema.org","@graph":[{"@type":"WebPage","@id":"https:\/\/www.accuratereviews.com\/it\/crm-software-migliori-lista\/topline-recensione\/","url":"https:\/\/www.accuratereviews.com\/it\/crm-software-migliori-lista\/topline-recensione\/","name":"Topline: recensione software CRM - Accurate Reviews","isPartOf":{"@id":"https:\/\/www.accuratereviews.com\/it\/#website"},"primaryImageOfPage":{"@id":"https:\/\/www.accuratereviews.com\/it\/crm-software-migliori-lista\/topline-recensione\/#primaryimage"},"image":{"@id":"https:\/\/www.accuratereviews.com\/it\/crm-software-migliori-lista\/topline-recensione\/#primaryimage"},"thumbnailUrl":"https:\/\/www.accuratereviews.com\/wp-content\/uploads\/2026\/01\/topline.png","datePublished":"2026-01-02T16:40:56+00:00","description":"Topline: recensione\u00a0sistema operativo per la crescita aziendale che riunisce gli strumenti necessari per gestire e far crescere l'attivit\u00e0.","breadcrumb":{"@id":"https:\/\/www.accuratereviews.com\/it\/crm-software-migliori-lista\/topline-recensione\/#breadcrumb"},"inLanguage":"it-IT","potentialAction":[{"@type":"ReadAction","target":["https:\/\/www.accuratereviews.com\/it\/crm-software-migliori-lista\/topline-recensione\/"]}]},{"@type":"ImageObject","inLanguage":"it-IT","@id":"https:\/\/www.accuratereviews.com\/it\/crm-software-migliori-lista\/topline-recensione\/#primaryimage","url":"https:\/\/www.accuratereviews.com\/wp-content\/uploads\/2026\/01\/topline.png","contentUrl":"https:\/\/www.accuratereviews.com\/wp-content\/uploads\/2026\/01\/topline.png","width":200,"height":200},{"@type":"BreadcrumbList","@id":"https:\/\/www.accuratereviews.com\/it\/crm-software-migliori-lista\/topline-recensione\/#breadcrumb","itemListElement":[{"@type":"ListItem","position":1,"name":"Home","item":"https:\/\/www.accuratereviews.com\/it\/"},{"@type":"ListItem","position":2,"name":"CRM: i software migliori","item":"https:\/\/www.accuratereviews.com\/it\/crm-software-migliori-lista\/"},{"@type":"ListItem","position":3,"name":"Topline"}]},{"@type":"WebSite","@id":"https:\/\/www.accuratereviews.com\/it\/#website","url":"https:\/\/www.accuratereviews.com\/it\/","name":"Accurate Reviews","description":"","potentialAction":[{"@type":"SearchAction","target":{"@type":"EntryPoint","urlTemplate":"https:\/\/www.accuratereviews.com\/it\/?s={search_term_string}"},"query-input":{"@type":"PropertyValueSpecification","valueRequired":true,"valueName":"search_term_string"}}],"inLanguage":"it-IT"}]}},"_links":{"self":[{"href":"https:\/\/www.accuratereviews.com\/it\/wp-json\/wp\/v2\/pages\/105902","targetHints":{"allow":["GET"]}}],"collection":[{"href":"https:\/\/www.accuratereviews.com\/it\/wp-json\/wp\/v2\/pages"}],"about":[{"href":"https:\/\/www.accuratereviews.com\/it\/wp-json\/wp\/v2\/types\/page"}],"author":[{"embeddable":true,"href":"https:\/\/www.accuratereviews.com\/it\/wp-json\/wp\/v2\/users\/19"}],"replies":[{"embeddable":true,"href":"https:\/\/www.accuratereviews.com\/it\/wp-json\/wp\/v2\/comments?post=105902"}],"version-history":[{"count":9,"href":"https:\/\/www.accuratereviews.com\/it\/wp-json\/wp\/v2\/pages\/105902\/revisions"}],"predecessor-version":[{"id":105924,"href":"https:\/\/www.accuratereviews.com\/it\/wp-json\/wp\/v2\/pages\/105902\/revisions\/105924"}],"up":[{"embeddable":true,"href":"https:\/\/www.accuratereviews.com\/it\/wp-json\/wp\/v2\/pages\/5966"}],"wp:featuredmedia":[{"embeddable":true,"href":"https:\/\/www.accuratereviews.com\/it\/wp-json\/wp\/v2\/media\/105903"}],"wp:attachment":[{"href":"https:\/\/www.accuratereviews.com\/it\/wp-json\/wp\/v2\/media?parent=105902"}],"wp:term":[{"taxonomy":"category","embeddable":true,"href":"https:\/\/www.accuratereviews.com\/it\/wp-json\/wp\/v2\/categories?post=105902"},{"taxonomy":"post_tag","embeddable":true,"href":"https:\/\/www.accuratereviews.com\/it\/wp-json\/wp\/v2\/tags?post=105902"},{"taxonomy":"features","embeddable":true,"href":"https:\/\/www.accuratereviews.com\/it\/wp-json\/wp\/v2\/features?post=105902"}],"curies":[{"name":"wp","href":"https:\/\/api.w.org\/{rel}","templated":true}]}}