{"id":105938,"date":"2026-01-05T17:54:52","date_gmt":"2026-01-05T17:54:52","guid":{"rendered":"https:\/\/www.accuratereviews.com\/?page_id=105938"},"modified":"2026-01-07T10:22:32","modified_gmt":"2026-01-07T10:22:32","slug":"aframe-recensione","status":"publish","type":"page","link":"https:\/\/www.accuratereviews.com\/it\/crm-software-migliori-lista\/aframe-recensione\/","title":{"rendered":"AFrame"},"content":{"rendered":"<p><strong>AFrame<\/strong> \u00e8 un <strong>software di gestione delle relazioni con i clienti (CRM)<\/strong> basato su <strong>cloud<\/strong> che aiuta a organizzare i contatti, monitorare le transazioni, visualizzare i contratti e altro ancora da un&#8217;unica piattaforma. Permette ai dipendenti di gestire il feedback dei clienti, monitorare le analisi di vendita, definire gli obiettivi degli agenti, archiviare documenti, accedere ai registri delle attivit\u00e0 e organizzare gli annunci immobiliari. Consente di <strong>assegnare automaticamente attivit\u00e0<\/strong> ai membri del team, ricevere promemoria sui contratti, organizzare i file delle transazioni, monitorare gli annunci correnti e registrare le attivit\u00e0 di marketing.<br \/>\n<strong>AFrame <\/strong>aiuta i membri dello staff a categorizzare i contatti, pianificare i follow-up, accedere agli strumenti di ricerca clienti, visualizzare la cronologia delle chat, <strong>monitorare i lead e monitorare i ricavi generati.<\/strong> Permette, inoltre, ai team immobiliari di generare elenchi di posta elettronica, importare o esportare i dati dei contratti, configurare i portali clienti, inviare file delle transazioni ai clienti, trovare transazioni specifiche e assegnare i titolari dei contatti.<\/p>\n<h2>ALFRAME &#8211; TUTORIAL<\/h2>\n<div id=\"fluid-wrapper-counter-1\" class=\"g1-fluid-wrapper \" style=\"width:686px;\">\n<div style=\"padding-bottom:56.268221574344%;\"><iframe loading=\"lazy\" title=\"Customer Support\" width=\"686\" height=\"386\" src=\"https:\/\/www.youtube.com\/embed\/9GxkOI-qKv4?feature=oembed&amp;wmode=transparent&amp;autohide=1&amp;autoplay=0&amp;disablekb=0&amp;fs=1&amp;loop=0&amp;enablejsapi=1&amp;rel=0&amp;controls=2&amp;showinfo=0&amp;wmode=transparent&amp;autohide=2&amp;autoplay=0&amp;disablekb=0&amp;fs=1&amp;loop=0&amp;enablejsapi=1&amp;rel=0&amp;controls=2&amp;showinfo=1\" frameborder=\"0\" allow=\"accelerometer; autoplay; clipboard-write; encrypted-media; gyroscope; picture-in-picture; web-share\" referrerpolicy=\"strict-origin-when-cross-origin\" allowfullscreen><\/iframe><\/div>\n<\/div>\n<h3>ALFRAME &#8211; CARATTERISTICHE<\/h3>\n<ul>\n<li><strong>Piani d&#8217;azione<\/strong>: assegna facilmente pi\u00f9 attivit\u00e0 quando prendi un nuovo annuncio o metti sotto contratto un acquirente\/venditore. Le attivit\u00e0 possono essere assegnate automaticamente a qualsiasi membro del team. Integra le attivit\u00e0 con modelli di email\/lettere per comunicazioni coerenti ed efficienti con i clienti.<\/li>\n<li><strong>Registri di visite\/attivit\u00e0<\/strong>: tieni tutti informati con i registri delle attivit\u00e0. Registra attivit\u00e0 di marketing, visite\/feedback, email, open house e visite di presentazione, tutto in un&#8217;unica posizione.<\/li>\n<li><strong>Archiviazione file:<\/strong> carica e organizza i file delle transazioni. Ora avrai accesso a contratti di vendita, informative del venditore, sondaggi, ecc. sul tuo telefono, in ufficio o a casa. Tranquillit\u00e0 assicurata: i tuoi file sono al sicuro e sottoposti a backup sul cloud.<\/li>\n<li><strong>Modelli di email\/lettere<\/strong>: con un semplice tocco, crea email per i tuoi clienti che contengono informazioni di contatto, annunci e contratti unificati per garantire a ogni cliente un&#8217;esperienza coerente e professionale.<\/li>\n<li><strong>Organizza<\/strong>: gestisci facilmente le liste di contatti pi\u00f9 ampie con categorie per un raggruppamento semplice, seleziona le valutazioni delle relazioni per i follow-up programmati e assegna la responsabilit\u00e0 in un ambiente di team.<\/li>\n<li><strong>Strumenti di ricerca client<\/strong>i: gestisci sistematicamente il tuo database tramite potenti strumenti di ricerca clienti. Utilizza il motore di ricerca automatica per &#8220;lavorare con i tuoi contatti&#8221; per nuove opportunit\u00e0 di business o crea manualmente liste da chiamare o inviare email.<\/li>\n<li><strong>Monitoraggio dei lead<\/strong>: tieni sotto controllo tutti i tuoi lead di acquirenti e venditori pi\u00f9 interessanti e memorizza informazioni come date di follow-up, esigenze e desideri, cronologia delle conversazioni e potenziali guadagni.<\/li>\n<li><strong>Importa \/ Esporta<\/strong>: importa facilmente i dati dei contatti da quasi tutte le fonti e crea esportazioni personalizzate per mailing list ed email marketing.<\/li>\n<li><strong>File e link web<\/strong>: fornisci l&#8217;accesso a importanti documenti di transazione come accordi di vendita, contratti e informative del venditore. Puoi anche inserire link web per un facile accesso a siti web immobiliari, presentazioni e cartelle Dropbox. icon-notebargraph<\/li>\n<li><strong>Condividi ci\u00f2 che desideri:<\/strong> scegli cosa far vedere ai tuoi clienti. Puoi mostrare o nascondere qualsiasi attivit\u00e0, data del contratto, file caricato o contatto per la transazione: hai il controllo.<\/li>\n<li><strong>Analizza la tua attivit\u00e0<\/strong>: visualizza le statistiche in tempo reale sulla dashboard, cos\u00ec saprai sempre come i tuoi numeri effettivi (e quelli del tuo team) corrispondono ai tuoi obiettivi<\/li>\n<li><strong>Report dettagliati<\/strong>: esegui report personalizzati che analizzano la provenienza della tua attivit\u00e0, in modo da poter identificare le aree in cui \u00e8 necessario apportare modifiche per raggiungere i tuoi obiettivi.<\/li>\n<\/ul>\n<h4>LE RECENSIONI DEGLI UTENTI<\/h4>\n<p><strong>Nurul Salimah &#8220;AFrame come strumento CRM&#8221;<\/strong><br \/>\nOttimi strumenti CRM per gestire e tenere traccia dei record.<br \/>\n<strong>Pro<\/strong>: questo era un software user-friendly in termini di monitoraggio dei ricavi e dell&#8217;azienda in generale. Ammetto che non utilizzo tutte le funzionalit\u00e0, ma \u00e8 utile per mantenermi strutturato. Servizio clienti eccezionale. La funzionalit\u00e0 di accessibilit\u00e0 consente ai clienti di vedere cosa stiamo facendo per loro anzich\u00e9 importare immediatamente commenti che chiunque di loro possa vedere.<br \/>\n<strong>Contro<\/strong>: sebbene gli strumenti di messa in servizio e analisi non abbiano la stessa funzionalit\u00e0 estesa del resto del programma, svolgono egregiamente le loro funzioni per gli scopi per cui sono stati creati. Sarebbe bello se potessero espandere la funzionalit\u00e0 per i report.<\/p>\n<p><strong>Celeste &#8220;Senza dubbio il miglior strumento di gestione delle transazioni sul mercato!&#8221;<\/strong><br \/>\nQuesto \u00e8 senza dubbio il miglior software di gestione delle transazioni che abbia mai incontrato, e li ho provati tutti! Interfaccia molto intuitiva, facile da usare e, soprattutto, estremamente incentrato sul cliente. Con il portale clienti, tutto \u00e8 a portata di mano del cliente, con un semplice clic. Non so come ho fatto a gestire il mio immobile senza AFrame. Ha decisamente cambiato la mia attivit\u00e0 e mi ha fatto risparmiare un sacco di tempo. Prima di AFrame dovevo andare in diversi posti per accedere a documenti, contatti, date, ecc. e non avevo promemoria a meno che non mi prendessi il tempo noioso di aggiungere tutto ci\u00f2 che era importante al mio calendario. Ora, tutto \u00e8 in un unico posto E facilmente accessibile da qualsiasi luogo, direttamente dalla mia app sul telefono. Anche il servizio clienti \u00e8 fantastico. Sono molto soddisfatto di AFrame. :)<br \/>\n<strong>Pro<\/strong>: tutto! Gestione delle attivit\u00e0, portale clienti, possibilit\u00e0 di personalizzazione, facilit\u00e0 d&#8217;uso, app, tutto in un unico posto e facile accesso in mobilit\u00e0. Nel complesso, un ottimo sistema a una frazione del costo di altri sistemi che non offrono altrettante funzionalit\u00e0.<br \/>\n<strong>Contro<\/strong>: vorrei poter inviare SMS dal sistema.<\/p>\n<p><strong>Tony &#8220;AFrame soddisfa le nostre esigenze&#8221;<\/strong><br \/>\nMolto positivo. Lo usiamo ogni giorno per gestire la nostra attivit\u00e0.<br \/>\n<strong>Pro<\/strong>: abbiamo provato diversi programmi di gestione delle transazioni prima di scegliere AFrame. Il prodotto \u00e8 ottimo e il supporto \u00e8 molto reattivo!<br \/>\n<strong>Contro<\/strong>: i video di formazione iniziale e la sezione di aiuto potrebbero essere pi\u00f9 completi.<\/p>\n","protected":false},"excerpt":{"rendered":"<p>AFrame \u00e8 un software di gestione delle relazioni con i clienti (CRM) basato su cloud che aiuta a organizzare i contatti, monitorare le transazioni, visualizzare i contratti e altro ancora da un&#8217;unica piattaforma. Permette ai dipendenti di gestire il feedback dei clienti, monitorare le analisi di vendita, definire gli obiettivi degli agenti, archiviare documenti, accedere ai registri delle attivit\u00e0 e organizzare gli annunci immobiliari.<\/p>\n","protected":false},"author":19,"featured_media":105939,"parent":5966,"menu_order":0,"comment_status":"open","ping_status":"closed","template":"g1_template_page_review_new.php","meta":{"_acf_changed":false,"cwp_meta_box_check":"Yes","cwp_rev_product_name":"","cwp_rev_product_image":"","wppr_links":[],"cwp_rev_price":"0.00","wppr_options":[{"name":"Usability","value":"0"},{"name":"Speed","value":"0"},{"name":"Features","value":"0"},{"name":"Support","value":"0"},{"name":"Pricing","value":"0"}],"wppr_pros":["","","","",""],"wppr_cons":["","","","",""],"_monsterinsights_skip_tracking":false,"_monsterinsights_sitenote_active":false,"_monsterinsights_sitenote_note":"","_monsterinsights_sitenote_category":0,"footnotes":""},"categories":[120],"tags":[16838,1835,4080,427,1837,1239],"features":[],"class_list":{"0":"post-105938","1":"page","2":"type-page","3":"status-publish","4":"has-post-thumbnail","6":"category-crm-it","7":"tag-aframe","8":"tag-crm-2-it","9":"tag-piattaforma-crm","10":"tag-programma-crm","11":"tag-software-crm-2-it","12":"tag-soluzione-crm"},"wppr_data":{"cwp_meta_box_check":"Yes","_wppr_review_template":"default","cwp_rev_product_image":"","cwp_image_link":"image","wppr_links":[],"cwp_rev_price":"0.00","wppr_pros":["","","","",""],"wppr_cons":["","","","",""],"wppr_rating":"0.00","wppr_options":{"1":{"name":"Usability","value":"0"},"2":{"name":"Speed","value":"0"},"3":{"name":"Features","value":"0"},"4":{"name":"Support","value":"0"},"5":{"name":"Pricing","value":"0"}},"wppr_review_type":"Product","wppr_review_custom_fields":{"additionalProperty":"","additionalType":"","aggregateRating":"","alternateName":"","audience":"","award":"","awards":"","brand":"","color":"","depth":"","description":"","disambiguatingDescription":"","gtin12":"","gtin13":"","gtin14":"","gtin8":"","height":"","identifier":"","image":"","isAccessoryOrSparePartFor":"","isConsumableFor":"","isRelatedTo":"","isSimilarTo":"","itemCondition":"","logo":"","mainEntityOfPage":"","manufacturer":"","material":"","model":"","mpn":"","name":"","offers":"","potentialAction":"","productID":"","productionDate":"","purchaseDate":"","releaseDate":"","review":"","reviews":"","sameAs":"","sku":"","slogan":"","subjectOf":"","url":"","weight":"","width":""}},"acf":[],"yoast_head":"<!-- This site is optimized with the Yoast SEO plugin v27.4 - https:\/\/yoast.com\/product\/yoast-seo-wordpress\/ -->\n<title>AFrame: recensione software CRM - Accurate Reviews<\/title>\n<meta name=\"description\" content=\"AFrame: recensione software CRM che aiuta a organizzare i contatti, monitorare le transazioni, visualizzare i contratti e altro ancora.\" \/>\n<meta name=\"robots\" content=\"index, follow, max-snippet:-1, max-image-preview:large, max-video-preview:-1\" \/>\n<link rel=\"canonical\" href=\"https:\/\/www.accuratereviews.com\/it\/crm-software-migliori-lista\/aframe-recensione\/\" \/>\n<meta property=\"og:locale\" content=\"it_IT\" \/>\n<meta property=\"og:type\" content=\"article\" \/>\n<meta property=\"og:title\" content=\"AFrame: recensione software CRM - Accurate Reviews\" \/>\n<meta property=\"og:description\" content=\"AFrame: recensione software CRM che aiuta a organizzare i contatti, monitorare le transazioni, visualizzare i contratti e altro ancora.\" \/>\n<meta property=\"og:url\" content=\"https:\/\/www.accuratereviews.com\/it\/crm-software-migliori-lista\/aframe-recensione\/\" \/>\n<meta property=\"og:site_name\" content=\"Accurate Reviews\" \/>\n<meta property=\"article:modified_time\" content=\"2026-01-07T10:22:32+00:00\" \/>\n<meta property=\"og:image\" content=\"https:\/\/www.accuratereviews.com\/wp-content\/uploads\/2026\/01\/AFrame.webp\" \/>\n\t<meta property=\"og:image:width\" content=\"1080\" \/>\n\t<meta property=\"og:image:height\" content=\"810\" \/>\n\t<meta property=\"og:image:type\" content=\"image\/webp\" \/>\n<meta name=\"twitter:card\" content=\"summary_large_image\" \/>\n<meta name=\"twitter:label1\" content=\"Tempo di lettura stimato\" \/>\n\t<meta name=\"twitter:data1\" content=\"6 minuti\" \/>\n<script type=\"application\/ld+json\" class=\"yoast-schema-graph\">{\"@context\":\"https:\\\/\\\/schema.org\",\"@graph\":[{\"@type\":\"WebPage\",\"@id\":\"https:\\\/\\\/www.accuratereviews.com\\\/it\\\/crm-software-migliori-lista\\\/aframe-recensione\\\/\",\"url\":\"https:\\\/\\\/www.accuratereviews.com\\\/it\\\/crm-software-migliori-lista\\\/aframe-recensione\\\/\",\"name\":\"AFrame: recensione software CRM - Accurate Reviews\",\"isPartOf\":{\"@id\":\"https:\\\/\\\/www.accuratereviews.com\\\/it\\\/#website\"},\"primaryImageOfPage\":{\"@id\":\"https:\\\/\\\/www.accuratereviews.com\\\/it\\\/crm-software-migliori-lista\\\/aframe-recensione\\\/#primaryimage\"},\"image\":{\"@id\":\"https:\\\/\\\/www.accuratereviews.com\\\/it\\\/crm-software-migliori-lista\\\/aframe-recensione\\\/#primaryimage\"},\"thumbnailUrl\":\"https:\\\/\\\/www.accuratereviews.com\\\/wp-content\\\/uploads\\\/2026\\\/01\\\/AFrame.webp\",\"datePublished\":\"2026-01-05T17:54:52+00:00\",\"dateModified\":\"2026-01-07T10:22:32+00:00\",\"description\":\"AFrame: recensione software CRM che aiuta a organizzare i contatti, monitorare le transazioni, visualizzare i contratti e altro ancora.\",\"breadcrumb\":{\"@id\":\"https:\\\/\\\/www.accuratereviews.com\\\/it\\\/crm-software-migliori-lista\\\/aframe-recensione\\\/#breadcrumb\"},\"inLanguage\":\"it-IT\",\"potentialAction\":[{\"@type\":\"ReadAction\",\"target\":[\"https:\\\/\\\/www.accuratereviews.com\\\/it\\\/crm-software-migliori-lista\\\/aframe-recensione\\\/\"]}]},{\"@type\":\"ImageObject\",\"inLanguage\":\"it-IT\",\"@id\":\"https:\\\/\\\/www.accuratereviews.com\\\/it\\\/crm-software-migliori-lista\\\/aframe-recensione\\\/#primaryimage\",\"url\":\"https:\\\/\\\/www.accuratereviews.com\\\/wp-content\\\/uploads\\\/2026\\\/01\\\/AFrame.webp\",\"contentUrl\":\"https:\\\/\\\/www.accuratereviews.com\\\/wp-content\\\/uploads\\\/2026\\\/01\\\/AFrame.webp\",\"width\":1080,\"height\":810},{\"@type\":\"BreadcrumbList\",\"@id\":\"https:\\\/\\\/www.accuratereviews.com\\\/it\\\/crm-software-migliori-lista\\\/aframe-recensione\\\/#breadcrumb\",\"itemListElement\":[{\"@type\":\"ListItem\",\"position\":1,\"name\":\"Home\",\"item\":\"https:\\\/\\\/www.accuratereviews.com\\\/it\\\/\"},{\"@type\":\"ListItem\",\"position\":2,\"name\":\"CRM: i software migliori\",\"item\":\"https:\\\/\\\/www.accuratereviews.com\\\/it\\\/crm-software-migliori-lista\\\/\"},{\"@type\":\"ListItem\",\"position\":3,\"name\":\"AFrame\"}]},{\"@type\":\"WebSite\",\"@id\":\"https:\\\/\\\/www.accuratereviews.com\\\/it\\\/#website\",\"url\":\"https:\\\/\\\/www.accuratereviews.com\\\/it\\\/\",\"name\":\"Accurate Reviews\",\"description\":\"\",\"potentialAction\":[{\"@type\":\"SearchAction\",\"target\":{\"@type\":\"EntryPoint\",\"urlTemplate\":\"https:\\\/\\\/www.accuratereviews.com\\\/it\\\/?s={search_term_string}\"},\"query-input\":{\"@type\":\"PropertyValueSpecification\",\"valueRequired\":true,\"valueName\":\"search_term_string\"}}],\"inLanguage\":\"it-IT\"}]}<\/script>\n<!-- \/ Yoast SEO plugin. -->","yoast_head_json":{"title":"AFrame: recensione software CRM - Accurate Reviews","description":"AFrame: recensione software CRM che aiuta a organizzare i contatti, monitorare le transazioni, visualizzare i contratti e altro ancora.","robots":{"index":"index","follow":"follow","max-snippet":"max-snippet:-1","max-image-preview":"max-image-preview:large","max-video-preview":"max-video-preview:-1"},"canonical":"https:\/\/www.accuratereviews.com\/it\/crm-software-migliori-lista\/aframe-recensione\/","og_locale":"it_IT","og_type":"article","og_title":"AFrame: recensione software CRM - Accurate Reviews","og_description":"AFrame: recensione software CRM che aiuta a organizzare i contatti, monitorare le transazioni, visualizzare i contratti e altro ancora.","og_url":"https:\/\/www.accuratereviews.com\/it\/crm-software-migliori-lista\/aframe-recensione\/","og_site_name":"Accurate Reviews","article_modified_time":"2026-01-07T10:22:32+00:00","og_image":[{"width":1080,"height":810,"url":"https:\/\/www.accuratereviews.com\/wp-content\/uploads\/2026\/01\/AFrame.webp","type":"image\/webp"}],"twitter_card":"summary_large_image","twitter_misc":{"Tempo di lettura stimato":"6 minuti"},"schema":{"@context":"https:\/\/schema.org","@graph":[{"@type":"WebPage","@id":"https:\/\/www.accuratereviews.com\/it\/crm-software-migliori-lista\/aframe-recensione\/","url":"https:\/\/www.accuratereviews.com\/it\/crm-software-migliori-lista\/aframe-recensione\/","name":"AFrame: recensione software CRM - Accurate Reviews","isPartOf":{"@id":"https:\/\/www.accuratereviews.com\/it\/#website"},"primaryImageOfPage":{"@id":"https:\/\/www.accuratereviews.com\/it\/crm-software-migliori-lista\/aframe-recensione\/#primaryimage"},"image":{"@id":"https:\/\/www.accuratereviews.com\/it\/crm-software-migliori-lista\/aframe-recensione\/#primaryimage"},"thumbnailUrl":"https:\/\/www.accuratereviews.com\/wp-content\/uploads\/2026\/01\/AFrame.webp","datePublished":"2026-01-05T17:54:52+00:00","dateModified":"2026-01-07T10:22:32+00:00","description":"AFrame: recensione software CRM che aiuta a organizzare i contatti, monitorare le transazioni, visualizzare i contratti e altro ancora.","breadcrumb":{"@id":"https:\/\/www.accuratereviews.com\/it\/crm-software-migliori-lista\/aframe-recensione\/#breadcrumb"},"inLanguage":"it-IT","potentialAction":[{"@type":"ReadAction","target":["https:\/\/www.accuratereviews.com\/it\/crm-software-migliori-lista\/aframe-recensione\/"]}]},{"@type":"ImageObject","inLanguage":"it-IT","@id":"https:\/\/www.accuratereviews.com\/it\/crm-software-migliori-lista\/aframe-recensione\/#primaryimage","url":"https:\/\/www.accuratereviews.com\/wp-content\/uploads\/2026\/01\/AFrame.webp","contentUrl":"https:\/\/www.accuratereviews.com\/wp-content\/uploads\/2026\/01\/AFrame.webp","width":1080,"height":810},{"@type":"BreadcrumbList","@id":"https:\/\/www.accuratereviews.com\/it\/crm-software-migliori-lista\/aframe-recensione\/#breadcrumb","itemListElement":[{"@type":"ListItem","position":1,"name":"Home","item":"https:\/\/www.accuratereviews.com\/it\/"},{"@type":"ListItem","position":2,"name":"CRM: i software migliori","item":"https:\/\/www.accuratereviews.com\/it\/crm-software-migliori-lista\/"},{"@type":"ListItem","position":3,"name":"AFrame"}]},{"@type":"WebSite","@id":"https:\/\/www.accuratereviews.com\/it\/#website","url":"https:\/\/www.accuratereviews.com\/it\/","name":"Accurate Reviews","description":"","potentialAction":[{"@type":"SearchAction","target":{"@type":"EntryPoint","urlTemplate":"https:\/\/www.accuratereviews.com\/it\/?s={search_term_string}"},"query-input":{"@type":"PropertyValueSpecification","valueRequired":true,"valueName":"search_term_string"}}],"inLanguage":"it-IT"}]}},"_links":{"self":[{"href":"https:\/\/www.accuratereviews.com\/it\/wp-json\/wp\/v2\/pages\/105938","targetHints":{"allow":["GET"]}}],"collection":[{"href":"https:\/\/www.accuratereviews.com\/it\/wp-json\/wp\/v2\/pages"}],"about":[{"href":"https:\/\/www.accuratereviews.com\/it\/wp-json\/wp\/v2\/types\/page"}],"author":[{"embeddable":true,"href":"https:\/\/www.accuratereviews.com\/it\/wp-json\/wp\/v2\/users\/19"}],"replies":[{"embeddable":true,"href":"https:\/\/www.accuratereviews.com\/it\/wp-json\/wp\/v2\/comments?post=105938"}],"version-history":[{"count":11,"href":"https:\/\/www.accuratereviews.com\/it\/wp-json\/wp\/v2\/pages\/105938\/revisions"}],"predecessor-version":[{"id":105976,"href":"https:\/\/www.accuratereviews.com\/it\/wp-json\/wp\/v2\/pages\/105938\/revisions\/105976"}],"up":[{"embeddable":true,"href":"https:\/\/www.accuratereviews.com\/it\/wp-json\/wp\/v2\/pages\/5966"}],"wp:featuredmedia":[{"embeddable":true,"href":"https:\/\/www.accuratereviews.com\/it\/wp-json\/wp\/v2\/media\/105939"}],"wp:attachment":[{"href":"https:\/\/www.accuratereviews.com\/it\/wp-json\/wp\/v2\/media?parent=105938"}],"wp:term":[{"taxonomy":"category","embeddable":true,"href":"https:\/\/www.accuratereviews.com\/it\/wp-json\/wp\/v2\/categories?post=105938"},{"taxonomy":"post_tag","embeddable":true,"href":"https:\/\/www.accuratereviews.com\/it\/wp-json\/wp\/v2\/tags?post=105938"},{"taxonomy":"features","embeddable":true,"href":"https:\/\/www.accuratereviews.com\/it\/wp-json\/wp\/v2\/features?post=105938"}],"curies":[{"name":"wp","href":"https:\/\/api.w.org\/{rel}","templated":true}]}}