{"id":105968,"date":"2026-01-07T15:35:22","date_gmt":"2026-01-07T15:35:22","guid":{"rendered":"https:\/\/www.accuratereviews.com\/?page_id=105968"},"modified":"2026-01-07T15:35:22","modified_gmt":"2026-01-07T15:35:22","slug":"peoplevine-recensione","status":"publish","type":"page","link":"https:\/\/www.accuratereviews.com\/it\/crm-software-migliori-lista\/peoplevine-recensione\/","title":{"rendered":"PeopleVine"},"content":{"rendered":"<p><strong>PeopleVine<\/strong> \u00e8 una<strong> soluzione di marketing e coinvolgimento<\/strong> basata su <strong>cloud<\/strong> che aiuta le aziende a coinvolgere dipendenti, soci e clienti attraverso gli spazi di lavoro, programmi fedelt\u00e0, organizzazioni di soci e altro ancora. I dati di coinvolgimento sono collegati ai record del <strong>CRM<\/strong>, consentendo lo sviluppo di relazioni personalizzate. La dashboard centralizzata consente agli utenti di gestire prenotazioni di camere e risorse, ordini online, eventi, disponibilit\u00e0, marketing via email e SMS e altro ancora da un&#8217;unica interfaccia. Una directory integrata consente agli utenti di cercare e gestire tutti i soci e di automatizzare le comunicazioni. Tutte le interazioni possono essere tracciate su oltre 60 TouchPoint, inclusi ordini ecommerce, accumulo di punti premio, spese e altro ancora. <strong>PeopleVine <\/strong>permette alle organizzazioni di gestire il coinvolgimento con il proprio programma fedelt\u00e0 in pi\u00f9 sedi e negozi online. Gli utenti possono creare tessere associative digitali e inviare newsletter, codici promozionali e offerte speciali.<\/p>\n<h2>PEOPLEVINE &#8211; TUTORIAL<\/h2>\n<div id=\"fluid-wrapper-counter-1\" class=\"g1-fluid-wrapper \" style=\"width:686px;\"><div style=\"padding-bottom:56.268221574344%;\"><iframe loading=\"lazy\" title=\"People Vine Platform Promo\" width=\"686\" height=\"386\" src=\"https:\/\/www.youtube.com\/embed\/a8H_iGL7nH0?feature=oembed&amp;wmode=transparent&amp;autohide=1&amp;autoplay=0&amp;disablekb=0&amp;fs=1&amp;loop=0&amp;enablejsapi=1&amp;rel=0&amp;controls=2&amp;showinfo=0&amp;wmode=transparent&amp;autohide=2&amp;autoplay=0&amp;disablekb=0&amp;fs=1&amp;loop=0&amp;enablejsapi=1&amp;rel=0&amp;controls=2&amp;showinfo=1\" frameborder=\"0\" allow=\"accelerometer; autoplay; clipboard-write; encrypted-media; gyroscope; picture-in-picture; web-share\" referrerpolicy=\"strict-origin-when-cross-origin\" allowfullscreen><\/iframe><\/div><\/div>\n<h3>PEOPLEVINE &#8211; CARATTERISTICHE<\/h3>\n<ul>\n<li>Incontra i tuoi soci. Raccogli informazioni sui potenziali soci, raccogli i dettagli di pagamento e gestisci il processo di candidatura.<\/li>\n<li>Invita potenziali soci con campagne email e landing page che semplificano la candidatura.<\/li>\n<li>Crea la tua domanda di iscrizione e raccogli informazioni personali e di pagamento sui potenziali soci.<\/li>\n<li>Gestisci il processo di candidatura e progetta email automatiche per comunicare con i candidati in ogni fase del processo di approvazione.<\/li>\n<li>Il portale soci offre un&#8217;esperienza personalizzata in cui i soci possono gestire il proprio account, prenotare servizi e accedere a eventi e contenuti esclusivi.<\/li>\n<li>Offri un&#8217;app personalizzata con funzionalit\u00e0 native e funzionalit\u00e0 di notifica push.<\/li>\n<li>Invia email e newsletter automatiche per mantenere la comunicazione con i tuoi soci.<\/li>\n<li>Offri un&#8217;esperienza di pagamento rapida e fluida grazie alla funzionalit\u00e0 sicura di registrazione della carta.<\/li>\n<li>Digita le tue tessere identificative per consentire ai tuoi soci di registrarsi e accedere a spazi controllati.<\/li>\n<li>Ottieni una panoramica completa di come i tuoi soci interagiscono e interagiscono con la tua attivit\u00e0.<\/li>\n<li>Emetti automaticamente fatture ricorrenti ai soci e sincronizza tutte le transazioni con QuickBooks Online o altre piattaforme di terze parti per la contabilit\u00e0 e la riconciliazione.<\/li>\n<li>Visualizza i membri per gruppo (nuovi, cancellati, upgrade), dati demografici e spese per creare momenti di sorpresa e piacere.<\/li>\n<li>Genera report sull&#8217;attivit\u00e0 e le spese dei membri per ottenere informazioni dettagliate sul tuo conto economico e orientare la tua strategia di marketing.<\/li>\n<li>Registra automaticamente i membri all&#8217;accesso con tessera magnetica e monitora tutte le attivit\u00e0 di scansione. Attiva e disattiva l&#8217;accesso in base allo stato di attivit\u00e0 dei membri.<\/li>\n<\/ul>\n<h4>LE RECENSIONI DEGLI UTENTI<\/h4>\n<p><strong>Zvonimir &#8220;Ottime funzionalit\u00e0 modulari che funzionano bene insieme, offrendoti infinite opzioni configurabili&#8221;<\/strong><br \/>\nOttima esperienza&#8230; L&#8217;assistenza \u00e8 stata fantastica e so che il team mi aiuter\u00e0 a risolvere qualsiasi problema possa presentarsi.<br \/>\n<strong>Pro<\/strong>: mi \u00e8 piaciuta la possibilit\u00e0 di utilizzare diverse funzionalit\u00e0 singolarmente e poi di collegarle insieme in altri flussi che sarebbero stati personalizzati o inesistenti su altre piattaforme.<br \/>\n<strong>Contro<\/strong>: un po&#8217; pesante e difficile da imparare all&#8217;inizio, ma non \u00e8 diverso da qualsiasi altra piattaforma che ha una curva di apprendimento.<\/p>\n<p><strong>Nate &#8220;Ottimi strumenti per la collaborazione e la comunicazione&#8221;<\/strong><br \/>\nL&#8217;esperienza complessiva \u00e8 stata positiva. Ho apprezzato il contatto personale con i nostri rappresentanti, i webinar per le domande e gli strumenti efficaci che consentono alla nostra organizzazione di raggiungere numerosi obiettivi.<br \/>\n<strong>Pro<\/strong>: adoro la potenza di People Vine, i tanti strumenti in un unico posto e la possibilit\u00e0 di personalizzazione.<br \/>\n<strong>Contro<\/strong>: curva di apprendimento, qualche bug ogni tanto.<\/p>\n<p><strong>RJ &#8220;PeopleVine ha automatizzato completamente il nostro modo di fare business.&#8221;<\/strong><br \/>\n<strong>Pro<\/strong>: PeopleVine ha automatizzato completamente il nostro modo di fare business. Ci ha permesso di utilizzare un unico sistema che comunica tra loro. Ha ulteriormente automatizzato l&#8217;intero processo aziendale, il che \u00e8 straordinario. In precedenza utilizzavamo Infusionsoft e con questo software \u00e8 tutto pi\u00f9 semplice e intuitivo.<br \/>\n<strong>Contro<\/strong>: sto ancora imparando a usarlo un po&#8217;. Sono un esperto di tecnologia, ma non quanto potrei&#8230; La formazione che uno dei nostri rappresentanti del servizio clienti fornisce al nostro team \u00e8 incredibilmente utile.<\/p>\n","protected":false},"excerpt":{"rendered":"<p>PeopleVine \u00e8 una soluzione di marketing e coinvolgimento basata su cloud che aiuta le aziende a coinvolgere dipendenti, soci e clienti attraverso gli spazi di lavoro, programmi fedelt\u00e0, organizzazioni di soci e altro ancora. I dati di coinvolgimento sono collegati ai record del CRM, consentendo lo sviluppo di relazioni personalizzate.<\/p>\n","protected":false},"author":19,"featured_media":105969,"parent":5966,"menu_order":0,"comment_status":"open","ping_status":"closed","template":"g1_template_page_review_new.php","meta":{"_acf_changed":false,"cwp_meta_box_check":"Yes","cwp_rev_product_name":"","cwp_rev_product_image":"","wppr_links":[],"cwp_rev_price":"0.00","wppr_options":[{"name":"Usability","value":"0"},{"name":"Speed","value":"0"},{"name":"Features","value":"0"},{"name":"Support","value":"0"},{"name":"Pricing","value":"0"}],"wppr_pros":["","","","",""],"wppr_cons":["","","","",""],"_monsterinsights_skip_tracking":false,"_monsterinsights_sitenote_active":false,"_monsterinsights_sitenote_note":"","_monsterinsights_sitenote_category":0,"footnotes":""},"categories":[120],"tags":[1835,16841,4080,427,1837,1239],"features":[],"class_list":{"0":"post-105968","1":"page","2":"type-page","3":"status-publish","4":"has-post-thumbnail","6":"category-crm-it","7":"tag-crm-2-it","8":"tag-peoplevine","9":"tag-piattaforma-crm","10":"tag-programma-crm","11":"tag-software-crm-2-it","12":"tag-soluzione-crm"},"wppr_data":{"cwp_meta_box_check":"Yes","_wppr_review_template":"default","cwp_rev_product_image":"","cwp_image_link":"image","wppr_links":[],"cwp_rev_price":"0.00","wppr_pros":["","","","",""],"wppr_cons":["","","","",""],"wppr_rating":"0.00","wppr_options":{"1":{"name":"Usability","value":"0"},"2":{"name":"Speed","value":"0"},"3":{"name":"Features","value":"0"},"4":{"name":"Support","value":"0"},"5":{"name":"Pricing","value":"0"}},"wppr_review_type":"Product","wppr_review_custom_fields":{"additionalProperty":"","additionalType":"","aggregateRating":"","alternateName":"","audience":"","award":"","awards":"","brand":"","color":"","depth":"","description":"","disambiguatingDescription":"","gtin12":"","gtin13":"","gtin14":"","gtin8":"","height":"","identifier":"","image":"","isAccessoryOrSparePartFor":"","isConsumableFor":"","isRelatedTo":"","isSimilarTo":"","itemCondition":"","logo":"","mainEntityOfPage":"","manufacturer":"","material":"","model":"","mpn":"","name":"","offers":"","potentialAction":"","productID":"","productionDate":"","purchaseDate":"","releaseDate":"","review":"","reviews":"","sameAs":"","sku":"","slogan":"","subjectOf":"","url":"","weight":"","width":""}},"acf":[],"yoast_head":"<!-- This site is optimized with the Yoast SEO plugin v27.4 - https:\/\/yoast.com\/product\/yoast-seo-wordpress\/ -->\n<title>PeopleVine: recensione software CRM - Accurate Reviews<\/title>\n<meta name=\"description\" content=\"PeopleVine: recensione software CRM che aiuta a coinvolgere dipendenti, soci e clienti attraverso gli spazi di lavoro e programmi fedelt\u00e0.\" \/>\n<meta name=\"robots\" content=\"index, follow, max-snippet:-1, max-image-preview:large, max-video-preview:-1\" \/>\n<link rel=\"canonical\" href=\"https:\/\/www.accuratereviews.com\/it\/crm-software-migliori-lista\/peoplevine-recensione\/\" \/>\n<meta property=\"og:locale\" content=\"it_IT\" \/>\n<meta property=\"og:type\" content=\"article\" \/>\n<meta property=\"og:title\" content=\"PeopleVine: recensione software CRM - Accurate Reviews\" \/>\n<meta property=\"og:description\" content=\"PeopleVine: recensione software CRM che aiuta a coinvolgere dipendenti, soci e clienti attraverso gli spazi di lavoro e programmi fedelt\u00e0.\" \/>\n<meta property=\"og:url\" content=\"https:\/\/www.accuratereviews.com\/it\/crm-software-migliori-lista\/peoplevine-recensione\/\" \/>\n<meta property=\"og:site_name\" content=\"Accurate Reviews\" \/>\n<meta property=\"og:image\" content=\"https:\/\/www.accuratereviews.com\/wp-content\/uploads\/2026\/01\/PeopleVine.webp\" \/>\n\t<meta property=\"og:image:width\" content=\"1000\" \/>\n\t<meta property=\"og:image:height\" content=\"600\" \/>\n\t<meta property=\"og:image:type\" content=\"image\/webp\" \/>\n<meta name=\"twitter:card\" content=\"summary_large_image\" \/>\n<meta name=\"twitter:label1\" content=\"Tempo di lettura stimato\" \/>\n\t<meta name=\"twitter:data1\" content=\"5 minuti\" \/>\n<script type=\"application\/ld+json\" class=\"yoast-schema-graph\">{\"@context\":\"https:\\\/\\\/schema.org\",\"@graph\":[{\"@type\":\"WebPage\",\"@id\":\"https:\\\/\\\/www.accuratereviews.com\\\/it\\\/crm-software-migliori-lista\\\/peoplevine-recensione\\\/\",\"url\":\"https:\\\/\\\/www.accuratereviews.com\\\/it\\\/crm-software-migliori-lista\\\/peoplevine-recensione\\\/\",\"name\":\"PeopleVine: recensione software CRM - Accurate Reviews\",\"isPartOf\":{\"@id\":\"https:\\\/\\\/www.accuratereviews.com\\\/it\\\/#website\"},\"primaryImageOfPage\":{\"@id\":\"https:\\\/\\\/www.accuratereviews.com\\\/it\\\/crm-software-migliori-lista\\\/peoplevine-recensione\\\/#primaryimage\"},\"image\":{\"@id\":\"https:\\\/\\\/www.accuratereviews.com\\\/it\\\/crm-software-migliori-lista\\\/peoplevine-recensione\\\/#primaryimage\"},\"thumbnailUrl\":\"https:\\\/\\\/www.accuratereviews.com\\\/wp-content\\\/uploads\\\/2026\\\/01\\\/PeopleVine.webp\",\"datePublished\":\"2026-01-07T15:35:22+00:00\",\"description\":\"PeopleVine: recensione software CRM che aiuta a coinvolgere dipendenti, soci e clienti attraverso gli spazi di lavoro e programmi fedelt\u00e0.\",\"breadcrumb\":{\"@id\":\"https:\\\/\\\/www.accuratereviews.com\\\/it\\\/crm-software-migliori-lista\\\/peoplevine-recensione\\\/#breadcrumb\"},\"inLanguage\":\"it-IT\",\"potentialAction\":[{\"@type\":\"ReadAction\",\"target\":[\"https:\\\/\\\/www.accuratereviews.com\\\/it\\\/crm-software-migliori-lista\\\/peoplevine-recensione\\\/\"]}]},{\"@type\":\"ImageObject\",\"inLanguage\":\"it-IT\",\"@id\":\"https:\\\/\\\/www.accuratereviews.com\\\/it\\\/crm-software-migliori-lista\\\/peoplevine-recensione\\\/#primaryimage\",\"url\":\"https:\\\/\\\/www.accuratereviews.com\\\/wp-content\\\/uploads\\\/2026\\\/01\\\/PeopleVine.webp\",\"contentUrl\":\"https:\\\/\\\/www.accuratereviews.com\\\/wp-content\\\/uploads\\\/2026\\\/01\\\/PeopleVine.webp\",\"width\":1000,\"height\":600},{\"@type\":\"BreadcrumbList\",\"@id\":\"https:\\\/\\\/www.accuratereviews.com\\\/it\\\/crm-software-migliori-lista\\\/peoplevine-recensione\\\/#breadcrumb\",\"itemListElement\":[{\"@type\":\"ListItem\",\"position\":1,\"name\":\"Home\",\"item\":\"https:\\\/\\\/www.accuratereviews.com\\\/it\\\/\"},{\"@type\":\"ListItem\",\"position\":2,\"name\":\"CRM: i software migliori\",\"item\":\"https:\\\/\\\/www.accuratereviews.com\\\/it\\\/crm-software-migliori-lista\\\/\"},{\"@type\":\"ListItem\",\"position\":3,\"name\":\"PeopleVine\"}]},{\"@type\":\"WebSite\",\"@id\":\"https:\\\/\\\/www.accuratereviews.com\\\/it\\\/#website\",\"url\":\"https:\\\/\\\/www.accuratereviews.com\\\/it\\\/\",\"name\":\"Accurate Reviews\",\"description\":\"\",\"potentialAction\":[{\"@type\":\"SearchAction\",\"target\":{\"@type\":\"EntryPoint\",\"urlTemplate\":\"https:\\\/\\\/www.accuratereviews.com\\\/it\\\/?s={search_term_string}\"},\"query-input\":{\"@type\":\"PropertyValueSpecification\",\"valueRequired\":true,\"valueName\":\"search_term_string\"}}],\"inLanguage\":\"it-IT\"}]}<\/script>\n<!-- \/ Yoast SEO plugin. -->","yoast_head_json":{"title":"PeopleVine: recensione software CRM - Accurate Reviews","description":"PeopleVine: recensione software CRM che aiuta a coinvolgere dipendenti, soci e clienti attraverso gli spazi di lavoro e programmi fedelt\u00e0.","robots":{"index":"index","follow":"follow","max-snippet":"max-snippet:-1","max-image-preview":"max-image-preview:large","max-video-preview":"max-video-preview:-1"},"canonical":"https:\/\/www.accuratereviews.com\/it\/crm-software-migliori-lista\/peoplevine-recensione\/","og_locale":"it_IT","og_type":"article","og_title":"PeopleVine: recensione software CRM - Accurate Reviews","og_description":"PeopleVine: recensione software CRM che aiuta a coinvolgere dipendenti, soci e clienti attraverso gli spazi di lavoro e programmi fedelt\u00e0.","og_url":"https:\/\/www.accuratereviews.com\/it\/crm-software-migliori-lista\/peoplevine-recensione\/","og_site_name":"Accurate Reviews","og_image":[{"width":1000,"height":600,"url":"https:\/\/www.accuratereviews.com\/wp-content\/uploads\/2026\/01\/PeopleVine.webp","type":"image\/webp"}],"twitter_card":"summary_large_image","twitter_misc":{"Tempo di lettura stimato":"5 minuti"},"schema":{"@context":"https:\/\/schema.org","@graph":[{"@type":"WebPage","@id":"https:\/\/www.accuratereviews.com\/it\/crm-software-migliori-lista\/peoplevine-recensione\/","url":"https:\/\/www.accuratereviews.com\/it\/crm-software-migliori-lista\/peoplevine-recensione\/","name":"PeopleVine: recensione software CRM - Accurate Reviews","isPartOf":{"@id":"https:\/\/www.accuratereviews.com\/it\/#website"},"primaryImageOfPage":{"@id":"https:\/\/www.accuratereviews.com\/it\/crm-software-migliori-lista\/peoplevine-recensione\/#primaryimage"},"image":{"@id":"https:\/\/www.accuratereviews.com\/it\/crm-software-migliori-lista\/peoplevine-recensione\/#primaryimage"},"thumbnailUrl":"https:\/\/www.accuratereviews.com\/wp-content\/uploads\/2026\/01\/PeopleVine.webp","datePublished":"2026-01-07T15:35:22+00:00","description":"PeopleVine: recensione software CRM che aiuta a coinvolgere dipendenti, soci e clienti attraverso gli spazi di lavoro e programmi fedelt\u00e0.","breadcrumb":{"@id":"https:\/\/www.accuratereviews.com\/it\/crm-software-migliori-lista\/peoplevine-recensione\/#breadcrumb"},"inLanguage":"it-IT","potentialAction":[{"@type":"ReadAction","target":["https:\/\/www.accuratereviews.com\/it\/crm-software-migliori-lista\/peoplevine-recensione\/"]}]},{"@type":"ImageObject","inLanguage":"it-IT","@id":"https:\/\/www.accuratereviews.com\/it\/crm-software-migliori-lista\/peoplevine-recensione\/#primaryimage","url":"https:\/\/www.accuratereviews.com\/wp-content\/uploads\/2026\/01\/PeopleVine.webp","contentUrl":"https:\/\/www.accuratereviews.com\/wp-content\/uploads\/2026\/01\/PeopleVine.webp","width":1000,"height":600},{"@type":"BreadcrumbList","@id":"https:\/\/www.accuratereviews.com\/it\/crm-software-migliori-lista\/peoplevine-recensione\/#breadcrumb","itemListElement":[{"@type":"ListItem","position":1,"name":"Home","item":"https:\/\/www.accuratereviews.com\/it\/"},{"@type":"ListItem","position":2,"name":"CRM: i software migliori","item":"https:\/\/www.accuratereviews.com\/it\/crm-software-migliori-lista\/"},{"@type":"ListItem","position":3,"name":"PeopleVine"}]},{"@type":"WebSite","@id":"https:\/\/www.accuratereviews.com\/it\/#website","url":"https:\/\/www.accuratereviews.com\/it\/","name":"Accurate Reviews","description":"","potentialAction":[{"@type":"SearchAction","target":{"@type":"EntryPoint","urlTemplate":"https:\/\/www.accuratereviews.com\/it\/?s={search_term_string}"},"query-input":{"@type":"PropertyValueSpecification","valueRequired":true,"valueName":"search_term_string"}}],"inLanguage":"it-IT"}]}},"_links":{"self":[{"href":"https:\/\/www.accuratereviews.com\/it\/wp-json\/wp\/v2\/pages\/105968","targetHints":{"allow":["GET"]}}],"collection":[{"href":"https:\/\/www.accuratereviews.com\/it\/wp-json\/wp\/v2\/pages"}],"about":[{"href":"https:\/\/www.accuratereviews.com\/it\/wp-json\/wp\/v2\/types\/page"}],"author":[{"embeddable":true,"href":"https:\/\/www.accuratereviews.com\/it\/wp-json\/wp\/v2\/users\/19"}],"replies":[{"embeddable":true,"href":"https:\/\/www.accuratereviews.com\/it\/wp-json\/wp\/v2\/comments?post=105968"}],"version-history":[{"count":7,"href":"https:\/\/www.accuratereviews.com\/it\/wp-json\/wp\/v2\/pages\/105968\/revisions"}],"predecessor-version":[{"id":105996,"href":"https:\/\/www.accuratereviews.com\/it\/wp-json\/wp\/v2\/pages\/105968\/revisions\/105996"}],"up":[{"embeddable":true,"href":"https:\/\/www.accuratereviews.com\/it\/wp-json\/wp\/v2\/pages\/5966"}],"wp:featuredmedia":[{"embeddable":true,"href":"https:\/\/www.accuratereviews.com\/it\/wp-json\/wp\/v2\/media\/105969"}],"wp:attachment":[{"href":"https:\/\/www.accuratereviews.com\/it\/wp-json\/wp\/v2\/media?parent=105968"}],"wp:term":[{"taxonomy":"category","embeddable":true,"href":"https:\/\/www.accuratereviews.com\/it\/wp-json\/wp\/v2\/categories?post=105968"},{"taxonomy":"post_tag","embeddable":true,"href":"https:\/\/www.accuratereviews.com\/it\/wp-json\/wp\/v2\/tags?post=105968"},{"taxonomy":"features","embeddable":true,"href":"https:\/\/www.accuratereviews.com\/it\/wp-json\/wp\/v2\/features?post=105968"}],"curies":[{"name":"wp","href":"https:\/\/api.w.org\/{rel}","templated":true}]}}