{"id":106118,"date":"2026-01-10T12:25:21","date_gmt":"2026-01-10T12:25:21","guid":{"rendered":"https:\/\/www.accuratereviews.com\/?page_id=106118"},"modified":"2026-01-10T12:25:21","modified_gmt":"2026-01-10T12:25:21","slug":"planner-recensione","status":"publish","type":"page","link":"https:\/\/www.accuratereviews.com\/it\/crm-software-migliori-lista\/planner-recensione\/","title":{"rendered":"Planner +"},"content":{"rendered":"<div class=\"_0eb511\">\n<div class=\"_dd7dd5\">\n<p style=\"text-align: left;\"><strong>Planner +<\/strong> \u00e8 un <strong>software di gestione aziendale<\/strong> che aiuta a semplificare il monitoraggio delle vendite, la pianificazione delle risorse, la gestione del servizio clienti e le operazioni di marketing. Consente ai professionisti di risolvere problemi post-vendita, generare report personalizzati, archiviare file e sincronizzare i dati tra i sistemi. Gestisce la collaborazione, l&#8217;acquisizione dati, il monitoraggio delle attivit\u00e0, il monitoraggio delle presenze, la gestione del calendario e la pianificazione del personale.<br \/>\n<strong>Planner + <\/strong>offre una serie di funzionalit\u00e0 come la visualizzazione dei dati, l&#8217;accesso da dispositivi mobili, il <strong>monitoraggio del tempo di progetto<\/strong>, promemoria automatici, l&#8217;<strong>archiviazione sicura dei dati,<\/strong> l&#8217;analisi e altro ancora. Consente agli amministratori di acquisire e archiviare la cronologia di tutte le interazioni con i clienti in un repository centralizzato. Inoltre, permette alle aziende di integrare il sistema con diverse piattaforme di terze parti, consentendo alle aziende di inviare e ricevere dati tra i sistemi.<a href=\"https:\/\/www.accuratereviews.com\/wp-content\/uploads\/2026\/01\/Screenshot-2026-01-09-alle-10.58.47.png\"><img loading=\"lazy\" decoding=\"async\" class=\"aligncenter wp-image-106134 size-full\" src=\"https:\/\/www.accuratereviews.com\/wp-content\/uploads\/2026\/01\/Screenshot-2026-01-09-alle-10.58.47.png\" alt=\"\" width=\"1522\" height=\"1030\" srcset=\"https:\/\/www.accuratereviews.com\/wp-content\/uploads\/2026\/01\/Screenshot-2026-01-09-alle-10.58.47.png 1522w, https:\/\/www.accuratereviews.com\/wp-content\/uploads\/2026\/01\/Screenshot-2026-01-09-alle-10.58.47-300x203.png 300w, https:\/\/www.accuratereviews.com\/wp-content\/uploads\/2026\/01\/Screenshot-2026-01-09-alle-10.58.47-1024x693.png 1024w, https:\/\/www.accuratereviews.com\/wp-content\/uploads\/2026\/01\/Screenshot-2026-01-09-alle-10.58.47-768x520.png 768w, https:\/\/www.accuratereviews.com\/wp-content\/uploads\/2026\/01\/Screenshot-2026-01-09-alle-10.58.47-50x34.png 50w, https:\/\/www.accuratereviews.com\/wp-content\/uploads\/2026\/01\/Screenshot-2026-01-09-alle-10.58.47-185x125.png 185w, https:\/\/www.accuratereviews.com\/wp-content\/uploads\/2026\/01\/Screenshot-2026-01-09-alle-10.58.47-968x655.png 968w, https:\/\/www.accuratereviews.com\/wp-content\/uploads\/2026\/01\/Screenshot-2026-01-09-alle-10.58.47-636x430.png 636w, https:\/\/www.accuratereviews.com\/wp-content\/uploads\/2026\/01\/Screenshot-2026-01-09-alle-10.58.47-320x217.png 320w, https:\/\/www.accuratereviews.com\/wp-content\/uploads\/2026\/01\/Screenshot-2026-01-09-alle-10.58.47-239x162.png 239w\" sizes=\"auto, (max-width: 1522px) 100vw, 1522px\" \/><\/a><\/p>\n<h2>PLANNER + &#8211; CARATTERISTICHE<\/h2>\n<ul>\n<li>Ricerca rapida in rubrica<\/li>\n<li>Archivio documentale<\/li>\n<li>Cronologia di tutte le interazioni azienda\/cliente<\/li>\n<li>Importazione di entit\u00e0 sincronizzate con altri software gestionali<\/li>\n<li>Gestione situazione contabile<\/li>\n<li>Flussi di lavoro per generare sequenze di cadenze automatiche<\/li>\n<li>Emissione automatica delle fatture alla scadenza<\/li>\n<li>Rinnovo massiccio delle cadenze<\/li>\n<li>Adeguamento delle tariffe in base all&#8217;indice Istat<\/li>\n<li>Emissione del documento contrattuale su template Word<\/li>\n<li>Archiviazione documenti<\/li>\n<li>Report sugli scadenzari<\/li>\n<\/ul>\n<h3>LE RECENSIONI DEGLI UTENTI<\/h3>\n<p><strong>Nicola &#8220;Gestionale ricco di funzionalit\u00e0&#8221;<\/strong><br \/>\nIn linea di massima ci riteniamo soddisfatti della scelta fatta. In tutta sincerit\u00e0, l&#8217;utilizzo del software \u00e8 ancora limitata e in azienda \u00e8 iniziato circa un anno fa il lento processo di migrazione dal vecchio ERP.<br \/>\nC&#8217;\u00e8 ancora parecchia strada da fare per utilizzarlo al meglio, anche se penso che anche a pieno regime, riusciremo a sfruttare massimo il 40-50% di tutte le sue potenzialit\u00e0 e funzioni.<br \/>\n<strong>Pro<\/strong>: Il gestionale si presenta con un&#8217;interfaccia intuitiva e ha un pannello di controllo molto comodo e configurabile a piacimento. La gestione di diversi moduli e finestre in contemporanea \u00e8 davvero utile. Il software lascia anche spazio ad una personalizzazione dell&#8217;utente per semplificare l&#8217;utilizzo e calzarlo maggiormente alla propria realt\u00e0 aziendale. Il prezzo di acquisto e di manutenzione \u00e8 sicuramente molto competitivo rispetto alla qualit\u00e0 che viene offerta, sia in termine di prodotto che di assistenza tecnica.<br \/>\n<strong>Contro<\/strong>: ci sono alcuni aggiustamenti che vanno necessariamente fatti, ma che l&#8217;assistenza ha preso in carico per la correzione. In linea di massima non vedo dei limiti o degli aspetti completamente negativi. Fino ad ora, tutto quello che non andava o non era efficace per il nostro utilizzo, \u00e8 stato prontamente &#8220;aggiustato&#8221;.<\/p>\n<p><strong>Lorenzo &#8220;Planner in ambito servizi di ingegneria&#8221;<\/strong><br \/>\nSicuramente l&#8217;intero processo di gestione e programmazione delle attivit\u00e0 e dei servizi (consulenza e formazione)<br \/>\n<strong>Pro<\/strong>: Planner \u00e8 stato tra i numerosi software visionati ed analizzati quello che maggiormente si \u00e8 adattato alle nostre esigenze gestionali, dove non esiste un magazzino o una distinta base ma dove \u00e8 il tempo-uomo la risorsa ed il valore aggiunto. Inoltre tramite personalizzazioni ad hoc \u00e8 stato possibile creare degli strumenti gestionali in ottica anche 4.0 relativamente alla possibilit\u00e0 di gestire scadenze, corsi di formazione con accesso personalizzato anche lato utente finale.<br \/>\n<strong>Contro<\/strong>: inizialmente il software risulta meno user friendly rispetto ad altro software commerciali con interfacce pi\u00f9 accattivanti.<\/p>\n<p><strong>Rosario &#8220;Valido&#8221;<\/strong><br \/>\n<strong>Pro<\/strong>: \u00e8 una soluzione gestionale molto completa che include un valido CRM. con possibilit\u00e0 di personalizzazione.<br \/>\n<strong>Contro<\/strong>: modalit\u00e0 client\/server n\u00e9 riduce l&#8217;uso pratico in mobilit\u00e0, per compensare da poco \u00e8 presente un&#8217;App Planner+ al momento con funzioni limitate.<\/p>\n<\/div>\n<\/div>\n","protected":false},"excerpt":{"rendered":"<p>Planner + \u00e8 un software di gestione aziendale che aiuta a semplificare il monitoraggio delle vendite, la pianificazione delle risorse, la gestione del servizio clienti e le operazioni di marketing. Consente ai professionisti di risolvere problemi post-vendita, generare report personalizzati, archiviare file e sincronizzare i dati tra i sistemi.<\/p>\n","protected":false},"author":19,"featured_media":106124,"parent":5966,"menu_order":0,"comment_status":"open","ping_status":"closed","template":"g1_template_page_review_new.php","meta":{"_acf_changed":false,"cwp_meta_box_check":"Yes","cwp_rev_product_name":"","cwp_rev_product_image":"","wppr_links":[],"cwp_rev_price":"0.00","wppr_options":[{"name":"Usability","value":"0"},{"name":"Speed","value":"0"},{"name":"Features","value":"0"},{"name":"Support","value":"0"},{"name":"Pricing","value":"0"}],"wppr_pros":["","","","",""],"wppr_cons":["","","","",""],"_monsterinsights_skip_tracking":false,"_monsterinsights_sitenote_active":false,"_monsterinsights_sitenote_note":"","_monsterinsights_sitenote_category":0,"footnotes":""},"categories":[120],"tags":[1835,4080,16865,427,1837,1239],"features":[],"class_list":{"0":"post-106118","1":"page","2":"type-page","3":"status-publish","4":"has-post-thumbnail","6":"category-crm-it","7":"tag-crm-2-it","8":"tag-piattaforma-crm","9":"tag-planner","10":"tag-programma-crm","11":"tag-software-crm-2-it","12":"tag-soluzione-crm"},"wppr_data":{"cwp_meta_box_check":"Yes","_wppr_review_template":"default","cwp_rev_product_image":"","cwp_image_link":"image","wppr_links":[],"cwp_rev_price":"0.00","wppr_pros":["","","","",""],"wppr_cons":["","","","",""],"wppr_rating":"0.00","wppr_options":{"1":{"name":"Usability","value":"0"},"2":{"name":"Speed","value":"0"},"3":{"name":"Features","value":"0"},"4":{"name":"Support","value":"0"},"5":{"name":"Pricing","value":"0"}},"wppr_review_type":"Product","wppr_review_custom_fields":{"additionalProperty":"","additionalType":"","aggregateRating":"","alternateName":"","audience":"","award":"","awards":"","brand":"","color":"","depth":"","description":"","disambiguatingDescription":"","gtin12":"","gtin13":"","gtin14":"","gtin8":"","height":"","identifier":"","image":"","isAccessoryOrSparePartFor":"","isConsumableFor":"","isRelatedTo":"","isSimilarTo":"","itemCondition":"","logo":"","mainEntityOfPage":"","manufacturer":"","material":"","model":"","mpn":"","name":"","offers":"","potentialAction":"","productID":"","productionDate":"","purchaseDate":"","releaseDate":"","review":"","reviews":"","sameAs":"","sku":"","slogan":"","subjectOf":"","url":"","weight":"","width":""}},"acf":[],"yoast_head":"<!-- This site is optimized with the Yoast SEO plugin v27.4 - https:\/\/yoast.com\/product\/yoast-seo-wordpress\/ -->\n<title>Planner +: recensione software CRM - Accurate Reviews<\/title>\n<meta name=\"description\" content=\"Planner +: recensione software CRM per il monitoraggio delle vendite, la pianificazione delle risorse e la gestione del servizio clienti.\" \/>\n<meta name=\"robots\" content=\"index, follow, max-snippet:-1, max-image-preview:large, max-video-preview:-1\" \/>\n<link rel=\"canonical\" href=\"https:\/\/www.accuratereviews.com\/it\/crm-software-migliori-lista\/planner-recensione\/\" \/>\n<meta property=\"og:locale\" content=\"it_IT\" \/>\n<meta property=\"og:type\" content=\"article\" \/>\n<meta property=\"og:title\" content=\"Planner +: recensione software CRM - Accurate Reviews\" \/>\n<meta property=\"og:description\" content=\"Planner +: recensione software CRM per il monitoraggio delle vendite, la pianificazione delle risorse e la gestione del servizio clienti.\" \/>\n<meta property=\"og:url\" content=\"https:\/\/www.accuratereviews.com\/it\/crm-software-migliori-lista\/planner-recensione\/\" \/>\n<meta property=\"og:site_name\" content=\"Accurate Reviews\" \/>\n<meta property=\"og:image\" content=\"https:\/\/www.accuratereviews.com\/wp-content\/uploads\/2026\/01\/Screenshot-2026-01-09-alle-10.36.54.png\" \/>\n\t<meta property=\"og:image:width\" content=\"572\" \/>\n\t<meta property=\"og:image:height\" content=\"516\" \/>\n\t<meta property=\"og:image:type\" content=\"image\/png\" \/>\n<meta name=\"twitter:card\" content=\"summary_large_image\" \/>\n<meta name=\"twitter:label1\" content=\"Tempo di lettura stimato\" \/>\n\t<meta name=\"twitter:data1\" content=\"4 minuti\" \/>\n<script type=\"application\/ld+json\" class=\"yoast-schema-graph\">{\"@context\":\"https:\\\/\\\/schema.org\",\"@graph\":[{\"@type\":\"WebPage\",\"@id\":\"https:\\\/\\\/www.accuratereviews.com\\\/it\\\/crm-software-migliori-lista\\\/planner-recensione\\\/\",\"url\":\"https:\\\/\\\/www.accuratereviews.com\\\/it\\\/crm-software-migliori-lista\\\/planner-recensione\\\/\",\"name\":\"Planner +: recensione software CRM - Accurate Reviews\",\"isPartOf\":{\"@id\":\"https:\\\/\\\/www.accuratereviews.com\\\/it\\\/#website\"},\"primaryImageOfPage\":{\"@id\":\"https:\\\/\\\/www.accuratereviews.com\\\/it\\\/crm-software-migliori-lista\\\/planner-recensione\\\/#primaryimage\"},\"image\":{\"@id\":\"https:\\\/\\\/www.accuratereviews.com\\\/it\\\/crm-software-migliori-lista\\\/planner-recensione\\\/#primaryimage\"},\"thumbnailUrl\":\"https:\\\/\\\/www.accuratereviews.com\\\/wp-content\\\/uploads\\\/2026\\\/01\\\/Screenshot-2026-01-09-alle-10.36.54.png\",\"datePublished\":\"2026-01-10T12:25:21+00:00\",\"description\":\"Planner +: recensione software CRM per il monitoraggio delle vendite, la pianificazione delle risorse e la gestione del servizio clienti.\",\"breadcrumb\":{\"@id\":\"https:\\\/\\\/www.accuratereviews.com\\\/it\\\/crm-software-migliori-lista\\\/planner-recensione\\\/#breadcrumb\"},\"inLanguage\":\"it-IT\",\"potentialAction\":[{\"@type\":\"ReadAction\",\"target\":[\"https:\\\/\\\/www.accuratereviews.com\\\/it\\\/crm-software-migliori-lista\\\/planner-recensione\\\/\"]}]},{\"@type\":\"ImageObject\",\"inLanguage\":\"it-IT\",\"@id\":\"https:\\\/\\\/www.accuratereviews.com\\\/it\\\/crm-software-migliori-lista\\\/planner-recensione\\\/#primaryimage\",\"url\":\"https:\\\/\\\/www.accuratereviews.com\\\/wp-content\\\/uploads\\\/2026\\\/01\\\/Screenshot-2026-01-09-alle-10.36.54.png\",\"contentUrl\":\"https:\\\/\\\/www.accuratereviews.com\\\/wp-content\\\/uploads\\\/2026\\\/01\\\/Screenshot-2026-01-09-alle-10.36.54.png\",\"width\":572,\"height\":516},{\"@type\":\"BreadcrumbList\",\"@id\":\"https:\\\/\\\/www.accuratereviews.com\\\/it\\\/crm-software-migliori-lista\\\/planner-recensione\\\/#breadcrumb\",\"itemListElement\":[{\"@type\":\"ListItem\",\"position\":1,\"name\":\"Home\",\"item\":\"https:\\\/\\\/www.accuratereviews.com\\\/it\\\/\"},{\"@type\":\"ListItem\",\"position\":2,\"name\":\"CRM: i software migliori\",\"item\":\"https:\\\/\\\/www.accuratereviews.com\\\/it\\\/crm-software-migliori-lista\\\/\"},{\"@type\":\"ListItem\",\"position\":3,\"name\":\"Planner +\"}]},{\"@type\":\"WebSite\",\"@id\":\"https:\\\/\\\/www.accuratereviews.com\\\/it\\\/#website\",\"url\":\"https:\\\/\\\/www.accuratereviews.com\\\/it\\\/\",\"name\":\"Accurate Reviews\",\"description\":\"\",\"potentialAction\":[{\"@type\":\"SearchAction\",\"target\":{\"@type\":\"EntryPoint\",\"urlTemplate\":\"https:\\\/\\\/www.accuratereviews.com\\\/it\\\/?s={search_term_string}\"},\"query-input\":{\"@type\":\"PropertyValueSpecification\",\"valueRequired\":true,\"valueName\":\"search_term_string\"}}],\"inLanguage\":\"it-IT\"}]}<\/script>\n<!-- \/ Yoast SEO plugin. -->","yoast_head_json":{"title":"Planner +: recensione software CRM - Accurate Reviews","description":"Planner +: recensione software CRM per il monitoraggio delle vendite, la pianificazione delle risorse e la gestione del servizio clienti.","robots":{"index":"index","follow":"follow","max-snippet":"max-snippet:-1","max-image-preview":"max-image-preview:large","max-video-preview":"max-video-preview:-1"},"canonical":"https:\/\/www.accuratereviews.com\/it\/crm-software-migliori-lista\/planner-recensione\/","og_locale":"it_IT","og_type":"article","og_title":"Planner +: recensione software CRM - Accurate Reviews","og_description":"Planner +: recensione software CRM per il monitoraggio delle vendite, la pianificazione delle risorse e la gestione del servizio clienti.","og_url":"https:\/\/www.accuratereviews.com\/it\/crm-software-migliori-lista\/planner-recensione\/","og_site_name":"Accurate Reviews","og_image":[{"width":572,"height":516,"url":"https:\/\/www.accuratereviews.com\/wp-content\/uploads\/2026\/01\/Screenshot-2026-01-09-alle-10.36.54.png","type":"image\/png"}],"twitter_card":"summary_large_image","twitter_misc":{"Tempo di lettura stimato":"4 minuti"},"schema":{"@context":"https:\/\/schema.org","@graph":[{"@type":"WebPage","@id":"https:\/\/www.accuratereviews.com\/it\/crm-software-migliori-lista\/planner-recensione\/","url":"https:\/\/www.accuratereviews.com\/it\/crm-software-migliori-lista\/planner-recensione\/","name":"Planner +: recensione software CRM - Accurate Reviews","isPartOf":{"@id":"https:\/\/www.accuratereviews.com\/it\/#website"},"primaryImageOfPage":{"@id":"https:\/\/www.accuratereviews.com\/it\/crm-software-migliori-lista\/planner-recensione\/#primaryimage"},"image":{"@id":"https:\/\/www.accuratereviews.com\/it\/crm-software-migliori-lista\/planner-recensione\/#primaryimage"},"thumbnailUrl":"https:\/\/www.accuratereviews.com\/wp-content\/uploads\/2026\/01\/Screenshot-2026-01-09-alle-10.36.54.png","datePublished":"2026-01-10T12:25:21+00:00","description":"Planner +: recensione software CRM per il monitoraggio delle vendite, la pianificazione delle risorse e la gestione del servizio clienti.","breadcrumb":{"@id":"https:\/\/www.accuratereviews.com\/it\/crm-software-migliori-lista\/planner-recensione\/#breadcrumb"},"inLanguage":"it-IT","potentialAction":[{"@type":"ReadAction","target":["https:\/\/www.accuratereviews.com\/it\/crm-software-migliori-lista\/planner-recensione\/"]}]},{"@type":"ImageObject","inLanguage":"it-IT","@id":"https:\/\/www.accuratereviews.com\/it\/crm-software-migliori-lista\/planner-recensione\/#primaryimage","url":"https:\/\/www.accuratereviews.com\/wp-content\/uploads\/2026\/01\/Screenshot-2026-01-09-alle-10.36.54.png","contentUrl":"https:\/\/www.accuratereviews.com\/wp-content\/uploads\/2026\/01\/Screenshot-2026-01-09-alle-10.36.54.png","width":572,"height":516},{"@type":"BreadcrumbList","@id":"https:\/\/www.accuratereviews.com\/it\/crm-software-migliori-lista\/planner-recensione\/#breadcrumb","itemListElement":[{"@type":"ListItem","position":1,"name":"Home","item":"https:\/\/www.accuratereviews.com\/it\/"},{"@type":"ListItem","position":2,"name":"CRM: i software migliori","item":"https:\/\/www.accuratereviews.com\/it\/crm-software-migliori-lista\/"},{"@type":"ListItem","position":3,"name":"Planner +"}]},{"@type":"WebSite","@id":"https:\/\/www.accuratereviews.com\/it\/#website","url":"https:\/\/www.accuratereviews.com\/it\/","name":"Accurate Reviews","description":"","potentialAction":[{"@type":"SearchAction","target":{"@type":"EntryPoint","urlTemplate":"https:\/\/www.accuratereviews.com\/it\/?s={search_term_string}"},"query-input":{"@type":"PropertyValueSpecification","valueRequired":true,"valueName":"search_term_string"}}],"inLanguage":"it-IT"}]}},"_links":{"self":[{"href":"https:\/\/www.accuratereviews.com\/it\/wp-json\/wp\/v2\/pages\/106118","targetHints":{"allow":["GET"]}}],"collection":[{"href":"https:\/\/www.accuratereviews.com\/it\/wp-json\/wp\/v2\/pages"}],"about":[{"href":"https:\/\/www.accuratereviews.com\/it\/wp-json\/wp\/v2\/types\/page"}],"author":[{"embeddable":true,"href":"https:\/\/www.accuratereviews.com\/it\/wp-json\/wp\/v2\/users\/19"}],"replies":[{"embeddable":true,"href":"https:\/\/www.accuratereviews.com\/it\/wp-json\/wp\/v2\/comments?post=106118"}],"version-history":[{"count":7,"href":"https:\/\/www.accuratereviews.com\/it\/wp-json\/wp\/v2\/pages\/106118\/revisions"}],"predecessor-version":[{"id":106167,"href":"https:\/\/www.accuratereviews.com\/it\/wp-json\/wp\/v2\/pages\/106118\/revisions\/106167"}],"up":[{"embeddable":true,"href":"https:\/\/www.accuratereviews.com\/it\/wp-json\/wp\/v2\/pages\/5966"}],"wp:featuredmedia":[{"embeddable":true,"href":"https:\/\/www.accuratereviews.com\/it\/wp-json\/wp\/v2\/media\/106124"}],"wp:attachment":[{"href":"https:\/\/www.accuratereviews.com\/it\/wp-json\/wp\/v2\/media?parent=106118"}],"wp:term":[{"taxonomy":"category","embeddable":true,"href":"https:\/\/www.accuratereviews.com\/it\/wp-json\/wp\/v2\/categories?post=106118"},{"taxonomy":"post_tag","embeddable":true,"href":"https:\/\/www.accuratereviews.com\/it\/wp-json\/wp\/v2\/tags?post=106118"},{"taxonomy":"features","embeddable":true,"href":"https:\/\/www.accuratereviews.com\/it\/wp-json\/wp\/v2\/features?post=106118"}],"curies":[{"name":"wp","href":"https:\/\/api.w.org\/{rel}","templated":true}]}}