{"id":106171,"date":"2026-01-12T18:34:07","date_gmt":"2026-01-12T18:34:07","guid":{"rendered":"https:\/\/www.accuratereviews.com\/?page_id=106171"},"modified":"2026-01-13T12:47:17","modified_gmt":"2026-01-13T12:47:17","slug":"beone-recensione","status":"publish","type":"page","link":"https:\/\/www.accuratereviews.com\/it\/crm-software-migliori-lista\/beone-recensione\/","title":{"rendered":"BeOne"},"content":{"rendered":"<p><strong>BeOne<\/strong> \u00e8 una<strong> soluzione di gestione dei trasporti<\/strong> basata su <strong>cloud<\/strong> che aiuta le aziende nei settori della logistica e delle spedizioni \u00a0a monitorare ritiri e consegne degli ordini, generare fatture elettroniche, archiviare documenti digitali, creare richieste di pagamento e identificare percorsi ottimali. Le funzionalit\u00e0 includono cross docking, <strong>POD (prova di consegna)<\/strong>, identificazione a radiofrequenza <strong>(RFID)<\/strong>, scambio elettronico di dati <strong>(EDI)<\/strong>, geolocalizzazione e altro ancora.<br \/>\n<strong>BeOne <\/strong>offre un modulo di gestione del magazzino, che consente ai membri di monitorare i livelli di inventario utilizzando scanner di codici a barre e sistemi di identificazione automatica e acquisizione dati <strong>(AIDC)<\/strong>, gestire gli ordini dei fornitori in modalit\u00e0 EDI e gestire il trasferimento delle merci con terminali RF. Gli spedizionieri possono utilizzare il portale web centralizzato per monitorare lo stato e i costi delle spedizioni e stampare documenti di trasporto, come lettere di vettura e bolle di consegna.<\/p>\n<h2>BEONE &#8211; TUTORIAL<\/h2>\n<div id=\"fluid-wrapper-counter-1\" class=\"g1-fluid-wrapper \" style=\"width:686px;\">\n<div style=\"padding-bottom:56.268221574344%;\"><iframe loading=\"lazy\" title=\"Collaboration Platform Fra - BeOne #transport #warehouse #customs #logistics #BeOne #NovaSystems\" width=\"686\" height=\"386\" src=\"https:\/\/www.youtube.com\/embed\/jpFosG_qwis?feature=oembed&amp;wmode=transparent&amp;autohide=1&amp;autoplay=0&amp;disablekb=0&amp;fs=1&amp;loop=0&amp;enablejsapi=1&amp;rel=0&amp;controls=2&amp;showinfo=0&amp;wmode=transparent&amp;autohide=2&amp;autoplay=0&amp;disablekb=0&amp;fs=1&amp;loop=0&amp;enablejsapi=1&amp;rel=0&amp;controls=2&amp;showinfo=1\" frameborder=\"0\" allow=\"accelerometer; autoplay; clipboard-write; encrypted-media; gyroscope; picture-in-picture; web-share\" referrerpolicy=\"strict-origin-when-cross-origin\" allowfullscreen><\/iframe><\/div>\n<\/div>\n<h3>BEONE &#8211; CARATTERISTICHE<\/h3>\n<ul>\n<li>Gestione delle spedizioni a carico completo (FTL), a groupage o collettame (LTL) e delle spedizioni intermodali<\/li>\n<li>Pianificazione dei viaggi con gestione dei vincoli<\/li>\n<li>Gestione delle spedizioni con bisarche e piazzale<\/li>\n<li>Ottimizzazione dei percorsi di viaggio attraverso mappa cartografica e vista sui mezzi in tempo reale<\/li>\n<li>Gestione delle tariffe attive e passive<\/li>\n<li>Fatturazione attiva e controllo della fatturazione passiva<\/li>\n<li>Gestione degli scadenze mezzi e personale, di officina e magazzino ricambi<\/li>\n<li>Magazzino e tracciabilit\u00e0 di contenitori di varia natura (bancali, roller, box, ecc.)<\/li>\n<li>Gestione dei contrassegni tassati a destino e delle cisterne di rifornimento<\/li>\n<li>Contabilit\u00e0 generale e analitica<\/li>\n<li>Gestione di anomalie, sinistri e non conformit\u00e0<\/li>\n<li>Tassazione raggruppata con valorizzazione attiva e passiva<\/li>\n<li>Gestione delle societ\u00e0 consortili<\/li>\n<li>Collegamento al software satellitare per i mezzi<\/li>\n<li>Gestione dell\u2019E-CMR<\/li>\n<li>API di collegamento per dare e ricevere dati dal TMS e EDI di collegamento per dare e ricevere il file dal TMS Software Trasporti<br \/>\nGestione del magazzino cross docking<\/li>\n<\/ul>\n<h4>LE RECENSIONI DEGLI UTENTI<\/h4>\n<p><strong>Alessandra &#8220;Prodotto ottimo, assistenza veloce e qualificata, soluzione dei problemi con buona tempistica&#8221;<\/strong><br \/>\nOttima esperienza, ha velocizzato sensibilmente i processi.<br \/>\n<strong>Pro<\/strong>: la facilit\u00e0 di utilizzo, e, la velocit\u00e0 e l&#8217; assistenza<br \/>\n<strong>Contro<\/strong>: non noto particolari difficolt\u00e0, nell&#8217; utilizzo, e tutto \u00e8 migliorabile, ma allo stato attuale siamo soddisfatti<\/p>\n<p><strong>Carlos &#8220;Moldtrans&#8221;<\/strong><br \/>\nPer un&#8217;azienda come la nostra \u00e8 fondamentale dotarsi di uno strumento aziendale che permetta a tutti i tipi di flussi di funzionare<br \/>\n<strong>Pro<\/strong>: il tuo team di analisi dei processi e il tuo modo di entrare in empatia con il cliente<br \/>\n<strong>Contro<\/strong>: la difficolt\u00e0 di adattare le parti operative alle tecniche, cio\u00e8 un&#8217;analisi esauriente prima di un&#8217;implementazione \u00e8 importante, dopo questa fase, il team di sviluppo a volte la sua implementazione non mostra l&#8217;esatta esigenza del cliente in quest&#8217;ultimo mesi c&#8217;\u00e8 un miglioramento significativo.<\/p>\n<p><strong>Barbara &#8220;Ottimo prodotto&#8221;<\/strong><br \/>\n<strong>Pro<\/strong>: programma facile da usare, intuitivo ed adattabile alle esigenze del settore<br \/>\n<strong>Contro<\/strong>: la parte contabile si appoggia in parte al vecchio gestionale<\/p>\n","protected":false},"excerpt":{"rendered":"<p>BeOne \u00e8 una soluzione di gestione dei trasporti basata su cloud che aiuta le aziende nei settori della logistica e delle spedizioni \u00a0a monitorare ritiri e consegne degli ordini, generare fatture elettroniche, archiviare documenti digitali, creare richieste di pagamento e identificare percorsi ottimali.<\/p>\n","protected":false},"author":19,"featured_media":106172,"parent":5966,"menu_order":0,"comment_status":"open","ping_status":"closed","template":"g1_template_page_review_new.php","meta":{"_acf_changed":false,"cwp_meta_box_check":"No","cwp_rev_product_name":"","cwp_rev_product_image":"","wppr_links":[],"cwp_rev_price":"","wppr_options":[],"wppr_pros":[],"wppr_cons":[],"_monsterinsights_skip_tracking":false,"_monsterinsights_sitenote_active":false,"_monsterinsights_sitenote_note":"","_monsterinsights_sitenote_category":0,"footnotes":""},"categories":[120],"tags":[16866,1835,4080,427,1837,1239],"features":[],"class_list":{"0":"post-106171","1":"page","2":"type-page","3":"status-publish","4":"has-post-thumbnail","6":"category-crm-it","7":"tag-beone","8":"tag-crm-2-it","9":"tag-piattaforma-crm","10":"tag-programma-crm","11":"tag-software-crm-2-it","12":"tag-soluzione-crm"},"wppr_data":{"cwp_meta_box_check":"No"},"acf":[],"yoast_head":"<!-- This site is optimized with the Yoast SEO plugin v27.4 - https:\/\/yoast.com\/product\/yoast-seo-wordpress\/ -->\n<title>BeOne: recensione software CRM - Accurate Reviews<\/title>\n<meta name=\"description\" content=\"BeOne: recensione soluzione di gestione dei trasporti basata su cloud che aiuta le aziende nei settori della logistica e delle spedizioni.\" \/>\n<meta name=\"robots\" content=\"index, follow, max-snippet:-1, max-image-preview:large, max-video-preview:-1\" \/>\n<link rel=\"canonical\" href=\"https:\/\/www.accuratereviews.com\/it\/crm-software-migliori-lista\/beone-recensione\/\" \/>\n<meta property=\"og:locale\" content=\"it_IT\" \/>\n<meta property=\"og:type\" content=\"article\" \/>\n<meta property=\"og:title\" content=\"BeOne: recensione software CRM - Accurate Reviews\" \/>\n<meta property=\"og:description\" content=\"BeOne: recensione soluzione di gestione dei trasporti basata su cloud che aiuta le aziende nei settori della logistica e delle spedizioni.\" \/>\n<meta property=\"og:url\" content=\"https:\/\/www.accuratereviews.com\/it\/crm-software-migliori-lista\/beone-recensione\/\" \/>\n<meta property=\"og:site_name\" content=\"Accurate Reviews\" \/>\n<meta property=\"article:modified_time\" content=\"2026-01-13T12:47:17+00:00\" \/>\n<meta property=\"og:image\" content=\"https:\/\/www.accuratereviews.com\/wp-content\/uploads\/2026\/01\/Screenshot-2026-01-12-alle-10.46.19.png\" \/>\n\t<meta property=\"og:image:width\" content=\"518\" \/>\n\t<meta property=\"og:image:height\" content=\"512\" \/>\n\t<meta property=\"og:image:type\" content=\"image\/png\" \/>\n<meta name=\"twitter:card\" content=\"summary_large_image\" \/>\n<meta name=\"twitter:label1\" content=\"Tempo di lettura stimato\" \/>\n\t<meta name=\"twitter:data1\" content=\"4 minuti\" \/>\n<script type=\"application\/ld+json\" class=\"yoast-schema-graph\">{\"@context\":\"https:\\\/\\\/schema.org\",\"@graph\":[{\"@type\":\"WebPage\",\"@id\":\"https:\\\/\\\/www.accuratereviews.com\\\/it\\\/crm-software-migliori-lista\\\/beone-recensione\\\/\",\"url\":\"https:\\\/\\\/www.accuratereviews.com\\\/it\\\/crm-software-migliori-lista\\\/beone-recensione\\\/\",\"name\":\"BeOne: recensione software CRM - Accurate Reviews\",\"isPartOf\":{\"@id\":\"https:\\\/\\\/www.accuratereviews.com\\\/it\\\/#website\"},\"primaryImageOfPage\":{\"@id\":\"https:\\\/\\\/www.accuratereviews.com\\\/it\\\/crm-software-migliori-lista\\\/beone-recensione\\\/#primaryimage\"},\"image\":{\"@id\":\"https:\\\/\\\/www.accuratereviews.com\\\/it\\\/crm-software-migliori-lista\\\/beone-recensione\\\/#primaryimage\"},\"thumbnailUrl\":\"https:\\\/\\\/www.accuratereviews.com\\\/wp-content\\\/uploads\\\/2026\\\/01\\\/Screenshot-2026-01-12-alle-10.46.19.png\",\"datePublished\":\"2026-01-12T18:34:07+00:00\",\"dateModified\":\"2026-01-13T12:47:17+00:00\",\"description\":\"BeOne: recensione soluzione di gestione dei trasporti basata su cloud che aiuta le aziende nei settori della logistica e delle spedizioni.\",\"breadcrumb\":{\"@id\":\"https:\\\/\\\/www.accuratereviews.com\\\/it\\\/crm-software-migliori-lista\\\/beone-recensione\\\/#breadcrumb\"},\"inLanguage\":\"it-IT\",\"potentialAction\":[{\"@type\":\"ReadAction\",\"target\":[\"https:\\\/\\\/www.accuratereviews.com\\\/it\\\/crm-software-migliori-lista\\\/beone-recensione\\\/\"]}]},{\"@type\":\"ImageObject\",\"inLanguage\":\"it-IT\",\"@id\":\"https:\\\/\\\/www.accuratereviews.com\\\/it\\\/crm-software-migliori-lista\\\/beone-recensione\\\/#primaryimage\",\"url\":\"https:\\\/\\\/www.accuratereviews.com\\\/wp-content\\\/uploads\\\/2026\\\/01\\\/Screenshot-2026-01-12-alle-10.46.19.png\",\"contentUrl\":\"https:\\\/\\\/www.accuratereviews.com\\\/wp-content\\\/uploads\\\/2026\\\/01\\\/Screenshot-2026-01-12-alle-10.46.19.png\",\"width\":518,\"height\":512},{\"@type\":\"BreadcrumbList\",\"@id\":\"https:\\\/\\\/www.accuratereviews.com\\\/it\\\/crm-software-migliori-lista\\\/beone-recensione\\\/#breadcrumb\",\"itemListElement\":[{\"@type\":\"ListItem\",\"position\":1,\"name\":\"Home\",\"item\":\"https:\\\/\\\/www.accuratereviews.com\\\/it\\\/\"},{\"@type\":\"ListItem\",\"position\":2,\"name\":\"CRM: i software migliori\",\"item\":\"https:\\\/\\\/www.accuratereviews.com\\\/it\\\/crm-software-migliori-lista\\\/\"},{\"@type\":\"ListItem\",\"position\":3,\"name\":\"BeOne\"}]},{\"@type\":\"WebSite\",\"@id\":\"https:\\\/\\\/www.accuratereviews.com\\\/it\\\/#website\",\"url\":\"https:\\\/\\\/www.accuratereviews.com\\\/it\\\/\",\"name\":\"Accurate Reviews\",\"description\":\"\",\"potentialAction\":[{\"@type\":\"SearchAction\",\"target\":{\"@type\":\"EntryPoint\",\"urlTemplate\":\"https:\\\/\\\/www.accuratereviews.com\\\/it\\\/?s={search_term_string}\"},\"query-input\":{\"@type\":\"PropertyValueSpecification\",\"valueRequired\":true,\"valueName\":\"search_term_string\"}}],\"inLanguage\":\"it-IT\"}]}<\/script>\n<!-- \/ Yoast SEO plugin. -->","yoast_head_json":{"title":"BeOne: recensione software CRM - Accurate Reviews","description":"BeOne: recensione soluzione di gestione dei trasporti basata su cloud che aiuta le aziende nei settori della logistica e delle spedizioni.","robots":{"index":"index","follow":"follow","max-snippet":"max-snippet:-1","max-image-preview":"max-image-preview:large","max-video-preview":"max-video-preview:-1"},"canonical":"https:\/\/www.accuratereviews.com\/it\/crm-software-migliori-lista\/beone-recensione\/","og_locale":"it_IT","og_type":"article","og_title":"BeOne: recensione software CRM - Accurate Reviews","og_description":"BeOne: recensione soluzione di gestione dei trasporti basata su cloud che aiuta le aziende nei settori della logistica e delle spedizioni.","og_url":"https:\/\/www.accuratereviews.com\/it\/crm-software-migliori-lista\/beone-recensione\/","og_site_name":"Accurate Reviews","article_modified_time":"2026-01-13T12:47:17+00:00","og_image":[{"width":518,"height":512,"url":"https:\/\/www.accuratereviews.com\/wp-content\/uploads\/2026\/01\/Screenshot-2026-01-12-alle-10.46.19.png","type":"image\/png"}],"twitter_card":"summary_large_image","twitter_misc":{"Tempo di lettura stimato":"4 minuti"},"schema":{"@context":"https:\/\/schema.org","@graph":[{"@type":"WebPage","@id":"https:\/\/www.accuratereviews.com\/it\/crm-software-migliori-lista\/beone-recensione\/","url":"https:\/\/www.accuratereviews.com\/it\/crm-software-migliori-lista\/beone-recensione\/","name":"BeOne: recensione software CRM - Accurate Reviews","isPartOf":{"@id":"https:\/\/www.accuratereviews.com\/it\/#website"},"primaryImageOfPage":{"@id":"https:\/\/www.accuratereviews.com\/it\/crm-software-migliori-lista\/beone-recensione\/#primaryimage"},"image":{"@id":"https:\/\/www.accuratereviews.com\/it\/crm-software-migliori-lista\/beone-recensione\/#primaryimage"},"thumbnailUrl":"https:\/\/www.accuratereviews.com\/wp-content\/uploads\/2026\/01\/Screenshot-2026-01-12-alle-10.46.19.png","datePublished":"2026-01-12T18:34:07+00:00","dateModified":"2026-01-13T12:47:17+00:00","description":"BeOne: recensione soluzione di gestione dei trasporti basata su cloud che aiuta le aziende nei settori della logistica e delle spedizioni.","breadcrumb":{"@id":"https:\/\/www.accuratereviews.com\/it\/crm-software-migliori-lista\/beone-recensione\/#breadcrumb"},"inLanguage":"it-IT","potentialAction":[{"@type":"ReadAction","target":["https:\/\/www.accuratereviews.com\/it\/crm-software-migliori-lista\/beone-recensione\/"]}]},{"@type":"ImageObject","inLanguage":"it-IT","@id":"https:\/\/www.accuratereviews.com\/it\/crm-software-migliori-lista\/beone-recensione\/#primaryimage","url":"https:\/\/www.accuratereviews.com\/wp-content\/uploads\/2026\/01\/Screenshot-2026-01-12-alle-10.46.19.png","contentUrl":"https:\/\/www.accuratereviews.com\/wp-content\/uploads\/2026\/01\/Screenshot-2026-01-12-alle-10.46.19.png","width":518,"height":512},{"@type":"BreadcrumbList","@id":"https:\/\/www.accuratereviews.com\/it\/crm-software-migliori-lista\/beone-recensione\/#breadcrumb","itemListElement":[{"@type":"ListItem","position":1,"name":"Home","item":"https:\/\/www.accuratereviews.com\/it\/"},{"@type":"ListItem","position":2,"name":"CRM: i software migliori","item":"https:\/\/www.accuratereviews.com\/it\/crm-software-migliori-lista\/"},{"@type":"ListItem","position":3,"name":"BeOne"}]},{"@type":"WebSite","@id":"https:\/\/www.accuratereviews.com\/it\/#website","url":"https:\/\/www.accuratereviews.com\/it\/","name":"Accurate Reviews","description":"","potentialAction":[{"@type":"SearchAction","target":{"@type":"EntryPoint","urlTemplate":"https:\/\/www.accuratereviews.com\/it\/?s={search_term_string}"},"query-input":{"@type":"PropertyValueSpecification","valueRequired":true,"valueName":"search_term_string"}}],"inLanguage":"it-IT"}]}},"_links":{"self":[{"href":"https:\/\/www.accuratereviews.com\/it\/wp-json\/wp\/v2\/pages\/106171","targetHints":{"allow":["GET"]}}],"collection":[{"href":"https:\/\/www.accuratereviews.com\/it\/wp-json\/wp\/v2\/pages"}],"about":[{"href":"https:\/\/www.accuratereviews.com\/it\/wp-json\/wp\/v2\/types\/page"}],"author":[{"embeddable":true,"href":"https:\/\/www.accuratereviews.com\/it\/wp-json\/wp\/v2\/users\/19"}],"replies":[{"embeddable":true,"href":"https:\/\/www.accuratereviews.com\/it\/wp-json\/wp\/v2\/comments?post=106171"}],"version-history":[{"count":6,"href":"https:\/\/www.accuratereviews.com\/it\/wp-json\/wp\/v2\/pages\/106171\/revisions"}],"predecessor-version":[{"id":106209,"href":"https:\/\/www.accuratereviews.com\/it\/wp-json\/wp\/v2\/pages\/106171\/revisions\/106209"}],"up":[{"embeddable":true,"href":"https:\/\/www.accuratereviews.com\/it\/wp-json\/wp\/v2\/pages\/5966"}],"wp:featuredmedia":[{"embeddable":true,"href":"https:\/\/www.accuratereviews.com\/it\/wp-json\/wp\/v2\/media\/106172"}],"wp:attachment":[{"href":"https:\/\/www.accuratereviews.com\/it\/wp-json\/wp\/v2\/media?parent=106171"}],"wp:term":[{"taxonomy":"category","embeddable":true,"href":"https:\/\/www.accuratereviews.com\/it\/wp-json\/wp\/v2\/categories?post=106171"},{"taxonomy":"post_tag","embeddable":true,"href":"https:\/\/www.accuratereviews.com\/it\/wp-json\/wp\/v2\/tags?post=106171"},{"taxonomy":"features","embeddable":true,"href":"https:\/\/www.accuratereviews.com\/it\/wp-json\/wp\/v2\/features?post=106171"}],"curies":[{"name":"wp","href":"https:\/\/api.w.org\/{rel}","templated":true}]}}