{"id":106187,"date":"2026-01-13T19:37:35","date_gmt":"2026-01-13T19:37:35","guid":{"rendered":"https:\/\/www.accuratereviews.com\/?page_id=106187"},"modified":"2026-01-13T19:37:35","modified_gmt":"2026-01-13T19:37:35","slug":"pega-crm-recensione","status":"publish","type":"page","link":"https:\/\/www.accuratereviews.com\/it\/crm-software-migliori-lista\/pega-crm-recensione\/","title":{"rendered":"Pega CRM"},"content":{"rendered":"<p><strong>Pega CRM<\/strong> \u00e8 una soluzione di gestione delle<strong> relazioni con i clienti (CRM)<\/strong> di livello aziendale di Pegasystems che integra funzionalit\u00e0 di vendita, marketing e assistenza clienti in un&#8217;unica soluzione. Offre, inoltre, automazione<strong> end-to-end<\/strong> e funzionalit\u00e0 di <strong>intelligenza artificiale<\/strong> in tempo reale per ottenere insight sul coinvolgimento dei clienti. La funzionalit\u00e0 di marketing fornisce strumenti per riconoscere e analizzare il comportamento dei clienti e suggerire la migliore azione successiva per ciascun cliente.<br \/>\n<strong>Pega CRM <\/strong>pu\u00f2 acquisire e collegare le conversazioni dei clienti su pi\u00f9 canali per anticipare e stimolare il loro percorso. La funzionalit\u00e0 <strong>Sales Media Manager<\/strong> aiuta a identificare possibili lead e opportunit\u00e0 all&#8217;interno della pipeline di vendita. La soluzione supporta l&#8217;integrazione con<strong> Outlook, Gmail<\/strong> e altri provider di servizi di posta elettronica per gestire le email e pianificare riunioni da un&#8217;unica interfaccia.<a href=\"https:\/\/www.accuratereviews.com\/wp-content\/uploads\/2026\/01\/Screenshot-2026-01-13-alle-13.35.13-scaled.png\"><img loading=\"lazy\" decoding=\"async\" class=\"aligncenter wp-image-106202 size-full\" src=\"https:\/\/www.accuratereviews.com\/wp-content\/uploads\/2026\/01\/Screenshot-2026-01-13-alle-13.35.13-scaled.png\" alt=\"\" width=\"2560\" height=\"1220\" srcset=\"https:\/\/www.accuratereviews.com\/wp-content\/uploads\/2026\/01\/Screenshot-2026-01-13-alle-13.35.13-scaled.png 2560w, https:\/\/www.accuratereviews.com\/wp-content\/uploads\/2026\/01\/Screenshot-2026-01-13-alle-13.35.13-300x143.png 300w, https:\/\/www.accuratereviews.com\/wp-content\/uploads\/2026\/01\/Screenshot-2026-01-13-alle-13.35.13-1024x488.png 1024w, https:\/\/www.accuratereviews.com\/wp-content\/uploads\/2026\/01\/Screenshot-2026-01-13-alle-13.35.13-768x366.png 768w, https:\/\/www.accuratereviews.com\/wp-content\/uploads\/2026\/01\/Screenshot-2026-01-13-alle-13.35.13-1536x732.png 1536w, https:\/\/www.accuratereviews.com\/wp-content\/uploads\/2026\/01\/Screenshot-2026-01-13-alle-13.35.13-2048x976.png 2048w, https:\/\/www.accuratereviews.com\/wp-content\/uploads\/2026\/01\/Screenshot-2026-01-13-alle-13.35.13-50x24.png 50w, https:\/\/www.accuratereviews.com\/wp-content\/uploads\/2026\/01\/Screenshot-2026-01-13-alle-13.35.13-260x125.png 260w, https:\/\/www.accuratereviews.com\/wp-content\/uploads\/2026\/01\/Screenshot-2026-01-13-alle-13.35.13-968x461.png 968w, https:\/\/www.accuratereviews.com\/wp-content\/uploads\/2026\/01\/Screenshot-2026-01-13-alle-13.35.13-636x303.png 636w, https:\/\/www.accuratereviews.com\/wp-content\/uploads\/2026\/01\/Screenshot-2026-01-13-alle-13.35.13-320x152.png 320w, https:\/\/www.accuratereviews.com\/wp-content\/uploads\/2026\/01\/Screenshot-2026-01-13-alle-13.35.13-239x114.png 239w\" sizes=\"auto, (max-width: 2560px) 100vw, 2560px\" \/><\/a><\/p>\n<h2>PEGA CRM &#8211; CARATTERISTICHE<\/h2>\n<ul>\n<li>Crea flussi di lavoro automatizzati rapidi e coerenti che aumentano la produttivit\u00e0<\/li>\n<li>Implementa un percorso del cliente unificato su tutti i canali<\/li>\n<li>Integra agenti di intelligenza artificiale nel percorso del cliente per sbloccare nuovi livelli di efficienza<\/li>\n<li>Avviare i progetti, distribuisci gli incarichi e assegnare le priorit\u00e0 con piena visibilit\u00e0<\/li>\n<li>Assicurati che la persona giusta si occupi del viaggio del cliente giusto<\/li>\n<li>Fornisci a tutto il team una vista centralizzata dell&#8217;operativit\u00e0<\/li>\n<li>Monitora i processi completi con il mining di processi e attivit\u00e0<\/li>\n<li>Identificare le opportunit\u00e0 di miglioramento<\/li>\n<li>Scopri come adattarti alle nuove automazioni<\/li>\n<li>Usa il ragionamento creativo dell&#8217;operatore IA per trasformare le idee in flussi di lavoro<\/li>\n<li>Lascia che l&#8217;IA mappi le integrazioni ai sistemi di back-end<\/li>\n<li>Genera dati immediati per i test<\/li>\n<li>Guida gli sviluppatori con i suggerimenti per la conversazione<\/li>\n<li>Sfrutta le informazioni fruibili per i segmenti meno serviti<\/li>\n<li>Genera automaticamente nuovi trattamenti per migliorare la pertinenza<\/li>\n<li>Usa le fonti dei dati in base a modelli predittivi<\/li>\n<li>Genera risposte immediate per clienti, operatori e dipendenti sulla base delle conoscenze aziendali<\/li>\n<li>Sintetizza le trascrizioni dei contatti vocali, via chat e e-mail in brevi riepiloghi delle interazioni<\/li>\n<li>Sfrutta tutto il potenziale del tuo team con una guida contestuale basata sull&#8217;intelligenza artificiale e trasforma istantaneamente i flussi di lavoro in operatori self-service<\/li>\n<li>Integra e forma in modo dinamico gli operatori con un simulatore di interazioni con i clienti<\/li>\n<li>Genera visualizzazioni che offrono risposte immediate a domande sui dati operativi<\/li>\n<li>Fornisci rapidamente risposte contestuali e guida i dipendenti del back-office con riepiloghi concisi di pratiche e documenti<\/li>\n<li>Fai esaminare all&#8217;IA le prestazioni del flusso di lavoro in modo che suggerisce ottimizzazioni continue<\/li>\n<li>Crea rapidamente potenti funzionalit\u00e0 basate su IA<\/li>\n<li>Scegli un modello IA che si adatta meglio alla tua impresa<\/li>\n<li>Riduci i rischi con un filtro dati sensibile basato su IA<\/li>\n<li>Analizza i segnali dei clienti per adattarti continuamente alle loro esigenze.<\/li>\n<li>Unifica le informazioni sui vari canali per interazioni altamente personalizzate.<\/li>\n<li>Ottieni risultati istantanei grazie a un processo decisionale basato su IA sempre attivo.<\/li>\n<li>Riduci il carico di lavoro del contact center con il self-service Pega.<\/li>\n<li>Ottimizza ogni interazione grazie alle prossime migliori azioni.<\/li>\n<li>Incorpora i flussi di lavoro Pega direttamente nel desktop esistente.<\/li>\n<li>Monitora, ottimizza e migliora i processi con l&#8217;intelligenza artificiale.<\/li>\n<li>Crea flussi di lavoro basati su IA in grado di rispondere in modo proattivo.<\/li>\n<li>Genera automaticamente app low-code con App Studio.<\/li>\n<li>Passa dall&#8217;ideazione alla realizzazione in pochi minuti con il codice low-code generato dall&#8217;IA.<\/li>\n<\/ul>\n<h3>LE RECENSIONI DEGLI UTENTI<\/h3>\n<p><strong>Naresh &#8220;Recensione di Pega CRM&#8221;<\/strong><br \/>\n<strong>Pro<\/strong>: \u00c8 uno strumento software molto utile che pu\u00f2 essere utilizzato per il CRM. \u00c8 molto dinamico e flessibile utilizzare lo strumento. Questo pu\u00f2 essere facilmente utilizzato senza alcuna conoscenza di codifica.<br \/>\n<strong>Contro<\/strong>: le integrazioni con altri software e le connessioni al server di posta elettronica non sono sicure e poco complesse. Tutte queste funzionalit\u00e0 sono disponibili con costi aggiuntivi poich\u00e9 richiedono uno sviluppo personalizzato.<\/p>\n<p><strong>Jaikaran &#8220;Potente per lo scopo per cui \u00e8 stato progettato&#8221;<\/strong><br \/>\n\u00c8 fantastico dopo che sei passato all&#8217;apprendimento di come funziona.<br \/>\n<strong>Pro<\/strong>: dopo aver appreso Pega, cambia le tradizionali tecniche BPMN con grafici piuttosto avanzati per aiutare gli utenti.<br \/>\n<strong>Contro<\/strong>: imparare Pega \u00e8 stata una sfida, non utilizza il BPMN tradizionale e anche la formazione di processi ha un modo completamente diverso, ma fornisce molto materiale di riferimento.<\/p>\n<p><strong>Kerry-ann &#8220;Pega CRM&#8221;<\/strong><br \/>\nLa mia esperienza complessiva con Pega \u00e8 stata meravigliosa.<br \/>\n<strong>Pro<\/strong>: le finestre di comunicazione sono fantastiche, la sicurezza di interagire con i reparti e di sincronizzarsi tra loro per fornire un processo decisionale pi\u00f9 significativo, completo e accurato prima di rispondere alla chiamata.<br \/>\n<strong>Contro<\/strong>: alcuni dati potrebbero presentare difetti umani, come errori grammaticali o vecchi aggiornamenti, che potrebbero non essere del tutto pertinenti allo stato attuale del chiamante o del cliente.<\/p>\n","protected":false},"excerpt":{"rendered":"<p>Pega CRM \u00e8 una soluzione di gestione delle relazioni con i clienti (CRM) di livello aziendale di Pegasystems che integra funzionalit\u00e0 di vendita, marketing e assistenza clienti in un&#8217;unica soluzione. Offre inoltre automazione end-to-end e funzionalit\u00e0 di intelligenza artificiale in tempo reale per ottenere insight sul coinvolgimento dei clienti.<\/p>\n","protected":false},"author":19,"featured_media":106194,"parent":5966,"menu_order":0,"comment_status":"open","ping_status":"closed","template":"g1_template_page_review_new.php","meta":{"_acf_changed":false,"cwp_meta_box_check":"Yes","cwp_rev_product_name":"","cwp_rev_product_image":"","wppr_links":[],"cwp_rev_price":"0.00","wppr_options":[{"name":"Usability","value":"0"},{"name":"Speed","value":"0"},{"name":"Features","value":"0"},{"name":"Support","value":"0"},{"name":"Pricing","value":"0"}],"wppr_pros":["","","","",""],"wppr_cons":["","","","",""],"_monsterinsights_skip_tracking":false,"_monsterinsights_sitenote_active":false,"_monsterinsights_sitenote_note":"","_monsterinsights_sitenote_category":0,"footnotes":""},"categories":[120],"tags":[1835,16867,4080,427,1837,1239],"features":[],"class_list":{"0":"post-106187","1":"page","2":"type-page","3":"status-publish","4":"has-post-thumbnail","6":"category-crm-it","7":"tag-crm-2-it","8":"tag-pega-crm","9":"tag-piattaforma-crm","10":"tag-programma-crm","11":"tag-software-crm-2-it","12":"tag-soluzione-crm"},"wppr_data":{"cwp_meta_box_check":"Yes","_wppr_review_template":"default","cwp_rev_product_image":"","cwp_image_link":"image","wppr_links":[],"cwp_rev_price":"0.00","wppr_pros":["","","","",""],"wppr_cons":["","","","",""],"wppr_rating":"0.00","wppr_options":{"1":{"name":"Usability","value":"0"},"2":{"name":"Speed","value":"0"},"3":{"name":"Features","value":"0"},"4":{"name":"Support","value":"0"},"5":{"name":"Pricing","value":"0"}},"wppr_review_type":"Product","wppr_review_custom_fields":{"additionalProperty":"","additionalType":"","aggregateRating":"","alternateName":"","audience":"","award":"","awards":"","brand":"","color":"","depth":"","description":"","disambiguatingDescription":"","gtin12":"","gtin13":"","gtin14":"","gtin8":"","height":"","identifier":"","image":"","isAccessoryOrSparePartFor":"","isConsumableFor":"","isRelatedTo":"","isSimilarTo":"","itemCondition":"","logo":"","mainEntityOfPage":"","manufacturer":"","material":"","model":"","mpn":"","name":"","offers":"","potentialAction":"","productID":"","productionDate":"","purchaseDate":"","releaseDate":"","review":"","reviews":"","sameAs":"","sku":"","slogan":"","subjectOf":"","url":"","weight":"","width":""}},"acf":[],"yoast_head":"<!-- This site is optimized with the Yoast SEO plugin v27.4 - https:\/\/yoast.com\/product\/yoast-seo-wordpress\/ -->\n<title>Pega CRM: recensione software CRM - Accurate Reviews<\/title>\n<meta name=\"description\" content=\"Pega CRM: recensione software CRM che integra funzionalit\u00e0 di vendita, marketing e assistenza clienti in un&#039;unica soluzione.\" \/>\n<meta name=\"robots\" content=\"index, follow, max-snippet:-1, max-image-preview:large, max-video-preview:-1\" \/>\n<link rel=\"canonical\" href=\"https:\/\/www.accuratereviews.com\/it\/crm-software-migliori-lista\/pega-crm-recensione\/\" \/>\n<meta property=\"og:locale\" content=\"it_IT\" \/>\n<meta property=\"og:type\" content=\"article\" \/>\n<meta property=\"og:title\" content=\"Pega CRM: recensione software CRM - Accurate Reviews\" \/>\n<meta property=\"og:description\" content=\"Pega CRM: recensione software CRM che integra funzionalit\u00e0 di vendita, marketing e assistenza clienti in un&#039;unica soluzione.\" \/>\n<meta property=\"og:url\" content=\"https:\/\/www.accuratereviews.com\/it\/crm-software-migliori-lista\/pega-crm-recensione\/\" \/>\n<meta property=\"og:site_name\" content=\"Accurate Reviews\" \/>\n<meta property=\"og:image\" content=\"https:\/\/www.accuratereviews.com\/wp-content\/uploads\/2026\/01\/pega-logo-vertical-prevcard.png\" \/>\n\t<meta property=\"og:image:width\" content=\"1024\" \/>\n\t<meta property=\"og:image:height\" content=\"576\" \/>\n\t<meta property=\"og:image:type\" content=\"image\/png\" \/>\n<meta name=\"twitter:card\" content=\"summary_large_image\" \/>\n<meta name=\"twitter:label1\" content=\"Tempo di lettura stimato\" \/>\n\t<meta name=\"twitter:data1\" content=\"6 minuti\" \/>\n<script type=\"application\/ld+json\" class=\"yoast-schema-graph\">{\"@context\":\"https:\\\/\\\/schema.org\",\"@graph\":[{\"@type\":\"WebPage\",\"@id\":\"https:\\\/\\\/www.accuratereviews.com\\\/it\\\/crm-software-migliori-lista\\\/pega-crm-recensione\\\/\",\"url\":\"https:\\\/\\\/www.accuratereviews.com\\\/it\\\/crm-software-migliori-lista\\\/pega-crm-recensione\\\/\",\"name\":\"Pega CRM: recensione software CRM - Accurate Reviews\",\"isPartOf\":{\"@id\":\"https:\\\/\\\/www.accuratereviews.com\\\/it\\\/#website\"},\"primaryImageOfPage\":{\"@id\":\"https:\\\/\\\/www.accuratereviews.com\\\/it\\\/crm-software-migliori-lista\\\/pega-crm-recensione\\\/#primaryimage\"},\"image\":{\"@id\":\"https:\\\/\\\/www.accuratereviews.com\\\/it\\\/crm-software-migliori-lista\\\/pega-crm-recensione\\\/#primaryimage\"},\"thumbnailUrl\":\"https:\\\/\\\/www.accuratereviews.com\\\/wp-content\\\/uploads\\\/2026\\\/01\\\/pega-logo-vertical-prevcard.png\",\"datePublished\":\"2026-01-13T19:37:35+00:00\",\"description\":\"Pega CRM: recensione software CRM che integra funzionalit\u00e0 di vendita, marketing e assistenza clienti in un'unica soluzione.\",\"breadcrumb\":{\"@id\":\"https:\\\/\\\/www.accuratereviews.com\\\/it\\\/crm-software-migliori-lista\\\/pega-crm-recensione\\\/#breadcrumb\"},\"inLanguage\":\"it-IT\",\"potentialAction\":[{\"@type\":\"ReadAction\",\"target\":[\"https:\\\/\\\/www.accuratereviews.com\\\/it\\\/crm-software-migliori-lista\\\/pega-crm-recensione\\\/\"]}]},{\"@type\":\"ImageObject\",\"inLanguage\":\"it-IT\",\"@id\":\"https:\\\/\\\/www.accuratereviews.com\\\/it\\\/crm-software-migliori-lista\\\/pega-crm-recensione\\\/#primaryimage\",\"url\":\"https:\\\/\\\/www.accuratereviews.com\\\/wp-content\\\/uploads\\\/2026\\\/01\\\/pega-logo-vertical-prevcard.png\",\"contentUrl\":\"https:\\\/\\\/www.accuratereviews.com\\\/wp-content\\\/uploads\\\/2026\\\/01\\\/pega-logo-vertical-prevcard.png\",\"width\":1024,\"height\":576},{\"@type\":\"BreadcrumbList\",\"@id\":\"https:\\\/\\\/www.accuratereviews.com\\\/it\\\/crm-software-migliori-lista\\\/pega-crm-recensione\\\/#breadcrumb\",\"itemListElement\":[{\"@type\":\"ListItem\",\"position\":1,\"name\":\"Home\",\"item\":\"https:\\\/\\\/www.accuratereviews.com\\\/it\\\/\"},{\"@type\":\"ListItem\",\"position\":2,\"name\":\"CRM: i software migliori\",\"item\":\"https:\\\/\\\/www.accuratereviews.com\\\/it\\\/crm-software-migliori-lista\\\/\"},{\"@type\":\"ListItem\",\"position\":3,\"name\":\"Pega CRM\"}]},{\"@type\":\"WebSite\",\"@id\":\"https:\\\/\\\/www.accuratereviews.com\\\/it\\\/#website\",\"url\":\"https:\\\/\\\/www.accuratereviews.com\\\/it\\\/\",\"name\":\"Accurate Reviews\",\"description\":\"\",\"potentialAction\":[{\"@type\":\"SearchAction\",\"target\":{\"@type\":\"EntryPoint\",\"urlTemplate\":\"https:\\\/\\\/www.accuratereviews.com\\\/it\\\/?s={search_term_string}\"},\"query-input\":{\"@type\":\"PropertyValueSpecification\",\"valueRequired\":true,\"valueName\":\"search_term_string\"}}],\"inLanguage\":\"it-IT\"}]}<\/script>\n<!-- \/ Yoast SEO plugin. -->","yoast_head_json":{"title":"Pega CRM: recensione software CRM - Accurate Reviews","description":"Pega CRM: recensione software CRM che integra funzionalit\u00e0 di vendita, marketing e assistenza clienti in un'unica soluzione.","robots":{"index":"index","follow":"follow","max-snippet":"max-snippet:-1","max-image-preview":"max-image-preview:large","max-video-preview":"max-video-preview:-1"},"canonical":"https:\/\/www.accuratereviews.com\/it\/crm-software-migliori-lista\/pega-crm-recensione\/","og_locale":"it_IT","og_type":"article","og_title":"Pega CRM: recensione software CRM - Accurate Reviews","og_description":"Pega CRM: recensione software CRM che integra funzionalit\u00e0 di vendita, marketing e assistenza clienti in un'unica soluzione.","og_url":"https:\/\/www.accuratereviews.com\/it\/crm-software-migliori-lista\/pega-crm-recensione\/","og_site_name":"Accurate Reviews","og_image":[{"width":1024,"height":576,"url":"https:\/\/www.accuratereviews.com\/wp-content\/uploads\/2026\/01\/pega-logo-vertical-prevcard.png","type":"image\/png"}],"twitter_card":"summary_large_image","twitter_misc":{"Tempo di lettura stimato":"6 minuti"},"schema":{"@context":"https:\/\/schema.org","@graph":[{"@type":"WebPage","@id":"https:\/\/www.accuratereviews.com\/it\/crm-software-migliori-lista\/pega-crm-recensione\/","url":"https:\/\/www.accuratereviews.com\/it\/crm-software-migliori-lista\/pega-crm-recensione\/","name":"Pega CRM: recensione software CRM - Accurate Reviews","isPartOf":{"@id":"https:\/\/www.accuratereviews.com\/it\/#website"},"primaryImageOfPage":{"@id":"https:\/\/www.accuratereviews.com\/it\/crm-software-migliori-lista\/pega-crm-recensione\/#primaryimage"},"image":{"@id":"https:\/\/www.accuratereviews.com\/it\/crm-software-migliori-lista\/pega-crm-recensione\/#primaryimage"},"thumbnailUrl":"https:\/\/www.accuratereviews.com\/wp-content\/uploads\/2026\/01\/pega-logo-vertical-prevcard.png","datePublished":"2026-01-13T19:37:35+00:00","description":"Pega CRM: recensione software CRM che integra funzionalit\u00e0 di vendita, marketing e assistenza clienti in un'unica soluzione.","breadcrumb":{"@id":"https:\/\/www.accuratereviews.com\/it\/crm-software-migliori-lista\/pega-crm-recensione\/#breadcrumb"},"inLanguage":"it-IT","potentialAction":[{"@type":"ReadAction","target":["https:\/\/www.accuratereviews.com\/it\/crm-software-migliori-lista\/pega-crm-recensione\/"]}]},{"@type":"ImageObject","inLanguage":"it-IT","@id":"https:\/\/www.accuratereviews.com\/it\/crm-software-migliori-lista\/pega-crm-recensione\/#primaryimage","url":"https:\/\/www.accuratereviews.com\/wp-content\/uploads\/2026\/01\/pega-logo-vertical-prevcard.png","contentUrl":"https:\/\/www.accuratereviews.com\/wp-content\/uploads\/2026\/01\/pega-logo-vertical-prevcard.png","width":1024,"height":576},{"@type":"BreadcrumbList","@id":"https:\/\/www.accuratereviews.com\/it\/crm-software-migliori-lista\/pega-crm-recensione\/#breadcrumb","itemListElement":[{"@type":"ListItem","position":1,"name":"Home","item":"https:\/\/www.accuratereviews.com\/it\/"},{"@type":"ListItem","position":2,"name":"CRM: i software migliori","item":"https:\/\/www.accuratereviews.com\/it\/crm-software-migliori-lista\/"},{"@type":"ListItem","position":3,"name":"Pega CRM"}]},{"@type":"WebSite","@id":"https:\/\/www.accuratereviews.com\/it\/#website","url":"https:\/\/www.accuratereviews.com\/it\/","name":"Accurate Reviews","description":"","potentialAction":[{"@type":"SearchAction","target":{"@type":"EntryPoint","urlTemplate":"https:\/\/www.accuratereviews.com\/it\/?s={search_term_string}"},"query-input":{"@type":"PropertyValueSpecification","valueRequired":true,"valueName":"search_term_string"}}],"inLanguage":"it-IT"}]}},"_links":{"self":[{"href":"https:\/\/www.accuratereviews.com\/it\/wp-json\/wp\/v2\/pages\/106187","targetHints":{"allow":["GET"]}}],"collection":[{"href":"https:\/\/www.accuratereviews.com\/it\/wp-json\/wp\/v2\/pages"}],"about":[{"href":"https:\/\/www.accuratereviews.com\/it\/wp-json\/wp\/v2\/types\/page"}],"author":[{"embeddable":true,"href":"https:\/\/www.accuratereviews.com\/it\/wp-json\/wp\/v2\/users\/19"}],"replies":[{"embeddable":true,"href":"https:\/\/www.accuratereviews.com\/it\/wp-json\/wp\/v2\/comments?post=106187"}],"version-history":[{"count":7,"href":"https:\/\/www.accuratereviews.com\/it\/wp-json\/wp\/v2\/pages\/106187\/revisions"}],"predecessor-version":[{"id":106213,"href":"https:\/\/www.accuratereviews.com\/it\/wp-json\/wp\/v2\/pages\/106187\/revisions\/106213"}],"up":[{"embeddable":true,"href":"https:\/\/www.accuratereviews.com\/it\/wp-json\/wp\/v2\/pages\/5966"}],"wp:featuredmedia":[{"embeddable":true,"href":"https:\/\/www.accuratereviews.com\/it\/wp-json\/wp\/v2\/media\/106194"}],"wp:attachment":[{"href":"https:\/\/www.accuratereviews.com\/it\/wp-json\/wp\/v2\/media?parent=106187"}],"wp:term":[{"taxonomy":"category","embeddable":true,"href":"https:\/\/www.accuratereviews.com\/it\/wp-json\/wp\/v2\/categories?post=106187"},{"taxonomy":"post_tag","embeddable":true,"href":"https:\/\/www.accuratereviews.com\/it\/wp-json\/wp\/v2\/tags?post=106187"},{"taxonomy":"features","embeddable":true,"href":"https:\/\/www.accuratereviews.com\/it\/wp-json\/wp\/v2\/features?post=106187"}],"curies":[{"name":"wp","href":"https:\/\/api.w.org\/{rel}","templated":true}]}}