{"id":106214,"date":"2026-01-19T18:58:48","date_gmt":"2026-01-19T18:58:48","guid":{"rendered":"https:\/\/www.accuratereviews.com\/?page_id=106214"},"modified":"2026-01-19T18:58:48","modified_gmt":"2026-01-19T18:58:48","slug":"espocrm-recensione","status":"publish","type":"page","link":"https:\/\/www.accuratereviews.com\/it\/crm-software-migliori-lista\/espocrm-recensione\/","title":{"rendered":"EspoCRM"},"content":{"rendered":"<p><strong>EspoCRM<\/strong> \u00e8 una <strong>soluzione di gestione delle relazioni<\/strong> con i clienti che aiuta le aziende a migliorare i processi aziendali e i rapporti con i clienti. La piattaforma consente agli utenti di analizzare in modo efficiente le azioni e il comportamento dei clienti per migliorare l&#8217;efficienza di servizi, prodotti e processi e soddisfare i criteri di progetti specifici, requisiti degli utenti e domanda del mercato.<br \/>\nDotato di un&#8217;interfaccia interattiva, <strong>EspoCRM<\/strong> permette ai professionisti del marketing di integrare applicazioni di terze parti per semplificare i processi esistenti e aiutare gli utenti a individuare migliori opportunit\u00e0 di crescita e ad analizzare obiettivi aziendali, dipendenti e progetti. La piattaforma, inoltre, consente agli amministratori di monitorare le attivit\u00e0 dei consumatori e di ottenere informazioni sulle opportunit\u00e0 di miglioramento. Fornisce anche informazioni per ottimizzare prodotti e servizi, stabilire relazioni efficaci con i clienti e aumentare i ricavi.<\/p>\n<h2>ESPOCRM &#8211; TUTORIAL<\/h2>\n<div id=\"fluid-wrapper-counter-1\" class=\"g1-fluid-wrapper \" style=\"width:686px;\">\n<div style=\"padding-bottom:56.268221574344%;\"><iframe loading=\"lazy\" title=\"Workflow in EspoCRM | Powerful Automation in your Business\" width=\"686\" height=\"386\" src=\"https:\/\/www.youtube.com\/embed\/7MeccVSG6DU?feature=oembed&amp;wmode=transparent&amp;autohide=1&amp;autoplay=0&amp;disablekb=0&amp;fs=1&amp;loop=0&amp;enablejsapi=1&amp;rel=0&amp;controls=2&amp;showinfo=0&amp;wmode=transparent&amp;autohide=2&amp;autoplay=0&amp;disablekb=0&amp;fs=1&amp;loop=0&amp;enablejsapi=1&amp;rel=0&amp;controls=2&amp;showinfo=1\" frameborder=\"0\" allow=\"accelerometer; autoplay; clipboard-write; encrypted-media; gyroscope; picture-in-picture; web-share\" referrerpolicy=\"strict-origin-when-cross-origin\" allowfullscreen><\/iframe><\/div>\n<\/div>\n<h3>ESPOCRM &#8211; CARATTERISTICHE<\/h3>\n<ul>\n<li><strong>Lead<\/strong> \u00b7 I tuoi potenziali clienti<\/li>\n<li><strong>Opportunit\u00e0<\/strong> \u00b7 Potenziali accordi di vendita<\/li>\n<li><strong>Contatti<\/strong> \u00b7 Persone con cui collabora la tua azienda<\/li>\n<li><strong>Calendario dell&#8217;orario di lavoro<\/strong> \u00b7 Gestione degli orari di lavoro<\/li>\n<li><strong>Pianificatore di riunioni<\/strong> \u00b7 Prenotazione online automatica<\/li>\n<li><strong>Account di posta elettronica<\/strong> \u00b7 Email recuperate dalle caselle di posta<\/li>\n<li><strong>Invio di email<\/strong> \u00b7 Composizione e invio di email dal CRM<\/li>\n<li><strong>Modelli di email<\/strong> \u00b7 Creazione e organizzazione di email riutilizzabili<\/li>\n<li><strong>Email di massa<\/strong> \u00b7 Invia email in formato bul<\/li>\n<li><strong>Stream<\/strong> \u00b7 Un feed che ti tiene informato sulle modifiche e gli aggiornamenti dei record<\/li>\n<li><strong>Risoluzione problemi<\/strong> \u00b7 Monitoraggio e gestione dei problemi dei clienti<\/li>\n<li><strong>Portale<\/strong> \u00b7 Punto di accesso per i tuoi clienti<\/li>\n<li><strong>Knowledge base<\/strong> \u00b7 Centro assistenza per clienti e personale<\/li>\n<li><strong>Documenti<\/strong> \u00b7 Caricamento e organizzazione di documenti all&#8217;interno dei record del CRM<\/li>\n<li><strong>Web-to-Lead<\/strong> \u00b7 Acquisizione di lead tramite moduli web o API<\/li>\n<li><strong>Campagne<\/strong> \u00b7 Email di massa, stampa unione e altro ancora<\/li>\n<li><strong>Gestore entit\u00e0<\/strong> \u00b7 Creazione di entit\u00e0, campi e relazioni personalizzati<\/li>\n<li><strong>Logica dinamica<\/strong> \u00b7 Definizione di regole per rendere dinamici i moduli<\/li>\n<li><strong>Formula<\/strong> \u00b7 Scrittura Script per calcolare campi o eseguire azioni<\/li>\n<li><strong>Estensioni<\/strong> \u00b7 Installa componenti aggiuntivi per espandere il tuo CRM<\/li>\n<li><strong>Ruoli<\/strong> \u00b7 Controllo degli accessi per utenti e team<\/li>\n<li><strong>Importa<\/strong> \u00b7 Importa dati da fonti esterne<\/li>\n<li><strong>Stampa in PDF<\/strong> \u00b7 Genera documenti con dati di record<\/li>\n<li><strong>Esporta<\/strong> \u00b7 Estrai i tuoi dati in un foglio di calcolo o CSV<\/li>\n<li><strong>Gestione dei processi aziendali<\/strong> \u00b7 Modella e automatizza processi aziendali di qualsiasi complessit\u00e0Flussi di lavoro \u00b7 Imposta semplici regole di automazione<\/li>\n<li><strong>Report<\/strong> \u00b7 Visualizza informazioni consolidate sulla tua attivit\u00e0<\/li>\n<li><strong>Integrazione VoIP<\/strong> \u00b7 Collega il tuo CRM con 3CX PBX, Twilio, Asterisk e altro ancora<\/li>\n<\/ul>\n<h4>LE RECENSIONI DEGLI UTENTI<\/h4>\n<p><strong>Nurul Salimah &#8220;Complimenti a EspoCRM&#8221;<\/strong><br \/>\nLa sua caratteristica \u00e8 applicabile a quasi tutti i tipi di attivit\u00e0. Adoro tutte le funzionalit\u00e0 e sono molto soddisfatto di quasi tutto ci\u00f2 che ne deriva.<br \/>\n<strong>Pro<\/strong>: fino al pi\u00f9 piccolo dei suoi componenti. La creazione di nuovi moduli e la loro incorporazione nel sistema avviene abbastanza velocemente. La presenza di documentazione e di un forum \u00e8 di enorme aiuto in questo senso. Da quando ho iniziato a utilizzare EspoCRM non molto tempo dopo il suo primo rilascio, non mi sono mai avvicinato a nessuno dei suoi limiti. La versione cloud, amministrata da EspoCRM e che offre lo stesso grado di flessibilit\u00e0, \u00e8 disponibile anche per chi non dispone di una propria infrastruttura.<br \/>\n<strong>Contro<\/strong>: la documentazione, in particolare nella maggior parte dei luoghi, \u00e8 molto condensata. C&#8217;\u00e8 una significativa necessit\u00e0 di documentazione sull&#8217;architettura tecnologica. Poich\u00e9 la documentazione \u00e8 cos\u00ec completa, sono state sollevate preoccupazioni sull&#8217;auto-manutenzione del codice. Per dirla pi\u00f9 semplicemente, la documentazione manca di esempi chiari, in particolare quando si tratta di formule e di comprensione della struttura. Ho cercato ovunque, ma non sono riuscito a trovare un Wireframe.<\/p>\n<p><strong>Jerry &#8220;Sistema CRM efficace per varie attivit\u00e0&#8221;<\/strong><br \/>\nUna piattaforma funzionale e valida per implementare il marketing e la gestione dei lead. Il servizio pu\u00f2 gestire molti processi aziendali. Lo utilizziamo attivamente per la gestione dei contatti e le newsletter.<br \/>\n<strong>Pro<\/strong>: un&#8217;ampia selezione di funzionalit\u00e0 per varie attivit\u00e0, un piano di prova gratuito, un forum attivo e la disponibilit\u00e0 di estensioni.<br \/>\n<strong>Contro<\/strong>: non sono stati riscontrati difetti evidenti durante l&#8217;utilizzo. Sarebbe utile aggiungere ulteriori integrazioni con i servizi pi\u00f9 diffusi.<\/p>\n<p><strong>Claude &#8220;Il miglior CRM Open Source che abbia mai visto&#8221;<\/strong><br \/>\nIl migliore finora. Ho lasciato SugarCRM, SuiteCRM e Vtiger.<br \/>\n<strong>Pro<\/strong>: un database operativo completo e molto potente, il cui obiettivo principale sono le relazioni con i clienti, pu\u00f2 essere facilmente personalizzato per gestire quasi ogni tipo di dato.<br \/>\n<strong>Contro<\/strong>: gli aggiornamenti a volte sono difficili da eseguire, richiedono un comando di riga<\/p>\n","protected":false},"excerpt":{"rendered":"<p>EspoCRM \u00e8 una soluzione di gestione delle relazioni con i clienti che aiuta le aziende a migliorare i processi aziendali e le relazioni con i clienti. La piattaforma consente agli utenti di analizzare in modo efficiente le azioni e il comportamento dei clienti per migliorare l&#8217;efficienza di servizi, prodotti e processi e soddisfare i criteri di progetti specifici, requisiti degli utenti e domanda del mercato.<\/p>\n","protected":false},"author":19,"featured_media":106216,"parent":5966,"menu_order":0,"comment_status":"open","ping_status":"closed","template":"g1_template_page_review_new.php","meta":{"_acf_changed":false,"cwp_meta_box_check":"Yes","cwp_rev_product_name":"","cwp_rev_product_image":"","wppr_links":[],"cwp_rev_price":"0.00","wppr_options":[{"name":"Usability","value":"0"},{"name":"Speed","value":"0"},{"name":"Features","value":"0"},{"name":"Support","value":"0"},{"name":"Pricing","value":"0"}],"wppr_pros":["","","","",""],"wppr_cons":["","","","",""],"_monsterinsights_skip_tracking":false,"_monsterinsights_sitenote_active":false,"_monsterinsights_sitenote_note":"","_monsterinsights_sitenote_category":0,"footnotes":""},"categories":[120],"tags":[1835,16868,4080,427,1837,1239],"features":[],"class_list":{"0":"post-106214","1":"page","2":"type-page","3":"status-publish","4":"has-post-thumbnail","6":"category-crm-it","7":"tag-crm-2-it","8":"tag-espocrm","9":"tag-piattaforma-crm","10":"tag-programma-crm","11":"tag-software-crm-2-it","12":"tag-soluzione-crm"},"wppr_data":{"cwp_meta_box_check":"Yes","_wppr_review_template":"default","cwp_rev_product_image":"","cwp_image_link":"image","wppr_links":[],"cwp_rev_price":"0.00","wppr_pros":["","","","",""],"wppr_cons":["","","","",""],"wppr_rating":"0.00","wppr_options":{"1":{"name":"Usability","value":"0"},"2":{"name":"Speed","value":"0"},"3":{"name":"Features","value":"0"},"4":{"name":"Support","value":"0"},"5":{"name":"Pricing","value":"0"}},"wppr_review_type":"Product","wppr_review_custom_fields":{"additionalProperty":"","additionalType":"","aggregateRating":"","alternateName":"","audience":"","award":"","awards":"","brand":"","color":"","depth":"","description":"","disambiguatingDescription":"","gtin12":"","gtin13":"","gtin14":"","gtin8":"","height":"","identifier":"","image":"","isAccessoryOrSparePartFor":"","isConsumableFor":"","isRelatedTo":"","isSimilarTo":"","itemCondition":"","logo":"","mainEntityOfPage":"","manufacturer":"","material":"","model":"","mpn":"","name":"","offers":"","potentialAction":"","productID":"","productionDate":"","purchaseDate":"","releaseDate":"","review":"","reviews":"","sameAs":"","sku":"","slogan":"","subjectOf":"","url":"","weight":"","width":""}},"acf":[],"yoast_head":"<!-- This site is optimized with the Yoast SEO plugin v27.4 - https:\/\/yoast.com\/product\/yoast-seo-wordpress\/ -->\n<title>EspoCRM: recensione software CRM - Accurate Reviews<\/title>\n<meta name=\"description\" content=\"EspoCRM: recensione software CRM per la gestione delle relazioni con i clienti che aiuta la migliorare i processi aziendali.\" \/>\n<meta name=\"robots\" content=\"index, follow, max-snippet:-1, max-image-preview:large, max-video-preview:-1\" \/>\n<link rel=\"canonical\" href=\"https:\/\/www.accuratereviews.com\/it\/crm-software-migliori-lista\/espocrm-recensione\/\" \/>\n<meta property=\"og:locale\" content=\"it_IT\" \/>\n<meta property=\"og:type\" content=\"article\" \/>\n<meta property=\"og:title\" content=\"EspoCRM: recensione software CRM - Accurate Reviews\" \/>\n<meta property=\"og:description\" content=\"EspoCRM: recensione software CRM per la gestione delle relazioni con i clienti che aiuta la migliorare i processi aziendali.\" \/>\n<meta property=\"og:url\" content=\"https:\/\/www.accuratereviews.com\/it\/crm-software-migliori-lista\/espocrm-recensione\/\" \/>\n<meta property=\"og:site_name\" content=\"Accurate Reviews\" \/>\n<meta property=\"og:image\" content=\"https:\/\/www.accuratereviews.com\/wp-content\/uploads\/2026\/01\/espo.png\" \/>\n\t<meta property=\"og:image:width\" content=\"400\" \/>\n\t<meta property=\"og:image:height\" content=\"400\" \/>\n\t<meta property=\"og:image:type\" content=\"image\/png\" \/>\n<meta name=\"twitter:card\" content=\"summary_large_image\" \/>\n<meta name=\"twitter:label1\" content=\"Tempo di lettura stimato\" \/>\n\t<meta name=\"twitter:data1\" content=\"5 minuti\" \/>\n<script type=\"application\/ld+json\" class=\"yoast-schema-graph\">{\"@context\":\"https:\\\/\\\/schema.org\",\"@graph\":[{\"@type\":\"WebPage\",\"@id\":\"https:\\\/\\\/www.accuratereviews.com\\\/it\\\/crm-software-migliori-lista\\\/espocrm-recensione\\\/\",\"url\":\"https:\\\/\\\/www.accuratereviews.com\\\/it\\\/crm-software-migliori-lista\\\/espocrm-recensione\\\/\",\"name\":\"EspoCRM: recensione software CRM - Accurate Reviews\",\"isPartOf\":{\"@id\":\"https:\\\/\\\/www.accuratereviews.com\\\/it\\\/#website\"},\"primaryImageOfPage\":{\"@id\":\"https:\\\/\\\/www.accuratereviews.com\\\/it\\\/crm-software-migliori-lista\\\/espocrm-recensione\\\/#primaryimage\"},\"image\":{\"@id\":\"https:\\\/\\\/www.accuratereviews.com\\\/it\\\/crm-software-migliori-lista\\\/espocrm-recensione\\\/#primaryimage\"},\"thumbnailUrl\":\"https:\\\/\\\/www.accuratereviews.com\\\/wp-content\\\/uploads\\\/2026\\\/01\\\/espo.png\",\"datePublished\":\"2026-01-19T18:58:48+00:00\",\"description\":\"EspoCRM: recensione software CRM per la gestione delle relazioni con i clienti che aiuta la migliorare i processi aziendali.\",\"breadcrumb\":{\"@id\":\"https:\\\/\\\/www.accuratereviews.com\\\/it\\\/crm-software-migliori-lista\\\/espocrm-recensione\\\/#breadcrumb\"},\"inLanguage\":\"it-IT\",\"potentialAction\":[{\"@type\":\"ReadAction\",\"target\":[\"https:\\\/\\\/www.accuratereviews.com\\\/it\\\/crm-software-migliori-lista\\\/espocrm-recensione\\\/\"]}]},{\"@type\":\"ImageObject\",\"inLanguage\":\"it-IT\",\"@id\":\"https:\\\/\\\/www.accuratereviews.com\\\/it\\\/crm-software-migliori-lista\\\/espocrm-recensione\\\/#primaryimage\",\"url\":\"https:\\\/\\\/www.accuratereviews.com\\\/wp-content\\\/uploads\\\/2026\\\/01\\\/espo.png\",\"contentUrl\":\"https:\\\/\\\/www.accuratereviews.com\\\/wp-content\\\/uploads\\\/2026\\\/01\\\/espo.png\",\"width\":400,\"height\":400},{\"@type\":\"BreadcrumbList\",\"@id\":\"https:\\\/\\\/www.accuratereviews.com\\\/it\\\/crm-software-migliori-lista\\\/espocrm-recensione\\\/#breadcrumb\",\"itemListElement\":[{\"@type\":\"ListItem\",\"position\":1,\"name\":\"Home\",\"item\":\"https:\\\/\\\/www.accuratereviews.com\\\/it\\\/\"},{\"@type\":\"ListItem\",\"position\":2,\"name\":\"CRM: i software migliori\",\"item\":\"https:\\\/\\\/www.accuratereviews.com\\\/it\\\/crm-software-migliori-lista\\\/\"},{\"@type\":\"ListItem\",\"position\":3,\"name\":\"EspoCRM\"}]},{\"@type\":\"WebSite\",\"@id\":\"https:\\\/\\\/www.accuratereviews.com\\\/it\\\/#website\",\"url\":\"https:\\\/\\\/www.accuratereviews.com\\\/it\\\/\",\"name\":\"Accurate Reviews\",\"description\":\"\",\"potentialAction\":[{\"@type\":\"SearchAction\",\"target\":{\"@type\":\"EntryPoint\",\"urlTemplate\":\"https:\\\/\\\/www.accuratereviews.com\\\/it\\\/?s={search_term_string}\"},\"query-input\":{\"@type\":\"PropertyValueSpecification\",\"valueRequired\":true,\"valueName\":\"search_term_string\"}}],\"inLanguage\":\"it-IT\"}]}<\/script>\n<!-- \/ Yoast SEO plugin. -->","yoast_head_json":{"title":"EspoCRM: recensione software CRM - Accurate Reviews","description":"EspoCRM: recensione software CRM per la gestione delle relazioni con i clienti che aiuta la migliorare i processi aziendali.","robots":{"index":"index","follow":"follow","max-snippet":"max-snippet:-1","max-image-preview":"max-image-preview:large","max-video-preview":"max-video-preview:-1"},"canonical":"https:\/\/www.accuratereviews.com\/it\/crm-software-migliori-lista\/espocrm-recensione\/","og_locale":"it_IT","og_type":"article","og_title":"EspoCRM: recensione software CRM - Accurate Reviews","og_description":"EspoCRM: recensione software CRM per la gestione delle relazioni con i clienti che aiuta la migliorare i processi aziendali.","og_url":"https:\/\/www.accuratereviews.com\/it\/crm-software-migliori-lista\/espocrm-recensione\/","og_site_name":"Accurate Reviews","og_image":[{"width":400,"height":400,"url":"https:\/\/www.accuratereviews.com\/wp-content\/uploads\/2026\/01\/espo.png","type":"image\/png"}],"twitter_card":"summary_large_image","twitter_misc":{"Tempo di lettura stimato":"5 minuti"},"schema":{"@context":"https:\/\/schema.org","@graph":[{"@type":"WebPage","@id":"https:\/\/www.accuratereviews.com\/it\/crm-software-migliori-lista\/espocrm-recensione\/","url":"https:\/\/www.accuratereviews.com\/it\/crm-software-migliori-lista\/espocrm-recensione\/","name":"EspoCRM: recensione software CRM - Accurate Reviews","isPartOf":{"@id":"https:\/\/www.accuratereviews.com\/it\/#website"},"primaryImageOfPage":{"@id":"https:\/\/www.accuratereviews.com\/it\/crm-software-migliori-lista\/espocrm-recensione\/#primaryimage"},"image":{"@id":"https:\/\/www.accuratereviews.com\/it\/crm-software-migliori-lista\/espocrm-recensione\/#primaryimage"},"thumbnailUrl":"https:\/\/www.accuratereviews.com\/wp-content\/uploads\/2026\/01\/espo.png","datePublished":"2026-01-19T18:58:48+00:00","description":"EspoCRM: recensione software CRM per la gestione delle relazioni con i clienti che aiuta la migliorare i processi aziendali.","breadcrumb":{"@id":"https:\/\/www.accuratereviews.com\/it\/crm-software-migliori-lista\/espocrm-recensione\/#breadcrumb"},"inLanguage":"it-IT","potentialAction":[{"@type":"ReadAction","target":["https:\/\/www.accuratereviews.com\/it\/crm-software-migliori-lista\/espocrm-recensione\/"]}]},{"@type":"ImageObject","inLanguage":"it-IT","@id":"https:\/\/www.accuratereviews.com\/it\/crm-software-migliori-lista\/espocrm-recensione\/#primaryimage","url":"https:\/\/www.accuratereviews.com\/wp-content\/uploads\/2026\/01\/espo.png","contentUrl":"https:\/\/www.accuratereviews.com\/wp-content\/uploads\/2026\/01\/espo.png","width":400,"height":400},{"@type":"BreadcrumbList","@id":"https:\/\/www.accuratereviews.com\/it\/crm-software-migliori-lista\/espocrm-recensione\/#breadcrumb","itemListElement":[{"@type":"ListItem","position":1,"name":"Home","item":"https:\/\/www.accuratereviews.com\/it\/"},{"@type":"ListItem","position":2,"name":"CRM: i software migliori","item":"https:\/\/www.accuratereviews.com\/it\/crm-software-migliori-lista\/"},{"@type":"ListItem","position":3,"name":"EspoCRM"}]},{"@type":"WebSite","@id":"https:\/\/www.accuratereviews.com\/it\/#website","url":"https:\/\/www.accuratereviews.com\/it\/","name":"Accurate Reviews","description":"","potentialAction":[{"@type":"SearchAction","target":{"@type":"EntryPoint","urlTemplate":"https:\/\/www.accuratereviews.com\/it\/?s={search_term_string}"},"query-input":{"@type":"PropertyValueSpecification","valueRequired":true,"valueName":"search_term_string"}}],"inLanguage":"it-IT"}]}},"_links":{"self":[{"href":"https:\/\/www.accuratereviews.com\/it\/wp-json\/wp\/v2\/pages\/106214","targetHints":{"allow":["GET"]}}],"collection":[{"href":"https:\/\/www.accuratereviews.com\/it\/wp-json\/wp\/v2\/pages"}],"about":[{"href":"https:\/\/www.accuratereviews.com\/it\/wp-json\/wp\/v2\/types\/page"}],"author":[{"embeddable":true,"href":"https:\/\/www.accuratereviews.com\/it\/wp-json\/wp\/v2\/users\/19"}],"replies":[{"embeddable":true,"href":"https:\/\/www.accuratereviews.com\/it\/wp-json\/wp\/v2\/comments?post=106214"}],"version-history":[{"count":6,"href":"https:\/\/www.accuratereviews.com\/it\/wp-json\/wp\/v2\/pages\/106214\/revisions"}],"predecessor-version":[{"id":106287,"href":"https:\/\/www.accuratereviews.com\/it\/wp-json\/wp\/v2\/pages\/106214\/revisions\/106287"}],"up":[{"embeddable":true,"href":"https:\/\/www.accuratereviews.com\/it\/wp-json\/wp\/v2\/pages\/5966"}],"wp:featuredmedia":[{"embeddable":true,"href":"https:\/\/www.accuratereviews.com\/it\/wp-json\/wp\/v2\/media\/106216"}],"wp:attachment":[{"href":"https:\/\/www.accuratereviews.com\/it\/wp-json\/wp\/v2\/media?parent=106214"}],"wp:term":[{"taxonomy":"category","embeddable":true,"href":"https:\/\/www.accuratereviews.com\/it\/wp-json\/wp\/v2\/categories?post=106214"},{"taxonomy":"post_tag","embeddable":true,"href":"https:\/\/www.accuratereviews.com\/it\/wp-json\/wp\/v2\/tags?post=106214"},{"taxonomy":"features","embeddable":true,"href":"https:\/\/www.accuratereviews.com\/it\/wp-json\/wp\/v2\/features?post=106214"}],"curies":[{"name":"wp","href":"https:\/\/api.w.org\/{rel}","templated":true}]}}