{"id":106235,"date":"2026-01-16T16:30:31","date_gmt":"2026-01-16T16:30:31","guid":{"rendered":"https:\/\/www.accuratereviews.com\/?page_id=106235"},"modified":"2026-01-19T10:21:32","modified_gmt":"2026-01-19T10:21:32","slug":"skynamo-recensione","status":"publish","type":"page","link":"https:\/\/www.accuratereviews.com\/it\/crm-software-migliori-lista\/skynamo-recensione\/","title":{"rendered":"Skynamo"},"content":{"rendered":"<p><strong>Skynamo<\/strong> \u00e8 una <strong>piattaforma di vendita sul campo<\/strong> completa e ottimizzata per dispositivi mobili che consente ai team sul campo di acquisire facilmente ordini e accedere a informazioni accurate su prodotti e prezzi da qualsiasi luogo e in qualsiasi momento. Con il programma, manager e titolari di aziende hanno visibilit\u00e0 su preziose attivit\u00e0 di vendita e insight aziendali in tempo reale. Il management pu\u00f2 ottenere informazioni su dove i rappresentanti trascorrono il loro tempo, quali ostacoli si incontrano sul campo, in modo da poterli superare, e cosa porta al successo sul campo, in modo da poterlo condividere con l&#8217;intero team.<\/p>\n<h2>SKYNAMO &#8211; TUTORIAL<\/h2>\n<div id=\"fluid-wrapper-counter-1\" class=\"g1-fluid-wrapper \" style=\"width:686px;\">\n<div style=\"padding-bottom:56.268221574344%;\"><iframe loading=\"lazy\" title=\"Hello, Skynamo!\" width=\"686\" height=\"386\" src=\"https:\/\/www.youtube.com\/embed\/N_HkX2UBPA0?feature=oembed&amp;wmode=transparent&amp;autohide=1&amp;autoplay=0&amp;disablekb=0&amp;fs=1&amp;loop=0&amp;enablejsapi=1&amp;rel=0&amp;controls=2&amp;showinfo=0&amp;wmode=transparent&amp;autohide=2&amp;autoplay=0&amp;disablekb=0&amp;fs=1&amp;loop=0&amp;enablejsapi=1&amp;rel=0&amp;controls=2&amp;showinfo=1\" frameborder=\"0\" allow=\"accelerometer; autoplay; clipboard-write; encrypted-media; gyroscope; picture-in-picture; web-share\" referrerpolicy=\"strict-origin-when-cross-origin\" allowfullscreen><\/iframe><\/div>\n<\/div>\n<h3>SKYNAMO &#8211; CARATTERISTICHE<\/h3>\n<ul class=\"KsbFXc U6u95\" data-complete=\"true\" data-processed=\"true\">\n<li data-hveid=\"CAYQAA\" data-complete=\"true\" data-sae=\"\"><strong>Visibilit\u00e0 della posizione dei clienti:<\/strong> localizza facilmente i tuoi clienti in base alla tua posizione, cos\u00ec puoi pianificare meglio la tua giornata e ottimizzare i percorsi di viaggio.<\/li>\n<li data-hveid=\"CAYQAA\" data-complete=\"true\" data-sae=\"\"><strong>Gestione delle attivit\u00e0:<\/strong> vedi quali clienti sono in ritardo per una visita. Assegna attivit\u00e0 ai rappresentanti o lascia che se ne occupino loro stessi per garantire che le visite dei clienti non vengano perse.<\/li>\n<li data-hveid=\"CAYQAA\" data-complete=\"true\" data-sae=\"\"><strong>Acquisisci ordini in loco<\/strong>: aumenta la precisione e i tempi di evasione degli ordini. I rappresentanti possono accedere alle informazioni pi\u00f9 recenti su prodotti, prezzi e inventario e inviare ordini in loco, anche offline.<\/li>\n<li data-hveid=\"CAYQAA\" data-complete=\"true\" data-sae=\"\"><strong>Catalogo prodotti digitale<\/strong>: i rappresentanti possono condividere informazioni e disponibilit\u00e0 dei prodotti tramite un catalogo prodotti digitale a colori sul proprio dispositivo mobile.<\/li>\n<li data-hveid=\"CAYQAA\" data-complete=\"true\" data-sae=\"\"><strong>Cronologia delle interazioni con i clienti<\/strong>: i rappresentanti possono avere una conoscenza completa di tutta la cronologia dei clienti, anche su account cliente ereditati, in modo da poter sempre riprendere la conversazione da dove l&#8217;avevano interrotta.<\/li>\n<li data-hveid=\"CAYQAA\" data-complete=\"true\" data-sae=\"\"><strong>Moduli personalizzabili<\/strong>: acquisisci facilmente tutte le informazioni necessarie durante le visite dei clienti con moduli di visita personalizzabili, ad esempio audit, sondaggi clienti e scorecard.<\/li>\n<li data-hveid=\"CAYQAA\" data-complete=\"true\" data-sae=\"\"><strong>Dati in tempo reale a portata di mano<\/strong>: informazioni sui clienti obsolete? Non sotto la nostra supervisione. Fornisce dati sui clienti aggiornati e in tempo reale direttamente sul tuo dispositivo mobile.<\/li>\n<li data-hveid=\"CAYQAA\" data-complete=\"true\" data-sae=\"\"><strong>Pianificazione intelligente e ordini da dispositivo mobile<\/strong>: con la soluzione gestire la tua giornata non \u00e8 mai stato cos\u00ec facile. I nostri strumenti di pianificazione integrati ti consentono di fissare appuntamenti, monitorare le riunioni imminenti e persino ricevere promemoria per i follow-up.<\/li>\n<li data-hveid=\"CAYQAA\" data-complete=\"true\" data-sae=\"\"><strong>Monitoraggio e reporting delle vendite semplificati:<\/strong> i manager spesso faticano ad avere visibilit\u00e0 sulle attivit\u00e0 sul campo del loro team. Grazie ai report in tempo reale, i manager possono vedere esattamente cosa stanno facendo i loro rappresentanti, dove si trovano e come i loro sforzi si stanno traducendo in vendite.<\/li>\n<\/ul>\n<h4>LE RECENSIONI DEGLI UTENTI<\/h4>\n<p><strong>Derryn &#8220;Ottima fattura e sempre disponibile ad aiutare&#8221;<\/strong><br \/>\n<strong>Pro<\/strong>: una volta creata le dashboard personalizzate, diventa facile navigare e creare report dalla Insights Dash. Facilit\u00e0 d&#8217;uso per quanto riguarda filtri e cronologie.<br \/>\n<strong>Contro<\/strong>: personalizzazione limitata nei termini di layout dell&#8217;app. Sarebbe fantastico rendere l&#8217;applicazione pi\u00f9 immediata, evidenziando facilmente cosa devono fare i rappresentanti in termini di (mostrare tutti i punti vendita che devono essere visitati quel giorno e spuntarli tutti man mano che passa la giornata)<\/p>\n<p><strong>Gabor &#8220;Eccellente, gratificante, innovativo, ben strutturato.&#8221;<\/strong><br \/>\n<strong>Pro<\/strong>: il supporto post-vendita \u00e8 di prim&#8217;ordine, facilit\u00e0 e semplicit\u00e0 di funzionalit\u00e0 del sistema, tecnologia allineata ai comportamenti desiderati dei rappresentanti di vendita, struttura del database semplice e facile da mantenere, funzioni aggiunte per ulteriori opportunit\u00e0 di guadagno. Apertura del team Skynamo nel trovare costantemente modi per rendere il sistema ancora pi\u00f9 facile da usare e dinamico.<br \/>\n<strong>Contro<\/strong>: alcuni rapporti di base, ma si trattava in gran parte di una questione interna. Quando il reporting CRM verr\u00e0 aperto, questo prodotto competer\u00e0 su scala globale e aggiunger\u00e0 sostanzialmente pi\u00f9 valore alle aziende.<\/p>\n<p><strong>Marino &#8220;Inizialmente sono entusiasta, ma ritengo che il sistema dovrebbe consentire una funzionalit\u00e0 pi\u00f9 personalizzata&#8221;<\/strong><br \/>\n<strong>Pro<\/strong>: visibilit\u00e0 dei dati e possibilit\u00e0 di rivedere le chiamate e le azioni intraprese. Possibilit\u00e0 di aggiungere pi\u00f9 moduli per pi\u00f9 clienti.<br \/>\n<strong>Contro<\/strong>: mancanza di una dashboard con i moduli per raccogliere le informazioni. \u00c8 necessario esaminare ogni negozio singolarmente. Il reporting misura solo le attivit\u00e0 predefinite, ad esempio ordini di vendita o audit. Non riporta il tasso di errore dei moduli o le attivit\u00e0, ecc.<\/p>\n","protected":false},"excerpt":{"rendered":"<p>Skynamo \u00e8 una piattaforma di vendita sul campo completa e ottimizzata per dispositivi mobili che consente ai team sul campo di acquisire facilmente ordini e accedere a informazioni accurate su prodotti e prezzi da qualsiasi luogo e in qualsiasi momento. Con il programma, manager e titolari di aziende hanno visibilit\u00e0 su preziose attivit\u00e0 di vendita e insight aziendali in tempo reale.<\/p>\n","protected":false},"author":19,"featured_media":106243,"parent":5966,"menu_order":0,"comment_status":"open","ping_status":"closed","template":"g1_template_page_review_new.php","meta":{"_acf_changed":false,"cwp_meta_box_check":"Yes","cwp_rev_product_name":"","cwp_rev_product_image":"","wppr_links":[],"cwp_rev_price":"0.00","wppr_options":[{"name":"Usability","value":"0"},{"name":"Speed","value":"0"},{"name":"Features","value":"0"},{"name":"Support","value":"0"},{"name":"Pricing","value":"0"}],"wppr_pros":["","","","",""],"wppr_cons":["","","","",""],"_monsterinsights_skip_tracking":false,"_monsterinsights_sitenote_active":false,"_monsterinsights_sitenote_note":"","_monsterinsights_sitenote_category":0,"footnotes":""},"categories":[120],"tags":[1835,4080,427,16870,1837,1239],"features":[],"class_list":{"0":"post-106235","1":"page","2":"type-page","3":"status-publish","4":"has-post-thumbnail","6":"category-crm-it","7":"tag-crm-2-it","8":"tag-piattaforma-crm","9":"tag-programma-crm","10":"tag-skynamo","11":"tag-software-crm-2-it","12":"tag-soluzione-crm"},"wppr_data":{"cwp_meta_box_check":"Yes","_wppr_review_template":"default","cwp_rev_product_image":"","cwp_image_link":"image","wppr_links":[],"cwp_rev_price":"0.00","wppr_pros":["","","","",""],"wppr_cons":["","","","",""],"wppr_rating":"0.00","wppr_options":{"1":{"name":"Usability","value":"0"},"2":{"name":"Speed","value":"0"},"3":{"name":"Features","value":"0"},"4":{"name":"Support","value":"0"},"5":{"name":"Pricing","value":"0"}},"wppr_review_type":"Product","wppr_review_custom_fields":{"additionalProperty":"","additionalType":"","aggregateRating":"","alternateName":"","audience":"","award":"","awards":"","brand":"","color":"","depth":"","description":"","disambiguatingDescription":"","gtin12":"","gtin13":"","gtin14":"","gtin8":"","height":"","identifier":"","image":"","isAccessoryOrSparePartFor":"","isConsumableFor":"","isRelatedTo":"","isSimilarTo":"","itemCondition":"","logo":"","mainEntityOfPage":"","manufacturer":"","material":"","model":"","mpn":"","name":"","offers":"","potentialAction":"","productID":"","productionDate":"","purchaseDate":"","releaseDate":"","review":"","reviews":"","sameAs":"","sku":"","slogan":"","subjectOf":"","url":"","weight":"","width":""}},"acf":[],"yoast_head":"<!-- This site is optimized with the Yoast SEO plugin v27.4 - https:\/\/yoast.com\/product\/yoast-seo-wordpress\/ -->\n<title>Skynamo: recensione software CRM - Accurate Reviews<\/title>\n<meta name=\"description\" content=\"Skynamo: recensione software di vendita completo e ottimizzato per dispositivi mobili per acquisire ordini e accedere a informazioni.\" \/>\n<meta name=\"robots\" content=\"index, follow, max-snippet:-1, max-image-preview:large, max-video-preview:-1\" \/>\n<link rel=\"canonical\" href=\"https:\/\/www.accuratereviews.com\/it\/crm-software-migliori-lista\/skynamo-recensione\/\" \/>\n<meta property=\"og:locale\" content=\"it_IT\" \/>\n<meta property=\"og:type\" content=\"article\" \/>\n<meta property=\"og:title\" content=\"Skynamo: recensione software CRM - Accurate Reviews\" \/>\n<meta property=\"og:description\" content=\"Skynamo: recensione software di vendita completo e ottimizzato per dispositivi mobili per acquisire ordini e accedere a informazioni.\" \/>\n<meta property=\"og:url\" content=\"https:\/\/www.accuratereviews.com\/it\/crm-software-migliori-lista\/skynamo-recensione\/\" \/>\n<meta property=\"og:site_name\" content=\"Accurate Reviews\" \/>\n<meta property=\"article:modified_time\" content=\"2026-01-19T10:21:32+00:00\" \/>\n<meta property=\"og:image\" content=\"https:\/\/www.accuratereviews.com\/wp-content\/uploads\/2026\/01\/Skynamo2.jpg\" \/>\n\t<meta property=\"og:image:width\" content=\"686\" \/>\n\t<meta property=\"og:image:height\" content=\"386\" \/>\n\t<meta property=\"og:image:type\" content=\"image\/jpeg\" \/>\n<meta name=\"twitter:card\" content=\"summary_large_image\" \/>\n<meta name=\"twitter:label1\" content=\"Tempo di lettura stimato\" \/>\n\t<meta name=\"twitter:data1\" content=\"5 minuti\" \/>\n<script type=\"application\/ld+json\" class=\"yoast-schema-graph\">{\"@context\":\"https:\\\/\\\/schema.org\",\"@graph\":[{\"@type\":\"WebPage\",\"@id\":\"https:\\\/\\\/www.accuratereviews.com\\\/it\\\/crm-software-migliori-lista\\\/skynamo-recensione\\\/\",\"url\":\"https:\\\/\\\/www.accuratereviews.com\\\/it\\\/crm-software-migliori-lista\\\/skynamo-recensione\\\/\",\"name\":\"Skynamo: recensione software CRM - Accurate Reviews\",\"isPartOf\":{\"@id\":\"https:\\\/\\\/www.accuratereviews.com\\\/it\\\/#website\"},\"primaryImageOfPage\":{\"@id\":\"https:\\\/\\\/www.accuratereviews.com\\\/it\\\/crm-software-migliori-lista\\\/skynamo-recensione\\\/#primaryimage\"},\"image\":{\"@id\":\"https:\\\/\\\/www.accuratereviews.com\\\/it\\\/crm-software-migliori-lista\\\/skynamo-recensione\\\/#primaryimage\"},\"thumbnailUrl\":\"https:\\\/\\\/www.accuratereviews.com\\\/wp-content\\\/uploads\\\/2026\\\/01\\\/Skynamo2.jpg\",\"datePublished\":\"2026-01-16T16:30:31+00:00\",\"dateModified\":\"2026-01-19T10:21:32+00:00\",\"description\":\"Skynamo: recensione software di vendita completo e ottimizzato per dispositivi mobili per acquisire ordini e accedere a informazioni.\",\"breadcrumb\":{\"@id\":\"https:\\\/\\\/www.accuratereviews.com\\\/it\\\/crm-software-migliori-lista\\\/skynamo-recensione\\\/#breadcrumb\"},\"inLanguage\":\"it-IT\",\"potentialAction\":[{\"@type\":\"ReadAction\",\"target\":[\"https:\\\/\\\/www.accuratereviews.com\\\/it\\\/crm-software-migliori-lista\\\/skynamo-recensione\\\/\"]}]},{\"@type\":\"ImageObject\",\"inLanguage\":\"it-IT\",\"@id\":\"https:\\\/\\\/www.accuratereviews.com\\\/it\\\/crm-software-migliori-lista\\\/skynamo-recensione\\\/#primaryimage\",\"url\":\"https:\\\/\\\/www.accuratereviews.com\\\/wp-content\\\/uploads\\\/2026\\\/01\\\/Skynamo2.jpg\",\"contentUrl\":\"https:\\\/\\\/www.accuratereviews.com\\\/wp-content\\\/uploads\\\/2026\\\/01\\\/Skynamo2.jpg\",\"width\":686,\"height\":386},{\"@type\":\"BreadcrumbList\",\"@id\":\"https:\\\/\\\/www.accuratereviews.com\\\/it\\\/crm-software-migliori-lista\\\/skynamo-recensione\\\/#breadcrumb\",\"itemListElement\":[{\"@type\":\"ListItem\",\"position\":1,\"name\":\"Home\",\"item\":\"https:\\\/\\\/www.accuratereviews.com\\\/it\\\/\"},{\"@type\":\"ListItem\",\"position\":2,\"name\":\"CRM: i software migliori\",\"item\":\"https:\\\/\\\/www.accuratereviews.com\\\/it\\\/crm-software-migliori-lista\\\/\"},{\"@type\":\"ListItem\",\"position\":3,\"name\":\"Skynamo\"}]},{\"@type\":\"WebSite\",\"@id\":\"https:\\\/\\\/www.accuratereviews.com\\\/it\\\/#website\",\"url\":\"https:\\\/\\\/www.accuratereviews.com\\\/it\\\/\",\"name\":\"Accurate Reviews\",\"description\":\"\",\"potentialAction\":[{\"@type\":\"SearchAction\",\"target\":{\"@type\":\"EntryPoint\",\"urlTemplate\":\"https:\\\/\\\/www.accuratereviews.com\\\/it\\\/?s={search_term_string}\"},\"query-input\":{\"@type\":\"PropertyValueSpecification\",\"valueRequired\":true,\"valueName\":\"search_term_string\"}}],\"inLanguage\":\"it-IT\"}]}<\/script>\n<!-- \/ Yoast SEO plugin. -->","yoast_head_json":{"title":"Skynamo: recensione software CRM - Accurate Reviews","description":"Skynamo: recensione software di vendita completo e ottimizzato per dispositivi mobili per acquisire ordini e accedere a informazioni.","robots":{"index":"index","follow":"follow","max-snippet":"max-snippet:-1","max-image-preview":"max-image-preview:large","max-video-preview":"max-video-preview:-1"},"canonical":"https:\/\/www.accuratereviews.com\/it\/crm-software-migliori-lista\/skynamo-recensione\/","og_locale":"it_IT","og_type":"article","og_title":"Skynamo: recensione software CRM - Accurate Reviews","og_description":"Skynamo: recensione software di vendita completo e ottimizzato per dispositivi mobili per acquisire ordini e accedere a informazioni.","og_url":"https:\/\/www.accuratereviews.com\/it\/crm-software-migliori-lista\/skynamo-recensione\/","og_site_name":"Accurate Reviews","article_modified_time":"2026-01-19T10:21:32+00:00","og_image":[{"width":686,"height":386,"url":"https:\/\/www.accuratereviews.com\/wp-content\/uploads\/2026\/01\/Skynamo2.jpg","type":"image\/jpeg"}],"twitter_card":"summary_large_image","twitter_misc":{"Tempo di lettura stimato":"5 minuti"},"schema":{"@context":"https:\/\/schema.org","@graph":[{"@type":"WebPage","@id":"https:\/\/www.accuratereviews.com\/it\/crm-software-migliori-lista\/skynamo-recensione\/","url":"https:\/\/www.accuratereviews.com\/it\/crm-software-migliori-lista\/skynamo-recensione\/","name":"Skynamo: recensione software CRM - Accurate Reviews","isPartOf":{"@id":"https:\/\/www.accuratereviews.com\/it\/#website"},"primaryImageOfPage":{"@id":"https:\/\/www.accuratereviews.com\/it\/crm-software-migliori-lista\/skynamo-recensione\/#primaryimage"},"image":{"@id":"https:\/\/www.accuratereviews.com\/it\/crm-software-migliori-lista\/skynamo-recensione\/#primaryimage"},"thumbnailUrl":"https:\/\/www.accuratereviews.com\/wp-content\/uploads\/2026\/01\/Skynamo2.jpg","datePublished":"2026-01-16T16:30:31+00:00","dateModified":"2026-01-19T10:21:32+00:00","description":"Skynamo: recensione software di vendita completo e ottimizzato per dispositivi mobili per acquisire ordini e accedere a informazioni.","breadcrumb":{"@id":"https:\/\/www.accuratereviews.com\/it\/crm-software-migliori-lista\/skynamo-recensione\/#breadcrumb"},"inLanguage":"it-IT","potentialAction":[{"@type":"ReadAction","target":["https:\/\/www.accuratereviews.com\/it\/crm-software-migliori-lista\/skynamo-recensione\/"]}]},{"@type":"ImageObject","inLanguage":"it-IT","@id":"https:\/\/www.accuratereviews.com\/it\/crm-software-migliori-lista\/skynamo-recensione\/#primaryimage","url":"https:\/\/www.accuratereviews.com\/wp-content\/uploads\/2026\/01\/Skynamo2.jpg","contentUrl":"https:\/\/www.accuratereviews.com\/wp-content\/uploads\/2026\/01\/Skynamo2.jpg","width":686,"height":386},{"@type":"BreadcrumbList","@id":"https:\/\/www.accuratereviews.com\/it\/crm-software-migliori-lista\/skynamo-recensione\/#breadcrumb","itemListElement":[{"@type":"ListItem","position":1,"name":"Home","item":"https:\/\/www.accuratereviews.com\/it\/"},{"@type":"ListItem","position":2,"name":"CRM: i software migliori","item":"https:\/\/www.accuratereviews.com\/it\/crm-software-migliori-lista\/"},{"@type":"ListItem","position":3,"name":"Skynamo"}]},{"@type":"WebSite","@id":"https:\/\/www.accuratereviews.com\/it\/#website","url":"https:\/\/www.accuratereviews.com\/it\/","name":"Accurate Reviews","description":"","potentialAction":[{"@type":"SearchAction","target":{"@type":"EntryPoint","urlTemplate":"https:\/\/www.accuratereviews.com\/it\/?s={search_term_string}"},"query-input":{"@type":"PropertyValueSpecification","valueRequired":true,"valueName":"search_term_string"}}],"inLanguage":"it-IT"}]}},"_links":{"self":[{"href":"https:\/\/www.accuratereviews.com\/it\/wp-json\/wp\/v2\/pages\/106235","targetHints":{"allow":["GET"]}}],"collection":[{"href":"https:\/\/www.accuratereviews.com\/it\/wp-json\/wp\/v2\/pages"}],"about":[{"href":"https:\/\/www.accuratereviews.com\/it\/wp-json\/wp\/v2\/types\/page"}],"author":[{"embeddable":true,"href":"https:\/\/www.accuratereviews.com\/it\/wp-json\/wp\/v2\/users\/19"}],"replies":[{"embeddable":true,"href":"https:\/\/www.accuratereviews.com\/it\/wp-json\/wp\/v2\/comments?post=106235"}],"version-history":[{"count":9,"href":"https:\/\/www.accuratereviews.com\/it\/wp-json\/wp\/v2\/pages\/106235\/revisions"}],"predecessor-version":[{"id":106277,"href":"https:\/\/www.accuratereviews.com\/it\/wp-json\/wp\/v2\/pages\/106235\/revisions\/106277"}],"up":[{"embeddable":true,"href":"https:\/\/www.accuratereviews.com\/it\/wp-json\/wp\/v2\/pages\/5966"}],"wp:featuredmedia":[{"embeddable":true,"href":"https:\/\/www.accuratereviews.com\/it\/wp-json\/wp\/v2\/media\/106243"}],"wp:attachment":[{"href":"https:\/\/www.accuratereviews.com\/it\/wp-json\/wp\/v2\/media?parent=106235"}],"wp:term":[{"taxonomy":"category","embeddable":true,"href":"https:\/\/www.accuratereviews.com\/it\/wp-json\/wp\/v2\/categories?post=106235"},{"taxonomy":"post_tag","embeddable":true,"href":"https:\/\/www.accuratereviews.com\/it\/wp-json\/wp\/v2\/tags?post=106235"},{"taxonomy":"features","embeddable":true,"href":"https:\/\/www.accuratereviews.com\/it\/wp-json\/wp\/v2\/features?post=106235"}],"curies":[{"name":"wp","href":"https:\/\/api.w.org\/{rel}","templated":true}]}}