{"id":106268,"date":"2026-01-19T18:43:07","date_gmt":"2026-01-19T18:43:07","guid":{"rendered":"https:\/\/www.accuratereviews.com\/?page_id=106268"},"modified":"2026-01-19T18:43:07","modified_gmt":"2026-01-19T18:43:07","slug":"cogmento-crm-recensione","status":"publish","type":"page","link":"https:\/\/www.accuratereviews.com\/it\/crm-software-migliori-lista\/cogmento-crm-recensione\/","title":{"rendered":"Cogmento CRM"},"content":{"rendered":"<p><strong>Cogmento<\/strong> <strong>CRM<\/strong> \u00e8 una soluzione <strong>gratuita<\/strong> basata su <strong>cloud<\/strong> per la gestione delle relazioni con i clienti e l&#8217;automazione della forza vendita. Converti i lead in account velocemente con questo software <strong>CRM<\/strong>, amplia la tua base clienti e chiudi la vendita velocemente da qualsiasi luogo. Segui <strong>rapidamente i lead,<\/strong> identifica i contatti chiave, gestisci la <strong>tua pipeline<\/strong> e velocizza il tuo team di vendita. Supporta ogni cliente su ogni canale. Personalizza l&#8217;assistenza clienti, chiudi i casi celermente e fornisci supporto ovunque. Raccogli e organizza tutti i tuoi canali di supporto e le informazioni sui clienti in un&#8217;unica pagina per aiutarli rapidamente, indirizzare le domande all&#8217;agente giusto e assegnare il lavoro in base alla disponibilit\u00e0 e alle competenze.<\/p>\n<h2>COGMENTO CRM &#8211; TUTORIAL<\/h2>\n<div id=\"fluid-wrapper-counter-1\" class=\"g1-fluid-wrapper \" style=\"width:686px;\">\n<div style=\"padding-bottom:56.268221574344%;\"><iframe loading=\"lazy\" title=\"Quick Cogmento Real Estate CRM Template Demo\" width=\"686\" height=\"386\" src=\"https:\/\/www.youtube.com\/embed\/28gwg2iVAnw?feature=oembed&amp;wmode=transparent&amp;autohide=1&amp;autoplay=0&amp;disablekb=0&amp;fs=1&amp;loop=0&amp;enablejsapi=1&amp;rel=0&amp;controls=2&amp;showinfo=0&amp;wmode=transparent&amp;autohide=2&amp;autoplay=0&amp;disablekb=0&amp;fs=1&amp;loop=0&amp;enablejsapi=1&amp;rel=0&amp;controls=2&amp;showinfo=1\" frameborder=\"0\" allow=\"accelerometer; autoplay; clipboard-write; encrypted-media; gyroscope; picture-in-picture; web-share\" referrerpolicy=\"strict-origin-when-cross-origin\" allowfullscreen><\/iframe><\/div>\n<\/div>\n<h3>COGMENTO CRM &#8211; CARATTERISTICHE<\/h3>\n<ul>\n<li><strong>Gestione lead e pipeline<\/strong>: tracciamento dei contatti dal primo approccio alla chiusura, con visualizzazione del processo di vendita e analisi predittiva delle opportunit\u00e0.<\/li>\n<li><strong>Assistente AI<\/strong>: analizza l&#8217;affare, contatti ed email per generare risposte personalizzate e suggerire azioni per migliorare il tasso di successo.<\/li>\n<li><strong>Automazione avanzata<\/strong>: creazione di flussi di lavoro intelligenti per compiti ripetitivi e sequenze di email marketing.<\/li>\n<li><strong>Call center integrato<\/strong>: automazione delle chiamate inbound e outbound in 90 paesi con numeri virtuali dedicati.<\/li>\n<li><strong>Omnicanalit\u00e0<\/strong>: gestione unificata delle interazioni via web, mobile, social media (Facebook, Twitter), WhatsApp e sms.<\/li>\n<li><strong>Sincronizzazione in tempo reale<\/strong>: integrazione con strumenti di produttivit\u00e0 come Google Calendar, contatti mobili, QuickBooks e sistemi di fatturazione.<\/li>\n<li><strong>App mobile<\/strong>: accesso completo ai dati, ai calendari e ai contatti tramite app native per iOS e Android.<\/li>\n<li><strong>Sicurezza<\/strong>: protezione dei dati sensibili tramite crittografia forte, permessi basati sui ruoli e gestione di credenziali verificabili.<\/li>\n<li><strong>Analisi e reporting<\/strong>: dashboard personalizzabili per monitorare le metriche di performance e previsioni di vendita basate su dati storici.<\/li>\n<\/ul>\n<h4>LE RECENSIONI DEGLI UTENTI<\/h4>\n<p><strong>An &#8220;CRM semplice, facile e leggero&#8221;<\/strong><br \/>\nSe l&#8217;utente preferisce un&#8217;attivit\u00e0 semplice e di monitoraggio, le offerte non si concentrano sull&#8217;interfaccia utente, allora questo CRM hybird potrebbe soddisfare le tue esigenze di archiviazione, previsione e track record. Con una richiesta di CRM non elevata, potresti soddisfare il CRM gratuito e facile da usare rispetto a Hubspot o Bitrix<br \/>\nPRO: la pagina di layout a due colonne con scheda di navigazione aiuta l&#8217;utente ad aggiungere facilmente attivit\u00e0, monitorando l&#8217;ultima attivit\u00e0. Imposta obiettivo in valore e creato con un numero illimitato di obiettivi. Personalizzazione con tutte le tue richieste, non hanno un numero limitato di caselle di testo, righe di testo, elenchi a discesa&#8230; assicurati solo di aver creato un formato logico con layout a due colonne.<br \/>\nCONTRO: la carta delle offerte \u00e8 il percorso peggiore con il testo orizzontale stretto e il testo a capo automatico che danneggia i tuoi occhi, quindi l&#8217;elenco delle visualizzazioni della tabella \u00e8 che l&#8217;elenco delle offerte della tabella \u00e8 la tua unica scelta. L&#8217;obiettivo non viene conteggiato e la logica viene gestita, alcuni algoritmi sono sbagliati, quindi il risultato non \u00e8 corretto.<\/p>\n<p><strong>Darron &#8220;CRM in uso&#8221;<\/strong><br \/>\nUtilizzato il CRM per registrare i dati dei clienti, gli acquisti, le domande e i reclami.<br \/>\nPRO: l&#8217;interfaccia \u00e8 molto semplice per scegliere ci\u00f2 di cui si ha bisogno. Anche la navigazione \u00e8 molto buona. Ci\u00f2 pu\u00f2 rendere il sistema facile da imparare per un nuovo dipendente e molto veloce da utilizzare con l&#8217;interfaccia cliente dal vivo.<br \/>\nCONTRO: nell&#8217;implementare il CRM, l&#8217;azienda pu\u00f2 adattarlo al proprio utilizzo, ma \u00e8 difficile eliminare gli aspetti indesiderati del programma.<\/p>\n<p><strong>Amit Kumar &#8220;Cogmento CRM ottimo prodotto&#8221;<\/strong><br \/>\nCogmento CRM offre la libert\u00e0 di lavorare come una soluzione molto semplice a vantaggio di chi svolge piccole imprese. In questo ci sono state fornite molte scale che sono molto importanti per la tua attivit\u00e0. Piccoli marchi stanno approfittando di tutti i servizi da esso offerti, che contribuiranno ulteriormente a fornire nuove modalit\u00e0 di business.<br \/>\nPRO: Cogmento CRM offre la libert\u00e0 di lavorare come una soluzione molto semplice a vantaggio di chi svolge piccole imprese. In questo ci sono state fornite molte scale che sono molto importanti per la tua attivit\u00e0. Le piccole imprese stanno approfittando di tutti i servizi offerti, che contribuiranno ulteriormente a fornire nuove modalit\u00e0 di business.<br \/>\nCONTRO: al momento non sono necessarie modifiche di questo tipo rispetto a quanto visto finora sulla base dell&#8217;utilizzo di Cogmento CRM.<\/p>\n","protected":false},"excerpt":{"rendered":"<p>Cogmento CRM \u00e8 una soluzione gratuita basata su cloud per la gestione delle relazioni con i clienti e l&#8217;automazione della forza vendita. Converti i lead in account velocemente con questo software CRM, amplia la tua base clienti e chiudi la vendita velocemente da qualsiasi luogo. <\/p>\n","protected":false},"author":19,"featured_media":106269,"parent":5966,"menu_order":0,"comment_status":"open","ping_status":"closed","template":"g1_template_page_review_new.php","meta":{"_acf_changed":false,"cwp_meta_box_check":"Yes","cwp_rev_product_name":"","cwp_rev_product_image":"","wppr_links":[],"cwp_rev_price":"0.00","wppr_options":[{"name":"Usability","value":"0"},{"name":"Speed","value":"0"},{"name":"Features","value":"0"},{"name":"Support","value":"0"},{"name":"Pricing","value":"0"}],"wppr_pros":["","","","",""],"wppr_cons":["","","","",""],"_monsterinsights_skip_tracking":false,"_monsterinsights_sitenote_active":false,"_monsterinsights_sitenote_note":"","_monsterinsights_sitenote_category":0,"footnotes":""},"categories":[120],"tags":[16871,1835,4080,427,1837,1239],"features":[],"class_list":{"0":"post-106268","1":"page","2":"type-page","3":"status-publish","4":"has-post-thumbnail","6":"category-crm-it","7":"tag-cogmento-crm","8":"tag-crm-2-it","9":"tag-piattaforma-crm","10":"tag-programma-crm","11":"tag-software-crm-2-it","12":"tag-soluzione-crm"},"wppr_data":{"cwp_meta_box_check":"Yes","_wppr_review_template":"default","cwp_rev_product_image":"","cwp_image_link":"image","wppr_links":[],"cwp_rev_price":"0.00","wppr_pros":["","","","",""],"wppr_cons":["","","","",""],"wppr_rating":"0.00","wppr_options":{"1":{"name":"Usability","value":"0"},"2":{"name":"Speed","value":"0"},"3":{"name":"Features","value":"0"},"4":{"name":"Support","value":"0"},"5":{"name":"Pricing","value":"0"}},"wppr_review_type":"Product","wppr_review_custom_fields":{"additionalProperty":"","additionalType":"","aggregateRating":"","alternateName":"","audience":"","award":"","awards":"","brand":"","color":"","depth":"","description":"","disambiguatingDescription":"","gtin12":"","gtin13":"","gtin14":"","gtin8":"","height":"","identifier":"","image":"","isAccessoryOrSparePartFor":"","isConsumableFor":"","isRelatedTo":"","isSimilarTo":"","itemCondition":"","logo":"","mainEntityOfPage":"","manufacturer":"","material":"","model":"","mpn":"","name":"","offers":"","potentialAction":"","productID":"","productionDate":"","purchaseDate":"","releaseDate":"","review":"","reviews":"","sameAs":"","sku":"","slogan":"","subjectOf":"","url":"","weight":"","width":""}},"acf":[],"yoast_head":"<!-- This site is optimized with the Yoast SEO plugin v27.4 - https:\/\/yoast.com\/product\/yoast-seo-wordpress\/ -->\n<title>Cogmento CRM: recensione software CRM - Accurate Reviews<\/title>\n<meta name=\"description\" content=\"Cogmento CRM: recensione software CRM per la gestione delle relazioni con i clienti e l&#039;automazione della forza vendita.\" \/>\n<meta name=\"robots\" content=\"index, follow, max-snippet:-1, max-image-preview:large, max-video-preview:-1\" \/>\n<link rel=\"canonical\" href=\"https:\/\/www.accuratereviews.com\/it\/crm-software-migliori-lista\/cogmento-crm-recensione\/\" \/>\n<meta property=\"og:locale\" content=\"it_IT\" \/>\n<meta property=\"og:type\" content=\"article\" \/>\n<meta property=\"og:title\" content=\"Cogmento CRM: recensione software CRM - Accurate Reviews\" \/>\n<meta property=\"og:description\" content=\"Cogmento CRM: recensione software CRM per la gestione delle relazioni con i clienti e l&#039;automazione della forza vendita.\" \/>\n<meta property=\"og:url\" content=\"https:\/\/www.accuratereviews.com\/it\/crm-software-migliori-lista\/cogmento-crm-recensione\/\" \/>\n<meta property=\"og:site_name\" content=\"Accurate Reviews\" \/>\n<meta property=\"og:image\" content=\"https:\/\/www.accuratereviews.com\/wp-content\/uploads\/2026\/01\/COGMENTO-CRM.jpg\" \/>\n\t<meta property=\"og:image:width\" content=\"900\" \/>\n\t<meta property=\"og:image:height\" content=\"900\" \/>\n\t<meta property=\"og:image:type\" content=\"image\/jpeg\" \/>\n<meta name=\"twitter:card\" content=\"summary_large_image\" \/>\n<meta name=\"twitter:label1\" content=\"Tempo di lettura stimato\" \/>\n\t<meta name=\"twitter:data1\" content=\"5 minuti\" \/>\n<script type=\"application\/ld+json\" class=\"yoast-schema-graph\">{\"@context\":\"https:\\\/\\\/schema.org\",\"@graph\":[{\"@type\":\"WebPage\",\"@id\":\"https:\\\/\\\/www.accuratereviews.com\\\/it\\\/crm-software-migliori-lista\\\/cogmento-crm-recensione\\\/\",\"url\":\"https:\\\/\\\/www.accuratereviews.com\\\/it\\\/crm-software-migliori-lista\\\/cogmento-crm-recensione\\\/\",\"name\":\"Cogmento CRM: recensione software CRM - Accurate Reviews\",\"isPartOf\":{\"@id\":\"https:\\\/\\\/www.accuratereviews.com\\\/it\\\/#website\"},\"primaryImageOfPage\":{\"@id\":\"https:\\\/\\\/www.accuratereviews.com\\\/it\\\/crm-software-migliori-lista\\\/cogmento-crm-recensione\\\/#primaryimage\"},\"image\":{\"@id\":\"https:\\\/\\\/www.accuratereviews.com\\\/it\\\/crm-software-migliori-lista\\\/cogmento-crm-recensione\\\/#primaryimage\"},\"thumbnailUrl\":\"https:\\\/\\\/www.accuratereviews.com\\\/wp-content\\\/uploads\\\/2026\\\/01\\\/COGMENTO-CRM.jpg\",\"datePublished\":\"2026-01-19T18:43:07+00:00\",\"description\":\"Cogmento CRM: recensione software CRM per la gestione delle relazioni con i clienti e l'automazione della forza vendita.\",\"breadcrumb\":{\"@id\":\"https:\\\/\\\/www.accuratereviews.com\\\/it\\\/crm-software-migliori-lista\\\/cogmento-crm-recensione\\\/#breadcrumb\"},\"inLanguage\":\"it-IT\",\"potentialAction\":[{\"@type\":\"ReadAction\",\"target\":[\"https:\\\/\\\/www.accuratereviews.com\\\/it\\\/crm-software-migliori-lista\\\/cogmento-crm-recensione\\\/\"]}]},{\"@type\":\"ImageObject\",\"inLanguage\":\"it-IT\",\"@id\":\"https:\\\/\\\/www.accuratereviews.com\\\/it\\\/crm-software-migliori-lista\\\/cogmento-crm-recensione\\\/#primaryimage\",\"url\":\"https:\\\/\\\/www.accuratereviews.com\\\/wp-content\\\/uploads\\\/2026\\\/01\\\/COGMENTO-CRM.jpg\",\"contentUrl\":\"https:\\\/\\\/www.accuratereviews.com\\\/wp-content\\\/uploads\\\/2026\\\/01\\\/COGMENTO-CRM.jpg\",\"width\":900,\"height\":900},{\"@type\":\"BreadcrumbList\",\"@id\":\"https:\\\/\\\/www.accuratereviews.com\\\/it\\\/crm-software-migliori-lista\\\/cogmento-crm-recensione\\\/#breadcrumb\",\"itemListElement\":[{\"@type\":\"ListItem\",\"position\":1,\"name\":\"Home\",\"item\":\"https:\\\/\\\/www.accuratereviews.com\\\/it\\\/\"},{\"@type\":\"ListItem\",\"position\":2,\"name\":\"CRM: i software migliori\",\"item\":\"https:\\\/\\\/www.accuratereviews.com\\\/it\\\/crm-software-migliori-lista\\\/\"},{\"@type\":\"ListItem\",\"position\":3,\"name\":\"Cogmento CRM\"}]},{\"@type\":\"WebSite\",\"@id\":\"https:\\\/\\\/www.accuratereviews.com\\\/it\\\/#website\",\"url\":\"https:\\\/\\\/www.accuratereviews.com\\\/it\\\/\",\"name\":\"Accurate Reviews\",\"description\":\"\",\"potentialAction\":[{\"@type\":\"SearchAction\",\"target\":{\"@type\":\"EntryPoint\",\"urlTemplate\":\"https:\\\/\\\/www.accuratereviews.com\\\/it\\\/?s={search_term_string}\"},\"query-input\":{\"@type\":\"PropertyValueSpecification\",\"valueRequired\":true,\"valueName\":\"search_term_string\"}}],\"inLanguage\":\"it-IT\"}]}<\/script>\n<!-- \/ Yoast SEO plugin. -->","yoast_head_json":{"title":"Cogmento CRM: recensione software CRM - Accurate Reviews","description":"Cogmento CRM: recensione software CRM per la gestione delle relazioni con i clienti e l'automazione della forza vendita.","robots":{"index":"index","follow":"follow","max-snippet":"max-snippet:-1","max-image-preview":"max-image-preview:large","max-video-preview":"max-video-preview:-1"},"canonical":"https:\/\/www.accuratereviews.com\/it\/crm-software-migliori-lista\/cogmento-crm-recensione\/","og_locale":"it_IT","og_type":"article","og_title":"Cogmento CRM: recensione software CRM - Accurate Reviews","og_description":"Cogmento CRM: recensione software CRM per la gestione delle relazioni con i clienti e l'automazione della forza vendita.","og_url":"https:\/\/www.accuratereviews.com\/it\/crm-software-migliori-lista\/cogmento-crm-recensione\/","og_site_name":"Accurate Reviews","og_image":[{"width":900,"height":900,"url":"https:\/\/www.accuratereviews.com\/wp-content\/uploads\/2026\/01\/COGMENTO-CRM.jpg","type":"image\/jpeg"}],"twitter_card":"summary_large_image","twitter_misc":{"Tempo di lettura stimato":"5 minuti"},"schema":{"@context":"https:\/\/schema.org","@graph":[{"@type":"WebPage","@id":"https:\/\/www.accuratereviews.com\/it\/crm-software-migliori-lista\/cogmento-crm-recensione\/","url":"https:\/\/www.accuratereviews.com\/it\/crm-software-migliori-lista\/cogmento-crm-recensione\/","name":"Cogmento CRM: recensione software CRM - Accurate Reviews","isPartOf":{"@id":"https:\/\/www.accuratereviews.com\/it\/#website"},"primaryImageOfPage":{"@id":"https:\/\/www.accuratereviews.com\/it\/crm-software-migliori-lista\/cogmento-crm-recensione\/#primaryimage"},"image":{"@id":"https:\/\/www.accuratereviews.com\/it\/crm-software-migliori-lista\/cogmento-crm-recensione\/#primaryimage"},"thumbnailUrl":"https:\/\/www.accuratereviews.com\/wp-content\/uploads\/2026\/01\/COGMENTO-CRM.jpg","datePublished":"2026-01-19T18:43:07+00:00","description":"Cogmento CRM: recensione software CRM per la gestione delle relazioni con i clienti e l'automazione della forza vendita.","breadcrumb":{"@id":"https:\/\/www.accuratereviews.com\/it\/crm-software-migliori-lista\/cogmento-crm-recensione\/#breadcrumb"},"inLanguage":"it-IT","potentialAction":[{"@type":"ReadAction","target":["https:\/\/www.accuratereviews.com\/it\/crm-software-migliori-lista\/cogmento-crm-recensione\/"]}]},{"@type":"ImageObject","inLanguage":"it-IT","@id":"https:\/\/www.accuratereviews.com\/it\/crm-software-migliori-lista\/cogmento-crm-recensione\/#primaryimage","url":"https:\/\/www.accuratereviews.com\/wp-content\/uploads\/2026\/01\/COGMENTO-CRM.jpg","contentUrl":"https:\/\/www.accuratereviews.com\/wp-content\/uploads\/2026\/01\/COGMENTO-CRM.jpg","width":900,"height":900},{"@type":"BreadcrumbList","@id":"https:\/\/www.accuratereviews.com\/it\/crm-software-migliori-lista\/cogmento-crm-recensione\/#breadcrumb","itemListElement":[{"@type":"ListItem","position":1,"name":"Home","item":"https:\/\/www.accuratereviews.com\/it\/"},{"@type":"ListItem","position":2,"name":"CRM: i software migliori","item":"https:\/\/www.accuratereviews.com\/it\/crm-software-migliori-lista\/"},{"@type":"ListItem","position":3,"name":"Cogmento CRM"}]},{"@type":"WebSite","@id":"https:\/\/www.accuratereviews.com\/it\/#website","url":"https:\/\/www.accuratereviews.com\/it\/","name":"Accurate Reviews","description":"","potentialAction":[{"@type":"SearchAction","target":{"@type":"EntryPoint","urlTemplate":"https:\/\/www.accuratereviews.com\/it\/?s={search_term_string}"},"query-input":{"@type":"PropertyValueSpecification","valueRequired":true,"valueName":"search_term_string"}}],"inLanguage":"it-IT"}]}},"_links":{"self":[{"href":"https:\/\/www.accuratereviews.com\/it\/wp-json\/wp\/v2\/pages\/106268","targetHints":{"allow":["GET"]}}],"collection":[{"href":"https:\/\/www.accuratereviews.com\/it\/wp-json\/wp\/v2\/pages"}],"about":[{"href":"https:\/\/www.accuratereviews.com\/it\/wp-json\/wp\/v2\/types\/page"}],"author":[{"embeddable":true,"href":"https:\/\/www.accuratereviews.com\/it\/wp-json\/wp\/v2\/users\/19"}],"replies":[{"embeddable":true,"href":"https:\/\/www.accuratereviews.com\/it\/wp-json\/wp\/v2\/comments?post=106268"}],"version-history":[{"count":9,"href":"https:\/\/www.accuratereviews.com\/it\/wp-json\/wp\/v2\/pages\/106268\/revisions"}],"predecessor-version":[{"id":106284,"href":"https:\/\/www.accuratereviews.com\/it\/wp-json\/wp\/v2\/pages\/106268\/revisions\/106284"}],"up":[{"embeddable":true,"href":"https:\/\/www.accuratereviews.com\/it\/wp-json\/wp\/v2\/pages\/5966"}],"wp:featuredmedia":[{"embeddable":true,"href":"https:\/\/www.accuratereviews.com\/it\/wp-json\/wp\/v2\/media\/106269"}],"wp:attachment":[{"href":"https:\/\/www.accuratereviews.com\/it\/wp-json\/wp\/v2\/media?parent=106268"}],"wp:term":[{"taxonomy":"category","embeddable":true,"href":"https:\/\/www.accuratereviews.com\/it\/wp-json\/wp\/v2\/categories?post=106268"},{"taxonomy":"post_tag","embeddable":true,"href":"https:\/\/www.accuratereviews.com\/it\/wp-json\/wp\/v2\/tags?post=106268"},{"taxonomy":"features","embeddable":true,"href":"https:\/\/www.accuratereviews.com\/it\/wp-json\/wp\/v2\/features?post=106268"}],"curies":[{"name":"wp","href":"https:\/\/api.w.org\/{rel}","templated":true}]}}