{"id":106319,"date":"2026-01-20T14:02:53","date_gmt":"2026-01-20T14:02:53","guid":{"rendered":"https:\/\/www.accuratereviews.com\/?page_id=106319"},"modified":"2026-01-21T10:07:42","modified_gmt":"2026-01-21T10:07:42","slug":"ydea-recensione","status":"publish","type":"page","link":"https:\/\/www.accuratereviews.com\/it\/crm-software-migliori-lista\/ydea-recensione\/","title":{"rendered":"Ydea"},"content":{"rendered":"<p><strong>Ydea<\/strong> \u00e8 un<strong> sistema di gestione delle relazioni<\/strong> con i clienti, basato su <strong>cloud<\/strong>, progettato per aiutare le aziende a gestire le vendite e il servizio clienti. La dashboard centralizzata consente agli utenti di gestire<strong> le pipeline di lead<\/strong> man mano che i potenziali clienti si convertono in clienti effettivi. Include un modulo di assistenza clienti che consente alle aziende di geolocalizzare risorse e tecnici, pianificare i ticket per visualizzarli su una mappa visiva e inviare report di intervento tramite dispositivi mobili o e-mail. Gli amministratori possono creare, monitorare e organizzare diverse tipologie di contratti o accordi e fornire visibilit\u00e0 ai clienti tramite un portale self-service.<br \/>\nInoltre, <strong>Ydea <\/strong>offre funzionalit\u00e0 di gestione dei progetti, che consentono ai supervisori di utilizzare diagrammi di Gantt per pianificare, monitorare e coordinare le attivit\u00e0 tra progetti e attivit\u00e0.<\/p>\n<h2>YDEA &#8211; TUTORIAL<\/h2>\n<div id=\"fluid-wrapper-counter-1\" class=\"g1-fluid-wrapper \" style=\"width:686px;\">\n<div style=\"padding-bottom:56.268221574344%;\"><iframe loading=\"lazy\" title=\"Ydea - Il CRM cloud per le PMI\" width=\"686\" height=\"386\" src=\"https:\/\/www.youtube.com\/embed\/GFN1ZY0IZSQ?feature=oembed&amp;wmode=transparent&amp;autohide=1&amp;autoplay=0&amp;disablekb=0&amp;fs=1&amp;loop=0&amp;enablejsapi=1&amp;rel=0&amp;controls=2&amp;showinfo=0&amp;wmode=transparent&amp;autohide=2&amp;autoplay=0&amp;disablekb=0&amp;fs=1&amp;loop=0&amp;enablejsapi=1&amp;rel=0&amp;controls=2&amp;showinfo=1\" frameborder=\"0\" allow=\"accelerometer; autoplay; clipboard-write; encrypted-media; gyroscope; picture-in-picture; web-share\" referrerpolicy=\"strict-origin-when-cross-origin\" allowfullscreen><\/iframe><\/div>\n<\/div>\n<h3>YDEA &#8211; CARATTERISTICHE<\/h3>\n<ul>\n<li><strong>Gestione incentrata sul cliente<\/strong>: l&#8217;intera organizzazione \u00e8 incentrata sulla soddisfazione e sulle esigenze dei clienti.<\/li>\n<li><strong>Crea esperienze personalizzate<\/strong>: per ogni cliente, traccia la sua storia, crea scenari personalizzati e interazioni basate sui suoi dati.<\/li>\n<li><strong>Traccia eventi e email<\/strong>: tieni traccia di tutti gli eventi e delle email che scambi con ogni lead<\/li>\n<li><strong>Organizza le attivit\u00e0<\/strong>: organizza i calendari di tutta la forza vendita per avere una visione integrata<\/li>\n<li><strong>Gestisci i Partner:<\/strong> assicurati pi\u00f9 conversioni, gestendo anche le vendite indirette<\/li>\n<li><strong>Template personalizzati<\/strong>: centralizza e automatizza la generazione di offerta, graficamente accattivanti e personalizzate<\/li>\n<li><strong>Cataloghi e listini<\/strong>: velocizza la creazione di offerte grazie al catalogo e ad una gestione elenchi avanzata e personalizzabile<\/li>\n<li><strong>Da offerta a contratto<\/strong>: converti rapidamente l&#8217;offerta in contratto ed integra anche i processi di BackOffice<\/li>\n<li><strong>Integrazioni<\/strong>: sfrutta al massimo le integrazioni con MailUp e MailChimp, per gestire in maniera integrata le tue campagne email.<\/li>\n<li><strong>Interazioni:<\/strong> analizza le interazioni provenienti dalle piattaforme di mailing direttamente nelle dashboard e prendi decisioni strategiche, per generare pi\u00f9 velocemente nuove opportunit\u00e0 basandoti sui dati raccolti dalle aperture e dai click delle tue newsletter.<\/li>\n<li><strong>Campagna di performance<\/strong>: potenzia le tue vendite con campagne mirate, definisci i ricavi e la stima dei costi e monitora l&#8217;andamento del funnel.<\/li>\n<li><strong>Analisi marketing<\/strong>: ottimizzare le campagne ed i costi, unificando i dati sulle attivit\u00e0 di marketing e di vendita di ogni singola campagna.<\/li>\n<li><strong>Coinvolgimento del cliente<\/strong>: sfrutta al massimo il valore dei tuoi dati, personalizza e pianifica le attivit\u00e0 di follow-up per generare vendite velocemente.<\/li>\n<li><strong>Previsioni e budget<\/strong>: crea e monitora il budget dei tuoi venditori. Assicurati di raggiungere gli obiettivi in \u200b\u200btempo.<\/li>\n<li><strong>Traccia gli eventi<\/strong>: integra i tuoi calendari e le tue email per tracciare tutte le interazioni con i clienti<\/li>\n<\/ul>\n<h4>LE RECENSIONI DEGLI UTENTI<\/h4>\n<p><strong>Roberto &#8220;Migliore app&#8221;<\/strong><br \/>\nbene, ma da migliorare l&#8217;APP. Deve essere al 100% come se fosse PC<br \/>\n<strong>Pro<\/strong>: integrazione gestionale aziendale BCube.<br \/>\n<strong>Contro<\/strong>: da sistema l&#8217;app che dovrebbe poter fare tutto quello che si pu\u00f2 fare da PC. esempio creazione ASSET<\/p>\n<p><strong>Maria Rosaria &#8220;prodotto nuovo ma con ottime potenzialit\u00e0&#8221;<\/strong><br \/>\nIl fatto che sia in cloud \u00e8 ottimo anche per la rete commerciale e x chi fa smart working . Credo di sposarmi bene con le campagne di marketing e per monitorare il lavoro degli agenti.<br \/>\n<strong>Pro<\/strong>: la possibilit\u00e0 di creare liste diverse di lead, di creare opportunit\u00e0 sui lead, l&#8217;integrazione con il software business cube e con cribis.<br \/>\n<strong>Contro<\/strong>: quando un evento pianificato va in scaduto modificando la data dovrebbe in automatico ripianificarlo invece bisogna cambiare lo stato manualmente. Inoltre per le opportunit\u00e0 dovrebbero avere degli alert o dele notifiche quando sono scadute in modo che si possa chiudere la stessa . Metterei anche altre motivazioni libere oltre quei campi statici quando l&#8217;opportunit\u00e0 va in chiuso perso e un alert quando quell&#8217;opportunit\u00e0 si riapre (da ricontattare in futuro). Inoltre la cosa che modificherei \u00e8 quella delle anagrafiche : quando si crea un&#8217;opportunit\u00e0 quel lead deve diventare per forza un cliente anagrafico senza aver possibilit\u00e0 di modificare i dati e neanche di trasformarlo nuovamente in lead.<\/p>\n<p><strong>Nicola &#8220;AFM Nicola&#8221;<\/strong><br \/>\n<strong>Pro<\/strong>: &#8211; Dashboard grafiche -brayn designer- Forecast&amp;budget- Connettore BCube bidirezionale- Pipeline di vendita- Gestione campi- Anagrafiche aziende<br \/>\n<strong>Contro<\/strong>: \u00a0&#8211; Scadenzario sincronizzato con Business mancano filtri e report- Forecast&amp;Budget non a pi\u00f9 livelli (es. Budget sui clienti finali per rivenditori)- Manca scheda riassunto\/report condizioni commerciali (listini sconti) per anagrafica con grafici e sintesi e statistiche di Business- Connettore con BCube bug frequenti \u00a0dopo aggiornamenti<\/p>\n","protected":false},"excerpt":{"rendered":"<p>Ydea \u00e8 un sistema di gestione delle relazioni con i clienti basato su cloud, progettato per aiutare le aziende a gestire le vendite e il servizio clienti. La dashboard centralizzata consente agli utenti di gestire le pipeline di lead man mano che i potenziali clienti si convertono in clienti effettivi.<\/p>\n","protected":false},"author":19,"featured_media":106320,"parent":5966,"menu_order":0,"comment_status":"open","ping_status":"closed","template":"g1_template_page_review_new.php","meta":{"_acf_changed":false,"cwp_meta_box_check":"Yes","cwp_rev_product_name":"","cwp_rev_product_image":"","wppr_links":[],"cwp_rev_price":"0.00","wppr_options":[{"name":"Usability","value":"0"},{"name":"Speed","value":"0"},{"name":"Features","value":"0"},{"name":"Support","value":"0"},{"name":"Pricing","value":"0"}],"wppr_pros":["","","","",""],"wppr_cons":["","","","",""],"_monsterinsights_skip_tracking":false,"_monsterinsights_sitenote_active":false,"_monsterinsights_sitenote_note":"","_monsterinsights_sitenote_category":0,"footnotes":""},"categories":[120],"tags":[1835,4080,427,1837,1239,16879],"features":[],"class_list":{"0":"post-106319","1":"page","2":"type-page","3":"status-publish","4":"has-post-thumbnail","6":"category-crm-it","7":"tag-crm-2-it","8":"tag-piattaforma-crm","9":"tag-programma-crm","10":"tag-software-crm-2-it","11":"tag-soluzione-crm","12":"tag-ydea"},"wppr_data":{"cwp_meta_box_check":"Yes","_wppr_review_template":"default","cwp_rev_product_image":"","cwp_image_link":"image","wppr_links":[],"cwp_rev_price":"0.00","wppr_pros":["","","","",""],"wppr_cons":["","","","",""],"wppr_rating":"0.00","wppr_options":{"1":{"name":"Usability","value":"0"},"2":{"name":"Speed","value":"0"},"3":{"name":"Features","value":"0"},"4":{"name":"Support","value":"0"},"5":{"name":"Pricing","value":"0"}},"wppr_review_type":"Product","wppr_review_custom_fields":{"additionalProperty":"","additionalType":"","aggregateRating":"","alternateName":"","audience":"","award":"","awards":"","brand":"","color":"","depth":"","description":"","disambiguatingDescription":"","gtin12":"","gtin13":"","gtin14":"","gtin8":"","height":"","identifier":"","image":"","isAccessoryOrSparePartFor":"","isConsumableFor":"","isRelatedTo":"","isSimilarTo":"","itemCondition":"","logo":"","mainEntityOfPage":"","manufacturer":"","material":"","model":"","mpn":"","name":"","offers":"","potentialAction":"","productID":"","productionDate":"","purchaseDate":"","releaseDate":"","review":"","reviews":"","sameAs":"","sku":"","slogan":"","subjectOf":"","url":"","weight":"","width":""}},"acf":[],"yoast_head":"<!-- This site is optimized with the Yoast SEO plugin v27.4 - https:\/\/yoast.com\/product\/yoast-seo-wordpress\/ -->\n<title>Ydea: recensione software CRM - Accurate Reviews<\/title>\n<meta name=\"description\" content=\"Ydea: recensione sistema crm basato su cloud, progettato per aiutare le aziende a gestire le vendite e il servizio clienti.\" \/>\n<meta name=\"robots\" content=\"index, follow, max-snippet:-1, max-image-preview:large, max-video-preview:-1\" \/>\n<link rel=\"canonical\" href=\"https:\/\/www.accuratereviews.com\/it\/crm-software-migliori-lista\/ydea-recensione\/\" \/>\n<meta property=\"og:locale\" content=\"it_IT\" \/>\n<meta property=\"og:type\" content=\"article\" \/>\n<meta property=\"og:title\" content=\"Ydea: recensione software CRM - Accurate Reviews\" \/>\n<meta property=\"og:description\" content=\"Ydea: recensione sistema crm basato su cloud, progettato per aiutare le aziende a gestire le vendite e il servizio clienti.\" \/>\n<meta property=\"og:url\" content=\"https:\/\/www.accuratereviews.com\/it\/crm-software-migliori-lista\/ydea-recensione\/\" \/>\n<meta property=\"og:site_name\" content=\"Accurate Reviews\" \/>\n<meta property=\"article:modified_time\" content=\"2026-01-21T10:07:42+00:00\" \/>\n<meta property=\"og:image\" content=\"https:\/\/www.accuratereviews.com\/wp-content\/uploads\/2026\/01\/Logo_Ydea.jpeg.webp\" \/>\n\t<meta property=\"og:image:width\" content=\"457\" \/>\n\t<meta property=\"og:image:height\" content=\"204\" \/>\n\t<meta property=\"og:image:type\" content=\"image\/webp\" \/>\n<meta name=\"twitter:card\" content=\"summary_large_image\" \/>\n<meta name=\"twitter:label1\" content=\"Tempo di lettura stimato\" \/>\n\t<meta name=\"twitter:data1\" content=\"5 minuti\" \/>\n<script type=\"application\/ld+json\" class=\"yoast-schema-graph\">{\"@context\":\"https:\\\/\\\/schema.org\",\"@graph\":[{\"@type\":\"WebPage\",\"@id\":\"https:\\\/\\\/www.accuratereviews.com\\\/it\\\/crm-software-migliori-lista\\\/ydea-recensione\\\/\",\"url\":\"https:\\\/\\\/www.accuratereviews.com\\\/it\\\/crm-software-migliori-lista\\\/ydea-recensione\\\/\",\"name\":\"Ydea: recensione software CRM - Accurate Reviews\",\"isPartOf\":{\"@id\":\"https:\\\/\\\/www.accuratereviews.com\\\/it\\\/#website\"},\"primaryImageOfPage\":{\"@id\":\"https:\\\/\\\/www.accuratereviews.com\\\/it\\\/crm-software-migliori-lista\\\/ydea-recensione\\\/#primaryimage\"},\"image\":{\"@id\":\"https:\\\/\\\/www.accuratereviews.com\\\/it\\\/crm-software-migliori-lista\\\/ydea-recensione\\\/#primaryimage\"},\"thumbnailUrl\":\"https:\\\/\\\/www.accuratereviews.com\\\/wp-content\\\/uploads\\\/2026\\\/01\\\/Logo_Ydea.jpeg.webp\",\"datePublished\":\"2026-01-20T14:02:53+00:00\",\"dateModified\":\"2026-01-21T10:07:42+00:00\",\"description\":\"Ydea: recensione sistema crm basato su cloud, progettato per aiutare le aziende a gestire le vendite e il servizio clienti.\",\"breadcrumb\":{\"@id\":\"https:\\\/\\\/www.accuratereviews.com\\\/it\\\/crm-software-migliori-lista\\\/ydea-recensione\\\/#breadcrumb\"},\"inLanguage\":\"it-IT\",\"potentialAction\":[{\"@type\":\"ReadAction\",\"target\":[\"https:\\\/\\\/www.accuratereviews.com\\\/it\\\/crm-software-migliori-lista\\\/ydea-recensione\\\/\"]}]},{\"@type\":\"ImageObject\",\"inLanguage\":\"it-IT\",\"@id\":\"https:\\\/\\\/www.accuratereviews.com\\\/it\\\/crm-software-migliori-lista\\\/ydea-recensione\\\/#primaryimage\",\"url\":\"https:\\\/\\\/www.accuratereviews.com\\\/wp-content\\\/uploads\\\/2026\\\/01\\\/Logo_Ydea.jpeg.webp\",\"contentUrl\":\"https:\\\/\\\/www.accuratereviews.com\\\/wp-content\\\/uploads\\\/2026\\\/01\\\/Logo_Ydea.jpeg.webp\",\"width\":457,\"height\":204},{\"@type\":\"BreadcrumbList\",\"@id\":\"https:\\\/\\\/www.accuratereviews.com\\\/it\\\/crm-software-migliori-lista\\\/ydea-recensione\\\/#breadcrumb\",\"itemListElement\":[{\"@type\":\"ListItem\",\"position\":1,\"name\":\"Home\",\"item\":\"https:\\\/\\\/www.accuratereviews.com\\\/it\\\/\"},{\"@type\":\"ListItem\",\"position\":2,\"name\":\"CRM: i software migliori\",\"item\":\"https:\\\/\\\/www.accuratereviews.com\\\/it\\\/crm-software-migliori-lista\\\/\"},{\"@type\":\"ListItem\",\"position\":3,\"name\":\"Ydea\"}]},{\"@type\":\"WebSite\",\"@id\":\"https:\\\/\\\/www.accuratereviews.com\\\/it\\\/#website\",\"url\":\"https:\\\/\\\/www.accuratereviews.com\\\/it\\\/\",\"name\":\"Accurate Reviews\",\"description\":\"\",\"potentialAction\":[{\"@type\":\"SearchAction\",\"target\":{\"@type\":\"EntryPoint\",\"urlTemplate\":\"https:\\\/\\\/www.accuratereviews.com\\\/it\\\/?s={search_term_string}\"},\"query-input\":{\"@type\":\"PropertyValueSpecification\",\"valueRequired\":true,\"valueName\":\"search_term_string\"}}],\"inLanguage\":\"it-IT\"}]}<\/script>\n<!-- \/ Yoast SEO plugin. -->","yoast_head_json":{"title":"Ydea: recensione software CRM - Accurate Reviews","description":"Ydea: recensione sistema crm basato su cloud, progettato per aiutare le aziende a gestire le vendite e il servizio clienti.","robots":{"index":"index","follow":"follow","max-snippet":"max-snippet:-1","max-image-preview":"max-image-preview:large","max-video-preview":"max-video-preview:-1"},"canonical":"https:\/\/www.accuratereviews.com\/it\/crm-software-migliori-lista\/ydea-recensione\/","og_locale":"it_IT","og_type":"article","og_title":"Ydea: recensione software CRM - Accurate Reviews","og_description":"Ydea: recensione sistema crm basato su cloud, progettato per aiutare le aziende a gestire le vendite e il servizio clienti.","og_url":"https:\/\/www.accuratereviews.com\/it\/crm-software-migliori-lista\/ydea-recensione\/","og_site_name":"Accurate Reviews","article_modified_time":"2026-01-21T10:07:42+00:00","og_image":[{"width":457,"height":204,"url":"https:\/\/www.accuratereviews.com\/wp-content\/uploads\/2026\/01\/Logo_Ydea.jpeg.webp","type":"image\/webp"}],"twitter_card":"summary_large_image","twitter_misc":{"Tempo di lettura stimato":"5 minuti"},"schema":{"@context":"https:\/\/schema.org","@graph":[{"@type":"WebPage","@id":"https:\/\/www.accuratereviews.com\/it\/crm-software-migliori-lista\/ydea-recensione\/","url":"https:\/\/www.accuratereviews.com\/it\/crm-software-migliori-lista\/ydea-recensione\/","name":"Ydea: recensione software CRM - Accurate Reviews","isPartOf":{"@id":"https:\/\/www.accuratereviews.com\/it\/#website"},"primaryImageOfPage":{"@id":"https:\/\/www.accuratereviews.com\/it\/crm-software-migliori-lista\/ydea-recensione\/#primaryimage"},"image":{"@id":"https:\/\/www.accuratereviews.com\/it\/crm-software-migliori-lista\/ydea-recensione\/#primaryimage"},"thumbnailUrl":"https:\/\/www.accuratereviews.com\/wp-content\/uploads\/2026\/01\/Logo_Ydea.jpeg.webp","datePublished":"2026-01-20T14:02:53+00:00","dateModified":"2026-01-21T10:07:42+00:00","description":"Ydea: recensione sistema crm basato su cloud, progettato per aiutare le aziende a gestire le vendite e il servizio clienti.","breadcrumb":{"@id":"https:\/\/www.accuratereviews.com\/it\/crm-software-migliori-lista\/ydea-recensione\/#breadcrumb"},"inLanguage":"it-IT","potentialAction":[{"@type":"ReadAction","target":["https:\/\/www.accuratereviews.com\/it\/crm-software-migliori-lista\/ydea-recensione\/"]}]},{"@type":"ImageObject","inLanguage":"it-IT","@id":"https:\/\/www.accuratereviews.com\/it\/crm-software-migliori-lista\/ydea-recensione\/#primaryimage","url":"https:\/\/www.accuratereviews.com\/wp-content\/uploads\/2026\/01\/Logo_Ydea.jpeg.webp","contentUrl":"https:\/\/www.accuratereviews.com\/wp-content\/uploads\/2026\/01\/Logo_Ydea.jpeg.webp","width":457,"height":204},{"@type":"BreadcrumbList","@id":"https:\/\/www.accuratereviews.com\/it\/crm-software-migliori-lista\/ydea-recensione\/#breadcrumb","itemListElement":[{"@type":"ListItem","position":1,"name":"Home","item":"https:\/\/www.accuratereviews.com\/it\/"},{"@type":"ListItem","position":2,"name":"CRM: i software migliori","item":"https:\/\/www.accuratereviews.com\/it\/crm-software-migliori-lista\/"},{"@type":"ListItem","position":3,"name":"Ydea"}]},{"@type":"WebSite","@id":"https:\/\/www.accuratereviews.com\/it\/#website","url":"https:\/\/www.accuratereviews.com\/it\/","name":"Accurate Reviews","description":"","potentialAction":[{"@type":"SearchAction","target":{"@type":"EntryPoint","urlTemplate":"https:\/\/www.accuratereviews.com\/it\/?s={search_term_string}"},"query-input":{"@type":"PropertyValueSpecification","valueRequired":true,"valueName":"search_term_string"}}],"inLanguage":"it-IT"}]}},"_links":{"self":[{"href":"https:\/\/www.accuratereviews.com\/it\/wp-json\/wp\/v2\/pages\/106319","targetHints":{"allow":["GET"]}}],"collection":[{"href":"https:\/\/www.accuratereviews.com\/it\/wp-json\/wp\/v2\/pages"}],"about":[{"href":"https:\/\/www.accuratereviews.com\/it\/wp-json\/wp\/v2\/types\/page"}],"author":[{"embeddable":true,"href":"https:\/\/www.accuratereviews.com\/it\/wp-json\/wp\/v2\/users\/19"}],"replies":[{"embeddable":true,"href":"https:\/\/www.accuratereviews.com\/it\/wp-json\/wp\/v2\/comments?post=106319"}],"version-history":[{"count":12,"href":"https:\/\/www.accuratereviews.com\/it\/wp-json\/wp\/v2\/pages\/106319\/revisions"}],"predecessor-version":[{"id":106359,"href":"https:\/\/www.accuratereviews.com\/it\/wp-json\/wp\/v2\/pages\/106319\/revisions\/106359"}],"up":[{"embeddable":true,"href":"https:\/\/www.accuratereviews.com\/it\/wp-json\/wp\/v2\/pages\/5966"}],"wp:featuredmedia":[{"embeddable":true,"href":"https:\/\/www.accuratereviews.com\/it\/wp-json\/wp\/v2\/media\/106320"}],"wp:attachment":[{"href":"https:\/\/www.accuratereviews.com\/it\/wp-json\/wp\/v2\/media?parent=106319"}],"wp:term":[{"taxonomy":"category","embeddable":true,"href":"https:\/\/www.accuratereviews.com\/it\/wp-json\/wp\/v2\/categories?post=106319"},{"taxonomy":"post_tag","embeddable":true,"href":"https:\/\/www.accuratereviews.com\/it\/wp-json\/wp\/v2\/tags?post=106319"},{"taxonomy":"features","embeddable":true,"href":"https:\/\/www.accuratereviews.com\/it\/wp-json\/wp\/v2\/features?post=106319"}],"curies":[{"name":"wp","href":"https:\/\/api.w.org\/{rel}","templated":true}]}}