{"id":106349,"date":"2026-01-21T21:17:26","date_gmt":"2026-01-21T21:17:26","guid":{"rendered":"https:\/\/www.accuratereviews.com\/?page_id=106349"},"modified":"2026-01-21T21:17:26","modified_gmt":"2026-01-21T21:17:26","slug":"teamogy-recensione","status":"publish","type":"page","link":"https:\/\/www.accuratereviews.com\/it\/crm-software-migliori-lista\/teamogy-recensione\/","title":{"rendered":"Teamogy"},"content":{"rendered":"<p><strong>Teamogy<\/strong> \u00e8 un <strong>software CRM<\/strong> che riunisce tutto in un&#8217;unica piattaforma: progetti, finanze, clienti, attivit\u00e0, documenti e comunicazione di gruppo. Questo aiuta i manager a prendere decisioni informate, i dipendenti a risparmiare tempo e le aziende a crescere in modo sostenibile. Le aziende possono pianificare e monitorare i progetti con <strong>schede Kanban<\/strong> e <strong>diagrammi di Gantt<\/strong>, utilizzare modelli pronti all&#8217;uso e monitorare i budget rispetto ai costi effettivi in \u200b\u200btempo reale.<br \/>\nLa pianificazione e il monitoraggio dettagliato del tempo garantiscono che le risorse siano sempre allocate in modo efficiente e redditizio. Le funzionalit\u00e0 di gestione finanziaria e operativa includono budget, fatturazione, monitoraggio delle spese e previsioni. Include anche la pianificazione dei costi generali interni, l&#8217;analisi dei margini e la riconciliazione degli estratti conto bancari. Ci\u00f2 consente di gestire sia i costi operativi relativi ai singoli progetti che quelli aziendali in un unico sistema.<\/p>\n<h2>TEAMOGY &#8211; TUTORIAL<\/h2>\n<div id=\"fluid-wrapper-counter-1\" class=\"g1-fluid-wrapper \" style=\"width:686px;\">\n<div style=\"padding-bottom:56.268221574344%;\"><iframe loading=\"lazy\" title=\"Business with overview I Agency at your fingertips\" width=\"686\" height=\"386\" src=\"https:\/\/www.youtube.com\/embed\/0T04Vvrh9Qs?feature=oembed&amp;wmode=transparent&amp;autohide=1&amp;autoplay=0&amp;disablekb=0&amp;fs=1&amp;loop=0&amp;enablejsapi=1&amp;rel=0&amp;controls=2&amp;showinfo=0&amp;wmode=transparent&amp;autohide=2&amp;autoplay=0&amp;disablekb=0&amp;fs=1&amp;loop=0&amp;enablejsapi=1&amp;rel=0&amp;controls=2&amp;showinfo=1\" frameborder=\"0\" allow=\"accelerometer; autoplay; clipboard-write; encrypted-media; gyroscope; picture-in-picture; web-share\" referrerpolicy=\"strict-origin-when-cross-origin\" allowfullscreen><\/iframe><\/div>\n<\/div>\n<h3>TEAMOGY &#8211; CARATTERISTICHE<\/h3>\n<ul>\n<li>Tutti i contatti aziendali centralizzati, con opzioni di segmentazione avanzate.<\/li>\n<li>Opportunit\u00e0 tracciate in modalit\u00e0 Kanban o elenco, con visualizzazione di passaggi successivi, scadenze, responsabili e date di chiusura previste.<\/li>\n<li>Discussioni basate sulle opportunit\u00e0 disponibili per i membri del team interessati con i diritti di accesso appropriati.<\/li>\n<li>Comunicazione email completa con i potenziali clienti archiviata e accessibile all&#8217;interno di ogni opportunit\u00e0.<\/li>\n<li>Monitoraggio del tempo e dell&#8217;impegno finanziario investiti in ogni opportunit\u00e0 e impostazione proattiva di limiti per mantenere tutto sotto controllo.<\/li>\n<li>Preventivi direttamente all&#8217;interno del sistema e collegamento dei preventivi approvati a progetti specifici.<\/li>\n<li>Monitoraggio di tutti i progetti in tempo reale, incluse le ore lavorate e il rispetto del tempo assegnato per attivit\u00e0.<\/li>\n<li>Durante la creazione degli ordini di acquisto, il sistema suggerisce l&#8217;importo massimo in base al budget approvato.<\/li>\n<li>Discussioni specifiche per progetto per i membri del team interessati, in base ai diritti di accesso.<\/li>\n<li>La comunicazione email completa con i clienti pu\u00f2 essere facilmente collegata a ciascun progetto, documento o attivit\u00e0, garantendo che tutte le informazioni rilevanti rimangano in un unico posto.<\/li>\n<li>Tutti i documenti relativi al progetto (ordini, contratti, resoconti delle riunioni, fatture) sono allegati centralmente al progetto.<\/li>\n<li>Fattura un progetto con un solo clic. Gli utenti autorizzati possono apportare modifiche secondo necessit\u00e0 e le fatture approvate possono essere inviate direttamente dal sistema.<\/li>\n<li>Il monitoraggio del tempo per le attivit\u00e0 \u00e8 semplice e flessibile, con molteplici opzioni di inserimento, incluso un cronometro integrato.<\/li>\n<li>Crea attivit\u00e0 singolarmente o come serie ricorrenti, oppure utilizza modelli per progetti standardizzati. \u00c8 possibile aggiungere sottoattivit\u00e0 in base alle esigenze.<\/li>\n<\/ul>\n<h4>LE RECENSIONI DEGLI UTENTI<\/h4>\n<p><strong>Lukas &#8220;Tutti i documenti importanti in perfetto ordine&#8221;<\/strong><br \/>\nSoluzione stabile, veloce e facile da usare<br \/>\n<strong>Pro<\/strong>: \u00e8 un ottimo strumento per tenere sotto controllo tutti i documenti importanti, le fatture e visualizzare il bilancio finanziario delle nostre aziende e dei nostri progetti. Tasks ci aiuta ogni giorno.<br \/>\n<strong>Contro<\/strong>: l&#8217;applicazione mobile sar\u00e0 un grande vantaggio per azioni facili<\/p>\n<p><strong>Michal &#8220;Eccezionale&#8221;<\/strong><br \/>\n<strong>Pro<\/strong>: semplice, chiaro, supporto, prezzo, assegnazione di compiti, valutazione<br \/>\n<strong>Contro<\/strong>: l&#8217;unica cosa che manca \u00e8 l&#8217;automazione della pianificazione del lavoro<\/p>\n<p><strong>Irinel &#8220;Ottimo strumento per le industrie creative&#8221;<\/strong><br \/>\nGrande<br \/>\n<strong>Pro<\/strong>: facilit\u00e0 d&#8217;uso, velocit\u00e0 di reazione, dati preziosi, buon supporto<br \/>\n<strong>Contro<\/strong>: alcune traduzioni di Google Translate e il fatto che la valuta debba essere selezionata manualmente.<\/p>\n","protected":false},"excerpt":{"rendered":"<p>Teamogy \u00e8 un software CRM che\u00a0riunisce tutto in un&#8217;unica piattaforma: progetti, finanze, clienti, attivit\u00e0, documenti e comunicazione di gruppo. Questo aiuta i manager a prendere decisioni informate, i dipendenti a risparmiare tempo e le aziende a crescere in modo sostenibile. L<\/p>\n","protected":false},"author":19,"featured_media":106350,"parent":5966,"menu_order":0,"comment_status":"open","ping_status":"closed","template":"g1_template_page_review_new.php","meta":{"_acf_changed":false,"cwp_meta_box_check":"Yes","cwp_rev_product_name":"","cwp_rev_product_image":"","wppr_links":[],"cwp_rev_price":"0.00","wppr_options":[{"name":"Usability","value":"0"},{"name":"Speed","value":"0"},{"name":"Features","value":"0"},{"name":"Support","value":"0"},{"name":"Pricing","value":"0"}],"wppr_pros":["","","","",""],"wppr_cons":["","","","",""],"_monsterinsights_skip_tracking":false,"_monsterinsights_sitenote_active":false,"_monsterinsights_sitenote_note":"","_monsterinsights_sitenote_category":0,"footnotes":""},"categories":[120],"tags":[1835,4080,427,1837,1239,16881],"features":[],"class_list":{"0":"post-106349","1":"page","2":"type-page","3":"status-publish","4":"has-post-thumbnail","6":"category-crm-it","7":"tag-crm-2-it","8":"tag-piattaforma-crm","9":"tag-programma-crm","10":"tag-software-crm-2-it","11":"tag-soluzione-crm","12":"tag-teamogy"},"wppr_data":{"cwp_meta_box_check":"Yes","_wppr_review_template":"default","cwp_rev_product_image":"","cwp_image_link":"image","wppr_links":[],"cwp_rev_price":"0.00","wppr_pros":["","","","",""],"wppr_cons":["","","","",""],"wppr_rating":"0.00","wppr_options":{"1":{"name":"Usability","value":"0"},"2":{"name":"Speed","value":"0"},"3":{"name":"Features","value":"0"},"4":{"name":"Support","value":"0"},"5":{"name":"Pricing","value":"0"}},"wppr_review_type":"Product","wppr_review_custom_fields":{"additionalProperty":"","additionalType":"","aggregateRating":"","alternateName":"","audience":"","award":"","awards":"","brand":"","color":"","depth":"","description":"","disambiguatingDescription":"","gtin12":"","gtin13":"","gtin14":"","gtin8":"","height":"","identifier":"","image":"","isAccessoryOrSparePartFor":"","isConsumableFor":"","isRelatedTo":"","isSimilarTo":"","itemCondition":"","logo":"","mainEntityOfPage":"","manufacturer":"","material":"","model":"","mpn":"","name":"","offers":"","potentialAction":"","productID":"","productionDate":"","purchaseDate":"","releaseDate":"","review":"","reviews":"","sameAs":"","sku":"","slogan":"","subjectOf":"","url":"","weight":"","width":""}},"acf":[],"yoast_head":"<!-- This site is optimized with the Yoast SEO plugin v27.4 - https:\/\/yoast.com\/product\/yoast-seo-wordpress\/ -->\n<title>Teamogy: recensione software CRM - Accurate Reviews<\/title>\n<meta name=\"description\" content=\"Teamogy: recensione sistema CRM all-in-one basato su cloud per gestire la propria attivit\u00e0 in modo chiaro, efficace e redditizio.\" \/>\n<meta name=\"robots\" content=\"index, follow, max-snippet:-1, max-image-preview:large, max-video-preview:-1\" \/>\n<link rel=\"canonical\" href=\"https:\/\/www.accuratereviews.com\/it\/crm-software-migliori-lista\/teamogy-recensione\/\" \/>\n<meta property=\"og:locale\" content=\"it_IT\" \/>\n<meta property=\"og:type\" content=\"article\" \/>\n<meta property=\"og:title\" content=\"Teamogy: recensione software CRM - Accurate Reviews\" \/>\n<meta property=\"og:description\" content=\"Teamogy: recensione sistema CRM all-in-one basato su cloud per gestire la propria attivit\u00e0 in modo chiaro, efficace e redditizio.\" \/>\n<meta property=\"og:url\" content=\"https:\/\/www.accuratereviews.com\/it\/crm-software-migliori-lista\/teamogy-recensione\/\" \/>\n<meta property=\"og:site_name\" content=\"Accurate Reviews\" \/>\n<meta property=\"og:image\" content=\"https:\/\/www.accuratereviews.com\/wp-content\/uploads\/2026\/01\/teamogy.jpeg\" \/>\n\t<meta property=\"og:image:width\" content=\"200\" \/>\n\t<meta property=\"og:image:height\" content=\"200\" \/>\n\t<meta property=\"og:image:type\" content=\"image\/jpeg\" \/>\n<meta name=\"twitter:card\" content=\"summary_large_image\" \/>\n<meta name=\"twitter:label1\" content=\"Tempo di lettura stimato\" \/>\n\t<meta name=\"twitter:data1\" content=\"4 minuti\" \/>\n<script type=\"application\/ld+json\" class=\"yoast-schema-graph\">{\"@context\":\"https:\\\/\\\/schema.org\",\"@graph\":[{\"@type\":\"WebPage\",\"@id\":\"https:\\\/\\\/www.accuratereviews.com\\\/it\\\/crm-software-migliori-lista\\\/teamogy-recensione\\\/\",\"url\":\"https:\\\/\\\/www.accuratereviews.com\\\/it\\\/crm-software-migliori-lista\\\/teamogy-recensione\\\/\",\"name\":\"Teamogy: recensione software CRM - Accurate Reviews\",\"isPartOf\":{\"@id\":\"https:\\\/\\\/www.accuratereviews.com\\\/it\\\/#website\"},\"primaryImageOfPage\":{\"@id\":\"https:\\\/\\\/www.accuratereviews.com\\\/it\\\/crm-software-migliori-lista\\\/teamogy-recensione\\\/#primaryimage\"},\"image\":{\"@id\":\"https:\\\/\\\/www.accuratereviews.com\\\/it\\\/crm-software-migliori-lista\\\/teamogy-recensione\\\/#primaryimage\"},\"thumbnailUrl\":\"https:\\\/\\\/www.accuratereviews.com\\\/wp-content\\\/uploads\\\/2026\\\/01\\\/teamogy.jpeg\",\"datePublished\":\"2026-01-21T21:17:26+00:00\",\"description\":\"Teamogy: recensione sistema CRM all-in-one basato su cloud per gestire la propria attivit\u00e0 in modo chiaro, efficace e redditizio.\",\"breadcrumb\":{\"@id\":\"https:\\\/\\\/www.accuratereviews.com\\\/it\\\/crm-software-migliori-lista\\\/teamogy-recensione\\\/#breadcrumb\"},\"inLanguage\":\"it-IT\",\"potentialAction\":[{\"@type\":\"ReadAction\",\"target\":[\"https:\\\/\\\/www.accuratereviews.com\\\/it\\\/crm-software-migliori-lista\\\/teamogy-recensione\\\/\"]}]},{\"@type\":\"ImageObject\",\"inLanguage\":\"it-IT\",\"@id\":\"https:\\\/\\\/www.accuratereviews.com\\\/it\\\/crm-software-migliori-lista\\\/teamogy-recensione\\\/#primaryimage\",\"url\":\"https:\\\/\\\/www.accuratereviews.com\\\/wp-content\\\/uploads\\\/2026\\\/01\\\/teamogy.jpeg\",\"contentUrl\":\"https:\\\/\\\/www.accuratereviews.com\\\/wp-content\\\/uploads\\\/2026\\\/01\\\/teamogy.jpeg\",\"width\":200,\"height\":200},{\"@type\":\"BreadcrumbList\",\"@id\":\"https:\\\/\\\/www.accuratereviews.com\\\/it\\\/crm-software-migliori-lista\\\/teamogy-recensione\\\/#breadcrumb\",\"itemListElement\":[{\"@type\":\"ListItem\",\"position\":1,\"name\":\"Home\",\"item\":\"https:\\\/\\\/www.accuratereviews.com\\\/it\\\/\"},{\"@type\":\"ListItem\",\"position\":2,\"name\":\"CRM: i software migliori\",\"item\":\"https:\\\/\\\/www.accuratereviews.com\\\/it\\\/crm-software-migliori-lista\\\/\"},{\"@type\":\"ListItem\",\"position\":3,\"name\":\"Teamogy\"}]},{\"@type\":\"WebSite\",\"@id\":\"https:\\\/\\\/www.accuratereviews.com\\\/it\\\/#website\",\"url\":\"https:\\\/\\\/www.accuratereviews.com\\\/it\\\/\",\"name\":\"Accurate Reviews\",\"description\":\"\",\"potentialAction\":[{\"@type\":\"SearchAction\",\"target\":{\"@type\":\"EntryPoint\",\"urlTemplate\":\"https:\\\/\\\/www.accuratereviews.com\\\/it\\\/?s={search_term_string}\"},\"query-input\":{\"@type\":\"PropertyValueSpecification\",\"valueRequired\":true,\"valueName\":\"search_term_string\"}}],\"inLanguage\":\"it-IT\"}]}<\/script>\n<!-- \/ Yoast SEO plugin. -->","yoast_head_json":{"title":"Teamogy: recensione software CRM - Accurate Reviews","description":"Teamogy: recensione sistema CRM all-in-one basato su cloud per gestire la propria attivit\u00e0 in modo chiaro, efficace e redditizio.","robots":{"index":"index","follow":"follow","max-snippet":"max-snippet:-1","max-image-preview":"max-image-preview:large","max-video-preview":"max-video-preview:-1"},"canonical":"https:\/\/www.accuratereviews.com\/it\/crm-software-migliori-lista\/teamogy-recensione\/","og_locale":"it_IT","og_type":"article","og_title":"Teamogy: recensione software CRM - Accurate Reviews","og_description":"Teamogy: recensione sistema CRM all-in-one basato su cloud per gestire la propria attivit\u00e0 in modo chiaro, efficace e redditizio.","og_url":"https:\/\/www.accuratereviews.com\/it\/crm-software-migliori-lista\/teamogy-recensione\/","og_site_name":"Accurate Reviews","og_image":[{"width":200,"height":200,"url":"https:\/\/www.accuratereviews.com\/wp-content\/uploads\/2026\/01\/teamogy.jpeg","type":"image\/jpeg"}],"twitter_card":"summary_large_image","twitter_misc":{"Tempo di lettura stimato":"4 minuti"},"schema":{"@context":"https:\/\/schema.org","@graph":[{"@type":"WebPage","@id":"https:\/\/www.accuratereviews.com\/it\/crm-software-migliori-lista\/teamogy-recensione\/","url":"https:\/\/www.accuratereviews.com\/it\/crm-software-migliori-lista\/teamogy-recensione\/","name":"Teamogy: recensione software CRM - Accurate Reviews","isPartOf":{"@id":"https:\/\/www.accuratereviews.com\/it\/#website"},"primaryImageOfPage":{"@id":"https:\/\/www.accuratereviews.com\/it\/crm-software-migliori-lista\/teamogy-recensione\/#primaryimage"},"image":{"@id":"https:\/\/www.accuratereviews.com\/it\/crm-software-migliori-lista\/teamogy-recensione\/#primaryimage"},"thumbnailUrl":"https:\/\/www.accuratereviews.com\/wp-content\/uploads\/2026\/01\/teamogy.jpeg","datePublished":"2026-01-21T21:17:26+00:00","description":"Teamogy: recensione sistema CRM all-in-one basato su cloud per gestire la propria attivit\u00e0 in modo chiaro, efficace e redditizio.","breadcrumb":{"@id":"https:\/\/www.accuratereviews.com\/it\/crm-software-migliori-lista\/teamogy-recensione\/#breadcrumb"},"inLanguage":"it-IT","potentialAction":[{"@type":"ReadAction","target":["https:\/\/www.accuratereviews.com\/it\/crm-software-migliori-lista\/teamogy-recensione\/"]}]},{"@type":"ImageObject","inLanguage":"it-IT","@id":"https:\/\/www.accuratereviews.com\/it\/crm-software-migliori-lista\/teamogy-recensione\/#primaryimage","url":"https:\/\/www.accuratereviews.com\/wp-content\/uploads\/2026\/01\/teamogy.jpeg","contentUrl":"https:\/\/www.accuratereviews.com\/wp-content\/uploads\/2026\/01\/teamogy.jpeg","width":200,"height":200},{"@type":"BreadcrumbList","@id":"https:\/\/www.accuratereviews.com\/it\/crm-software-migliori-lista\/teamogy-recensione\/#breadcrumb","itemListElement":[{"@type":"ListItem","position":1,"name":"Home","item":"https:\/\/www.accuratereviews.com\/it\/"},{"@type":"ListItem","position":2,"name":"CRM: i software migliori","item":"https:\/\/www.accuratereviews.com\/it\/crm-software-migliori-lista\/"},{"@type":"ListItem","position":3,"name":"Teamogy"}]},{"@type":"WebSite","@id":"https:\/\/www.accuratereviews.com\/it\/#website","url":"https:\/\/www.accuratereviews.com\/it\/","name":"Accurate Reviews","description":"","potentialAction":[{"@type":"SearchAction","target":{"@type":"EntryPoint","urlTemplate":"https:\/\/www.accuratereviews.com\/it\/?s={search_term_string}"},"query-input":{"@type":"PropertyValueSpecification","valueRequired":true,"valueName":"search_term_string"}}],"inLanguage":"it-IT"}]}},"_links":{"self":[{"href":"https:\/\/www.accuratereviews.com\/it\/wp-json\/wp\/v2\/pages\/106349","targetHints":{"allow":["GET"]}}],"collection":[{"href":"https:\/\/www.accuratereviews.com\/it\/wp-json\/wp\/v2\/pages"}],"about":[{"href":"https:\/\/www.accuratereviews.com\/it\/wp-json\/wp\/v2\/types\/page"}],"author":[{"embeddable":true,"href":"https:\/\/www.accuratereviews.com\/it\/wp-json\/wp\/v2\/users\/19"}],"replies":[{"embeddable":true,"href":"https:\/\/www.accuratereviews.com\/it\/wp-json\/wp\/v2\/comments?post=106349"}],"version-history":[{"count":8,"href":"https:\/\/www.accuratereviews.com\/it\/wp-json\/wp\/v2\/pages\/106349\/revisions"}],"predecessor-version":[{"id":106366,"href":"https:\/\/www.accuratereviews.com\/it\/wp-json\/wp\/v2\/pages\/106349\/revisions\/106366"}],"up":[{"embeddable":true,"href":"https:\/\/www.accuratereviews.com\/it\/wp-json\/wp\/v2\/pages\/5966"}],"wp:featuredmedia":[{"embeddable":true,"href":"https:\/\/www.accuratereviews.com\/it\/wp-json\/wp\/v2\/media\/106350"}],"wp:attachment":[{"href":"https:\/\/www.accuratereviews.com\/it\/wp-json\/wp\/v2\/media?parent=106349"}],"wp:term":[{"taxonomy":"category","embeddable":true,"href":"https:\/\/www.accuratereviews.com\/it\/wp-json\/wp\/v2\/categories?post=106349"},{"taxonomy":"post_tag","embeddable":true,"href":"https:\/\/www.accuratereviews.com\/it\/wp-json\/wp\/v2\/tags?post=106349"},{"taxonomy":"features","embeddable":true,"href":"https:\/\/www.accuratereviews.com\/it\/wp-json\/wp\/v2\/features?post=106349"}],"curies":[{"name":"wp","href":"https:\/\/api.w.org\/{rel}","templated":true}]}}