{"id":106378,"date":"2026-01-22T15:28:54","date_gmt":"2026-01-22T15:28:54","guid":{"rendered":"https:\/\/www.accuratereviews.com\/?page_id=106378"},"modified":"2026-01-23T10:29:24","modified_gmt":"2026-01-23T10:29:24","slug":"renthub-recensione","status":"publish","type":"page","link":"https:\/\/www.accuratereviews.com\/it\/crm-software-migliori-lista\/renthub-recensione\/","title":{"rendered":"Renthub"},"content":{"rendered":"<p><strong>Renthub<\/strong> \u00e8 una soluzione pensata per gli imprenditori che desiderano avere il pieno controllo della propria attivit\u00e0 grazie a un unico software. Il programma consente di migliorare l&#8217;efficienza, semplificare il processo di prenotazione, aumentare il fatturato tramite upselling, ridurre i costi di gestione, integrarsi con i sistemi esistenti e inviare i dati alla contabilit\u00e0 e al<strong> Cargo (Car Renter Guardian Operation System)<\/strong>. Migliora la soddisfazione dei tuoi clienti offrendo un&#8217;esperienza di prenotazione eccellente con un processo di ricerca e acquisto semplice, veloce e intuitivo su qualsiasi tipo di dispositivo. Prendi decisioni consapevoli.<br \/>\n<strong>Renthub<\/strong> ti offre una panoramica dei dati statistici estratti dal software di noleggio e presentati in infografiche di facile lettura. La dashboard altamente visiva e i widget suddivisi in categorie semplificano la quantificazione dei risultati e dei progressi per ogni area, con report e grafici scaricabili.<\/p>\n<h2>RENTHUB &#8211; TUTORIAL<\/h2>\n<div id=\"fluid-wrapper-counter-1\" class=\"g1-fluid-wrapper \" style=\"width:686px;\">\n<div style=\"padding-bottom:56.268221574344%;\"><iframe loading=\"lazy\" title=\"Hai mai gestito il tuo autonoleggio cos\u00ec? 12 Motivi per scegliere Renthub.\" width=\"686\" height=\"386\" src=\"https:\/\/www.youtube.com\/embed\/Et5kU0ZqM44?feature=oembed&amp;wmode=transparent&amp;autohide=1&amp;autoplay=0&amp;disablekb=0&amp;fs=1&amp;loop=0&amp;enablejsapi=1&amp;rel=0&amp;controls=2&amp;showinfo=0&amp;wmode=transparent&amp;autohide=2&amp;autoplay=0&amp;disablekb=0&amp;fs=1&amp;loop=0&amp;enablejsapi=1&amp;rel=0&amp;controls=2&amp;showinfo=1\" frameborder=\"0\" allow=\"accelerometer; autoplay; clipboard-write; encrypted-media; gyroscope; picture-in-picture; web-share\" referrerpolicy=\"strict-origin-when-cross-origin\" allowfullscreen><\/iframe><\/div>\n<\/div>\n<h3>RENTHUB &#8211; CARATTERISTICHE<\/h3>\n<ul>\n<li><strong>Dati in tempo reale<\/strong>: centralizza tutte le prenotazioni (online, offline, con i partner) per un&#8217;assegnazione e una disponibilit\u00e0 precise della flotta.<\/li>\n<li><strong>Dashboard attivit\u00e0 e avvisi<\/strong>: fornisce informazioni dettagliate sui processi in corso e notifiche immediate.<\/li>\n<li><strong>Motore di prenotazione<\/strong>: prenotazione online intuitiva con elaborazione sicura dei pagamenti (pre-autorizzazioni, archiviazione delle carte).<\/li>\n<li><strong>Check-in online<\/strong>: i clienti caricano i dati da remoto per velocizzare il ritiro, con promemoria automatici.<\/li>\n<li><strong>Firma digitale<\/strong>: per una gestione rapida e sicura dei contratti.<\/li>\n<li><strong>Fatturazione automatica<\/strong>: genera e invia fatture automaticamente.<\/li>\n<li><strong>Reporting danni<\/strong>: report digitali personalizzati con indicatori fotografici\/di progetto e tracciamento della cronologia dei danni.<\/li>\n<li><strong>App per autisti<\/strong>: gestisce la posizione degli autisti, gli incarichi e i dettagli del servizio.<\/li>\n<li><strong>Gestione veicoli<\/strong>: monitora i costi, registra i danni interni\/esterni e gestisce la disponibilit\u00e0 della flotta in base alla posizione.<\/li>\n<li><strong>Ritiro\/Consegna Assistita<\/strong>: semplifica la consegna del veicolo con l&#8217;identificazione dei danni.<\/li>\n<li><strong>Integrazione API<\/strong>: si collega ad altri sistemi e mercati esterni.<\/li>\n<li><strong>Basato sull&#8217;Intelligenza Artificiale<\/strong>: utilizza l&#8217;intelligenza artificiale per una gestione avanzata.<\/li>\n<li><strong>CRM<\/strong>: gestisce le relazioni con i clienti, gli appuntamenti e le informazioni di contatto.<\/li>\n<li><strong>Campi e report personalizzati<\/strong>: campi dati adattabili e report grafici per analisi pi\u00f9 approfondite.<\/li>\n<\/ul>\n<h4>LE RECENSIONI DEGLI UTENTI<\/h4>\n<p><strong>Manuel &#8220;Il mio pensiero&#8221;<\/strong><br \/>\nper ora posso solo dire che l&#8217;esperienza \u00e8 positiva. Ho iniziato da poco a lavorarci, sicuramente all&#8217;inizio si e un po impacciati, ma col tempo sar\u00e0 tutto molto pi\u00f9 veloce e semplice<br \/>\n<strong>Pro<\/strong>: sito molto intuitivo e ben strutturato, assistenza rapida e molto efficiente ma soprattutto con molta pazienza.<br \/>\n<strong>Contro<\/strong>: sicuramente ci sono delle migliorie da fare, per esempio aver la possibilit\u00e0 di settare le tariffe in base alla et\u00e0 del noleggiatore. creare pacchetti per i vari tipi di assicurazioni..<\/p>\n<p><strong>Mara &#8220;Ottimo Software&#8221;<\/strong><br \/>\n<strong>Pro<\/strong>: il software \u00e8 di facile utilizzo, con molte funzionalit\u00e0. L&#8217;assistenza \u00e8 veloce, gentile e sempre pronta a dare supporto.<br \/>\n<strong>Contro<\/strong>: \u00e8\u00a0macchinoso inserire i tariffari e non \u00e8 facile poterli cambiare velocemente, ma i tecnici stanno lavorando per poter caricare le tariffe con excel. Quindi a breve ci sar\u00e0 anche questa implementazione.<\/p>\n<p><strong>Matteo &#8220;Ottimo gestionale&#8221;<\/strong><br \/>\nTutto perfetto ottima esperienza consiglio a tutti di utilizzarlo<br \/>\n<strong>Pro<\/strong>: ottimo gestionale e sopratutto ottima assistenza clienti,veloci e efficaci<br \/>\n<strong>Contro<\/strong>: non ho nulla da dire di negativo su questo gestionale<\/p>\n","protected":false},"excerpt":{"rendered":"<p>Renthub \u00e8 una soluzione pensata per gli imprenditori che desiderano avere il pieno controllo della propria attivit\u00e0 grazie a un unico software. Il programma consente di migliorare l&#8217;efficienza, semplificare il processo di prenotazione, aumentare il fatturato tramite upselling, ridurre i costi di gestione, integrarsi con i sistemi esistenti e inviare i dati alla contabilit\u00e0 e al Cargo (Car Renter Guardian Operation System)<\/p>\n","protected":false},"author":19,"featured_media":106379,"parent":5966,"menu_order":0,"comment_status":"open","ping_status":"closed","template":"g1_template_page_review_new.php","meta":{"_acf_changed":false,"cwp_meta_box_check":"Yes","cwp_rev_product_name":"","cwp_rev_product_image":"","wppr_links":[],"cwp_rev_price":"0.00","wppr_options":[{"name":"Usability","value":"0"},{"name":"Speed","value":"0"},{"name":"Features","value":"0"},{"name":"Support","value":"0"},{"name":"Pricing","value":"0"}],"wppr_pros":["","","","",""],"wppr_cons":["","","","",""],"_monsterinsights_skip_tracking":false,"_monsterinsights_sitenote_active":false,"_monsterinsights_sitenote_note":"","_monsterinsights_sitenote_category":0,"footnotes":""},"categories":[120],"tags":[1835,4080,427,16882,1837,1239],"features":[],"class_list":{"0":"post-106378","1":"page","2":"type-page","3":"status-publish","4":"has-post-thumbnail","6":"category-crm-it","7":"tag-crm-2-it","8":"tag-piattaforma-crm","9":"tag-programma-crm","10":"tag-renthub","11":"tag-software-crm-2-it","12":"tag-soluzione-crm"},"wppr_data":{"cwp_meta_box_check":"Yes","_wppr_review_template":"default","cwp_rev_product_image":"","cwp_image_link":"image","wppr_links":[],"cwp_rev_price":"0.00","wppr_pros":["","","","",""],"wppr_cons":["","","","",""],"wppr_rating":"0.00","wppr_options":{"1":{"name":"Usability","value":"0"},"2":{"name":"Speed","value":"0"},"3":{"name":"Features","value":"0"},"4":{"name":"Support","value":"0"},"5":{"name":"Pricing","value":"0"}},"wppr_review_type":"Product","wppr_review_custom_fields":{"additionalProperty":"","additionalType":"","aggregateRating":"","alternateName":"","audience":"","award":"","awards":"","brand":"","color":"","depth":"","description":"","disambiguatingDescription":"","gtin12":"","gtin13":"","gtin14":"","gtin8":"","height":"","identifier":"","image":"","isAccessoryOrSparePartFor":"","isConsumableFor":"","isRelatedTo":"","isSimilarTo":"","itemCondition":"","logo":"","mainEntityOfPage":"","manufacturer":"","material":"","model":"","mpn":"","name":"","offers":"","potentialAction":"","productID":"","productionDate":"","purchaseDate":"","releaseDate":"","review":"","reviews":"","sameAs":"","sku":"","slogan":"","subjectOf":"","url":"","weight":"","width":""}},"acf":[],"yoast_head":"<!-- This site is optimized with the Yoast SEO plugin v27.4 - https:\/\/yoast.com\/product\/yoast-seo-wordpress\/ -->\n<title>Renthub: recensione software CRM - Accurate Reviews<\/title>\n<meta name=\"description\" content=\"Renthub: recensione soluzione per gli imprenditori che \u00a0desiderano avere il pieno controllo della propria attivit\u00e0 grazie a un unico software.\" \/>\n<meta name=\"robots\" content=\"index, follow, max-snippet:-1, max-image-preview:large, max-video-preview:-1\" \/>\n<link rel=\"canonical\" href=\"https:\/\/www.accuratereviews.com\/it\/crm-software-migliori-lista\/renthub-recensione\/\" \/>\n<meta property=\"og:locale\" content=\"it_IT\" \/>\n<meta property=\"og:type\" content=\"article\" \/>\n<meta property=\"og:title\" content=\"Renthub: recensione software CRM - Accurate Reviews\" \/>\n<meta property=\"og:description\" content=\"Renthub: recensione soluzione per gli imprenditori che \u00a0desiderano avere il pieno controllo della propria attivit\u00e0 grazie a un unico software.\" \/>\n<meta property=\"og:url\" content=\"https:\/\/www.accuratereviews.com\/it\/crm-software-migliori-lista\/renthub-recensione\/\" \/>\n<meta property=\"og:site_name\" content=\"Accurate Reviews\" \/>\n<meta property=\"article:modified_time\" content=\"2026-01-23T10:29:24+00:00\" \/>\n<meta property=\"og:image\" content=\"https:\/\/www.accuratereviews.com\/wp-content\/uploads\/2026\/01\/Renthub.jpg\" \/>\n\t<meta property=\"og:image:width\" content=\"900\" \/>\n\t<meta property=\"og:image:height\" content=\"900\" \/>\n\t<meta property=\"og:image:type\" content=\"image\/jpeg\" \/>\n<meta name=\"twitter:card\" content=\"summary_large_image\" \/>\n<meta name=\"twitter:label1\" content=\"Tempo di lettura stimato\" \/>\n\t<meta name=\"twitter:data1\" content=\"4 minuti\" \/>\n<script type=\"application\/ld+json\" class=\"yoast-schema-graph\">{\"@context\":\"https:\\\/\\\/schema.org\",\"@graph\":[{\"@type\":\"WebPage\",\"@id\":\"https:\\\/\\\/www.accuratereviews.com\\\/it\\\/crm-software-migliori-lista\\\/renthub-recensione\\\/\",\"url\":\"https:\\\/\\\/www.accuratereviews.com\\\/it\\\/crm-software-migliori-lista\\\/renthub-recensione\\\/\",\"name\":\"Renthub: recensione software CRM - Accurate Reviews\",\"isPartOf\":{\"@id\":\"https:\\\/\\\/www.accuratereviews.com\\\/it\\\/#website\"},\"primaryImageOfPage\":{\"@id\":\"https:\\\/\\\/www.accuratereviews.com\\\/it\\\/crm-software-migliori-lista\\\/renthub-recensione\\\/#primaryimage\"},\"image\":{\"@id\":\"https:\\\/\\\/www.accuratereviews.com\\\/it\\\/crm-software-migliori-lista\\\/renthub-recensione\\\/#primaryimage\"},\"thumbnailUrl\":\"https:\\\/\\\/www.accuratereviews.com\\\/wp-content\\\/uploads\\\/2026\\\/01\\\/Renthub.jpg\",\"datePublished\":\"2026-01-22T15:28:54+00:00\",\"dateModified\":\"2026-01-23T10:29:24+00:00\",\"description\":\"Renthub: recensione soluzione per gli imprenditori che \u00a0desiderano avere il pieno controllo della propria attivit\u00e0 grazie a un unico software.\",\"breadcrumb\":{\"@id\":\"https:\\\/\\\/www.accuratereviews.com\\\/it\\\/crm-software-migliori-lista\\\/renthub-recensione\\\/#breadcrumb\"},\"inLanguage\":\"it-IT\",\"potentialAction\":[{\"@type\":\"ReadAction\",\"target\":[\"https:\\\/\\\/www.accuratereviews.com\\\/it\\\/crm-software-migliori-lista\\\/renthub-recensione\\\/\"]}]},{\"@type\":\"ImageObject\",\"inLanguage\":\"it-IT\",\"@id\":\"https:\\\/\\\/www.accuratereviews.com\\\/it\\\/crm-software-migliori-lista\\\/renthub-recensione\\\/#primaryimage\",\"url\":\"https:\\\/\\\/www.accuratereviews.com\\\/wp-content\\\/uploads\\\/2026\\\/01\\\/Renthub.jpg\",\"contentUrl\":\"https:\\\/\\\/www.accuratereviews.com\\\/wp-content\\\/uploads\\\/2026\\\/01\\\/Renthub.jpg\",\"width\":900,\"height\":900},{\"@type\":\"BreadcrumbList\",\"@id\":\"https:\\\/\\\/www.accuratereviews.com\\\/it\\\/crm-software-migliori-lista\\\/renthub-recensione\\\/#breadcrumb\",\"itemListElement\":[{\"@type\":\"ListItem\",\"position\":1,\"name\":\"Home\",\"item\":\"https:\\\/\\\/www.accuratereviews.com\\\/it\\\/\"},{\"@type\":\"ListItem\",\"position\":2,\"name\":\"CRM: i software migliori\",\"item\":\"https:\\\/\\\/www.accuratereviews.com\\\/it\\\/crm-software-migliori-lista\\\/\"},{\"@type\":\"ListItem\",\"position\":3,\"name\":\"Renthub\"}]},{\"@type\":\"WebSite\",\"@id\":\"https:\\\/\\\/www.accuratereviews.com\\\/it\\\/#website\",\"url\":\"https:\\\/\\\/www.accuratereviews.com\\\/it\\\/\",\"name\":\"Accurate Reviews\",\"description\":\"\",\"potentialAction\":[{\"@type\":\"SearchAction\",\"target\":{\"@type\":\"EntryPoint\",\"urlTemplate\":\"https:\\\/\\\/www.accuratereviews.com\\\/it\\\/?s={search_term_string}\"},\"query-input\":{\"@type\":\"PropertyValueSpecification\",\"valueRequired\":true,\"valueName\":\"search_term_string\"}}],\"inLanguage\":\"it-IT\"}]}<\/script>\n<!-- \/ Yoast SEO plugin. -->","yoast_head_json":{"title":"Renthub: recensione software CRM - Accurate Reviews","description":"Renthub: recensione soluzione per gli imprenditori che \u00a0desiderano avere il pieno controllo della propria attivit\u00e0 grazie a un unico software.","robots":{"index":"index","follow":"follow","max-snippet":"max-snippet:-1","max-image-preview":"max-image-preview:large","max-video-preview":"max-video-preview:-1"},"canonical":"https:\/\/www.accuratereviews.com\/it\/crm-software-migliori-lista\/renthub-recensione\/","og_locale":"it_IT","og_type":"article","og_title":"Renthub: recensione software CRM - Accurate Reviews","og_description":"Renthub: recensione soluzione per gli imprenditori che \u00a0desiderano avere il pieno controllo della propria attivit\u00e0 grazie a un unico software.","og_url":"https:\/\/www.accuratereviews.com\/it\/crm-software-migliori-lista\/renthub-recensione\/","og_site_name":"Accurate Reviews","article_modified_time":"2026-01-23T10:29:24+00:00","og_image":[{"width":900,"height":900,"url":"https:\/\/www.accuratereviews.com\/wp-content\/uploads\/2026\/01\/Renthub.jpg","type":"image\/jpeg"}],"twitter_card":"summary_large_image","twitter_misc":{"Tempo di lettura stimato":"4 minuti"},"schema":{"@context":"https:\/\/schema.org","@graph":[{"@type":"WebPage","@id":"https:\/\/www.accuratereviews.com\/it\/crm-software-migliori-lista\/renthub-recensione\/","url":"https:\/\/www.accuratereviews.com\/it\/crm-software-migliori-lista\/renthub-recensione\/","name":"Renthub: recensione software CRM - Accurate Reviews","isPartOf":{"@id":"https:\/\/www.accuratereviews.com\/it\/#website"},"primaryImageOfPage":{"@id":"https:\/\/www.accuratereviews.com\/it\/crm-software-migliori-lista\/renthub-recensione\/#primaryimage"},"image":{"@id":"https:\/\/www.accuratereviews.com\/it\/crm-software-migliori-lista\/renthub-recensione\/#primaryimage"},"thumbnailUrl":"https:\/\/www.accuratereviews.com\/wp-content\/uploads\/2026\/01\/Renthub.jpg","datePublished":"2026-01-22T15:28:54+00:00","dateModified":"2026-01-23T10:29:24+00:00","description":"Renthub: recensione soluzione per gli imprenditori che \u00a0desiderano avere il pieno controllo della propria attivit\u00e0 grazie a un unico software.","breadcrumb":{"@id":"https:\/\/www.accuratereviews.com\/it\/crm-software-migliori-lista\/renthub-recensione\/#breadcrumb"},"inLanguage":"it-IT","potentialAction":[{"@type":"ReadAction","target":["https:\/\/www.accuratereviews.com\/it\/crm-software-migliori-lista\/renthub-recensione\/"]}]},{"@type":"ImageObject","inLanguage":"it-IT","@id":"https:\/\/www.accuratereviews.com\/it\/crm-software-migliori-lista\/renthub-recensione\/#primaryimage","url":"https:\/\/www.accuratereviews.com\/wp-content\/uploads\/2026\/01\/Renthub.jpg","contentUrl":"https:\/\/www.accuratereviews.com\/wp-content\/uploads\/2026\/01\/Renthub.jpg","width":900,"height":900},{"@type":"BreadcrumbList","@id":"https:\/\/www.accuratereviews.com\/it\/crm-software-migliori-lista\/renthub-recensione\/#breadcrumb","itemListElement":[{"@type":"ListItem","position":1,"name":"Home","item":"https:\/\/www.accuratereviews.com\/it\/"},{"@type":"ListItem","position":2,"name":"CRM: i software migliori","item":"https:\/\/www.accuratereviews.com\/it\/crm-software-migliori-lista\/"},{"@type":"ListItem","position":3,"name":"Renthub"}]},{"@type":"WebSite","@id":"https:\/\/www.accuratereviews.com\/it\/#website","url":"https:\/\/www.accuratereviews.com\/it\/","name":"Accurate Reviews","description":"","potentialAction":[{"@type":"SearchAction","target":{"@type":"EntryPoint","urlTemplate":"https:\/\/www.accuratereviews.com\/it\/?s={search_term_string}"},"query-input":{"@type":"PropertyValueSpecification","valueRequired":true,"valueName":"search_term_string"}}],"inLanguage":"it-IT"}]}},"_links":{"self":[{"href":"https:\/\/www.accuratereviews.com\/it\/wp-json\/wp\/v2\/pages\/106378","targetHints":{"allow":["GET"]}}],"collection":[{"href":"https:\/\/www.accuratereviews.com\/it\/wp-json\/wp\/v2\/pages"}],"about":[{"href":"https:\/\/www.accuratereviews.com\/it\/wp-json\/wp\/v2\/types\/page"}],"author":[{"embeddable":true,"href":"https:\/\/www.accuratereviews.com\/it\/wp-json\/wp\/v2\/users\/19"}],"replies":[{"embeddable":true,"href":"https:\/\/www.accuratereviews.com\/it\/wp-json\/wp\/v2\/comments?post=106378"}],"version-history":[{"count":8,"href":"https:\/\/www.accuratereviews.com\/it\/wp-json\/wp\/v2\/pages\/106378\/revisions"}],"predecessor-version":[{"id":106415,"href":"https:\/\/www.accuratereviews.com\/it\/wp-json\/wp\/v2\/pages\/106378\/revisions\/106415"}],"up":[{"embeddable":true,"href":"https:\/\/www.accuratereviews.com\/it\/wp-json\/wp\/v2\/pages\/5966"}],"wp:featuredmedia":[{"embeddable":true,"href":"https:\/\/www.accuratereviews.com\/it\/wp-json\/wp\/v2\/media\/106379"}],"wp:attachment":[{"href":"https:\/\/www.accuratereviews.com\/it\/wp-json\/wp\/v2\/media?parent=106378"}],"wp:term":[{"taxonomy":"category","embeddable":true,"href":"https:\/\/www.accuratereviews.com\/it\/wp-json\/wp\/v2\/categories?post=106378"},{"taxonomy":"post_tag","embeddable":true,"href":"https:\/\/www.accuratereviews.com\/it\/wp-json\/wp\/v2\/tags?post=106378"},{"taxonomy":"features","embeddable":true,"href":"https:\/\/www.accuratereviews.com\/it\/wp-json\/wp\/v2\/features?post=106378"}],"curies":[{"name":"wp","href":"https:\/\/api.w.org\/{rel}","templated":true}]}}