{"id":106472,"date":"2026-01-28T14:17:13","date_gmt":"2026-01-28T14:17:13","guid":{"rendered":"https:\/\/www.accuratereviews.com\/?page_id=106472"},"modified":"2026-02-08T08:25:23","modified_gmt":"2026-02-08T08:25:23","slug":"comanage-recensione","status":"publish","type":"page","link":"https:\/\/www.accuratereviews.com\/it\/crm-software-migliori-lista\/comanage-recensione\/","title":{"rendered":"CoManage"},"content":{"rendered":"<p><strong>CoManage<\/strong> \u00e8 una soluzione di gestione aziendale progettata per facilitare l&#8217;amministrazione e la fatturazione aziendale per le piccole e medie imprese. Consente alle aziende di gestire fatture, costi, prodotti, servizi, clienti, monitoraggio dei progetti, proposte e altro ancora. Gli utenti possono collaborare con i membri del team, aggiungere membri e assegnare accessi basati sui ruoli alle aree della piattaforma. Le funzionalit\u00e0 principali della piattaforma includono una <strong>dashboard visiva<\/strong>, il confronto dei ricavi, la generazione di fatture con un clic, promemoria automatici, modelli personalizzati, monitoraggio delle email, elaborazione automatica dei documenti e altro ancora.<br \/>\n<strong>CoManage<\/strong> consente agli utenti di gestire progetti e offerte tramite accesso basato sui ruoli, con strumenti per la collaborazione, il calcolo automatico dei costi e il monitoraggio delle proposte commerciali. Permette agli utenti d<strong>i archiviare e gestire i contatti<\/strong> da una posizione centralizzata. Inoltre, la piattaforma supporta pi\u00f9 lingue e valute.<\/p>\n<h2>COMANAGE &#8211; TUTORIAL<\/h2>\n<div id=\"fluid-wrapper-counter-1\" class=\"g1-fluid-wrapper \" style=\"width:686px;\">\n<div style=\"padding-bottom:56.268221574344%;\"><iframe loading=\"lazy\" title=\"CoManage - Last van wanbetalers?\" width=\"217\" height=\"386\" src=\"https:\/\/www.youtube.com\/embed\/3AO9QTlT3Lw?feature=oembed&amp;wmode=transparent&amp;autohide=1&amp;autoplay=0&amp;disablekb=0&amp;fs=1&amp;loop=0&amp;enablejsapi=1&amp;rel=0&amp;controls=2&amp;showinfo=0&amp;wmode=transparent&amp;autohide=2&amp;autoplay=0&amp;disablekb=0&amp;fs=1&amp;loop=0&amp;enablejsapi=1&amp;rel=0&amp;controls=2&amp;showinfo=1\" frameborder=\"0\" allow=\"accelerometer; autoplay; clipboard-write; encrypted-media; gyroscope; picture-in-picture; web-share\" referrerpolicy=\"strict-origin-when-cross-origin\" allowfullscreen><\/iframe><\/div>\n<\/div>\n<h3>COMANAGE &#8211; CARATTERISTICHE<\/h3>\n<ul>\n<li>Dalla fatturazione alla registrazione delle ore di lavoro, fino alla gestione chiara dei progetti.<\/li>\n<li>Gestisci facilmente i tuoi clienti<\/li>\n<li>D&#8217;ora in poi, fattura senza errori.<\/li>\n<li>Risparmia un sacco di tempo grazie all&#8217;interfaccia intuitiva.<\/li>\n<li>Crea un preventivo corretto e professionale<\/li>\n<li>Completamente personalizzato per piccole imprese e liberi professionisti.<\/li>\n<li>Ottieni le informazioni di cui hai bisogno su tutti i tuoi dati finanziari<\/li>\n<li>I tuoi dati aziendali sempre a portata di mano<\/li>\n<li>Scegli tra diversi modelli di preventivo<\/li>\n<li>Invia o scarica il tuo preventivo in PDF<\/li>\n<li>Visualizzazione in tempo reale dei tuoi dati e delle fatture in sospeso<\/li>\n<li>Esporta i tuoi dati aziendali in Excel<\/li>\n<li>Scopri le possibilit\u00e0 di Chat-GPT<\/li>\n<li>Genera descrizioni di prodotto<\/li>\n<li>Riscrivi i contenuti e traducili<\/li>\n<li>Assistenza online 7 giorni su 7 tramite chat<\/li>\n<li>Video tutorial<\/li>\n<\/ul>\n<h4>LE RECENSIONI DEGLI UTENTI<\/h4>\n<p><strong>Yassine &#8220;CoManage \u00e8 di gran lunga lo strumento online pi\u00f9 intuitivo per la fatturazione.&#8221;<\/strong><br \/>\nFacile fatturazione e follow-up online!<br \/>\n<strong>Pro<\/strong>: L&#8217;aggiornamento atteso da tempo \u00e8 un vero successo. Men\u00f9 semplici e un modo divertente per gestire le mie bollette. Non ho ancora utilizzato gli altri strumenti, ma sono molto curioso e non vedo l&#8217;ora di iniziare a usarli.<br \/>\n<strong>Contro<\/strong>: purtroppo i puntini rossi e verdi per l&#8217;assegnazione delle fatture pagate o non pagate sono spariti. \u00c8 l&#8217;unica cosa che, a mio parere, necessita di miglioramenti.<\/p>\n<p><strong>Bob &#8220;CoManage mi ha salvato la vita! Pi\u00f9 tempo per concentrarsi sulle cose essenziali, alzando l&#8217;asticella della qualit\u00e0.&#8221;<\/strong><br \/>\n<strong>Pro<\/strong>: flusso di lavoro veloce, interfaccia utente facile da usare e molto attraente. Il software mi fornisce informazioni dettagliate sulle statistiche delle mie aziende. Fornisce una buona panoramica di tutti i progetti in corso o completati. Posso scrivere e inviare 5 fatture diverse pi\u00f9 velocemente che preparare un panino. La vita \u00e8 bella.<br \/>\n<strong>Contro<\/strong>: se mi viene in mente una cosa&#8230; ho dei clienti professionali stranieri che non devono pagare le tasse belghe. Sarebbe molto utile se ci fosse un&#8217;opzione automatica che non addebiti l&#8217;IVA ai clienti stranieri.<\/p>\n<p><strong>Steven &#8220;Sito web molto intuitivo per creare fatture e avere una panoramica&#8221;<\/strong><br \/>\nRisparmia tempo.<br \/>\n<strong>Pro<\/strong>: la panoramica e la facilit\u00e0 d&#8217;uso. Le fatture hanno un aspetto molto ordinato e professionale e offrono una buona panoramica del fatturato mensile e trimestrale. Anche la fatturazione \u00e8 molto veloce.<br \/>\n<strong>Contro<\/strong>: una volta mi \u00e8 capitato che si verificasse un errore con una fattura, quindi mi sono ritrovato con una fattura vuota perch\u00e9 non potevo pi\u00f9 eliminarla. A volte sarebbe pi\u00f9 comodo aprire il sito su un dispositivo mobile.<\/p>\n","protected":false},"excerpt":{"rendered":"<p>CoManage \u00e8 una soluzione di gestione aziendale progettata per facilitare l&#8217;amministrazione e la fatturazione aziendale per le piccole e medie imprese. Consente alle aziende di gestire fatture, costi, prodotti, servizi, clienti, monitoraggio dei progetti, proposte e altro ancora.<\/p>\n","protected":false},"author":19,"featured_media":106474,"parent":5966,"menu_order":0,"comment_status":"open","ping_status":"closed","template":"g1_template_page_review_new.php","meta":{"_acf_changed":false,"cwp_meta_box_check":"No","cwp_rev_product_name":"","cwp_rev_product_image":"","wppr_links":[],"cwp_rev_price":"","wppr_options":[],"wppr_pros":[],"wppr_cons":[],"_monsterinsights_skip_tracking":false,"_monsterinsights_sitenote_active":false,"_monsterinsights_sitenote_note":"","_monsterinsights_sitenote_category":0,"footnotes":""},"categories":[120],"tags":[16894,1835,4080,427,1837,1239],"features":[],"class_list":{"0":"post-106472","1":"page","2":"type-page","3":"status-publish","4":"has-post-thumbnail","6":"category-crm-it","7":"tag-comanage","8":"tag-crm-2-it","9":"tag-piattaforma-crm","10":"tag-programma-crm","11":"tag-software-crm-2-it","12":"tag-soluzione-crm"},"wppr_data":{"cwp_meta_box_check":"No"},"acf":[],"yoast_head":"<!-- This site is optimized with the Yoast SEO plugin v27.4 - https:\/\/yoast.com\/product\/yoast-seo-wordpress\/ -->\n<title>CoManage: recensione software CRM - Accurate Reviews<\/title>\n<meta name=\"description\" content=\"CoManage: recensione soluzione CRM progettata per facilitare l&#039;amministrazione e la fatturazione aziendale per le piccole e medie imprese.\" \/>\n<meta name=\"robots\" content=\"index, follow, max-snippet:-1, max-image-preview:large, max-video-preview:-1\" \/>\n<link rel=\"canonical\" href=\"https:\/\/www.accuratereviews.com\/it\/crm-software-migliori-lista\/comanage-recensione\/\" \/>\n<meta property=\"og:locale\" content=\"it_IT\" \/>\n<meta property=\"og:type\" content=\"article\" \/>\n<meta property=\"og:title\" content=\"CoManage: recensione software CRM - Accurate Reviews\" \/>\n<meta property=\"og:description\" content=\"CoManage: recensione soluzione CRM progettata per facilitare l&#039;amministrazione e la fatturazione aziendale per le piccole e medie imprese.\" \/>\n<meta property=\"og:url\" content=\"https:\/\/www.accuratereviews.com\/it\/crm-software-migliori-lista\/comanage-recensione\/\" \/>\n<meta property=\"og:site_name\" content=\"Accurate Reviews\" \/>\n<meta property=\"article:modified_time\" content=\"2026-02-08T08:25:23+00:00\" \/>\n<meta property=\"og:image\" content=\"https:\/\/www.accuratereviews.com\/wp-content\/uploads\/2026\/01\/CoManage.png\" \/>\n\t<meta property=\"og:image:width\" content=\"224\" \/>\n\t<meta property=\"og:image:height\" content=\"225\" \/>\n\t<meta property=\"og:image:type\" content=\"image\/png\" \/>\n<meta name=\"twitter:card\" content=\"summary_large_image\" \/>\n<meta name=\"twitter:label1\" content=\"Tempo di lettura stimato\" \/>\n\t<meta name=\"twitter:data1\" content=\"5 minuti\" \/>\n<script type=\"application\/ld+json\" class=\"yoast-schema-graph\">{\"@context\":\"https:\\\/\\\/schema.org\",\"@graph\":[{\"@type\":\"WebPage\",\"@id\":\"https:\\\/\\\/www.accuratereviews.com\\\/it\\\/crm-software-migliori-lista\\\/comanage-recensione\\\/\",\"url\":\"https:\\\/\\\/www.accuratereviews.com\\\/it\\\/crm-software-migliori-lista\\\/comanage-recensione\\\/\",\"name\":\"CoManage: recensione software CRM - Accurate Reviews\",\"isPartOf\":{\"@id\":\"https:\\\/\\\/www.accuratereviews.com\\\/it\\\/#website\"},\"primaryImageOfPage\":{\"@id\":\"https:\\\/\\\/www.accuratereviews.com\\\/it\\\/crm-software-migliori-lista\\\/comanage-recensione\\\/#primaryimage\"},\"image\":{\"@id\":\"https:\\\/\\\/www.accuratereviews.com\\\/it\\\/crm-software-migliori-lista\\\/comanage-recensione\\\/#primaryimage\"},\"thumbnailUrl\":\"https:\\\/\\\/www.accuratereviews.com\\\/wp-content\\\/uploads\\\/2026\\\/01\\\/CoManage.png\",\"datePublished\":\"2026-01-28T14:17:13+00:00\",\"dateModified\":\"2026-02-08T08:25:23+00:00\",\"description\":\"CoManage: recensione soluzione CRM progettata per facilitare l'amministrazione e la fatturazione aziendale per le piccole e medie imprese.\",\"breadcrumb\":{\"@id\":\"https:\\\/\\\/www.accuratereviews.com\\\/it\\\/crm-software-migliori-lista\\\/comanage-recensione\\\/#breadcrumb\"},\"inLanguage\":\"it-IT\",\"potentialAction\":[{\"@type\":\"ReadAction\",\"target\":[\"https:\\\/\\\/www.accuratereviews.com\\\/it\\\/crm-software-migliori-lista\\\/comanage-recensione\\\/\"]}]},{\"@type\":\"ImageObject\",\"inLanguage\":\"it-IT\",\"@id\":\"https:\\\/\\\/www.accuratereviews.com\\\/it\\\/crm-software-migliori-lista\\\/comanage-recensione\\\/#primaryimage\",\"url\":\"https:\\\/\\\/www.accuratereviews.com\\\/wp-content\\\/uploads\\\/2026\\\/01\\\/CoManage.png\",\"contentUrl\":\"https:\\\/\\\/www.accuratereviews.com\\\/wp-content\\\/uploads\\\/2026\\\/01\\\/CoManage.png\",\"width\":224,\"height\":225},{\"@type\":\"BreadcrumbList\",\"@id\":\"https:\\\/\\\/www.accuratereviews.com\\\/it\\\/crm-software-migliori-lista\\\/comanage-recensione\\\/#breadcrumb\",\"itemListElement\":[{\"@type\":\"ListItem\",\"position\":1,\"name\":\"Home\",\"item\":\"https:\\\/\\\/www.accuratereviews.com\\\/it\\\/\"},{\"@type\":\"ListItem\",\"position\":2,\"name\":\"CRM: i software migliori\",\"item\":\"https:\\\/\\\/www.accuratereviews.com\\\/it\\\/crm-software-migliori-lista\\\/\"},{\"@type\":\"ListItem\",\"position\":3,\"name\":\"CoManage\"}]},{\"@type\":\"WebSite\",\"@id\":\"https:\\\/\\\/www.accuratereviews.com\\\/it\\\/#website\",\"url\":\"https:\\\/\\\/www.accuratereviews.com\\\/it\\\/\",\"name\":\"Accurate Reviews\",\"description\":\"\",\"potentialAction\":[{\"@type\":\"SearchAction\",\"target\":{\"@type\":\"EntryPoint\",\"urlTemplate\":\"https:\\\/\\\/www.accuratereviews.com\\\/it\\\/?s={search_term_string}\"},\"query-input\":{\"@type\":\"PropertyValueSpecification\",\"valueRequired\":true,\"valueName\":\"search_term_string\"}}],\"inLanguage\":\"it-IT\"}]}<\/script>\n<!-- \/ Yoast SEO plugin. -->","yoast_head_json":{"title":"CoManage: recensione software CRM - Accurate Reviews","description":"CoManage: recensione soluzione CRM progettata per facilitare l'amministrazione e la fatturazione aziendale per le piccole e medie imprese.","robots":{"index":"index","follow":"follow","max-snippet":"max-snippet:-1","max-image-preview":"max-image-preview:large","max-video-preview":"max-video-preview:-1"},"canonical":"https:\/\/www.accuratereviews.com\/it\/crm-software-migliori-lista\/comanage-recensione\/","og_locale":"it_IT","og_type":"article","og_title":"CoManage: recensione software CRM - Accurate Reviews","og_description":"CoManage: recensione soluzione CRM progettata per facilitare l'amministrazione e la fatturazione aziendale per le piccole e medie imprese.","og_url":"https:\/\/www.accuratereviews.com\/it\/crm-software-migliori-lista\/comanage-recensione\/","og_site_name":"Accurate Reviews","article_modified_time":"2026-02-08T08:25:23+00:00","og_image":[{"width":224,"height":225,"url":"https:\/\/www.accuratereviews.com\/wp-content\/uploads\/2026\/01\/CoManage.png","type":"image\/png"}],"twitter_card":"summary_large_image","twitter_misc":{"Tempo di lettura stimato":"5 minuti"},"schema":{"@context":"https:\/\/schema.org","@graph":[{"@type":"WebPage","@id":"https:\/\/www.accuratereviews.com\/it\/crm-software-migliori-lista\/comanage-recensione\/","url":"https:\/\/www.accuratereviews.com\/it\/crm-software-migliori-lista\/comanage-recensione\/","name":"CoManage: recensione software CRM - Accurate Reviews","isPartOf":{"@id":"https:\/\/www.accuratereviews.com\/it\/#website"},"primaryImageOfPage":{"@id":"https:\/\/www.accuratereviews.com\/it\/crm-software-migliori-lista\/comanage-recensione\/#primaryimage"},"image":{"@id":"https:\/\/www.accuratereviews.com\/it\/crm-software-migliori-lista\/comanage-recensione\/#primaryimage"},"thumbnailUrl":"https:\/\/www.accuratereviews.com\/wp-content\/uploads\/2026\/01\/CoManage.png","datePublished":"2026-01-28T14:17:13+00:00","dateModified":"2026-02-08T08:25:23+00:00","description":"CoManage: recensione soluzione CRM progettata per facilitare l'amministrazione e la fatturazione aziendale per le piccole e medie imprese.","breadcrumb":{"@id":"https:\/\/www.accuratereviews.com\/it\/crm-software-migliori-lista\/comanage-recensione\/#breadcrumb"},"inLanguage":"it-IT","potentialAction":[{"@type":"ReadAction","target":["https:\/\/www.accuratereviews.com\/it\/crm-software-migliori-lista\/comanage-recensione\/"]}]},{"@type":"ImageObject","inLanguage":"it-IT","@id":"https:\/\/www.accuratereviews.com\/it\/crm-software-migliori-lista\/comanage-recensione\/#primaryimage","url":"https:\/\/www.accuratereviews.com\/wp-content\/uploads\/2026\/01\/CoManage.png","contentUrl":"https:\/\/www.accuratereviews.com\/wp-content\/uploads\/2026\/01\/CoManage.png","width":224,"height":225},{"@type":"BreadcrumbList","@id":"https:\/\/www.accuratereviews.com\/it\/crm-software-migliori-lista\/comanage-recensione\/#breadcrumb","itemListElement":[{"@type":"ListItem","position":1,"name":"Home","item":"https:\/\/www.accuratereviews.com\/it\/"},{"@type":"ListItem","position":2,"name":"CRM: i software migliori","item":"https:\/\/www.accuratereviews.com\/it\/crm-software-migliori-lista\/"},{"@type":"ListItem","position":3,"name":"CoManage"}]},{"@type":"WebSite","@id":"https:\/\/www.accuratereviews.com\/it\/#website","url":"https:\/\/www.accuratereviews.com\/it\/","name":"Accurate Reviews","description":"","potentialAction":[{"@type":"SearchAction","target":{"@type":"EntryPoint","urlTemplate":"https:\/\/www.accuratereviews.com\/it\/?s={search_term_string}"},"query-input":{"@type":"PropertyValueSpecification","valueRequired":true,"valueName":"search_term_string"}}],"inLanguage":"it-IT"}]}},"_links":{"self":[{"href":"https:\/\/www.accuratereviews.com\/it\/wp-json\/wp\/v2\/pages\/106472","targetHints":{"allow":["GET"]}}],"collection":[{"href":"https:\/\/www.accuratereviews.com\/it\/wp-json\/wp\/v2\/pages"}],"about":[{"href":"https:\/\/www.accuratereviews.com\/it\/wp-json\/wp\/v2\/types\/page"}],"author":[{"embeddable":true,"href":"https:\/\/www.accuratereviews.com\/it\/wp-json\/wp\/v2\/users\/19"}],"replies":[{"embeddable":true,"href":"https:\/\/www.accuratereviews.com\/it\/wp-json\/wp\/v2\/comments?post=106472"}],"version-history":[{"count":8,"href":"https:\/\/www.accuratereviews.com\/it\/wp-json\/wp\/v2\/pages\/106472\/revisions"}],"predecessor-version":[{"id":106496,"href":"https:\/\/www.accuratereviews.com\/it\/wp-json\/wp\/v2\/pages\/106472\/revisions\/106496"}],"up":[{"embeddable":true,"href":"https:\/\/www.accuratereviews.com\/it\/wp-json\/wp\/v2\/pages\/5966"}],"wp:featuredmedia":[{"embeddable":true,"href":"https:\/\/www.accuratereviews.com\/it\/wp-json\/wp\/v2\/media\/106474"}],"wp:attachment":[{"href":"https:\/\/www.accuratereviews.com\/it\/wp-json\/wp\/v2\/media?parent=106472"}],"wp:term":[{"taxonomy":"category","embeddable":true,"href":"https:\/\/www.accuratereviews.com\/it\/wp-json\/wp\/v2\/categories?post=106472"},{"taxonomy":"post_tag","embeddable":true,"href":"https:\/\/www.accuratereviews.com\/it\/wp-json\/wp\/v2\/tags?post=106472"},{"taxonomy":"features","embeddable":true,"href":"https:\/\/www.accuratereviews.com\/it\/wp-json\/wp\/v2\/features?post=106472"}],"curies":[{"name":"wp","href":"https:\/\/api.w.org\/{rel}","templated":true}]}}