{"id":106498,"date":"2026-01-29T21:25:43","date_gmt":"2026-01-29T21:25:43","guid":{"rendered":"https:\/\/www.accuratereviews.com\/?page_id=106498"},"modified":"2026-01-29T21:25:43","modified_gmt":"2026-01-29T21:25:43","slug":"vogsy-recensione","status":"publish","type":"page","link":"https:\/\/www.accuratereviews.com\/it\/crm-software-migliori-lista\/vogsy-recensione\/","title":{"rendered":"Vogsy"},"content":{"rendered":"<p><strong>Vogsy<\/strong> \u00e8 una <strong>piattaforma unificata per progetti e risorse<\/strong> che semplifica il monitoraggio dei progetti <strong>internazionali<\/strong> e la connessione di pacchetti finanziari locali. Ci\u00f2 significa che le aziende di servizi possono concentrarsi su ci\u00f2 che sanno fare meglio, ovvero fornire servizi, senza doversi preoccupare delle complessit\u00e0 dell&#8217;espansione internazionale. In un unico pacchetto intuitivo, la soluzione unisce CRM, monitoraggio del tempo, previsione delle risorse, monitoraggio delle spese, gestione progetti, fatturazione,\u00a0previsione dei ricavi, gestione risorse e reporting.<br \/>\nCon <strong>Vogsy<\/strong>\u00a0Condividi le risorse in base alle loro competenze, disponibilit\u00e0 e potenziale di margine. Grazie all&#8217;integrazione nativa con <strong>Microsoft 365 e Google Workspace<\/strong>, i tuoi team possono collaborare da qualsiasi luogo o dispositivo in tempo reale.<\/p>\n<h2>VOGSY &#8211; TUTORIAL<\/h2>\n<div id=\"fluid-wrapper-counter-1\" class=\"g1-fluid-wrapper \" style=\"width:686px;\">\n<div style=\"padding-bottom:56.268221574344%;\"><iframe loading=\"lazy\" title=\"VOGSY Work Breakdown Structure\" width=\"686\" height=\"386\" src=\"https:\/\/www.youtube.com\/embed\/usfyQ5k8Ej4?feature=oembed&amp;wmode=transparent&amp;autohide=1&amp;autoplay=0&amp;disablekb=0&amp;fs=1&amp;loop=0&amp;enablejsapi=1&amp;rel=0&amp;controls=2&amp;showinfo=0&amp;wmode=transparent&amp;autohide=2&amp;autoplay=0&amp;disablekb=0&amp;fs=1&amp;loop=0&amp;enablejsapi=1&amp;rel=0&amp;controls=2&amp;showinfo=1\" frameborder=\"0\" allow=\"accelerometer; autoplay; clipboard-write; encrypted-media; gyroscope; picture-in-picture; web-share\" referrerpolicy=\"strict-origin-when-cross-origin\" allowfullscreen><\/iframe><\/div>\n<\/div>\n<h3>VOGSY &#8211; CARATTERISTICHE<\/h3>\n<ul>\n<li>Collega tutti gli strumenti di contabilit\u00e0 locale di cui hai bisogno<\/li>\n<li>Consolida i dati finanziari chiave nella tua valuta di base<\/li>\n<li>Apri in un nuovo paese in pochi minuti, con qualsiasi valuta<\/li>\n<li>Rispetta le pratiche contabili locali senza problemi<\/li>\n<li>Tieni i costi sotto controllo<\/li>\n<li>Ottieni il 100% di precisione nell&#8217;amministrazione dei conti clienti e fornitori<\/li>\n<li>Competenze ed esperienze comuni<\/li>\n<li>Orari di lavoro e festivit\u00e0 locali<\/li>\n<li>Tariffe in valuta locale e internazionali<\/li>\n<li>Un assistente AI responsabile e multilingue, completamente integrato<\/li>\n<li>Modelli per preventivi, fatture, ecc., in pi\u00f9 lingue<\/li>\n<\/ul>\n<h4>LE RECENSIONI DEGLI UTENTI<\/h4>\n<p><strong>Carlos &#8220;Flessibile, facile da adottare e potente nell&#8217;analisi&#8221;<\/strong><br \/>\nPersonalmente ho utilizzato VOGSY per la configurazione iniziale e ora anche per le fasi di configurazione del back-office e analisi dei dati. Fin dall&#8217;inizio, l&#8217;onboarding \u00e8 stato fluido e intuitivo, abbiamo sempre ricevuto un supporto tempestivo dal team VOGSY e in breve tempo siamo riusciti a essere pienamente operativi e a implementarlo internamente. Per quanto riguarda la configurazione del back-office, apprezzo la flessibilit\u00e0 di VOGSY: si adatta bene alle nostre realt\u00e0 e la flessibilit\u00e0 che offre ci consente di perfezionare continuamente le configurazioni in base all&#8217;evoluzione delle nostre esigenze. Per quanto riguarda l&#8217;analisi dei dati, l&#8217;integrazione con Google BigQuery \u00e8 stata un vantaggio importante. I dati vengono aggiornati automaticamente e posso sfruttare Power BI per creare facilmente dashboard, utili sia per il reporting di alto livello (ad esempio per il management o il consiglio di amministrazione) sia per i team operativi sul campo. Questa combinazione mi d\u00e0 la certezza di avere sempre informazioni accurate e aggiornate, adattate alle esigenze dei diversi stakeholder. Nel complesso, dal mio punto di vista personale, VOGSY ha offerto flessibilit\u00e0, facilit\u00e0 d&#8217;uso e informazioni basate sui dati. Lo consiglio a tutti coloro che cercano uno strumento che cresca con le loro operazioni, dall&#8217;installazione alla configurazione fino all&#8217;analisi.<br \/>\n<strong>Pro<\/strong>: onboarding fluido e intuitivo, supporto altamente reattivo e ampia flessibilit\u00e0 nella configurazione del back-office. L&#8217;integrazione con Google BigQuery si distingue, consentendo di ottenere dati affidabili e sempre aggiornati, facilmente esplorabili e visualizzabili in Power BI per approfondimenti sia strategici che operativi.<br \/>\n<strong>Contro<\/strong>: al momento, non ho svantaggi significativi da evidenziare. Eventuali limitazioni minori riscontrate sono state contestuali o facilmente risolvibili tramite configurazione o con il supporto del team VOGSY, e nessuna ha avuto un impatto significativo sull&#8217;utilizzo quotidiano.<\/p>\n<p><strong>Sjoerd &#8220;Vogsy, il primo a livello mondiale, \u00e8 un potente centro di progetti CRM\/ERP mobile con vista del cliente a 360 gradi e intelligenza artificiale integrata&#8221;<\/strong><br \/>\nLa perfetta integrazione con Google Workspace e Microsoft 365 migliora il nostro flusso di lavoro, rendendo tutte le comunicazioni con i clienti prontamente disponibili all&#8217;interno del nostro ambiente Microsoft 365. La capacit\u00e0 di VOGSY di monitorare in modo efficiente i nostri processi commerciali e logistici completi copre tutto, dal lead alla cassa, supportandoci durante l&#8217;intero processo aziendale end-to-end. Apprezzo la completa integrazione di VOGSY, che garantisce che non si perdano ore e fornisce una panoramica completa a 360 gradi delle operazioni. La configurazione iniziale e le migrazioni fluide, come la transizione da Google a Microsoft, evidenziano la sua natura intuitiva. Siamo inoltre estremamente soddisfatti delle funzionalit\u00e0 di fatturazione di Vogsy, che semplificano il processo di fatturazione. Inoltre, le integrazioni API di VOGSY ci garantiscono la futura compatibilit\u00e0 con strumenti come Salesforce, migliorando ulteriormente le nostre funzionalit\u00e0 CRM ed ERP senza bisogno di altri software. Lo trovo molto conveniente e lo consiglio vivamente senza esitazione, sottolineando i suoi continui miglioramenti e l&#8217;allineamento con le nostre esigenze aziendali in continua evoluzione.<br \/>\n<strong>Pro<\/strong>: adoro VOGSY per il suo approccio incredibilmente mobile-first, che consente alla nostra organizzazione di servizi professionali di gestire i rapporti con i clienti in modo flessibile, sia tramite tariffe orarie, progetti a prezzo fisso o licenze. Grazie alla fatturazione perfetta integrata e all&#8217;eccellente assistenza clienti, basiamo la nostra attivit\u00e0 su Vogsy. Ora che l&#8217;intelligenza artificiale \u00e8 integrata in Vogsy, possiamo usufruire di un utilizzo ancora pi\u00f9 flessibile dei dati dei nostri clienti.<br \/>\n<strong>Contro<\/strong>: al momento non abbiamo reclami o esigenze particolari, Vogsy \u00e8 solitamente molto pi\u00f9 avanti delle nostre esigenze. Abbiamo fiducia nel loro sviluppo prodotti.<\/p>\n<p><strong>Martijn &#8220;Punteggio perfetto&#8221;<\/strong><br \/>\nPersonalmente, Vogsy mi ha fornito informazioni aggiuntive sulle risorse pianificate e disponibili. In particolare, il grafico delle previsioni di fatturato, che combina il fatturato pianificato con il fatturato ponderato della pipeline di vendita, mi offre l&#8217;opportunit\u00e0 di guardare al futuro.<br \/>\n<strong>Pro<\/strong>: Vogsy \u00e8 un&#8217;applicazione che fa esattamente ci\u00f2 che serve. Che tu sia un esperto IT o un utente base, Vogsy \u00e8 accessibile a tutti. Tutti i nostri dipendenti pianificano progetti, registrano opportunit\u00e0 o registrano le proprie ore in Vogsy. Ci\u00f2 significa che tutte le informazioni sono sempre disponibili. Sulla base di grafici e panoramiche in Vogsy, consultabili su dispositivi mobili o desktop, possiamo prendere le decisioni giuste.<br \/>\n<strong>Contro<\/strong>: in passato abbiamo avuto alcuni problemi di prestazioni con Vogsy. Sono felice che siano stati risolti e che i problemi siano scomparsi.<\/p>\n","protected":false},"excerpt":{"rendered":"<p>Vogsy \u00e8 una piattaforma unificata per progetti e risorse che semplifica il monitoraggio dei progetti internazionali e la connessione di pacchetti finanziari locali. Ci\u00f2 significa che le aziende di servizi possono concentrarsi su ci\u00f2 che sanno fare meglio, ovvero fornire servizi, senza doversi preoccupare delle complessit\u00e0 dell&#8217;espansione internazionale.<\/p>\n","protected":false},"author":19,"featured_media":106506,"parent":5966,"menu_order":0,"comment_status":"open","ping_status":"closed","template":"g1_template_page_review_new.php","meta":{"_acf_changed":false,"cwp_meta_box_check":"Yes","cwp_rev_product_name":"","cwp_rev_product_image":"","wppr_links":[],"cwp_rev_price":"0.00","wppr_options":[{"name":"Usability","value":"0"},{"name":"Speed","value":"0"},{"name":"Features","value":"0"},{"name":"Support","value":"0"},{"name":"Pricing","value":"0"}],"wppr_pros":["","","","",""],"wppr_cons":["","","","",""],"_monsterinsights_skip_tracking":false,"_monsterinsights_sitenote_active":false,"_monsterinsights_sitenote_note":"","_monsterinsights_sitenote_category":0,"footnotes":""},"categories":[120],"tags":[1835,4080,427,1837,1239,16897],"features":[],"class_list":{"0":"post-106498","1":"page","2":"type-page","3":"status-publish","4":"has-post-thumbnail","6":"category-crm-it","7":"tag-crm-2-it","8":"tag-piattaforma-crm","9":"tag-programma-crm","10":"tag-software-crm-2-it","11":"tag-soluzione-crm","12":"tag-vogsy"},"wppr_data":{"cwp_meta_box_check":"Yes","_wppr_review_template":"default","cwp_rev_product_image":"","cwp_image_link":"image","wppr_links":[],"cwp_rev_price":"0.00","wppr_pros":["","","","",""],"wppr_cons":["","","","",""],"wppr_rating":"0.00","wppr_options":{"1":{"name":"Usability","value":"0"},"2":{"name":"Speed","value":"0"},"3":{"name":"Features","value":"0"},"4":{"name":"Support","value":"0"},"5":{"name":"Pricing","value":"0"}},"wppr_review_type":"Product","wppr_review_custom_fields":{"additionalProperty":"","additionalType":"","aggregateRating":"","alternateName":"","audience":"","award":"","awards":"","brand":"","color":"","depth":"","description":"","disambiguatingDescription":"","gtin12":"","gtin13":"","gtin14":"","gtin8":"","height":"","identifier":"","image":"","isAccessoryOrSparePartFor":"","isConsumableFor":"","isRelatedTo":"","isSimilarTo":"","itemCondition":"","logo":"","mainEntityOfPage":"","manufacturer":"","material":"","model":"","mpn":"","name":"","offers":"","potentialAction":"","productID":"","productionDate":"","purchaseDate":"","releaseDate":"","review":"","reviews":"","sameAs":"","sku":"","slogan":"","subjectOf":"","url":"","weight":"","width":""}},"acf":[],"yoast_head":"<!-- This site is optimized with the Yoast SEO plugin v27.4 - https:\/\/yoast.com\/product\/yoast-seo-wordpress\/ -->\n<title>Vogsy: recensione software CRM - Accurate Reviews<\/title>\n<meta name=\"description\" content=\"Vogsy: recensione soluzione unificata che offre una visione unificata dei progetti internazionali per tutte le societ\u00e0 operative.\" \/>\n<meta name=\"robots\" content=\"index, follow, max-snippet:-1, max-image-preview:large, max-video-preview:-1\" \/>\n<link rel=\"canonical\" href=\"https:\/\/www.accuratereviews.com\/it\/crm-software-migliori-lista\/vogsy-recensione\/\" \/>\n<meta property=\"og:locale\" content=\"it_IT\" \/>\n<meta property=\"og:type\" content=\"article\" \/>\n<meta property=\"og:title\" content=\"Vogsy: recensione software CRM - Accurate Reviews\" \/>\n<meta property=\"og:description\" content=\"Vogsy: recensione soluzione unificata che offre una visione unificata dei progetti internazionali per tutte le societ\u00e0 operative.\" \/>\n<meta property=\"og:url\" content=\"https:\/\/www.accuratereviews.com\/it\/crm-software-migliori-lista\/vogsy-recensione\/\" \/>\n<meta property=\"og:site_name\" content=\"Accurate Reviews\" \/>\n<meta property=\"og:image\" content=\"https:\/\/www.accuratereviews.com\/wp-content\/uploads\/2026\/01\/vogsy_logo.jpeg\" \/>\n\t<meta property=\"og:image:width\" content=\"200\" \/>\n\t<meta property=\"og:image:height\" content=\"200\" \/>\n\t<meta property=\"og:image:type\" content=\"image\/jpeg\" \/>\n<meta name=\"twitter:card\" content=\"summary_large_image\" \/>\n<meta name=\"twitter:label1\" content=\"Tempo di lettura stimato\" \/>\n\t<meta name=\"twitter:data1\" content=\"7 minuti\" \/>\n<script type=\"application\/ld+json\" class=\"yoast-schema-graph\">{\"@context\":\"https:\\\/\\\/schema.org\",\"@graph\":[{\"@type\":\"WebPage\",\"@id\":\"https:\\\/\\\/www.accuratereviews.com\\\/it\\\/crm-software-migliori-lista\\\/vogsy-recensione\\\/\",\"url\":\"https:\\\/\\\/www.accuratereviews.com\\\/it\\\/crm-software-migliori-lista\\\/vogsy-recensione\\\/\",\"name\":\"Vogsy: recensione software CRM - Accurate Reviews\",\"isPartOf\":{\"@id\":\"https:\\\/\\\/www.accuratereviews.com\\\/it\\\/#website\"},\"primaryImageOfPage\":{\"@id\":\"https:\\\/\\\/www.accuratereviews.com\\\/it\\\/crm-software-migliori-lista\\\/vogsy-recensione\\\/#primaryimage\"},\"image\":{\"@id\":\"https:\\\/\\\/www.accuratereviews.com\\\/it\\\/crm-software-migliori-lista\\\/vogsy-recensione\\\/#primaryimage\"},\"thumbnailUrl\":\"https:\\\/\\\/www.accuratereviews.com\\\/wp-content\\\/uploads\\\/2026\\\/01\\\/vogsy_logo.jpeg\",\"datePublished\":\"2026-01-29T21:25:43+00:00\",\"description\":\"Vogsy: recensione soluzione unificata che offre una visione unificata dei progetti internazionali per tutte le societ\u00e0 operative.\",\"breadcrumb\":{\"@id\":\"https:\\\/\\\/www.accuratereviews.com\\\/it\\\/crm-software-migliori-lista\\\/vogsy-recensione\\\/#breadcrumb\"},\"inLanguage\":\"it-IT\",\"potentialAction\":[{\"@type\":\"ReadAction\",\"target\":[\"https:\\\/\\\/www.accuratereviews.com\\\/it\\\/crm-software-migliori-lista\\\/vogsy-recensione\\\/\"]}]},{\"@type\":\"ImageObject\",\"inLanguage\":\"it-IT\",\"@id\":\"https:\\\/\\\/www.accuratereviews.com\\\/it\\\/crm-software-migliori-lista\\\/vogsy-recensione\\\/#primaryimage\",\"url\":\"https:\\\/\\\/www.accuratereviews.com\\\/wp-content\\\/uploads\\\/2026\\\/01\\\/vogsy_logo.jpeg\",\"contentUrl\":\"https:\\\/\\\/www.accuratereviews.com\\\/wp-content\\\/uploads\\\/2026\\\/01\\\/vogsy_logo.jpeg\",\"width\":200,\"height\":200},{\"@type\":\"BreadcrumbList\",\"@id\":\"https:\\\/\\\/www.accuratereviews.com\\\/it\\\/crm-software-migliori-lista\\\/vogsy-recensione\\\/#breadcrumb\",\"itemListElement\":[{\"@type\":\"ListItem\",\"position\":1,\"name\":\"Home\",\"item\":\"https:\\\/\\\/www.accuratereviews.com\\\/it\\\/\"},{\"@type\":\"ListItem\",\"position\":2,\"name\":\"CRM: i software migliori\",\"item\":\"https:\\\/\\\/www.accuratereviews.com\\\/it\\\/crm-software-migliori-lista\\\/\"},{\"@type\":\"ListItem\",\"position\":3,\"name\":\"Vogsy\"}]},{\"@type\":\"WebSite\",\"@id\":\"https:\\\/\\\/www.accuratereviews.com\\\/it\\\/#website\",\"url\":\"https:\\\/\\\/www.accuratereviews.com\\\/it\\\/\",\"name\":\"Accurate Reviews\",\"description\":\"\",\"potentialAction\":[{\"@type\":\"SearchAction\",\"target\":{\"@type\":\"EntryPoint\",\"urlTemplate\":\"https:\\\/\\\/www.accuratereviews.com\\\/it\\\/?s={search_term_string}\"},\"query-input\":{\"@type\":\"PropertyValueSpecification\",\"valueRequired\":true,\"valueName\":\"search_term_string\"}}],\"inLanguage\":\"it-IT\"}]}<\/script>\n<!-- \/ Yoast SEO plugin. -->","yoast_head_json":{"title":"Vogsy: recensione software CRM - Accurate Reviews","description":"Vogsy: recensione soluzione unificata che offre una visione unificata dei progetti internazionali per tutte le societ\u00e0 operative.","robots":{"index":"index","follow":"follow","max-snippet":"max-snippet:-1","max-image-preview":"max-image-preview:large","max-video-preview":"max-video-preview:-1"},"canonical":"https:\/\/www.accuratereviews.com\/it\/crm-software-migliori-lista\/vogsy-recensione\/","og_locale":"it_IT","og_type":"article","og_title":"Vogsy: recensione software CRM - Accurate Reviews","og_description":"Vogsy: recensione soluzione unificata che offre una visione unificata dei progetti internazionali per tutte le societ\u00e0 operative.","og_url":"https:\/\/www.accuratereviews.com\/it\/crm-software-migliori-lista\/vogsy-recensione\/","og_site_name":"Accurate Reviews","og_image":[{"width":200,"height":200,"url":"https:\/\/www.accuratereviews.com\/wp-content\/uploads\/2026\/01\/vogsy_logo.jpeg","type":"image\/jpeg"}],"twitter_card":"summary_large_image","twitter_misc":{"Tempo di lettura stimato":"7 minuti"},"schema":{"@context":"https:\/\/schema.org","@graph":[{"@type":"WebPage","@id":"https:\/\/www.accuratereviews.com\/it\/crm-software-migliori-lista\/vogsy-recensione\/","url":"https:\/\/www.accuratereviews.com\/it\/crm-software-migliori-lista\/vogsy-recensione\/","name":"Vogsy: recensione software CRM - Accurate Reviews","isPartOf":{"@id":"https:\/\/www.accuratereviews.com\/it\/#website"},"primaryImageOfPage":{"@id":"https:\/\/www.accuratereviews.com\/it\/crm-software-migliori-lista\/vogsy-recensione\/#primaryimage"},"image":{"@id":"https:\/\/www.accuratereviews.com\/it\/crm-software-migliori-lista\/vogsy-recensione\/#primaryimage"},"thumbnailUrl":"https:\/\/www.accuratereviews.com\/wp-content\/uploads\/2026\/01\/vogsy_logo.jpeg","datePublished":"2026-01-29T21:25:43+00:00","description":"Vogsy: recensione soluzione unificata che offre una visione unificata dei progetti internazionali per tutte le societ\u00e0 operative.","breadcrumb":{"@id":"https:\/\/www.accuratereviews.com\/it\/crm-software-migliori-lista\/vogsy-recensione\/#breadcrumb"},"inLanguage":"it-IT","potentialAction":[{"@type":"ReadAction","target":["https:\/\/www.accuratereviews.com\/it\/crm-software-migliori-lista\/vogsy-recensione\/"]}]},{"@type":"ImageObject","inLanguage":"it-IT","@id":"https:\/\/www.accuratereviews.com\/it\/crm-software-migliori-lista\/vogsy-recensione\/#primaryimage","url":"https:\/\/www.accuratereviews.com\/wp-content\/uploads\/2026\/01\/vogsy_logo.jpeg","contentUrl":"https:\/\/www.accuratereviews.com\/wp-content\/uploads\/2026\/01\/vogsy_logo.jpeg","width":200,"height":200},{"@type":"BreadcrumbList","@id":"https:\/\/www.accuratereviews.com\/it\/crm-software-migliori-lista\/vogsy-recensione\/#breadcrumb","itemListElement":[{"@type":"ListItem","position":1,"name":"Home","item":"https:\/\/www.accuratereviews.com\/it\/"},{"@type":"ListItem","position":2,"name":"CRM: i software migliori","item":"https:\/\/www.accuratereviews.com\/it\/crm-software-migliori-lista\/"},{"@type":"ListItem","position":3,"name":"Vogsy"}]},{"@type":"WebSite","@id":"https:\/\/www.accuratereviews.com\/it\/#website","url":"https:\/\/www.accuratereviews.com\/it\/","name":"Accurate Reviews","description":"","potentialAction":[{"@type":"SearchAction","target":{"@type":"EntryPoint","urlTemplate":"https:\/\/www.accuratereviews.com\/it\/?s={search_term_string}"},"query-input":{"@type":"PropertyValueSpecification","valueRequired":true,"valueName":"search_term_string"}}],"inLanguage":"it-IT"}]}},"_links":{"self":[{"href":"https:\/\/www.accuratereviews.com\/it\/wp-json\/wp\/v2\/pages\/106498","targetHints":{"allow":["GET"]}}],"collection":[{"href":"https:\/\/www.accuratereviews.com\/it\/wp-json\/wp\/v2\/pages"}],"about":[{"href":"https:\/\/www.accuratereviews.com\/it\/wp-json\/wp\/v2\/types\/page"}],"author":[{"embeddable":true,"href":"https:\/\/www.accuratereviews.com\/it\/wp-json\/wp\/v2\/users\/19"}],"replies":[{"embeddable":true,"href":"https:\/\/www.accuratereviews.com\/it\/wp-json\/wp\/v2\/comments?post=106498"}],"version-history":[{"count":10,"href":"https:\/\/www.accuratereviews.com\/it\/wp-json\/wp\/v2\/pages\/106498\/revisions"}],"predecessor-version":[{"id":106521,"href":"https:\/\/www.accuratereviews.com\/it\/wp-json\/wp\/v2\/pages\/106498\/revisions\/106521"}],"up":[{"embeddable":true,"href":"https:\/\/www.accuratereviews.com\/it\/wp-json\/wp\/v2\/pages\/5966"}],"wp:featuredmedia":[{"embeddable":true,"href":"https:\/\/www.accuratereviews.com\/it\/wp-json\/wp\/v2\/media\/106506"}],"wp:attachment":[{"href":"https:\/\/www.accuratereviews.com\/it\/wp-json\/wp\/v2\/media?parent=106498"}],"wp:term":[{"taxonomy":"category","embeddable":true,"href":"https:\/\/www.accuratereviews.com\/it\/wp-json\/wp\/v2\/categories?post=106498"},{"taxonomy":"post_tag","embeddable":true,"href":"https:\/\/www.accuratereviews.com\/it\/wp-json\/wp\/v2\/tags?post=106498"},{"taxonomy":"features","embeddable":true,"href":"https:\/\/www.accuratereviews.com\/it\/wp-json\/wp\/v2\/features?post=106498"}],"curies":[{"name":"wp","href":"https:\/\/api.w.org\/{rel}","templated":true}]}}