{"id":106522,"date":"2026-02-02T13:29:03","date_gmt":"2026-02-02T13:29:03","guid":{"rendered":"https:\/\/www.accuratereviews.com\/?page_id=106522"},"modified":"2026-02-02T13:29:03","modified_gmt":"2026-02-02T13:29:03","slug":"convergehub-recensione","status":"publish","type":"page","link":"https:\/\/www.accuratereviews.com\/it\/crm-software-migliori-lista\/convergehub-recensione\/","title":{"rendered":"ConvergeHub"},"content":{"rendered":"<p><strong>ConvergeHub<\/strong> offre un sistema di gestione delle<strong> relazioni con i clienti<\/strong>\u00a0e di automazione delle vendite e del marketing. Consente agli utenti di archiviare elenchi di contatti, progettare campagne e gestire attivit\u00e0 di vendita e lead. Gli utenti possono aggiungere manualmente i dettagli dei contatti o importarli da <strong>Microsoft Outlook<\/strong>. I riepiloghi delle comunicazioni mostrano i contatti tra dipendenti e clienti. Gli elenchi dei contatti possono anche essere esportati in formato Excel e PDF. Gli utenti possono visualizzare i prodotti o servizi acquistati dai clienti, nonch\u00e9 i report sulle <strong>prestazioni di marketing<\/strong>. Le campagne possono essere mirate a clienti specifici e inviate tramite email, posta diretta, sms e social media. La dashboard di vendita inoltre offre informazioni sulle trattative, tra cui data di chiusura prevista, lead per fonte, acquisizione di lead e acquisizione di trattative. Gli utenti possono personalizzare le impostazioni della dashboard e visualizzare la pipeline in diverse fasi.<\/p>\n<h2>CONVERGEHUB &#8211; TUTORIAL<\/h2>\n<div id=\"fluid-wrapper-counter-1\" class=\"g1-fluid-wrapper \" style=\"width:686px;\">\n<div style=\"padding-bottom:56.268221574344%;\"><iframe loading=\"lazy\" title=\"Best CRM for small business | Grow Your Business with ConvergeHub\" width=\"686\" height=\"386\" src=\"https:\/\/www.youtube.com\/embed\/lHuuKhIw-jc?feature=oembed&amp;wmode=transparent&amp;autohide=1&amp;autoplay=0&amp;disablekb=0&amp;fs=1&amp;loop=0&amp;enablejsapi=1&amp;rel=0&amp;controls=2&amp;showinfo=0&amp;wmode=transparent&amp;autohide=2&amp;autoplay=0&amp;disablekb=0&amp;fs=1&amp;loop=0&amp;enablejsapi=1&amp;rel=0&amp;controls=2&amp;showinfo=1\" frameborder=\"0\" allow=\"accelerometer; autoplay; clipboard-write; encrypted-media; gyroscope; picture-in-picture; web-share\" referrerpolicy=\"strict-origin-when-cross-origin\" allowfullscreen><\/iframe><\/div>\n<\/div>\n<h3>CONVERGEHUB &#8211; CARATTERISTICHE<\/h3>\n<ul>\n<li><strong>Gestione dei lead affidabile<\/strong>: monitora e coltiva i tuoi potenziali clienti dal primo contatto fino alla chiusura della trattativa.<\/li>\n<li><strong>Il potere dell&#8217;automazione delle vendite<\/strong>: ora puoi automatizzare ogni attivit\u00e0, liberando il tuo team e permettendogli di dedicarsi a ci\u00f2 che sa fare meglio!<\/li>\n<li><strong>Analisi e reportistica<\/strong>: gli strumenti avanzati ti offrono informazioni in tempo reale, cos\u00ec sarai sempre aggiornato.<\/li>\n<li><strong>Dashboard<\/strong>: Ottieni una visione completa delle tue attivit\u00e0 di vendita con i pannelli personalizzabili della dashboard. Visualizza l&#8217;intera pipeline di vendita e accedi facilmente alle sezioni chiave del CRM.<\/li>\n<li><strong>Account<\/strong>: semplifica il lavoro di squadra con la gestione degli account. Associa i tuoi account a lead, trattative e contatti pertinenti per un monitoraggio completo.<\/li>\n<li><strong>Contatti<\/strong>: scopri un modo semplice per archiviare tutti i contatti aziendali in un database centralizzato. Aggiungi contatti manualmente o da fonti terze, accedi a informazioni vitali e migliora il servizio clienti.<\/li>\n<li><strong>Trattative<\/strong>: importa opportunit\u00e0 di trattativa, associale agli account e monitora i progressi. Migliora la visibilit\u00e0, aggiungi commenti e utilizza report per valutazioni rapide e per migliorare le trattative future.<\/li>\n<li><strong>Assistente AI:<\/strong> sfrutta l&#8217;intelligenza artificiale per semplificare le attivit\u00e0, aumentare la produttivit\u00e0 e migliorare le interazioni con i clienti.<\/li>\n<li><strong>Automazione:<\/strong> automatizza le attivit\u00e0 ripetitive e progetta flussi di lavoro per risparmiare tempo e garantire operazioni fluide.<\/li>\n<li><strong>Report:<\/strong> genera report in tempo reale con approfondimenti, modelli e opzioni di esportazione per decisioni pi\u00f9 intelligenti.<\/li>\n<li><strong>Vendite:<\/strong> gestisci in modo efficiente lead, contatti, account e pipeline di vendita dinamiche.<\/li>\n<li><strong>Marketing<\/strong>: aumenta significativamente il tuo ROI con campagne di marketing innovative e personalizzate.<\/li>\n<li><strong>Servizio:<\/strong> offri ai tuoi agenti di supporto gli strumenti necessari per ottenere successo, crescita ed eccellenza straordinari.<\/li>\n<li><strong>Fatturazione:<\/strong> crea fatture e monitora i pagamenti senza sforzo utilizzando i nostri strumenti innovativi.<\/li>\n<li><strong>Collaborazione<\/strong>: chiudi pi\u00f9 trattative con vendite integrate, processi fluidi e una migliore collaborazione di gruppo.<\/li>\n<li><strong>Supporto automatizzato:<\/strong> automatizza l&#8217;inoltro e i follow-up dei ticket, liberando il tuo team per affrontare problemi di supporto pi\u00f9 complessi e prosperare.<\/li>\n<li><strong>Informazioni in tempo reale:<\/strong> ottieni informazioni in tempo reale su tempi di risposta, tassi di risoluzione e soddisfazione del cliente con le analisi avanzate.<\/li>\n<li><strong>Contabilit\u00e0 automatizzata:<\/strong> risparmia tempo automatizzando attivit\u00e0 come l&#8217;organizzazione delle spese, la fatturazione e il monitoraggio dei follow-up in pochi clic.<\/li>\n<li><strong>Concentrati su ci\u00f2 che conta:<\/strong> dedica pi\u00f9 tempo al lavoro che ami e meno tempo a preoccuparti di fatturazione e contabilit\u00e0.<\/li>\n<\/ul>\n<h4>LE RECENSIONI DEGLI UTENTI<\/h4>\n<p><strong>Wendy &#8220;Molto positivo&#8221;<\/strong><br \/>\n<strong>Pro<\/strong>: estremamente facile da usare. Aggiungere file trascinandoli \u00e8 fantastico visualizzare i file senza scaricarli \u00e8 meraviglioso!<br \/>\n<strong>Contro<\/strong>: ottenere aiuto \u00e8 difficile. \u00c8 difficile contattare il servizio clienti poich\u00e9 lavorano sul proprio fuso orario.<\/p>\n<p><strong>Ismael &#8220;Salvavita!&#8221;<\/strong><br \/>\nConvergeHub \u00e8 stato un salvavita! Tutto in uno e mi rende pi\u00f9 semplice gestire la mia intera attivit\u00e0 in un unico posto. Sono produttivo dal primo giorno. A tale proposito, la maggior parte dei software mi frustra a causa del tempo necessario per apprendere il software e implementarlo. Con ConvergeHub non \u00e8 mai stato un problema. Sono stato in grado di capire come utilizzare il software in pochi minuti.<br \/>\n<strong>Pro<\/strong>: Nessuna curva di apprendimento!<\/p>\n<p><strong>Rob &#8220;Maggiore produttivit\u00e0 nel mio business&#8221;<\/strong><br \/>\nTrovare un CRM con tutte le funzionalit\u00e0 di cui avevo bisogno era una sfida. ConvergeHub aveva tutte le funzionalit\u00e0 di cui avevo bisogno e mi ha aiutato moltissimo ad aumentare la produttivit\u00e0 della mia attivit\u00e0.<br \/>\n<strong>Pro<\/strong>: il prodotto \u00e8 completo. Posso eseguire praticamente qualsiasi funzione in ConvergeHub e posso gestire tutta la mia attivit\u00e0 con un solo prodotto.<br \/>\n<strong>Contro<\/strong>: niente, \u00e8 perfetto!<\/p>\n","protected":false},"excerpt":{"rendered":"<p>ConvergeHub offre un sistema di gestione delle relazioni con i clienti\u00a0e di automazione delle vendite e del marketing. Consente agli utenti di archiviare elenchi di contatti, progettare campagne e gestire attivit\u00e0 di vendita e lead. Gli utenti possono aggiungere manualmente i dettagli dei contatti o importarli da Microsoft Outlook<\/p>\n","protected":false},"author":19,"featured_media":106523,"parent":5966,"menu_order":0,"comment_status":"open","ping_status":"closed","template":"g1_template_page_review_new.php","meta":{"_acf_changed":false,"cwp_meta_box_check":"Yes","cwp_rev_product_name":"","cwp_rev_product_image":"","wppr_links":[],"cwp_rev_price":"0.00","wppr_options":[{"name":"Usability","value":"0"},{"name":"Speed","value":"0"},{"name":"Features","value":"0"},{"name":"Support","value":"0"},{"name":"Pricing","value":"0"}],"wppr_pros":["","","","",""],"wppr_cons":["","","","",""],"_monsterinsights_skip_tracking":false,"_monsterinsights_sitenote_active":false,"_monsterinsights_sitenote_note":"","_monsterinsights_sitenote_category":0,"footnotes":""},"categories":[120],"tags":[16898,1835,4080,427,1837,1239],"features":[],"class_list":{"0":"post-106522","1":"page","2":"type-page","3":"status-publish","4":"has-post-thumbnail","6":"category-crm-it","7":"tag-convergehub","8":"tag-crm-2-it","9":"tag-piattaforma-crm","10":"tag-programma-crm","11":"tag-software-crm-2-it","12":"tag-soluzione-crm"},"wppr_data":{"cwp_meta_box_check":"Yes","_wppr_review_template":"default","cwp_rev_product_image":"","cwp_image_link":"image","wppr_links":[],"cwp_rev_price":"0.00","wppr_pros":["","","","",""],"wppr_cons":["","","","",""],"wppr_rating":"0.00","wppr_options":{"1":{"name":"Usability","value":"0"},"2":{"name":"Speed","value":"0"},"3":{"name":"Features","value":"0"},"4":{"name":"Support","value":"0"},"5":{"name":"Pricing","value":"0"}},"wppr_review_type":"Product","wppr_review_custom_fields":{"additionalProperty":"","additionalType":"","aggregateRating":"","alternateName":"","audience":"","award":"","awards":"","brand":"","color":"","depth":"","description":"","disambiguatingDescription":"","gtin12":"","gtin13":"","gtin14":"","gtin8":"","height":"","identifier":"","image":"","isAccessoryOrSparePartFor":"","isConsumableFor":"","isRelatedTo":"","isSimilarTo":"","itemCondition":"","logo":"","mainEntityOfPage":"","manufacturer":"","material":"","model":"","mpn":"","name":"","offers":"","potentialAction":"","productID":"","productionDate":"","purchaseDate":"","releaseDate":"","review":"","reviews":"","sameAs":"","sku":"","slogan":"","subjectOf":"","url":"","weight":"","width":""}},"acf":[],"yoast_head":"<!-- This site is optimized with the Yoast SEO plugin v26.0 - https:\/\/yoast.com\/wordpress\/plugins\/seo\/ -->\n<title>ConvergeHub: recensione software CRM - Accurate Reviews<\/title>\n<meta name=\"description\" content=\"ConvergeHub: recensione sistema di gestione delle relazioni con i clienti\u00a0e di automazione delle vendite e del marketing.\" \/>\n<meta name=\"robots\" content=\"index, follow, max-snippet:-1, max-image-preview:large, max-video-preview:-1\" \/>\n<link rel=\"canonical\" href=\"https:\/\/www.accuratereviews.com\/it\/crm-software-migliori-lista\/convergehub-recensione\/\" \/>\n<meta property=\"og:locale\" content=\"it_IT\" \/>\n<meta property=\"og:type\" content=\"article\" \/>\n<meta property=\"og:title\" content=\"ConvergeHub: recensione software CRM - Accurate Reviews\" \/>\n<meta property=\"og:description\" content=\"ConvergeHub: recensione sistema di gestione delle relazioni con i clienti\u00a0e di automazione delle vendite e del marketing.\" \/>\n<meta property=\"og:url\" content=\"https:\/\/www.accuratereviews.com\/it\/crm-software-migliori-lista\/convergehub-recensione\/\" \/>\n<meta property=\"og:site_name\" content=\"Accurate Reviews\" \/>\n<meta property=\"og:image\" content=\"https:\/\/www.accuratereviews.com\/wp-content\/uploads\/2026\/01\/ConvergeHub.jpeg\" \/>\n\t<meta property=\"og:image:width\" content=\"225\" \/>\n\t<meta property=\"og:image:height\" content=\"225\" \/>\n\t<meta property=\"og:image:type\" content=\"image\/jpeg\" \/>\n<meta name=\"twitter:card\" content=\"summary_large_image\" \/>\n<meta name=\"twitter:label1\" content=\"Tempo di lettura stimato\" \/>\n\t<meta name=\"twitter:data1\" content=\"5 minuti\" \/>\n<script type=\"application\/ld+json\" class=\"yoast-schema-graph\">{\"@context\":\"https:\/\/schema.org\",\"@graph\":[{\"@type\":\"WebPage\",\"@id\":\"https:\/\/www.accuratereviews.com\/it\/crm-software-migliori-lista\/convergehub-recensione\/\",\"url\":\"https:\/\/www.accuratereviews.com\/it\/crm-software-migliori-lista\/convergehub-recensione\/\",\"name\":\"ConvergeHub: recensione software CRM - Accurate Reviews\",\"isPartOf\":{\"@id\":\"https:\/\/www.accuratereviews.com\/it\/#website\"},\"primaryImageOfPage\":{\"@id\":\"https:\/\/www.accuratereviews.com\/it\/crm-software-migliori-lista\/convergehub-recensione\/#primaryimage\"},\"image\":{\"@id\":\"https:\/\/www.accuratereviews.com\/it\/crm-software-migliori-lista\/convergehub-recensione\/#primaryimage\"},\"thumbnailUrl\":\"https:\/\/www.accuratereviews.com\/wp-content\/uploads\/2026\/01\/ConvergeHub.jpeg\",\"datePublished\":\"2026-02-02T13:29:03+00:00\",\"description\":\"ConvergeHub: recensione sistema di gestione delle relazioni con i clienti\u00a0e di automazione delle vendite e del marketing.\",\"breadcrumb\":{\"@id\":\"https:\/\/www.accuratereviews.com\/it\/crm-software-migliori-lista\/convergehub-recensione\/#breadcrumb\"},\"inLanguage\":\"it-IT\",\"potentialAction\":[{\"@type\":\"ReadAction\",\"target\":[\"https:\/\/www.accuratereviews.com\/it\/crm-software-migliori-lista\/convergehub-recensione\/\"]}]},{\"@type\":\"ImageObject\",\"inLanguage\":\"it-IT\",\"@id\":\"https:\/\/www.accuratereviews.com\/it\/crm-software-migliori-lista\/convergehub-recensione\/#primaryimage\",\"url\":\"https:\/\/www.accuratereviews.com\/wp-content\/uploads\/2026\/01\/ConvergeHub.jpeg\",\"contentUrl\":\"https:\/\/www.accuratereviews.com\/wp-content\/uploads\/2026\/01\/ConvergeHub.jpeg\",\"width\":225,\"height\":225},{\"@type\":\"BreadcrumbList\",\"@id\":\"https:\/\/www.accuratereviews.com\/it\/crm-software-migliori-lista\/convergehub-recensione\/#breadcrumb\",\"itemListElement\":[{\"@type\":\"ListItem\",\"position\":1,\"name\":\"Home\",\"item\":\"https:\/\/www.accuratereviews.com\/it\/\"},{\"@type\":\"ListItem\",\"position\":2,\"name\":\"CRM: i software migliori\",\"item\":\"https:\/\/www.accuratereviews.com\/it\/crm-software-migliori-lista\/\"},{\"@type\":\"ListItem\",\"position\":3,\"name\":\"ConvergeHub\"}]},{\"@type\":\"WebSite\",\"@id\":\"https:\/\/www.accuratereviews.com\/it\/#website\",\"url\":\"https:\/\/www.accuratereviews.com\/it\/\",\"name\":\"Accurate Reviews\",\"description\":\"\",\"potentialAction\":[{\"@type\":\"SearchAction\",\"target\":{\"@type\":\"EntryPoint\",\"urlTemplate\":\"https:\/\/www.accuratereviews.com\/it\/?s={search_term_string}\"},\"query-input\":{\"@type\":\"PropertyValueSpecification\",\"valueRequired\":true,\"valueName\":\"search_term_string\"}}],\"inLanguage\":\"it-IT\"}]}<\/script>\n<!-- \/ Yoast SEO plugin. -->","yoast_head_json":{"title":"ConvergeHub: recensione software CRM - Accurate Reviews","description":"ConvergeHub: recensione sistema di gestione delle relazioni con i clienti\u00a0e di automazione delle vendite e del marketing.","robots":{"index":"index","follow":"follow","max-snippet":"max-snippet:-1","max-image-preview":"max-image-preview:large","max-video-preview":"max-video-preview:-1"},"canonical":"https:\/\/www.accuratereviews.com\/it\/crm-software-migliori-lista\/convergehub-recensione\/","og_locale":"it_IT","og_type":"article","og_title":"ConvergeHub: recensione software CRM - Accurate Reviews","og_description":"ConvergeHub: recensione sistema di gestione delle relazioni con i clienti\u00a0e di automazione delle vendite e del marketing.","og_url":"https:\/\/www.accuratereviews.com\/it\/crm-software-migliori-lista\/convergehub-recensione\/","og_site_name":"Accurate Reviews","og_image":[{"width":225,"height":225,"url":"https:\/\/www.accuratereviews.com\/wp-content\/uploads\/2026\/01\/ConvergeHub.jpeg","type":"image\/jpeg"}],"twitter_card":"summary_large_image","twitter_misc":{"Tempo di lettura stimato":"5 minuti"},"schema":{"@context":"https:\/\/schema.org","@graph":[{"@type":"WebPage","@id":"https:\/\/www.accuratereviews.com\/it\/crm-software-migliori-lista\/convergehub-recensione\/","url":"https:\/\/www.accuratereviews.com\/it\/crm-software-migliori-lista\/convergehub-recensione\/","name":"ConvergeHub: recensione software CRM - Accurate Reviews","isPartOf":{"@id":"https:\/\/www.accuratereviews.com\/it\/#website"},"primaryImageOfPage":{"@id":"https:\/\/www.accuratereviews.com\/it\/crm-software-migliori-lista\/convergehub-recensione\/#primaryimage"},"image":{"@id":"https:\/\/www.accuratereviews.com\/it\/crm-software-migliori-lista\/convergehub-recensione\/#primaryimage"},"thumbnailUrl":"https:\/\/www.accuratereviews.com\/wp-content\/uploads\/2026\/01\/ConvergeHub.jpeg","datePublished":"2026-02-02T13:29:03+00:00","description":"ConvergeHub: recensione sistema di gestione delle relazioni con i clienti\u00a0e di automazione delle vendite e del marketing.","breadcrumb":{"@id":"https:\/\/www.accuratereviews.com\/it\/crm-software-migliori-lista\/convergehub-recensione\/#breadcrumb"},"inLanguage":"it-IT","potentialAction":[{"@type":"ReadAction","target":["https:\/\/www.accuratereviews.com\/it\/crm-software-migliori-lista\/convergehub-recensione\/"]}]},{"@type":"ImageObject","inLanguage":"it-IT","@id":"https:\/\/www.accuratereviews.com\/it\/crm-software-migliori-lista\/convergehub-recensione\/#primaryimage","url":"https:\/\/www.accuratereviews.com\/wp-content\/uploads\/2026\/01\/ConvergeHub.jpeg","contentUrl":"https:\/\/www.accuratereviews.com\/wp-content\/uploads\/2026\/01\/ConvergeHub.jpeg","width":225,"height":225},{"@type":"BreadcrumbList","@id":"https:\/\/www.accuratereviews.com\/it\/crm-software-migliori-lista\/convergehub-recensione\/#breadcrumb","itemListElement":[{"@type":"ListItem","position":1,"name":"Home","item":"https:\/\/www.accuratereviews.com\/it\/"},{"@type":"ListItem","position":2,"name":"CRM: i software migliori","item":"https:\/\/www.accuratereviews.com\/it\/crm-software-migliori-lista\/"},{"@type":"ListItem","position":3,"name":"ConvergeHub"}]},{"@type":"WebSite","@id":"https:\/\/www.accuratereviews.com\/it\/#website","url":"https:\/\/www.accuratereviews.com\/it\/","name":"Accurate Reviews","description":"","potentialAction":[{"@type":"SearchAction","target":{"@type":"EntryPoint","urlTemplate":"https:\/\/www.accuratereviews.com\/it\/?s={search_term_string}"},"query-input":{"@type":"PropertyValueSpecification","valueRequired":true,"valueName":"search_term_string"}}],"inLanguage":"it-IT"}]}},"_links":{"self":[{"href":"https:\/\/www.accuratereviews.com\/it\/wp-json\/wp\/v2\/pages\/106522","targetHints":{"allow":["GET"]}}],"collection":[{"href":"https:\/\/www.accuratereviews.com\/it\/wp-json\/wp\/v2\/pages"}],"about":[{"href":"https:\/\/www.accuratereviews.com\/it\/wp-json\/wp\/v2\/types\/page"}],"author":[{"embeddable":true,"href":"https:\/\/www.accuratereviews.com\/it\/wp-json\/wp\/v2\/users\/19"}],"replies":[{"embeddable":true,"href":"https:\/\/www.accuratereviews.com\/it\/wp-json\/wp\/v2\/comments?post=106522"}],"version-history":[{"count":12,"href":"https:\/\/www.accuratereviews.com\/it\/wp-json\/wp\/v2\/pages\/106522\/revisions"}],"predecessor-version":[{"id":106572,"href":"https:\/\/www.accuratereviews.com\/it\/wp-json\/wp\/v2\/pages\/106522\/revisions\/106572"}],"up":[{"embeddable":true,"href":"https:\/\/www.accuratereviews.com\/it\/wp-json\/wp\/v2\/pages\/5966"}],"wp:featuredmedia":[{"embeddable":true,"href":"https:\/\/www.accuratereviews.com\/it\/wp-json\/wp\/v2\/media\/106523"}],"wp:attachment":[{"href":"https:\/\/www.accuratereviews.com\/it\/wp-json\/wp\/v2\/media?parent=106522"}],"wp:term":[{"taxonomy":"category","embeddable":true,"href":"https:\/\/www.accuratereviews.com\/it\/wp-json\/wp\/v2\/categories?post=106522"},{"taxonomy":"post_tag","embeddable":true,"href":"https:\/\/www.accuratereviews.com\/it\/wp-json\/wp\/v2\/tags?post=106522"},{"taxonomy":"features","embeddable":true,"href":"https:\/\/www.accuratereviews.com\/it\/wp-json\/wp\/v2\/features?post=106522"}],"curies":[{"name":"wp","href":"https:\/\/api.w.org\/{rel}","templated":true}]}}