{"id":106774,"date":"2026-02-09T17:11:47","date_gmt":"2026-02-09T17:11:47","guid":{"rendered":"https:\/\/www.accuratereviews.com\/?page_id=106774"},"modified":"2026-02-10T10:53:56","modified_gmt":"2026-02-10T10:53:56","slug":"callproof-recensione","status":"publish","type":"page","link":"https:\/\/www.accuratereviews.com\/it\/crm-software-migliori-lista\/callproof-recensione\/","title":{"rendered":"CallProof"},"content":{"rendered":"<p><strong>CallProof<\/strong> \u00e8 una <strong>piattaforma CRM<\/strong> e di vendita mobile-first, pensata per i team di vendita esterni e sul campo. I rappresentanti utilizzano l&#8217;app mobile per pianificare la propria giornata, gestire gli account e registrare chiamate, riunioni, appuntamenti e visite di persona in pochi secondi. Progettato per i team aziendali che necessitano di un accesso sicuro e controllato ai dati dei clienti. I controlli comuni includono autorizzazioni basate sui ruoli e<strong> connessioni crittografate (TLS<\/strong>) per proteggere i dati in transito. Gli strumenti di amministrazione aiutano a standardizzare campi, fasi e reportistica in tutta l&#8217;organizzazione.<br \/>\n<strong>CallProof<\/strong>\u00a0 supporta l&#8217;importazione e l<strong>&#8216;esportazione di dati (CSV)<\/strong> per un rapido onboarding e una reportistica chiara.<\/p>\n<h2>CALLPROOF &#8211; TUTORIAL<\/h2>\n<div id=\"fluid-wrapper-counter-1\" class=\"g1-fluid-wrapper \" style=\"width:686px;\">\n<div style=\"padding-bottom:56.268221574344%;\"><iframe loading=\"lazy\" title=\"Why do a 15 Minute Demo with Callproof?\" width=\"686\" height=\"386\" src=\"https:\/\/www.youtube.com\/embed\/O4BJK-G1Ipk?feature=oembed&amp;wmode=transparent&amp;autohide=1&amp;autoplay=0&amp;disablekb=0&amp;fs=1&amp;loop=0&amp;enablejsapi=1&amp;rel=0&amp;controls=2&amp;showinfo=0&amp;wmode=transparent&amp;autohide=2&amp;autoplay=0&amp;disablekb=0&amp;fs=1&amp;loop=0&amp;enablejsapi=1&amp;rel=0&amp;controls=2&amp;showinfo=1\" frameborder=\"0\" allow=\"accelerometer; autoplay; clipboard-write; encrypted-media; gyroscope; picture-in-picture; web-share\" referrerpolicy=\"strict-origin-when-cross-origin\" allowfullscreen><\/iframe><\/div>\n<\/div>\n<h3>CALLPROOF &#8211; CARATTERISTICHE<\/h3>\n<ul>\n<li>Visualizza i clienti pi\u00f9 vicini in base alla tua posizione<\/li>\n<li>Registra facilmente un appuntamento con i clienti esistenti<\/li>\n<li>Aggiungi automaticamente nuovi clienti con la funzione Luoghi<\/li>\n<li>Indicazioni stradali per raggiungere la tua destinazione<\/li>\n<li>Tutte le chiamate vengono caricate automaticamente nella cronologia dei tuoi clienti<\/li>\n<li>Visualizza le chiamate e gli appuntamenti effettuati nella giornata<\/li>\n<li>Email che ti avvisa dei clienti che necessitano di follow-up nella giornata<\/li>\n<li>Visualizza il feed di notizie sulle attivit\u00e0 degli altri<\/li>\n<li>Importa\/esporta facilmente i clienti nel database<\/li>\n<li>Geocodifica automaticamente gli indirizzi aziendali<\/li>\n<li>Visualizza tutte le chiamate in entrata e in uscita dal team<\/li>\n<li>Segnala automaticamente le chiamate nella cronologia dei clienti<\/li>\n<li>Visualizza i clienti tracciati sulla mappa<\/li>\n<li>Reporting completo delle attivit\u00e0<\/li>\n<li>Visualizza la cronologia delle posizioni del personale<\/li>\n<li>Registro attivit\u00e0 per gli addetti alle vendite<\/li>\n<li>Utilizza iPhone per monitorare le attivit\u00e0 degli addetti alle vendite<\/li>\n<li>API aperta<\/li>\n<li>Modulo di vendita interna<\/li>\n<li>Funnel di vendita e previsioni<\/li>\n<li>Trasformazione vocale<\/li>\n<li>Aggiungi nuovi lead in campo<\/li>\n<li>Visualizza un&#8217;attivit\u00e0 su Google Streetview per assicurarti di essere nel posto giusto<\/li>\n<\/ul>\n<h4>LE RECENSIONI DEGLI UTENTI<\/h4>\n<p><strong>Chris &#8220;Thompson Tile and Stone&#8221;<\/strong><br \/>\n\u00c8 fantastico<br \/>\n<strong>Pro<\/strong>: il mobile \u00e8 molto facile da usare quando si \u00e8 sul campo. Tenere traccia dei luoghi visitati \u00e8 semplice. Prendendo appunti, \u00e8 possibile pianificare facilmente la settimana successiva.<br \/>\n<strong>Contro<\/strong>: quando i dipendenti lasciano un&#8217;azienda rimangono per sempre nei contatti<\/p>\n<p><strong>Traci &#8220;Facilit\u00e0 d&#8217;uso&#8221;<\/strong><br \/>\nL&#8217;esperienza complessiva \u00e8 stata fantastica. Apprezzo la facilit\u00e0 d&#8217;uso del software, la possibilit\u00e0 di personalizzazione e l&#8217;ottimo servizio clienti.<br \/>\n<strong>Pro<\/strong>: l&#8217;integrazione \u00e8 stata davvero fluida. Mi \u00e8 piaciuto molto il fatto di poter personalizzare e aggiungere\/modificare i campi autonomamente, \u00e8 super intuitivo e non complicato come alcuni CRM.<br \/>\n<strong>Contro<\/strong>: abbiamo riscontrato qualche problema con la sincronizzazione delle email, ma il team del servizio clienti di Call Proof \u00e8 reattivo e sempre disponibile per rispondere alle nostre domande e fornirci assistenza quando ne abbiamo bisogno.<\/p>\n<p><strong>Michael &#8220;CRM fantastico e semplice&#8221;<\/strong><br \/>\nDa anni, il mio team di vendita sul campo utilizza CallProof e lo adora. Registrare le visite \u00e8 facile, trovare lead e creare percorsi \u00e8 un gioco da ragazzi. I dirigenti possono facilmente monitorare chiamate, email, riunioni di persona e moduli personalizzati compilati dai miei venditori. Il team di supporto \u00e8 sempre stato di grande aiuto per quanto riguarda l&#8217;importazione e la personalizzazione dei dati.<br \/>\n<strong>Pro<\/strong>: facile da usare, mobile e ottimo per massimizzare le visite di vendita e il monitoraggio.<br \/>\n<strong>Contro<\/strong>: non ho davvero nulla di negativo da dire. Sono stati gentili con loro e adoriamo il prodotto.<\/p>\n","protected":false},"excerpt":{"rendered":"<p>CallProof \u00e8 una piattaforma CRM e di vendita mobile-first, pensata per i team di vendita esterni e sul campo. I rappresentanti utilizzano l&#8217;app mobile per pianificare la propria giornata, gestire gli account e registrare chiamate, riunioni, appuntamenti e visite di persona in pochi secondi. Progettato per i team aziendali che necessitano di un accesso sicuro e controllato ai dati dei clienti.<\/p>\n","protected":false},"author":19,"featured_media":106776,"parent":5966,"menu_order":0,"comment_status":"open","ping_status":"closed","template":"g1_template_page_review_new.php","meta":{"_acf_changed":false,"cwp_meta_box_check":"No","cwp_rev_product_name":"","cwp_rev_product_image":"","wppr_links":[],"cwp_rev_price":"","wppr_options":[],"wppr_pros":[],"wppr_cons":[],"_monsterinsights_skip_tracking":false,"_monsterinsights_sitenote_active":false,"_monsterinsights_sitenote_note":"","_monsterinsights_sitenote_category":0,"footnotes":""},"categories":[120],"tags":[16943,1835,4080,427,1837,1239],"features":[],"class_list":{"0":"post-106774","1":"page","2":"type-page","3":"status-publish","4":"has-post-thumbnail","6":"category-crm-it","7":"tag-callproof","8":"tag-crm-2-it","9":"tag-piattaforma-crm","10":"tag-programma-crm","11":"tag-software-crm-2-it","12":"tag-soluzione-crm"},"wppr_data":{"cwp_meta_box_check":"No"},"acf":[],"yoast_head":"<!-- This site is optimized with the Yoast SEO plugin v27.4 - https:\/\/yoast.com\/product\/yoast-seo-wordpress\/ -->\n<title>CallProof: recensione software CRM - Accurate Reviews<\/title>\n<meta name=\"description\" content=\"CallProof: recensione piattaforma CRM e di vendita mobile-first, pensata per i team di vendita esterni e sul campo.\" \/>\n<meta name=\"robots\" content=\"index, follow, max-snippet:-1, max-image-preview:large, max-video-preview:-1\" \/>\n<link rel=\"canonical\" href=\"https:\/\/www.accuratereviews.com\/it\/crm-software-migliori-lista\/callproof-recensione\/\" \/>\n<meta property=\"og:locale\" content=\"it_IT\" \/>\n<meta property=\"og:type\" content=\"article\" \/>\n<meta property=\"og:title\" content=\"CallProof: recensione software CRM - Accurate Reviews\" \/>\n<meta property=\"og:description\" content=\"CallProof: recensione piattaforma CRM e di vendita mobile-first, pensata per i team di vendita esterni e sul campo.\" \/>\n<meta property=\"og:url\" content=\"https:\/\/www.accuratereviews.com\/it\/crm-software-migliori-lista\/callproof-recensione\/\" \/>\n<meta property=\"og:site_name\" content=\"Accurate Reviews\" \/>\n<meta property=\"article:modified_time\" content=\"2026-02-10T10:53:56+00:00\" \/>\n<meta property=\"og:image\" content=\"https:\/\/www.accuratereviews.com\/wp-content\/uploads\/2026\/02\/callproof.png\" \/>\n\t<meta property=\"og:image:width\" content=\"810\" \/>\n\t<meta property=\"og:image:height\" content=\"441\" \/>\n\t<meta property=\"og:image:type\" content=\"image\/png\" \/>\n<meta name=\"twitter:card\" content=\"summary_large_image\" \/>\n<meta name=\"twitter:label1\" content=\"Tempo di lettura stimato\" \/>\n\t<meta name=\"twitter:data1\" content=\"4 minuti\" \/>\n<script type=\"application\/ld+json\" class=\"yoast-schema-graph\">{\"@context\":\"https:\\\/\\\/schema.org\",\"@graph\":[{\"@type\":\"WebPage\",\"@id\":\"https:\\\/\\\/www.accuratereviews.com\\\/it\\\/crm-software-migliori-lista\\\/callproof-recensione\\\/\",\"url\":\"https:\\\/\\\/www.accuratereviews.com\\\/it\\\/crm-software-migliori-lista\\\/callproof-recensione\\\/\",\"name\":\"CallProof: recensione software CRM - Accurate Reviews\",\"isPartOf\":{\"@id\":\"https:\\\/\\\/www.accuratereviews.com\\\/it\\\/#website\"},\"primaryImageOfPage\":{\"@id\":\"https:\\\/\\\/www.accuratereviews.com\\\/it\\\/crm-software-migliori-lista\\\/callproof-recensione\\\/#primaryimage\"},\"image\":{\"@id\":\"https:\\\/\\\/www.accuratereviews.com\\\/it\\\/crm-software-migliori-lista\\\/callproof-recensione\\\/#primaryimage\"},\"thumbnailUrl\":\"https:\\\/\\\/www.accuratereviews.com\\\/wp-content\\\/uploads\\\/2026\\\/02\\\/callproof.png\",\"datePublished\":\"2026-02-09T17:11:47+00:00\",\"dateModified\":\"2026-02-10T10:53:56+00:00\",\"description\":\"CallProof: recensione piattaforma CRM e di vendita mobile-first, pensata per i team di vendita esterni e sul campo.\",\"breadcrumb\":{\"@id\":\"https:\\\/\\\/www.accuratereviews.com\\\/it\\\/crm-software-migliori-lista\\\/callproof-recensione\\\/#breadcrumb\"},\"inLanguage\":\"it-IT\",\"potentialAction\":[{\"@type\":\"ReadAction\",\"target\":[\"https:\\\/\\\/www.accuratereviews.com\\\/it\\\/crm-software-migliori-lista\\\/callproof-recensione\\\/\"]}]},{\"@type\":\"ImageObject\",\"inLanguage\":\"it-IT\",\"@id\":\"https:\\\/\\\/www.accuratereviews.com\\\/it\\\/crm-software-migliori-lista\\\/callproof-recensione\\\/#primaryimage\",\"url\":\"https:\\\/\\\/www.accuratereviews.com\\\/wp-content\\\/uploads\\\/2026\\\/02\\\/callproof.png\",\"contentUrl\":\"https:\\\/\\\/www.accuratereviews.com\\\/wp-content\\\/uploads\\\/2026\\\/02\\\/callproof.png\",\"width\":810,\"height\":441},{\"@type\":\"BreadcrumbList\",\"@id\":\"https:\\\/\\\/www.accuratereviews.com\\\/it\\\/crm-software-migliori-lista\\\/callproof-recensione\\\/#breadcrumb\",\"itemListElement\":[{\"@type\":\"ListItem\",\"position\":1,\"name\":\"Home\",\"item\":\"https:\\\/\\\/www.accuratereviews.com\\\/it\\\/\"},{\"@type\":\"ListItem\",\"position\":2,\"name\":\"CRM: i software migliori\",\"item\":\"https:\\\/\\\/www.accuratereviews.com\\\/it\\\/crm-software-migliori-lista\\\/\"},{\"@type\":\"ListItem\",\"position\":3,\"name\":\"CallProof\"}]},{\"@type\":\"WebSite\",\"@id\":\"https:\\\/\\\/www.accuratereviews.com\\\/it\\\/#website\",\"url\":\"https:\\\/\\\/www.accuratereviews.com\\\/it\\\/\",\"name\":\"Accurate Reviews\",\"description\":\"\",\"potentialAction\":[{\"@type\":\"SearchAction\",\"target\":{\"@type\":\"EntryPoint\",\"urlTemplate\":\"https:\\\/\\\/www.accuratereviews.com\\\/it\\\/?s={search_term_string}\"},\"query-input\":{\"@type\":\"PropertyValueSpecification\",\"valueRequired\":true,\"valueName\":\"search_term_string\"}}],\"inLanguage\":\"it-IT\"}]}<\/script>\n<!-- \/ Yoast SEO plugin. -->","yoast_head_json":{"title":"CallProof: recensione software CRM - Accurate Reviews","description":"CallProof: recensione piattaforma CRM e di vendita mobile-first, pensata per i team di vendita esterni e sul campo.","robots":{"index":"index","follow":"follow","max-snippet":"max-snippet:-1","max-image-preview":"max-image-preview:large","max-video-preview":"max-video-preview:-1"},"canonical":"https:\/\/www.accuratereviews.com\/it\/crm-software-migliori-lista\/callproof-recensione\/","og_locale":"it_IT","og_type":"article","og_title":"CallProof: recensione software CRM - Accurate Reviews","og_description":"CallProof: recensione piattaforma CRM e di vendita mobile-first, pensata per i team di vendita esterni e sul campo.","og_url":"https:\/\/www.accuratereviews.com\/it\/crm-software-migliori-lista\/callproof-recensione\/","og_site_name":"Accurate Reviews","article_modified_time":"2026-02-10T10:53:56+00:00","og_image":[{"width":810,"height":441,"url":"https:\/\/www.accuratereviews.com\/wp-content\/uploads\/2026\/02\/callproof.png","type":"image\/png"}],"twitter_card":"summary_large_image","twitter_misc":{"Tempo di lettura stimato":"4 minuti"},"schema":{"@context":"https:\/\/schema.org","@graph":[{"@type":"WebPage","@id":"https:\/\/www.accuratereviews.com\/it\/crm-software-migliori-lista\/callproof-recensione\/","url":"https:\/\/www.accuratereviews.com\/it\/crm-software-migliori-lista\/callproof-recensione\/","name":"CallProof: recensione software CRM - Accurate Reviews","isPartOf":{"@id":"https:\/\/www.accuratereviews.com\/it\/#website"},"primaryImageOfPage":{"@id":"https:\/\/www.accuratereviews.com\/it\/crm-software-migliori-lista\/callproof-recensione\/#primaryimage"},"image":{"@id":"https:\/\/www.accuratereviews.com\/it\/crm-software-migliori-lista\/callproof-recensione\/#primaryimage"},"thumbnailUrl":"https:\/\/www.accuratereviews.com\/wp-content\/uploads\/2026\/02\/callproof.png","datePublished":"2026-02-09T17:11:47+00:00","dateModified":"2026-02-10T10:53:56+00:00","description":"CallProof: recensione piattaforma CRM e di vendita mobile-first, pensata per i team di vendita esterni e sul campo.","breadcrumb":{"@id":"https:\/\/www.accuratereviews.com\/it\/crm-software-migliori-lista\/callproof-recensione\/#breadcrumb"},"inLanguage":"it-IT","potentialAction":[{"@type":"ReadAction","target":["https:\/\/www.accuratereviews.com\/it\/crm-software-migliori-lista\/callproof-recensione\/"]}]},{"@type":"ImageObject","inLanguage":"it-IT","@id":"https:\/\/www.accuratereviews.com\/it\/crm-software-migliori-lista\/callproof-recensione\/#primaryimage","url":"https:\/\/www.accuratereviews.com\/wp-content\/uploads\/2026\/02\/callproof.png","contentUrl":"https:\/\/www.accuratereviews.com\/wp-content\/uploads\/2026\/02\/callproof.png","width":810,"height":441},{"@type":"BreadcrumbList","@id":"https:\/\/www.accuratereviews.com\/it\/crm-software-migliori-lista\/callproof-recensione\/#breadcrumb","itemListElement":[{"@type":"ListItem","position":1,"name":"Home","item":"https:\/\/www.accuratereviews.com\/it\/"},{"@type":"ListItem","position":2,"name":"CRM: i software migliori","item":"https:\/\/www.accuratereviews.com\/it\/crm-software-migliori-lista\/"},{"@type":"ListItem","position":3,"name":"CallProof"}]},{"@type":"WebSite","@id":"https:\/\/www.accuratereviews.com\/it\/#website","url":"https:\/\/www.accuratereviews.com\/it\/","name":"Accurate Reviews","description":"","potentialAction":[{"@type":"SearchAction","target":{"@type":"EntryPoint","urlTemplate":"https:\/\/www.accuratereviews.com\/it\/?s={search_term_string}"},"query-input":{"@type":"PropertyValueSpecification","valueRequired":true,"valueName":"search_term_string"}}],"inLanguage":"it-IT"}]}},"_links":{"self":[{"href":"https:\/\/www.accuratereviews.com\/it\/wp-json\/wp\/v2\/pages\/106774","targetHints":{"allow":["GET"]}}],"collection":[{"href":"https:\/\/www.accuratereviews.com\/it\/wp-json\/wp\/v2\/pages"}],"about":[{"href":"https:\/\/www.accuratereviews.com\/it\/wp-json\/wp\/v2\/types\/page"}],"author":[{"embeddable":true,"href":"https:\/\/www.accuratereviews.com\/it\/wp-json\/wp\/v2\/users\/19"}],"replies":[{"embeddable":true,"href":"https:\/\/www.accuratereviews.com\/it\/wp-json\/wp\/v2\/comments?post=106774"}],"version-history":[{"count":13,"href":"https:\/\/www.accuratereviews.com\/it\/wp-json\/wp\/v2\/pages\/106774\/revisions"}],"predecessor-version":[{"id":106804,"href":"https:\/\/www.accuratereviews.com\/it\/wp-json\/wp\/v2\/pages\/106774\/revisions\/106804"}],"up":[{"embeddable":true,"href":"https:\/\/www.accuratereviews.com\/it\/wp-json\/wp\/v2\/pages\/5966"}],"wp:featuredmedia":[{"embeddable":true,"href":"https:\/\/www.accuratereviews.com\/it\/wp-json\/wp\/v2\/media\/106776"}],"wp:attachment":[{"href":"https:\/\/www.accuratereviews.com\/it\/wp-json\/wp\/v2\/media?parent=106774"}],"wp:term":[{"taxonomy":"category","embeddable":true,"href":"https:\/\/www.accuratereviews.com\/it\/wp-json\/wp\/v2\/categories?post=106774"},{"taxonomy":"post_tag","embeddable":true,"href":"https:\/\/www.accuratereviews.com\/it\/wp-json\/wp\/v2\/tags?post=106774"},{"taxonomy":"features","embeddable":true,"href":"https:\/\/www.accuratereviews.com\/it\/wp-json\/wp\/v2\/features?post=106774"}],"curies":[{"name":"wp","href":"https:\/\/api.w.org\/{rel}","templated":true}]}}