{"id":106792,"date":"2026-02-10T17:16:49","date_gmt":"2026-02-10T17:16:49","guid":{"rendered":"https:\/\/www.accuratereviews.com\/?page_id=106792"},"modified":"2026-02-10T17:16:49","modified_gmt":"2026-02-10T17:16:49","slug":"bluecamroo-recensione","status":"publish","type":"page","link":"https:\/\/www.accuratereviews.com\/it\/crm-software-migliori-lista\/bluecamroo-recensione\/","title":{"rendered":"BlueCamroo"},"content":{"rendered":"<p><strong>BlueCamroo<\/strong> \u00e8 una <strong>piattaforma di gestione aziendale<\/strong> basata su <strong>cloud<\/strong> che offre funzionalit\u00e0 come la gestione di lead e clienti, la collaborazione in team, la gestione di attivit\u00e0 e progetti, l&#8217;assistenza clienti, il monitoraggio del tempo, la gestione delle spese, la fatturazione, il monitoraggio dei social media e l&#8217;email marketing. Le funzionalit\u00e0 sono supportate da un motore di flusso di lavoro configurabile che aiuta gli utenti ad automatizzare i processi aziendali end-to-end.<br \/>\n<strong>BlueCamroo<\/strong> acquisisce e fa crescere i lead da siti web, liste, email e social network. La gestione e la collaborazione dei progetti facilitano la consegna dei progetti, consentendo agli utenti di condividere calendari, schede attivit\u00e0, documenti, note e contatti all&#8217;interno del sistema. L&#8217;integrazione email consente di risparmiare tempo e di centralizzare le informazioni nel sistema. Le dashboard analitiche di <strong>BlueCamroo<\/strong> monitorano le metriche di vendita e consentono agli utenti di creare report personalizzati.<\/p>\n<h2>BLUECAMROO &#8211; TUTORIAL<\/h2>\n<div id=\"fluid-wrapper-counter-1\" class=\"g1-fluid-wrapper \" style=\"width:686px;\">\n<div style=\"padding-bottom:56.268221574344%;\"><iframe loading=\"lazy\" title=\"Introduction to BlueCamroo - User Interface and Basics\" width=\"686\" height=\"386\" src=\"https:\/\/www.youtube.com\/embed\/21tgSS3sJfw?feature=oembed&amp;wmode=transparent&amp;autohide=1&amp;autoplay=0&amp;disablekb=0&amp;fs=1&amp;loop=0&amp;enablejsapi=1&amp;rel=0&amp;controls=2&amp;showinfo=0&amp;wmode=transparent&amp;autohide=2&amp;autoplay=0&amp;disablekb=0&amp;fs=1&amp;loop=0&amp;enablejsapi=1&amp;rel=0&amp;controls=2&amp;showinfo=1\" frameborder=\"0\" allow=\"accelerometer; autoplay; clipboard-write; encrypted-media; gyroscope; picture-in-picture; web-share\" referrerpolicy=\"strict-origin-when-cross-origin\" allowfullscreen><\/iframe><\/div>\n<\/div>\n<h3>BLUECAMROO &#8211; CARATTERISTICHE<\/h3>\n<ul>\n<li>Tieni traccia del tuo tempo fatturabile al secondo<\/li>\n<li>Utilizza pi\u00f9 timer per passare facilmente da un&#8217;attivit\u00e0 all&#8217;altra<\/li>\n<li>Crea fogli presenze e inviali per l&#8217;approvazione<\/li>\n<li>Esegui report per analizzare i costi e vedere dove puoi migliorare le prestazioni<\/li>\n<li>Utilizza i livelli di fatturazione per monitorare facilmente i costi interni<\/li>\n<li>Acquisizione di lead multicanale<\/li>\n<li>Coltivazione dei lead<\/li>\n<li>Gestione delle attivit\u00e0<\/li>\n<li>Pianificazione di chiamate e riunioni<\/li>\n<li>Automazione del flusso di lavoro di base<\/li>\n<li>Dashboard di reporting<\/li>\n<li>Motore di collaborazione<\/li>\n<li>Opzioni di personalizzazione<\/li>\n<li>Utilizza strumenti visivi per pianificare, controllare e modificare le tempistiche del progetto<\/li>\n<li>Sfrutta modelli di progetto e fasi<\/li>\n<li>Stabilisci dipendenze per fasi e attivit\u00e0<\/li>\n<li>Visualizza e modifica il percorso critico del progetto<\/li>\n<li>Gestisci le risorse del progetto<\/li>\n<li>Identifica e risolvi i conflitti di pianificazione<\/li>\n<li>Gestisci facilmente la pianificazione e la riprogrammazione delle attivit\u00e0<\/li>\n<li>Imposta budget e monitorali rispetto ai costi effettivi<\/li>\n<li>Gestisci in modo efficiente le modifiche al progetto<\/li>\n<li>Monitora tempo e spese<\/li>\n<li>Invia automaticamente fatture e richieste di approvazione<\/li>\n<li>Collabora Con i membri del team, i clienti e i fornitori<\/li>\n<li>Comunicare efficacemente durante i progetti<\/li>\n<li>Sfruttare un potente motore di automazione del flusso di lavoro per progetti efficienti e di successo<\/li>\n<\/ul>\n<h4>LE RECENSIONI DEGLI UTENTI<\/h4>\n<p><strong>Rahul &#8220;Uno dei CRM pi\u00f9 convenienti&#8221;<\/strong><br \/>\n<strong>Pro<\/strong>: ci\u00f2 che apprezzo di pi\u00f9 di BlueCamroo CRM \u00e8 la semplicit\u00e0 di navigazione. Non c&#8217;\u00e8 confusione nella ricerca delle opzioni del menu e apprezzo anche l&#8217;interfaccia utente. \u00c8 facile cliccare su un contatto durante la chiamata e inserire tutti i dettagli della chiamata, il che aiuta nella conversione dei lead perch\u00e9 \u00e8 facile tenere traccia di ci\u00f2 che il cliente ha detto durante la chiamata.<br \/>\n<strong>Contro<\/strong>: devo acquistare crediti aggiuntivi per l&#8217;email. \u00c8 anche un po&#8217; costoso. Sarebbe stato meglio se avessi potuto integrare BlueCamroo con altri software di email marketing disponibili.<\/p>\n<p><strong>Gord &#8220;Blue Camroo&#8221;<\/strong><br \/>\nNel complesso \u00e8 buono perch\u00e9 fornisce una gestione dei contatti intuitiva per me<br \/>\n<strong>Pro<\/strong>: Il software \u00e8 facile da usare e consente l&#8217;integrazione con Wave<br \/>\n<strong>Contro<\/strong>: l&#8217;integrazione con Wave presenta alcuni problemi, con i clienti che a volte scompaiono. Inoltre, i clienti vengono duplicati anzich\u00e9 sincronizzati quando vengono apportate modifiche.<\/p>\n<p><strong>Evilasio &#8220;Il miglior CRM&#8221;<\/strong><br \/>\n<strong>Pro<\/strong>: comodo e a basso costo. Accesso web a tutti i browser.<br \/>\n<strong>Contro<\/strong>: applicazione Linux e iOS per desktop e configurazione iniziale.<\/p>\n","protected":false},"excerpt":{"rendered":"<p>BlueCamroo \u00e8 una piattaforma di gestione aziendale basata su cloud che offre funzionalit\u00e0 come la gestione di lead e clienti, la collaborazione in team, la gestione di attivit\u00e0 e progetti, l&#8217;assistenza clienti, il monitoraggio del tempo, la gestione delle spese, la fatturazione, il monitoraggio dei social media e l&#8217;email marketing.<\/p>\n","protected":false},"author":19,"featured_media":106793,"parent":5966,"menu_order":0,"comment_status":"open","ping_status":"closed","template":"g1_template_page_review_new.php","meta":{"_acf_changed":false,"cwp_meta_box_check":"Yes","cwp_rev_product_name":"","cwp_rev_product_image":"","wppr_links":[],"cwp_rev_price":"0.00","wppr_options":[{"name":"Usability","value":"0"},{"name":"Speed","value":"0"},{"name":"Features","value":"0"},{"name":"Support","value":"0"},{"name":"Pricing","value":"0"}],"wppr_pros":["","","","",""],"wppr_cons":["","","","",""],"_monsterinsights_skip_tracking":false,"_monsterinsights_sitenote_active":false,"_monsterinsights_sitenote_note":"","_monsterinsights_sitenote_category":0,"footnotes":""},"categories":[120],"tags":[16944,1835,4080,427,1837,1239],"features":[],"class_list":{"0":"post-106792","1":"page","2":"type-page","3":"status-publish","4":"has-post-thumbnail","6":"category-crm-it","7":"tag-bluecamroo","8":"tag-crm-2-it","9":"tag-piattaforma-crm","10":"tag-programma-crm","11":"tag-software-crm-2-it","12":"tag-soluzione-crm"},"wppr_data":{"cwp_meta_box_check":"Yes","_wppr_review_template":"default","cwp_rev_product_image":"","cwp_image_link":"image","wppr_links":[],"cwp_rev_price":"0.00","wppr_pros":["","","","",""],"wppr_cons":["","","","",""],"wppr_rating":"0.00","wppr_options":{"1":{"name":"Usability","value":"0"},"2":{"name":"Speed","value":"0"},"3":{"name":"Features","value":"0"},"4":{"name":"Support","value":"0"},"5":{"name":"Pricing","value":"0"}},"wppr_review_type":"Product","wppr_review_custom_fields":{"additionalProperty":"","additionalType":"","aggregateRating":"","alternateName":"","audience":"","award":"","awards":"","brand":"","color":"","depth":"","description":"","disambiguatingDescription":"","gtin12":"","gtin13":"","gtin14":"","gtin8":"","height":"","identifier":"","image":"","isAccessoryOrSparePartFor":"","isConsumableFor":"","isRelatedTo":"","isSimilarTo":"","itemCondition":"","logo":"","mainEntityOfPage":"","manufacturer":"","material":"","model":"","mpn":"","name":"","offers":"","potentialAction":"","productID":"","productionDate":"","purchaseDate":"","releaseDate":"","review":"","reviews":"","sameAs":"","sku":"","slogan":"","subjectOf":"","url":"","weight":"","width":""}},"acf":[],"yoast_head":"<!-- This site is optimized with the Yoast SEO plugin v27.4 - https:\/\/yoast.com\/product\/yoast-seo-wordpress\/ -->\n<title>BlueCamroo: recensione software CRM - Accurate Reviews<\/title>\n<meta name=\"description\" content=\"BlueCamroo: software CRM che offre funzionalit\u00e0 come la gestione di lead e clienti, la collaborazione in team e la gestione attivit\u00e0.\" \/>\n<meta name=\"robots\" content=\"index, follow, max-snippet:-1, max-image-preview:large, max-video-preview:-1\" \/>\n<link rel=\"canonical\" href=\"https:\/\/www.accuratereviews.com\/it\/crm-software-migliori-lista\/bluecamroo-recensione\/\" \/>\n<meta property=\"og:locale\" content=\"it_IT\" \/>\n<meta property=\"og:type\" content=\"article\" \/>\n<meta property=\"og:title\" content=\"BlueCamroo: recensione software CRM - Accurate Reviews\" \/>\n<meta property=\"og:description\" content=\"BlueCamroo: software CRM che offre funzionalit\u00e0 come la gestione di lead e clienti, la collaborazione in team e la gestione attivit\u00e0.\" \/>\n<meta property=\"og:url\" content=\"https:\/\/www.accuratereviews.com\/it\/crm-software-migliori-lista\/bluecamroo-recensione\/\" \/>\n<meta property=\"og:site_name\" content=\"Accurate Reviews\" \/>\n<meta property=\"og:image\" content=\"https:\/\/www.accuratereviews.com\/wp-content\/uploads\/2026\/02\/BlueCamroo.png\" \/>\n\t<meta property=\"og:image:width\" content=\"225\" \/>\n\t<meta property=\"og:image:height\" content=\"225\" \/>\n\t<meta property=\"og:image:type\" content=\"image\/png\" \/>\n<meta name=\"twitter:card\" content=\"summary_large_image\" \/>\n<meta name=\"twitter:label1\" content=\"Tempo di lettura stimato\" \/>\n\t<meta name=\"twitter:data1\" content=\"4 minuti\" \/>\n<script type=\"application\/ld+json\" class=\"yoast-schema-graph\">{\"@context\":\"https:\\\/\\\/schema.org\",\"@graph\":[{\"@type\":\"WebPage\",\"@id\":\"https:\\\/\\\/www.accuratereviews.com\\\/it\\\/crm-software-migliori-lista\\\/bluecamroo-recensione\\\/\",\"url\":\"https:\\\/\\\/www.accuratereviews.com\\\/it\\\/crm-software-migliori-lista\\\/bluecamroo-recensione\\\/\",\"name\":\"BlueCamroo: recensione software CRM - Accurate Reviews\",\"isPartOf\":{\"@id\":\"https:\\\/\\\/www.accuratereviews.com\\\/it\\\/#website\"},\"primaryImageOfPage\":{\"@id\":\"https:\\\/\\\/www.accuratereviews.com\\\/it\\\/crm-software-migliori-lista\\\/bluecamroo-recensione\\\/#primaryimage\"},\"image\":{\"@id\":\"https:\\\/\\\/www.accuratereviews.com\\\/it\\\/crm-software-migliori-lista\\\/bluecamroo-recensione\\\/#primaryimage\"},\"thumbnailUrl\":\"https:\\\/\\\/www.accuratereviews.com\\\/wp-content\\\/uploads\\\/2026\\\/02\\\/BlueCamroo.png\",\"datePublished\":\"2026-02-10T17:16:49+00:00\",\"description\":\"BlueCamroo: software CRM che offre funzionalit\u00e0 come la gestione di lead e clienti, la collaborazione in team e la gestione attivit\u00e0.\",\"breadcrumb\":{\"@id\":\"https:\\\/\\\/www.accuratereviews.com\\\/it\\\/crm-software-migliori-lista\\\/bluecamroo-recensione\\\/#breadcrumb\"},\"inLanguage\":\"it-IT\",\"potentialAction\":[{\"@type\":\"ReadAction\",\"target\":[\"https:\\\/\\\/www.accuratereviews.com\\\/it\\\/crm-software-migliori-lista\\\/bluecamroo-recensione\\\/\"]}]},{\"@type\":\"ImageObject\",\"inLanguage\":\"it-IT\",\"@id\":\"https:\\\/\\\/www.accuratereviews.com\\\/it\\\/crm-software-migliori-lista\\\/bluecamroo-recensione\\\/#primaryimage\",\"url\":\"https:\\\/\\\/www.accuratereviews.com\\\/wp-content\\\/uploads\\\/2026\\\/02\\\/BlueCamroo.png\",\"contentUrl\":\"https:\\\/\\\/www.accuratereviews.com\\\/wp-content\\\/uploads\\\/2026\\\/02\\\/BlueCamroo.png\",\"width\":225,\"height\":225},{\"@type\":\"BreadcrumbList\",\"@id\":\"https:\\\/\\\/www.accuratereviews.com\\\/it\\\/crm-software-migliori-lista\\\/bluecamroo-recensione\\\/#breadcrumb\",\"itemListElement\":[{\"@type\":\"ListItem\",\"position\":1,\"name\":\"Home\",\"item\":\"https:\\\/\\\/www.accuratereviews.com\\\/it\\\/\"},{\"@type\":\"ListItem\",\"position\":2,\"name\":\"CRM: i software migliori\",\"item\":\"https:\\\/\\\/www.accuratereviews.com\\\/it\\\/crm-software-migliori-lista\\\/\"},{\"@type\":\"ListItem\",\"position\":3,\"name\":\"BlueCamroo\"}]},{\"@type\":\"WebSite\",\"@id\":\"https:\\\/\\\/www.accuratereviews.com\\\/it\\\/#website\",\"url\":\"https:\\\/\\\/www.accuratereviews.com\\\/it\\\/\",\"name\":\"Accurate Reviews\",\"description\":\"\",\"potentialAction\":[{\"@type\":\"SearchAction\",\"target\":{\"@type\":\"EntryPoint\",\"urlTemplate\":\"https:\\\/\\\/www.accuratereviews.com\\\/it\\\/?s={search_term_string}\"},\"query-input\":{\"@type\":\"PropertyValueSpecification\",\"valueRequired\":true,\"valueName\":\"search_term_string\"}}],\"inLanguage\":\"it-IT\"}]}<\/script>\n<!-- \/ Yoast SEO plugin. -->","yoast_head_json":{"title":"BlueCamroo: recensione software CRM - Accurate Reviews","description":"BlueCamroo: software CRM che offre funzionalit\u00e0 come la gestione di lead e clienti, la collaborazione in team e la gestione attivit\u00e0.","robots":{"index":"index","follow":"follow","max-snippet":"max-snippet:-1","max-image-preview":"max-image-preview:large","max-video-preview":"max-video-preview:-1"},"canonical":"https:\/\/www.accuratereviews.com\/it\/crm-software-migliori-lista\/bluecamroo-recensione\/","og_locale":"it_IT","og_type":"article","og_title":"BlueCamroo: recensione software CRM - Accurate Reviews","og_description":"BlueCamroo: software CRM che offre funzionalit\u00e0 come la gestione di lead e clienti, la collaborazione in team e la gestione attivit\u00e0.","og_url":"https:\/\/www.accuratereviews.com\/it\/crm-software-migliori-lista\/bluecamroo-recensione\/","og_site_name":"Accurate Reviews","og_image":[{"width":225,"height":225,"url":"https:\/\/www.accuratereviews.com\/wp-content\/uploads\/2026\/02\/BlueCamroo.png","type":"image\/png"}],"twitter_card":"summary_large_image","twitter_misc":{"Tempo di lettura stimato":"4 minuti"},"schema":{"@context":"https:\/\/schema.org","@graph":[{"@type":"WebPage","@id":"https:\/\/www.accuratereviews.com\/it\/crm-software-migliori-lista\/bluecamroo-recensione\/","url":"https:\/\/www.accuratereviews.com\/it\/crm-software-migliori-lista\/bluecamroo-recensione\/","name":"BlueCamroo: recensione software CRM - Accurate Reviews","isPartOf":{"@id":"https:\/\/www.accuratereviews.com\/it\/#website"},"primaryImageOfPage":{"@id":"https:\/\/www.accuratereviews.com\/it\/crm-software-migliori-lista\/bluecamroo-recensione\/#primaryimage"},"image":{"@id":"https:\/\/www.accuratereviews.com\/it\/crm-software-migliori-lista\/bluecamroo-recensione\/#primaryimage"},"thumbnailUrl":"https:\/\/www.accuratereviews.com\/wp-content\/uploads\/2026\/02\/BlueCamroo.png","datePublished":"2026-02-10T17:16:49+00:00","description":"BlueCamroo: software CRM che offre funzionalit\u00e0 come la gestione di lead e clienti, la collaborazione in team e la gestione attivit\u00e0.","breadcrumb":{"@id":"https:\/\/www.accuratereviews.com\/it\/crm-software-migliori-lista\/bluecamroo-recensione\/#breadcrumb"},"inLanguage":"it-IT","potentialAction":[{"@type":"ReadAction","target":["https:\/\/www.accuratereviews.com\/it\/crm-software-migliori-lista\/bluecamroo-recensione\/"]}]},{"@type":"ImageObject","inLanguage":"it-IT","@id":"https:\/\/www.accuratereviews.com\/it\/crm-software-migliori-lista\/bluecamroo-recensione\/#primaryimage","url":"https:\/\/www.accuratereviews.com\/wp-content\/uploads\/2026\/02\/BlueCamroo.png","contentUrl":"https:\/\/www.accuratereviews.com\/wp-content\/uploads\/2026\/02\/BlueCamroo.png","width":225,"height":225},{"@type":"BreadcrumbList","@id":"https:\/\/www.accuratereviews.com\/it\/crm-software-migliori-lista\/bluecamroo-recensione\/#breadcrumb","itemListElement":[{"@type":"ListItem","position":1,"name":"Home","item":"https:\/\/www.accuratereviews.com\/it\/"},{"@type":"ListItem","position":2,"name":"CRM: i software migliori","item":"https:\/\/www.accuratereviews.com\/it\/crm-software-migliori-lista\/"},{"@type":"ListItem","position":3,"name":"BlueCamroo"}]},{"@type":"WebSite","@id":"https:\/\/www.accuratereviews.com\/it\/#website","url":"https:\/\/www.accuratereviews.com\/it\/","name":"Accurate Reviews","description":"","potentialAction":[{"@type":"SearchAction","target":{"@type":"EntryPoint","urlTemplate":"https:\/\/www.accuratereviews.com\/it\/?s={search_term_string}"},"query-input":{"@type":"PropertyValueSpecification","valueRequired":true,"valueName":"search_term_string"}}],"inLanguage":"it-IT"}]}},"_links":{"self":[{"href":"https:\/\/www.accuratereviews.com\/it\/wp-json\/wp\/v2\/pages\/106792","targetHints":{"allow":["GET"]}}],"collection":[{"href":"https:\/\/www.accuratereviews.com\/it\/wp-json\/wp\/v2\/pages"}],"about":[{"href":"https:\/\/www.accuratereviews.com\/it\/wp-json\/wp\/v2\/types\/page"}],"author":[{"embeddable":true,"href":"https:\/\/www.accuratereviews.com\/it\/wp-json\/wp\/v2\/users\/19"}],"replies":[{"embeddable":true,"href":"https:\/\/www.accuratereviews.com\/it\/wp-json\/wp\/v2\/comments?post=106792"}],"version-history":[{"count":9,"href":"https:\/\/www.accuratereviews.com\/it\/wp-json\/wp\/v2\/pages\/106792\/revisions"}],"predecessor-version":[{"id":106818,"href":"https:\/\/www.accuratereviews.com\/it\/wp-json\/wp\/v2\/pages\/106792\/revisions\/106818"}],"up":[{"embeddable":true,"href":"https:\/\/www.accuratereviews.com\/it\/wp-json\/wp\/v2\/pages\/5966"}],"wp:featuredmedia":[{"embeddable":true,"href":"https:\/\/www.accuratereviews.com\/it\/wp-json\/wp\/v2\/media\/106793"}],"wp:attachment":[{"href":"https:\/\/www.accuratereviews.com\/it\/wp-json\/wp\/v2\/media?parent=106792"}],"wp:term":[{"taxonomy":"category","embeddable":true,"href":"https:\/\/www.accuratereviews.com\/it\/wp-json\/wp\/v2\/categories?post=106792"},{"taxonomy":"post_tag","embeddable":true,"href":"https:\/\/www.accuratereviews.com\/it\/wp-json\/wp\/v2\/tags?post=106792"},{"taxonomy":"features","embeddable":true,"href":"https:\/\/www.accuratereviews.com\/it\/wp-json\/wp\/v2\/features?post=106792"}],"curies":[{"name":"wp","href":"https:\/\/api.w.org\/{rel}","templated":true}]}}