{"id":106819,"date":"2026-02-11T18:53:08","date_gmt":"2026-02-11T18:53:08","guid":{"rendered":"https:\/\/www.accuratereviews.com\/?page_id=106819"},"modified":"2026-02-12T11:07:19","modified_gmt":"2026-02-12T11:07:19","slug":"the-newspaper-manager-recensione","status":"publish","type":"page","link":"https:\/\/www.accuratereviews.com\/it\/crm-software-migliori-lista\/the-newspaper-manager-recensione\/","title":{"rendered":"The Newspaper Manager"},"content":{"rendered":"<p><strong>The Newspaper Manager<\/strong> \u00e8 un <strong>software CRM<\/strong> basato su <strong>cloud<\/strong> progettato per aiutare le aziende a gestire le relazioni con i clienti attraverso un modulo per le opportunit\u00e0 di vendita. Si tratta di un sistema per gestire ordini di stampa, eventi e prodotti digitali, un modulo di fatturazione e un sistema di fatturazione clienti. Attraverso la creazione di ordini pubblicitari o listini prezzi e la gestione dell&#8217;inventario pubblicitario, aiuta gli editori a semplificare l&#8217;intero ciclo di vita della pubblicit\u00e0 cartacea e digitale. La funzionalit\u00e0 di inserimento degli ordini consente alle aziende di creare contratti, ordini di inserzione e modelli di fattura per annunci di qualsiasi tipo.<br \/>\nMigliora la comunicazione grazie all&#8217;integrazione di <strong>The Newspaper Manager <\/strong>con<strong> Gmail e Outlook<\/strong>. Invia email mirate a gruppi tramite il tuo account email. Le estensioni di <strong>Google Chrome e Outlook<\/strong> collegano perfettamente il tuo account email al nostro CRM, consentendoti di accedere, aggiungere e copiare note all&#8217;interno delle tue email.<\/p>\n<h2>THE NEWSPAPER MANAGER &#8211; TUTORIAL<\/h2>\n<div id=\"fluid-wrapper-counter-1\" class=\"g1-fluid-wrapper \" style=\"width:686px;\">\n<div style=\"padding-bottom:56.268221574344%;\"><iframe loading=\"lazy\" title=\"Newspaper Manager: Introduction to the CRM\" width=\"686\" height=\"386\" src=\"https:\/\/www.youtube.com\/embed\/JEw7vBzIkjs?feature=oembed&amp;wmode=transparent&amp;autohide=1&amp;autoplay=0&amp;disablekb=0&amp;fs=1&amp;loop=0&amp;enablejsapi=1&amp;rel=0&amp;controls=2&amp;showinfo=0&amp;wmode=transparent&amp;autohide=2&amp;autoplay=0&amp;disablekb=0&amp;fs=1&amp;loop=0&amp;enablejsapi=1&amp;rel=0&amp;controls=2&amp;showinfo=1\" frameborder=\"0\" allow=\"accelerometer; autoplay; clipboard-write; encrypted-media; gyroscope; picture-in-picture; web-share\" referrerpolicy=\"strict-origin-when-cross-origin\" allowfullscreen><\/iframe><\/div>\n<\/div>\n<h3>THE NEWSPAPER MANAGER &#8211; CARATTERISTICHE<\/h3>\n<ul>\n<li><strong>Gestione Contratti<\/strong>: contatti e callback sono gestiti in un CRM editoriale collaborativo.<\/li>\n<li><strong>Ricerca Clienti<\/strong>: i\u00a0campi di ricerca personalizzati a discesa ti aiutano a trovare dati accurati in pochi secondi.<\/li>\n<li><strong>Calendario ed eventi<\/strong>: sincronizzazione con il tuo calendario web per organizzare le attivit\u00e0 di vendita.<\/li>\n<li><strong>Notifiche<\/strong>: gli avvisi automatici tengono sempre a mente le scadenze, comprese le chiusure dei magazzini.<\/li>\n<li><strong>Liste di richiesta:<\/strong> l&#8217;accesso alle liste di contatti da un modello flessibile semplifica il processo di follow-up.<\/li>\n<li><strong>Modelli e offerte per proposte pubblicitarie<\/strong>: rispondi rapidamente alle RFP per semplificare l&#8217;acquisizione di nuovi clienti.<\/li>\n<li><strong>Email Marketing<\/strong>: grazie all&#8217;email integrata e alle integrazioni con piattaforme di terze parti, i tuoi inserzionisti rimangono coinvolti.<\/li>\n<li><strong>Dashboard e report<\/strong>: report e dashboard approfonditi sono creati con la nostra interfaccia drag-and-drop.<\/li>\n<\/ul>\n<h4>LE RECENSIONE DEGLI UTENTI<\/h4>\n<p><strong>Jessica &#8220;Newspaper Manager \u00e8 uno strumento fantastico.&#8221;<\/strong><br \/>\nNel complesso non posso lamentarmi. Ogni volta che abbiamo un problema, lo risolviamo tempestivamente. E tutti sono stati cos\u00ec gentili e disponibili nell&#8217;aiutarci nella transizione tra i due proprietari, e praticamente per tutto il periodo in cui abbiamo avuto Newspaper Manager.<br \/>\n<strong>Pro<\/strong>: mi piace molto il fatto che tutto ci\u00f2 che dobbiamo fare per vendere e registrare gli annunci venduti e i progetti di design sia archiviato in un unico posto. Tutti possono accedervi ovunque si trovino. E possiamo migliorare le nostre edizioni digitali.<br \/>\n<strong>Contro<\/strong>: vorrei che ogni annuncio fosse contrassegnato da una piccola miniatura accanto alla data di pubblicazione. E che lo studio digitale continuasse ad aggiornarsi per aggiungere nuove funzionalit\u00e0, in modo da poter far crescere i nostri numeri digitali al passo con i tempi.<\/p>\n<p><strong>Tori &#8220;Recensione del direttore del giornale&#8221;<\/strong><br \/>\nLa mia esperienza complessiva con Newspaper Manager \u00e8 stata positiva. Riesco a tenere traccia di tutti i miei account, riunioni, chiamate e obiettivi in modo abbastanza fluido.<br \/>\n<strong>Pro<\/strong>: adoro tutte le funzionalit\u00e0 di reporting di Newspaper Manager e i promemoria automatici che il sistema fornisce quando i contratti stanno per scadere.<br \/>\n<strong>Contro<\/strong>: vorrei che la planimetria digitale fosse un po&#8217; pi\u00f9 intuitiva e facile da usare e che fosse strutturata in modo pi\u00f9 estetico.<\/p>\n<p><strong>Sophia &#8220;Revisione del responsabile delle vendite&#8221;<\/strong><br \/>\n<strong>Pro<\/strong>: adoro poter vedere tutte le campagne in corso e passate dei miei clienti, cos\u00ec da sapere cosa vendere loro e quando. Mi aiuta a tenere traccia di tutti i miei clienti e delle attivit\u00e0, cos\u00ec da avere successo nelle mie attivit\u00e0 di vendita durante tutto l&#8217;anno.<br \/>\n<strong>Contro<\/strong>: iniziare a usare Newspaper Manager pu\u00f2 essere un po&#8217; scoraggiante all&#8217;inizio, visto che offre cos\u00ec tanti strumenti utili! Tuttavia, una volta che ci si abitua, ci si accorge di non poterne pi\u00f9 fare a meno!<\/p>\n","protected":false},"excerpt":{"rendered":"<p>The Newspaper Manager \u00e8 un software CRM basato su cloud progettato per aiutare le aziende a gestire le relazioni con i clienti attraverso un modulo per le opportunit\u00e0 di vendita, un sistema per gestire ordini di stampa, eventi e prodotti digitali, un modulo di fatturazione e un sistema di fatturazione clienti.<\/p>\n","protected":false},"author":19,"featured_media":106820,"parent":5966,"menu_order":0,"comment_status":"open","ping_status":"closed","template":"g1_template_page_review_new.php","meta":{"_acf_changed":false,"cwp_meta_box_check":"Yes","cwp_rev_product_name":"","cwp_rev_product_image":"","wppr_links":[],"cwp_rev_price":"0.00","wppr_options":[{"name":"Usability","value":"0"},{"name":"Speed","value":"0"},{"name":"Features","value":"0"},{"name":"Support","value":"0"},{"name":"Pricing","value":"0"}],"wppr_pros":["","","","",""],"wppr_cons":["","","","",""],"_monsterinsights_skip_tracking":false,"_monsterinsights_sitenote_active":false,"_monsterinsights_sitenote_note":"","_monsterinsights_sitenote_category":0,"footnotes":""},"categories":[120],"tags":[14095,1835,427,1837,1239,16946],"features":[],"class_list":{"0":"post-106819","1":"page","2":"type-page","3":"status-publish","4":"has-post-thumbnail","6":"category-crm-it","7":"tag-app-crm","8":"tag-crm-2-it","9":"tag-programma-crm","10":"tag-software-crm-2-it","11":"tag-soluzione-crm","12":"tag-the-newspaper-manager"},"wppr_data":{"cwp_meta_box_check":"Yes","_wppr_review_template":"default","cwp_rev_product_image":"","cwp_image_link":"image","wppr_links":[],"cwp_rev_price":"0.00","wppr_pros":["","","","",""],"wppr_cons":["","","","",""],"wppr_rating":"0.00","wppr_options":{"1":{"name":"Usability","value":"0"},"2":{"name":"Speed","value":"0"},"3":{"name":"Features","value":"0"},"4":{"name":"Support","value":"0"},"5":{"name":"Pricing","value":"0"}},"wppr_review_type":"Product","wppr_review_custom_fields":{"additionalProperty":"","additionalType":"","aggregateRating":"","alternateName":"","audience":"","award":"","awards":"","brand":"","color":"","depth":"","description":"","disambiguatingDescription":"","gtin12":"","gtin13":"","gtin14":"","gtin8":"","height":"","identifier":"","image":"","isAccessoryOrSparePartFor":"","isConsumableFor":"","isRelatedTo":"","isSimilarTo":"","itemCondition":"","logo":"","mainEntityOfPage":"","manufacturer":"","material":"","model":"","mpn":"","name":"","offers":"","potentialAction":"","productID":"","productionDate":"","purchaseDate":"","releaseDate":"","review":"","reviews":"","sameAs":"","sku":"","slogan":"","subjectOf":"","url":"","weight":"","width":""}},"acf":[],"yoast_head":"<!-- This site is optimized with the Yoast SEO plugin v26.0 - https:\/\/yoast.com\/wordpress\/plugins\/seo\/ -->\n<title>The Newspaper Manager: recensione software CRM - Accurate Reviews<\/title>\n<meta name=\"description\" content=\"The Newspaper Manager: recensione software CRM basato su cloud progettato per aiutare le aziende a gestire le relazioni con i clienti.\" \/>\n<meta name=\"robots\" content=\"index, follow, max-snippet:-1, max-image-preview:large, max-video-preview:-1\" \/>\n<link rel=\"canonical\" href=\"https:\/\/www.accuratereviews.com\/it\/crm-software-migliori-lista\/the-newspaper-manager-recensione\/\" \/>\n<meta property=\"og:locale\" content=\"it_IT\" \/>\n<meta property=\"og:type\" content=\"article\" \/>\n<meta property=\"og:title\" content=\"The Newspaper Manager: recensione software CRM - Accurate Reviews\" \/>\n<meta property=\"og:description\" content=\"The Newspaper Manager: recensione software CRM basato su cloud progettato per aiutare le aziende a gestire le relazioni con i clienti.\" \/>\n<meta property=\"og:url\" content=\"https:\/\/www.accuratereviews.com\/it\/crm-software-migliori-lista\/the-newspaper-manager-recensione\/\" \/>\n<meta property=\"og:site_name\" content=\"Accurate Reviews\" \/>\n<meta property=\"article:modified_time\" content=\"2026-02-12T11:07:19+00:00\" \/>\n<meta property=\"og:image\" content=\"https:\/\/www.accuratereviews.com\/wp-content\/uploads\/2026\/02\/Screenshot-2026-02-11-alle-10.43.55.png\" \/>\n\t<meta property=\"og:image:width\" content=\"1080\" \/>\n\t<meta property=\"og:image:height\" content=\"358\" \/>\n\t<meta property=\"og:image:type\" content=\"image\/png\" \/>\n<meta name=\"twitter:card\" content=\"summary_large_image\" \/>\n<meta name=\"twitter:label1\" content=\"Tempo di lettura stimato\" \/>\n\t<meta name=\"twitter:data1\" content=\"5 minuti\" \/>\n<script type=\"application\/ld+json\" class=\"yoast-schema-graph\">{\"@context\":\"https:\/\/schema.org\",\"@graph\":[{\"@type\":\"WebPage\",\"@id\":\"https:\/\/www.accuratereviews.com\/it\/crm-software-migliori-lista\/the-newspaper-manager-recensione\/\",\"url\":\"https:\/\/www.accuratereviews.com\/it\/crm-software-migliori-lista\/the-newspaper-manager-recensione\/\",\"name\":\"The Newspaper Manager: recensione software CRM - Accurate Reviews\",\"isPartOf\":{\"@id\":\"https:\/\/www.accuratereviews.com\/it\/#website\"},\"primaryImageOfPage\":{\"@id\":\"https:\/\/www.accuratereviews.com\/it\/crm-software-migliori-lista\/the-newspaper-manager-recensione\/#primaryimage\"},\"image\":{\"@id\":\"https:\/\/www.accuratereviews.com\/it\/crm-software-migliori-lista\/the-newspaper-manager-recensione\/#primaryimage\"},\"thumbnailUrl\":\"https:\/\/www.accuratereviews.com\/wp-content\/uploads\/2026\/02\/Screenshot-2026-02-11-alle-10.43.55.png\",\"datePublished\":\"2026-02-11T18:53:08+00:00\",\"dateModified\":\"2026-02-12T11:07:19+00:00\",\"description\":\"The Newspaper Manager: recensione software CRM basato su cloud progettato per aiutare le aziende a gestire le relazioni con i clienti.\",\"breadcrumb\":{\"@id\":\"https:\/\/www.accuratereviews.com\/it\/crm-software-migliori-lista\/the-newspaper-manager-recensione\/#breadcrumb\"},\"inLanguage\":\"it-IT\",\"potentialAction\":[{\"@type\":\"ReadAction\",\"target\":[\"https:\/\/www.accuratereviews.com\/it\/crm-software-migliori-lista\/the-newspaper-manager-recensione\/\"]}]},{\"@type\":\"ImageObject\",\"inLanguage\":\"it-IT\",\"@id\":\"https:\/\/www.accuratereviews.com\/it\/crm-software-migliori-lista\/the-newspaper-manager-recensione\/#primaryimage\",\"url\":\"https:\/\/www.accuratereviews.com\/wp-content\/uploads\/2026\/02\/Screenshot-2026-02-11-alle-10.43.55.png\",\"contentUrl\":\"https:\/\/www.accuratereviews.com\/wp-content\/uploads\/2026\/02\/Screenshot-2026-02-11-alle-10.43.55.png\",\"width\":1080,\"height\":358},{\"@type\":\"BreadcrumbList\",\"@id\":\"https:\/\/www.accuratereviews.com\/it\/crm-software-migliori-lista\/the-newspaper-manager-recensione\/#breadcrumb\",\"itemListElement\":[{\"@type\":\"ListItem\",\"position\":1,\"name\":\"Home\",\"item\":\"https:\/\/www.accuratereviews.com\/it\/\"},{\"@type\":\"ListItem\",\"position\":2,\"name\":\"CRM: i software migliori\",\"item\":\"https:\/\/www.accuratereviews.com\/it\/crm-software-migliori-lista\/\"},{\"@type\":\"ListItem\",\"position\":3,\"name\":\"The Newspaper Manager\"}]},{\"@type\":\"WebSite\",\"@id\":\"https:\/\/www.accuratereviews.com\/it\/#website\",\"url\":\"https:\/\/www.accuratereviews.com\/it\/\",\"name\":\"Accurate Reviews\",\"description\":\"\",\"potentialAction\":[{\"@type\":\"SearchAction\",\"target\":{\"@type\":\"EntryPoint\",\"urlTemplate\":\"https:\/\/www.accuratereviews.com\/it\/?s={search_term_string}\"},\"query-input\":{\"@type\":\"PropertyValueSpecification\",\"valueRequired\":true,\"valueName\":\"search_term_string\"}}],\"inLanguage\":\"it-IT\"}]}<\/script>\n<!-- \/ Yoast SEO plugin. -->","yoast_head_json":{"title":"The Newspaper Manager: recensione software CRM - Accurate Reviews","description":"The Newspaper Manager: recensione software CRM basato su cloud progettato per aiutare le aziende a gestire le relazioni con i clienti.","robots":{"index":"index","follow":"follow","max-snippet":"max-snippet:-1","max-image-preview":"max-image-preview:large","max-video-preview":"max-video-preview:-1"},"canonical":"https:\/\/www.accuratereviews.com\/it\/crm-software-migliori-lista\/the-newspaper-manager-recensione\/","og_locale":"it_IT","og_type":"article","og_title":"The Newspaper Manager: recensione software CRM - Accurate Reviews","og_description":"The Newspaper Manager: recensione software CRM basato su cloud progettato per aiutare le aziende a gestire le relazioni con i clienti.","og_url":"https:\/\/www.accuratereviews.com\/it\/crm-software-migliori-lista\/the-newspaper-manager-recensione\/","og_site_name":"Accurate Reviews","article_modified_time":"2026-02-12T11:07:19+00:00","og_image":[{"width":1080,"height":358,"url":"https:\/\/www.accuratereviews.com\/wp-content\/uploads\/2026\/02\/Screenshot-2026-02-11-alle-10.43.55.png","type":"image\/png"}],"twitter_card":"summary_large_image","twitter_misc":{"Tempo di lettura stimato":"5 minuti"},"schema":{"@context":"https:\/\/schema.org","@graph":[{"@type":"WebPage","@id":"https:\/\/www.accuratereviews.com\/it\/crm-software-migliori-lista\/the-newspaper-manager-recensione\/","url":"https:\/\/www.accuratereviews.com\/it\/crm-software-migliori-lista\/the-newspaper-manager-recensione\/","name":"The Newspaper Manager: recensione software CRM - Accurate Reviews","isPartOf":{"@id":"https:\/\/www.accuratereviews.com\/it\/#website"},"primaryImageOfPage":{"@id":"https:\/\/www.accuratereviews.com\/it\/crm-software-migliori-lista\/the-newspaper-manager-recensione\/#primaryimage"},"image":{"@id":"https:\/\/www.accuratereviews.com\/it\/crm-software-migliori-lista\/the-newspaper-manager-recensione\/#primaryimage"},"thumbnailUrl":"https:\/\/www.accuratereviews.com\/wp-content\/uploads\/2026\/02\/Screenshot-2026-02-11-alle-10.43.55.png","datePublished":"2026-02-11T18:53:08+00:00","dateModified":"2026-02-12T11:07:19+00:00","description":"The Newspaper Manager: recensione software CRM basato su cloud progettato per aiutare le aziende a gestire le relazioni con i clienti.","breadcrumb":{"@id":"https:\/\/www.accuratereviews.com\/it\/crm-software-migliori-lista\/the-newspaper-manager-recensione\/#breadcrumb"},"inLanguage":"it-IT","potentialAction":[{"@type":"ReadAction","target":["https:\/\/www.accuratereviews.com\/it\/crm-software-migliori-lista\/the-newspaper-manager-recensione\/"]}]},{"@type":"ImageObject","inLanguage":"it-IT","@id":"https:\/\/www.accuratereviews.com\/it\/crm-software-migliori-lista\/the-newspaper-manager-recensione\/#primaryimage","url":"https:\/\/www.accuratereviews.com\/wp-content\/uploads\/2026\/02\/Screenshot-2026-02-11-alle-10.43.55.png","contentUrl":"https:\/\/www.accuratereviews.com\/wp-content\/uploads\/2026\/02\/Screenshot-2026-02-11-alle-10.43.55.png","width":1080,"height":358},{"@type":"BreadcrumbList","@id":"https:\/\/www.accuratereviews.com\/it\/crm-software-migliori-lista\/the-newspaper-manager-recensione\/#breadcrumb","itemListElement":[{"@type":"ListItem","position":1,"name":"Home","item":"https:\/\/www.accuratereviews.com\/it\/"},{"@type":"ListItem","position":2,"name":"CRM: i software migliori","item":"https:\/\/www.accuratereviews.com\/it\/crm-software-migliori-lista\/"},{"@type":"ListItem","position":3,"name":"The Newspaper Manager"}]},{"@type":"WebSite","@id":"https:\/\/www.accuratereviews.com\/it\/#website","url":"https:\/\/www.accuratereviews.com\/it\/","name":"Accurate Reviews","description":"","potentialAction":[{"@type":"SearchAction","target":{"@type":"EntryPoint","urlTemplate":"https:\/\/www.accuratereviews.com\/it\/?s={search_term_string}"},"query-input":{"@type":"PropertyValueSpecification","valueRequired":true,"valueName":"search_term_string"}}],"inLanguage":"it-IT"}]}},"_links":{"self":[{"href":"https:\/\/www.accuratereviews.com\/it\/wp-json\/wp\/v2\/pages\/106819","targetHints":{"allow":["GET"]}}],"collection":[{"href":"https:\/\/www.accuratereviews.com\/it\/wp-json\/wp\/v2\/pages"}],"about":[{"href":"https:\/\/www.accuratereviews.com\/it\/wp-json\/wp\/v2\/types\/page"}],"author":[{"embeddable":true,"href":"https:\/\/www.accuratereviews.com\/it\/wp-json\/wp\/v2\/users\/19"}],"replies":[{"embeddable":true,"href":"https:\/\/www.accuratereviews.com\/it\/wp-json\/wp\/v2\/comments?post=106819"}],"version-history":[{"count":8,"href":"https:\/\/www.accuratereviews.com\/it\/wp-json\/wp\/v2\/pages\/106819\/revisions"}],"predecessor-version":[{"id":106841,"href":"https:\/\/www.accuratereviews.com\/it\/wp-json\/wp\/v2\/pages\/106819\/revisions\/106841"}],"up":[{"embeddable":true,"href":"https:\/\/www.accuratereviews.com\/it\/wp-json\/wp\/v2\/pages\/5966"}],"wp:featuredmedia":[{"embeddable":true,"href":"https:\/\/www.accuratereviews.com\/it\/wp-json\/wp\/v2\/media\/106820"}],"wp:attachment":[{"href":"https:\/\/www.accuratereviews.com\/it\/wp-json\/wp\/v2\/media?parent=106819"}],"wp:term":[{"taxonomy":"category","embeddable":true,"href":"https:\/\/www.accuratereviews.com\/it\/wp-json\/wp\/v2\/categories?post=106819"},{"taxonomy":"post_tag","embeddable":true,"href":"https:\/\/www.accuratereviews.com\/it\/wp-json\/wp\/v2\/tags?post=106819"},{"taxonomy":"features","embeddable":true,"href":"https:\/\/www.accuratereviews.com\/it\/wp-json\/wp\/v2\/features?post=106819"}],"curies":[{"name":"wp","href":"https:\/\/api.w.org\/{rel}","templated":true}]}}