{"id":106833,"date":"2026-02-12T20:26:58","date_gmt":"2026-02-12T20:26:58","guid":{"rendered":"https:\/\/www.accuratereviews.com\/?page_id=106833"},"modified":"2026-02-12T20:26:58","modified_gmt":"2026-02-12T20:26:58","slug":"ifs-cloud-recensione","status":"publish","type":"page","link":"https:\/\/www.accuratereviews.com\/it\/crm-software-migliori-lista\/ifs-cloud-recensione\/","title":{"rendered":"IFS Cloud"},"content":{"rendered":"<p><strong>IFS Cloud<\/strong> \u00e8 un <strong>software aziendale<\/strong> componibile che permette di gestire al meglio clienti, persone e asset per ridurre complessit\u00e0, costi e rischi durante la pianificazione, la gestione e l&#8217;ottimizzazione della disponibilit\u00e0 degli asset critici, puntando all&#8217;eccellenza operativa e alla produttivit\u00e0 della forza lavoro. Offre un&#8217;ampia gamma di <strong>funzionalit\u00e0 ERP<\/strong>, gestisce servizi e asset aziendali. \u00a0Le aziende possono scegliere le funzionalit\u00e0 di cui hanno bisogno tra le diverse aree.<br \/>\nChe tu gestisca un sito produttivo, gestisca una flotta di aeromobili o stia costruendo strutture per le smart city del futuro, la tecnologia di <strong>intelligenza artificiale<\/strong> all&#8217;avanguardia ti consente di raggiungere i tuoi obiettivi quando serve. <strong>IFS.ai<\/strong> combina simulazione, ottimizzazione e rilevamento delle anomalie per migliorare l&#8217;efficienza di personale, risorse e flussi di lavoro.<\/p>\n<h2>IFS CLOUD &#8211; TUTORIAL<\/h2>\n<div id=\"fluid-wrapper-counter-1\" class=\"g1-fluid-wrapper \" style=\"width:686px;\">\n<div style=\"padding-bottom:56.268221574344%;\"><iframe loading=\"lazy\" title=\"Discover IFS Cloud\" width=\"686\" height=\"386\" src=\"https:\/\/www.youtube.com\/embed\/N4NaolvZ7ds?list=PLKfyyVAa3fsQAhf1S2MIHIBoB1fVFZzQB\" frameborder=\"0\" allow=\"accelerometer; autoplay; clipboard-write; encrypted-media; gyroscope; picture-in-picture; web-share\" referrerpolicy=\"strict-origin-when-cross-origin\" allowfullscreen><\/iframe><\/div>\n<\/div>\n<h3>IFS CLOUD &#8211; CARATTERISTICHE<\/h3>\n<ul>\n<li><strong>Enterprise Resource Planning (ERP)<\/strong>: include gestione finanziaria completa, Human Capital Management (HCM), gestione della catena di fornitura (SCM), CRM e gestione dei progetti.<\/li>\n<li><strong>Previsione e Rifornimento Inventario:<\/strong> utilizza l&#8217;IA per ottimizzare le scorte di parti di ricambio e calcolare i punti di riordino ideali.<\/li>\n<li>Enterprise Asset Management (EAM): Offre strumenti per la manutenzione predittiva, il monitoraggio degli asset in tempo reale e la gestione dell&#8217;intero ciclo di vita degli asset.<\/li>\n<li><strong>Field Service Management (FSM)<\/strong>: include la pianificazione e l&#8217;ottimizzazione guidata dall&#8217;IA per la forza lavoro mobile, gestione dei contratti di servizio e tracciamento delle prestazioni.<\/li>\n<li><strong>FS.ai Copilot<\/strong>: un assistente potenziato dall&#8217;IA che aiuta gli utenti a interrogare dati complessi sulla supply chain e sulle operazioni per accelerare il processo decisionale.<\/li>\n<li><strong>Gestione della Sostenibilit\u00e0<\/strong>: strumenti per tracciare e riportare le emissioni (Scope 1, 2 e 3) e gestire la produzione circolare (remanufacturing).<\/li>\n<li><strong>Visualizzazione XD<\/strong>: integrazione di modelli 2D e 3D con dati di manutenzione in tempo reale per tecnici e ingegneri.<\/li>\n<li><strong>User Experience (UX)<\/strong>: interfaccia moderna basata su browser (IFS Cloud Web) e app native per iOS, Android e Windows con capacit\u00e0 offline.<\/li>\n<li><strong>Modello Evergreen:<\/strong> la piattaforma riceve aggiornamenti di funzionalit\u00e0 due volte l&#8217;anno e aggiornamenti di sicurezza mensili, eliminando la necessit\u00e0 di grandi aggiornamenti periodici.<\/li>\n<li><strong>Estensibilit\u00e0<\/strong>: basata su REST API standard e aperte, facilita l&#8217;integrazione con sistemi di terze parti e lo sviluppo di app personalizzate tramite piattaforme low-code.<\/li>\n<li><strong>Lobbies<\/strong>: dashboard configurabili che forniscono una visualizzazione immediata delle metriche chiave (KPI) specifiche per ruolo.<\/li>\n<\/ul>\n<h4>LE RECENSIONI DEGLI UTENTI<\/h4>\n<p><strong>Gijs &#8220;IFS semplifica la vita&#8221;<\/strong><br \/>\nUno strumento per svolgere bene il mio lavoro. Fornisce struttura e qualit\u00e0 ai miei compiti.<br \/>\n<strong>Pro<\/strong>: Il software \u00e8 molto flessibile. Non devo adattare i miei processi al software. Ma il software segue i processi.<br \/>\n<strong>Contro<\/strong>: la quantit\u00e0 di opzioni a volte pu\u00f2 essere un po\u2019 schiacciante.<\/p>\n<p><strong>William &#8220;Molto buono anche se da migliorare&#8221;<\/strong><br \/>\nHo appena iniziato a utilizzare la versione Cloud, prima il team utilizzava le applicazioni IFS ma ora il supporto \u00e8 terminato e l&#8217;azienda \u00e8 passata al Cloud. Il movimento \u00e8 stato fluido ma sono stati necessari alcuni allenamenti.<br \/>\n<strong>Pro<\/strong>: molto utile con i report, sia nella creazione che nella modifica, pi\u00f9 veloce della versione cloud, migliora ogni volta. L&#8217;integrazione \u00e8 essenziale e funziona perfettamente con i programmi Microsoft con tutti i prodotti SAP.<br \/>\n<strong>Contro<\/strong>: l&#8217;azienda ha integrato IFS con i prodotti SAP ed \u00e8 andata bene, tuttavia ogni volta si verificano ancora problemi minori, in particolare la migrazione degli account. L&#8217;utilizzo quotidiano non \u00e8 molto intuitivo, la navigazione tra i moduli \u00e8 molto confusa.<\/p>\n<p><strong>Maria &#8220;IFS &#8211; Un sistema ERP a piattaforma&#8221;<\/strong><br \/>\nGestione delle dichiarazioni fiscali e gestione del credito clienti.<br \/>\n<strong>Pro<\/strong>: questo prodotto offre facilit\u00e0 di navigazione e facilit\u00e0 d&#8217;uso. \u00c8 robusto nella funzionalit\u00e0 e nella connettivit\u00e0 di pi\u00f9 moduli.<br \/>\n<strong>Contro<\/strong>: sono stato un utente e un consulente per questo prodotto e finora mi piacciono tutte le sue caratteristiche<\/p>\n","protected":false},"excerpt":{"rendered":"<p>IFS Cloud \u00e8 un&#8217;applicazione software aziendale componibile che organizza clienti, persone e asset per ridurre complessit\u00e0, costi e rischi durante la pianificazione, la gestione e l&#8217;ottimizzazione della disponibilit\u00e0 degli asset critici, puntando all&#8217;eccellenza operativa e alla produttivit\u00e0 della forza lavoro.<\/p>\n","protected":false},"author":19,"featured_media":106834,"parent":5966,"menu_order":0,"comment_status":"open","ping_status":"closed","template":"g1_template_page_review_new.php","meta":{"_acf_changed":false,"cwp_meta_box_check":"Yes","cwp_rev_product_name":"","cwp_rev_product_image":"","wppr_links":[],"cwp_rev_price":"0.00","wppr_options":[{"name":"Usability","value":"0"},{"name":"Speed","value":"0"},{"name":"Features","value":"0"},{"name":"Support","value":"0"},{"name":"Pricing","value":"0"}],"wppr_pros":["","","","",""],"wppr_cons":["","","","",""],"_monsterinsights_skip_tracking":false,"_monsterinsights_sitenote_active":false,"_monsterinsights_sitenote_note":"","_monsterinsights_sitenote_category":0,"footnotes":""},"categories":[120],"tags":[1835,16948,4080,427,1837,1239],"features":[],"class_list":{"0":"post-106833","1":"page","2":"type-page","3":"status-publish","4":"has-post-thumbnail","6":"category-crm-it","7":"tag-crm-2-it","8":"tag-ifs-cloud","9":"tag-piattaforma-crm","10":"tag-programma-crm","11":"tag-software-crm-2-it","12":"tag-soluzione-crm"},"wppr_data":{"cwp_meta_box_check":"Yes","_wppr_review_template":"default","cwp_rev_product_image":"","cwp_image_link":"image","wppr_links":[],"cwp_rev_price":"0.00","wppr_pros":["","","","",""],"wppr_cons":["","","","",""],"wppr_rating":"0.00","wppr_options":{"1":{"name":"Usability","value":"0"},"2":{"name":"Speed","value":"0"},"3":{"name":"Features","value":"0"},"4":{"name":"Support","value":"0"},"5":{"name":"Pricing","value":"0"}},"wppr_review_type":"Product","wppr_review_custom_fields":{"additionalProperty":"","additionalType":"","aggregateRating":"","alternateName":"","audience":"","award":"","awards":"","brand":"","color":"","depth":"","description":"","disambiguatingDescription":"","gtin12":"","gtin13":"","gtin14":"","gtin8":"","height":"","identifier":"","image":"","isAccessoryOrSparePartFor":"","isConsumableFor":"","isRelatedTo":"","isSimilarTo":"","itemCondition":"","logo":"","mainEntityOfPage":"","manufacturer":"","material":"","model":"","mpn":"","name":"","offers":"","potentialAction":"","productID":"","productionDate":"","purchaseDate":"","releaseDate":"","review":"","reviews":"","sameAs":"","sku":"","slogan":"","subjectOf":"","url":"","weight":"","width":""}},"acf":[],"yoast_head":"<!-- This site is optimized with the Yoast SEO plugin v26.0 - https:\/\/yoast.com\/wordpress\/plugins\/seo\/ -->\n<title>IFS Cloud: recensione software CRM - Accurate Reviews<\/title>\n<meta name=\"description\" content=\"IFS Cloud: recensione software aziendale componibile che organizza clienti, persone e asset per ridurre complessit\u00e0, costi e rischi.\" \/>\n<meta name=\"robots\" content=\"index, follow, max-snippet:-1, max-image-preview:large, max-video-preview:-1\" \/>\n<link rel=\"canonical\" href=\"https:\/\/www.accuratereviews.com\/it\/crm-software-migliori-lista\/ifs-cloud-recensione\/\" \/>\n<meta property=\"og:locale\" content=\"it_IT\" \/>\n<meta property=\"og:type\" content=\"article\" \/>\n<meta property=\"og:title\" content=\"IFS Cloud: recensione software CRM - Accurate Reviews\" \/>\n<meta property=\"og:description\" content=\"IFS Cloud: recensione software aziendale componibile che organizza clienti, persone e asset per ridurre complessit\u00e0, costi e rischi.\" \/>\n<meta property=\"og:url\" content=\"https:\/\/www.accuratereviews.com\/it\/crm-software-migliori-lista\/ifs-cloud-recensione\/\" \/>\n<meta property=\"og:site_name\" content=\"Accurate Reviews\" \/>\n<meta property=\"og:image\" content=\"https:\/\/www.accuratereviews.com\/wp-content\/uploads\/2026\/02\/IFS-Cloud.webp\" \/>\n\t<meta property=\"og:image:width\" content=\"750\" \/>\n\t<meta property=\"og:image:height\" content=\"750\" \/>\n\t<meta property=\"og:image:type\" content=\"image\/webp\" \/>\n<meta name=\"twitter:card\" content=\"summary_large_image\" \/>\n<meta name=\"twitter:label1\" content=\"Tempo di lettura stimato\" \/>\n\t<meta name=\"twitter:data1\" content=\"5 minuti\" \/>\n<script type=\"application\/ld+json\" class=\"yoast-schema-graph\">{\"@context\":\"https:\/\/schema.org\",\"@graph\":[{\"@type\":\"WebPage\",\"@id\":\"https:\/\/www.accuratereviews.com\/it\/crm-software-migliori-lista\/ifs-cloud-recensione\/\",\"url\":\"https:\/\/www.accuratereviews.com\/it\/crm-software-migliori-lista\/ifs-cloud-recensione\/\",\"name\":\"IFS Cloud: recensione software CRM - Accurate Reviews\",\"isPartOf\":{\"@id\":\"https:\/\/www.accuratereviews.com\/it\/#website\"},\"primaryImageOfPage\":{\"@id\":\"https:\/\/www.accuratereviews.com\/it\/crm-software-migliori-lista\/ifs-cloud-recensione\/#primaryimage\"},\"image\":{\"@id\":\"https:\/\/www.accuratereviews.com\/it\/crm-software-migliori-lista\/ifs-cloud-recensione\/#primaryimage\"},\"thumbnailUrl\":\"https:\/\/www.accuratereviews.com\/wp-content\/uploads\/2026\/02\/IFS-Cloud.webp\",\"datePublished\":\"2026-02-12T20:26:58+00:00\",\"description\":\"IFS Cloud: recensione software aziendale componibile che organizza clienti, persone e asset per ridurre complessit\u00e0, costi e rischi.\",\"breadcrumb\":{\"@id\":\"https:\/\/www.accuratereviews.com\/it\/crm-software-migliori-lista\/ifs-cloud-recensione\/#breadcrumb\"},\"inLanguage\":\"it-IT\",\"potentialAction\":[{\"@type\":\"ReadAction\",\"target\":[\"https:\/\/www.accuratereviews.com\/it\/crm-software-migliori-lista\/ifs-cloud-recensione\/\"]}]},{\"@type\":\"ImageObject\",\"inLanguage\":\"it-IT\",\"@id\":\"https:\/\/www.accuratereviews.com\/it\/crm-software-migliori-lista\/ifs-cloud-recensione\/#primaryimage\",\"url\":\"https:\/\/www.accuratereviews.com\/wp-content\/uploads\/2026\/02\/IFS-Cloud.webp\",\"contentUrl\":\"https:\/\/www.accuratereviews.com\/wp-content\/uploads\/2026\/02\/IFS-Cloud.webp\",\"width\":750,\"height\":750},{\"@type\":\"BreadcrumbList\",\"@id\":\"https:\/\/www.accuratereviews.com\/it\/crm-software-migliori-lista\/ifs-cloud-recensione\/#breadcrumb\",\"itemListElement\":[{\"@type\":\"ListItem\",\"position\":1,\"name\":\"Home\",\"item\":\"https:\/\/www.accuratereviews.com\/it\/\"},{\"@type\":\"ListItem\",\"position\":2,\"name\":\"CRM: i software migliori\",\"item\":\"https:\/\/www.accuratereviews.com\/it\/crm-software-migliori-lista\/\"},{\"@type\":\"ListItem\",\"position\":3,\"name\":\"IFS Cloud\"}]},{\"@type\":\"WebSite\",\"@id\":\"https:\/\/www.accuratereviews.com\/it\/#website\",\"url\":\"https:\/\/www.accuratereviews.com\/it\/\",\"name\":\"Accurate Reviews\",\"description\":\"\",\"potentialAction\":[{\"@type\":\"SearchAction\",\"target\":{\"@type\":\"EntryPoint\",\"urlTemplate\":\"https:\/\/www.accuratereviews.com\/it\/?s={search_term_string}\"},\"query-input\":{\"@type\":\"PropertyValueSpecification\",\"valueRequired\":true,\"valueName\":\"search_term_string\"}}],\"inLanguage\":\"it-IT\"}]}<\/script>\n<!-- \/ Yoast SEO plugin. -->","yoast_head_json":{"title":"IFS Cloud: recensione software CRM - Accurate Reviews","description":"IFS Cloud: recensione software aziendale componibile che organizza clienti, persone e asset per ridurre complessit\u00e0, costi e rischi.","robots":{"index":"index","follow":"follow","max-snippet":"max-snippet:-1","max-image-preview":"max-image-preview:large","max-video-preview":"max-video-preview:-1"},"canonical":"https:\/\/www.accuratereviews.com\/it\/crm-software-migliori-lista\/ifs-cloud-recensione\/","og_locale":"it_IT","og_type":"article","og_title":"IFS Cloud: recensione software CRM - Accurate Reviews","og_description":"IFS Cloud: recensione software aziendale componibile che organizza clienti, persone e asset per ridurre complessit\u00e0, costi e rischi.","og_url":"https:\/\/www.accuratereviews.com\/it\/crm-software-migliori-lista\/ifs-cloud-recensione\/","og_site_name":"Accurate Reviews","og_image":[{"width":750,"height":750,"url":"https:\/\/www.accuratereviews.com\/wp-content\/uploads\/2026\/02\/IFS-Cloud.webp","type":"image\/webp"}],"twitter_card":"summary_large_image","twitter_misc":{"Tempo di lettura stimato":"5 minuti"},"schema":{"@context":"https:\/\/schema.org","@graph":[{"@type":"WebPage","@id":"https:\/\/www.accuratereviews.com\/it\/crm-software-migliori-lista\/ifs-cloud-recensione\/","url":"https:\/\/www.accuratereviews.com\/it\/crm-software-migliori-lista\/ifs-cloud-recensione\/","name":"IFS Cloud: recensione software CRM - Accurate Reviews","isPartOf":{"@id":"https:\/\/www.accuratereviews.com\/it\/#website"},"primaryImageOfPage":{"@id":"https:\/\/www.accuratereviews.com\/it\/crm-software-migliori-lista\/ifs-cloud-recensione\/#primaryimage"},"image":{"@id":"https:\/\/www.accuratereviews.com\/it\/crm-software-migliori-lista\/ifs-cloud-recensione\/#primaryimage"},"thumbnailUrl":"https:\/\/www.accuratereviews.com\/wp-content\/uploads\/2026\/02\/IFS-Cloud.webp","datePublished":"2026-02-12T20:26:58+00:00","description":"IFS Cloud: recensione software aziendale componibile che organizza clienti, persone e asset per ridurre complessit\u00e0, costi e rischi.","breadcrumb":{"@id":"https:\/\/www.accuratereviews.com\/it\/crm-software-migliori-lista\/ifs-cloud-recensione\/#breadcrumb"},"inLanguage":"it-IT","potentialAction":[{"@type":"ReadAction","target":["https:\/\/www.accuratereviews.com\/it\/crm-software-migliori-lista\/ifs-cloud-recensione\/"]}]},{"@type":"ImageObject","inLanguage":"it-IT","@id":"https:\/\/www.accuratereviews.com\/it\/crm-software-migliori-lista\/ifs-cloud-recensione\/#primaryimage","url":"https:\/\/www.accuratereviews.com\/wp-content\/uploads\/2026\/02\/IFS-Cloud.webp","contentUrl":"https:\/\/www.accuratereviews.com\/wp-content\/uploads\/2026\/02\/IFS-Cloud.webp","width":750,"height":750},{"@type":"BreadcrumbList","@id":"https:\/\/www.accuratereviews.com\/it\/crm-software-migliori-lista\/ifs-cloud-recensione\/#breadcrumb","itemListElement":[{"@type":"ListItem","position":1,"name":"Home","item":"https:\/\/www.accuratereviews.com\/it\/"},{"@type":"ListItem","position":2,"name":"CRM: i software migliori","item":"https:\/\/www.accuratereviews.com\/it\/crm-software-migliori-lista\/"},{"@type":"ListItem","position":3,"name":"IFS Cloud"}]},{"@type":"WebSite","@id":"https:\/\/www.accuratereviews.com\/it\/#website","url":"https:\/\/www.accuratereviews.com\/it\/","name":"Accurate Reviews","description":"","potentialAction":[{"@type":"SearchAction","target":{"@type":"EntryPoint","urlTemplate":"https:\/\/www.accuratereviews.com\/it\/?s={search_term_string}"},"query-input":{"@type":"PropertyValueSpecification","valueRequired":true,"valueName":"search_term_string"}}],"inLanguage":"it-IT"}]}},"_links":{"self":[{"href":"https:\/\/www.accuratereviews.com\/it\/wp-json\/wp\/v2\/pages\/106833","targetHints":{"allow":["GET"]}}],"collection":[{"href":"https:\/\/www.accuratereviews.com\/it\/wp-json\/wp\/v2\/pages"}],"about":[{"href":"https:\/\/www.accuratereviews.com\/it\/wp-json\/wp\/v2\/types\/page"}],"author":[{"embeddable":true,"href":"https:\/\/www.accuratereviews.com\/it\/wp-json\/wp\/v2\/users\/19"}],"replies":[{"embeddable":true,"href":"https:\/\/www.accuratereviews.com\/it\/wp-json\/wp\/v2\/comments?post=106833"}],"version-history":[{"count":5,"href":"https:\/\/www.accuratereviews.com\/it\/wp-json\/wp\/v2\/pages\/106833\/revisions"}],"predecessor-version":[{"id":106844,"href":"https:\/\/www.accuratereviews.com\/it\/wp-json\/wp\/v2\/pages\/106833\/revisions\/106844"}],"up":[{"embeddable":true,"href":"https:\/\/www.accuratereviews.com\/it\/wp-json\/wp\/v2\/pages\/5966"}],"wp:featuredmedia":[{"embeddable":true,"href":"https:\/\/www.accuratereviews.com\/it\/wp-json\/wp\/v2\/media\/106834"}],"wp:attachment":[{"href":"https:\/\/www.accuratereviews.com\/it\/wp-json\/wp\/v2\/media?parent=106833"}],"wp:term":[{"taxonomy":"category","embeddable":true,"href":"https:\/\/www.accuratereviews.com\/it\/wp-json\/wp\/v2\/categories?post=106833"},{"taxonomy":"post_tag","embeddable":true,"href":"https:\/\/www.accuratereviews.com\/it\/wp-json\/wp\/v2\/tags?post=106833"},{"taxonomy":"features","embeddable":true,"href":"https:\/\/www.accuratereviews.com\/it\/wp-json\/wp\/v2\/features?post=106833"}],"curies":[{"name":"wp","href":"https:\/\/api.w.org\/{rel}","templated":true}]}}