{"id":106854,"date":"2026-02-13T17:43:39","date_gmt":"2026-02-13T17:43:39","guid":{"rendered":"https:\/\/www.accuratereviews.com\/?page_id=106854"},"modified":"2026-02-13T17:43:39","modified_gmt":"2026-02-13T17:43:39","slug":"promys-recensione","status":"publish","type":"page","link":"https:\/\/www.accuratereviews.com\/it\/crm-software-migliori-lista\/promys-recensione\/","title":{"rendered":"Promys"},"content":{"rendered":"<p><strong>Promys<\/strong> fornisce soluzioni software aziendali<strong> CRM, help desk e PSA a VAR,<\/strong> rivenditori e fornitori di soluzioni nei mercati dell&#8217;informatica, dei fornitori di servizi gestiti, della sicurezza audiovisiva e fisica. Offre moduli software per tutti i reparti, <strong>tra cui CRM e preventivi<\/strong>, help desk, gestione del tempo e fatturazione, calcolo dei costi di commessa, pianificazione, calendari delle risorse e contratti di supporto, gestione progetti, portale clienti, monitoraggio delle risorse dei clienti, approvvigionamento e inventario.<br \/>\nLe funzionalit\u00e0 principali di <strong>Promys<\/strong>\u00a0 includono il controllo dei margini di preventivo, il monitoraggio dei costi di progetto rispetto al budget, l&#8217;escalation delle chiamate di assistenza e la possibilit\u00e0 di reintegrare le lezioni apprese dall&#8217;implementazione nel processo di preventivo. La soluzione consente agli utenti di mappare i processi aziendali in base al modo ideale di utilizzo del software e\u00a0offre formazione illimitata per gli utenti finali a un costo fisso.<\/p>\n<h2>PROMYS &#8211; TUTORIAL<\/h2>\n<div id=\"fluid-wrapper-counter-1\" class=\"g1-fluid-wrapper \" style=\"width:686px;\">\n<div style=\"padding-bottom:56.268221574344%;\"><iframe loading=\"lazy\" title=\"Promys: Navigating the Software\" width=\"686\" height=\"386\" src=\"https:\/\/www.youtube.com\/embed\/4WbIPlwcFbI?feature=oembed&amp;wmode=transparent&amp;autohide=1&amp;autoplay=0&amp;disablekb=0&amp;fs=1&amp;loop=0&amp;enablejsapi=1&amp;rel=0&amp;controls=2&amp;showinfo=0&amp;wmode=transparent&amp;autohide=2&amp;autoplay=0&amp;disablekb=0&amp;fs=1&amp;loop=0&amp;enablejsapi=1&amp;rel=0&amp;controls=2&amp;showinfo=1\" frameborder=\"0\" allow=\"accelerometer; autoplay; clipboard-write; encrypted-media; gyroscope; picture-in-picture; web-share\" referrerpolicy=\"strict-origin-when-cross-origin\" allowfullscreen><\/iframe><\/div>\n<\/div>\n<h3>PROMYS &#8211; CARATTERISTICHE<\/h3>\n<ul>\n<li>Livelli Aziendali e di Divisione<\/li>\n<li>Supporta pi\u00f9 indirizzi con designazione (destinazione di spedizione, fatturazione, ecc.)<\/li>\n<li>Imposta termini di fatturazione predefiniti, valuta, contatto principale, rappresentante di vendita<\/li>\n<li>I registri dei contatti tengono traccia di tutte le interazioni e conversazioni con i clienti<\/li>\n<li>Inserimento e monitoraggio dei lead<\/li>\n<li>Vista unica di tutte le attivit\u00e0\/transazioni dei clienti<\/li>\n<li>Importazione di elenchi esterni di aziende e\/o contatti<\/li>\n<li>Gestione delle campagne di marketing<\/li>\n<li>Creazione di elenchi e campagne di marketing mirate<\/li>\n<li>Chiamata o invio di email al cliente direttamente da dispositivo mobile con un clic<\/li>\n<li>Motore di quotazione avanzato con approvazioni di soglia e link ai listini prezzi<\/li>\n<li>Visualizzazione del margine su preventivi e ordini di vendita<\/li>\n<li>Vendite tramite abbonamento, vendite interne e servizi gestiti<\/li>\n<li>Invio di preventivi via email ai clienti (URL o PDF) e approvazioni online<\/li>\n<li>Modelli di preventivo e molteplici opzioni di visualizzazione per la stampa<\/li>\n<li>Creazione di piani di attivit\u00e0\/milestone di lavoro per il progetto, integrati nel modulo di progetto<\/li>\n<li>Report sulle commissioni<\/li>\n<li>Avvisi di modifica dei prezzi o dei costi del fornitore<\/li>\n<li>Chiamate telefoniche e email rapide ai clienti con un clic (vendite e sul campo personale)<\/li>\n<li>App nativa per Android e iOS<\/li>\n<li>Avvia\/Arresta timer con registro<\/li>\n<li>Visualizza\/Apri incarichi e appuntamenti giornalieri<\/li>\n<li>Notifica di arrivo automatica tramite GPS<\/li>\n<li>Approvazione della firma del cliente<\/li>\n<li>Visualizza la cronologia degli interventi di manutenzione del dispositivo<\/li>\n<li>Aggiungi spese personali<\/li>\n<li>Allega foto e immagini delle ricevute<\/li>\n<\/ul>\n<h4>LE RECENSIONI DEGLI UTENTI<\/h4>\n<p><strong>Bhargav &#8220;Strumento perfetto per gestire pi\u00f9 progetti&#8221;<\/strong><br \/>\nROMYS \u00e8 un ottimo strumento per risolvere le tue esigenze di gestione dei progetti. Fa risparmiare molto tempo e fatica ai tuoi colleghi.<br \/>\n<strong>Pro<\/strong>: offre numerose funzionalit\u00e0 che aiutano a gestire pi\u00f9 progetti e attivit\u00e0. Fornisce notifiche di avviso per ogni attivit\u00e0 in corso e consente anche di monitorare facilmente l&#8217;avanzamento di attivit\u00e0 e progetti.<br \/>\n<strong>Contro<\/strong>: sinceramente, sto utilizzando questo software per la gestione dei progetti e non ho riscontrato alcuna difficolt\u00e0.<\/p>\n<p><strong>Jamie &#8220;Un sistema solido per lo spazio IT VAR&#8221;<\/strong><br \/>\nVisibilit\u00e0, reporting e accuratezza delle informazioni sono tutti migliorati. Siamo in grado di ottenere informazioni migliori e velocemente.<br \/>\n<strong>Pro<\/strong>: avendo lavorato presso altri grandi rivenditori IT a valore aggiunto (VAR) nel mercato canadese, ho utilizzato diversi sistemi, ognuno con vantaggi e svantaggi. Promys sembra avere soluzioni e la capacit\u00e0 di gestire tutte queste problematiche in un unico sistema, dalla creazione dell&#8217;account cliente alla gestione delle opportunit\u00e0, fino alla gestione di preventivi e ordini, il tutto collegato tra loro per garantire visibilit\u00e0 e flusso di informazioni. In un&#8217;azienda in crescita, questa visibilit\u00e0 si \u00e8 rivelata di grande aiuto nel mantenere il flusso di lavoro costante durante la crescita aziendale, consentendoci al contempo un migliore controllo sulla visibilit\u00e0 delle opportunit\u00e0 e sulla gestione del backlog. Uno degli aspetti che apprezzo di pi\u00f9 \u00e8 che il team di Promys accetta costantemente feedback e aggiunge nuove funzionalit\u00e0 per migliorare le prestazioni dei propri clienti a tutti i livelli. Ci hanno aiutato a creare un sistema di creazione componenti\/importazione preventivi in un unico passaggio, che ha rappresentato un importante aggiornamento del sistema e si sono presi il tempo necessario per comprendere le nostre esigenze. Questa funzionalit\u00e0 \u00e8 stata ora implementata per tutti i clienti e ha comportato un enorme risparmio di tempo, contribuendo all&#8217;adozione del sistema in tutta la nostra organizzazione. Da allora, abbiamo continuato a inviare suggerimenti su come semplificare le cose e loro l&#8217;hanno aggiunta alla loro lista di sviluppo e la implementano con gli aggiornamenti regolari.<br \/>\n<strong>Contro<\/strong>: alcuni formati per le citazioni sono codificati nel sistema, sarebbe bello personalizzarli un po&#8217;. L&#8217;integrazione in QB Online ha richiesto un po&#8217; pi\u00f9 di tempo per essere gestita correttamente, in modo da garantire che tutto procedesse senza intoppi.<\/p>\n<p><strong>Pat &#8220;Promys PSA \u00e8 un ottimo sostituto per Salesforce, Remedy (Help Desk) e MS Project&#8221;<\/strong><br \/>\nDa quando abbiamo implementato Promys possiamo fare preventivi pi\u00f9 competitivi, gestire progetti e contratti di servizio in modo pi\u00f9 redditizio e risolvere pi\u00f9 rapidamente i problemi di assistenza clienti.<br \/>\n<strong>Pro<\/strong>: prima di Promys PSA, utilizzavamo Salesforce.com per CRM e preventivi, Remedy per l&#8217;Help Desk e i Project Manager utilizzavano fogli di calcolo MS Project o Excel. Le discrepanze tra questi software ci obbligavano a reinserire costantemente i dati e a estrarli da pi\u00f9 sistemi per creare report di gestione, che sembravano sempre obsoleti. Era difficile ottenere una buona visibilit\u00e0 sui costi di commessa, sulla redditivit\u00e0 dei contratti di servizi gestiti o sulle lezioni apprese dai cicli da un reparto all&#8217;altro. Promys ha riunito tutti questi moduli e dati in un unico sistema, il che ha reso i nostri dipendenti molto pi\u00f9 efficienti ed efficaci. Promys PSA ha offerto al nostro team dirigenziale un&#8217;ampia visibilit\u00e0 sulla redditivit\u00e0 delle singole linee di business e sulle perdite di redditivit\u00e0.<br \/>\n<strong>Contro<\/strong>: l&#8217;integrazione di Great Plains ha richiesto un po&#8217; pi\u00f9 di tempo del previsto, ma ora che \u00e8 attiva e funzionante \u00e8 un&#8217;integrazione molto solida.<\/p>\n","protected":false},"excerpt":{"rendered":"<p>Promys fornisce soluzioni software aziendali CRM, help desk e PSA a VAR, rivenditori e fornitori di soluzioni nei mercati dell&#8217;informatica, dei fornitori di servizi gestiti, della sicurezza audiovisiva e fisica. Offre moduli software per tutti i reparti, tra cui CRM e preventivi, help desk, gestione del tempo e fatturazione, calcolo dei costi di commessa e molto altro.<\/p>\n","protected":false},"author":19,"featured_media":106871,"parent":5966,"menu_order":0,"comment_status":"open","ping_status":"closed","template":"g1_template_page_review_new.php","meta":{"_acf_changed":false,"cwp_meta_box_check":"No","cwp_rev_product_name":"","cwp_rev_product_image":"","wppr_links":[],"cwp_rev_price":"","wppr_options":[],"wppr_pros":[],"wppr_cons":[],"_monsterinsights_skip_tracking":false,"_monsterinsights_sitenote_active":false,"_monsterinsights_sitenote_note":"","_monsterinsights_sitenote_category":0,"footnotes":""},"categories":[120],"tags":[1835,4080,427,16952,1837,1239],"features":[],"class_list":{"0":"post-106854","1":"page","2":"type-page","3":"status-publish","4":"has-post-thumbnail","6":"category-crm-it","7":"tag-crm-2-it","8":"tag-piattaforma-crm","9":"tag-programma-crm","10":"tag-promys","11":"tag-software-crm-2-it","12":"tag-soluzione-crm"},"wppr_data":{"cwp_meta_box_check":"No"},"acf":[],"yoast_head":"<!-- This site is optimized with the Yoast SEO plugin v26.0 - https:\/\/yoast.com\/wordpress\/plugins\/seo\/ -->\n<title>Promys: recensione software CRM - Accurate Reviews<\/title>\n<meta name=\"description\" content=\"Promys: recensione software CRM che offre un&#039;API web completa e si integra con tutte le soluzioni di contabilit\u00e0 o monitoraggio remoto.\" \/>\n<meta name=\"robots\" content=\"index, follow, max-snippet:-1, max-image-preview:large, max-video-preview:-1\" \/>\n<link rel=\"canonical\" href=\"https:\/\/www.accuratereviews.com\/it\/crm-software-migliori-lista\/promys-recensione\/\" \/>\n<meta property=\"og:locale\" content=\"it_IT\" \/>\n<meta property=\"og:type\" content=\"article\" \/>\n<meta property=\"og:title\" content=\"Promys: recensione software CRM - Accurate Reviews\" \/>\n<meta property=\"og:description\" content=\"Promys: recensione software CRM che offre un&#039;API web completa e si integra con tutte le soluzioni di contabilit\u00e0 o monitoraggio remoto.\" \/>\n<meta property=\"og:url\" content=\"https:\/\/www.accuratereviews.com\/it\/crm-software-migliori-lista\/promys-recensione\/\" \/>\n<meta property=\"og:site_name\" content=\"Accurate Reviews\" \/>\n<meta property=\"og:image\" content=\"https:\/\/www.accuratereviews.com\/wp-content\/uploads\/2026\/02\/Promys-logo-2019-1.png\" \/>\n\t<meta property=\"og:image:width\" content=\"843\" \/>\n\t<meta property=\"og:image:height\" content=\"200\" \/>\n\t<meta property=\"og:image:type\" content=\"image\/png\" \/>\n<meta name=\"twitter:card\" content=\"summary_large_image\" \/>\n<meta name=\"twitter:label1\" content=\"Tempo di lettura stimato\" \/>\n\t<meta name=\"twitter:data1\" content=\"6 minuti\" \/>\n<script type=\"application\/ld+json\" class=\"yoast-schema-graph\">{\"@context\":\"https:\/\/schema.org\",\"@graph\":[{\"@type\":\"WebPage\",\"@id\":\"https:\/\/www.accuratereviews.com\/it\/crm-software-migliori-lista\/promys-recensione\/\",\"url\":\"https:\/\/www.accuratereviews.com\/it\/crm-software-migliori-lista\/promys-recensione\/\",\"name\":\"Promys: recensione software CRM - Accurate Reviews\",\"isPartOf\":{\"@id\":\"https:\/\/www.accuratereviews.com\/it\/#website\"},\"primaryImageOfPage\":{\"@id\":\"https:\/\/www.accuratereviews.com\/it\/crm-software-migliori-lista\/promys-recensione\/#primaryimage\"},\"image\":{\"@id\":\"https:\/\/www.accuratereviews.com\/it\/crm-software-migliori-lista\/promys-recensione\/#primaryimage\"},\"thumbnailUrl\":\"https:\/\/www.accuratereviews.com\/wp-content\/uploads\/2026\/02\/Promys-logo-2019-1.png\",\"datePublished\":\"2026-02-13T17:43:39+00:00\",\"description\":\"Promys: recensione software CRM che offre un'API web completa e si integra con tutte le soluzioni di contabilit\u00e0 o monitoraggio remoto.\",\"breadcrumb\":{\"@id\":\"https:\/\/www.accuratereviews.com\/it\/crm-software-migliori-lista\/promys-recensione\/#breadcrumb\"},\"inLanguage\":\"it-IT\",\"potentialAction\":[{\"@type\":\"ReadAction\",\"target\":[\"https:\/\/www.accuratereviews.com\/it\/crm-software-migliori-lista\/promys-recensione\/\"]}]},{\"@type\":\"ImageObject\",\"inLanguage\":\"it-IT\",\"@id\":\"https:\/\/www.accuratereviews.com\/it\/crm-software-migliori-lista\/promys-recensione\/#primaryimage\",\"url\":\"https:\/\/www.accuratereviews.com\/wp-content\/uploads\/2026\/02\/Promys-logo-2019-1.png\",\"contentUrl\":\"https:\/\/www.accuratereviews.com\/wp-content\/uploads\/2026\/02\/Promys-logo-2019-1.png\",\"width\":843,\"height\":200},{\"@type\":\"BreadcrumbList\",\"@id\":\"https:\/\/www.accuratereviews.com\/it\/crm-software-migliori-lista\/promys-recensione\/#breadcrumb\",\"itemListElement\":[{\"@type\":\"ListItem\",\"position\":1,\"name\":\"Home\",\"item\":\"https:\/\/www.accuratereviews.com\/it\/\"},{\"@type\":\"ListItem\",\"position\":2,\"name\":\"CRM: i software migliori\",\"item\":\"https:\/\/www.accuratereviews.com\/it\/crm-software-migliori-lista\/\"},{\"@type\":\"ListItem\",\"position\":3,\"name\":\"Promys\"}]},{\"@type\":\"WebSite\",\"@id\":\"https:\/\/www.accuratereviews.com\/it\/#website\",\"url\":\"https:\/\/www.accuratereviews.com\/it\/\",\"name\":\"Accurate Reviews\",\"description\":\"\",\"potentialAction\":[{\"@type\":\"SearchAction\",\"target\":{\"@type\":\"EntryPoint\",\"urlTemplate\":\"https:\/\/www.accuratereviews.com\/it\/?s={search_term_string}\"},\"query-input\":{\"@type\":\"PropertyValueSpecification\",\"valueRequired\":true,\"valueName\":\"search_term_string\"}}],\"inLanguage\":\"it-IT\"}]}<\/script>\n<!-- \/ Yoast SEO plugin. -->","yoast_head_json":{"title":"Promys: recensione software CRM - Accurate Reviews","description":"Promys: recensione software CRM che offre un'API web completa e si integra con tutte le soluzioni di contabilit\u00e0 o monitoraggio remoto.","robots":{"index":"index","follow":"follow","max-snippet":"max-snippet:-1","max-image-preview":"max-image-preview:large","max-video-preview":"max-video-preview:-1"},"canonical":"https:\/\/www.accuratereviews.com\/it\/crm-software-migliori-lista\/promys-recensione\/","og_locale":"it_IT","og_type":"article","og_title":"Promys: recensione software CRM - Accurate Reviews","og_description":"Promys: recensione software CRM che offre un'API web completa e si integra con tutte le soluzioni di contabilit\u00e0 o monitoraggio remoto.","og_url":"https:\/\/www.accuratereviews.com\/it\/crm-software-migliori-lista\/promys-recensione\/","og_site_name":"Accurate Reviews","og_image":[{"width":843,"height":200,"url":"https:\/\/www.accuratereviews.com\/wp-content\/uploads\/2026\/02\/Promys-logo-2019-1.png","type":"image\/png"}],"twitter_card":"summary_large_image","twitter_misc":{"Tempo di lettura stimato":"6 minuti"},"schema":{"@context":"https:\/\/schema.org","@graph":[{"@type":"WebPage","@id":"https:\/\/www.accuratereviews.com\/it\/crm-software-migliori-lista\/promys-recensione\/","url":"https:\/\/www.accuratereviews.com\/it\/crm-software-migliori-lista\/promys-recensione\/","name":"Promys: recensione software CRM - Accurate Reviews","isPartOf":{"@id":"https:\/\/www.accuratereviews.com\/it\/#website"},"primaryImageOfPage":{"@id":"https:\/\/www.accuratereviews.com\/it\/crm-software-migliori-lista\/promys-recensione\/#primaryimage"},"image":{"@id":"https:\/\/www.accuratereviews.com\/it\/crm-software-migliori-lista\/promys-recensione\/#primaryimage"},"thumbnailUrl":"https:\/\/www.accuratereviews.com\/wp-content\/uploads\/2026\/02\/Promys-logo-2019-1.png","datePublished":"2026-02-13T17:43:39+00:00","description":"Promys: recensione software CRM che offre un'API web completa e si integra con tutte le soluzioni di contabilit\u00e0 o monitoraggio remoto.","breadcrumb":{"@id":"https:\/\/www.accuratereviews.com\/it\/crm-software-migliori-lista\/promys-recensione\/#breadcrumb"},"inLanguage":"it-IT","potentialAction":[{"@type":"ReadAction","target":["https:\/\/www.accuratereviews.com\/it\/crm-software-migliori-lista\/promys-recensione\/"]}]},{"@type":"ImageObject","inLanguage":"it-IT","@id":"https:\/\/www.accuratereviews.com\/it\/crm-software-migliori-lista\/promys-recensione\/#primaryimage","url":"https:\/\/www.accuratereviews.com\/wp-content\/uploads\/2026\/02\/Promys-logo-2019-1.png","contentUrl":"https:\/\/www.accuratereviews.com\/wp-content\/uploads\/2026\/02\/Promys-logo-2019-1.png","width":843,"height":200},{"@type":"BreadcrumbList","@id":"https:\/\/www.accuratereviews.com\/it\/crm-software-migliori-lista\/promys-recensione\/#breadcrumb","itemListElement":[{"@type":"ListItem","position":1,"name":"Home","item":"https:\/\/www.accuratereviews.com\/it\/"},{"@type":"ListItem","position":2,"name":"CRM: i software migliori","item":"https:\/\/www.accuratereviews.com\/it\/crm-software-migliori-lista\/"},{"@type":"ListItem","position":3,"name":"Promys"}]},{"@type":"WebSite","@id":"https:\/\/www.accuratereviews.com\/it\/#website","url":"https:\/\/www.accuratereviews.com\/it\/","name":"Accurate Reviews","description":"","potentialAction":[{"@type":"SearchAction","target":{"@type":"EntryPoint","urlTemplate":"https:\/\/www.accuratereviews.com\/it\/?s={search_term_string}"},"query-input":{"@type":"PropertyValueSpecification","valueRequired":true,"valueName":"search_term_string"}}],"inLanguage":"it-IT"}]}},"_links":{"self":[{"href":"https:\/\/www.accuratereviews.com\/it\/wp-json\/wp\/v2\/pages\/106854","targetHints":{"allow":["GET"]}}],"collection":[{"href":"https:\/\/www.accuratereviews.com\/it\/wp-json\/wp\/v2\/pages"}],"about":[{"href":"https:\/\/www.accuratereviews.com\/it\/wp-json\/wp\/v2\/types\/page"}],"author":[{"embeddable":true,"href":"https:\/\/www.accuratereviews.com\/it\/wp-json\/wp\/v2\/users\/19"}],"replies":[{"embeddable":true,"href":"https:\/\/www.accuratereviews.com\/it\/wp-json\/wp\/v2\/comments?post=106854"}],"version-history":[{"count":11,"href":"https:\/\/www.accuratereviews.com\/it\/wp-json\/wp\/v2\/pages\/106854\/revisions"}],"predecessor-version":[{"id":106870,"href":"https:\/\/www.accuratereviews.com\/it\/wp-json\/wp\/v2\/pages\/106854\/revisions\/106870"}],"up":[{"embeddable":true,"href":"https:\/\/www.accuratereviews.com\/it\/wp-json\/wp\/v2\/pages\/5966"}],"wp:featuredmedia":[{"embeddable":true,"href":"https:\/\/www.accuratereviews.com\/it\/wp-json\/wp\/v2\/media\/106871"}],"wp:attachment":[{"href":"https:\/\/www.accuratereviews.com\/it\/wp-json\/wp\/v2\/media?parent=106854"}],"wp:term":[{"taxonomy":"category","embeddable":true,"href":"https:\/\/www.accuratereviews.com\/it\/wp-json\/wp\/v2\/categories?post=106854"},{"taxonomy":"post_tag","embeddable":true,"href":"https:\/\/www.accuratereviews.com\/it\/wp-json\/wp\/v2\/tags?post=106854"},{"taxonomy":"features","embeddable":true,"href":"https:\/\/www.accuratereviews.com\/it\/wp-json\/wp\/v2\/features?post=106854"}],"curies":[{"name":"wp","href":"https:\/\/api.w.org\/{rel}","templated":true}]}}