{"id":106880,"date":"2026-02-16T19:06:51","date_gmt":"2026-02-16T19:06:51","guid":{"rendered":"https:\/\/www.accuratereviews.com\/?page_id=106880"},"modified":"2026-02-16T19:06:51","modified_gmt":"2026-02-16T19:06:51","slug":"flexie-crm-recensione","status":"publish","type":"page","link":"https:\/\/www.accuratereviews.com\/it\/crm-software-migliori-lista\/flexie-crm-recensione\/","title":{"rendered":"Flexie CRM"},"content":{"rendered":"<p><strong>Flexie<\/strong> \u00e8 una <strong>soluzione di gestione delle relazioni con i clienti (CRM)<\/strong> progettata per aiutare le aziende a semplificare le operazioni relative al lead scoring, al monitoraggio del sito web, alle comunicazioni con i clienti, all&#8217;automazione del flusso di lavoro e altro ancora. I professionisti possono utilizzare l&#8217;interfaccia drag-and-drop per gestire le trattative in tutte le fasi e monitorare i processi di vendita attraverso pipeline personalizzabili.<br \/>\n<strong>Flexie<\/strong> consente alle aziende di creare campagne di email marketing personalizzate per interagire con i clienti e organizzare lead, contatti o trattative in base a criteri personalizzati. Gli amministratori possono utilizzare<strong> la dashboard e i report predefiniti<\/strong> per ottenere visibilit\u00e0 sulle prestazioni di vendita, sui lead, sui progressi del team, sulle trattative e su varie altre metriche. Inoltre, consente agli utenti di impostare trigger basati su eventi per automatizzare le attivit\u00e0, creare flussi di lavoro e comunicare con i clienti tramite SMS.<\/p>\n<h2>FLEXIE CRM &#8211; TUTORIAL<\/h2>\n<div id=\"fluid-wrapper-counter-1\" class=\"g1-fluid-wrapper \" style=\"width:686px;\">\n<div style=\"padding-bottom:56.268221574344%;\"><iframe loading=\"lazy\" title=\"Flexie CRM - Italia\" width=\"686\" height=\"386\" src=\"https:\/\/www.youtube.com\/embed\/dACZATKVX1Y?feature=oembed&amp;wmode=transparent&amp;autohide=1&amp;autoplay=0&amp;disablekb=0&amp;fs=1&amp;loop=0&amp;enablejsapi=1&amp;rel=0&amp;controls=2&amp;showinfo=0&amp;wmode=transparent&amp;autohide=2&amp;autoplay=0&amp;disablekb=0&amp;fs=1&amp;loop=0&amp;enablejsapi=1&amp;rel=0&amp;controls=2&amp;showinfo=1\" frameborder=\"0\" allow=\"accelerometer; autoplay; clipboard-write; encrypted-media; gyroscope; picture-in-picture; web-share\" referrerpolicy=\"strict-origin-when-cross-origin\" allowfullscreen><\/iframe><\/div>\n<\/div>\n<h3>FLEXIE &#8211; CARATTERISTICHE<\/h3>\n<ul>\n<li><strong>Flusso di lavoro<\/strong>: automatizza il tuo flusso di lavoro, semplifica il processo di vendita e aumenta la produttivit\u00e0. Fai di pi\u00f9 con meno.<\/li>\n<li><strong>SMTP multiplo<\/strong>: SMTP multiplo per le tue email di marketing e transazionali, utilizzando regole di distribuzione.<\/li>\n<li><strong>IMAP multiplo<\/strong>: integra tutte le tue caselle di posta personali in Gmail, Zoho, Office 365 o qualsiasi altro IMAP.<\/li>\n<li>Dashboard multiple: utilizza pi\u00f9 dashboard con autorizzazioni opzionali in base agli utenti che accedono nelle soluzione.<\/li>\n<li><strong>Filtraggio approfondito<\/strong>: utilizza filtri avanzati per comprendere meglio flussi di lavoro, campagne, attivit\u00e0 e altro ancora.<\/li>\n<li><strong>Punteggio dei lead<\/strong>: monitora l&#8217;attivit\u00e0, ottieni informazioni e presentati al meglio con i nuovi clienti.<\/li>\n<li><strong>Gestione dei contatti<\/strong>: tieni traccia dei tuoi contatti. Aggiungi filtri, riassegna i contatti, importali\/esportali e altro ancora.<\/li>\n<li><strong>Offerte e vendite<\/strong>: gestisci le tue offerte in ogni fase. Rimani organizzato e chiaro sul tuo prossimo passo.<\/li>\n<li><strong>Gestione dei casi<\/strong>: disponi di un luogo centralizzato in cui puoi rivedere i tuoi casi e assegnare automaticamente le attivit\u00e0 al tuo team.<\/li>\n<li><strong>Sms bidirezionali<\/strong>: rimani in contatto con i clienti o crea il tuo sistema di notifiche tramite sms automatici.<\/li>\n<li><strong>Monitoraggio del sito web<\/strong>: monitora l&#8217;attivit\u00e0 dei potenziali clienti sul tuo sito web ed esegui azioni automatiche in base al loro comportamento.<\/li>\n<li><strong>Invia contenuti<\/strong>: invia contenuti dinamici al tuo sito web quando il lead \u00e8 online, che si tratti di un modulo, dati HTML o JSON.<\/li>\n<\/ul>\n<h4>LE RECENSIONI DEGLI UTENTI<\/h4>\n<p><strong>David &#8220;Flexie \u00e8 un CRM potente e flessibile&#8221;<\/strong><br \/>\nFlexie mi ha permesso di automatizzare i miei processi aziendali. Affrontare questo problema passo dopo passo \u00e8 fondamentale, perch\u00e9 la potenza di Flexie \u00e8 la sua caratteristica pi\u00f9 evidente: \u00e8 facile lasciarsi sopraffare dal tentativo di automatizzare quasi tutto contemporaneamente. Considerando Flexie un processo alla volta, i vantaggi si accumuleranno nel tempo.<br \/>\n<strong>Pro<\/strong>: la potenza e la profondit\u00e0 di Flexie sono a dir poco straordinarie.<br \/>\n<strong>Contro<\/strong>: c&#8217;\u00e8 una certa curva di apprendimento da superare.<\/p>\n<p><strong>Dave &#8220;Fantastica FLESSIBILIT\u00c0;)&#8221;<\/strong><br \/>\nFin dal primo giorno, il team di Flexie \u00e8 stato fantastico nel supportarci con i nostri flussi di lavoro e le esigenze specifiche del sistema. Apportando modifiche personalizzate e sfruttando al massimo le funzionalit\u00e0 del sistema, abbiamo ottenuto notevoli efficienze e risparmi sui costi grazie a Flexie.<br \/>\n<strong>Pro<\/strong>: potenza dei flussi di lavoro automatizzati e capacit\u00e0 di personalizzare il sistema in base al nostro modo di lavorare.<br \/>\n<strong>Contro<\/strong>: non abbiamo ancora trovato una limitazione alle nostre esigenze aziendali. Se non riusciamo a risolvere qualcosa da soli, i ragazzi dell&#8217;assistenza sono molto competenti e veloci nel rispondere alle nostre esigenze!<\/p>\n<p><strong>Randall &#8220;Strumento potente \/ Investimento fantastico&#8221;<\/strong><br \/>\nAttualmente, il mio obiettivo principale con Flexie \u00e8 stato quello di impostare vari flussi di lavoro e automazioni che mi consentono di liberarmi da alcune attivit\u00e0 ripetitive legate allo sviluppo aziendale e alla raccolta\/registrazione dei dati.<br \/>\n<strong>Pro<\/strong>: Flexie \u00e8 una soluzione di gestione aziendale fantastica e ricca di funzionalit\u00e0. Sono sbalordito da quanto questo &#8220;CRM&#8221; possa fare. Le infinite opportunit\u00e0 associate alle combinazioni di flussi di lavoro personalizzabili rappresentano strumenti aziendali incredibilmente potenti che consentono alle organizzazioni di raccogliere in modo significativo e continuo i benefici (riduzione dei costi, maggiore efficienza e massimizzazione dell&#8217;efficacia) associati a una vera automazione multi-step e ramificata su lead, contatti, account e persino entit\u00e0 personalizzate. Inoltre, l&#8217;approccio di Flexie ai dati, con l&#8217;utilizzo di webhook, offre opportunit\u00e0 pressoch\u00e9 illimitate per il flusso di dati e la connettivit\u00e0 con altri strumenti. Semplicemente, \u00e8 uno strumento fantastico.<br \/>\n<strong>Contro<\/strong>: Flexie non \u00e8 sempre lo strumento pi\u00f9 semplice da usare. Non ho una formazione tecnica n\u00e9 esperienza pregressa con flussi di lavoro e automazioni complesse. Non conosco HTML, Twig o JSON. Ci sono molte cose che vorrei fare con la soluzione, ma che ancora non sto facendo. Per me la curva di apprendimento \u00e8 stata ripida. Tuttavia, ho sempre pensato che ne varr\u00e0 assolutamente la pena. Inoltre, l&#8217;assistenza clienti di Flexie \u00e8 molto buona. Il team \u00e8 tempestivo e disponibile nelle risposte.<\/p>\n","protected":false},"excerpt":{"rendered":"<p>Flexie \u00e8 una soluzione di gestione delle relazioni con i clienti (CRM) progettata per aiutare le aziende a semplificare le operazioni relative al lead scoring, al monitoraggio del sito web, alle comunicazioni con i clienti, all&#8217;automazione del flusso di lavoro e altro ancora. I professionisti possono utilizzare l&#8217;interfaccia drag-and-drop per gestire le trattative in tutte le fasi e monitorare i processi di vendita attraverso pipeline personalizzabili.<\/p>\n","protected":false},"author":19,"featured_media":106888,"parent":5966,"menu_order":0,"comment_status":"open","ping_status":"closed","template":"g1_template_page_review_new.php","meta":{"_acf_changed":false,"cwp_meta_box_check":"Yes","cwp_rev_product_name":"","cwp_rev_product_image":"","wppr_links":[],"cwp_rev_price":"0.00","wppr_options":[{"name":"Usability","value":"0"},{"name":"Speed","value":"0"},{"name":"Features","value":"0"},{"name":"Support","value":"0"},{"name":"Pricing","value":"0"}],"wppr_pros":["","","","",""],"wppr_cons":["","","","",""],"_monsterinsights_skip_tracking":false,"_monsterinsights_sitenote_active":false,"_monsterinsights_sitenote_note":"","_monsterinsights_sitenote_category":0,"footnotes":""},"categories":[120],"tags":[1835,16953,4080,427,1837,1239],"features":[],"class_list":{"0":"post-106880","1":"page","2":"type-page","3":"status-publish","4":"has-post-thumbnail","6":"category-crm-it","7":"tag-crm-2-it","8":"tag-flexie-crm","9":"tag-piattaforma-crm","10":"tag-programma-crm","11":"tag-software-crm-2-it","12":"tag-soluzione-crm"},"wppr_data":{"cwp_meta_box_check":"Yes","_wppr_review_template":"default","cwp_rev_product_image":"","cwp_image_link":"image","wppr_links":[],"cwp_rev_price":"0.00","wppr_pros":["","","","",""],"wppr_cons":["","","","",""],"wppr_rating":"0.00","wppr_options":{"1":{"name":"Usability","value":"0"},"2":{"name":"Speed","value":"0"},"3":{"name":"Features","value":"0"},"4":{"name":"Support","value":"0"},"5":{"name":"Pricing","value":"0"}},"wppr_review_type":"Product","wppr_review_custom_fields":{"additionalProperty":"","additionalType":"","aggregateRating":"","alternateName":"","audience":"","award":"","awards":"","brand":"","color":"","depth":"","description":"","disambiguatingDescription":"","gtin12":"","gtin13":"","gtin14":"","gtin8":"","height":"","identifier":"","image":"","isAccessoryOrSparePartFor":"","isConsumableFor":"","isRelatedTo":"","isSimilarTo":"","itemCondition":"","logo":"","mainEntityOfPage":"","manufacturer":"","material":"","model":"","mpn":"","name":"","offers":"","potentialAction":"","productID":"","productionDate":"","purchaseDate":"","releaseDate":"","review":"","reviews":"","sameAs":"","sku":"","slogan":"","subjectOf":"","url":"","weight":"","width":""}},"acf":[],"yoast_head":"<!-- This site is optimized with the Yoast SEO plugin v26.0 - https:\/\/yoast.com\/wordpress\/plugins\/seo\/ -->\n<title>Flexie CRM: recensione software CRM - Accurate Reviews<\/title>\n<meta name=\"description\" content=\"Flexie: recensione soluzione CRM che aiuta a semplificare le operazioni relative al lead scoring e comunicazioni clienti.\" \/>\n<meta name=\"robots\" content=\"index, follow, max-snippet:-1, max-image-preview:large, max-video-preview:-1\" \/>\n<link rel=\"canonical\" href=\"https:\/\/www.accuratereviews.com\/it\/crm-software-migliori-lista\/flexie-crm-recensione\/\" \/>\n<meta property=\"og:locale\" content=\"it_IT\" \/>\n<meta property=\"og:type\" content=\"article\" \/>\n<meta property=\"og:title\" content=\"Flexie CRM: recensione software CRM - Accurate Reviews\" \/>\n<meta property=\"og:description\" content=\"Flexie: recensione soluzione CRM che aiuta a semplificare le operazioni relative al lead scoring e comunicazioni clienti.\" \/>\n<meta property=\"og:url\" content=\"https:\/\/www.accuratereviews.com\/it\/crm-software-migliori-lista\/flexie-crm-recensione\/\" \/>\n<meta property=\"og:site_name\" content=\"Accurate Reviews\" \/>\n<meta property=\"og:image\" content=\"https:\/\/www.accuratereviews.com\/wp-content\/uploads\/2026\/02\/Flexie.jpeg\" \/>\n\t<meta property=\"og:image:width\" content=\"200\" \/>\n\t<meta property=\"og:image:height\" content=\"200\" \/>\n\t<meta property=\"og:image:type\" content=\"image\/jpeg\" \/>\n<meta name=\"twitter:card\" content=\"summary_large_image\" \/>\n<meta name=\"twitter:label1\" content=\"Tempo di lettura stimato\" \/>\n\t<meta name=\"twitter:data1\" content=\"6 minuti\" \/>\n<script type=\"application\/ld+json\" class=\"yoast-schema-graph\">{\"@context\":\"https:\/\/schema.org\",\"@graph\":[{\"@type\":\"WebPage\",\"@id\":\"https:\/\/www.accuratereviews.com\/it\/crm-software-migliori-lista\/flexie-crm-recensione\/\",\"url\":\"https:\/\/www.accuratereviews.com\/it\/crm-software-migliori-lista\/flexie-crm-recensione\/\",\"name\":\"Flexie CRM: recensione software CRM - Accurate Reviews\",\"isPartOf\":{\"@id\":\"https:\/\/www.accuratereviews.com\/it\/#website\"},\"primaryImageOfPage\":{\"@id\":\"https:\/\/www.accuratereviews.com\/it\/crm-software-migliori-lista\/flexie-crm-recensione\/#primaryimage\"},\"image\":{\"@id\":\"https:\/\/www.accuratereviews.com\/it\/crm-software-migliori-lista\/flexie-crm-recensione\/#primaryimage\"},\"thumbnailUrl\":\"https:\/\/www.accuratereviews.com\/wp-content\/uploads\/2026\/02\/Flexie.jpeg\",\"datePublished\":\"2026-02-16T19:06:51+00:00\",\"description\":\"Flexie: recensione soluzione CRM che aiuta a semplificare le operazioni relative al lead scoring e comunicazioni clienti.\",\"breadcrumb\":{\"@id\":\"https:\/\/www.accuratereviews.com\/it\/crm-software-migliori-lista\/flexie-crm-recensione\/#breadcrumb\"},\"inLanguage\":\"it-IT\",\"potentialAction\":[{\"@type\":\"ReadAction\",\"target\":[\"https:\/\/www.accuratereviews.com\/it\/crm-software-migliori-lista\/flexie-crm-recensione\/\"]}]},{\"@type\":\"ImageObject\",\"inLanguage\":\"it-IT\",\"@id\":\"https:\/\/www.accuratereviews.com\/it\/crm-software-migliori-lista\/flexie-crm-recensione\/#primaryimage\",\"url\":\"https:\/\/www.accuratereviews.com\/wp-content\/uploads\/2026\/02\/Flexie.jpeg\",\"contentUrl\":\"https:\/\/www.accuratereviews.com\/wp-content\/uploads\/2026\/02\/Flexie.jpeg\",\"width\":200,\"height\":200},{\"@type\":\"BreadcrumbList\",\"@id\":\"https:\/\/www.accuratereviews.com\/it\/crm-software-migliori-lista\/flexie-crm-recensione\/#breadcrumb\",\"itemListElement\":[{\"@type\":\"ListItem\",\"position\":1,\"name\":\"Home\",\"item\":\"https:\/\/www.accuratereviews.com\/it\/\"},{\"@type\":\"ListItem\",\"position\":2,\"name\":\"CRM: i software migliori\",\"item\":\"https:\/\/www.accuratereviews.com\/it\/crm-software-migliori-lista\/\"},{\"@type\":\"ListItem\",\"position\":3,\"name\":\"Flexie CRM\"}]},{\"@type\":\"WebSite\",\"@id\":\"https:\/\/www.accuratereviews.com\/it\/#website\",\"url\":\"https:\/\/www.accuratereviews.com\/it\/\",\"name\":\"Accurate Reviews\",\"description\":\"\",\"potentialAction\":[{\"@type\":\"SearchAction\",\"target\":{\"@type\":\"EntryPoint\",\"urlTemplate\":\"https:\/\/www.accuratereviews.com\/it\/?s={search_term_string}\"},\"query-input\":{\"@type\":\"PropertyValueSpecification\",\"valueRequired\":true,\"valueName\":\"search_term_string\"}}],\"inLanguage\":\"it-IT\"}]}<\/script>\n<!-- \/ Yoast SEO plugin. -->","yoast_head_json":{"title":"Flexie CRM: recensione software CRM - Accurate Reviews","description":"Flexie: recensione soluzione CRM che aiuta a semplificare le operazioni relative al lead scoring e comunicazioni clienti.","robots":{"index":"index","follow":"follow","max-snippet":"max-snippet:-1","max-image-preview":"max-image-preview:large","max-video-preview":"max-video-preview:-1"},"canonical":"https:\/\/www.accuratereviews.com\/it\/crm-software-migliori-lista\/flexie-crm-recensione\/","og_locale":"it_IT","og_type":"article","og_title":"Flexie CRM: recensione software CRM - Accurate Reviews","og_description":"Flexie: recensione soluzione CRM che aiuta a semplificare le operazioni relative al lead scoring e comunicazioni clienti.","og_url":"https:\/\/www.accuratereviews.com\/it\/crm-software-migliori-lista\/flexie-crm-recensione\/","og_site_name":"Accurate Reviews","og_image":[{"width":200,"height":200,"url":"https:\/\/www.accuratereviews.com\/wp-content\/uploads\/2026\/02\/Flexie.jpeg","type":"image\/jpeg"}],"twitter_card":"summary_large_image","twitter_misc":{"Tempo di lettura stimato":"6 minuti"},"schema":{"@context":"https:\/\/schema.org","@graph":[{"@type":"WebPage","@id":"https:\/\/www.accuratereviews.com\/it\/crm-software-migliori-lista\/flexie-crm-recensione\/","url":"https:\/\/www.accuratereviews.com\/it\/crm-software-migliori-lista\/flexie-crm-recensione\/","name":"Flexie CRM: recensione software CRM - Accurate Reviews","isPartOf":{"@id":"https:\/\/www.accuratereviews.com\/it\/#website"},"primaryImageOfPage":{"@id":"https:\/\/www.accuratereviews.com\/it\/crm-software-migliori-lista\/flexie-crm-recensione\/#primaryimage"},"image":{"@id":"https:\/\/www.accuratereviews.com\/it\/crm-software-migliori-lista\/flexie-crm-recensione\/#primaryimage"},"thumbnailUrl":"https:\/\/www.accuratereviews.com\/wp-content\/uploads\/2026\/02\/Flexie.jpeg","datePublished":"2026-02-16T19:06:51+00:00","description":"Flexie: recensione soluzione CRM che aiuta a semplificare le operazioni relative al lead scoring e comunicazioni clienti.","breadcrumb":{"@id":"https:\/\/www.accuratereviews.com\/it\/crm-software-migliori-lista\/flexie-crm-recensione\/#breadcrumb"},"inLanguage":"it-IT","potentialAction":[{"@type":"ReadAction","target":["https:\/\/www.accuratereviews.com\/it\/crm-software-migliori-lista\/flexie-crm-recensione\/"]}]},{"@type":"ImageObject","inLanguage":"it-IT","@id":"https:\/\/www.accuratereviews.com\/it\/crm-software-migliori-lista\/flexie-crm-recensione\/#primaryimage","url":"https:\/\/www.accuratereviews.com\/wp-content\/uploads\/2026\/02\/Flexie.jpeg","contentUrl":"https:\/\/www.accuratereviews.com\/wp-content\/uploads\/2026\/02\/Flexie.jpeg","width":200,"height":200},{"@type":"BreadcrumbList","@id":"https:\/\/www.accuratereviews.com\/it\/crm-software-migliori-lista\/flexie-crm-recensione\/#breadcrumb","itemListElement":[{"@type":"ListItem","position":1,"name":"Home","item":"https:\/\/www.accuratereviews.com\/it\/"},{"@type":"ListItem","position":2,"name":"CRM: i software migliori","item":"https:\/\/www.accuratereviews.com\/it\/crm-software-migliori-lista\/"},{"@type":"ListItem","position":3,"name":"Flexie CRM"}]},{"@type":"WebSite","@id":"https:\/\/www.accuratereviews.com\/it\/#website","url":"https:\/\/www.accuratereviews.com\/it\/","name":"Accurate Reviews","description":"","potentialAction":[{"@type":"SearchAction","target":{"@type":"EntryPoint","urlTemplate":"https:\/\/www.accuratereviews.com\/it\/?s={search_term_string}"},"query-input":{"@type":"PropertyValueSpecification","valueRequired":true,"valueName":"search_term_string"}}],"inLanguage":"it-IT"}]}},"_links":{"self":[{"href":"https:\/\/www.accuratereviews.com\/it\/wp-json\/wp\/v2\/pages\/106880","targetHints":{"allow":["GET"]}}],"collection":[{"href":"https:\/\/www.accuratereviews.com\/it\/wp-json\/wp\/v2\/pages"}],"about":[{"href":"https:\/\/www.accuratereviews.com\/it\/wp-json\/wp\/v2\/types\/page"}],"author":[{"embeddable":true,"href":"https:\/\/www.accuratereviews.com\/it\/wp-json\/wp\/v2\/users\/19"}],"replies":[{"embeddable":true,"href":"https:\/\/www.accuratereviews.com\/it\/wp-json\/wp\/v2\/comments?post=106880"}],"version-history":[{"count":10,"href":"https:\/\/www.accuratereviews.com\/it\/wp-json\/wp\/v2\/pages\/106880\/revisions"}],"predecessor-version":[{"id":106903,"href":"https:\/\/www.accuratereviews.com\/it\/wp-json\/wp\/v2\/pages\/106880\/revisions\/106903"}],"up":[{"embeddable":true,"href":"https:\/\/www.accuratereviews.com\/it\/wp-json\/wp\/v2\/pages\/5966"}],"wp:featuredmedia":[{"embeddable":true,"href":"https:\/\/www.accuratereviews.com\/it\/wp-json\/wp\/v2\/media\/106888"}],"wp:attachment":[{"href":"https:\/\/www.accuratereviews.com\/it\/wp-json\/wp\/v2\/media?parent=106880"}],"wp:term":[{"taxonomy":"category","embeddable":true,"href":"https:\/\/www.accuratereviews.com\/it\/wp-json\/wp\/v2\/categories?post=106880"},{"taxonomy":"post_tag","embeddable":true,"href":"https:\/\/www.accuratereviews.com\/it\/wp-json\/wp\/v2\/tags?post=106880"},{"taxonomy":"features","embeddable":true,"href":"https:\/\/www.accuratereviews.com\/it\/wp-json\/wp\/v2\/features?post=106880"}],"curies":[{"name":"wp","href":"https:\/\/api.w.org\/{rel}","templated":true}]}}