{"id":106904,"date":"2026-02-17T19:03:13","date_gmt":"2026-02-17T19:03:13","guid":{"rendered":"https:\/\/www.accuratereviews.com\/?page_id=106904"},"modified":"2026-02-24T09:06:27","modified_gmt":"2026-02-24T09:06:27","slug":"serviceform-recensione","status":"publish","type":"page","link":"https:\/\/www.accuratereviews.com\/it\/crm-software-migliori-lista\/serviceform-recensione\/","title":{"rendered":"Serviceform"},"content":{"rendered":"<p><strong>Serviceform<\/strong> \u00e8 una piattaforma di conversione di siti web e di <strong>comunicazione con i clienti<\/strong> progettata per aiutare le aziende a trasformare i visitatori del sito in lead o clienti finali attraverso conversazioni in tempo reale e automazione. Strumenti basati sull&#8217;<strong>intelligenza artificiale<\/strong>, chatbot, live chat, moduli e una casella di posta unificata in un unico sistema che supporta sia i team di vendita che quelli di assistenza clienti.<br \/>\nInvece di affidarsi solo a moduli statici o risposte ritardate, <strong>Serviceform<\/strong> consente alle aziende di interagire con i visitatori al momento giusto durante la navigazione di un sito web. I team di vendita possono <strong>qualificare i lead<\/strong>, prenotare riunioni e seguire i potenziali clienti, mentre i team di supporto possono gestire le domande frequenti e ridurre il carico di lavoro ripetitivo. Le analisi integrate offrono visibilit\u00e0 sul comportamento dei visitatori, sulle prestazioni delle conversazioni e sui risultati della lead generation.<\/p>\n<h2>SERVICEFORM &#8211; TUTORIAL<\/h2>\n<div id=\"fluid-wrapper-counter-1\" class=\"g1-fluid-wrapper \" style=\"width:686px;\">\n<div style=\"padding-bottom:56.268221574344%;\"><iframe loading=\"lazy\" title=\"How to route your leads faster with Serviceform #leadrouting\" width=\"686\" height=\"386\" src=\"https:\/\/www.youtube.com\/embed\/qVsZIwuM5aw?feature=oembed&amp;wmode=transparent&amp;autohide=1&amp;autoplay=0&amp;disablekb=0&amp;fs=1&amp;loop=0&amp;enablejsapi=1&amp;rel=0&amp;controls=2&amp;showinfo=0&amp;wmode=transparent&amp;autohide=2&amp;autoplay=0&amp;disablekb=0&amp;fs=1&amp;loop=0&amp;enablejsapi=1&amp;rel=0&amp;controls=2&amp;showinfo=1\" frameborder=\"0\" allow=\"accelerometer; autoplay; clipboard-write; encrypted-media; gyroscope; picture-in-picture; web-share\" referrerpolicy=\"strict-origin-when-cross-origin\" allowfullscreen><\/iframe><\/div>\n<\/div>\n<h3>SERVICEFORM &#8211; CARATTERISTICHE<\/h3>\n<ul>\n<li><strong>Supporto clienti affidabile 24 ore su 24, 7 giorni su 7:<\/strong> rispondi subito alle richieste dei clienti e genera pi\u00f9 lead. Il nostro agente IA gestisce i compiti ripetitivi, cos\u00ec il tuo team pu\u00f2 dedicarsi.<\/li>\n<li><strong>Coinvolgi i visitatori e aumenta le conversioni:<\/strong> allena l&#8217;agente a rispondere su prodotti e offrire supporto. Lavora dietro le quinte per guidare gli utenti e inviare solo i migliori al team.<\/li>\n<li><strong>Agenda appuntamenti, qualifica lead e altro<\/strong>: \u00a0chatbot per fissare incontri, fare domande di qualificazione e inviare i lead giusti al tuo CRM.<\/li>\n<li><strong>Installazione istantanea e supporto multicanale<\/strong>: rispondi subito alle richieste dei clienti e genera pi\u00f9 lead. L&#8217;agente IA gestisce i compiti ripetitivi, cos\u00ec il tuo team pu\u00f2 dedicarsi ad altro.<\/li>\n<li><strong>AI intent:<\/strong> capisce cosa intendono gli utenti, non solo cosa scrivono. L&#8217;agente IA impara gli intenti e gestisce follow-up e reindirizzamenti in modo naturale.<\/li>\n<li><strong>Popup multipli<\/strong>: personalizza le domande nel chatbot popup. Attiva il chatbot in base alla pagina, tempo sul sito, scorrimento o attivit\u00e0 carrello.<\/li>\n<li><strong>Facile da addestrare:<\/strong> dai comandi come faresti con ChatGPT. Aggiungi FAQ, allena risposte e gestisci flussi con un editor visivo intuitivo.<\/li>\n<li><strong>Ricerca AI:<\/strong> cerca nel sito tramite chatbot. Lascia che il chatbot trovi risposte dal tuo sito, Base di conoscenza o catalogo prodotti in modo istantaneo e preciso.<\/li>\n<li><strong>Installazione rapida e semplice<\/strong>: tecnologia semplice. Configura l&#8217;account WhatsApp Business, verifica il numero e completa il profilo direttamente sulla piattaforma, con iscrizione integrata di Meta.<\/li>\n<\/ul>\n<h4>LE RECENSIONI DEGLI UTENTI<\/h4>\n<p><strong>Tharindu &#8220;Per CF&#8221;<\/strong><br \/>\nservizio molto coerente, buono e puntuale, lo consiglierei sicuramente a un collega.<br \/>\n<strong>Pro<\/strong>: le funzioni di reindirizzamento e le integrazioni al web sono state utili<br \/>\n<strong>Contro<\/strong>: potrebbe essere il costo in termini di sconti per contratti pi\u00f9 lunghi<\/p>\n<p><strong>Karim &#8220;Chatbot&#8221;<\/strong><br \/>\n<strong>Pro<\/strong>: la generazione di lead tramite Chatbot \u00e8 molto efficace e promettente<br \/>\n<strong>Contro<\/strong>: purtroppo, ci sono parecchi lead che potrebbero inserire indirizzi email o numeri di telefono errati, il che comporta una perdita di tempo per gli agenti durante la qualificazione.<\/p>\n<p><strong>Venni &#8220;Recensione di ServiceForm&#8221;<\/strong><br \/>\n\u00c8 molto facile da usare. Abbiamo ricevuto un ottimo servizio clienti e siamo felici di collaborare con loro.<br \/>\n<strong>Pro<\/strong>: servizio clienti semplice e buono. \u00c8 utile ricevere offerte via email.<br \/>\n<strong>Contro<\/strong>: la chat \u00e8 un po&#8217; antiquata. Sarebbe un po&#8217; meglio se fosse di fascia alta.<\/p>\n","protected":false},"excerpt":{"rendered":"<p>Serviceform \u00e8 una piattaforma di conversione di siti web e di comunicazione con i clienti progettata per aiutare le aziende a trasformare i visitatori del sito in lead o clienti finali attraverso conversazioni in tempo reale e automazione. Strumenti basati sull&#8217;intelligenza artificiale, chatbot, live chat, moduli e una casella di posta unificata in un unico sistema che supporta sia i team di vendita che quelli di assistenza clienti.\u00a0<\/p>\n","protected":false},"author":19,"featured_media":106906,"parent":5966,"menu_order":0,"comment_status":"open","ping_status":"closed","template":"g1_template_page_review_new.php","meta":{"_acf_changed":false,"cwp_meta_box_check":"No","cwp_rev_product_name":"","cwp_rev_product_image":"","wppr_links":[],"cwp_rev_price":"","wppr_options":[],"wppr_pros":[],"wppr_cons":[],"_monsterinsights_skip_tracking":false,"_monsterinsights_sitenote_active":false,"_monsterinsights_sitenote_note":"","_monsterinsights_sitenote_category":0,"footnotes":""},"categories":[120],"tags":[1835,4080,427,16954,1837,1239],"features":[],"class_list":{"0":"post-106904","1":"page","2":"type-page","3":"status-publish","4":"has-post-thumbnail","6":"category-crm-it","7":"tag-crm-2-it","8":"tag-piattaforma-crm","9":"tag-programma-crm","10":"tag-serviceform","11":"tag-software-crm-2-it","12":"tag-soluzione-crm"},"wppr_data":{"cwp_meta_box_check":"No"},"acf":[],"yoast_head":"<!-- This site is optimized with the Yoast SEO plugin v26.0 - https:\/\/yoast.com\/wordpress\/plugins\/seo\/ -->\n<title>Serviceform: recensione software CRM - Accurate Reviews<\/title>\n<meta name=\"description\" content=\"Serviceform: recensione software CRM \u00a0progettato per imprese facile da implementare e gestire in autonomia.\" \/>\n<meta name=\"robots\" content=\"index, follow, max-snippet:-1, max-image-preview:large, max-video-preview:-1\" \/>\n<link rel=\"canonical\" href=\"https:\/\/www.accuratereviews.com\/it\/crm-software-migliori-lista\/serviceform-recensione\/\" \/>\n<meta property=\"og:locale\" content=\"it_IT\" \/>\n<meta property=\"og:type\" content=\"article\" \/>\n<meta property=\"og:title\" content=\"Serviceform: recensione software CRM - Accurate Reviews\" \/>\n<meta property=\"og:description\" content=\"Serviceform: recensione software CRM \u00a0progettato per imprese facile da implementare e gestire in autonomia.\" \/>\n<meta property=\"og:url\" content=\"https:\/\/www.accuratereviews.com\/it\/crm-software-migliori-lista\/serviceform-recensione\/\" \/>\n<meta property=\"og:site_name\" content=\"Accurate Reviews\" \/>\n<meta property=\"article:modified_time\" content=\"2026-02-24T09:06:27+00:00\" \/>\n<meta property=\"og:image\" content=\"https:\/\/www.accuratereviews.com\/wp-content\/uploads\/2026\/02\/serviform.gif\" \/>\n\t<meta property=\"og:image:width\" content=\"500\" \/>\n\t<meta property=\"og:image:height\" content=\"300\" \/>\n\t<meta property=\"og:image:type\" content=\"image\/gif\" \/>\n<meta name=\"twitter:card\" content=\"summary_large_image\" \/>\n<meta name=\"twitter:label1\" content=\"Tempo di lettura stimato\" \/>\n\t<meta name=\"twitter:data1\" content=\"4 minuti\" \/>\n<script type=\"application\/ld+json\" class=\"yoast-schema-graph\">{\"@context\":\"https:\/\/schema.org\",\"@graph\":[{\"@type\":\"WebPage\",\"@id\":\"https:\/\/www.accuratereviews.com\/it\/crm-software-migliori-lista\/serviceform-recensione\/\",\"url\":\"https:\/\/www.accuratereviews.com\/it\/crm-software-migliori-lista\/serviceform-recensione\/\",\"name\":\"Serviceform: recensione software CRM - Accurate Reviews\",\"isPartOf\":{\"@id\":\"https:\/\/www.accuratereviews.com\/it\/#website\"},\"primaryImageOfPage\":{\"@id\":\"https:\/\/www.accuratereviews.com\/it\/crm-software-migliori-lista\/serviceform-recensione\/#primaryimage\"},\"image\":{\"@id\":\"https:\/\/www.accuratereviews.com\/it\/crm-software-migliori-lista\/serviceform-recensione\/#primaryimage\"},\"thumbnailUrl\":\"https:\/\/www.accuratereviews.com\/wp-content\/uploads\/2026\/02\/serviform.gif\",\"datePublished\":\"2026-02-17T19:03:13+00:00\",\"dateModified\":\"2026-02-24T09:06:27+00:00\",\"description\":\"Serviceform: recensione software CRM \u00a0progettato per imprese facile da implementare e gestire in autonomia.\",\"breadcrumb\":{\"@id\":\"https:\/\/www.accuratereviews.com\/it\/crm-software-migliori-lista\/serviceform-recensione\/#breadcrumb\"},\"inLanguage\":\"it-IT\",\"potentialAction\":[{\"@type\":\"ReadAction\",\"target\":[\"https:\/\/www.accuratereviews.com\/it\/crm-software-migliori-lista\/serviceform-recensione\/\"]}]},{\"@type\":\"ImageObject\",\"inLanguage\":\"it-IT\",\"@id\":\"https:\/\/www.accuratereviews.com\/it\/crm-software-migliori-lista\/serviceform-recensione\/#primaryimage\",\"url\":\"https:\/\/www.accuratereviews.com\/wp-content\/uploads\/2026\/02\/serviform.gif\",\"contentUrl\":\"https:\/\/www.accuratereviews.com\/wp-content\/uploads\/2026\/02\/serviform.gif\",\"width\":500,\"height\":300},{\"@type\":\"BreadcrumbList\",\"@id\":\"https:\/\/www.accuratereviews.com\/it\/crm-software-migliori-lista\/serviceform-recensione\/#breadcrumb\",\"itemListElement\":[{\"@type\":\"ListItem\",\"position\":1,\"name\":\"Home\",\"item\":\"https:\/\/www.accuratereviews.com\/it\/\"},{\"@type\":\"ListItem\",\"position\":2,\"name\":\"CRM: i software migliori\",\"item\":\"https:\/\/www.accuratereviews.com\/it\/crm-software-migliori-lista\/\"},{\"@type\":\"ListItem\",\"position\":3,\"name\":\"Serviceform\"}]},{\"@type\":\"WebSite\",\"@id\":\"https:\/\/www.accuratereviews.com\/it\/#website\",\"url\":\"https:\/\/www.accuratereviews.com\/it\/\",\"name\":\"Accurate Reviews\",\"description\":\"\",\"potentialAction\":[{\"@type\":\"SearchAction\",\"target\":{\"@type\":\"EntryPoint\",\"urlTemplate\":\"https:\/\/www.accuratereviews.com\/it\/?s={search_term_string}\"},\"query-input\":{\"@type\":\"PropertyValueSpecification\",\"valueRequired\":true,\"valueName\":\"search_term_string\"}}],\"inLanguage\":\"it-IT\"}]}<\/script>\n<!-- \/ Yoast SEO plugin. -->","yoast_head_json":{"title":"Serviceform: recensione software CRM - Accurate Reviews","description":"Serviceform: recensione software CRM \u00a0progettato per imprese facile da implementare e gestire in autonomia.","robots":{"index":"index","follow":"follow","max-snippet":"max-snippet:-1","max-image-preview":"max-image-preview:large","max-video-preview":"max-video-preview:-1"},"canonical":"https:\/\/www.accuratereviews.com\/it\/crm-software-migliori-lista\/serviceform-recensione\/","og_locale":"it_IT","og_type":"article","og_title":"Serviceform: recensione software CRM - Accurate Reviews","og_description":"Serviceform: recensione software CRM \u00a0progettato per imprese facile da implementare e gestire in autonomia.","og_url":"https:\/\/www.accuratereviews.com\/it\/crm-software-migliori-lista\/serviceform-recensione\/","og_site_name":"Accurate Reviews","article_modified_time":"2026-02-24T09:06:27+00:00","og_image":[{"width":500,"height":300,"url":"https:\/\/www.accuratereviews.com\/wp-content\/uploads\/2026\/02\/serviform.gif","type":"image\/gif"}],"twitter_card":"summary_large_image","twitter_misc":{"Tempo di lettura stimato":"4 minuti"},"schema":{"@context":"https:\/\/schema.org","@graph":[{"@type":"WebPage","@id":"https:\/\/www.accuratereviews.com\/it\/crm-software-migliori-lista\/serviceform-recensione\/","url":"https:\/\/www.accuratereviews.com\/it\/crm-software-migliori-lista\/serviceform-recensione\/","name":"Serviceform: recensione software CRM - Accurate Reviews","isPartOf":{"@id":"https:\/\/www.accuratereviews.com\/it\/#website"},"primaryImageOfPage":{"@id":"https:\/\/www.accuratereviews.com\/it\/crm-software-migliori-lista\/serviceform-recensione\/#primaryimage"},"image":{"@id":"https:\/\/www.accuratereviews.com\/it\/crm-software-migliori-lista\/serviceform-recensione\/#primaryimage"},"thumbnailUrl":"https:\/\/www.accuratereviews.com\/wp-content\/uploads\/2026\/02\/serviform.gif","datePublished":"2026-02-17T19:03:13+00:00","dateModified":"2026-02-24T09:06:27+00:00","description":"Serviceform: recensione software CRM \u00a0progettato per imprese facile da implementare e gestire in autonomia.","breadcrumb":{"@id":"https:\/\/www.accuratereviews.com\/it\/crm-software-migliori-lista\/serviceform-recensione\/#breadcrumb"},"inLanguage":"it-IT","potentialAction":[{"@type":"ReadAction","target":["https:\/\/www.accuratereviews.com\/it\/crm-software-migliori-lista\/serviceform-recensione\/"]}]},{"@type":"ImageObject","inLanguage":"it-IT","@id":"https:\/\/www.accuratereviews.com\/it\/crm-software-migliori-lista\/serviceform-recensione\/#primaryimage","url":"https:\/\/www.accuratereviews.com\/wp-content\/uploads\/2026\/02\/serviform.gif","contentUrl":"https:\/\/www.accuratereviews.com\/wp-content\/uploads\/2026\/02\/serviform.gif","width":500,"height":300},{"@type":"BreadcrumbList","@id":"https:\/\/www.accuratereviews.com\/it\/crm-software-migliori-lista\/serviceform-recensione\/#breadcrumb","itemListElement":[{"@type":"ListItem","position":1,"name":"Home","item":"https:\/\/www.accuratereviews.com\/it\/"},{"@type":"ListItem","position":2,"name":"CRM: i software migliori","item":"https:\/\/www.accuratereviews.com\/it\/crm-software-migliori-lista\/"},{"@type":"ListItem","position":3,"name":"Serviceform"}]},{"@type":"WebSite","@id":"https:\/\/www.accuratereviews.com\/it\/#website","url":"https:\/\/www.accuratereviews.com\/it\/","name":"Accurate Reviews","description":"","potentialAction":[{"@type":"SearchAction","target":{"@type":"EntryPoint","urlTemplate":"https:\/\/www.accuratereviews.com\/it\/?s={search_term_string}"},"query-input":{"@type":"PropertyValueSpecification","valueRequired":true,"valueName":"search_term_string"}}],"inLanguage":"it-IT"}]}},"_links":{"self":[{"href":"https:\/\/www.accuratereviews.com\/it\/wp-json\/wp\/v2\/pages\/106904","targetHints":{"allow":["GET"]}}],"collection":[{"href":"https:\/\/www.accuratereviews.com\/it\/wp-json\/wp\/v2\/pages"}],"about":[{"href":"https:\/\/www.accuratereviews.com\/it\/wp-json\/wp\/v2\/types\/page"}],"author":[{"embeddable":true,"href":"https:\/\/www.accuratereviews.com\/it\/wp-json\/wp\/v2\/users\/19"}],"replies":[{"embeddable":true,"href":"https:\/\/www.accuratereviews.com\/it\/wp-json\/wp\/v2\/comments?post=106904"}],"version-history":[{"count":10,"href":"https:\/\/www.accuratereviews.com\/it\/wp-json\/wp\/v2\/pages\/106904\/revisions"}],"predecessor-version":[{"id":107118,"href":"https:\/\/www.accuratereviews.com\/it\/wp-json\/wp\/v2\/pages\/106904\/revisions\/107118"}],"up":[{"embeddable":true,"href":"https:\/\/www.accuratereviews.com\/it\/wp-json\/wp\/v2\/pages\/5966"}],"wp:featuredmedia":[{"embeddable":true,"href":"https:\/\/www.accuratereviews.com\/it\/wp-json\/wp\/v2\/media\/106906"}],"wp:attachment":[{"href":"https:\/\/www.accuratereviews.com\/it\/wp-json\/wp\/v2\/media?parent=106904"}],"wp:term":[{"taxonomy":"category","embeddable":true,"href":"https:\/\/www.accuratereviews.com\/it\/wp-json\/wp\/v2\/categories?post=106904"},{"taxonomy":"post_tag","embeddable":true,"href":"https:\/\/www.accuratereviews.com\/it\/wp-json\/wp\/v2\/tags?post=106904"},{"taxonomy":"features","embeddable":true,"href":"https:\/\/www.accuratereviews.com\/it\/wp-json\/wp\/v2\/features?post=106904"}],"curies":[{"name":"wp","href":"https:\/\/api.w.org\/{rel}","templated":true}]}}