{"id":107098,"date":"2026-02-24T15:30:21","date_gmt":"2026-02-24T15:30:21","guid":{"rendered":"https:\/\/www.accuratereviews.com\/?page_id=107098"},"modified":"2026-02-24T15:30:21","modified_gmt":"2026-02-24T15:30:21","slug":"centrahub-crm-recensione","status":"publish","type":"page","link":"https:\/\/www.accuratereviews.com\/it\/crm-software-migliori-lista\/centrahub-crm-recensione\/","title":{"rendered":"CentraHub CRM"},"content":{"rendered":"<p><strong>CentraHub CRM<\/strong> \u00e8 una soluzione progettata per aiutare a semplificare i processi di vendita, assistenza clienti e marketing. Pu\u00f2 essere ospitata su <strong>cloud<\/strong> o installato on-premise. Grazie a dashboard live, report personalizzati e strumenti di automazione,<strong> CentraHub CRM<\/strong> consente ai team di agire sulle iniziative di crescita aziendale. La piattaforma monitora automaticamente le interazioni con lead, potenziali clienti e clienti esistenti.<br \/>\nI team di vendita possono accedere agli <strong>strumenti CRM<\/strong> e a una pipeline di vendita visiva direttamente sulla piattaforma. Utilizzando la piattaforma, i rappresentanti possono creare trattative e monitorarne i progressi utilizzando funzionalit\u00e0 drag-and-drop. Inoltre, possono accedere a strumenti di nurturing per contattare i clienti tramite email, telefono o SMS. I team possono utilizzare campagne e modelli email, sondaggi, analisi dei livelli di contatto, monitoraggio dei visitatori, generazione di lead sui social media e molto altro.<\/p>\n<h2>CENTRAHUB CRM &#8211; TUTORIAL<\/h2>\n<div id=\"fluid-wrapper-counter-1\" class=\"g1-fluid-wrapper \" style=\"width:686px;\">\n<div style=\"padding-bottom:56.268221574344%;\"><iframe loading=\"lazy\" title=\"CentraHub CRM - Real Estate CRM Software\" width=\"686\" height=\"386\" src=\"https:\/\/www.youtube.com\/embed\/GVfXzWukTL8?feature=oembed&amp;wmode=transparent&amp;autohide=1&amp;autoplay=0&amp;disablekb=0&amp;fs=1&amp;loop=0&amp;enablejsapi=1&amp;rel=0&amp;controls=2&amp;showinfo=0&amp;wmode=transparent&amp;autohide=2&amp;autoplay=0&amp;disablekb=0&amp;fs=1&amp;loop=0&amp;enablejsapi=1&amp;rel=0&amp;controls=2&amp;showinfo=1\" frameborder=\"0\" allow=\"accelerometer; autoplay; clipboard-write; encrypted-media; gyroscope; picture-in-picture; web-share\" referrerpolicy=\"strict-origin-when-cross-origin\" allowfullscreen><\/iframe><\/div>\n<\/div>\n<h3>CENTRAHUB CRM &#8211; CARATTERISTICHE<\/h3>\n<ul>\n<li><strong>Marketing Omni-Channel:<\/strong> questa funzionalit\u00e0 garantisce un coinvolgimento fluido dei clienti su diverse piattaforme. Con questo approccio integrato, le aziende possono comunicare efficacemente tramite email, social media e altri canali, creando un&#8217;esperienza cliente coerente e personalizzata che porta a tassi di conversione e fidelizzazione elevati.<\/li>\n<li><strong>Social Media<\/strong>: coinvolgi il tuo pubblico di riferimento attraverso post automatizzati e monitora le interazioni con facilit\u00e0. La funzionalit\u00e0 social media della piattaforma aiuta ad ampliare la portata del tuo brand, a comprendere le preferenze dei clienti e a costruire una community attorno alla tua attivit\u00e0, potenziando in definitiva le tue iniziative di marketing.<\/li>\n<li><strong>Tele-lead<\/strong>: consente alle aziende di gestire e monitorare efficacemente la generazione di lead tramite telefono. Grazie a strumenti che automatizzano la chiamata e l&#8217;acquisizione dei dettagli delle chiamate, il sistema consente una comunicazione efficiente con i potenziali clienti, migliorando i tassi di conversione e garantendo che nessuna opportunit\u00e0 venga persa.<\/li>\n<li><strong>Assegnazione dei lead<\/strong>: distribuisci in modo efficiente i lead tra il tuo team di vendita con la funzione di assegnazione dei lead. Il sistema consente l&#8217;assegnazione automatica in base a criteri predefiniti, garantendo che i lead vengano gestiti dai rappresentanti pi\u00f9 idonei. Questo ottimizza il processo di vendita, migliora i tempi di risposta e aumenta le probabilit\u00e0 di conversione.<\/li>\n<li><strong>Attivit\u00e0 di follow-up:<\/strong> garantisce che nessun lead venga trascurato. Pianifica e monitora le attivit\u00e0 di follow-up come chiamate, email e riunioni. Questo sistema di tracciamento automatico aiuta a mantenere contatti regolari con i potenziali clienti e garantisce che i rappresentanti di vendita siano sempre aggiornati sulle interazioni con i clienti.<\/li>\n<li><strong>Email ai lead<\/strong>: semplifica le campagne email con la funzione Email ai lead. Crea email personalizzate, automatizza l&#8217;invio e monitora i tassi di apertura e di clic. Grazie alle informazioni sulle preferenze e sul comportamento dei clienti, questa funzione consente comunicazioni email mirate ed efficaci, migliorando il coinvolgimento e i tassi di conversione.<\/li>\n<li><strong>Opportunit\u00e0<\/strong>: massimizza le opportunit\u00e0 di vendita. Il programma offre una panoramica completa delle potenziali trattative, consentendo ai rappresentanti di vendita di monitorare, gestire e analizzare i potenziali clienti lungo il funnel di vendita. Grazie a informazioni approfondite e strumenti di previsione, le aziende possono prendere decisioni basate sui dati per ottimizzare le strategie di vendita.<\/li>\n<\/ul>\n<h4>LE RECENSIONI DEGLI UTENTI<\/h4>\n<p><strong>Maheshkumar &#8220;CentraHub il miglior CRM per le piccole imprese&#8221;<\/strong><br \/>\nCentraHub CRM ha abilitato la gestione fluida del flusso di lavoro<br \/>\n<strong>Pro<\/strong>: personalizzazione, facilit\u00e0 d&#8217;uso e supporto remoto<br \/>\n<strong>Contro<\/strong>: l&#8217;installazione e la formazione (durante il periodo di implementazione) potrebbero essere pi\u00f9 proattive nello spiegare le funzionalit\u00e0 aggiuntive anzich\u00e9 essere reattive alle domande.<\/p>\n<p><strong>Gitesh &#8220;Facile da configurare e utilizzare&#8221;<\/strong><br \/>\n<strong>Pro<\/strong>: la dashboard \u00e8 fantastica, con opzioni di personalizzazione che consentono di modificarla in base alle proprie esigenze.<br \/>\n<strong>Contro<\/strong>: il supporto per l&#8217;installazione iniziale non era all&#8217;altezza<\/p>\n<p><strong>Adarsh &#8220;Consiglio vivamente CentraHub CRM. \u00c8 uno strumento potente che pu\u00f2 aiutare le aziende.&#8221;<\/strong><br \/>\nAnche la funzionalit\u00e0 di reporting e analisi \u00e8 molto utile. Ci permette di monitorare i nostri progressi e di vedere quali strategie funzionano e quali no, aiutandoci a prendere decisioni migliori su come far crescere la nostra attivit\u00e0.<br \/>\n<strong>Pro<\/strong>: una delle caratteristiche migliori di CentraHub CRM \u00e8 la sua capacit\u00e0 di gestire e organizzare i dati dei nostri clienti. Possiamo archiviare e monitorare facilmente le informazioni sui nostri lead, clienti e contatti, e il software ci consente persino di segmentare e indirizzare specifici gruppi di clienti.<br \/>\n<strong>Contro<\/strong>: l&#8217;interfaccia dovrebbe essere migliorata. Il numero di plugin di integrazione predefiniti per i portali immobiliari \u00e8 estremamente limitato.<\/p>\n","protected":false},"excerpt":{"rendered":"<p>CentraHub CRM \u00e8 una soluzione progettata per aiutare a semplificare i processi di vendita, assistenza clienti e marketing. Pu\u00f2 essere ospitato sul cloud o installato on-premise. Grazie a dashboard live, report personalizzati e strumenti di automazione, CentraHub CRM consente ai team di agire sulle iniziative di crescita aziendale<\/p>\n","protected":false},"author":19,"featured_media":107099,"parent":5966,"menu_order":0,"comment_status":"open","ping_status":"closed","template":"g1_template_page_review_new.php","meta":{"_acf_changed":false,"cwp_meta_box_check":"Yes","cwp_rev_product_name":"","cwp_rev_product_image":"","wppr_links":[],"cwp_rev_price":"0.00","wppr_options":[{"name":"Usability","value":"0"},{"name":"Speed","value":"0"},{"name":"Features","value":"0"},{"name":"Support","value":"0"},{"name":"Pricing","value":"0"}],"wppr_pros":["","","","",""],"wppr_cons":["","","","",""],"_monsterinsights_skip_tracking":false,"_monsterinsights_sitenote_active":false,"_monsterinsights_sitenote_note":"","_monsterinsights_sitenote_category":0,"footnotes":""},"categories":[120],"tags":[16973,4080,427,1837,1239],"features":[],"class_list":{"0":"post-107098","1":"page","2":"type-page","3":"status-publish","4":"has-post-thumbnail","6":"category-crm-it","7":"tag-centrahub-crm","8":"tag-piattaforma-crm","9":"tag-programma-crm","10":"tag-software-crm-2-it","11":"tag-soluzione-crm"},"wppr_data":{"cwp_meta_box_check":"Yes","_wppr_review_template":"default","cwp_rev_product_image":"","cwp_image_link":"image","wppr_links":[],"cwp_rev_price":"0.00","wppr_pros":["","","","",""],"wppr_cons":["","","","",""],"wppr_rating":"0.00","wppr_options":{"1":{"name":"Usability","value":"0"},"2":{"name":"Speed","value":"0"},"3":{"name":"Features","value":"0"},"4":{"name":"Support","value":"0"},"5":{"name":"Pricing","value":"0"}},"wppr_review_type":"Product","wppr_review_custom_fields":{"additionalProperty":"","additionalType":"","aggregateRating":"","alternateName":"","audience":"","award":"","awards":"","brand":"","color":"","depth":"","description":"","disambiguatingDescription":"","gtin12":"","gtin13":"","gtin14":"","gtin8":"","height":"","identifier":"","image":"","isAccessoryOrSparePartFor":"","isConsumableFor":"","isRelatedTo":"","isSimilarTo":"","itemCondition":"","logo":"","mainEntityOfPage":"","manufacturer":"","material":"","model":"","mpn":"","name":"","offers":"","potentialAction":"","productID":"","productionDate":"","purchaseDate":"","releaseDate":"","review":"","reviews":"","sameAs":"","sku":"","slogan":"","subjectOf":"","url":"","weight":"","width":""}},"acf":[],"yoast_head":"<!-- This site is optimized with the Yoast SEO plugin v26.0 - https:\/\/yoast.com\/wordpress\/plugins\/seo\/ -->\n<title>CentraHub CRM: recensione software CRM- Accurate Reviews<\/title>\n<meta name=\"description\" content=\"CentraHub CRM: recensione soluzione progettata per aiutare a semplificare i processi di vendita, assistenza clienti e marketing.\" \/>\n<meta name=\"robots\" content=\"index, follow, max-snippet:-1, max-image-preview:large, max-video-preview:-1\" \/>\n<link rel=\"canonical\" href=\"https:\/\/www.accuratereviews.com\/it\/crm-software-migliori-lista\/centrahub-crm-recensione\/\" \/>\n<meta property=\"og:locale\" content=\"it_IT\" \/>\n<meta property=\"og:type\" content=\"article\" \/>\n<meta property=\"og:title\" content=\"CentraHub CRM: recensione software CRM- Accurate Reviews\" \/>\n<meta property=\"og:description\" content=\"CentraHub CRM: recensione soluzione progettata per aiutare a semplificare i processi di vendita, assistenza clienti e marketing.\" \/>\n<meta property=\"og:url\" content=\"https:\/\/www.accuratereviews.com\/it\/crm-software-migliori-lista\/centrahub-crm-recensione\/\" \/>\n<meta property=\"og:site_name\" content=\"Accurate Reviews\" \/>\n<meta property=\"og:image\" content=\"https:\/\/www.accuratereviews.com\/wp-content\/uploads\/2026\/02\/Centrahub.png\" \/>\n\t<meta property=\"og:image:width\" content=\"400\" \/>\n\t<meta property=\"og:image:height\" content=\"400\" \/>\n\t<meta property=\"og:image:type\" content=\"image\/png\" \/>\n<meta name=\"twitter:card\" content=\"summary_large_image\" \/>\n<meta name=\"twitter:label1\" content=\"Tempo di lettura stimato\" \/>\n\t<meta name=\"twitter:data1\" content=\"5 minuti\" \/>\n<script type=\"application\/ld+json\" class=\"yoast-schema-graph\">{\"@context\":\"https:\/\/schema.org\",\"@graph\":[{\"@type\":\"WebPage\",\"@id\":\"https:\/\/www.accuratereviews.com\/it\/crm-software-migliori-lista\/centrahub-crm-recensione\/\",\"url\":\"https:\/\/www.accuratereviews.com\/it\/crm-software-migliori-lista\/centrahub-crm-recensione\/\",\"name\":\"CentraHub CRM: recensione software CRM- Accurate Reviews\",\"isPartOf\":{\"@id\":\"https:\/\/www.accuratereviews.com\/it\/#website\"},\"primaryImageOfPage\":{\"@id\":\"https:\/\/www.accuratereviews.com\/it\/crm-software-migliori-lista\/centrahub-crm-recensione\/#primaryimage\"},\"image\":{\"@id\":\"https:\/\/www.accuratereviews.com\/it\/crm-software-migliori-lista\/centrahub-crm-recensione\/#primaryimage\"},\"thumbnailUrl\":\"https:\/\/www.accuratereviews.com\/wp-content\/uploads\/2026\/02\/Centrahub.png\",\"datePublished\":\"2026-02-24T15:30:21+00:00\",\"description\":\"CentraHub CRM: recensione soluzione progettata per aiutare a semplificare i processi di vendita, assistenza clienti e marketing.\",\"breadcrumb\":{\"@id\":\"https:\/\/www.accuratereviews.com\/it\/crm-software-migliori-lista\/centrahub-crm-recensione\/#breadcrumb\"},\"inLanguage\":\"it-IT\",\"potentialAction\":[{\"@type\":\"ReadAction\",\"target\":[\"https:\/\/www.accuratereviews.com\/it\/crm-software-migliori-lista\/centrahub-crm-recensione\/\"]}]},{\"@type\":\"ImageObject\",\"inLanguage\":\"it-IT\",\"@id\":\"https:\/\/www.accuratereviews.com\/it\/crm-software-migliori-lista\/centrahub-crm-recensione\/#primaryimage\",\"url\":\"https:\/\/www.accuratereviews.com\/wp-content\/uploads\/2026\/02\/Centrahub.png\",\"contentUrl\":\"https:\/\/www.accuratereviews.com\/wp-content\/uploads\/2026\/02\/Centrahub.png\",\"width\":400,\"height\":400},{\"@type\":\"BreadcrumbList\",\"@id\":\"https:\/\/www.accuratereviews.com\/it\/crm-software-migliori-lista\/centrahub-crm-recensione\/#breadcrumb\",\"itemListElement\":[{\"@type\":\"ListItem\",\"position\":1,\"name\":\"Home\",\"item\":\"https:\/\/www.accuratereviews.com\/it\/\"},{\"@type\":\"ListItem\",\"position\":2,\"name\":\"CRM: i software migliori\",\"item\":\"https:\/\/www.accuratereviews.com\/it\/crm-software-migliori-lista\/\"},{\"@type\":\"ListItem\",\"position\":3,\"name\":\"CentraHub CRM\"}]},{\"@type\":\"WebSite\",\"@id\":\"https:\/\/www.accuratereviews.com\/it\/#website\",\"url\":\"https:\/\/www.accuratereviews.com\/it\/\",\"name\":\"Accurate Reviews\",\"description\":\"\",\"potentialAction\":[{\"@type\":\"SearchAction\",\"target\":{\"@type\":\"EntryPoint\",\"urlTemplate\":\"https:\/\/www.accuratereviews.com\/it\/?s={search_term_string}\"},\"query-input\":{\"@type\":\"PropertyValueSpecification\",\"valueRequired\":true,\"valueName\":\"search_term_string\"}}],\"inLanguage\":\"it-IT\"}]}<\/script>\n<!-- \/ Yoast SEO plugin. -->","yoast_head_json":{"title":"CentraHub CRM: recensione software CRM- Accurate Reviews","description":"CentraHub CRM: recensione soluzione progettata per aiutare a semplificare i processi di vendita, assistenza clienti e marketing.","robots":{"index":"index","follow":"follow","max-snippet":"max-snippet:-1","max-image-preview":"max-image-preview:large","max-video-preview":"max-video-preview:-1"},"canonical":"https:\/\/www.accuratereviews.com\/it\/crm-software-migliori-lista\/centrahub-crm-recensione\/","og_locale":"it_IT","og_type":"article","og_title":"CentraHub CRM: recensione software CRM- Accurate Reviews","og_description":"CentraHub CRM: recensione soluzione progettata per aiutare a semplificare i processi di vendita, assistenza clienti e marketing.","og_url":"https:\/\/www.accuratereviews.com\/it\/crm-software-migliori-lista\/centrahub-crm-recensione\/","og_site_name":"Accurate Reviews","og_image":[{"width":400,"height":400,"url":"https:\/\/www.accuratereviews.com\/wp-content\/uploads\/2026\/02\/Centrahub.png","type":"image\/png"}],"twitter_card":"summary_large_image","twitter_misc":{"Tempo di lettura stimato":"5 minuti"},"schema":{"@context":"https:\/\/schema.org","@graph":[{"@type":"WebPage","@id":"https:\/\/www.accuratereviews.com\/it\/crm-software-migliori-lista\/centrahub-crm-recensione\/","url":"https:\/\/www.accuratereviews.com\/it\/crm-software-migliori-lista\/centrahub-crm-recensione\/","name":"CentraHub CRM: recensione software CRM- Accurate Reviews","isPartOf":{"@id":"https:\/\/www.accuratereviews.com\/it\/#website"},"primaryImageOfPage":{"@id":"https:\/\/www.accuratereviews.com\/it\/crm-software-migliori-lista\/centrahub-crm-recensione\/#primaryimage"},"image":{"@id":"https:\/\/www.accuratereviews.com\/it\/crm-software-migliori-lista\/centrahub-crm-recensione\/#primaryimage"},"thumbnailUrl":"https:\/\/www.accuratereviews.com\/wp-content\/uploads\/2026\/02\/Centrahub.png","datePublished":"2026-02-24T15:30:21+00:00","description":"CentraHub CRM: recensione soluzione progettata per aiutare a semplificare i processi di vendita, assistenza clienti e marketing.","breadcrumb":{"@id":"https:\/\/www.accuratereviews.com\/it\/crm-software-migliori-lista\/centrahub-crm-recensione\/#breadcrumb"},"inLanguage":"it-IT","potentialAction":[{"@type":"ReadAction","target":["https:\/\/www.accuratereviews.com\/it\/crm-software-migliori-lista\/centrahub-crm-recensione\/"]}]},{"@type":"ImageObject","inLanguage":"it-IT","@id":"https:\/\/www.accuratereviews.com\/it\/crm-software-migliori-lista\/centrahub-crm-recensione\/#primaryimage","url":"https:\/\/www.accuratereviews.com\/wp-content\/uploads\/2026\/02\/Centrahub.png","contentUrl":"https:\/\/www.accuratereviews.com\/wp-content\/uploads\/2026\/02\/Centrahub.png","width":400,"height":400},{"@type":"BreadcrumbList","@id":"https:\/\/www.accuratereviews.com\/it\/crm-software-migliori-lista\/centrahub-crm-recensione\/#breadcrumb","itemListElement":[{"@type":"ListItem","position":1,"name":"Home","item":"https:\/\/www.accuratereviews.com\/it\/"},{"@type":"ListItem","position":2,"name":"CRM: i software migliori","item":"https:\/\/www.accuratereviews.com\/it\/crm-software-migliori-lista\/"},{"@type":"ListItem","position":3,"name":"CentraHub CRM"}]},{"@type":"WebSite","@id":"https:\/\/www.accuratereviews.com\/it\/#website","url":"https:\/\/www.accuratereviews.com\/it\/","name":"Accurate Reviews","description":"","potentialAction":[{"@type":"SearchAction","target":{"@type":"EntryPoint","urlTemplate":"https:\/\/www.accuratereviews.com\/it\/?s={search_term_string}"},"query-input":{"@type":"PropertyValueSpecification","valueRequired":true,"valueName":"search_term_string"}}],"inLanguage":"it-IT"}]}},"_links":{"self":[{"href":"https:\/\/www.accuratereviews.com\/it\/wp-json\/wp\/v2\/pages\/107098","targetHints":{"allow":["GET"]}}],"collection":[{"href":"https:\/\/www.accuratereviews.com\/it\/wp-json\/wp\/v2\/pages"}],"about":[{"href":"https:\/\/www.accuratereviews.com\/it\/wp-json\/wp\/v2\/types\/page"}],"author":[{"embeddable":true,"href":"https:\/\/www.accuratereviews.com\/it\/wp-json\/wp\/v2\/users\/19"}],"replies":[{"embeddable":true,"href":"https:\/\/www.accuratereviews.com\/it\/wp-json\/wp\/v2\/comments?post=107098"}],"version-history":[{"count":9,"href":"https:\/\/www.accuratereviews.com\/it\/wp-json\/wp\/v2\/pages\/107098\/revisions"}],"predecessor-version":[{"id":107223,"href":"https:\/\/www.accuratereviews.com\/it\/wp-json\/wp\/v2\/pages\/107098\/revisions\/107223"}],"up":[{"embeddable":true,"href":"https:\/\/www.accuratereviews.com\/it\/wp-json\/wp\/v2\/pages\/5966"}],"wp:featuredmedia":[{"embeddable":true,"href":"https:\/\/www.accuratereviews.com\/it\/wp-json\/wp\/v2\/media\/107099"}],"wp:attachment":[{"href":"https:\/\/www.accuratereviews.com\/it\/wp-json\/wp\/v2\/media?parent=107098"}],"wp:term":[{"taxonomy":"category","embeddable":true,"href":"https:\/\/www.accuratereviews.com\/it\/wp-json\/wp\/v2\/categories?post=107098"},{"taxonomy":"post_tag","embeddable":true,"href":"https:\/\/www.accuratereviews.com\/it\/wp-json\/wp\/v2\/tags?post=107098"},{"taxonomy":"features","embeddable":true,"href":"https:\/\/www.accuratereviews.com\/it\/wp-json\/wp\/v2\/features?post=107098"}],"curies":[{"name":"wp","href":"https:\/\/api.w.org\/{rel}","templated":true}]}}