{"id":107226,"date":"2026-02-27T15:52:03","date_gmt":"2026-02-27T15:52:03","guid":{"rendered":"https:\/\/www.accuratereviews.com\/?page_id=107226"},"modified":"2026-02-27T15:52:03","modified_gmt":"2026-02-27T15:52:03","slug":"relenta-recensione","status":"publish","type":"page","link":"https:\/\/www.accuratereviews.com\/it\/crm-software-migliori-lista\/relenta-recensione\/","title":{"rendered":"Relenta"},"content":{"rendered":"<p><strong>Relenta<\/strong> \u00e8 una <strong>soluzione di gestione delle relazioni<\/strong> con i clienti basata su email. Supporta le aziende nella gestione della posta elettronica, nella gestione dei contatti, nell&#8217;automazione delle vendite e nella fornitura di un calendario condiviso. Conserva una cronologia relativa ad attivit\u00e0, note, vendite in corso, file e marketing. La dashboard utilizza un ambiente di lavoro con un solo clic. Messaggi, attivit\u00e0, file e contatti sono disponibili dalla barra degli strumenti e il gestore di contatti e attivit\u00e0 mantiene le informazioni organizzate e aggiornate in tempo reale. Le nuove attivit\u00e0 vengono sincronizzate automaticamente sul calendario condiviso, in modo che gli utenti possano essere sempre aggiornati.<br \/>\n\u00c8 possibile creare campagne email utilizzando pi\u00f9 contatti nel sistema e impostarne l&#8217;invio in una data o un orario successivi. Grazie alla condivisione della posta in arrivo, il team pu\u00f2 collaborare accedendo ai dati contemporaneamente. Offre l&#8217;integrazione con pi\u00f9 app tramite Zapier.<\/p>\n<h2>RELENTA &#8211; TUTORIAL<\/h2>\n<div id=\"fluid-wrapper-counter-1\" class=\"g1-fluid-wrapper \" style=\"width:686px;\">\n<div style=\"padding-bottom:56.268221574344%;\"><iframe loading=\"lazy\" title=\"Anatomy of Relenta\" width=\"686\" height=\"386\" src=\"https:\/\/www.youtube.com\/embed\/2xfT9tI7Pto?feature=oembed&amp;wmode=transparent&amp;autohide=1&amp;autoplay=0&amp;disablekb=0&amp;fs=1&amp;loop=0&amp;enablejsapi=1&amp;rel=0&amp;controls=2&amp;showinfo=0&amp;wmode=transparent&amp;autohide=2&amp;autoplay=0&amp;disablekb=0&amp;fs=1&amp;loop=0&amp;enablejsapi=1&amp;rel=0&amp;controls=2&amp;showinfo=1\" frameborder=\"0\" allow=\"accelerometer; autoplay; clipboard-write; encrypted-media; gyroscope; picture-in-picture; web-share\" referrerpolicy=\"strict-origin-when-cross-origin\" allowfullscreen><\/iframe><\/div>\n<\/div>\n<h2>RELENTA &#8211; CARATTERISTICHE<\/h2>\n<ul>\n<li><strong>Gestione dei contatti basata su email<\/strong>: tieni tutto ci\u00f2 che \u00e8 importante in un unico posto. Visualizza l&#8217;intera cronologia delle relazioni in un ordine cronologico. Monitora e accedi a tutte le interazioni, email, trattative, file e attivit\u00e0 con un solo clic.<\/li>\n<li><strong>Framework di produttivit\u00e0:<\/strong> sperimenta la massima produttivit\u00e0. Progettato per guidarti ad adattarti autonomamente a una mentalit\u00e0 produttiva. Completa le attivit\u00e0 con un solo clic ed evita interruzioni. Tutte le informazioni di cui hai bisogno sono a portata di clic.<\/li>\n<li><strong>Database di contatti separati:<\/strong> disponi di tutti i database indipendenti che desideri. Passa da un database all&#8217;altro con un solo clic. Mantieni separati i contatti personali da quelli aziendali. Isola i contatti di vendita dalle interazioni con l&#8217;assistenza clienti. Gestisci pi\u00f9 attivit\u00e0 in un unico sistema.<\/li>\n<li><strong>Automazione del flusso di lavoro<\/strong>: invia risposte automatiche attivate da qualsiasi parola chiave. Mostra un&#8217;immagine coerente ai tuoi clienti utilizzando risposte predefinite dalla libreria. Niente pi\u00f9 perdite di tempo a cercare tra vecchie email e infiniti copia-incolla.<\/li>\n<li><strong>Commenti e note email:<\/strong> aggiungi un commento a qualsiasi email o attivit\u00e0: evento del calendario, nota, attivit\u00e0. Collabora con il team dalla posta in arrivo. Mantieni i commenti ordinatamente archiviati nel sistema per la conservazione dei record. Rimani aggiornato sui nuovi commenti con indicatori facili da individuare.<\/li>\n<li><strong>Gestione delle trattative<\/strong>: tieni traccia della tua pipeline di vendita con le trattative. Associa le trattative a contatti specifici, aggiungi note, commenti e file, taggali e personalizza le fasi di completamento. Ottieni una panoramica completa delle trattative e della pipeline di vendita tramite calendario e cronologia dei contatti.<\/li>\n<li><strong>Email Marketing Automatizzato<\/strong>: crea campagne automatizzate di email marketing, vendite e newsletter. Aggiungi un contatto a un gruppo e verr\u00e0 automaticamente aggiunto alla sequenza di email. Tieni sotto controllo ogni email inviata tramite la cronologia dei contatti.<\/li>\n<li><strong>Gestione dei lead<\/strong>: segmenta i tuoi contatti per gruppi o usa i tag. Crea un numero qualsiasi di gruppi, categorie e sottocartelle. Invia una newsletter a singoli contatti o a un intero gruppo contemporaneamente. Tagga tutto nel sistema e ordina facilmente gli elementi che hai taggato.<\/li>\n<li><strong>Organizzazione avanzata dei dati:<\/strong> assegna un contatto a uno o pi\u00f9 gruppi semplicemente spuntando una casella. Trascina e rilascia per organizzare i gruppi come preferisci. Tagga contatti, aziende, eventi, attivit\u00e0, note, follow-up, cose da fare, offerte: qualsiasi cosa. Aggiungi facilmente tag con un clic e rimuovili quando non sono pi\u00f9 necessari.<\/li>\n<li><strong>Monitoraggio Apertura\/Clic Email:<\/strong> potenzia le tue campagne di vendita e di email marketing con avvisi istantanei di apertura\/clic email. Scopri all&#8217;istante quando qualcuno legge la tua email, quali link ha cliccato e quando. Ottieni la perfetta deliverability delle email da Sendgrid e massimizza ogni opportunit\u00e0. Casella di posta<\/li>\n<li><strong>Gestione di agenda e calendario:<\/strong> monitora gli eventi imminenti, imposta promemoria, crea follow-up e inserisci note. Allega file alle attivit\u00e0 del calendario, associa voci di calendario ai contatti. Ottieni una panoramica di tutto ci\u00f2 che devi fare oggi, domani e pi\u00f9 tardi. Guarda cosa stanno facendo tutti con un calendario aziendale condiviso.<\/li>\n<li><strong>Assegnazione attivit\u00e0<\/strong>: crea e assegna attivit\u00e0 a te stesso o ai membri del team. Converti le email in attivit\u00e0 con un clic, utilizza l&#8217;agenda per visualizzarle come una lista di cose da fare per te stesso, filtra per tipo di attivit\u00e0 e guarda cosa stanno facendo i membri del tuo team.<\/li>\n<li><strong>Sistema di condivisione file<\/strong>: carica e condividi documenti, brochure e file utilizzati di frequente in uno spazio di archiviazione centralizzato. Risparmia tempo nella ricerca e nell&#8217;allegare file a email identiche.<\/li>\n<\/ul>\n<h4>LE RECENSIONI DEGLI UTENTI<\/h4>\n<p><strong>Lee &#8220;Relenta Rock!&#8221;<\/strong><br \/>\n<strong>Pro:<\/strong> utilizzo Relenta da diversi anni e gli sviluppatori lo migliorano costantemente. Relenta \u00e8 un Contact Relationship Manager facile da usare, Relenta \u00e8 un gestore di campagne email a goccia, Relenta \u00e8 un autoresponder e Relenta pu\u00f2 essere un database condiviso. Relenta riunisce diverse funzioni principali in un&#8217;unica applicazione web facile da usare. Utilizzo Relenta per lo sviluppo aziendale, per supportare i clienti durante il processo e per la comunicazione post-vendita. In precedenti aziende ho utilizzato Relenta anche per la comunicazione delle risorse umane, per l&#8217;onboarding e per le comunicazioni regolari con i dipendenti. Poich\u00e9 Relenta consente di creare gruppi e database multipli, si hanno a disposizione molti modi per creare e gestire i canali di comunicazione.<br \/>\n<strong>Contro:<\/strong> potrebbero esserci pi\u00f9 connessioni API (Relenta usa REST, non \u00e8 cos\u00ec difficile da costruire ed \u00e8 poco costoso se hai bisogno di qualcosa di personalizzato).<\/p>\n<p><strong>Dario &#8220;Lavora come salvagente per il nostro piccolo team&#8221;<\/strong><br \/>\n\u00c8 semplicemente un&#8217;app fantastica. Prima mi perdevo tra compiti, opportunit\u00e0 e l&#8217;intero processo di gestione dei lead che generavo. Relenta, prima di tutto, mi aiuta a progredire nel processo di vendita e nei contatti associati alle trattative. Ero confuso da alcuni altri CRM e dal loro approccio, e la curva di apprendimento richiedeva troppo tempo. Questa \u00e8 un&#8217;organizzazione sensata, almeno per me!<br \/>\n<strong>Pro<\/strong>: l&#8217;integrazione nativa con la posta elettronica \u00e8 enorme. Le cronologie dei contatti mostrano l&#8217;intera relazione in un&#8217;unica pagina. Questo concetto di &#8220;zona a un clic&#8221; garantisce che tutto ci\u00f2 di cui abbiamo bisogno sia sempre a portata di mano o, nel peggiore dei casi, a un clic di distanza, mai di pi\u00f9. Il supporto email di Relenta \u00e8 uno dei migliori del settore, se non il migliore.<br \/>\n<strong>Contro<\/strong>: le integrazioni limitate tramite API ci obbligano a scrivere codice personalizzato affinch\u00e9 Relenta possa comunicare con altre app che stiamo utilizzando, ma poich\u00e9 l&#8217;integrazione con Zapier \u00e8 in corso, questo dovrebbe risolvere il problema.<\/p>\n<p><strong>Julia &#8220;Ottimo strumento!&#8221;<\/strong><br \/>\nOttimo strumento, semplice da usare. Lo consiglio vivamente, indipendentemente dal settore in cui si opera. Ho formato persone all&#8217;uso di Relenta e funziona sempre bene, indipendentemente dal mercato. Chi ha utilizzato ACT! per 20 anni ha iniziato subito a lavorare con Relenta.<br \/>\n<strong>Pro<\/strong>: ottimo supporto, facile da imparare e, per quanto riguarda le funzionalit\u00e0, Relenta ha praticamente tutto ci\u00f2 di cui un imprenditore indipendente o un team di piccole imprese potrebbe aver bisogno.<br \/>\n<strong>Contro<\/strong>: non ci sono molte integrazioni e la versione mobile del browser a volte \u00e8 un po&#8217; complicata da usare.<\/p>\n","protected":false},"excerpt":{"rendered":"<p>Relenta \u00e8 una soluzione di gestione delle relazioni con i clienti basata su email. Supporta le aziende nella gestione della posta elettronica, nella gestione dei contatti, nell&#8217;automazione delle vendite e nella fornitura di un calendario condiviso. Conserva una cronologia relativa ad attivit\u00e0, note, vendite in corso, file e marketing.<\/p>\n","protected":false},"author":19,"featured_media":107227,"parent":5966,"menu_order":0,"comment_status":"open","ping_status":"closed","template":"g1_template_page_review_new.php","meta":{"_acf_changed":false,"cwp_meta_box_check":"No","cwp_rev_product_name":"","cwp_rev_product_image":"","wppr_links":[],"cwp_rev_price":"","wppr_options":[],"wppr_pros":[],"wppr_cons":[],"_monsterinsights_skip_tracking":false,"_monsterinsights_sitenote_active":false,"_monsterinsights_sitenote_note":"","_monsterinsights_sitenote_category":0,"footnotes":""},"categories":[120],"tags":[1835,4080,427,1837,1239],"features":[],"class_list":{"0":"post-107226","1":"page","2":"type-page","3":"status-publish","4":"has-post-thumbnail","6":"category-crm-it","7":"tag-crm-2-it","8":"tag-piattaforma-crm","9":"tag-programma-crm","10":"tag-software-crm-2-it","11":"tag-soluzione-crm"},"wppr_data":{"cwp_meta_box_check":"No"},"acf":[],"yoast_head":"<!-- This site is optimized with the Yoast SEO plugin v26.0 - https:\/\/yoast.com\/wordpress\/plugins\/seo\/ -->\n<title>Relenta: recensione software CRM - Accurate Reviews<\/title>\n<meta name=\"description\" content=\"Relenta: recensione CRM basato su email, semplice e incredibilmente efficace ideale per gestire un gran numero di interazioni con i clienti.\" \/>\n<meta name=\"robots\" content=\"index, follow, max-snippet:-1, max-image-preview:large, max-video-preview:-1\" \/>\n<link rel=\"canonical\" href=\"https:\/\/www.accuratereviews.com\/it\/crm-software-migliori-lista\/relenta-recensione\/\" \/>\n<meta property=\"og:locale\" content=\"it_IT\" \/>\n<meta property=\"og:type\" content=\"article\" \/>\n<meta property=\"og:title\" content=\"Relenta: recensione software CRM - Accurate Reviews\" \/>\n<meta property=\"og:description\" content=\"Relenta: recensione CRM basato su email, semplice e incredibilmente efficace ideale per gestire un gran numero di interazioni con i clienti.\" \/>\n<meta property=\"og:url\" content=\"https:\/\/www.accuratereviews.com\/it\/crm-software-migliori-lista\/relenta-recensione\/\" \/>\n<meta property=\"og:site_name\" content=\"Accurate Reviews\" \/>\n<meta property=\"og:image\" content=\"https:\/\/www.accuratereviews.com\/wp-content\/uploads\/2026\/02\/Relenta.png\" \/>\n\t<meta property=\"og:image:width\" content=\"200\" \/>\n\t<meta property=\"og:image:height\" content=\"200\" \/>\n\t<meta property=\"og:image:type\" content=\"image\/png\" \/>\n<meta name=\"twitter:card\" content=\"summary_large_image\" \/>\n<meta name=\"twitter:label1\" content=\"Tempo di lettura stimato\" \/>\n\t<meta name=\"twitter:data1\" content=\"7 minuti\" \/>\n<script type=\"application\/ld+json\" class=\"yoast-schema-graph\">{\"@context\":\"https:\/\/schema.org\",\"@graph\":[{\"@type\":\"WebPage\",\"@id\":\"https:\/\/www.accuratereviews.com\/it\/crm-software-migliori-lista\/relenta-recensione\/\",\"url\":\"https:\/\/www.accuratereviews.com\/it\/crm-software-migliori-lista\/relenta-recensione\/\",\"name\":\"Relenta: recensione software CRM - Accurate Reviews\",\"isPartOf\":{\"@id\":\"https:\/\/www.accuratereviews.com\/it\/#website\"},\"primaryImageOfPage\":{\"@id\":\"https:\/\/www.accuratereviews.com\/it\/crm-software-migliori-lista\/relenta-recensione\/#primaryimage\"},\"image\":{\"@id\":\"https:\/\/www.accuratereviews.com\/it\/crm-software-migliori-lista\/relenta-recensione\/#primaryimage\"},\"thumbnailUrl\":\"https:\/\/www.accuratereviews.com\/wp-content\/uploads\/2026\/02\/Relenta.png\",\"datePublished\":\"2026-02-27T15:52:03+00:00\",\"description\":\"Relenta: recensione CRM basato su email, semplice e incredibilmente efficace ideale per gestire un gran numero di interazioni con i clienti.\",\"breadcrumb\":{\"@id\":\"https:\/\/www.accuratereviews.com\/it\/crm-software-migliori-lista\/relenta-recensione\/#breadcrumb\"},\"inLanguage\":\"it-IT\",\"potentialAction\":[{\"@type\":\"ReadAction\",\"target\":[\"https:\/\/www.accuratereviews.com\/it\/crm-software-migliori-lista\/relenta-recensione\/\"]}]},{\"@type\":\"ImageObject\",\"inLanguage\":\"it-IT\",\"@id\":\"https:\/\/www.accuratereviews.com\/it\/crm-software-migliori-lista\/relenta-recensione\/#primaryimage\",\"url\":\"https:\/\/www.accuratereviews.com\/wp-content\/uploads\/2026\/02\/Relenta.png\",\"contentUrl\":\"https:\/\/www.accuratereviews.com\/wp-content\/uploads\/2026\/02\/Relenta.png\",\"width\":200,\"height\":200},{\"@type\":\"BreadcrumbList\",\"@id\":\"https:\/\/www.accuratereviews.com\/it\/crm-software-migliori-lista\/relenta-recensione\/#breadcrumb\",\"itemListElement\":[{\"@type\":\"ListItem\",\"position\":1,\"name\":\"Home\",\"item\":\"https:\/\/www.accuratereviews.com\/it\/\"},{\"@type\":\"ListItem\",\"position\":2,\"name\":\"CRM: i software migliori\",\"item\":\"https:\/\/www.accuratereviews.com\/it\/crm-software-migliori-lista\/\"},{\"@type\":\"ListItem\",\"position\":3,\"name\":\"Relenta\"}]},{\"@type\":\"WebSite\",\"@id\":\"https:\/\/www.accuratereviews.com\/it\/#website\",\"url\":\"https:\/\/www.accuratereviews.com\/it\/\",\"name\":\"Accurate Reviews\",\"description\":\"\",\"potentialAction\":[{\"@type\":\"SearchAction\",\"target\":{\"@type\":\"EntryPoint\",\"urlTemplate\":\"https:\/\/www.accuratereviews.com\/it\/?s={search_term_string}\"},\"query-input\":{\"@type\":\"PropertyValueSpecification\",\"valueRequired\":true,\"valueName\":\"search_term_string\"}}],\"inLanguage\":\"it-IT\"}]}<\/script>\n<!-- \/ Yoast SEO plugin. -->","yoast_head_json":{"title":"Relenta: recensione software CRM - Accurate Reviews","description":"Relenta: recensione CRM basato su email, semplice e incredibilmente efficace ideale per gestire un gran numero di interazioni con i clienti.","robots":{"index":"index","follow":"follow","max-snippet":"max-snippet:-1","max-image-preview":"max-image-preview:large","max-video-preview":"max-video-preview:-1"},"canonical":"https:\/\/www.accuratereviews.com\/it\/crm-software-migliori-lista\/relenta-recensione\/","og_locale":"it_IT","og_type":"article","og_title":"Relenta: recensione software CRM - Accurate Reviews","og_description":"Relenta: recensione CRM basato su email, semplice e incredibilmente efficace ideale per gestire un gran numero di interazioni con i clienti.","og_url":"https:\/\/www.accuratereviews.com\/it\/crm-software-migliori-lista\/relenta-recensione\/","og_site_name":"Accurate Reviews","og_image":[{"width":200,"height":200,"url":"https:\/\/www.accuratereviews.com\/wp-content\/uploads\/2026\/02\/Relenta.png","type":"image\/png"}],"twitter_card":"summary_large_image","twitter_misc":{"Tempo di lettura stimato":"7 minuti"},"schema":{"@context":"https:\/\/schema.org","@graph":[{"@type":"WebPage","@id":"https:\/\/www.accuratereviews.com\/it\/crm-software-migliori-lista\/relenta-recensione\/","url":"https:\/\/www.accuratereviews.com\/it\/crm-software-migliori-lista\/relenta-recensione\/","name":"Relenta: recensione software CRM - Accurate Reviews","isPartOf":{"@id":"https:\/\/www.accuratereviews.com\/it\/#website"},"primaryImageOfPage":{"@id":"https:\/\/www.accuratereviews.com\/it\/crm-software-migliori-lista\/relenta-recensione\/#primaryimage"},"image":{"@id":"https:\/\/www.accuratereviews.com\/it\/crm-software-migliori-lista\/relenta-recensione\/#primaryimage"},"thumbnailUrl":"https:\/\/www.accuratereviews.com\/wp-content\/uploads\/2026\/02\/Relenta.png","datePublished":"2026-02-27T15:52:03+00:00","description":"Relenta: recensione CRM basato su email, semplice e incredibilmente efficace ideale per gestire un gran numero di interazioni con i clienti.","breadcrumb":{"@id":"https:\/\/www.accuratereviews.com\/it\/crm-software-migliori-lista\/relenta-recensione\/#breadcrumb"},"inLanguage":"it-IT","potentialAction":[{"@type":"ReadAction","target":["https:\/\/www.accuratereviews.com\/it\/crm-software-migliori-lista\/relenta-recensione\/"]}]},{"@type":"ImageObject","inLanguage":"it-IT","@id":"https:\/\/www.accuratereviews.com\/it\/crm-software-migliori-lista\/relenta-recensione\/#primaryimage","url":"https:\/\/www.accuratereviews.com\/wp-content\/uploads\/2026\/02\/Relenta.png","contentUrl":"https:\/\/www.accuratereviews.com\/wp-content\/uploads\/2026\/02\/Relenta.png","width":200,"height":200},{"@type":"BreadcrumbList","@id":"https:\/\/www.accuratereviews.com\/it\/crm-software-migliori-lista\/relenta-recensione\/#breadcrumb","itemListElement":[{"@type":"ListItem","position":1,"name":"Home","item":"https:\/\/www.accuratereviews.com\/it\/"},{"@type":"ListItem","position":2,"name":"CRM: i software migliori","item":"https:\/\/www.accuratereviews.com\/it\/crm-software-migliori-lista\/"},{"@type":"ListItem","position":3,"name":"Relenta"}]},{"@type":"WebSite","@id":"https:\/\/www.accuratereviews.com\/it\/#website","url":"https:\/\/www.accuratereviews.com\/it\/","name":"Accurate Reviews","description":"","potentialAction":[{"@type":"SearchAction","target":{"@type":"EntryPoint","urlTemplate":"https:\/\/www.accuratereviews.com\/it\/?s={search_term_string}"},"query-input":{"@type":"PropertyValueSpecification","valueRequired":true,"valueName":"search_term_string"}}],"inLanguage":"it-IT"}]}},"_links":{"self":[{"href":"https:\/\/www.accuratereviews.com\/it\/wp-json\/wp\/v2\/pages\/107226","targetHints":{"allow":["GET"]}}],"collection":[{"href":"https:\/\/www.accuratereviews.com\/it\/wp-json\/wp\/v2\/pages"}],"about":[{"href":"https:\/\/www.accuratereviews.com\/it\/wp-json\/wp\/v2\/types\/page"}],"author":[{"embeddable":true,"href":"https:\/\/www.accuratereviews.com\/it\/wp-json\/wp\/v2\/users\/19"}],"replies":[{"embeddable":true,"href":"https:\/\/www.accuratereviews.com\/it\/wp-json\/wp\/v2\/comments?post=107226"}],"version-history":[{"count":7,"href":"https:\/\/www.accuratereviews.com\/it\/wp-json\/wp\/v2\/pages\/107226\/revisions"}],"predecessor-version":[{"id":107293,"href":"https:\/\/www.accuratereviews.com\/it\/wp-json\/wp\/v2\/pages\/107226\/revisions\/107293"}],"up":[{"embeddable":true,"href":"https:\/\/www.accuratereviews.com\/it\/wp-json\/wp\/v2\/pages\/5966"}],"wp:featuredmedia":[{"embeddable":true,"href":"https:\/\/www.accuratereviews.com\/it\/wp-json\/wp\/v2\/media\/107227"}],"wp:attachment":[{"href":"https:\/\/www.accuratereviews.com\/it\/wp-json\/wp\/v2\/media?parent=107226"}],"wp:term":[{"taxonomy":"category","embeddable":true,"href":"https:\/\/www.accuratereviews.com\/it\/wp-json\/wp\/v2\/categories?post=107226"},{"taxonomy":"post_tag","embeddable":true,"href":"https:\/\/www.accuratereviews.com\/it\/wp-json\/wp\/v2\/tags?post=107226"},{"taxonomy":"features","embeddable":true,"href":"https:\/\/www.accuratereviews.com\/it\/wp-json\/wp\/v2\/features?post=107226"}],"curies":[{"name":"wp","href":"https:\/\/api.w.org\/{rel}","templated":true}]}}