{"id":107258,"date":"2026-03-02T15:11:07","date_gmt":"2026-03-02T15:11:07","guid":{"rendered":"https:\/\/www.accuratereviews.com\/?page_id=107258"},"modified":"2026-03-03T07:35:20","modified_gmt":"2026-03-03T07:35:20","slug":"weclapp-recensione","status":"publish","type":"page","link":"https:\/\/www.accuratereviews.com\/it\/crm-software-migliori-lista\/weclapp-recensione\/","title":{"rendered":"Weclapp"},"content":{"rendered":"<p><strong>Weclapp<\/strong>\u00a0 \u00e8 un <strong>software di gestione delle relazioni<\/strong> con i clienti (<strong>CRM<\/strong>) basato sul web, pensato per le piccole e medie imprese, che consente di gestire contatti, lead e clienti, identificare opportunit\u00e0 di vendita e creare campagne, con strumenti che includono chat di gruppo, gestione delle attivit\u00e0, <strong>sincronizzazione con Microsoft Outlook<\/strong> e altro ancora.<br \/>\nGli strumenti di gestione dei contatti estraggono i dettagli dei contatti da rubriche ed email e consentono agli utenti di importare i dati esistenti. Eventi e attivit\u00e0 possono essere <strong>collegati a lead o clienti<\/strong> e gli utenti possono gestire le comunicazioni email e rivedere le attivit\u00e0 in ordine cronologico. I flussi di lavoro di gestione dei lead consentono di spostare i contatti attraverso diversi livelli di qualificazione fino alla chiusura della trattativa. Tutti i potenziali clienti prequalificati in una singola citt\u00e0 possono essere visualizzati nella pagina di panoramica, consentendo agli utenti di elaborarli.<\/p>\n<h2>WECLAPP &#8211; TUTORIAL<\/h2>\n<div id=\"fluid-wrapper-counter-1\" class=\"g1-fluid-wrapper \" style=\"width:686px;\">\n<div style=\"padding-bottom:56.268221574344%;\"><iframe loading=\"lazy\" title=\"weclapp Tool Insight: Cloud CRM\" width=\"686\" height=\"386\" src=\"https:\/\/www.youtube.com\/embed\/dhNElPWcxdU?feature=oembed&amp;wmode=transparent&amp;autohide=1&amp;autoplay=0&amp;disablekb=0&amp;fs=1&amp;loop=0&amp;enablejsapi=1&amp;rel=0&amp;controls=2&amp;showinfo=0&amp;wmode=transparent&amp;autohide=2&amp;autoplay=0&amp;disablekb=0&amp;fs=1&amp;loop=0&amp;enablejsapi=1&amp;rel=0&amp;controls=2&amp;showinfo=1\" frameborder=\"0\" allow=\"accelerometer; autoplay; clipboard-write; encrypted-media; gyroscope; picture-in-picture; web-share\" referrerpolicy=\"strict-origin-when-cross-origin\" allowfullscreen><\/iframe><\/div>\n<\/div>\n<h3>WECLAPP &#8211; CARATTERISTICHE<\/h3>\n<ul>\n<li><strong>Acquisizione e fidelizzazione dei clienti<\/strong>: ti aiuta ad acquisire nuovi clienti e offrire loro assistenza a lungo termine.<\/li>\n<li><strong>Panoramica dei clienti a 360\u00b0<\/strong>: la soluzione registra tutti i dettagli e l&#8217;intera corrispondenza digitale con ogni singolo cliente. Cos\u00ec il tuo team pu\u00f2 reagire in modo rapido e flessibile alle richieste dei clienti.<\/li>\n<li><strong>Aumento di fatturato<\/strong>: supporta i collaboratori del reparto vendite nella gestione dei lead e delle opportunit\u00e0.<\/li>\n<li><strong>Campagne<\/strong>: raggiungi i tuoi potenziali clienti con campagne efficaci, generabili direttamente da weclapp.<\/li>\n<li><strong>Opportunit\u00e0:<\/strong> fornisce una visione d&#8217;insieme nella fase &#8220;calda&#8221;<\/li>\n<li><strong>Personalizza la dashboard<\/strong>: scegli tra 28 widget le informazioni pi\u00f9 importanti per la tua pagina iniziale.<\/li>\n<li>Monitoraggio eventi panoramici: nella panoramica dei risultati, ogni collaboratore autorizzato pu\u00f2 visualizzare tutte le richieste dei clienti e le misure adottate. In questo modo ogni membro del team \u00e8 aggiornato e pu\u00f2 offrire ai clienti un&#8217;assistenza professionale.<\/li>\n<li><strong>Gestione intelligente della posta elettronica<\/strong>: inserisci le tue caselle di posta direttamente senza dover saltare da un tool all&#8217;altro. L&#8217;archiviazione automatica delle email ti permette di assegnare direttamente tutte le email al rispettivo cliente.<\/li>\n<li><strong>Regioni di vendita<\/strong>: classificazione intelligente in base alle regioni di vendita: ogni membro del team ha sotto controllo i potenziali clienti della sua regione e tutti i contatti possono essere filtrati in base alla loro posizione.<\/li>\n<li><strong>Analitica<\/strong>: fornisce tutte le informazioni pi\u00f9 importanti in modo rapido e con una grafica ottimale. Grazie alle analisi trasparenti del BI Reporting, puoi riconoscere quale procedura ha realizzazione alla chiusura della vendita.<\/li>\n<li><strong>Attivit\u00e0:<\/strong> il modo pi\u00f9 semplice per gestire e organizzare le attivit\u00e0 quotidiane in ogni momento, in qualsiasi luogo e su tutti i terminali.<\/li>\n<li><strong>Email<\/strong>: funzioni email pratiche con archiviazione delle email in tutte le transazioni fondamentali direttamente nella soluzione.<\/li>\n<li><strong>Rubrica<\/strong>: semplice gestione online degli indirizzi con la sincronizzazione MS Outlook e Google.<\/li>\n<li><strong>Calendario<\/strong>: uso condiviso insieme ai colleghi per organizzare facilmente gli appuntamenti.<\/li>\n<li><strong>Promemoria<\/strong>: grazie alle notifiche e ai promemoria In App potrai avere sempre una panoramica di tutti gli appuntamenti pi\u00f9 importanti.<\/li>\n<li><strong>Fatturazione elettronica:<\/strong> con i pacchetti &#8220;gestionale ERP aziende di servizi \/ per il commercio&#8221; crei comodamente le fatture elettroniche.<\/li>\n<\/ul>\n<h4>LE RECENSIONI DEGLI UTENTI<\/h4>\n<p><strong>Danila &#8220;Il miglior ERP in commrecio&#8221;<\/strong><br \/>\nMi ha davvero cambiato la vita, gestisce TUTTO &#8211; la funzione OCR \u00e8 fantastica! E&#8217; veramente personalizzabile da chiunque &#8211; semplice e intuitivo.<br \/>\n<strong>Pro<\/strong>: \u00e8 completamente personalizzabile con i campi, compresi quelli dati e quelli link esterni (collegamento a cartelle google), \u00e8 incredibile! Inoltre TUTTI i layout di stampa possono prevedere qualsiasi campo!!! E si possono avere pi\u00f9 layout per la stessa funzione (es. conferma ordine con totali, conferma ordine senza totali, conferma ordine con campi data&#8230;etc!! Per le me conscenze non esiste un prodotto simile nel mercato. Assistenza TOP<br \/>\n<strong>Contro<\/strong>: mi piacerebbe vedere campi formula (come excel) &#8211; mi piacerebbe una versione intermedia tra ERP e Commercio. Con caricamento OCR vorrei le 5 cifre decimali.<\/p>\n<p><strong>Steven &#8220;Unificare tutti i processi aziendali&#8221;<\/strong><br \/>\nRende il lavoro semplice, unendo tutte le aree. Migliora la comunicazione e l&#8217;efficienza in ogni progetto, rendendoci pi\u00f9 organizzati.<br \/>\n<strong>Pro<\/strong>: \u00e8 stata la soluzione che ha permesso a tutte le aree di lavorare con un&#8217;unica applicazione e un unico database. La produttivit\u00e0 \u00e8 aumentata eliminando la necessit\u00e0 di contattare altre aree per informazioni, poich\u00e9 tutti i processi possono essere eseguiti tramite la piattaforma, contribuendo a semplificare e migliorare le tempistiche dei progetti. \u00c8 stata una piattaforma in cui tutte le sue funzionalit\u00e0 sono necessarie per una migliore gestione.<br \/>\n<strong>Contro<\/strong>: in realt\u00e0 non ho, n\u00e9 ho mai avuto, alcun tipo di problema che mi faccia scrivere qualcosa che non mi piace di pi\u00f9.<\/p>\n<p><strong>Pietro &#8220;Molto soddisfatto&#8221;<\/strong><br \/>\n&#8211; Nel complesso positivo &#8211; Onboarding rapido &#8211; Apprendimento pratico &#8211; Importazione dati senza problemi da sistemi legacy &#8211; Purtroppo, un client di posta elettronica debole<br \/>\n<strong>Pro<\/strong>: &#8211; Interfaccia intuitiva &#8211; Sistema ERP completo con CRM, contabilit\u00e0 e helpdesk &#8211; Accessibile da qualsiasi luogo &#8211; Numerose interfacce &#8211; Hosting in data center tedeschi &#8211; Ottima base di conoscenza &#8211; Supporto eccellente<br \/>\n<strong>Contro<\/strong>: &#8211; Le etichette possono essere stampate solo su fogli A4, quindi niente etichette in rotolo &#8211; I registri per preventivi, ordini, ecc. non sono standardizzati &#8211; Personalizzazione limitata di moduli e layout Un punto debole \u00e8 la funzionalit\u00e0 email: &#8211; \u00c8 visibile una sola casella di posta elettronica alla volta, quindi \u00e8 necessario passare da una all&#8217;altra &#8211; Nessuna icona per &#8220;Rispondi&#8221;, &#8220;Inoltra&#8221;, ecc. nelle email &#8211; Nessuna notifica per le nuove caselle di posta &#8211; Nessun recupero automatico dal server di posta elettronica<\/p>\n","protected":false},"excerpt":{"rendered":"<p>Weclapp\u00a0 \u00e8 un software di gestione delle relazioni con i clienti (CRM) basato sul web, pensato per le piccole e medie imprese, che consente di gestire contatti, lead e clienti, identificare opportunit\u00e0 di vendita e creare campagne, con strumenti che includono chat di gruppo, gestione delle attivit\u00e0, sincronizzazione con Microsoft Outlook e altro ancora.<\/p>\n","protected":false},"author":19,"featured_media":107259,"parent":5966,"menu_order":0,"comment_status":"open","ping_status":"closed","template":"g1_template_page_review_new.php","meta":{"_acf_changed":false,"cwp_meta_box_check":"Yes","cwp_rev_product_name":"","cwp_rev_product_image":"","wppr_links":[],"cwp_rev_price":"0.00","wppr_options":[{"name":"Usability","value":"0"},{"name":"Speed","value":"0"},{"name":"Features","value":"0"},{"name":"Support","value":"0"},{"name":"Pricing","value":"0"}],"wppr_pros":["","","","",""],"wppr_cons":["","","","",""],"_monsterinsights_skip_tracking":false,"_monsterinsights_sitenote_active":false,"_monsterinsights_sitenote_note":"","_monsterinsights_sitenote_category":0,"footnotes":""},"categories":[120],"tags":[1835,4080,427,1837,1239,16997],"features":[],"class_list":{"0":"post-107258","1":"page","2":"type-page","3":"status-publish","4":"has-post-thumbnail","6":"category-crm-it","7":"tag-crm-2-it","8":"tag-piattaforma-crm","9":"tag-programma-crm","10":"tag-software-crm-2-it","11":"tag-soluzione-crm","12":"tag-weclapp"},"wppr_data":{"cwp_meta_box_check":"Yes","_wppr_review_template":"default","cwp_rev_product_image":"","cwp_image_link":"image","wppr_links":[],"cwp_rev_price":"0.00","wppr_pros":["","","","",""],"wppr_cons":["","","","",""],"wppr_rating":"0.00","wppr_options":{"1":{"name":"Usability","value":"0"},"2":{"name":"Speed","value":"0"},"3":{"name":"Features","value":"0"},"4":{"name":"Support","value":"0"},"5":{"name":"Pricing","value":"0"}},"wppr_review_type":"Product","wppr_review_custom_fields":{"additionalProperty":"","additionalType":"","aggregateRating":"","alternateName":"","audience":"","award":"","awards":"","brand":"","color":"","depth":"","description":"","disambiguatingDescription":"","gtin12":"","gtin13":"","gtin14":"","gtin8":"","height":"","identifier":"","image":"","isAccessoryOrSparePartFor":"","isConsumableFor":"","isRelatedTo":"","isSimilarTo":"","itemCondition":"","logo":"","mainEntityOfPage":"","manufacturer":"","material":"","model":"","mpn":"","name":"","offers":"","potentialAction":"","productID":"","productionDate":"","purchaseDate":"","releaseDate":"","review":"","reviews":"","sameAs":"","sku":"","slogan":"","subjectOf":"","url":"","weight":"","width":""}},"acf":[],"yoast_head":"<!-- This site is optimized with the Yoast SEO plugin v26.0 - https:\/\/yoast.com\/wordpress\/plugins\/seo\/ -->\n<title>Weclapp: recensione software CRM - Accurate Reviews<\/title>\n<meta name=\"description\" content=\"Weclapp: recensione\u00a0software di gestione delle relazioni con i clienti (CRM) basato sul web pensato per le piccole e medie imprese.\" \/>\n<meta name=\"robots\" content=\"index, follow, max-snippet:-1, max-image-preview:large, max-video-preview:-1\" \/>\n<link rel=\"canonical\" href=\"https:\/\/www.accuratereviews.com\/it\/crm-software-migliori-lista\/weclapp-recensione\/\" \/>\n<meta property=\"og:locale\" content=\"it_IT\" \/>\n<meta property=\"og:type\" content=\"article\" \/>\n<meta property=\"og:title\" content=\"Weclapp: recensione software CRM - Accurate Reviews\" \/>\n<meta property=\"og:description\" content=\"Weclapp: recensione\u00a0software di gestione delle relazioni con i clienti (CRM) basato sul web pensato per le piccole e medie imprese.\" \/>\n<meta property=\"og:url\" content=\"https:\/\/www.accuratereviews.com\/it\/crm-software-migliori-lista\/weclapp-recensione\/\" \/>\n<meta property=\"og:site_name\" content=\"Accurate Reviews\" \/>\n<meta property=\"article:modified_time\" content=\"2026-03-03T07:35:20+00:00\" \/>\n<meta property=\"og:image\" content=\"https:\/\/www.accuratereviews.com\/wp-content\/uploads\/2026\/02\/WECLAPP.png\" \/>\n\t<meta property=\"og:image:width\" content=\"500\" \/>\n\t<meta property=\"og:image:height\" content=\"500\" \/>\n\t<meta property=\"og:image:type\" content=\"image\/png\" \/>\n<meta name=\"twitter:card\" content=\"summary_large_image\" \/>\n<meta name=\"twitter:label1\" content=\"Tempo di lettura stimato\" \/>\n\t<meta name=\"twitter:data1\" content=\"6 minuti\" \/>\n<script type=\"application\/ld+json\" class=\"yoast-schema-graph\">{\"@context\":\"https:\/\/schema.org\",\"@graph\":[{\"@type\":\"WebPage\",\"@id\":\"https:\/\/www.accuratereviews.com\/it\/crm-software-migliori-lista\/weclapp-recensione\/\",\"url\":\"https:\/\/www.accuratereviews.com\/it\/crm-software-migliori-lista\/weclapp-recensione\/\",\"name\":\"Weclapp: recensione software CRM - Accurate Reviews\",\"isPartOf\":{\"@id\":\"https:\/\/www.accuratereviews.com\/it\/#website\"},\"primaryImageOfPage\":{\"@id\":\"https:\/\/www.accuratereviews.com\/it\/crm-software-migliori-lista\/weclapp-recensione\/#primaryimage\"},\"image\":{\"@id\":\"https:\/\/www.accuratereviews.com\/it\/crm-software-migliori-lista\/weclapp-recensione\/#primaryimage\"},\"thumbnailUrl\":\"https:\/\/www.accuratereviews.com\/wp-content\/uploads\/2026\/02\/WECLAPP.png\",\"datePublished\":\"2026-03-02T15:11:07+00:00\",\"dateModified\":\"2026-03-03T07:35:20+00:00\",\"description\":\"Weclapp: recensione\u00a0software di gestione delle relazioni con i clienti (CRM) basato sul web pensato per le piccole e medie imprese.\",\"breadcrumb\":{\"@id\":\"https:\/\/www.accuratereviews.com\/it\/crm-software-migliori-lista\/weclapp-recensione\/#breadcrumb\"},\"inLanguage\":\"it-IT\",\"potentialAction\":[{\"@type\":\"ReadAction\",\"target\":[\"https:\/\/www.accuratereviews.com\/it\/crm-software-migliori-lista\/weclapp-recensione\/\"]}]},{\"@type\":\"ImageObject\",\"inLanguage\":\"it-IT\",\"@id\":\"https:\/\/www.accuratereviews.com\/it\/crm-software-migliori-lista\/weclapp-recensione\/#primaryimage\",\"url\":\"https:\/\/www.accuratereviews.com\/wp-content\/uploads\/2026\/02\/WECLAPP.png\",\"contentUrl\":\"https:\/\/www.accuratereviews.com\/wp-content\/uploads\/2026\/02\/WECLAPP.png\",\"width\":500,\"height\":500},{\"@type\":\"BreadcrumbList\",\"@id\":\"https:\/\/www.accuratereviews.com\/it\/crm-software-migliori-lista\/weclapp-recensione\/#breadcrumb\",\"itemListElement\":[{\"@type\":\"ListItem\",\"position\":1,\"name\":\"Home\",\"item\":\"https:\/\/www.accuratereviews.com\/it\/\"},{\"@type\":\"ListItem\",\"position\":2,\"name\":\"CRM: i software migliori\",\"item\":\"https:\/\/www.accuratereviews.com\/it\/crm-software-migliori-lista\/\"},{\"@type\":\"ListItem\",\"position\":3,\"name\":\"Weclapp\"}]},{\"@type\":\"WebSite\",\"@id\":\"https:\/\/www.accuratereviews.com\/it\/#website\",\"url\":\"https:\/\/www.accuratereviews.com\/it\/\",\"name\":\"Accurate Reviews\",\"description\":\"\",\"potentialAction\":[{\"@type\":\"SearchAction\",\"target\":{\"@type\":\"EntryPoint\",\"urlTemplate\":\"https:\/\/www.accuratereviews.com\/it\/?s={search_term_string}\"},\"query-input\":{\"@type\":\"PropertyValueSpecification\",\"valueRequired\":true,\"valueName\":\"search_term_string\"}}],\"inLanguage\":\"it-IT\"}]}<\/script>\n<!-- \/ Yoast SEO plugin. -->","yoast_head_json":{"title":"Weclapp: recensione software CRM - Accurate Reviews","description":"Weclapp: recensione\u00a0software di gestione delle relazioni con i clienti (CRM) basato sul web pensato per le piccole e medie imprese.","robots":{"index":"index","follow":"follow","max-snippet":"max-snippet:-1","max-image-preview":"max-image-preview:large","max-video-preview":"max-video-preview:-1"},"canonical":"https:\/\/www.accuratereviews.com\/it\/crm-software-migliori-lista\/weclapp-recensione\/","og_locale":"it_IT","og_type":"article","og_title":"Weclapp: recensione software CRM - Accurate Reviews","og_description":"Weclapp: recensione\u00a0software di gestione delle relazioni con i clienti (CRM) basato sul web pensato per le piccole e medie imprese.","og_url":"https:\/\/www.accuratereviews.com\/it\/crm-software-migliori-lista\/weclapp-recensione\/","og_site_name":"Accurate Reviews","article_modified_time":"2026-03-03T07:35:20+00:00","og_image":[{"width":500,"height":500,"url":"https:\/\/www.accuratereviews.com\/wp-content\/uploads\/2026\/02\/WECLAPP.png","type":"image\/png"}],"twitter_card":"summary_large_image","twitter_misc":{"Tempo di lettura stimato":"6 minuti"},"schema":{"@context":"https:\/\/schema.org","@graph":[{"@type":"WebPage","@id":"https:\/\/www.accuratereviews.com\/it\/crm-software-migliori-lista\/weclapp-recensione\/","url":"https:\/\/www.accuratereviews.com\/it\/crm-software-migliori-lista\/weclapp-recensione\/","name":"Weclapp: recensione software CRM - Accurate Reviews","isPartOf":{"@id":"https:\/\/www.accuratereviews.com\/it\/#website"},"primaryImageOfPage":{"@id":"https:\/\/www.accuratereviews.com\/it\/crm-software-migliori-lista\/weclapp-recensione\/#primaryimage"},"image":{"@id":"https:\/\/www.accuratereviews.com\/it\/crm-software-migliori-lista\/weclapp-recensione\/#primaryimage"},"thumbnailUrl":"https:\/\/www.accuratereviews.com\/wp-content\/uploads\/2026\/02\/WECLAPP.png","datePublished":"2026-03-02T15:11:07+00:00","dateModified":"2026-03-03T07:35:20+00:00","description":"Weclapp: recensione\u00a0software di gestione delle relazioni con i clienti (CRM) basato sul web pensato per le piccole e medie imprese.","breadcrumb":{"@id":"https:\/\/www.accuratereviews.com\/it\/crm-software-migliori-lista\/weclapp-recensione\/#breadcrumb"},"inLanguage":"it-IT","potentialAction":[{"@type":"ReadAction","target":["https:\/\/www.accuratereviews.com\/it\/crm-software-migliori-lista\/weclapp-recensione\/"]}]},{"@type":"ImageObject","inLanguage":"it-IT","@id":"https:\/\/www.accuratereviews.com\/it\/crm-software-migliori-lista\/weclapp-recensione\/#primaryimage","url":"https:\/\/www.accuratereviews.com\/wp-content\/uploads\/2026\/02\/WECLAPP.png","contentUrl":"https:\/\/www.accuratereviews.com\/wp-content\/uploads\/2026\/02\/WECLAPP.png","width":500,"height":500},{"@type":"BreadcrumbList","@id":"https:\/\/www.accuratereviews.com\/it\/crm-software-migliori-lista\/weclapp-recensione\/#breadcrumb","itemListElement":[{"@type":"ListItem","position":1,"name":"Home","item":"https:\/\/www.accuratereviews.com\/it\/"},{"@type":"ListItem","position":2,"name":"CRM: i software migliori","item":"https:\/\/www.accuratereviews.com\/it\/crm-software-migliori-lista\/"},{"@type":"ListItem","position":3,"name":"Weclapp"}]},{"@type":"WebSite","@id":"https:\/\/www.accuratereviews.com\/it\/#website","url":"https:\/\/www.accuratereviews.com\/it\/","name":"Accurate Reviews","description":"","potentialAction":[{"@type":"SearchAction","target":{"@type":"EntryPoint","urlTemplate":"https:\/\/www.accuratereviews.com\/it\/?s={search_term_string}"},"query-input":{"@type":"PropertyValueSpecification","valueRequired":true,"valueName":"search_term_string"}}],"inLanguage":"it-IT"}]}},"_links":{"self":[{"href":"https:\/\/www.accuratereviews.com\/it\/wp-json\/wp\/v2\/pages\/107258","targetHints":{"allow":["GET"]}}],"collection":[{"href":"https:\/\/www.accuratereviews.com\/it\/wp-json\/wp\/v2\/pages"}],"about":[{"href":"https:\/\/www.accuratereviews.com\/it\/wp-json\/wp\/v2\/types\/page"}],"author":[{"embeddable":true,"href":"https:\/\/www.accuratereviews.com\/it\/wp-json\/wp\/v2\/users\/19"}],"replies":[{"embeddable":true,"href":"https:\/\/www.accuratereviews.com\/it\/wp-json\/wp\/v2\/comments?post=107258"}],"version-history":[{"count":11,"href":"https:\/\/www.accuratereviews.com\/it\/wp-json\/wp\/v2\/pages\/107258\/revisions"}],"predecessor-version":[{"id":107314,"href":"https:\/\/www.accuratereviews.com\/it\/wp-json\/wp\/v2\/pages\/107258\/revisions\/107314"}],"up":[{"embeddable":true,"href":"https:\/\/www.accuratereviews.com\/it\/wp-json\/wp\/v2\/pages\/5966"}],"wp:featuredmedia":[{"embeddable":true,"href":"https:\/\/www.accuratereviews.com\/it\/wp-json\/wp\/v2\/media\/107259"}],"wp:attachment":[{"href":"https:\/\/www.accuratereviews.com\/it\/wp-json\/wp\/v2\/media?parent=107258"}],"wp:term":[{"taxonomy":"category","embeddable":true,"href":"https:\/\/www.accuratereviews.com\/it\/wp-json\/wp\/v2\/categories?post=107258"},{"taxonomy":"post_tag","embeddable":true,"href":"https:\/\/www.accuratereviews.com\/it\/wp-json\/wp\/v2\/tags?post=107258"},{"taxonomy":"features","embeddable":true,"href":"https:\/\/www.accuratereviews.com\/it\/wp-json\/wp\/v2\/features?post=107258"}],"curies":[{"name":"wp","href":"https:\/\/api.w.org\/{rel}","templated":true}]}}