{"id":107299,"date":"2026-04-14T11:23:34","date_gmt":"2026-04-14T11:23:34","guid":{"rendered":"https:\/\/www.accuratereviews.com\/?page_id=107299"},"modified":"2026-04-14T11:23:34","modified_gmt":"2026-04-14T11:23:34","slug":"tessitura-recensione","status":"publish","type":"page","link":"https:\/\/www.accuratereviews.com\/it\/crm-software-migliori-lista\/tessitura-recensione\/","title":{"rendered":"Tessitura"},"content":{"rendered":"<p><strong>Tessitura<\/strong> aiuta le organizzazioni artistiche e culturali ad aumentare i ricavi, consolidare le relazioni e semplificare le operazioni riunendo<strong> CRM,<\/strong> biglietteria, raccolta fondi, marketing, abbonamenti e ingressi in un&#8217;unica potente piattaforma. Grazie a un unico database, i team dedicano meno tempo alla riconciliazione dei dati e pi\u00f9 tempo ad agire su di essi, che si tratti di migliorare le conversioni, aumentare la fidelizzazione dei donatori o personalizzare l&#8217;outreach. Supporta l<strong>a biglietteria complessa,<\/strong> gli abbonamenti digitali, le donazioni online e le campagne multicanale, il tutto supportato da dati in tempo reale che indirizzano i team verso la migliore azione da intraprendere.<br \/>\n<strong>Tessitura<\/strong> offre agli acquirenti non solo un software, ma un partner a lungo termine focalizzato sull&#8217;aiutarli a raggiungere una crescita sostenibile e a offrire esperienze cliente eccezionali.<\/p>\n<h2>TESSITURA &#8211; TUTORIAL<\/h2>\n<div id=\"fluid-wrapper-counter-1\" class=\"g1-fluid-wrapper \" style=\"width:686px;\">\n<div style=\"padding-bottom:56.268221574344%;\"><iframe loading=\"lazy\" title=\"How to Use Tessitura CRM | Step-by-Step Guide for Arts &amp; Culture Organizations\" width=\"686\" height=\"386\" src=\"https:\/\/www.youtube.com\/embed\/2KBbNbPnNMM?feature=oembed&amp;wmode=transparent&amp;autohide=1&amp;autoplay=0&amp;disablekb=0&amp;fs=1&amp;loop=0&amp;enablejsapi=1&amp;rel=0&amp;controls=2&amp;showinfo=0&amp;wmode=transparent&amp;autohide=2&amp;autoplay=0&amp;disablekb=0&amp;fs=1&amp;loop=0&amp;enablejsapi=1&amp;rel=0&amp;controls=2&amp;showinfo=1\" frameborder=\"0\" allow=\"accelerometer; autoplay; clipboard-write; encrypted-media; gyroscope; picture-in-picture; web-share\" referrerpolicy=\"strict-origin-when-cross-origin\" allowfullscreen><\/iframe><\/div>\n<\/div>\n<h3>TESSITURA &#8211; CARATTERISTICHE<\/h3>\n<ul>\n<li>Ottieni una panoramica completa di tutti coloro che interagiscono con la tua organizzazione: visitatori, soci, donatori, volontari, gruppi, partecipanti a corsi e campi estivi e altro ancora.<\/li>\n<li>La cronologia dei clienti include ogni interazione, comunicazione, acquisto di biglietti, contributo, iscrizione e altro ancora, tutto visibile a colpo d&#8217;occhio.<\/li>\n<li>Sfrutta la cronologia dei clienti a colori per pianificare il coinvolgimento futuro.<\/li>\n<li>Comprendi la relazione dei tuoi clienti con la tua organizzazione e con gli altri utenti del tuo database.<\/li>\n<li>Racconta l&#8217;impatto del tuo lavoro monitorando l&#8217;intera relazione con ogni cliente.<\/li>\n<li>Sfrutta la vista a 360\u00b0 di ogni cliente per personalizzare ogni interazione e comunicazione, di persona, al telefono e online.<\/li>\n<li>Risolvi in \u200b\u200bmodo efficiente domande, problemi e richieste con strumenti specifici.<\/li>\n<li>Supporta ogni cliente con la possibilit\u00e0 di monitorare e segnalare i requisiti di accessibilit\u00e0 e le preferenze individuali.<\/li>\n<li>Comunica con gli utenti dove e come preferiscono essere contattati, in base al motivo per cui li stai contattando.<\/li>\n<li>Utilizza la funzione timed Ingresso per aiutare i visitatori a pianificare il loro percorso attraverso tutte le tue offerte<\/li>\n<li>Strumenti semplificati per gestire la capacit\u00e0 per fasce orarie e punti di ingresso<\/li>\n<li>Perimetri e punti di ingresso predefiniti con biglietti a tempo per un controllo accessi semplice<\/li>\n<li>Vendi in anticipo per una data o un orario specifico e vendi sia i biglietti attuali che quelli in prevendita all&#8217;ingresso<\/li>\n<li>Promuovi pacchetti &#8220;scegli il tuo biglietto&#8221; per offerte combinate e aggiungi servizi come parcheggio, ristorazione e audioguide<\/li>\n<li>Combina pi\u00f9 sessioni di lezioni o campi per studenti o adulti<\/li>\n<li>Invita gli ospiti a risparmiare sull&#8217;ingresso acquistando un abbonamento. I vantaggi per gli iscritti si applicano immediatamente agli articoli nel carrello<\/li>\n<li>Applica automaticamente sconti in base al numero di prodotti diversi nel carrello per pacchetti improvvisati<\/li>\n<li>I biglietti stampati o digitali consentono di scansionare un codice a barre per accedere a tutti gli elementi di un pacchetto<\/li>\n<\/ul>\n<h4>LE RECENSIONE DEGLI UTENTI<\/h4>\n<p><strong>Joshua &#8220;Software fantastico con una curva di apprendimento un po&#8217; lunga&#8221;<\/strong><br \/>\nHo lavorato nel teatro non-profit per oltre 15 anni e ho utilizzato diversi sistemi. Utilizzo Tessitura da oltre 10 anni e non ho alcuna intenzione di tornare indietro.<br \/>\n<strong>Pro<\/strong>: Tessitura \u00e8 progettato specificamente per le organizzazioni artistiche non profit e lavora costantemente per soddisfare le loro specifiche esigenze. Offre un&#8217;eccellente flessibilit\u00e0 e pu\u00f2 essere adattato a un&#8217;ampia gamma di requisiti operativi. Inoltre, svolge un ottimo lavoro nel consolidare i dati in un unico luogo, per facilitarne l&#8217;estrazione e l&#8217;analisi.<br \/>\n<strong>Contro<\/strong>: a causa della libert\u00e0 e della flessibilit\u00e0 offerte, il sistema \u00e8 meno &#8220;user friendly&#8221; rispetto ad altri sistemi. La curva di apprendimento per i nuovi utenti \u00e8 piuttosto ripida.<\/p>\n<p><strong>Matt &#8220;Tessitura &#8211; Abbastanza buono&#8221;<\/strong><br \/>\nNel complesso, Tessitura ha soddisfatto circa l&#8217;80% delle mie esigenze giornaliere di biglietteria. Questa percentuale \u00e8 comunque superiore a quella di altri software di biglietteria teatrale, ma non sufficiente a giustificarne l&#8217;elevato costo.<br \/>\n<strong>Pro<\/strong>: Tessitura \u00e8 un software di biglietteria decente e, avendo lavorato con molti altri programmi di biglietteria teatrale, potrebbe essere il migliore. Tuttavia, questo \u00e8 un elogio debole.<br \/>\n<strong>Contro<\/strong>: i costi sono molto elevati e proibitivi per i locali pi\u00f9 piccoli. I locali pi\u00f9 grandi e\/o i teatri con grandi donatori saranno molto probabilmente gli unici in grado di permettersi Tessutura.<\/p>\n<p><strong>Mark &#8220;Software flessibile e completo che pu\u00f2 fare quasi tutto se ci si impegna nella configurazione e nel lavoro richiesti.&#8221;<\/strong><br \/>\n<strong>Pro<\/strong>: Tessitura si \u00e8 dimostrata flessibile e ha rappresentato la soluzione di cui avevamo bisogno al momento dell&#8217;implementazione per gestire le nostre complesse esigenze di ammissione, iscrizione e raccolta fondi. Il supporto \u00e8 sempre disponibile e in genere risponde rapidamente. Adoro avere tutti i dati in un unico posto.<br \/>\n<strong>Contro<\/strong>: il prodotto \u00e8 molto complesso e molti utenti ne sono scoraggiati. Tessitura \u00e8 sulla strada giusta, ma \u00e8 un po&#8217; lenta nell&#8217;aggiornare le tecnologie per adeguarsi alla concorrenza. Ho la sensazione di dedicare molto tempo a difendere il software e le sue funzionalit\u00e0 agli occhi dei nostri utenti finali meno esperti. Il costo non \u00e8 irrisorio, ma per noi ne \u00e8 valsa la pena.<\/p>\n","protected":false},"excerpt":{"rendered":"<p>Tessitura aiuta le organizzazioni artistiche e culturali ad aumentare i ricavi, consolidare le relazioni e semplificare le operazioni riunendo CRM, biglietteria, raccolta fondi, marketing, abbonamenti e ingressi in un&#8217;unica potente piattaforma. Grazie a un unico database, i team dedicano meno tempo alla riconciliazione dei dati e pi\u00f9 tempo ad agire su di essi, che si tratti di migliorare le conversioni, aumentare la fidelizzazione dei donatori o personalizzare l&#8217;outreach.<\/p>\n","protected":false},"author":19,"featured_media":107300,"parent":5966,"menu_order":0,"comment_status":"open","ping_status":"closed","template":"g1_template_page_review_new.php","meta":{"_acf_changed":false,"cwp_meta_box_check":"Yes","cwp_rev_product_name":"","cwp_rev_product_image":"","wppr_links":[],"cwp_rev_price":"0.00","wppr_options":[{"name":"Usability","value":"0"},{"name":"Speed","value":"0"},{"name":"Features","value":"0"},{"name":"Support","value":"0"},{"name":"Pricing","value":"0"}],"wppr_pros":["","","","",""],"wppr_cons":["","","","",""],"_monsterinsights_skip_tracking":false,"_monsterinsights_sitenote_active":false,"_monsterinsights_sitenote_note":"","_monsterinsights_sitenote_category":0,"footnotes":""},"categories":[120],"tags":[1835,4080,427,1837,1239,16999],"features":[],"class_list":{"0":"post-107299","1":"page","2":"type-page","3":"status-publish","4":"has-post-thumbnail","6":"category-crm-it","7":"tag-crm-2-it","8":"tag-piattaforma-crm","9":"tag-programma-crm","10":"tag-software-crm-2-it","11":"tag-soluzione-crm","12":"tag-tessitura"},"wppr_data":{"cwp_meta_box_check":"Yes","_wppr_review_template":"default","cwp_rev_product_image":"","cwp_image_link":"image","wppr_links":[],"cwp_rev_price":"0.00","wppr_pros":["","","","",""],"wppr_cons":["","","","",""],"wppr_rating":"0.00","wppr_options":{"1":{"name":"Usability","value":"0"},"2":{"name":"Speed","value":"0"},"3":{"name":"Features","value":"0"},"4":{"name":"Support","value":"0"},"5":{"name":"Pricing","value":"0"}},"wppr_review_type":"Product","wppr_review_custom_fields":{"additionalProperty":"","additionalType":"","aggregateRating":"","alternateName":"","audience":"","award":"","awards":"","brand":"","color":"","depth":"","description":"","disambiguatingDescription":"","gtin12":"","gtin13":"","gtin14":"","gtin8":"","height":"","identifier":"","image":"","isAccessoryOrSparePartFor":"","isConsumableFor":"","isRelatedTo":"","isSimilarTo":"","itemCondition":"","logo":"","mainEntityOfPage":"","manufacturer":"","material":"","model":"","mpn":"","name":"","offers":"","potentialAction":"","productID":"","productionDate":"","purchaseDate":"","releaseDate":"","review":"","reviews":"","sameAs":"","sku":"","slogan":"","subjectOf":"","url":"","weight":"","width":""}},"acf":[],"yoast_head":"<!-- This site is optimized with the Yoast SEO plugin v26.0 - https:\/\/yoast.com\/wordpress\/plugins\/seo\/ -->\n<title>Tessitura: recensione software CRM - Accurate Reviews<\/title>\n<meta name=\"description\" content=\"Tessitura: recensione soluzione CRM che aiuta le organizzazioni ad aumentare i ricavi, consolidare le relazioni e semplificare le operazioni.\" \/>\n<meta name=\"robots\" content=\"index, follow, max-snippet:-1, max-image-preview:large, max-video-preview:-1\" \/>\n<link rel=\"canonical\" href=\"https:\/\/www.accuratereviews.com\/it\/crm-software-migliori-lista\/tessitura-recensione\/\" \/>\n<meta property=\"og:locale\" content=\"it_IT\" \/>\n<meta property=\"og:type\" content=\"article\" \/>\n<meta property=\"og:title\" content=\"Tessitura: recensione software CRM - Accurate Reviews\" \/>\n<meta property=\"og:description\" content=\"Tessitura: recensione soluzione CRM che aiuta le organizzazioni ad aumentare i ricavi, consolidare le relazioni e semplificare le operazioni.\" \/>\n<meta property=\"og:url\" content=\"https:\/\/www.accuratereviews.com\/it\/crm-software-migliori-lista\/tessitura-recensione\/\" \/>\n<meta property=\"og:site_name\" content=\"Accurate Reviews\" \/>\n<meta property=\"og:image\" content=\"https:\/\/www.accuratereviews.com\/wp-content\/uploads\/2026\/03\/tessitura.png\" \/>\n\t<meta property=\"og:image:width\" content=\"600\" \/>\n\t<meta property=\"og:image:height\" content=\"315\" \/>\n\t<meta property=\"og:image:type\" content=\"image\/png\" \/>\n<meta name=\"twitter:card\" content=\"summary_large_image\" \/>\n<meta name=\"twitter:label1\" content=\"Tempo di lettura stimato\" \/>\n\t<meta name=\"twitter:data1\" content=\"6 minuti\" \/>\n<script type=\"application\/ld+json\" class=\"yoast-schema-graph\">{\"@context\":\"https:\/\/schema.org\",\"@graph\":[{\"@type\":\"WebPage\",\"@id\":\"https:\/\/www.accuratereviews.com\/it\/crm-software-migliori-lista\/tessitura-recensione\/\",\"url\":\"https:\/\/www.accuratereviews.com\/it\/crm-software-migliori-lista\/tessitura-recensione\/\",\"name\":\"Tessitura: recensione software CRM - Accurate Reviews\",\"isPartOf\":{\"@id\":\"https:\/\/www.accuratereviews.com\/it\/#website\"},\"primaryImageOfPage\":{\"@id\":\"https:\/\/www.accuratereviews.com\/it\/crm-software-migliori-lista\/tessitura-recensione\/#primaryimage\"},\"image\":{\"@id\":\"https:\/\/www.accuratereviews.com\/it\/crm-software-migliori-lista\/tessitura-recensione\/#primaryimage\"},\"thumbnailUrl\":\"https:\/\/www.accuratereviews.com\/wp-content\/uploads\/2026\/03\/tessitura.png\",\"datePublished\":\"2026-04-14T11:23:34+00:00\",\"description\":\"Tessitura: recensione soluzione CRM che aiuta le organizzazioni ad aumentare i ricavi, consolidare le relazioni e semplificare le operazioni.\",\"breadcrumb\":{\"@id\":\"https:\/\/www.accuratereviews.com\/it\/crm-software-migliori-lista\/tessitura-recensione\/#breadcrumb\"},\"inLanguage\":\"it-IT\",\"potentialAction\":[{\"@type\":\"ReadAction\",\"target\":[\"https:\/\/www.accuratereviews.com\/it\/crm-software-migliori-lista\/tessitura-recensione\/\"]}]},{\"@type\":\"ImageObject\",\"inLanguage\":\"it-IT\",\"@id\":\"https:\/\/www.accuratereviews.com\/it\/crm-software-migliori-lista\/tessitura-recensione\/#primaryimage\",\"url\":\"https:\/\/www.accuratereviews.com\/wp-content\/uploads\/2026\/03\/tessitura.png\",\"contentUrl\":\"https:\/\/www.accuratereviews.com\/wp-content\/uploads\/2026\/03\/tessitura.png\",\"width\":600,\"height\":315},{\"@type\":\"BreadcrumbList\",\"@id\":\"https:\/\/www.accuratereviews.com\/it\/crm-software-migliori-lista\/tessitura-recensione\/#breadcrumb\",\"itemListElement\":[{\"@type\":\"ListItem\",\"position\":1,\"name\":\"Home\",\"item\":\"https:\/\/www.accuratereviews.com\/it\/\"},{\"@type\":\"ListItem\",\"position\":2,\"name\":\"CRM: i software migliori\",\"item\":\"https:\/\/www.accuratereviews.com\/it\/crm-software-migliori-lista\/\"},{\"@type\":\"ListItem\",\"position\":3,\"name\":\"Tessitura\"}]},{\"@type\":\"WebSite\",\"@id\":\"https:\/\/www.accuratereviews.com\/it\/#website\",\"url\":\"https:\/\/www.accuratereviews.com\/it\/\",\"name\":\"Accurate Reviews\",\"description\":\"\",\"potentialAction\":[{\"@type\":\"SearchAction\",\"target\":{\"@type\":\"EntryPoint\",\"urlTemplate\":\"https:\/\/www.accuratereviews.com\/it\/?s={search_term_string}\"},\"query-input\":{\"@type\":\"PropertyValueSpecification\",\"valueRequired\":true,\"valueName\":\"search_term_string\"}}],\"inLanguage\":\"it-IT\"}]}<\/script>\n<!-- \/ Yoast SEO plugin. -->","yoast_head_json":{"title":"Tessitura: recensione software CRM - Accurate Reviews","description":"Tessitura: recensione soluzione CRM che aiuta le organizzazioni ad aumentare i ricavi, consolidare le relazioni e semplificare le operazioni.","robots":{"index":"index","follow":"follow","max-snippet":"max-snippet:-1","max-image-preview":"max-image-preview:large","max-video-preview":"max-video-preview:-1"},"canonical":"https:\/\/www.accuratereviews.com\/it\/crm-software-migliori-lista\/tessitura-recensione\/","og_locale":"it_IT","og_type":"article","og_title":"Tessitura: recensione software CRM - Accurate Reviews","og_description":"Tessitura: recensione soluzione CRM che aiuta le organizzazioni ad aumentare i ricavi, consolidare le relazioni e semplificare le operazioni.","og_url":"https:\/\/www.accuratereviews.com\/it\/crm-software-migliori-lista\/tessitura-recensione\/","og_site_name":"Accurate Reviews","og_image":[{"width":600,"height":315,"url":"https:\/\/www.accuratereviews.com\/wp-content\/uploads\/2026\/03\/tessitura.png","type":"image\/png"}],"twitter_card":"summary_large_image","twitter_misc":{"Tempo di lettura stimato":"6 minuti"},"schema":{"@context":"https:\/\/schema.org","@graph":[{"@type":"WebPage","@id":"https:\/\/www.accuratereviews.com\/it\/crm-software-migliori-lista\/tessitura-recensione\/","url":"https:\/\/www.accuratereviews.com\/it\/crm-software-migliori-lista\/tessitura-recensione\/","name":"Tessitura: recensione software CRM - Accurate Reviews","isPartOf":{"@id":"https:\/\/www.accuratereviews.com\/it\/#website"},"primaryImageOfPage":{"@id":"https:\/\/www.accuratereviews.com\/it\/crm-software-migliori-lista\/tessitura-recensione\/#primaryimage"},"image":{"@id":"https:\/\/www.accuratereviews.com\/it\/crm-software-migliori-lista\/tessitura-recensione\/#primaryimage"},"thumbnailUrl":"https:\/\/www.accuratereviews.com\/wp-content\/uploads\/2026\/03\/tessitura.png","datePublished":"2026-04-14T11:23:34+00:00","description":"Tessitura: recensione soluzione CRM che aiuta le organizzazioni ad aumentare i ricavi, consolidare le relazioni e semplificare le operazioni.","breadcrumb":{"@id":"https:\/\/www.accuratereviews.com\/it\/crm-software-migliori-lista\/tessitura-recensione\/#breadcrumb"},"inLanguage":"it-IT","potentialAction":[{"@type":"ReadAction","target":["https:\/\/www.accuratereviews.com\/it\/crm-software-migliori-lista\/tessitura-recensione\/"]}]},{"@type":"ImageObject","inLanguage":"it-IT","@id":"https:\/\/www.accuratereviews.com\/it\/crm-software-migliori-lista\/tessitura-recensione\/#primaryimage","url":"https:\/\/www.accuratereviews.com\/wp-content\/uploads\/2026\/03\/tessitura.png","contentUrl":"https:\/\/www.accuratereviews.com\/wp-content\/uploads\/2026\/03\/tessitura.png","width":600,"height":315},{"@type":"BreadcrumbList","@id":"https:\/\/www.accuratereviews.com\/it\/crm-software-migliori-lista\/tessitura-recensione\/#breadcrumb","itemListElement":[{"@type":"ListItem","position":1,"name":"Home","item":"https:\/\/www.accuratereviews.com\/it\/"},{"@type":"ListItem","position":2,"name":"CRM: i software migliori","item":"https:\/\/www.accuratereviews.com\/it\/crm-software-migliori-lista\/"},{"@type":"ListItem","position":3,"name":"Tessitura"}]},{"@type":"WebSite","@id":"https:\/\/www.accuratereviews.com\/it\/#website","url":"https:\/\/www.accuratereviews.com\/it\/","name":"Accurate Reviews","description":"","potentialAction":[{"@type":"SearchAction","target":{"@type":"EntryPoint","urlTemplate":"https:\/\/www.accuratereviews.com\/it\/?s={search_term_string}"},"query-input":{"@type":"PropertyValueSpecification","valueRequired":true,"valueName":"search_term_string"}}],"inLanguage":"it-IT"}]}},"_links":{"self":[{"href":"https:\/\/www.accuratereviews.com\/it\/wp-json\/wp\/v2\/pages\/107299","targetHints":{"allow":["GET"]}}],"collection":[{"href":"https:\/\/www.accuratereviews.com\/it\/wp-json\/wp\/v2\/pages"}],"about":[{"href":"https:\/\/www.accuratereviews.com\/it\/wp-json\/wp\/v2\/types\/page"}],"author":[{"embeddable":true,"href":"https:\/\/www.accuratereviews.com\/it\/wp-json\/wp\/v2\/users\/19"}],"replies":[{"embeddable":true,"href":"https:\/\/www.accuratereviews.com\/it\/wp-json\/wp\/v2\/comments?post=107299"}],"version-history":[{"count":7,"href":"https:\/\/www.accuratereviews.com\/it\/wp-json\/wp\/v2\/pages\/107299\/revisions"}],"predecessor-version":[{"id":107540,"href":"https:\/\/www.accuratereviews.com\/it\/wp-json\/wp\/v2\/pages\/107299\/revisions\/107540"}],"up":[{"embeddable":true,"href":"https:\/\/www.accuratereviews.com\/it\/wp-json\/wp\/v2\/pages\/5966"}],"wp:featuredmedia":[{"embeddable":true,"href":"https:\/\/www.accuratereviews.com\/it\/wp-json\/wp\/v2\/media\/107300"}],"wp:attachment":[{"href":"https:\/\/www.accuratereviews.com\/it\/wp-json\/wp\/v2\/media?parent=107299"}],"wp:term":[{"taxonomy":"category","embeddable":true,"href":"https:\/\/www.accuratereviews.com\/it\/wp-json\/wp\/v2\/categories?post=107299"},{"taxonomy":"post_tag","embeddable":true,"href":"https:\/\/www.accuratereviews.com\/it\/wp-json\/wp\/v2\/tags?post=107299"},{"taxonomy":"features","embeddable":true,"href":"https:\/\/www.accuratereviews.com\/it\/wp-json\/wp\/v2\/features?post=107299"}],"curies":[{"name":"wp","href":"https:\/\/api.w.org\/{rel}","templated":true}]}}