{"id":107386,"date":"2026-03-04T17:14:33","date_gmt":"2026-03-04T17:14:33","guid":{"rendered":"https:\/\/www.accuratereviews.com\/?page_id=107386"},"modified":"2026-03-05T11:14:51","modified_gmt":"2026-03-05T11:14:51","slug":"connect-crm-recensione","status":"publish","type":"page","link":"https:\/\/www.accuratereviews.com\/it\/crm-software-migliori-lista\/connect-crm-recensione\/","title":{"rendered":"Connect CRM"},"content":{"rendered":"<p><strong>Connect CRM<\/strong> \u00e8 un sistema di gestione delle relazioni con i clienti basato su <strong>cloud<\/strong>. Aiuta le concessionarie a elaborare e coltivare efficacemente i lead integrando sistemi, processi e strumenti per offrire una <strong>visione unificata del cliente<\/strong> in tutta la concessionaria. Offre anche il pieno controllo sulla gestione dei lead, con processi completamente flessibili e personalizzabili, modificabili in qualsiasi momento dagli utenti autorizzati. Questi processi personalizzabili, insieme alle funzionalit\u00e0 aziendali che consentono visualizzazioni dashboard multi-store, rendono <strong>Connect CRM<\/strong> adatto a concessionarie di qualsiasi dimensione e struttura.<br \/>\nInoltre, <strong>Connect CRM <\/strong>permette di avere\u00a0una<strong> comunicazione tracciabile e multicanale<\/strong> tra venditori e clienti, con opzioni di soluzioni per l&#8217;email marketing, gli sms e il monitoraggio delle chiamate, tutte disponibili nella visualizzazione desktop o nell&#8217;app mobile.<\/p>\n<h2>CONNECT CRM &#8211; TUTORIAL<\/h2>\n<div id=\"fluid-wrapper-counter-1\" class=\"g1-fluid-wrapper \" style=\"width:686px;\">\n<div style=\"padding-bottom:56.268221574344%;\"><iframe loading=\"lazy\" title=\"Better Data. Better Leads. Better Deals.\" width=\"686\" height=\"386\" src=\"https:\/\/www.youtube.com\/embed\/2UfQuF8ijvc?feature=oembed&amp;wmode=transparent&amp;autohide=1&amp;autoplay=0&amp;disablekb=0&amp;fs=1&amp;loop=0&amp;enablejsapi=1&amp;rel=0&amp;controls=2&amp;showinfo=0&amp;wmode=transparent&amp;autohide=2&amp;autoplay=0&amp;disablekb=0&amp;fs=1&amp;loop=0&amp;enablejsapi=1&amp;rel=0&amp;controls=2&amp;showinfo=1\" frameborder=\"0\" allow=\"accelerometer; autoplay; clipboard-write; encrypted-media; gyroscope; picture-in-picture; web-share\" referrerpolicy=\"strict-origin-when-cross-origin\" allowfullscreen><\/iframe><\/div>\n<\/div>\n<h3>CONNECT CRM &#8211; CARATTERISTICHE<\/h3>\n<ul>\n<li><strong>Processi automatizzati<\/strong>: automatizza i follow-up con clienti e lead recenti, assegna attivit\u00e0 al personale di vendita per comunicazioni mirate tramite email e modelli di testo.<\/li>\n<li><strong>Gestione delle prestazioni<\/strong>: massimizza il tuo investimento in CRM per il settore automobilistico con la guida di professionisti esperti e dedicati nella gestione delle prestazioni.<\/li>\n<li><strong>Dashboard e report:<\/strong> monitora le metriche che contano e concludi pi\u00f9 trattative con i giusti parametri di riferimento, obiettivi e approfondimenti emersi dal tuo CRM.<\/li>\n<li><strong>App Mobile<\/strong>: gestisci la trattativa e rispondi ai clienti da qualsiasi dispositivo, ovunque, per offrire un&#8217;esperienza di acquisto continua.<\/li>\n<li><strong>Gestione dell&#8217;inventario:<\/strong> amministra l&#8217;inventario della tua concessionaria senza sforzo: aggiorna dati, foto e dettagli sul web da un&#8217;unica posizione centrale.<\/li>\n<li><strong>Manutenzione automatizzata del database:<\/strong> elimina automaticamente i dati non aggiornati adeguando i record dei clienti con le informazioni di contatto aggiornate e riconciliando i dati duplicati.<\/li>\n<li><strong>Registro cliente unico<\/strong>: sincronizza e unisci i dati dei clienti in tempo reale tra i reparti vendite e assistenza tramite una logica intelligente di abbinamento e unione per creare una vista unificata di ogni cliente.<\/li>\n<\/ul>\n<h4>LE RECENSIONI DEGLI UTENTI<\/h4>\n<p><strong>Michaela &#8220;Secondo noi \u00e8 il migliore&#8221;<\/strong><br \/>\n\u00c8 uno di quei sistemi di cui non so come l&#8217;industria abbia mai potuto fare a meno. Fondamentale per le nostre operazioni quotidiane.<br \/>\n<strong>Pro<\/strong>: lo strumento contiene pi\u00f9 informazioni di quante tu possa mai aver bisogno. Cos\u00ec tante da risultare opprimente. Abbastanza facile da usare una volta imparato, ed \u00e8 molto utile per aiutare il nostro staff a tenere il passo con lead e clienti.<br \/>\n<strong>Contro<\/strong>: poich\u00e9 le informazioni sono cos\u00ec tante, imparare pu\u00f2 essere complicato. Lo uso da molti anni e ogni giorno scopro cose nuove, report e modi di fare le cose.<\/p>\n<p><strong>Rachelle Anne &#8220;Recensione di Connect CRM&#8221;<\/strong><br \/>\n<strong>Pro<\/strong>: il nostro team leader ha migliorato i nostri servizi grazie a questo strumento. Ci aiuta a raccogliere pi\u00f9 rapidamente i feedback dei nostri clienti, aiutandoci a migliorare il nostro servizio clienti.<br \/>\n<strong>Contro<\/strong>: Non ho riscontrato alcun problema durante l&#8217;utilizzo di questo software.<\/p>\n<p><strong>Cristian &#8220;Il miglior CRM mai visto&#8221;<\/strong><br \/>\nsono soddisfatto al 100% con loro da anni e continuer\u00f2 ad esserlo<br \/>\n<strong>Pro<\/strong>: facile da usare, tantissime funzionalit\u00e0 personalizzabili e ottimi suggerimenti per il personale di vendita per aiutarli a continuare un dialogo con i potenziali clienti<br \/>\n<strong>Contro<\/strong>: ci sono molte caratteristiche che non sfruttiamo poich\u00e8 siamo una concessionaria piccola<\/p>\n","protected":false},"excerpt":{"rendered":"<p>Connect CRM \u00e8 un sistema di gestione delle relazioni con i clienti basato su cloud. Aiuta le concessionarie a elaborare e coltivare efficacemente i lead integrando sistemi, processi e strumenti per offrire una visione unificata del cliente in tutta la concessionaria. Offre \u00a0il pieno controllo sulla gestione dei lead, con processi completamente flessibili e personalizzabili, modificabili in qualsiasi momento dagli utenti autorizzati.<\/p>\n","protected":false},"author":19,"featured_media":107388,"parent":5966,"menu_order":0,"comment_status":"open","ping_status":"closed","template":"g1_template_page_review_new.php","meta":{"_acf_changed":false,"cwp_meta_box_check":"Yes","cwp_rev_product_name":"","cwp_rev_product_image":"","wppr_links":[],"cwp_rev_price":"0.00","wppr_options":[{"name":"Usability","value":"0"},{"name":"Speed","value":"0"},{"name":"Features","value":"0"},{"name":"Support","value":"0"},{"name":"Pricing","value":"0"}],"wppr_pros":["","","","",""],"wppr_cons":["","","","",""],"_monsterinsights_skip_tracking":false,"_monsterinsights_sitenote_active":false,"_monsterinsights_sitenote_note":"","_monsterinsights_sitenote_category":0,"footnotes":""},"categories":[120],"tags":[17025,1835,4080,427,1837,1239],"features":[],"class_list":{"0":"post-107386","1":"page","2":"type-page","3":"status-publish","4":"has-post-thumbnail","6":"category-crm-it","7":"tag-connect-crm","8":"tag-crm-2-it","9":"tag-piattaforma-crm","10":"tag-programma-crm","11":"tag-software-crm-2-it","12":"tag-soluzione-crm"},"wppr_data":{"cwp_meta_box_check":"Yes","_wppr_review_template":"default","cwp_rev_product_image":"","cwp_image_link":"image","wppr_links":[],"cwp_rev_price":"0.00","wppr_pros":["","","","",""],"wppr_cons":["","","","",""],"wppr_rating":"0.00","wppr_options":{"1":{"name":"Usability","value":"0"},"2":{"name":"Speed","value":"0"},"3":{"name":"Features","value":"0"},"4":{"name":"Support","value":"0"},"5":{"name":"Pricing","value":"0"}},"wppr_review_type":"Product","wppr_review_custom_fields":{"additionalProperty":"","additionalType":"","aggregateRating":"","alternateName":"","audience":"","award":"","awards":"","brand":"","color":"","depth":"","description":"","disambiguatingDescription":"","gtin12":"","gtin13":"","gtin14":"","gtin8":"","height":"","identifier":"","image":"","isAccessoryOrSparePartFor":"","isConsumableFor":"","isRelatedTo":"","isSimilarTo":"","itemCondition":"","logo":"","mainEntityOfPage":"","manufacturer":"","material":"","model":"","mpn":"","name":"","offers":"","potentialAction":"","productID":"","productionDate":"","purchaseDate":"","releaseDate":"","review":"","reviews":"","sameAs":"","sku":"","slogan":"","subjectOf":"","url":"","weight":"","width":""}},"acf":[],"yoast_head":"<!-- This site is optimized with the Yoast SEO plugin v27.4 - https:\/\/yoast.com\/product\/yoast-seo-wordpress\/ -->\n<title>Connect CRM: recensione software CRM - Accurate Reviews<\/title>\n<meta name=\"description\" content=\"Connect CRM: recensione sistema di gestione delle relazioni con i clienti basato su cloud che aiuta a elaborare e coltivare i lead.\" \/>\n<meta name=\"robots\" content=\"index, follow, max-snippet:-1, max-image-preview:large, max-video-preview:-1\" \/>\n<link rel=\"canonical\" href=\"https:\/\/www.accuratereviews.com\/it\/crm-software-migliori-lista\/connect-crm-recensione\/\" \/>\n<meta property=\"og:locale\" content=\"it_IT\" \/>\n<meta property=\"og:type\" content=\"article\" \/>\n<meta property=\"og:title\" content=\"Connect CRM: recensione software CRM - Accurate Reviews\" \/>\n<meta property=\"og:description\" content=\"Connect CRM: recensione sistema di gestione delle relazioni con i clienti basato su cloud che aiuta a elaborare e coltivare i lead.\" \/>\n<meta property=\"og:url\" content=\"https:\/\/www.accuratereviews.com\/it\/crm-software-migliori-lista\/connect-crm-recensione\/\" \/>\n<meta property=\"og:site_name\" content=\"Accurate Reviews\" \/>\n<meta property=\"article:modified_time\" content=\"2026-03-05T11:14:51+00:00\" \/>\n<meta property=\"og:image\" content=\"https:\/\/www.accuratereviews.com\/wp-content\/uploads\/2026\/03\/VinSolutions-Connect-CRM.jpg\" \/>\n\t<meta property=\"og:image:width\" content=\"200\" \/>\n\t<meta property=\"og:image:height\" content=\"200\" \/>\n\t<meta property=\"og:image:type\" content=\"image\/jpeg\" \/>\n<meta name=\"twitter:card\" content=\"summary_large_image\" \/>\n<meta name=\"twitter:label1\" content=\"Tempo di lettura stimato\" \/>\n\t<meta name=\"twitter:data1\" content=\"4 minuti\" \/>\n<script type=\"application\/ld+json\" class=\"yoast-schema-graph\">{\"@context\":\"https:\\\/\\\/schema.org\",\"@graph\":[{\"@type\":\"WebPage\",\"@id\":\"https:\\\/\\\/www.accuratereviews.com\\\/it\\\/crm-software-migliori-lista\\\/connect-crm-recensione\\\/\",\"url\":\"https:\\\/\\\/www.accuratereviews.com\\\/it\\\/crm-software-migliori-lista\\\/connect-crm-recensione\\\/\",\"name\":\"Connect CRM: recensione software CRM - Accurate Reviews\",\"isPartOf\":{\"@id\":\"https:\\\/\\\/www.accuratereviews.com\\\/it\\\/#website\"},\"primaryImageOfPage\":{\"@id\":\"https:\\\/\\\/www.accuratereviews.com\\\/it\\\/crm-software-migliori-lista\\\/connect-crm-recensione\\\/#primaryimage\"},\"image\":{\"@id\":\"https:\\\/\\\/www.accuratereviews.com\\\/it\\\/crm-software-migliori-lista\\\/connect-crm-recensione\\\/#primaryimage\"},\"thumbnailUrl\":\"https:\\\/\\\/www.accuratereviews.com\\\/wp-content\\\/uploads\\\/2026\\\/03\\\/VinSolutions-Connect-CRM.jpg\",\"datePublished\":\"2026-03-04T17:14:33+00:00\",\"dateModified\":\"2026-03-05T11:14:51+00:00\",\"description\":\"Connect CRM: recensione sistema di gestione delle relazioni con i clienti basato su cloud che aiuta a elaborare e coltivare i lead.\",\"breadcrumb\":{\"@id\":\"https:\\\/\\\/www.accuratereviews.com\\\/it\\\/crm-software-migliori-lista\\\/connect-crm-recensione\\\/#breadcrumb\"},\"inLanguage\":\"it-IT\",\"potentialAction\":[{\"@type\":\"ReadAction\",\"target\":[\"https:\\\/\\\/www.accuratereviews.com\\\/it\\\/crm-software-migliori-lista\\\/connect-crm-recensione\\\/\"]}]},{\"@type\":\"ImageObject\",\"inLanguage\":\"it-IT\",\"@id\":\"https:\\\/\\\/www.accuratereviews.com\\\/it\\\/crm-software-migliori-lista\\\/connect-crm-recensione\\\/#primaryimage\",\"url\":\"https:\\\/\\\/www.accuratereviews.com\\\/wp-content\\\/uploads\\\/2026\\\/03\\\/VinSolutions-Connect-CRM.jpg\",\"contentUrl\":\"https:\\\/\\\/www.accuratereviews.com\\\/wp-content\\\/uploads\\\/2026\\\/03\\\/VinSolutions-Connect-CRM.jpg\",\"width\":200,\"height\":200},{\"@type\":\"BreadcrumbList\",\"@id\":\"https:\\\/\\\/www.accuratereviews.com\\\/it\\\/crm-software-migliori-lista\\\/connect-crm-recensione\\\/#breadcrumb\",\"itemListElement\":[{\"@type\":\"ListItem\",\"position\":1,\"name\":\"Home\",\"item\":\"https:\\\/\\\/www.accuratereviews.com\\\/it\\\/\"},{\"@type\":\"ListItem\",\"position\":2,\"name\":\"CRM: i software migliori\",\"item\":\"https:\\\/\\\/www.accuratereviews.com\\\/it\\\/crm-software-migliori-lista\\\/\"},{\"@type\":\"ListItem\",\"position\":3,\"name\":\"Connect CRM\"}]},{\"@type\":\"WebSite\",\"@id\":\"https:\\\/\\\/www.accuratereviews.com\\\/it\\\/#website\",\"url\":\"https:\\\/\\\/www.accuratereviews.com\\\/it\\\/\",\"name\":\"Accurate Reviews\",\"description\":\"\",\"potentialAction\":[{\"@type\":\"SearchAction\",\"target\":{\"@type\":\"EntryPoint\",\"urlTemplate\":\"https:\\\/\\\/www.accuratereviews.com\\\/it\\\/?s={search_term_string}\"},\"query-input\":{\"@type\":\"PropertyValueSpecification\",\"valueRequired\":true,\"valueName\":\"search_term_string\"}}],\"inLanguage\":\"it-IT\"}]}<\/script>\n<!-- \/ Yoast SEO plugin. -->","yoast_head_json":{"title":"Connect CRM: recensione software CRM - Accurate Reviews","description":"Connect CRM: recensione sistema di gestione delle relazioni con i clienti basato su cloud che aiuta a elaborare e coltivare i lead.","robots":{"index":"index","follow":"follow","max-snippet":"max-snippet:-1","max-image-preview":"max-image-preview:large","max-video-preview":"max-video-preview:-1"},"canonical":"https:\/\/www.accuratereviews.com\/it\/crm-software-migliori-lista\/connect-crm-recensione\/","og_locale":"it_IT","og_type":"article","og_title":"Connect CRM: recensione software CRM - Accurate Reviews","og_description":"Connect CRM: recensione sistema di gestione delle relazioni con i clienti basato su cloud che aiuta a elaborare e coltivare i lead.","og_url":"https:\/\/www.accuratereviews.com\/it\/crm-software-migliori-lista\/connect-crm-recensione\/","og_site_name":"Accurate Reviews","article_modified_time":"2026-03-05T11:14:51+00:00","og_image":[{"width":200,"height":200,"url":"https:\/\/www.accuratereviews.com\/wp-content\/uploads\/2026\/03\/VinSolutions-Connect-CRM.jpg","type":"image\/jpeg"}],"twitter_card":"summary_large_image","twitter_misc":{"Tempo di lettura stimato":"4 minuti"},"schema":{"@context":"https:\/\/schema.org","@graph":[{"@type":"WebPage","@id":"https:\/\/www.accuratereviews.com\/it\/crm-software-migliori-lista\/connect-crm-recensione\/","url":"https:\/\/www.accuratereviews.com\/it\/crm-software-migliori-lista\/connect-crm-recensione\/","name":"Connect CRM: recensione software CRM - Accurate Reviews","isPartOf":{"@id":"https:\/\/www.accuratereviews.com\/it\/#website"},"primaryImageOfPage":{"@id":"https:\/\/www.accuratereviews.com\/it\/crm-software-migliori-lista\/connect-crm-recensione\/#primaryimage"},"image":{"@id":"https:\/\/www.accuratereviews.com\/it\/crm-software-migliori-lista\/connect-crm-recensione\/#primaryimage"},"thumbnailUrl":"https:\/\/www.accuratereviews.com\/wp-content\/uploads\/2026\/03\/VinSolutions-Connect-CRM.jpg","datePublished":"2026-03-04T17:14:33+00:00","dateModified":"2026-03-05T11:14:51+00:00","description":"Connect CRM: recensione sistema di gestione delle relazioni con i clienti basato su cloud che aiuta a elaborare e coltivare i lead.","breadcrumb":{"@id":"https:\/\/www.accuratereviews.com\/it\/crm-software-migliori-lista\/connect-crm-recensione\/#breadcrumb"},"inLanguage":"it-IT","potentialAction":[{"@type":"ReadAction","target":["https:\/\/www.accuratereviews.com\/it\/crm-software-migliori-lista\/connect-crm-recensione\/"]}]},{"@type":"ImageObject","inLanguage":"it-IT","@id":"https:\/\/www.accuratereviews.com\/it\/crm-software-migliori-lista\/connect-crm-recensione\/#primaryimage","url":"https:\/\/www.accuratereviews.com\/wp-content\/uploads\/2026\/03\/VinSolutions-Connect-CRM.jpg","contentUrl":"https:\/\/www.accuratereviews.com\/wp-content\/uploads\/2026\/03\/VinSolutions-Connect-CRM.jpg","width":200,"height":200},{"@type":"BreadcrumbList","@id":"https:\/\/www.accuratereviews.com\/it\/crm-software-migliori-lista\/connect-crm-recensione\/#breadcrumb","itemListElement":[{"@type":"ListItem","position":1,"name":"Home","item":"https:\/\/www.accuratereviews.com\/it\/"},{"@type":"ListItem","position":2,"name":"CRM: i software migliori","item":"https:\/\/www.accuratereviews.com\/it\/crm-software-migliori-lista\/"},{"@type":"ListItem","position":3,"name":"Connect CRM"}]},{"@type":"WebSite","@id":"https:\/\/www.accuratereviews.com\/it\/#website","url":"https:\/\/www.accuratereviews.com\/it\/","name":"Accurate Reviews","description":"","potentialAction":[{"@type":"SearchAction","target":{"@type":"EntryPoint","urlTemplate":"https:\/\/www.accuratereviews.com\/it\/?s={search_term_string}"},"query-input":{"@type":"PropertyValueSpecification","valueRequired":true,"valueName":"search_term_string"}}],"inLanguage":"it-IT"}]}},"_links":{"self":[{"href":"https:\/\/www.accuratereviews.com\/it\/wp-json\/wp\/v2\/pages\/107386","targetHints":{"allow":["GET"]}}],"collection":[{"href":"https:\/\/www.accuratereviews.com\/it\/wp-json\/wp\/v2\/pages"}],"about":[{"href":"https:\/\/www.accuratereviews.com\/it\/wp-json\/wp\/v2\/types\/page"}],"author":[{"embeddable":true,"href":"https:\/\/www.accuratereviews.com\/it\/wp-json\/wp\/v2\/users\/19"}],"replies":[{"embeddable":true,"href":"https:\/\/www.accuratereviews.com\/it\/wp-json\/wp\/v2\/comments?post=107386"}],"version-history":[{"count":8,"href":"https:\/\/www.accuratereviews.com\/it\/wp-json\/wp\/v2\/pages\/107386\/revisions"}],"predecessor-version":[{"id":107446,"href":"https:\/\/www.accuratereviews.com\/it\/wp-json\/wp\/v2\/pages\/107386\/revisions\/107446"}],"up":[{"embeddable":true,"href":"https:\/\/www.accuratereviews.com\/it\/wp-json\/wp\/v2\/pages\/5966"}],"wp:featuredmedia":[{"embeddable":true,"href":"https:\/\/www.accuratereviews.com\/it\/wp-json\/wp\/v2\/media\/107388"}],"wp:attachment":[{"href":"https:\/\/www.accuratereviews.com\/it\/wp-json\/wp\/v2\/media?parent=107386"}],"wp:term":[{"taxonomy":"category","embeddable":true,"href":"https:\/\/www.accuratereviews.com\/it\/wp-json\/wp\/v2\/categories?post=107386"},{"taxonomy":"post_tag","embeddable":true,"href":"https:\/\/www.accuratereviews.com\/it\/wp-json\/wp\/v2\/tags?post=107386"},{"taxonomy":"features","embeddable":true,"href":"https:\/\/www.accuratereviews.com\/it\/wp-json\/wp\/v2\/features?post=107386"}],"curies":[{"name":"wp","href":"https:\/\/api.w.org\/{rel}","templated":true}]}}