{"id":107501,"date":"2026-03-10T16:51:35","date_gmt":"2026-03-10T16:51:35","guid":{"rendered":"https:\/\/www.accuratereviews.com\/?page_id=107501"},"modified":"2026-03-11T10:47:23","modified_gmt":"2026-03-11T10:47:23","slug":"salesboom-cloud-crm-recensione","status":"publish","type":"page","link":"https:\/\/www.accuratereviews.com\/it\/crm-software-migliori-lista\/salesboom-cloud-crm-recensione\/","title":{"rendered":"Salesboom Cloud CRM"},"content":{"rendered":"<p><strong>Salesboom Cloud CRM<\/strong> \u00e8 un sistema di gestione delle<strong> relazioni con i clienti (CRM)<\/strong> basato su <strong>cloud<\/strong>. L&#8217;interfaccia utente del sistema \u00e8 stata progettata per una rapida adozione da parte dell&#8217;utente finale e la maggior parte delle funzioni \u00e8 accessibile con pochi clic. A ogni azienda che utilizza la piattaforma viene assegnato un consulente CRM personale. Il sistema \u00e8 offerto in tre livelli: Team, Professional ed Enterprise.<br \/>\nInclude funzionalit\u00e0 avanzate di <strong>email marketing di massa<\/strong> e funzioni di risposta automatica via email. La gestione di lead e contatti \u00e8 sempre inclusa e i team di assistenza clienti hanno accesso alla gestione di casi e incidenti, nonch\u00e9 alla gestione delle soluzioni. Potrai gestire le campagne marketing, creare preventivi e contratti, nonch\u00e9 la possibilit\u00e0 di creare una dashboard personalizzata per analisi e monitoraggio di Business Intelligence.<strong><br \/>\nSalesboom CRM<\/strong> offre un supporto completo, dall&#8217;avvio iniziale alla consulenza continua.<\/p>\n<h2>SALESBOOM CLOUD CRM &#8211; TUTORIAL<\/h2>\n<div id=\"fluid-wrapper-counter-1\" class=\"g1-fluid-wrapper \" style=\"width:686px;\">\n<div style=\"padding-bottom:56.268221574344%;\"><iframe loading=\"lazy\" title=\"Salesboom.com CRM Software Campaign Management\" width=\"515\" height=\"386\" src=\"https:\/\/www.youtube.com\/embed\/wKL8_zp2vMk?feature=oembed&amp;wmode=transparent&amp;autohide=1&amp;autoplay=0&amp;disablekb=0&amp;fs=1&amp;loop=0&amp;enablejsapi=1&amp;rel=0&amp;controls=2&amp;showinfo=0&amp;wmode=transparent&amp;autohide=2&amp;autoplay=0&amp;disablekb=0&amp;fs=1&amp;loop=0&amp;enablejsapi=1&amp;rel=0&amp;controls=2&amp;showinfo=1\" frameborder=\"0\" allow=\"accelerometer; autoplay; clipboard-write; encrypted-media; gyroscope; picture-in-picture; web-share\" referrerpolicy=\"strict-origin-when-cross-origin\" allowfullscreen><\/iframe><\/div>\n<\/div>\n<h3>SALESBOOM CLOUD CRM &#8211; CARATTERISTICHE<\/h3>\n<ul>\n<li>Flussi di lavoro personalizzati che si adattano perfettamente ai tuoi processi aziendali<\/li>\n<li>Configurazioni specifiche per il tuo settore<\/li>\n<li>Strutture dati flessibili che catturano le informazioni di cui hai effettivamente bisogno<\/li>\n<li>Report e dashboard personalizzati che mostrano le metriche che ti interessano<\/li>\n<li>Portali e interfacce clienti personalizzate che riflettono l&#8217;identit\u00e0 della tua azienda<\/li>\n<li>Integrazione con i tuoi strumenti e sistemi esistenti senza compromettere la funzionalit\u00e0<\/li>\n<li>Architettura scalabile che cresce con la tua azienda<\/li>\n<li>Team di servizi professionali dedicato per implementare la tua visione.<\/li>\n<\/ul>\n<h4>LE RECENSIONI DEGLI UTENTI<\/h4>\n<p><strong>Kim &#8220;Piattaforma CRM di valore&#8221;<\/strong><br \/>\nIl team di Salesboom ci ha aiutato a sviluppare quello che oggi consideriamo il nostro programma CRM primario. Ci hanno fornito una roadmap e una tempistica e hanno collaborato con noi non solo per implementare la nostra visione, ma anche per perfezionarla.<br \/>\n<strong>Pro<\/strong>: essere in grado di determinare quali informazioni ci servivano maggiormente e poi personalizzare un programma dati che le acquisisce, le integra, le traccia e ce le restituisce quando e come ne abbiamo bisogno ha reso Salesboom parte integrante del nostro piano aziendale.<br \/>\n<strong>Contro<\/strong>: un&#8217;eccellente integrazione con la personalizzazione ha il suo prezzo, e per Salesboom il prezzo \u00e8 l&#8217;acutezza visiva. Ci \u00e8 voluto del tempo per formare il personale su dove cliccare per sfruttare al meglio tutte le funzionalit\u00e0 del programma.<\/p>\n<p><strong>Angela &#8220;Piattaforma e azienda orientate al team&#8221;<\/strong><br \/>\nLa mia esperienza \u00e8 stata positiva e la capacit\u00e0 della mia organizzazione di organizzarsi \u00e8 notevolmente migliorata.<br \/>\n<strong>Pro<\/strong>: ci\u00f2 che apprezzo di pi\u00f9 \u00e8 il rapporto che le aziende hanno con il team di Salesboom, che consente un&#8217;innovazione continua. Il team di Salesboom \u00e8 reattivo alle nuove idee, le accoglie con entusiasmo e implementa rapidamente i cambiamenti.<br \/>\n<strong>Contro<\/strong>: vorrei migliorare il processo di importazione di massa in modo che sia pi\u00f9 intuitivo.<\/p>\n<p><strong>Ryan &#8220;Un inizio fantastico!&#8221;<\/strong><br \/>\n\u00c8 partito alla grande. Sono passati 2-3 mesi e siamo molto soddisfatti di come sta andando. L&#8217;implementazione e la formazione sono state semplificate.<br \/>\n<strong>Pro<\/strong>: \u00e8 facile da usare ed \u00e8 molto simile alle piattaforme CRM aziendali presenti sul mercato<br \/>\n<strong>Contro<\/strong>: lo usiamo solo da pochi mesi, ma finora ha soddisfatto tutte le nostre esigenze.<\/p>\n","protected":false},"excerpt":{"rendered":"<p>Salesboom Cloud CRM \u00e8 un sistema di gestione delle relazioni con i clienti (CRM) basato su cloud. L&#8217;interfaccia utente del sistema \u00e8 stata progettata per una rapida adozione da parte dell&#8217;utente finale e la maggior parte delle funzioni \u00e8 accessibile con pochi clic. A ogni azienda che utilizza la piattaforma viene assegnato un consulente CRM personale. Il sistema \u00e8 offerto in tre livelli: Team, Professional ed Enterprise.<\/p>\n","protected":false},"author":19,"featured_media":107502,"parent":5966,"menu_order":0,"comment_status":"open","ping_status":"closed","template":"g1_template_page_review_new.php","meta":{"_acf_changed":false,"cwp_meta_box_check":"Yes","cwp_rev_product_name":"","cwp_rev_product_image":"","wppr_links":[],"cwp_rev_price":"0.00","wppr_options":[{"name":"Usability","value":"0"},{"name":"Speed","value":"0"},{"name":"Features","value":"0"},{"name":"Support","value":"0"},{"name":"Pricing","value":"0"}],"wppr_pros":["","","","",""],"wppr_cons":["","","","",""],"_monsterinsights_skip_tracking":false,"_monsterinsights_sitenote_active":false,"_monsterinsights_sitenote_note":"","_monsterinsights_sitenote_category":0,"footnotes":""},"categories":[120],"tags":[1835,4080,427,17035,1837,1239],"features":[],"class_list":{"0":"post-107501","1":"page","2":"type-page","3":"status-publish","4":"has-post-thumbnail","6":"category-crm-it","7":"tag-crm-2-it","8":"tag-piattaforma-crm","9":"tag-programma-crm","10":"tag-salesboom-cloud-crm","11":"tag-software-crm-2-it","12":"tag-soluzione-crm"},"wppr_data":{"cwp_meta_box_check":"Yes","_wppr_review_template":"default","cwp_rev_product_image":"","cwp_image_link":"image","wppr_links":[],"cwp_rev_price":"0.00","wppr_pros":["","","","",""],"wppr_cons":["","","","",""],"wppr_rating":"0.00","wppr_options":{"1":{"name":"Usability","value":"0"},"2":{"name":"Speed","value":"0"},"3":{"name":"Features","value":"0"},"4":{"name":"Support","value":"0"},"5":{"name":"Pricing","value":"0"}},"wppr_review_type":"Product","wppr_review_custom_fields":{"additionalProperty":"","additionalType":"","aggregateRating":"","alternateName":"","audience":"","award":"","awards":"","brand":"","color":"","depth":"","description":"","disambiguatingDescription":"","gtin12":"","gtin13":"","gtin14":"","gtin8":"","height":"","identifier":"","image":"","isAccessoryOrSparePartFor":"","isConsumableFor":"","isRelatedTo":"","isSimilarTo":"","itemCondition":"","logo":"","mainEntityOfPage":"","manufacturer":"","material":"","model":"","mpn":"","name":"","offers":"","potentialAction":"","productID":"","productionDate":"","purchaseDate":"","releaseDate":"","review":"","reviews":"","sameAs":"","sku":"","slogan":"","subjectOf":"","url":"","weight":"","width":""}},"acf":[],"yoast_head":"<!-- This site is optimized with the Yoast SEO plugin v27.4 - https:\/\/yoast.com\/product\/yoast-seo-wordpress\/ -->\n<title>Salesboom Cloud CRM: recensione software CRM - Accurate Reviews<\/title>\n<meta name=\"description\" content=\"Salesboom Cloud CRM: recensione sistema di gestione delle relazioni con i clienti composto da tre pacchetti Team, Professional ed Enterprise.\" \/>\n<meta name=\"robots\" content=\"index, follow, max-snippet:-1, max-image-preview:large, max-video-preview:-1\" \/>\n<link rel=\"canonical\" href=\"https:\/\/www.accuratereviews.com\/it\/crm-software-migliori-lista\/salesboom-cloud-crm-recensione\/\" \/>\n<meta property=\"og:locale\" content=\"it_IT\" \/>\n<meta property=\"og:type\" content=\"article\" \/>\n<meta property=\"og:title\" content=\"Salesboom Cloud CRM: recensione software CRM - Accurate Reviews\" \/>\n<meta property=\"og:description\" content=\"Salesboom Cloud CRM: recensione sistema di gestione delle relazioni con i clienti composto da tre pacchetti Team, Professional ed Enterprise.\" \/>\n<meta property=\"og:url\" content=\"https:\/\/www.accuratereviews.com\/it\/crm-software-migliori-lista\/salesboom-cloud-crm-recensione\/\" \/>\n<meta property=\"og:site_name\" content=\"Accurate Reviews\" \/>\n<meta property=\"article:modified_time\" content=\"2026-03-11T10:47:23+00:00\" \/>\n<meta property=\"og:image\" content=\"https:\/\/www.accuratereviews.com\/wp-content\/uploads\/2026\/03\/Salesboom-CRM-Suite.png\" \/>\n\t<meta property=\"og:image:width\" content=\"250\" \/>\n\t<meta property=\"og:image:height\" content=\"250\" \/>\n\t<meta property=\"og:image:type\" content=\"image\/png\" \/>\n<meta name=\"twitter:card\" content=\"summary_large_image\" \/>\n<meta name=\"twitter:label1\" content=\"Tempo di lettura stimato\" \/>\n\t<meta name=\"twitter:data1\" content=\"4 minuti\" \/>\n<script type=\"application\/ld+json\" class=\"yoast-schema-graph\">{\"@context\":\"https:\\\/\\\/schema.org\",\"@graph\":[{\"@type\":\"WebPage\",\"@id\":\"https:\\\/\\\/www.accuratereviews.com\\\/it\\\/crm-software-migliori-lista\\\/salesboom-cloud-crm-recensione\\\/\",\"url\":\"https:\\\/\\\/www.accuratereviews.com\\\/it\\\/crm-software-migliori-lista\\\/salesboom-cloud-crm-recensione\\\/\",\"name\":\"Salesboom Cloud CRM: recensione software CRM - Accurate Reviews\",\"isPartOf\":{\"@id\":\"https:\\\/\\\/www.accuratereviews.com\\\/it\\\/#website\"},\"primaryImageOfPage\":{\"@id\":\"https:\\\/\\\/www.accuratereviews.com\\\/it\\\/crm-software-migliori-lista\\\/salesboom-cloud-crm-recensione\\\/#primaryimage\"},\"image\":{\"@id\":\"https:\\\/\\\/www.accuratereviews.com\\\/it\\\/crm-software-migliori-lista\\\/salesboom-cloud-crm-recensione\\\/#primaryimage\"},\"thumbnailUrl\":\"https:\\\/\\\/www.accuratereviews.com\\\/wp-content\\\/uploads\\\/2026\\\/03\\\/Salesboom-CRM-Suite.png\",\"datePublished\":\"2026-03-10T16:51:35+00:00\",\"dateModified\":\"2026-03-11T10:47:23+00:00\",\"description\":\"Salesboom Cloud CRM: recensione sistema di gestione delle relazioni con i clienti composto da tre pacchetti Team, Professional ed Enterprise.\",\"breadcrumb\":{\"@id\":\"https:\\\/\\\/www.accuratereviews.com\\\/it\\\/crm-software-migliori-lista\\\/salesboom-cloud-crm-recensione\\\/#breadcrumb\"},\"inLanguage\":\"it-IT\",\"potentialAction\":[{\"@type\":\"ReadAction\",\"target\":[\"https:\\\/\\\/www.accuratereviews.com\\\/it\\\/crm-software-migliori-lista\\\/salesboom-cloud-crm-recensione\\\/\"]}]},{\"@type\":\"ImageObject\",\"inLanguage\":\"it-IT\",\"@id\":\"https:\\\/\\\/www.accuratereviews.com\\\/it\\\/crm-software-migliori-lista\\\/salesboom-cloud-crm-recensione\\\/#primaryimage\",\"url\":\"https:\\\/\\\/www.accuratereviews.com\\\/wp-content\\\/uploads\\\/2026\\\/03\\\/Salesboom-CRM-Suite.png\",\"contentUrl\":\"https:\\\/\\\/www.accuratereviews.com\\\/wp-content\\\/uploads\\\/2026\\\/03\\\/Salesboom-CRM-Suite.png\",\"width\":250,\"height\":250},{\"@type\":\"BreadcrumbList\",\"@id\":\"https:\\\/\\\/www.accuratereviews.com\\\/it\\\/crm-software-migliori-lista\\\/salesboom-cloud-crm-recensione\\\/#breadcrumb\",\"itemListElement\":[{\"@type\":\"ListItem\",\"position\":1,\"name\":\"Home\",\"item\":\"https:\\\/\\\/www.accuratereviews.com\\\/it\\\/\"},{\"@type\":\"ListItem\",\"position\":2,\"name\":\"CRM: i software migliori\",\"item\":\"https:\\\/\\\/www.accuratereviews.com\\\/it\\\/crm-software-migliori-lista\\\/\"},{\"@type\":\"ListItem\",\"position\":3,\"name\":\"Salesboom Cloud CRM\"}]},{\"@type\":\"WebSite\",\"@id\":\"https:\\\/\\\/www.accuratereviews.com\\\/it\\\/#website\",\"url\":\"https:\\\/\\\/www.accuratereviews.com\\\/it\\\/\",\"name\":\"Accurate Reviews\",\"description\":\"\",\"potentialAction\":[{\"@type\":\"SearchAction\",\"target\":{\"@type\":\"EntryPoint\",\"urlTemplate\":\"https:\\\/\\\/www.accuratereviews.com\\\/it\\\/?s={search_term_string}\"},\"query-input\":{\"@type\":\"PropertyValueSpecification\",\"valueRequired\":true,\"valueName\":\"search_term_string\"}}],\"inLanguage\":\"it-IT\"}]}<\/script>\n<!-- \/ Yoast SEO plugin. -->","yoast_head_json":{"title":"Salesboom Cloud CRM: recensione software CRM - Accurate Reviews","description":"Salesboom Cloud CRM: recensione sistema di gestione delle relazioni con i clienti composto da tre pacchetti Team, Professional ed Enterprise.","robots":{"index":"index","follow":"follow","max-snippet":"max-snippet:-1","max-image-preview":"max-image-preview:large","max-video-preview":"max-video-preview:-1"},"canonical":"https:\/\/www.accuratereviews.com\/it\/crm-software-migliori-lista\/salesboom-cloud-crm-recensione\/","og_locale":"it_IT","og_type":"article","og_title":"Salesboom Cloud CRM: recensione software CRM - Accurate Reviews","og_description":"Salesboom Cloud CRM: recensione sistema di gestione delle relazioni con i clienti composto da tre pacchetti Team, Professional ed Enterprise.","og_url":"https:\/\/www.accuratereviews.com\/it\/crm-software-migliori-lista\/salesboom-cloud-crm-recensione\/","og_site_name":"Accurate Reviews","article_modified_time":"2026-03-11T10:47:23+00:00","og_image":[{"width":250,"height":250,"url":"https:\/\/www.accuratereviews.com\/wp-content\/uploads\/2026\/03\/Salesboom-CRM-Suite.png","type":"image\/png"}],"twitter_card":"summary_large_image","twitter_misc":{"Tempo di lettura stimato":"4 minuti"},"schema":{"@context":"https:\/\/schema.org","@graph":[{"@type":"WebPage","@id":"https:\/\/www.accuratereviews.com\/it\/crm-software-migliori-lista\/salesboom-cloud-crm-recensione\/","url":"https:\/\/www.accuratereviews.com\/it\/crm-software-migliori-lista\/salesboom-cloud-crm-recensione\/","name":"Salesboom Cloud CRM: recensione software CRM - Accurate Reviews","isPartOf":{"@id":"https:\/\/www.accuratereviews.com\/it\/#website"},"primaryImageOfPage":{"@id":"https:\/\/www.accuratereviews.com\/it\/crm-software-migliori-lista\/salesboom-cloud-crm-recensione\/#primaryimage"},"image":{"@id":"https:\/\/www.accuratereviews.com\/it\/crm-software-migliori-lista\/salesboom-cloud-crm-recensione\/#primaryimage"},"thumbnailUrl":"https:\/\/www.accuratereviews.com\/wp-content\/uploads\/2026\/03\/Salesboom-CRM-Suite.png","datePublished":"2026-03-10T16:51:35+00:00","dateModified":"2026-03-11T10:47:23+00:00","description":"Salesboom Cloud CRM: recensione sistema di gestione delle relazioni con i clienti composto da tre pacchetti Team, Professional ed Enterprise.","breadcrumb":{"@id":"https:\/\/www.accuratereviews.com\/it\/crm-software-migliori-lista\/salesboom-cloud-crm-recensione\/#breadcrumb"},"inLanguage":"it-IT","potentialAction":[{"@type":"ReadAction","target":["https:\/\/www.accuratereviews.com\/it\/crm-software-migliori-lista\/salesboom-cloud-crm-recensione\/"]}]},{"@type":"ImageObject","inLanguage":"it-IT","@id":"https:\/\/www.accuratereviews.com\/it\/crm-software-migliori-lista\/salesboom-cloud-crm-recensione\/#primaryimage","url":"https:\/\/www.accuratereviews.com\/wp-content\/uploads\/2026\/03\/Salesboom-CRM-Suite.png","contentUrl":"https:\/\/www.accuratereviews.com\/wp-content\/uploads\/2026\/03\/Salesboom-CRM-Suite.png","width":250,"height":250},{"@type":"BreadcrumbList","@id":"https:\/\/www.accuratereviews.com\/it\/crm-software-migliori-lista\/salesboom-cloud-crm-recensione\/#breadcrumb","itemListElement":[{"@type":"ListItem","position":1,"name":"Home","item":"https:\/\/www.accuratereviews.com\/it\/"},{"@type":"ListItem","position":2,"name":"CRM: i software migliori","item":"https:\/\/www.accuratereviews.com\/it\/crm-software-migliori-lista\/"},{"@type":"ListItem","position":3,"name":"Salesboom Cloud CRM"}]},{"@type":"WebSite","@id":"https:\/\/www.accuratereviews.com\/it\/#website","url":"https:\/\/www.accuratereviews.com\/it\/","name":"Accurate Reviews","description":"","potentialAction":[{"@type":"SearchAction","target":{"@type":"EntryPoint","urlTemplate":"https:\/\/www.accuratereviews.com\/it\/?s={search_term_string}"},"query-input":{"@type":"PropertyValueSpecification","valueRequired":true,"valueName":"search_term_string"}}],"inLanguage":"it-IT"}]}},"_links":{"self":[{"href":"https:\/\/www.accuratereviews.com\/it\/wp-json\/wp\/v2\/pages\/107501","targetHints":{"allow":["GET"]}}],"collection":[{"href":"https:\/\/www.accuratereviews.com\/it\/wp-json\/wp\/v2\/pages"}],"about":[{"href":"https:\/\/www.accuratereviews.com\/it\/wp-json\/wp\/v2\/types\/page"}],"author":[{"embeddable":true,"href":"https:\/\/www.accuratereviews.com\/it\/wp-json\/wp\/v2\/users\/19"}],"replies":[{"embeddable":true,"href":"https:\/\/www.accuratereviews.com\/it\/wp-json\/wp\/v2\/comments?post=107501"}],"version-history":[{"count":7,"href":"https:\/\/www.accuratereviews.com\/it\/wp-json\/wp\/v2\/pages\/107501\/revisions"}],"predecessor-version":[{"id":107574,"href":"https:\/\/www.accuratereviews.com\/it\/wp-json\/wp\/v2\/pages\/107501\/revisions\/107574"}],"up":[{"embeddable":true,"href":"https:\/\/www.accuratereviews.com\/it\/wp-json\/wp\/v2\/pages\/5966"}],"wp:featuredmedia":[{"embeddable":true,"href":"https:\/\/www.accuratereviews.com\/it\/wp-json\/wp\/v2\/media\/107502"}],"wp:attachment":[{"href":"https:\/\/www.accuratereviews.com\/it\/wp-json\/wp\/v2\/media?parent=107501"}],"wp:term":[{"taxonomy":"category","embeddable":true,"href":"https:\/\/www.accuratereviews.com\/it\/wp-json\/wp\/v2\/categories?post=107501"},{"taxonomy":"post_tag","embeddable":true,"href":"https:\/\/www.accuratereviews.com\/it\/wp-json\/wp\/v2\/tags?post=107501"},{"taxonomy":"features","embeddable":true,"href":"https:\/\/www.accuratereviews.com\/it\/wp-json\/wp\/v2\/features?post=107501"}],"curies":[{"name":"wp","href":"https:\/\/api.w.org\/{rel}","templated":true}]}}