{"id":10754,"date":"2019-02-11T11:04:51","date_gmt":"2019-02-11T11:04:51","guid":{"rendered":"https:\/\/www.accuratereviews.com\/?page_id=10754"},"modified":"2023-01-24T08:03:26","modified_gmt":"2023-01-24T08:03:26","slug":"go-play-video-editor-recensione","status":"publish","type":"page","link":"https:\/\/www.accuratereviews.com\/it\/video-editing-guida-utente\/go-play-video-editor-recensione\/","title":{"rendered":"GoPlay"},"content":{"rendered":"<p><strong>Go Play<\/strong>\u00a0\u00e8 un <strong>editor di video multi- traccia<\/strong>, progettato per modificare qualsiasi tipo di video, audio, immagine e persino testo. Assicura funzionalit\u00e0 di <strong>editing video<\/strong> superiori su un\u2019interfaccia semplice ed \u00e8 molto utile per la registrazione dello schermo e l\u2019aggiunta di sottotitoli al video.<\/p>\n<h2>COME TAGLIARE UN VIDEO CON GO PLAY: TUTORIAL<\/h2>\n<p>Diamo un&#8217;occhiata a questo tutorial che ci spiega <strong>come tagliare un video con Go Play<\/strong>:<\/p>\n<div id=\"fluid-wrapper-counter-1\" class=\"g1-fluid-wrapper \" style=\"width:686px;\">\n<div style=\"padding-bottom:56.268221574344%;\"><iframe loading=\"lazy\" title=\"How to Spilt or Cut Video | GoPlay\" width=\"686\" height=\"386\" src=\"https:\/\/www.youtube.com\/embed\/g-_tIZg0dVo?feature=oembed&amp;wmode=transparent&amp;autohide=1&amp;autoplay=0&amp;disablekb=0&amp;fs=1&amp;loop=0&amp;enablejsapi=1&amp;rel=0&amp;controls=2&amp;showinfo=0&amp;wmode=transparent&amp;autohide=2&amp;autoplay=0&amp;disablekb=0&amp;fs=1&amp;loop=0&amp;enablejsapi=1&amp;rel=0&amp;controls=2&amp;showinfo=1\" frameborder=\"0\" allow=\"accelerometer; autoplay; clipboard-write; encrypted-media; gyroscope; picture-in-picture; web-share\" allowfullscreen><\/iframe><\/div>\n<\/div>\n<h3>GO PLAY VIDEO EDITOR: CARATTERISTICHE<\/h3>\n<ul>\n<li><strong>Registrazione schermo personalizzata<\/strong>: registra tutto o cattura una parte dello schermo.<\/li>\n<li><strong>Registrazione PIP (immagine nell&#8217;immagine)<\/strong>: aggiungi la tua webcam al video che stai registrando.<\/li>\n<li><strong>Duplica la tua voce<\/strong>: registra la tua voce nel video che stai registrando.<\/li>\n<li><strong>Modifica rapida di base<\/strong>: importa facilmente video per iniziare a modificare, tagliare clip, ritagliare video e unire scene.<\/li>\n<li><strong>Splendidi effetti video:<\/strong> squisiti effetti di testo, animazioni di transizione, filtri video rendono istantaneamente il tuo video al livello successivo.<\/li>\n<li><strong>Montaggio video professionale<\/strong>: entra nell&#8217;effetto di editing avanzato per video e audio, modifica videoclip e molto altro.<\/li>\n<li><strong>Esportazione e condivisione sui social<\/strong>: con un clic, esporta e condividi il tuo video ottimizzato per i social media<\/li>\n<li><strong>Modifica i sottotitoli in modo efficiente<\/strong>: personalizza i sottotitoli con effetti diversi<\/li>\n<li><strong>Aumenta il coinvolgimento:<\/strong> anteprima in tempo reale dei sottotitoli nel tuo video<\/li>\n<li><strong>Carica facilmente i file dei sottotitoli:<\/strong> caricamento rapido dei file di sottotitoli o trascrizioni<\/li>\n<li><strong>Sincronizza rapidamente i sottotitoli:<\/strong> regola facilmente i sottotitoli imprecisi<\/li>\n<li><strong>Modifica dei sottotitoli<\/strong>: aggiungi didascalie direttamente al tuo video<\/li>\n<li><strong>Mixer audio<\/strong>: regola l&#8217;audio di ogni traccia sulla timeline<\/li>\n<li><strong>Rimozione del rumore<\/strong>: rimuovi facilmente qualsiasi musica o rumore indesiderato<\/li>\n<li><strong>Immagine nell&#8217;immagine<\/strong>: aggiungi facilmente immagini o video in un video<\/li>\n<li><strong>Splendidi effetti video<\/strong>: variet\u00e0 di filtri squisiti, che mostrano straordinari effetti visivi<\/li>\n<li><strong>Strumenti avanzati<\/strong>: modifica l&#8217;audio, l&#8217;effetto, la velocit\u00e0 e persino l&#8217;animazione<\/li>\n<\/ul>\n<h4>LE RECENSIONI DEGLI UTENTI<\/h4>\n<p><strong>Adnan&#8221;Il miglior software di registrazione dello schermo e di editing video&#8221;<\/strong><br \/>\n<strong>Commenti<\/strong>: Ho un&#8217;esperienza molto professionale con GoPlay, importo sempre i miei video in questo software. Quindi modifico e taglio i video clip in base alle mie esigenze. Mi piacciono molto gli incredibili effetti video. Esporto e condivido il video sui social media con un solo clic.<br \/>\n<strong>Pro<\/strong>: GoPlay \u00e8 un incredibile e professionale software di registrazione dello schermo e di editing video. Puoi catturare qualsiasi parte del tuo schermo o persino registrare l&#8217;intero schermo del tuo computer in base alle tue esigenze. Puoi anche includere la tua webcam nel video.<br \/>\n<strong>Contro<\/strong>: L&#8217;interfaccia di questo software di editing \u00e8 davvero facile da capire e da usare. Chiunque pu\u00f2 registrare e modificare i video a livello professionale con questo software. Quindi, secondo la mia esperienza, non ci sono contro.<\/p>\n<p><strong>Syed &#8220;GoPlay Video Editor &#8211; &#8220;\u00e8 un&#8217;utile combinazione di editing video e registrazione dello schermo&#8221;<\/strong><br \/>\n<strong>Commenti<\/strong>: La mia esperienza complessiva con GoPlay Video Editor \u00e8 molto buona. Come ho affermato, questo strumento \u00e8 una piattaforma dinamica e chiunque pu\u00f2 completare qualsiasi attivit\u00e0 con efficienza.<br \/>\n<strong>Pro<\/strong>: GoPlay \u00e8 ricco di molte funzionalit\u00e0 importanti e questo fatto mi piace assolutamente. Lo sto usando per creare diversi tipi di contenuti per i miei clienti e loro sono contenti di quelli. La registrazione dello schermo e l&#8217;edizione dei sottotitoli per l&#8217;opzione video \u00e8 ottima e semplifica il completamento di alcune attivit\u00e0. Come sappiamo, questo strumento \u00e8 un editor video 3 in 1 di nuova generazione che ti consente di creare funzionalit\u00e0 straordinarie su un&#8217;interfaccia super semplice. Devo ammettere che la qualit\u00e0 audio \u00e8 molto chiara. Penso che chiunque possa essere molto efficiente con questo strumento.<br \/>\n<strong>Contro<\/strong>: Non mi \u00e8 piaciuto, GoPlay non supporta tutti i formati di file e ho ritenuto che questo fosse un obbligo per completare rapidamente qualsiasi progetto. L&#8217;interfaccia non \u00e8 sempre facile da usare.<\/p>\n<p><strong>Nicole&#8221;Molto utile!&#8221;<\/strong><br \/>\n<strong>Commenti<\/strong>: Grande! Sono stato in grado di fare tutto ci\u00f2 di cui avevo bisogno e anche di pi\u00f9!<br \/>\n<strong>Pro<\/strong>: Originariamente l&#8217;ho preso per incarichi di editing video, ma era cos\u00ec facile da usare e buono per unire video e audio, e ha anche la cornice di registrazione dello schermo regolabile, quindi ho deciso di acquistare la versione completa!<br \/>\n<strong>Contro<\/strong>: Non ho avuto problemi con questo software! \u00c8 incredibilmente facilmente comprensibile e utile e non mi vedo sostituirlo presto.<\/p>\n","protected":false},"excerpt":{"rendered":"<p>Go Play: \u00e8 un editor di video multi- traccia, progettato per modificare qualsiasi tipo di video, audio, immagine e persino testo. Assicura funzionalit\u00e0 di editing superiori su un\u2019interfaccia semplice ed \u00e8 molto utile per la registrazione dello schermo e l\u2019aggiunta di sottotitoli al video.<\/p>\n","protected":false},"author":17,"featured_media":66467,"parent":7575,"menu_order":0,"comment_status":"open","ping_status":"closed","template":"g1_template_page_review_new.php","meta":{"_acf_changed":false,"cwp_meta_box_check":"Yes","cwp_rev_product_name":"","cwp_rev_product_image":"https:\/\/www.accuratereviews.com\/wp-content\/uploads\/2019\/01\/84af481b0996a4c5f5e157cc3524cd89e429a44f.png","wppr_links":{"vai al sito":"https:\/\/www.goplayeditor.com"},"cwp_rev_price":"","wppr_options":[{"name":"Usability","value":"0"},{"name":"Speed","value":"0"},{"name":"Features","value":"0"},{"name":"Support","value":"0"},{"name":"Pricing","value":"0"}],"wppr_pros":["","","","",""],"wppr_cons":["","","","",""],"_monsterinsights_skip_tracking":false,"_monsterinsights_sitenote_active":false,"_monsterinsights_sitenote_note":"","_monsterinsights_sitenote_category":0,"footnotes":""},"categories":[169],"tags":[210,207,208,209,202,201],"features":[],"class_list":{"0":"post-10754","1":"page","2":"type-page","3":"status-publish","4":"has-post-thumbnail","6":"category-video-editing-software-it","7":"tag-come-tagliare-video-con-go-play","8":"tag-go-play","9":"tag-go-play-video-editing","10":"tag-go-play-video-editor","11":"tag-video-editing","12":"tag-video-editor"},"wppr_data":{"cwp_meta_box_check":"Yes","cwp_rev_product_name":"","_wppr_review_template":"default","cwp_rev_product_image":"https:\/\/www.accuratereviews.com\/wp-content\/uploads\/2019\/01\/84af481b0996a4c5f5e157cc3524cd89e429a44f.png","cwp_image_link":"image","wppr_links":{"vai al sito":"https:\/\/www.goplayeditor.com"},"cwp_rev_price":"","wppr_pros":["","","","",""],"wppr_cons":["","","","",""],"wppr_rating":"0.00","wppr_options":{"1":{"name":"Usability","value":"0"},"2":{"name":"Speed","value":"0"},"3":{"name":"Features","value":"0"},"4":{"name":"Support","value":"0"},"5":{"name":"Pricing","value":"0"}},"wppr_review_type":"Product","wppr_review_custom_fields":{"additionalProperty":"","additionalType":"","aggregateRating":"","alternateName":"","audience":"","award":"","awards":"","brand":"","color":"","depth":"","description":"","disambiguatingDescription":"","gtin12":"","gtin13":"","gtin14":"","gtin8":"","height":"","identifier":"","image":"","isAccessoryOrSparePartFor":"","isConsumableFor":"","isRelatedTo":"","isSimilarTo":"","itemCondition":"","logo":"","mainEntityOfPage":"","manufacturer":"","material":"","model":"","mpn":"","name":"","offers":"","potentialAction":"","productID":"","productionDate":"","purchaseDate":"","releaseDate":"","review":"","reviews":"","sameAs":"","sku":"","slogan":"","subjectOf":"","url":"","weight":"","width":""}},"acf":[],"yoast_head":"<!-- This site is optimized with the Yoast SEO plugin v27.4 - https:\/\/yoast.com\/product\/yoast-seo-wordpress\/ -->\n<title>GoPlay - Accurate Reviews<\/title>\n<meta name=\"description\" content=\"Go Play: recensione del programma di video editing prodotto da Beyond Play Limited. Scopri come tagliare i video in modo semplice.\" \/>\n<meta name=\"robots\" content=\"index, follow, max-snippet:-1, max-image-preview:large, max-video-preview:-1\" \/>\n<link rel=\"canonical\" href=\"https:\/\/www.accuratereviews.com\/it\/video-editing-guida-utente\/go-play-video-editor-recensione\/\" \/>\n<meta property=\"og:locale\" content=\"it_IT\" \/>\n<meta property=\"og:type\" content=\"article\" \/>\n<meta property=\"og:title\" content=\"GoPlay - Accurate Reviews\" \/>\n<meta property=\"og:description\" content=\"Go Play: recensione del programma di video editing prodotto da Beyond Play Limited. Scopri come tagliare i video in modo semplice.\" \/>\n<meta property=\"og:url\" content=\"https:\/\/www.accuratereviews.com\/it\/video-editing-guida-utente\/go-play-video-editor-recensione\/\" \/>\n<meta property=\"og:site_name\" content=\"Accurate Reviews\" \/>\n<meta property=\"article:modified_time\" content=\"2023-01-24T08:03:26+00:00\" \/>\n<meta property=\"og:image\" content=\"https:\/\/www.accuratereviews.com\/wp-content\/uploads\/2023\/01\/goplayeditor.png\" \/>\n\t<meta property=\"og:image:width\" content=\"600\" \/>\n\t<meta property=\"og:image:height\" content=\"315\" \/>\n\t<meta property=\"og:image:type\" content=\"image\/png\" \/>\n<meta name=\"twitter:card\" content=\"summary_large_image\" \/>\n<meta name=\"twitter:label1\" content=\"Tempo di lettura stimato\" \/>\n\t<meta name=\"twitter:data1\" content=\"4 minuti\" \/>\n<script type=\"application\/ld+json\" class=\"yoast-schema-graph\">{\"@context\":\"https:\\\/\\\/schema.org\",\"@graph\":[{\"@type\":\"WebPage\",\"@id\":\"https:\\\/\\\/www.accuratereviews.com\\\/it\\\/video-editing-guida-utente\\\/go-play-video-editor-recensione\\\/\",\"url\":\"https:\\\/\\\/www.accuratereviews.com\\\/it\\\/video-editing-guida-utente\\\/go-play-video-editor-recensione\\\/\",\"name\":\"GoPlay - Accurate Reviews\",\"isPartOf\":{\"@id\":\"https:\\\/\\\/www.accuratereviews.com\\\/it\\\/#website\"},\"primaryImageOfPage\":{\"@id\":\"https:\\\/\\\/www.accuratereviews.com\\\/it\\\/video-editing-guida-utente\\\/go-play-video-editor-recensione\\\/#primaryimage\"},\"image\":{\"@id\":\"https:\\\/\\\/www.accuratereviews.com\\\/it\\\/video-editing-guida-utente\\\/go-play-video-editor-recensione\\\/#primaryimage\"},\"thumbnailUrl\":\"https:\\\/\\\/www.accuratereviews.com\\\/wp-content\\\/uploads\\\/2023\\\/01\\\/goplayeditor.png\",\"datePublished\":\"2019-02-11T11:04:51+00:00\",\"dateModified\":\"2023-01-24T08:03:26+00:00\",\"description\":\"Go Play: recensione del programma di video editing prodotto da Beyond Play Limited. Scopri come tagliare i video in modo semplice.\",\"breadcrumb\":{\"@id\":\"https:\\\/\\\/www.accuratereviews.com\\\/it\\\/video-editing-guida-utente\\\/go-play-video-editor-recensione\\\/#breadcrumb\"},\"inLanguage\":\"it-IT\",\"potentialAction\":[{\"@type\":\"ReadAction\",\"target\":[\"https:\\\/\\\/www.accuratereviews.com\\\/it\\\/video-editing-guida-utente\\\/go-play-video-editor-recensione\\\/\"]}]},{\"@type\":\"ImageObject\",\"inLanguage\":\"it-IT\",\"@id\":\"https:\\\/\\\/www.accuratereviews.com\\\/it\\\/video-editing-guida-utente\\\/go-play-video-editor-recensione\\\/#primaryimage\",\"url\":\"https:\\\/\\\/www.accuratereviews.com\\\/wp-content\\\/uploads\\\/2023\\\/01\\\/goplayeditor.png\",\"contentUrl\":\"https:\\\/\\\/www.accuratereviews.com\\\/wp-content\\\/uploads\\\/2023\\\/01\\\/goplayeditor.png\",\"width\":600,\"height\":315},{\"@type\":\"BreadcrumbList\",\"@id\":\"https:\\\/\\\/www.accuratereviews.com\\\/it\\\/video-editing-guida-utente\\\/go-play-video-editor-recensione\\\/#breadcrumb\",\"itemListElement\":[{\"@type\":\"ListItem\",\"position\":1,\"name\":\"Home\",\"item\":\"https:\\\/\\\/www.accuratereviews.com\\\/it\\\/\"},{\"@type\":\"ListItem\",\"position\":2,\"name\":\"Software per il video editing\",\"item\":\"https:\\\/\\\/www.accuratereviews.com\\\/it\\\/video-editing-guida-utente\\\/\"},{\"@type\":\"ListItem\",\"position\":3,\"name\":\"GoPlay\"}]},{\"@type\":\"WebSite\",\"@id\":\"https:\\\/\\\/www.accuratereviews.com\\\/it\\\/#website\",\"url\":\"https:\\\/\\\/www.accuratereviews.com\\\/it\\\/\",\"name\":\"Accurate Reviews\",\"description\":\"\",\"potentialAction\":[{\"@type\":\"SearchAction\",\"target\":{\"@type\":\"EntryPoint\",\"urlTemplate\":\"https:\\\/\\\/www.accuratereviews.com\\\/it\\\/?s={search_term_string}\"},\"query-input\":{\"@type\":\"PropertyValueSpecification\",\"valueRequired\":true,\"valueName\":\"search_term_string\"}}],\"inLanguage\":\"it-IT\"}]}<\/script>\n<!-- \/ Yoast SEO plugin. -->","yoast_head_json":{"title":"GoPlay - Accurate Reviews","description":"Go Play: recensione del programma di video editing prodotto da Beyond Play Limited. Scopri come tagliare i video in modo semplice.","robots":{"index":"index","follow":"follow","max-snippet":"max-snippet:-1","max-image-preview":"max-image-preview:large","max-video-preview":"max-video-preview:-1"},"canonical":"https:\/\/www.accuratereviews.com\/it\/video-editing-guida-utente\/go-play-video-editor-recensione\/","og_locale":"it_IT","og_type":"article","og_title":"GoPlay - Accurate Reviews","og_description":"Go Play: recensione del programma di video editing prodotto da Beyond Play Limited. Scopri come tagliare i video in modo semplice.","og_url":"https:\/\/www.accuratereviews.com\/it\/video-editing-guida-utente\/go-play-video-editor-recensione\/","og_site_name":"Accurate Reviews","article_modified_time":"2023-01-24T08:03:26+00:00","og_image":[{"width":600,"height":315,"url":"https:\/\/www.accuratereviews.com\/wp-content\/uploads\/2023\/01\/goplayeditor.png","type":"image\/png"}],"twitter_card":"summary_large_image","twitter_misc":{"Tempo di lettura stimato":"4 minuti"},"schema":{"@context":"https:\/\/schema.org","@graph":[{"@type":"WebPage","@id":"https:\/\/www.accuratereviews.com\/it\/video-editing-guida-utente\/go-play-video-editor-recensione\/","url":"https:\/\/www.accuratereviews.com\/it\/video-editing-guida-utente\/go-play-video-editor-recensione\/","name":"GoPlay - Accurate Reviews","isPartOf":{"@id":"https:\/\/www.accuratereviews.com\/it\/#website"},"primaryImageOfPage":{"@id":"https:\/\/www.accuratereviews.com\/it\/video-editing-guida-utente\/go-play-video-editor-recensione\/#primaryimage"},"image":{"@id":"https:\/\/www.accuratereviews.com\/it\/video-editing-guida-utente\/go-play-video-editor-recensione\/#primaryimage"},"thumbnailUrl":"https:\/\/www.accuratereviews.com\/wp-content\/uploads\/2023\/01\/goplayeditor.png","datePublished":"2019-02-11T11:04:51+00:00","dateModified":"2023-01-24T08:03:26+00:00","description":"Go Play: recensione del programma di video editing prodotto da Beyond Play Limited. Scopri come tagliare i video in modo semplice.","breadcrumb":{"@id":"https:\/\/www.accuratereviews.com\/it\/video-editing-guida-utente\/go-play-video-editor-recensione\/#breadcrumb"},"inLanguage":"it-IT","potentialAction":[{"@type":"ReadAction","target":["https:\/\/www.accuratereviews.com\/it\/video-editing-guida-utente\/go-play-video-editor-recensione\/"]}]},{"@type":"ImageObject","inLanguage":"it-IT","@id":"https:\/\/www.accuratereviews.com\/it\/video-editing-guida-utente\/go-play-video-editor-recensione\/#primaryimage","url":"https:\/\/www.accuratereviews.com\/wp-content\/uploads\/2023\/01\/goplayeditor.png","contentUrl":"https:\/\/www.accuratereviews.com\/wp-content\/uploads\/2023\/01\/goplayeditor.png","width":600,"height":315},{"@type":"BreadcrumbList","@id":"https:\/\/www.accuratereviews.com\/it\/video-editing-guida-utente\/go-play-video-editor-recensione\/#breadcrumb","itemListElement":[{"@type":"ListItem","position":1,"name":"Home","item":"https:\/\/www.accuratereviews.com\/it\/"},{"@type":"ListItem","position":2,"name":"Software per il video editing","item":"https:\/\/www.accuratereviews.com\/it\/video-editing-guida-utente\/"},{"@type":"ListItem","position":3,"name":"GoPlay"}]},{"@type":"WebSite","@id":"https:\/\/www.accuratereviews.com\/it\/#website","url":"https:\/\/www.accuratereviews.com\/it\/","name":"Accurate Reviews","description":"","potentialAction":[{"@type":"SearchAction","target":{"@type":"EntryPoint","urlTemplate":"https:\/\/www.accuratereviews.com\/it\/?s={search_term_string}"},"query-input":{"@type":"PropertyValueSpecification","valueRequired":true,"valueName":"search_term_string"}}],"inLanguage":"it-IT"}]}},"_links":{"self":[{"href":"https:\/\/www.accuratereviews.com\/it\/wp-json\/wp\/v2\/pages\/10754","targetHints":{"allow":["GET"]}}],"collection":[{"href":"https:\/\/www.accuratereviews.com\/it\/wp-json\/wp\/v2\/pages"}],"about":[{"href":"https:\/\/www.accuratereviews.com\/it\/wp-json\/wp\/v2\/types\/page"}],"author":[{"embeddable":true,"href":"https:\/\/www.accuratereviews.com\/it\/wp-json\/wp\/v2\/users\/17"}],"replies":[{"embeddable":true,"href":"https:\/\/www.accuratereviews.com\/it\/wp-json\/wp\/v2\/comments?post=10754"}],"version-history":[{"count":32,"href":"https:\/\/www.accuratereviews.com\/it\/wp-json\/wp\/v2\/pages\/10754\/revisions"}],"predecessor-version":[{"id":66472,"href":"https:\/\/www.accuratereviews.com\/it\/wp-json\/wp\/v2\/pages\/10754\/revisions\/66472"}],"up":[{"embeddable":true,"href":"https:\/\/www.accuratereviews.com\/it\/wp-json\/wp\/v2\/pages\/7575"}],"wp:featuredmedia":[{"embeddable":true,"href":"https:\/\/www.accuratereviews.com\/it\/wp-json\/wp\/v2\/media\/66467"}],"wp:attachment":[{"href":"https:\/\/www.accuratereviews.com\/it\/wp-json\/wp\/v2\/media?parent=10754"}],"wp:term":[{"taxonomy":"category","embeddable":true,"href":"https:\/\/www.accuratereviews.com\/it\/wp-json\/wp\/v2\/categories?post=10754"},{"taxonomy":"post_tag","embeddable":true,"href":"https:\/\/www.accuratereviews.com\/it\/wp-json\/wp\/v2\/tags?post=10754"},{"taxonomy":"features","embeddable":true,"href":"https:\/\/www.accuratereviews.com\/it\/wp-json\/wp\/v2\/features?post=10754"}],"curies":[{"name":"wp","href":"https:\/\/api.w.org\/{rel}","templated":true}]}}