{"id":107559,"date":"2026-03-11T16:41:08","date_gmt":"2026-03-11T16:41:08","guid":{"rendered":"https:\/\/www.accuratereviews.com\/?page_id=107559"},"modified":"2026-03-11T16:41:08","modified_gmt":"2026-03-11T16:41:08","slug":"flg-recensione","status":"publish","type":"page","link":"https:\/\/www.accuratereviews.com\/it\/crm-software-migliori-lista\/flg-recensione\/","title":{"rendered":"FLG"},"content":{"rendered":"<p><strong>FLG<\/strong> \u00e8 un <strong>sistema CRM<\/strong> per la gestione dei lead con sede nel Regno Unito, progettato per garantire semplicit\u00e0, potenza e facilit\u00e0 d&#8217;uso. \u00c8 disponibile in una versione di prova gratuita e in pacchetti Lite e Professional. Offre tutto il necessario per gestire centinaia di migliaia di lead, aiutando ad automatizzare i flussi di lavoro e pianificare gli appuntamenti.<br \/>\n<strong>FLG <\/strong>\u00e8 adatto a imprese che adottano per la prima volta un<strong> CRM<\/strong> e cercano una reportistica dettagliata e una maggiore accuratezza dei dati quando interagiscono con i propri clienti. Inoltre, garantisce una <strong>gestione semplice dei lead,<\/strong> opzioni di marketing multicanale, flussi di lavoro di vendita intelligenti, opzioni di integrazione con il dialer vocale ed efficienza generale grazie all&#8217;automazione delle attivit\u00e0.<\/p>\n<h2>FLG &#8211; TUTORIAL<\/h2>\n<div id=\"fluid-wrapper-counter-1\" class=\"g1-fluid-wrapper \" style=\"width:686px;\">\n<div style=\"padding-bottom:56.268221574344%;\"><iframe loading=\"lazy\" title=\"Integrated point &amp; click custom report builder\" width=\"686\" height=\"386\" src=\"https:\/\/www.youtube.com\/embed\/MfmAbW1KsFM?feature=oembed&amp;wmode=transparent&amp;autohide=1&amp;autoplay=0&amp;disablekb=0&amp;fs=1&amp;loop=0&amp;enablejsapi=1&amp;rel=0&amp;controls=2&amp;showinfo=0&amp;wmode=transparent&amp;autohide=2&amp;autoplay=0&amp;disablekb=0&amp;fs=1&amp;loop=0&amp;enablejsapi=1&amp;rel=0&amp;controls=2&amp;showinfo=1\" frameborder=\"0\" allow=\"accelerometer; autoplay; clipboard-write; encrypted-media; gyroscope; picture-in-picture; web-share\" referrerpolicy=\"strict-origin-when-cross-origin\" allowfullscreen><\/iframe><\/div>\n<\/div>\n<h3>FLG &#8211; CARATTERISTICHE<\/h3>\n<ul>\n<li>Acquisizione email che crea lead e registra ogni messaggio in entrata<\/li>\n<li>Integrazioni Zapier con oltre 6.000 app<\/li>\n<li>Acquisizione API per siti e strumenti personalizzati<\/li>\n<li>Codici brevi sms per lead in entrata rapidi<\/li>\n<li>Campi personalizzati per ottenere i dettagli di cui hai effettivamente bisogno<\/li>\n<li>Acquisizione tramite iFrame e moduli ospitati<\/li>\n<li>Attribuzione automatica della fonte con monitoraggio completo dei lead di vendita<\/li>\n<li>Acquisizione multi-brand per diversi nomi commerciali<\/li>\n<li>Moduli web semplici da incorporare in qualsiasi sito<\/li>\n<li>Dati puliti e strutturati che confluiscono direttamente nel lead<\/li>\n<li>Moduli multi-brand per diversi nomi commerciali<\/li>\n<li>Tagging automatico di fonti e campagne all&#8217;invio<\/li>\n<li>Monitoraggio integrato di fonti e campagne dei lead<\/li>\n<li>Assegnazione automatica di fonti, percorso e brand<\/li>\n<li>Rilevamento duplicati per prevenire doppie immissioni<\/li>\n<li>Tutte le attivit\u00e0 in entrata registrate in ordine cronologico<\/li>\n<li>Audit trail completo per settori regolamentati e conformi<\/li>\n<\/ul>\n<h4>LE RECENSIONI DEGLI UTENTI<\/h4>\n<p><strong>Milton &#8220;Brillante&#8221;<\/strong><br \/>\nBrillante e pertinente<br \/>\n<strong>Pro<\/strong>: efficace. Accessibile. Personale cordiale e disponibile.<br \/>\n<strong>Contro<\/strong>: niente che mi venga in mente adesso, grazie<\/p>\n<p><strong>Daniel &#8220;Applicazione potente&#8221;<\/strong><br \/>\n<strong>Pro<\/strong>: nonostante il suo costo contenuto e la sua relativa semplicit\u00e0, \u00e8 estremamente potente fin da subito.<br \/>\n<strong>Contro<\/strong>: alcune aree del flusso di lavoro potrebbero essere pi\u00f9 facili da configurare, ad esempio copiare le impostazioni su tutte le fonti di lead<\/p>\n<p><strong>Mark &#8220;Ottimo sistema a basso prezzo&#8221;<\/strong><br \/>\nIl sistema \u00e8 molto facile da usare e le guide online sono utili. Il prezzo vale ampiamente il pacchetto che si riceve.<br \/>\n<strong>Pro<\/strong>: ottimo sistema di tracciamento dei reclami, facile da usare e molto semplice da usare per registrare chiamate, documenti, ecc. Lo stato del caso semplifica il monitoraggio di ogni fase.<br \/>\n<strong>Contro<\/strong>: report aggiuntivi, migliore monitoraggio delle persone che assegnano compiti.<\/p>\n","protected":false},"excerpt":{"rendered":"<p>FLG \u00e8 un sistema CRM per la gestione dei lead con sede nel Regno Unito, progettato per garantire semplicit\u00e0, potenza e facilit\u00e0 d&#8217;uso. \u00c8 disponibile in una versione di prova gratuita e in pacchetti Lite e Professional. Offre tutto il necessario per gestire centinaia di migliaia di lead, aiutando ad automatizzare i flussi di lavoro e pianificare gli appuntamenti.<\/p>\n","protected":false},"author":19,"featured_media":107566,"parent":5966,"menu_order":0,"comment_status":"open","ping_status":"closed","template":"g1_template_page_review_new.php","meta":{"_acf_changed":false,"cwp_meta_box_check":"Yes","cwp_rev_product_name":"","cwp_rev_product_image":"","wppr_links":[],"cwp_rev_price":"0.00","wppr_options":[{"name":"Usability","value":"0"},{"name":"Speed","value":"0"},{"name":"Features","value":"0"},{"name":"Support","value":"0"},{"name":"Pricing","value":"0"}],"wppr_pros":["","","","",""],"wppr_cons":["","","","",""],"_monsterinsights_skip_tracking":false,"_monsterinsights_sitenote_active":false,"_monsterinsights_sitenote_note":"","_monsterinsights_sitenote_category":0,"footnotes":""},"categories":[120],"tags":[1835,17043,4080,427,1837,1239],"features":[],"class_list":{"0":"post-107559","1":"page","2":"type-page","3":"status-publish","4":"has-post-thumbnail","6":"category-crm-it","7":"tag-crm-2-it","8":"tag-flg","9":"tag-piattaforma-crm","10":"tag-programma-crm","11":"tag-software-crm-2-it","12":"tag-soluzione-crm"},"wppr_data":{"cwp_meta_box_check":"Yes","_wppr_review_template":"default","cwp_rev_product_image":"","cwp_image_link":"image","wppr_links":[],"cwp_rev_price":"0.00","wppr_pros":["","","","",""],"wppr_cons":["","","","",""],"wppr_rating":"0.00","wppr_options":{"1":{"name":"Usability","value":"0"},"2":{"name":"Speed","value":"0"},"3":{"name":"Features","value":"0"},"4":{"name":"Support","value":"0"},"5":{"name":"Pricing","value":"0"}},"wppr_review_type":"Product","wppr_review_custom_fields":{"additionalProperty":"","additionalType":"","aggregateRating":"","alternateName":"","audience":"","award":"","awards":"","brand":"","color":"","depth":"","description":"","disambiguatingDescription":"","gtin12":"","gtin13":"","gtin14":"","gtin8":"","height":"","identifier":"","image":"","isAccessoryOrSparePartFor":"","isConsumableFor":"","isRelatedTo":"","isSimilarTo":"","itemCondition":"","logo":"","mainEntityOfPage":"","manufacturer":"","material":"","model":"","mpn":"","name":"","offers":"","potentialAction":"","productID":"","productionDate":"","purchaseDate":"","releaseDate":"","review":"","reviews":"","sameAs":"","sku":"","slogan":"","subjectOf":"","url":"","weight":"","width":""}},"acf":[],"yoast_head":"<!-- This site is optimized with the Yoast SEO plugin v27.4 - https:\/\/yoast.com\/product\/yoast-seo-wordpress\/ -->\n<title>FLG: recensione software CRM - Accurate Reviews<\/title>\n<meta name=\"description\" content=\"FLG: recensione sistema CRM per la gestione dei lead con sede nel Regno Unito, progettato per garantire semplicit\u00e0, potenza e facilit\u00e0 d&#039;uso.\" \/>\n<meta name=\"robots\" content=\"index, follow, max-snippet:-1, max-image-preview:large, max-video-preview:-1\" \/>\n<link rel=\"canonical\" href=\"https:\/\/www.accuratereviews.com\/it\/crm-software-migliori-lista\/flg-recensione\/\" \/>\n<meta property=\"og:locale\" content=\"it_IT\" \/>\n<meta property=\"og:type\" content=\"article\" \/>\n<meta property=\"og:title\" content=\"FLG: recensione software CRM - Accurate Reviews\" \/>\n<meta property=\"og:description\" content=\"FLG: recensione sistema CRM per la gestione dei lead con sede nel Regno Unito, progettato per garantire semplicit\u00e0, potenza e facilit\u00e0 d&#039;uso.\" \/>\n<meta property=\"og:url\" content=\"https:\/\/www.accuratereviews.com\/it\/crm-software-migliori-lista\/flg-recensione\/\" \/>\n<meta property=\"og:site_name\" content=\"Accurate Reviews\" \/>\n<meta property=\"og:image\" content=\"https:\/\/www.accuratereviews.com\/wp-content\/uploads\/2026\/03\/flg.png\" \/>\n\t<meta property=\"og:image:width\" content=\"200\" \/>\n\t<meta property=\"og:image:height\" content=\"200\" \/>\n\t<meta property=\"og:image:type\" content=\"image\/png\" \/>\n<meta name=\"twitter:card\" content=\"summary_large_image\" \/>\n<meta name=\"twitter:label1\" content=\"Tempo di lettura stimato\" \/>\n\t<meta name=\"twitter:data1\" content=\"4 minuti\" \/>\n<script type=\"application\/ld+json\" class=\"yoast-schema-graph\">{\"@context\":\"https:\\\/\\\/schema.org\",\"@graph\":[{\"@type\":\"WebPage\",\"@id\":\"https:\\\/\\\/www.accuratereviews.com\\\/it\\\/crm-software-migliori-lista\\\/flg-recensione\\\/\",\"url\":\"https:\\\/\\\/www.accuratereviews.com\\\/it\\\/crm-software-migliori-lista\\\/flg-recensione\\\/\",\"name\":\"FLG: recensione software CRM - Accurate Reviews\",\"isPartOf\":{\"@id\":\"https:\\\/\\\/www.accuratereviews.com\\\/it\\\/#website\"},\"primaryImageOfPage\":{\"@id\":\"https:\\\/\\\/www.accuratereviews.com\\\/it\\\/crm-software-migliori-lista\\\/flg-recensione\\\/#primaryimage\"},\"image\":{\"@id\":\"https:\\\/\\\/www.accuratereviews.com\\\/it\\\/crm-software-migliori-lista\\\/flg-recensione\\\/#primaryimage\"},\"thumbnailUrl\":\"https:\\\/\\\/www.accuratereviews.com\\\/wp-content\\\/uploads\\\/2026\\\/03\\\/flg.png\",\"datePublished\":\"2026-03-11T16:41:08+00:00\",\"description\":\"FLG: recensione sistema CRM per la gestione dei lead con sede nel Regno Unito, progettato per garantire semplicit\u00e0, potenza e facilit\u00e0 d'uso.\",\"breadcrumb\":{\"@id\":\"https:\\\/\\\/www.accuratereviews.com\\\/it\\\/crm-software-migliori-lista\\\/flg-recensione\\\/#breadcrumb\"},\"inLanguage\":\"it-IT\",\"potentialAction\":[{\"@type\":\"ReadAction\",\"target\":[\"https:\\\/\\\/www.accuratereviews.com\\\/it\\\/crm-software-migliori-lista\\\/flg-recensione\\\/\"]}]},{\"@type\":\"ImageObject\",\"inLanguage\":\"it-IT\",\"@id\":\"https:\\\/\\\/www.accuratereviews.com\\\/it\\\/crm-software-migliori-lista\\\/flg-recensione\\\/#primaryimage\",\"url\":\"https:\\\/\\\/www.accuratereviews.com\\\/wp-content\\\/uploads\\\/2026\\\/03\\\/flg.png\",\"contentUrl\":\"https:\\\/\\\/www.accuratereviews.com\\\/wp-content\\\/uploads\\\/2026\\\/03\\\/flg.png\",\"width\":200,\"height\":200},{\"@type\":\"BreadcrumbList\",\"@id\":\"https:\\\/\\\/www.accuratereviews.com\\\/it\\\/crm-software-migliori-lista\\\/flg-recensione\\\/#breadcrumb\",\"itemListElement\":[{\"@type\":\"ListItem\",\"position\":1,\"name\":\"Home\",\"item\":\"https:\\\/\\\/www.accuratereviews.com\\\/it\\\/\"},{\"@type\":\"ListItem\",\"position\":2,\"name\":\"CRM: i software migliori\",\"item\":\"https:\\\/\\\/www.accuratereviews.com\\\/it\\\/crm-software-migliori-lista\\\/\"},{\"@type\":\"ListItem\",\"position\":3,\"name\":\"FLG\"}]},{\"@type\":\"WebSite\",\"@id\":\"https:\\\/\\\/www.accuratereviews.com\\\/it\\\/#website\",\"url\":\"https:\\\/\\\/www.accuratereviews.com\\\/it\\\/\",\"name\":\"Accurate Reviews\",\"description\":\"\",\"potentialAction\":[{\"@type\":\"SearchAction\",\"target\":{\"@type\":\"EntryPoint\",\"urlTemplate\":\"https:\\\/\\\/www.accuratereviews.com\\\/it\\\/?s={search_term_string}\"},\"query-input\":{\"@type\":\"PropertyValueSpecification\",\"valueRequired\":true,\"valueName\":\"search_term_string\"}}],\"inLanguage\":\"it-IT\"}]}<\/script>\n<!-- \/ Yoast SEO plugin. -->","yoast_head_json":{"title":"FLG: recensione software CRM - Accurate Reviews","description":"FLG: recensione sistema CRM per la gestione dei lead con sede nel Regno Unito, progettato per garantire semplicit\u00e0, potenza e facilit\u00e0 d'uso.","robots":{"index":"index","follow":"follow","max-snippet":"max-snippet:-1","max-image-preview":"max-image-preview:large","max-video-preview":"max-video-preview:-1"},"canonical":"https:\/\/www.accuratereviews.com\/it\/crm-software-migliori-lista\/flg-recensione\/","og_locale":"it_IT","og_type":"article","og_title":"FLG: recensione software CRM - Accurate Reviews","og_description":"FLG: recensione sistema CRM per la gestione dei lead con sede nel Regno Unito, progettato per garantire semplicit\u00e0, potenza e facilit\u00e0 d'uso.","og_url":"https:\/\/www.accuratereviews.com\/it\/crm-software-migliori-lista\/flg-recensione\/","og_site_name":"Accurate Reviews","og_image":[{"width":200,"height":200,"url":"https:\/\/www.accuratereviews.com\/wp-content\/uploads\/2026\/03\/flg.png","type":"image\/png"}],"twitter_card":"summary_large_image","twitter_misc":{"Tempo di lettura stimato":"4 minuti"},"schema":{"@context":"https:\/\/schema.org","@graph":[{"@type":"WebPage","@id":"https:\/\/www.accuratereviews.com\/it\/crm-software-migliori-lista\/flg-recensione\/","url":"https:\/\/www.accuratereviews.com\/it\/crm-software-migliori-lista\/flg-recensione\/","name":"FLG: recensione software CRM - Accurate Reviews","isPartOf":{"@id":"https:\/\/www.accuratereviews.com\/it\/#website"},"primaryImageOfPage":{"@id":"https:\/\/www.accuratereviews.com\/it\/crm-software-migliori-lista\/flg-recensione\/#primaryimage"},"image":{"@id":"https:\/\/www.accuratereviews.com\/it\/crm-software-migliori-lista\/flg-recensione\/#primaryimage"},"thumbnailUrl":"https:\/\/www.accuratereviews.com\/wp-content\/uploads\/2026\/03\/flg.png","datePublished":"2026-03-11T16:41:08+00:00","description":"FLG: recensione sistema CRM per la gestione dei lead con sede nel Regno Unito, progettato per garantire semplicit\u00e0, potenza e facilit\u00e0 d'uso.","breadcrumb":{"@id":"https:\/\/www.accuratereviews.com\/it\/crm-software-migliori-lista\/flg-recensione\/#breadcrumb"},"inLanguage":"it-IT","potentialAction":[{"@type":"ReadAction","target":["https:\/\/www.accuratereviews.com\/it\/crm-software-migliori-lista\/flg-recensione\/"]}]},{"@type":"ImageObject","inLanguage":"it-IT","@id":"https:\/\/www.accuratereviews.com\/it\/crm-software-migliori-lista\/flg-recensione\/#primaryimage","url":"https:\/\/www.accuratereviews.com\/wp-content\/uploads\/2026\/03\/flg.png","contentUrl":"https:\/\/www.accuratereviews.com\/wp-content\/uploads\/2026\/03\/flg.png","width":200,"height":200},{"@type":"BreadcrumbList","@id":"https:\/\/www.accuratereviews.com\/it\/crm-software-migliori-lista\/flg-recensione\/#breadcrumb","itemListElement":[{"@type":"ListItem","position":1,"name":"Home","item":"https:\/\/www.accuratereviews.com\/it\/"},{"@type":"ListItem","position":2,"name":"CRM: i software migliori","item":"https:\/\/www.accuratereviews.com\/it\/crm-software-migliori-lista\/"},{"@type":"ListItem","position":3,"name":"FLG"}]},{"@type":"WebSite","@id":"https:\/\/www.accuratereviews.com\/it\/#website","url":"https:\/\/www.accuratereviews.com\/it\/","name":"Accurate Reviews","description":"","potentialAction":[{"@type":"SearchAction","target":{"@type":"EntryPoint","urlTemplate":"https:\/\/www.accuratereviews.com\/it\/?s={search_term_string}"},"query-input":{"@type":"PropertyValueSpecification","valueRequired":true,"valueName":"search_term_string"}}],"inLanguage":"it-IT"}]}},"_links":{"self":[{"href":"https:\/\/www.accuratereviews.com\/it\/wp-json\/wp\/v2\/pages\/107559","targetHints":{"allow":["GET"]}}],"collection":[{"href":"https:\/\/www.accuratereviews.com\/it\/wp-json\/wp\/v2\/pages"}],"about":[{"href":"https:\/\/www.accuratereviews.com\/it\/wp-json\/wp\/v2\/types\/page"}],"author":[{"embeddable":true,"href":"https:\/\/www.accuratereviews.com\/it\/wp-json\/wp\/v2\/users\/19"}],"replies":[{"embeddable":true,"href":"https:\/\/www.accuratereviews.com\/it\/wp-json\/wp\/v2\/comments?post=107559"}],"version-history":[{"count":7,"href":"https:\/\/www.accuratereviews.com\/it\/wp-json\/wp\/v2\/pages\/107559\/revisions"}],"predecessor-version":[{"id":107581,"href":"https:\/\/www.accuratereviews.com\/it\/wp-json\/wp\/v2\/pages\/107559\/revisions\/107581"}],"up":[{"embeddable":true,"href":"https:\/\/www.accuratereviews.com\/it\/wp-json\/wp\/v2\/pages\/5966"}],"wp:featuredmedia":[{"embeddable":true,"href":"https:\/\/www.accuratereviews.com\/it\/wp-json\/wp\/v2\/media\/107566"}],"wp:attachment":[{"href":"https:\/\/www.accuratereviews.com\/it\/wp-json\/wp\/v2\/media?parent=107559"}],"wp:term":[{"taxonomy":"category","embeddable":true,"href":"https:\/\/www.accuratereviews.com\/it\/wp-json\/wp\/v2\/categories?post=107559"},{"taxonomy":"post_tag","embeddable":true,"href":"https:\/\/www.accuratereviews.com\/it\/wp-json\/wp\/v2\/tags?post=107559"},{"taxonomy":"features","embeddable":true,"href":"https:\/\/www.accuratereviews.com\/it\/wp-json\/wp\/v2\/features?post=107559"}],"curies":[{"name":"wp","href":"https:\/\/api.w.org\/{rel}","templated":true}]}}