{"id":107626,"date":"2026-03-13T17:33:22","date_gmt":"2026-03-13T17:33:22","guid":{"rendered":"https:\/\/www.accuratereviews.com\/?page_id=107626"},"modified":"2026-04-15T09:03:50","modified_gmt":"2026-04-15T09:03:50","slug":"vymo-recensione","status":"publish","type":"page","link":"https:\/\/www.accuratereviews.com\/it\/crm-software-migliori-lista\/vymo-recensione\/","title":{"rendered":"Vymo"},"content":{"rendered":"<p><strong>Vymo<\/strong> \u00e8 un <strong>CRM<\/strong> intelligente, potenziato dall&#8217;intelligenza artificiale, pensato per i team di vendita e assistenza sul campo. Combinando funzionalit\u00e0 per la gestione dei lead, dei partner, delle relazioni e dell&#8217;assistenza, <strong>Vymo<\/strong> aiuta le aziende a migliorare l&#8217;efficienza e la produttivit\u00e0 dei propri team di vendita grazie al rilevamento e all&#8217;intelligenza geolocalizzata, ai suggerimenti contestuali, all&#8217;integrazione con Salesforce e alla gestione automatizzata delle chiamate.<br \/>\nL&#8217;app mobile per gli agenti di vendita, disponibile per dispositivi <strong>Android e iOS<\/strong>, utilizza il tracciamento <strong>GPS<\/strong> per rilevare le attivit\u00e0 degli agenti e suggerire le azioni pi\u00f9 appropriate in base alla vicinanza ai lead. Fornisce anche gli strumenti necessari per gestire i flussi di lavoro di assistenza e supporto, dall&#8217;assegnazione dei ticket all&#8217;instradamento, al completamento delle attivit\u00e0 e alla risoluzione dei problemi.<\/p>\n<h2>VYMO &#8211; TUTORIAL<\/h2>\n<div id=\"fluid-wrapper-counter-1\" class=\"g1-fluid-wrapper \" style=\"width:686px;\">\n<div style=\"padding-bottom:56.268221574344%;\"><iframe loading=\"lazy\" title=\"EngageIQ - Vymo\" width=\"686\" height=\"386\" src=\"https:\/\/www.youtube.com\/embed\/z4kdiI2PM4Q?feature=oembed&amp;wmode=transparent&amp;autohide=1&amp;autoplay=0&amp;disablekb=0&amp;fs=1&amp;loop=0&amp;enablejsapi=1&amp;rel=0&amp;controls=2&amp;showinfo=0&amp;wmode=transparent&amp;autohide=2&amp;autoplay=0&amp;disablekb=0&amp;fs=1&amp;loop=0&amp;enablejsapi=1&amp;rel=0&amp;controls=2&amp;showinfo=1\" frameborder=\"0\" allow=\"accelerometer; autoplay; clipboard-write; encrypted-media; gyroscope; picture-in-picture; web-share\" referrerpolicy=\"strict-origin-when-cross-origin\" allowfullscreen><\/iframe><\/div>\n<\/div>\n<h3>VYMO &#8211; CARATTERISTICHE<\/h3>\n<ul>\n<li>Monitoraggio del reclutamento e onboarding dei produttori<\/li>\n<li>Gestione di licenze e appuntamenti<\/li>\n<li>Appuntamenti just-in-time<\/li>\n<li>Supporto alla leadership<\/li>\n<li>Coinvolgimento dei produttori e KPI chiave<\/li>\n<li>Ottimizza il tasso di conversione dei lead della tua organizzazione e garantisci una maggiore prevedibilit\u00e0 nella generazione di ricavi indirizzando i lead al produttore con maggiori probabilit\u00e0 di concludere l&#8217;affare.<\/li>\n<li>Migliora l&#8217;esperienza dei produttori e aumenta il tasso di fidelizzazione della tua organizzazione con flussi di lavoro proattivi che notificano ai produttori gli eventi di maggiore impatto e promuovono tempestivamente l&#8217;avvio dei contatti con i clienti.<\/li>\n<li>Potenzia i tuoi team di vendita con un&#8217;automazione senza soluzione di continuit\u00e0 e una piattaforma unificata per la formazione e i flussi di lavoro, eliminando i costi generali e migliorando l&#8217;esperienza dei produttori.<\/li>\n<li>Soluzioni di integrazione per i pi\u00f9 diffusi strumenti di vendita come Salesforce, D365, Zoom, Gmail, Outlook e sistemi sviluppati internamente<\/li>\n<li>Flussi di lavoro flessibili per soddisfare le esigenze aziendali<\/li>\n<li>Integrazione con l&#8217;intelligenza artificiale in tutto il sistema<\/li>\n<\/ul>\n<h4>LE RECENSIONI DEGLI UTENTI<\/h4>\n<p><strong>Saswati &#8220;Recensione di Vymo&#8221;<\/strong><br \/>\nUtilizzo questa applicazione per la generazione e l&#8217;aggiornamento dei lead. Offre funzionalit\u00e0 CRM complete, tracciamento e follow-up.<br \/>\n<strong>Pro<\/strong>: utilizzo questa applicazione per la generazione e l&#8217;aggiornamento dei lead. Offre funzionalit\u00e0 CRM complete, tracciamento e follow-up.<br \/>\n<strong>Contro<\/strong>: Non esiste uno, mi piace usare l&#8217;applicazione.<\/p>\n<p><strong>Mohammad &#8220;Tutto in uno per il mio lavoro&#8221;<\/strong><br \/>\n<strong>Pro<\/strong>: ci\u00f2 che pi\u00f9 mi piace di questo prodotto \u00e8 informare il cliente su tutte le offerte della mia banca.<br \/>\n<strong>Contro<\/strong>: Fornire assistenza ai clienti \u00e8 molto semplice.<\/p>\n<p><strong>Omkar &#8220;Ottimo strumento&#8221;<\/strong><br \/>\n\u00c8 un&#8217;esperienza positiva e piacevole con VYMO<br \/>\n<strong>Pro<\/strong>: promemoria per la chiamata al consulente o chiamata personalizzata congiunta<br \/>\n<strong>Contro<\/strong>: le funzionalit\u00e0 sono ottime per l&#8217;utilizzo di questa applicazione.<\/p>\n","protected":false},"excerpt":{"rendered":"<p>Vymo \u00e8 un CRM intelligente, potenziato dall&#8217;intelligenza artificiale, pensato per i team di vendita e assistenza sul campo. Combinando funzionalit\u00e0 per la gestione dei lead, dei partner, delle relazioni e dell&#8217;assistenza, Vymo aiuta le aziende a migliorare l&#8217;efficienza e la produttivit\u00e0 dei propri team di vendita grazie al rilevamento e all&#8217;intelligenza geolocalizzata, ai suggerimenti contestuali, all&#8217;integrazione con Salesforce e alla gestione automatizzata delle chiamate.<\/p>\n","protected":false},"author":19,"featured_media":107628,"parent":5966,"menu_order":0,"comment_status":"open","ping_status":"closed","template":"g1_template_page_review_new.php","meta":{"_acf_changed":false,"cwp_meta_box_check":"No","cwp_rev_product_name":"","cwp_rev_product_image":"","wppr_links":[],"cwp_rev_price":"","wppr_options":[],"wppr_pros":[],"wppr_cons":[],"_monsterinsights_skip_tracking":false,"_monsterinsights_sitenote_active":false,"_monsterinsights_sitenote_note":"","_monsterinsights_sitenote_category":0,"footnotes":""},"categories":[120],"tags":[1835,4080,427,1837,1239,17044],"features":[],"class_list":{"0":"post-107626","1":"page","2":"type-page","3":"status-publish","4":"has-post-thumbnail","6":"category-crm-it","7":"tag-crm-2-it","8":"tag-piattaforma-crm","9":"tag-programma-crm","10":"tag-software-crm-2-it","11":"tag-soluzione-crm","12":"tag-vymo"},"wppr_data":{"cwp_meta_box_check":"No"},"acf":[],"yoast_head":"<!-- This site is optimized with the Yoast SEO plugin v27.4 - https:\/\/yoast.com\/product\/yoast-seo-wordpress\/ -->\n<title>Vymo: recensione software CRM - Accurate Reviews<\/title>\n<meta name=\"description\" content=\"Vymo: recensione CRM intelligente, potenziato dall&#039;intelligenza artificiale, pensato per i team di vendita e assistenza sul campo.\" \/>\n<meta name=\"robots\" content=\"index, follow, max-snippet:-1, max-image-preview:large, max-video-preview:-1\" \/>\n<link rel=\"canonical\" href=\"https:\/\/www.accuratereviews.com\/it\/crm-software-migliori-lista\/vymo-recensione\/\" \/>\n<meta property=\"og:locale\" content=\"it_IT\" \/>\n<meta property=\"og:type\" content=\"article\" \/>\n<meta property=\"og:title\" content=\"Vymo: recensione software CRM - Accurate Reviews\" \/>\n<meta property=\"og:description\" content=\"Vymo: recensione CRM intelligente, potenziato dall&#039;intelligenza artificiale, pensato per i team di vendita e assistenza sul campo.\" \/>\n<meta property=\"og:url\" content=\"https:\/\/www.accuratereviews.com\/it\/crm-software-migliori-lista\/vymo-recensione\/\" \/>\n<meta property=\"og:site_name\" content=\"Accurate Reviews\" \/>\n<meta property=\"article:modified_time\" content=\"2026-04-15T09:03:50+00:00\" \/>\n<meta property=\"og:image\" content=\"https:\/\/www.accuratereviews.com\/wp-content\/uploads\/2026\/03\/Vymo.png\" \/>\n\t<meta property=\"og:image:width\" content=\"1024\" \/>\n\t<meta property=\"og:image:height\" content=\"500\" \/>\n\t<meta property=\"og:image:type\" content=\"image\/png\" \/>\n<meta name=\"twitter:card\" content=\"summary_large_image\" \/>\n<meta name=\"twitter:label1\" content=\"Tempo di lettura stimato\" \/>\n\t<meta name=\"twitter:data1\" content=\"3 minuti\" \/>\n<script type=\"application\/ld+json\" class=\"yoast-schema-graph\">{\"@context\":\"https:\\\/\\\/schema.org\",\"@graph\":[{\"@type\":\"WebPage\",\"@id\":\"https:\\\/\\\/www.accuratereviews.com\\\/it\\\/crm-software-migliori-lista\\\/vymo-recensione\\\/\",\"url\":\"https:\\\/\\\/www.accuratereviews.com\\\/it\\\/crm-software-migliori-lista\\\/vymo-recensione\\\/\",\"name\":\"Vymo: recensione software CRM - Accurate Reviews\",\"isPartOf\":{\"@id\":\"https:\\\/\\\/www.accuratereviews.com\\\/it\\\/#website\"},\"primaryImageOfPage\":{\"@id\":\"https:\\\/\\\/www.accuratereviews.com\\\/it\\\/crm-software-migliori-lista\\\/vymo-recensione\\\/#primaryimage\"},\"image\":{\"@id\":\"https:\\\/\\\/www.accuratereviews.com\\\/it\\\/crm-software-migliori-lista\\\/vymo-recensione\\\/#primaryimage\"},\"thumbnailUrl\":\"https:\\\/\\\/www.accuratereviews.com\\\/wp-content\\\/uploads\\\/2026\\\/03\\\/Vymo.png\",\"datePublished\":\"2026-03-13T17:33:22+00:00\",\"dateModified\":\"2026-04-15T09:03:50+00:00\",\"description\":\"Vymo: recensione CRM intelligente, potenziato dall'intelligenza artificiale, pensato per i team di vendita e assistenza sul campo.\",\"breadcrumb\":{\"@id\":\"https:\\\/\\\/www.accuratereviews.com\\\/it\\\/crm-software-migliori-lista\\\/vymo-recensione\\\/#breadcrumb\"},\"inLanguage\":\"it-IT\",\"potentialAction\":[{\"@type\":\"ReadAction\",\"target\":[\"https:\\\/\\\/www.accuratereviews.com\\\/it\\\/crm-software-migliori-lista\\\/vymo-recensione\\\/\"]}]},{\"@type\":\"ImageObject\",\"inLanguage\":\"it-IT\",\"@id\":\"https:\\\/\\\/www.accuratereviews.com\\\/it\\\/crm-software-migliori-lista\\\/vymo-recensione\\\/#primaryimage\",\"url\":\"https:\\\/\\\/www.accuratereviews.com\\\/wp-content\\\/uploads\\\/2026\\\/03\\\/Vymo.png\",\"contentUrl\":\"https:\\\/\\\/www.accuratereviews.com\\\/wp-content\\\/uploads\\\/2026\\\/03\\\/Vymo.png\",\"width\":1024,\"height\":500},{\"@type\":\"BreadcrumbList\",\"@id\":\"https:\\\/\\\/www.accuratereviews.com\\\/it\\\/crm-software-migliori-lista\\\/vymo-recensione\\\/#breadcrumb\",\"itemListElement\":[{\"@type\":\"ListItem\",\"position\":1,\"name\":\"Home\",\"item\":\"https:\\\/\\\/www.accuratereviews.com\\\/it\\\/\"},{\"@type\":\"ListItem\",\"position\":2,\"name\":\"CRM: i software migliori\",\"item\":\"https:\\\/\\\/www.accuratereviews.com\\\/it\\\/crm-software-migliori-lista\\\/\"},{\"@type\":\"ListItem\",\"position\":3,\"name\":\"Vymo\"}]},{\"@type\":\"WebSite\",\"@id\":\"https:\\\/\\\/www.accuratereviews.com\\\/it\\\/#website\",\"url\":\"https:\\\/\\\/www.accuratereviews.com\\\/it\\\/\",\"name\":\"Accurate Reviews\",\"description\":\"\",\"potentialAction\":[{\"@type\":\"SearchAction\",\"target\":{\"@type\":\"EntryPoint\",\"urlTemplate\":\"https:\\\/\\\/www.accuratereviews.com\\\/it\\\/?s={search_term_string}\"},\"query-input\":{\"@type\":\"PropertyValueSpecification\",\"valueRequired\":true,\"valueName\":\"search_term_string\"}}],\"inLanguage\":\"it-IT\"}]}<\/script>\n<!-- \/ Yoast SEO plugin. -->","yoast_head_json":{"title":"Vymo: recensione software CRM - Accurate Reviews","description":"Vymo: recensione CRM intelligente, potenziato dall'intelligenza artificiale, pensato per i team di vendita e assistenza sul campo.","robots":{"index":"index","follow":"follow","max-snippet":"max-snippet:-1","max-image-preview":"max-image-preview:large","max-video-preview":"max-video-preview:-1"},"canonical":"https:\/\/www.accuratereviews.com\/it\/crm-software-migliori-lista\/vymo-recensione\/","og_locale":"it_IT","og_type":"article","og_title":"Vymo: recensione software CRM - Accurate Reviews","og_description":"Vymo: recensione CRM intelligente, potenziato dall'intelligenza artificiale, pensato per i team di vendita e assistenza sul campo.","og_url":"https:\/\/www.accuratereviews.com\/it\/crm-software-migliori-lista\/vymo-recensione\/","og_site_name":"Accurate Reviews","article_modified_time":"2026-04-15T09:03:50+00:00","og_image":[{"width":1024,"height":500,"url":"https:\/\/www.accuratereviews.com\/wp-content\/uploads\/2026\/03\/Vymo.png","type":"image\/png"}],"twitter_card":"summary_large_image","twitter_misc":{"Tempo di lettura stimato":"3 minuti"},"schema":{"@context":"https:\/\/schema.org","@graph":[{"@type":"WebPage","@id":"https:\/\/www.accuratereviews.com\/it\/crm-software-migliori-lista\/vymo-recensione\/","url":"https:\/\/www.accuratereviews.com\/it\/crm-software-migliori-lista\/vymo-recensione\/","name":"Vymo: recensione software CRM - Accurate Reviews","isPartOf":{"@id":"https:\/\/www.accuratereviews.com\/it\/#website"},"primaryImageOfPage":{"@id":"https:\/\/www.accuratereviews.com\/it\/crm-software-migliori-lista\/vymo-recensione\/#primaryimage"},"image":{"@id":"https:\/\/www.accuratereviews.com\/it\/crm-software-migliori-lista\/vymo-recensione\/#primaryimage"},"thumbnailUrl":"https:\/\/www.accuratereviews.com\/wp-content\/uploads\/2026\/03\/Vymo.png","datePublished":"2026-03-13T17:33:22+00:00","dateModified":"2026-04-15T09:03:50+00:00","description":"Vymo: recensione CRM intelligente, potenziato dall'intelligenza artificiale, pensato per i team di vendita e assistenza sul campo.","breadcrumb":{"@id":"https:\/\/www.accuratereviews.com\/it\/crm-software-migliori-lista\/vymo-recensione\/#breadcrumb"},"inLanguage":"it-IT","potentialAction":[{"@type":"ReadAction","target":["https:\/\/www.accuratereviews.com\/it\/crm-software-migliori-lista\/vymo-recensione\/"]}]},{"@type":"ImageObject","inLanguage":"it-IT","@id":"https:\/\/www.accuratereviews.com\/it\/crm-software-migliori-lista\/vymo-recensione\/#primaryimage","url":"https:\/\/www.accuratereviews.com\/wp-content\/uploads\/2026\/03\/Vymo.png","contentUrl":"https:\/\/www.accuratereviews.com\/wp-content\/uploads\/2026\/03\/Vymo.png","width":1024,"height":500},{"@type":"BreadcrumbList","@id":"https:\/\/www.accuratereviews.com\/it\/crm-software-migliori-lista\/vymo-recensione\/#breadcrumb","itemListElement":[{"@type":"ListItem","position":1,"name":"Home","item":"https:\/\/www.accuratereviews.com\/it\/"},{"@type":"ListItem","position":2,"name":"CRM: i software migliori","item":"https:\/\/www.accuratereviews.com\/it\/crm-software-migliori-lista\/"},{"@type":"ListItem","position":3,"name":"Vymo"}]},{"@type":"WebSite","@id":"https:\/\/www.accuratereviews.com\/it\/#website","url":"https:\/\/www.accuratereviews.com\/it\/","name":"Accurate Reviews","description":"","potentialAction":[{"@type":"SearchAction","target":{"@type":"EntryPoint","urlTemplate":"https:\/\/www.accuratereviews.com\/it\/?s={search_term_string}"},"query-input":{"@type":"PropertyValueSpecification","valueRequired":true,"valueName":"search_term_string"}}],"inLanguage":"it-IT"}]}},"_links":{"self":[{"href":"https:\/\/www.accuratereviews.com\/it\/wp-json\/wp\/v2\/pages\/107626","targetHints":{"allow":["GET"]}}],"collection":[{"href":"https:\/\/www.accuratereviews.com\/it\/wp-json\/wp\/v2\/pages"}],"about":[{"href":"https:\/\/www.accuratereviews.com\/it\/wp-json\/wp\/v2\/types\/page"}],"author":[{"embeddable":true,"href":"https:\/\/www.accuratereviews.com\/it\/wp-json\/wp\/v2\/users\/19"}],"replies":[{"embeddable":true,"href":"https:\/\/www.accuratereviews.com\/it\/wp-json\/wp\/v2\/comments?post=107626"}],"version-history":[{"count":8,"href":"https:\/\/www.accuratereviews.com\/it\/wp-json\/wp\/v2\/pages\/107626\/revisions"}],"predecessor-version":[{"id":108237,"href":"https:\/\/www.accuratereviews.com\/it\/wp-json\/wp\/v2\/pages\/107626\/revisions\/108237"}],"up":[{"embeddable":true,"href":"https:\/\/www.accuratereviews.com\/it\/wp-json\/wp\/v2\/pages\/5966"}],"wp:featuredmedia":[{"embeddable":true,"href":"https:\/\/www.accuratereviews.com\/it\/wp-json\/wp\/v2\/media\/107628"}],"wp:attachment":[{"href":"https:\/\/www.accuratereviews.com\/it\/wp-json\/wp\/v2\/media?parent=107626"}],"wp:term":[{"taxonomy":"category","embeddable":true,"href":"https:\/\/www.accuratereviews.com\/it\/wp-json\/wp\/v2\/categories?post=107626"},{"taxonomy":"post_tag","embeddable":true,"href":"https:\/\/www.accuratereviews.com\/it\/wp-json\/wp\/v2\/tags?post=107626"},{"taxonomy":"features","embeddable":true,"href":"https:\/\/www.accuratereviews.com\/it\/wp-json\/wp\/v2\/features?post=107626"}],"curies":[{"name":"wp","href":"https:\/\/api.w.org\/{rel}","templated":true}]}}