{"id":107642,"date":"2026-03-16T15:14:52","date_gmt":"2026-03-16T15:14:52","guid":{"rendered":"https:\/\/www.accuratereviews.com\/?page_id=107642"},"modified":"2026-03-16T15:14:52","modified_gmt":"2026-03-16T15:14:52","slug":"tall-emu-crm-recensione","status":"publish","type":"page","link":"https:\/\/www.accuratereviews.com\/it\/crm-software-migliori-lista\/tall-emu-crm-recensione\/","title":{"rendered":"Tall Emu CRM"},"content":{"rendered":"<p><strong>Tall Emu CRM<\/strong> \u00e8 un <strong>software di gestione delle relazioni con i clienti (CRM)<\/strong> che centralizza i dati per una facile condivisione tra i team. Gestisce le attivit\u00e0 di marketing, i lead e le vendite grazie a una combinazione di strumenti di personalizzazione, gestione del marketing e delle vendite e tecnologia di reporting. \u00c8 ideale per la vendita dei prodotti grazie alla gestione integrata dell&#8217;inventario e agli strumenti di prelievo, imballaggio e preventivazione delle spedizioni.<br \/>\n<strong>Tall Emu CRM<\/strong>\u00a0 include anche strumenti di automazione che aiutano gli utenti a gestire le operazioni aziendali, tra cui il controllo delle scorte, gli acquisti, le spedizioni, i progetti e i prodotti. L&#8217;integrazione con software di contabilit\u00e0 come MYOB, Xero e altri permette agli utenti di trasferire senza problemi dati finanziari e informazioni sui clienti tra le piattaforme CRM e di contabilit\u00e0.<\/p>\n<h2>TALL EMU CRM &#8211; TUTORIAL<\/h2>\n<div id=\"fluid-wrapper-counter-1\" class=\"g1-fluid-wrapper \" style=\"width:686px;\">\n<div style=\"padding-bottom:56.268221574344%;\"><iframe loading=\"lazy\" title=\"Advanced Inventory Features in Tall Emu\" width=\"686\" height=\"386\" src=\"https:\/\/www.youtube.com\/embed\/mW36Hk8HlYY?feature=oembed&amp;wmode=transparent&amp;autohide=1&amp;autoplay=0&amp;disablekb=0&amp;fs=1&amp;loop=0&amp;enablejsapi=1&amp;rel=0&amp;controls=2&amp;showinfo=0&amp;wmode=transparent&amp;autohide=2&amp;autoplay=0&amp;disablekb=0&amp;fs=1&amp;loop=0&amp;enablejsapi=1&amp;rel=0&amp;controls=2&amp;showinfo=1\" frameborder=\"0\" allow=\"accelerometer; autoplay; clipboard-write; encrypted-media; gyroscope; picture-in-picture; web-share\" referrerpolicy=\"strict-origin-when-cross-origin\" allowfullscreen><\/iframe><\/div>\n<\/div>\n<h3>TALL EMU CRM &#8211; CARATTERISTICHE<\/h3>\n<ul>\n<li><strong>Automazioni e flussi di lavoro<\/strong>: crea flussi di lavoro automatizzati in base alle esigenze della tua azienda.<\/li>\n<li><strong>Gestione delle attivit\u00e0<\/strong>: genera, assegna e gestisci attivit\u00e0, riunioni, chiamate ed email.<\/li>\n<li><strong>Database clienti centralizzato<\/strong>: unica fonte di dati affidabile per tutti i clienti.<\/li>\n<li><strong>Funzione di ricerca intelligente<\/strong>: la potente funzione di ricerca ti consente di trovare il record corretto.<\/li>\n<li><strong>Cronologia delle chiamate<\/strong>: registra tutte le telefonate, le discussioni e i risultati.<\/li>\n<li><strong>Gestione delle riunioni<\/strong>: tieni traccia di riunioni, tipologie di riunioni e risultati.<\/li>\n<li><strong>Componente aggiuntivo di Outlook<\/strong>: sincronizza email e informazioni specifiche dei clienti da Outlook al CRM.<\/li>\n<li><strong>Modelli personalizzabili e modificabili:<\/strong> visualizza, scarica e modifica i tuoi modelli personalizzati per fatture, ordini di vendita, preventivi e ordini di acquisto.<\/li>\n<li><strong>Segmenta e classifica i lead<\/strong>: aumenta le conversioni indirizzando i lead in base ai comportamenti<\/li>\n<li><strong>Vista Kanban<\/strong>: visualizza facilmente i lead, trascinali e rilasciali tra le fasi del funnel di vendita<\/li>\n<li><strong>Report e dashboard<\/strong>: automatizza i report sull&#8217;attivit\u00e0 dei lead e dei clienti, visualizzali in dashboard personalizzate<\/li>\n<li><strong>Vista interattiva su mappa<\/strong>: visualizza potenziali clienti, opportunit\u00e0 di lead e clienti su una mappa. Da qui puoi aggiungere attivit\u00e0 al calendario, crearle o assegnarle.<\/li>\n<li><strong>Pagamenti online<\/strong>: compatibile con Stripe ed eWay per accettare pagamenti online.<\/li>\n<li><strong>Portale clienti gratuito:<\/strong> i\u00a0clienti possono visualizzare i ticket di assistenza, acquistare prodotti, scaricare o pagare preventivi e fatture.<\/li>\n<li><strong>Gestione dell&#8217;inventario in tempo reale<\/strong>: visibilit\u00e0 in tempo reale di inventario, disponibilit\u00e0, prezzi e gestione degli ordini in sospeso, riducendo al minimo i motivi per cui non si riesce a vendere immediatamente.<\/li>\n<\/ul>\n<h4>LE RECENSIONI DEGLI UTENTI<\/h4>\n<p><strong>Andrew &#8220;Funzionalit\u00e0 ERP e CRM complete, ma pensate per le piccole e medie imprese.&#8221;<\/strong><br \/>\nSono rimasto impressionato da Tall Emu. Provenendo da un ambiente SAP, riesco a fare quasi tutto quello che facevo prima, e in molti casi \u00e8 persino pi\u00f9 semplice. L&#8217;onboarding ha richiesto un po&#8217; di pratica, ma una volta configurato, il sistema si \u00e8 dimostrato solido. Riportare l&#8217;azienda su Tall Emu \u00e8 stata la scelta giusta: l&#8217;assistenza clienti prima rispecchiava la pessima esperienza di MYOB, ma ora \u00e8 veloce, disponibile e puntuale quando si presentano problemi insoliti.<br \/>\n<strong>Pro<\/strong>: ha una solida integrazione con MYOB, il che rende felici il commercialista e l&#8217;ufficio delle imposte. Una volta risolti questi problemi, si ha a disposizione una suite di funzionalit\u00e0 che emula quelle di grandi aziende come SAP. Grazie a questo, la mia attivit\u00e0 produttiva funziona benissimo.<br \/>\n<strong>Contro<\/strong>: era un buon prodotto appena installato, ma ho dovuto approfondire un po&#8217; le mie conoscenze per farlo funzionare. Consiglio vivamente il corso di onboarding. L&#8217;assistenza clienti ai tempi di MYOB era piuttosto scadente, ma ora \u00e8 ottima dopo il cambio di propriet\u00e0.<\/p>\n<p><strong>Grant &#8220;Recensione del CRM Tall Emu&#8221;<\/strong><br \/>\nCi trovavamo a Sydney di recente e abbiamo avuto l&#8217;opportunit\u00e0 di incontrare il team di persona. \u00c8 stato fantastico poter conoscere questi ragazzi, fare una sessione di brainstorming e partecipare a un corso di formazione extra.<br \/>\n<strong>Pro<\/strong>: se siete alla ricerca di una piattaforma CRM affidabile e a un prezzo competitivo, contattate il team di Tall Emu CRM.<br \/>\n<strong>Contro<\/strong>: accetta l&#8217;offerta formativa se ti viene proposta! Non \u00e8 un vero e proprio svantaggio, in fondo&#8230;<\/p>\n<p><strong>Ian &#8220;Tall Emy, la piattaforma ideale per le nuove aziende.&#8221;<\/strong><br \/>\nEravamo una nuova azienda e desideravamo una piattaforma comune da utilizzare sia come CRM e gestione degli ordini, sia per la logistica, e Tall Emu si \u00e8 rivelato ideale per questo scopo.<br \/>\n\u00c8 intuitivo, eravamo gi\u00e0 operativi prima ancora dell&#8217;onboarding, \u00e8 DAVVERO cos\u00ec facile da usare.<br \/>\n<strong>Pro<\/strong>: la velocit\u00e0 con cui siamo riusciti a diventare operativi, la semplicit\u00e0 \u00e8 la chiave!<br \/>\n<strong>Contro<\/strong>: in seguito all&#8217;acquisizione, i livelli di servizio sono calati. Ora, tornato a lavorare con il fondatore, si prevede che i livelli di servizio tornino ai livelli precedenti.<\/p>\n","protected":false},"excerpt":{"rendered":"<p>Tall Emu CRM \u00e8 un software di gestione delle relazioni con i clienti (CRM) che centralizza i dati per una facile condivisione tra i team. Gestisce le attivit\u00e0 di marketing, i lead e le vendite grazie a una combinazione di strumenti di personalizzazione, gestione del marketing e delle vendite e tecnologia di reporting.<\/p>\n","protected":false},"author":19,"featured_media":107644,"parent":5966,"menu_order":0,"comment_status":"open","ping_status":"closed","template":"g1_template_page_review_new.php","meta":{"_acf_changed":false,"cwp_meta_box_check":"Yes","cwp_rev_product_name":"","cwp_rev_product_image":"","wppr_links":[],"cwp_rev_price":"0.00","wppr_options":[{"name":"Usability","value":"0"},{"name":"Speed","value":"0"},{"name":"Features","value":"0"},{"name":"Support","value":"0"},{"name":"Pricing","value":"0"}],"wppr_pros":["","","","",""],"wppr_cons":["","","","",""],"_monsterinsights_skip_tracking":false,"_monsterinsights_sitenote_active":false,"_monsterinsights_sitenote_note":"","_monsterinsights_sitenote_category":0,"footnotes":""},"categories":[120],"tags":[1835,4080,427,1837,1239,17045],"features":[],"class_list":{"0":"post-107642","1":"page","2":"type-page","3":"status-publish","4":"has-post-thumbnail","6":"category-crm-it","7":"tag-crm-2-it","8":"tag-piattaforma-crm","9":"tag-programma-crm","10":"tag-software-crm-2-it","11":"tag-soluzione-crm","12":"tag-tall-emu-crm"},"wppr_data":{"cwp_meta_box_check":"Yes","_wppr_review_template":"default","cwp_rev_product_image":"","cwp_image_link":"image","wppr_links":[],"cwp_rev_price":"0.00","wppr_pros":["","","","",""],"wppr_cons":["","","","",""],"wppr_rating":"0.00","wppr_options":{"1":{"name":"Usability","value":"0"},"2":{"name":"Speed","value":"0"},"3":{"name":"Features","value":"0"},"4":{"name":"Support","value":"0"},"5":{"name":"Pricing","value":"0"}},"wppr_review_type":"Product","wppr_review_custom_fields":{"additionalProperty":"","additionalType":"","aggregateRating":"","alternateName":"","audience":"","award":"","awards":"","brand":"","color":"","depth":"","description":"","disambiguatingDescription":"","gtin12":"","gtin13":"","gtin14":"","gtin8":"","height":"","identifier":"","image":"","isAccessoryOrSparePartFor":"","isConsumableFor":"","isRelatedTo":"","isSimilarTo":"","itemCondition":"","logo":"","mainEntityOfPage":"","manufacturer":"","material":"","model":"","mpn":"","name":"","offers":"","potentialAction":"","productID":"","productionDate":"","purchaseDate":"","releaseDate":"","review":"","reviews":"","sameAs":"","sku":"","slogan":"","subjectOf":"","url":"","weight":"","width":""}},"acf":[],"yoast_head":"<!-- This site is optimized with the Yoast SEO plugin v27.4 - https:\/\/yoast.com\/product\/yoast-seo-wordpress\/ -->\n<title>Tall Emu CRM: recensione software CRM - Accurate Reviews<\/title>\n<meta name=\"description\" content=\"Tall Emu CRM: recensione software di gestione delle relazioni con i clienti che centralizza i dati per una facile condivisione tra i team.\" \/>\n<meta name=\"robots\" content=\"index, follow, max-snippet:-1, max-image-preview:large, max-video-preview:-1\" \/>\n<link rel=\"canonical\" href=\"https:\/\/www.accuratereviews.com\/it\/crm-software-migliori-lista\/tall-emu-crm-recensione\/\" \/>\n<meta property=\"og:locale\" content=\"it_IT\" \/>\n<meta property=\"og:type\" content=\"article\" \/>\n<meta property=\"og:title\" content=\"Tall Emu CRM: recensione software CRM - Accurate Reviews\" \/>\n<meta property=\"og:description\" content=\"Tall Emu CRM: recensione software di gestione delle relazioni con i clienti che centralizza i dati per una facile condivisione tra i team.\" \/>\n<meta property=\"og:url\" content=\"https:\/\/www.accuratereviews.com\/it\/crm-software-migliori-lista\/tall-emu-crm-recensione\/\" \/>\n<meta property=\"og:site_name\" content=\"Accurate Reviews\" \/>\n<meta property=\"og:image\" content=\"https:\/\/www.accuratereviews.com\/wp-content\/uploads\/2026\/03\/tall_emu_logo.jpeg\" \/>\n\t<meta property=\"og:image:width\" content=\"200\" \/>\n\t<meta property=\"og:image:height\" content=\"200\" \/>\n\t<meta property=\"og:image:type\" content=\"image\/jpeg\" \/>\n<meta name=\"twitter:card\" content=\"summary_large_image\" \/>\n<meta name=\"twitter:label1\" content=\"Tempo di lettura stimato\" \/>\n\t<meta name=\"twitter:data1\" content=\"5 minuti\" \/>\n<script type=\"application\/ld+json\" class=\"yoast-schema-graph\">{\"@context\":\"https:\\\/\\\/schema.org\",\"@graph\":[{\"@type\":\"WebPage\",\"@id\":\"https:\\\/\\\/www.accuratereviews.com\\\/it\\\/crm-software-migliori-lista\\\/tall-emu-crm-recensione\\\/\",\"url\":\"https:\\\/\\\/www.accuratereviews.com\\\/it\\\/crm-software-migliori-lista\\\/tall-emu-crm-recensione\\\/\",\"name\":\"Tall Emu CRM: recensione software CRM - Accurate Reviews\",\"isPartOf\":{\"@id\":\"https:\\\/\\\/www.accuratereviews.com\\\/it\\\/#website\"},\"primaryImageOfPage\":{\"@id\":\"https:\\\/\\\/www.accuratereviews.com\\\/it\\\/crm-software-migliori-lista\\\/tall-emu-crm-recensione\\\/#primaryimage\"},\"image\":{\"@id\":\"https:\\\/\\\/www.accuratereviews.com\\\/it\\\/crm-software-migliori-lista\\\/tall-emu-crm-recensione\\\/#primaryimage\"},\"thumbnailUrl\":\"https:\\\/\\\/www.accuratereviews.com\\\/wp-content\\\/uploads\\\/2026\\\/03\\\/tall_emu_logo.jpeg\",\"datePublished\":\"2026-03-16T15:14:52+00:00\",\"description\":\"Tall Emu CRM: recensione software di gestione delle relazioni con i clienti che centralizza i dati per una facile condivisione tra i team.\",\"breadcrumb\":{\"@id\":\"https:\\\/\\\/www.accuratereviews.com\\\/it\\\/crm-software-migliori-lista\\\/tall-emu-crm-recensione\\\/#breadcrumb\"},\"inLanguage\":\"it-IT\",\"potentialAction\":[{\"@type\":\"ReadAction\",\"target\":[\"https:\\\/\\\/www.accuratereviews.com\\\/it\\\/crm-software-migliori-lista\\\/tall-emu-crm-recensione\\\/\"]}]},{\"@type\":\"ImageObject\",\"inLanguage\":\"it-IT\",\"@id\":\"https:\\\/\\\/www.accuratereviews.com\\\/it\\\/crm-software-migliori-lista\\\/tall-emu-crm-recensione\\\/#primaryimage\",\"url\":\"https:\\\/\\\/www.accuratereviews.com\\\/wp-content\\\/uploads\\\/2026\\\/03\\\/tall_emu_logo.jpeg\",\"contentUrl\":\"https:\\\/\\\/www.accuratereviews.com\\\/wp-content\\\/uploads\\\/2026\\\/03\\\/tall_emu_logo.jpeg\",\"width\":200,\"height\":200},{\"@type\":\"BreadcrumbList\",\"@id\":\"https:\\\/\\\/www.accuratereviews.com\\\/it\\\/crm-software-migliori-lista\\\/tall-emu-crm-recensione\\\/#breadcrumb\",\"itemListElement\":[{\"@type\":\"ListItem\",\"position\":1,\"name\":\"Home\",\"item\":\"https:\\\/\\\/www.accuratereviews.com\\\/it\\\/\"},{\"@type\":\"ListItem\",\"position\":2,\"name\":\"CRM: i software migliori\",\"item\":\"https:\\\/\\\/www.accuratereviews.com\\\/it\\\/crm-software-migliori-lista\\\/\"},{\"@type\":\"ListItem\",\"position\":3,\"name\":\"Tall Emu CRM\"}]},{\"@type\":\"WebSite\",\"@id\":\"https:\\\/\\\/www.accuratereviews.com\\\/it\\\/#website\",\"url\":\"https:\\\/\\\/www.accuratereviews.com\\\/it\\\/\",\"name\":\"Accurate Reviews\",\"description\":\"\",\"potentialAction\":[{\"@type\":\"SearchAction\",\"target\":{\"@type\":\"EntryPoint\",\"urlTemplate\":\"https:\\\/\\\/www.accuratereviews.com\\\/it\\\/?s={search_term_string}\"},\"query-input\":{\"@type\":\"PropertyValueSpecification\",\"valueRequired\":true,\"valueName\":\"search_term_string\"}}],\"inLanguage\":\"it-IT\"}]}<\/script>\n<!-- \/ Yoast SEO plugin. -->","yoast_head_json":{"title":"Tall Emu CRM: recensione software CRM - Accurate Reviews","description":"Tall Emu CRM: recensione software di gestione delle relazioni con i clienti che centralizza i dati per una facile condivisione tra i team.","robots":{"index":"index","follow":"follow","max-snippet":"max-snippet:-1","max-image-preview":"max-image-preview:large","max-video-preview":"max-video-preview:-1"},"canonical":"https:\/\/www.accuratereviews.com\/it\/crm-software-migliori-lista\/tall-emu-crm-recensione\/","og_locale":"it_IT","og_type":"article","og_title":"Tall Emu CRM: recensione software CRM - Accurate Reviews","og_description":"Tall Emu CRM: recensione software di gestione delle relazioni con i clienti che centralizza i dati per una facile condivisione tra i team.","og_url":"https:\/\/www.accuratereviews.com\/it\/crm-software-migliori-lista\/tall-emu-crm-recensione\/","og_site_name":"Accurate Reviews","og_image":[{"width":200,"height":200,"url":"https:\/\/www.accuratereviews.com\/wp-content\/uploads\/2026\/03\/tall_emu_logo.jpeg","type":"image\/jpeg"}],"twitter_card":"summary_large_image","twitter_misc":{"Tempo di lettura stimato":"5 minuti"},"schema":{"@context":"https:\/\/schema.org","@graph":[{"@type":"WebPage","@id":"https:\/\/www.accuratereviews.com\/it\/crm-software-migliori-lista\/tall-emu-crm-recensione\/","url":"https:\/\/www.accuratereviews.com\/it\/crm-software-migliori-lista\/tall-emu-crm-recensione\/","name":"Tall Emu CRM: recensione software CRM - Accurate Reviews","isPartOf":{"@id":"https:\/\/www.accuratereviews.com\/it\/#website"},"primaryImageOfPage":{"@id":"https:\/\/www.accuratereviews.com\/it\/crm-software-migliori-lista\/tall-emu-crm-recensione\/#primaryimage"},"image":{"@id":"https:\/\/www.accuratereviews.com\/it\/crm-software-migliori-lista\/tall-emu-crm-recensione\/#primaryimage"},"thumbnailUrl":"https:\/\/www.accuratereviews.com\/wp-content\/uploads\/2026\/03\/tall_emu_logo.jpeg","datePublished":"2026-03-16T15:14:52+00:00","description":"Tall Emu CRM: recensione software di gestione delle relazioni con i clienti che centralizza i dati per una facile condivisione tra i team.","breadcrumb":{"@id":"https:\/\/www.accuratereviews.com\/it\/crm-software-migliori-lista\/tall-emu-crm-recensione\/#breadcrumb"},"inLanguage":"it-IT","potentialAction":[{"@type":"ReadAction","target":["https:\/\/www.accuratereviews.com\/it\/crm-software-migliori-lista\/tall-emu-crm-recensione\/"]}]},{"@type":"ImageObject","inLanguage":"it-IT","@id":"https:\/\/www.accuratereviews.com\/it\/crm-software-migliori-lista\/tall-emu-crm-recensione\/#primaryimage","url":"https:\/\/www.accuratereviews.com\/wp-content\/uploads\/2026\/03\/tall_emu_logo.jpeg","contentUrl":"https:\/\/www.accuratereviews.com\/wp-content\/uploads\/2026\/03\/tall_emu_logo.jpeg","width":200,"height":200},{"@type":"BreadcrumbList","@id":"https:\/\/www.accuratereviews.com\/it\/crm-software-migliori-lista\/tall-emu-crm-recensione\/#breadcrumb","itemListElement":[{"@type":"ListItem","position":1,"name":"Home","item":"https:\/\/www.accuratereviews.com\/it\/"},{"@type":"ListItem","position":2,"name":"CRM: i software migliori","item":"https:\/\/www.accuratereviews.com\/it\/crm-software-migliori-lista\/"},{"@type":"ListItem","position":3,"name":"Tall Emu CRM"}]},{"@type":"WebSite","@id":"https:\/\/www.accuratereviews.com\/it\/#website","url":"https:\/\/www.accuratereviews.com\/it\/","name":"Accurate Reviews","description":"","potentialAction":[{"@type":"SearchAction","target":{"@type":"EntryPoint","urlTemplate":"https:\/\/www.accuratereviews.com\/it\/?s={search_term_string}"},"query-input":{"@type":"PropertyValueSpecification","valueRequired":true,"valueName":"search_term_string"}}],"inLanguage":"it-IT"}]}},"_links":{"self":[{"href":"https:\/\/www.accuratereviews.com\/it\/wp-json\/wp\/v2\/pages\/107642","targetHints":{"allow":["GET"]}}],"collection":[{"href":"https:\/\/www.accuratereviews.com\/it\/wp-json\/wp\/v2\/pages"}],"about":[{"href":"https:\/\/www.accuratereviews.com\/it\/wp-json\/wp\/v2\/types\/page"}],"author":[{"embeddable":true,"href":"https:\/\/www.accuratereviews.com\/it\/wp-json\/wp\/v2\/users\/19"}],"replies":[{"embeddable":true,"href":"https:\/\/www.accuratereviews.com\/it\/wp-json\/wp\/v2\/comments?post=107642"}],"version-history":[{"count":6,"href":"https:\/\/www.accuratereviews.com\/it\/wp-json\/wp\/v2\/pages\/107642\/revisions"}],"predecessor-version":[{"id":107665,"href":"https:\/\/www.accuratereviews.com\/it\/wp-json\/wp\/v2\/pages\/107642\/revisions\/107665"}],"up":[{"embeddable":true,"href":"https:\/\/www.accuratereviews.com\/it\/wp-json\/wp\/v2\/pages\/5966"}],"wp:featuredmedia":[{"embeddable":true,"href":"https:\/\/www.accuratereviews.com\/it\/wp-json\/wp\/v2\/media\/107644"}],"wp:attachment":[{"href":"https:\/\/www.accuratereviews.com\/it\/wp-json\/wp\/v2\/media?parent=107642"}],"wp:term":[{"taxonomy":"category","embeddable":true,"href":"https:\/\/www.accuratereviews.com\/it\/wp-json\/wp\/v2\/categories?post=107642"},{"taxonomy":"post_tag","embeddable":true,"href":"https:\/\/www.accuratereviews.com\/it\/wp-json\/wp\/v2\/tags?post=107642"},{"taxonomy":"features","embeddable":true,"href":"https:\/\/www.accuratereviews.com\/it\/wp-json\/wp\/v2\/features?post=107642"}],"curies":[{"name":"wp","href":"https:\/\/api.w.org\/{rel}","templated":true}]}}