{"id":107711,"date":"2026-03-19T15:04:01","date_gmt":"2026-03-19T15:04:01","guid":{"rendered":"https:\/\/www.accuratereviews.com\/?page_id=107711"},"modified":"2026-03-19T15:04:01","modified_gmt":"2026-03-19T15:04:01","slug":"conversational-cloud-recensione","status":"publish","type":"page","link":"https:\/\/www.accuratereviews.com\/it\/crm-software-migliori-lista\/conversational-cloud-recensione\/","title":{"rendered":"Conversational Cloud"},"content":{"rendered":"<p>La piattaforma <strong>Conversational Cloud<\/strong> gestisce i processi di hosting, monitoraggio, instradamento e gestione per implementare e ottimizzare i chatbot. Offre solide funzionalit\u00e0 di reporting che consentono alle aziende di ottimizzare le prestazioni e valutare il ritorno sull&#8217;investimento in tempo reale. Ogni aspetto di ciascuna conversazione viene tracciato all&#8217;interno della piattaforma, inclusi durata, <strong>sentiment e CSAT<\/strong>, intenti del consumatore e persino risultati personalizzati come le conversioni. La soluzione offre solide funzionalit\u00e0 di analisi predefinite, insieme alla possibilit\u00e0 di creare <strong>report allineati a KPI<\/strong> specifici.<br \/>\nLe funzionalit\u00e0 di reporting di <strong>Conversational Cloud<\/strong> aiutano, inoltre, a ottimizzare le prestazioni di agenti e bot nel tempo, fornendo al contempo preziose informazioni aziendali relative alle tendenze dei clienti, alla percezione del marchio, ai casi d&#8217;uso del prodotto e altro ancora.<\/p>\n<h2>CONVERSATIONAL CLOUD &#8211; TUTORIAL<\/h2>\n<div id=\"fluid-wrapper-counter-1\" class=\"g1-fluid-wrapper \" style=\"width:686px;\">\n<div style=\"padding-bottom:56.268221574344%;\"><iframe loading=\"lazy\" title=\"LivePerson Conversational Cloud (53s)\" src=\"https:\/\/player.vimeo.com\/video\/456142388?dnt=1&amp;app_id=122963?title=0&amp;byline=0&amp;portrait=0\" width=\"686\" height=\"386\" frameborder=\"0\" allow=\"autoplay; fullscreen; picture-in-picture; clipboard-write; encrypted-media; web-share\" referrerpolicy=\"strict-origin-when-cross-origin\"><\/iframe><\/div>\n<\/div>\n<h2>CONVERSATIONAL CLOUD &#8211; CARATTERISTICHE<\/h2>\n<ul>\n<li><strong>Intelligenza artificiale conversazionale e automazione:<\/strong> interagisci con i tuoi clienti ovunque si trovino, grazie al perfetto equilibrio tra operatori umani, automazioni intelligenti e intelligenza artificiale conversazionale, sia per la voce che per la messaggistica.<\/li>\n<li><strong> Esperienza per operatori e supervisori:<\/strong> consenti agli operatori di fornire esperienze clienti unificate ed efficienti su qualsiasi canale. Gli operatori possono facilmente rimanere aggiornati per rivedere, modificare e approvare le risposte dell&#8217;IA prima dell&#8217;invio. Migliora gli strumenti per gli operatori, fornisci contesto in tempo reale e aumenta la visibilit\u00e0 dei supervisori.<\/li>\n<li><strong>Intelligenza conversazionale:<\/strong> ottieni una conoscenza approfondita dei consumatori attraverso le informazioni ricavate da ogni interazione conversazionale. Accedi e analizza tutti i tuoi dati, provenienti da voce e messaggistica, per comprendere cosa desiderano e cosa provano i clienti, migliorando ogni esperienza conversazionale e le prestazioni del tuo contact center.<\/li>\n<li><strong>Canali di comunicazione<\/strong>: crea esperienze clienti senza precedenti connettendoti con i tuoi clienti attraverso i canali che preferiscono, che si tratti di sms, WhatsApp, voce o altro. Connettiti senza soluzione di continuit\u00e0 e supera le loro aspettative.<\/li>\n<li><strong>Piattaforma aperta:<\/strong> integra la piattaforma di intelligenza artificiale conversazionale di LivePerson con le tue piattaforme CRM, di marketing e di gestione dati esistenti per personalizzare e semplificare le interazioni, abbattere i silos tecnologici e liberare tutto il potenziale della tua azienda.<\/li>\n<\/ul>\n<h4>LE RECENSIONI DEGLI UTENTI<\/h4>\n<p><strong>Leo &#8220;LivePerson &#8211; Soddisfare le aspettative di una persona&#8221;<\/strong><br \/>\nNel complesso \u00e8 un ottimo strumento di comunicazione, ci aiuta moltissimo a fornire supporto ai nostri clienti. Possiamo visualizzare molte informazioni utili in questo percorso, e il fatto che sia un programma facile da usare rende tutto decisamente migliore. Come ho detto, non \u00e8 perfetto e necessita di alcuni miglioramenti, ma \u00e8 semplicemente fantastico.<br \/>\n<strong>Pro<\/strong>: Interfaccia molto pulita, ovvero intuitiva. Ci siamo abituati facilmente.<br \/>\n<strong>Contro<\/strong>: a volte l&#8217;app si aggiorna improvvisamente, interrompendo la conversazione con i clienti.<\/p>\n<p><strong>Grace &#8220;Fa il suo dovere, ma c&#8217;\u00e8 margine di miglioramento.&#8221;<\/strong><br \/>\nNel complesso, Live Person svolge il suo lavoro, ma c&#8217;\u00e8 ampio margine di miglioramento. Sono grato per le opportunit\u00e0 che Live Person offre, ma vorrei che fossero pi\u00f9 facili da sfruttare.<br \/>\n<strong>Pro<\/strong>: Mi piace che sia facile comunicare con i clienti tramite un operatore in carne e ossa. Apprezzo anche la buona integrazione con Salesforce, che permette di salvare automaticamente le conversazioni (anche se questa funzione funziona solo nel 50% dei casi, nelle restanti occasioni devo salvare manualmente le conversazioni).<br \/>\n<strong>Contro<\/strong>: Non mi piace per niente che Live mi chieda di cambiare la password in momenti apparentemente casuali. Quasi sempre devo coinvolgere il mio team IT perch\u00e9 rimango bloccato in un ciclo di messaggi tipo &#8220;devi cambiare la password, hai inserito una password non valida&#8221; o &#8220;non puoi usare una password gi\u00e0 utilizzata in precedenza&#8221;.<\/p>\n<p><strong>Aimee &#8220;Ottimo per le basi!&#8221;<\/strong><br \/>\nChat giornaliere e amministrazione del sistema &#8211; supervisione generale<br \/>\n<strong>Pro<\/strong>: Interfaccia di chat semplice e intuitiva. I nuovi aggiornamenti sono FANTASTICI e conferiscono un&#8217;atmosfera molto pi\u00f9 moderna e attuale: ora l&#8217;estetica \u00e8 decisamente pi\u00f9 user-friendly!<br \/>\n<strong>Contro<\/strong>: la reportistica. Essere in grado di monitorare le tendenze, ecc., di ci\u00f2 che i clienti chiedono e di come valutano il servizio ricevuto.<\/p>\n","protected":false},"excerpt":{"rendered":"<p>La piattaforma Conversational Cloud gestisce i processi di hosting, monitoraggio, instradamento e gestione per implementare e ottimizzare i chatbot. Offre solide funzionalit\u00e0 di reporting che consentono alle aziende di ottimizzare le prestazioni e valutare il ritorno sull&#8217;investimento in tempo reale.<\/p>\n","protected":false},"author":19,"featured_media":107712,"parent":5966,"menu_order":0,"comment_status":"open","ping_status":"closed","template":"g1_template_page_review_new.php","meta":{"_acf_changed":false,"cwp_meta_box_check":"Yes","cwp_rev_product_name":"","cwp_rev_product_image":"","wppr_links":[],"cwp_rev_price":"0.00","wppr_options":[{"name":"Usability","value":"0"},{"name":"Speed","value":"0"},{"name":"Features","value":"0"},{"name":"Support","value":"0"},{"name":"Pricing","value":"0"}],"wppr_pros":["","","","",""],"wppr_cons":["","","","",""],"_monsterinsights_skip_tracking":false,"_monsterinsights_sitenote_active":false,"_monsterinsights_sitenote_note":"","_monsterinsights_sitenote_category":0,"footnotes":""},"categories":[120],"tags":[17050,1835,4080,427,1837,1239],"features":[],"class_list":{"0":"post-107711","1":"page","2":"type-page","3":"status-publish","4":"has-post-thumbnail","6":"category-crm-it","7":"tag-conversational-cloud","8":"tag-crm-2-it","9":"tag-piattaforma-crm","10":"tag-programma-crm","11":"tag-software-crm-2-it","12":"tag-soluzione-crm"},"wppr_data":{"cwp_meta_box_check":"Yes","_wppr_review_template":"default","cwp_rev_product_image":"","cwp_image_link":"image","wppr_links":[],"cwp_rev_price":"0.00","wppr_pros":["","","","",""],"wppr_cons":["","","","",""],"wppr_rating":"0.00","wppr_options":{"1":{"name":"Usability","value":"0"},"2":{"name":"Speed","value":"0"},"3":{"name":"Features","value":"0"},"4":{"name":"Support","value":"0"},"5":{"name":"Pricing","value":"0"}},"wppr_review_type":"Product","wppr_review_custom_fields":{"additionalProperty":"","additionalType":"","aggregateRating":"","alternateName":"","audience":"","award":"","awards":"","brand":"","color":"","depth":"","description":"","disambiguatingDescription":"","gtin12":"","gtin13":"","gtin14":"","gtin8":"","height":"","identifier":"","image":"","isAccessoryOrSparePartFor":"","isConsumableFor":"","isRelatedTo":"","isSimilarTo":"","itemCondition":"","logo":"","mainEntityOfPage":"","manufacturer":"","material":"","model":"","mpn":"","name":"","offers":"","potentialAction":"","productID":"","productionDate":"","purchaseDate":"","releaseDate":"","review":"","reviews":"","sameAs":"","sku":"","slogan":"","subjectOf":"","url":"","weight":"","width":""}},"acf":[],"yoast_head":"<!-- This site is optimized with the Yoast SEO plugin v27.4 - https:\/\/yoast.com\/product\/yoast-seo-wordpress\/ -->\n<title>Conversational Cloud: recensione software CRM - Accurate Reviews<\/title>\n<meta name=\"description\" content=\"Conversational Cloud: recensione software che gestisce i processi di hosting, monitoraggio, instradamento e implementazione di chatbot.\" \/>\n<meta name=\"robots\" content=\"index, follow, max-snippet:-1, max-image-preview:large, max-video-preview:-1\" \/>\n<link rel=\"canonical\" href=\"https:\/\/www.accuratereviews.com\/it\/crm-software-migliori-lista\/conversational-cloud-recensione\/\" \/>\n<meta property=\"og:locale\" content=\"it_IT\" \/>\n<meta property=\"og:type\" content=\"article\" \/>\n<meta property=\"og:title\" content=\"Conversational Cloud: recensione software CRM - Accurate Reviews\" \/>\n<meta property=\"og:description\" content=\"Conversational Cloud: recensione software che gestisce i processi di hosting, monitoraggio, instradamento e implementazione di chatbot.\" \/>\n<meta property=\"og:url\" content=\"https:\/\/www.accuratereviews.com\/it\/crm-software-migliori-lista\/conversational-cloud-recensione\/\" \/>\n<meta property=\"og:site_name\" content=\"Accurate Reviews\" \/>\n<meta property=\"og:image\" content=\"https:\/\/www.accuratereviews.com\/wp-content\/uploads\/2026\/03\/Conversational-Cloud.png\" \/>\n\t<meta property=\"og:image:width\" content=\"1335\" \/>\n\t<meta property=\"og:image:height\" content=\"1007\" \/>\n\t<meta property=\"og:image:type\" content=\"image\/png\" \/>\n<meta name=\"twitter:card\" content=\"summary_large_image\" \/>\n<meta name=\"twitter:label1\" content=\"Tempo di lettura stimato\" \/>\n\t<meta name=\"twitter:data1\" content=\"5 minuti\" \/>\n<script type=\"application\/ld+json\" class=\"yoast-schema-graph\">{\"@context\":\"https:\\\/\\\/schema.org\",\"@graph\":[{\"@type\":\"WebPage\",\"@id\":\"https:\\\/\\\/www.accuratereviews.com\\\/it\\\/crm-software-migliori-lista\\\/conversational-cloud-recensione\\\/\",\"url\":\"https:\\\/\\\/www.accuratereviews.com\\\/it\\\/crm-software-migliori-lista\\\/conversational-cloud-recensione\\\/\",\"name\":\"Conversational Cloud: recensione software CRM - Accurate Reviews\",\"isPartOf\":{\"@id\":\"https:\\\/\\\/www.accuratereviews.com\\\/it\\\/#website\"},\"primaryImageOfPage\":{\"@id\":\"https:\\\/\\\/www.accuratereviews.com\\\/it\\\/crm-software-migliori-lista\\\/conversational-cloud-recensione\\\/#primaryimage\"},\"image\":{\"@id\":\"https:\\\/\\\/www.accuratereviews.com\\\/it\\\/crm-software-migliori-lista\\\/conversational-cloud-recensione\\\/#primaryimage\"},\"thumbnailUrl\":\"https:\\\/\\\/www.accuratereviews.com\\\/wp-content\\\/uploads\\\/2026\\\/03\\\/Conversational-Cloud.png\",\"datePublished\":\"2026-03-19T15:04:01+00:00\",\"description\":\"Conversational Cloud: recensione software che gestisce i processi di hosting, monitoraggio, instradamento e implementazione di chatbot.\",\"breadcrumb\":{\"@id\":\"https:\\\/\\\/www.accuratereviews.com\\\/it\\\/crm-software-migliori-lista\\\/conversational-cloud-recensione\\\/#breadcrumb\"},\"inLanguage\":\"it-IT\",\"potentialAction\":[{\"@type\":\"ReadAction\",\"target\":[\"https:\\\/\\\/www.accuratereviews.com\\\/it\\\/crm-software-migliori-lista\\\/conversational-cloud-recensione\\\/\"]}]},{\"@type\":\"ImageObject\",\"inLanguage\":\"it-IT\",\"@id\":\"https:\\\/\\\/www.accuratereviews.com\\\/it\\\/crm-software-migliori-lista\\\/conversational-cloud-recensione\\\/#primaryimage\",\"url\":\"https:\\\/\\\/www.accuratereviews.com\\\/wp-content\\\/uploads\\\/2026\\\/03\\\/Conversational-Cloud.png\",\"contentUrl\":\"https:\\\/\\\/www.accuratereviews.com\\\/wp-content\\\/uploads\\\/2026\\\/03\\\/Conversational-Cloud.png\",\"width\":1335,\"height\":1007},{\"@type\":\"BreadcrumbList\",\"@id\":\"https:\\\/\\\/www.accuratereviews.com\\\/it\\\/crm-software-migliori-lista\\\/conversational-cloud-recensione\\\/#breadcrumb\",\"itemListElement\":[{\"@type\":\"ListItem\",\"position\":1,\"name\":\"Home\",\"item\":\"https:\\\/\\\/www.accuratereviews.com\\\/it\\\/\"},{\"@type\":\"ListItem\",\"position\":2,\"name\":\"CRM: i software migliori\",\"item\":\"https:\\\/\\\/www.accuratereviews.com\\\/it\\\/crm-software-migliori-lista\\\/\"},{\"@type\":\"ListItem\",\"position\":3,\"name\":\"Conversational Cloud\"}]},{\"@type\":\"WebSite\",\"@id\":\"https:\\\/\\\/www.accuratereviews.com\\\/it\\\/#website\",\"url\":\"https:\\\/\\\/www.accuratereviews.com\\\/it\\\/\",\"name\":\"Accurate Reviews\",\"description\":\"\",\"potentialAction\":[{\"@type\":\"SearchAction\",\"target\":{\"@type\":\"EntryPoint\",\"urlTemplate\":\"https:\\\/\\\/www.accuratereviews.com\\\/it\\\/?s={search_term_string}\"},\"query-input\":{\"@type\":\"PropertyValueSpecification\",\"valueRequired\":true,\"valueName\":\"search_term_string\"}}],\"inLanguage\":\"it-IT\"}]}<\/script>\n<!-- \/ Yoast SEO plugin. -->","yoast_head_json":{"title":"Conversational Cloud: recensione software CRM - Accurate Reviews","description":"Conversational Cloud: recensione software che gestisce i processi di hosting, monitoraggio, instradamento e implementazione di chatbot.","robots":{"index":"index","follow":"follow","max-snippet":"max-snippet:-1","max-image-preview":"max-image-preview:large","max-video-preview":"max-video-preview:-1"},"canonical":"https:\/\/www.accuratereviews.com\/it\/crm-software-migliori-lista\/conversational-cloud-recensione\/","og_locale":"it_IT","og_type":"article","og_title":"Conversational Cloud: recensione software CRM - Accurate Reviews","og_description":"Conversational Cloud: recensione software che gestisce i processi di hosting, monitoraggio, instradamento e implementazione di chatbot.","og_url":"https:\/\/www.accuratereviews.com\/it\/crm-software-migliori-lista\/conversational-cloud-recensione\/","og_site_name":"Accurate Reviews","og_image":[{"width":1335,"height":1007,"url":"https:\/\/www.accuratereviews.com\/wp-content\/uploads\/2026\/03\/Conversational-Cloud.png","type":"image\/png"}],"twitter_card":"summary_large_image","twitter_misc":{"Tempo di lettura stimato":"5 minuti"},"schema":{"@context":"https:\/\/schema.org","@graph":[{"@type":"WebPage","@id":"https:\/\/www.accuratereviews.com\/it\/crm-software-migliori-lista\/conversational-cloud-recensione\/","url":"https:\/\/www.accuratereviews.com\/it\/crm-software-migliori-lista\/conversational-cloud-recensione\/","name":"Conversational Cloud: recensione software CRM - Accurate Reviews","isPartOf":{"@id":"https:\/\/www.accuratereviews.com\/it\/#website"},"primaryImageOfPage":{"@id":"https:\/\/www.accuratereviews.com\/it\/crm-software-migliori-lista\/conversational-cloud-recensione\/#primaryimage"},"image":{"@id":"https:\/\/www.accuratereviews.com\/it\/crm-software-migliori-lista\/conversational-cloud-recensione\/#primaryimage"},"thumbnailUrl":"https:\/\/www.accuratereviews.com\/wp-content\/uploads\/2026\/03\/Conversational-Cloud.png","datePublished":"2026-03-19T15:04:01+00:00","description":"Conversational Cloud: recensione software che gestisce i processi di hosting, monitoraggio, instradamento e implementazione di chatbot.","breadcrumb":{"@id":"https:\/\/www.accuratereviews.com\/it\/crm-software-migliori-lista\/conversational-cloud-recensione\/#breadcrumb"},"inLanguage":"it-IT","potentialAction":[{"@type":"ReadAction","target":["https:\/\/www.accuratereviews.com\/it\/crm-software-migliori-lista\/conversational-cloud-recensione\/"]}]},{"@type":"ImageObject","inLanguage":"it-IT","@id":"https:\/\/www.accuratereviews.com\/it\/crm-software-migliori-lista\/conversational-cloud-recensione\/#primaryimage","url":"https:\/\/www.accuratereviews.com\/wp-content\/uploads\/2026\/03\/Conversational-Cloud.png","contentUrl":"https:\/\/www.accuratereviews.com\/wp-content\/uploads\/2026\/03\/Conversational-Cloud.png","width":1335,"height":1007},{"@type":"BreadcrumbList","@id":"https:\/\/www.accuratereviews.com\/it\/crm-software-migliori-lista\/conversational-cloud-recensione\/#breadcrumb","itemListElement":[{"@type":"ListItem","position":1,"name":"Home","item":"https:\/\/www.accuratereviews.com\/it\/"},{"@type":"ListItem","position":2,"name":"CRM: i software migliori","item":"https:\/\/www.accuratereviews.com\/it\/crm-software-migliori-lista\/"},{"@type":"ListItem","position":3,"name":"Conversational Cloud"}]},{"@type":"WebSite","@id":"https:\/\/www.accuratereviews.com\/it\/#website","url":"https:\/\/www.accuratereviews.com\/it\/","name":"Accurate Reviews","description":"","potentialAction":[{"@type":"SearchAction","target":{"@type":"EntryPoint","urlTemplate":"https:\/\/www.accuratereviews.com\/it\/?s={search_term_string}"},"query-input":{"@type":"PropertyValueSpecification","valueRequired":true,"valueName":"search_term_string"}}],"inLanguage":"it-IT"}]}},"_links":{"self":[{"href":"https:\/\/www.accuratereviews.com\/it\/wp-json\/wp\/v2\/pages\/107711","targetHints":{"allow":["GET"]}}],"collection":[{"href":"https:\/\/www.accuratereviews.com\/it\/wp-json\/wp\/v2\/pages"}],"about":[{"href":"https:\/\/www.accuratereviews.com\/it\/wp-json\/wp\/v2\/types\/page"}],"author":[{"embeddable":true,"href":"https:\/\/www.accuratereviews.com\/it\/wp-json\/wp\/v2\/users\/19"}],"replies":[{"embeddable":true,"href":"https:\/\/www.accuratereviews.com\/it\/wp-json\/wp\/v2\/comments?post=107711"}],"version-history":[{"count":6,"href":"https:\/\/www.accuratereviews.com\/it\/wp-json\/wp\/v2\/pages\/107711\/revisions"}],"predecessor-version":[{"id":107726,"href":"https:\/\/www.accuratereviews.com\/it\/wp-json\/wp\/v2\/pages\/107711\/revisions\/107726"}],"up":[{"embeddable":true,"href":"https:\/\/www.accuratereviews.com\/it\/wp-json\/wp\/v2\/pages\/5966"}],"wp:featuredmedia":[{"embeddable":true,"href":"https:\/\/www.accuratereviews.com\/it\/wp-json\/wp\/v2\/media\/107712"}],"wp:attachment":[{"href":"https:\/\/www.accuratereviews.com\/it\/wp-json\/wp\/v2\/media?parent=107711"}],"wp:term":[{"taxonomy":"category","embeddable":true,"href":"https:\/\/www.accuratereviews.com\/it\/wp-json\/wp\/v2\/categories?post=107711"},{"taxonomy":"post_tag","embeddable":true,"href":"https:\/\/www.accuratereviews.com\/it\/wp-json\/wp\/v2\/tags?post=107711"},{"taxonomy":"features","embeddable":true,"href":"https:\/\/www.accuratereviews.com\/it\/wp-json\/wp\/v2\/features?post=107711"}],"curies":[{"name":"wp","href":"https:\/\/api.w.org\/{rel}","templated":true}]}}