{"id":108007,"date":"2026-04-02T14:23:52","date_gmt":"2026-04-02T14:23:52","guid":{"rendered":"https:\/\/www.accuratereviews.com\/?page_id=108007"},"modified":"2026-04-02T14:23:52","modified_gmt":"2026-04-02T14:23:52","slug":"stacker-recensione","status":"publish","type":"page","link":"https:\/\/www.accuratereviews.com\/it\/crm-software-migliori-lista\/stacker-recensione\/","title":{"rendered":"Stacker"},"content":{"rendered":"<p><strong>Stacker<\/strong> \u00e8 un<strong> generatore di applicazioni<\/strong> basato su <strong>cloud<\/strong> che si integra con <strong>Google Sheets<\/strong> e <strong>Airtable<\/strong> per consentire alle aziende di trasformare i propri fogli di calcolo in app personalizzate. La piattaforma fornisce strumenti di personalizzazione delle app per offrire agli utenti un accesso intuitivo ai dati. Pu\u00f2 essere utilizzata per condividere dati per progetti con i clienti, gestione del lavoro,<strong> relazioni con i client<\/strong>i, risorse umane, gestione degli ordini e altro ancora. Gli utenti possono scegliere come visualizzare i propri dati utilizzando elenchi, portali, grafici, mappe e altro ancora.<br \/>\n<strong>Stacker<\/strong>, inoltre, consente alle aziende di gestire le autorizzazioni e controllare quali utenti hanno accesso a ciascuna area dell&#8217;app.<\/p>\n<h2>STACKER &#8211; TUTORIAL<\/h2>\n<div id=\"fluid-wrapper-counter-1\" class=\"g1-fluid-wrapper \" style=\"width:686px;\">\n<div style=\"padding-bottom:56.268221574344%;\"><iframe loading=\"lazy\" title=\"Stacker School: Permissions\" width=\"686\" height=\"386\" src=\"https:\/\/www.youtube.com\/embed\/rdwHZLUCmS0?feature=oembed&amp;wmode=transparent&amp;autohide=1&amp;autoplay=0&amp;disablekb=0&amp;fs=1&amp;loop=0&amp;enablejsapi=1&amp;rel=0&amp;controls=2&amp;showinfo=0&amp;wmode=transparent&amp;autohide=2&amp;autoplay=0&amp;disablekb=0&amp;fs=1&amp;loop=0&amp;enablejsapi=1&amp;rel=0&amp;controls=2&amp;showinfo=1\" frameborder=\"0\" allow=\"accelerometer; autoplay; clipboard-write; encrypted-media; gyroscope; picture-in-picture; web-share\" referrerpolicy=\"strict-origin-when-cross-origin\" allowfullscreen><\/iframe><\/div>\n<\/div>\n<h2>STACKER &#8211; CARATTERISTICHE<\/h2>\n<ul>\n<li>CRM flessibile: monitora le informazioni importanti per te<\/li>\n<li>Tracciamento dei processi: ticket, richieste, candidature e approvazioni<\/li>\n<li>ERP personalizzato: crea il sistema centrale che alimenta la tua attivit\u00e0<\/li>\n<li>Gestione del lavoro: gestisci ogni lavoro dalla creazione al completamento, senza sforzo<\/li>\n<li>Portale clienti: offri ai tuoi clienti un&#8217;esperienza self-service<\/li>\n<li>Spazio di lavoro: tieni traccia delle informazioni importanti per te<\/li>\n<li>Portale partner: migliora la collaborazione con partner, potenziali clienti e fornitori<\/li>\n<li>Portali: offri ai tuoi clienti un&#8217;app completamente self-service<\/li>\n<li>Database flessibile: gestisci ogni lavoro dalla creazione al completamento, senza sforzo<\/li>\n<li>Interfaccia utente dell&#8217;app: ticket, richieste, candidature e approvazioni<\/li>\n<li>Agenti IA: automatizza i tuoi processi con gli agenti IA della soluzione<\/li>\n<\/ul>\n<h4>LE RECENSIONI DEGLI UTENTI<\/h4>\n<p><strong>Max &#8220;Automatizzo i processi per una maggiore velocit\u00e0&#8221;<\/strong><br \/>\nHo semplificato i processi interni, dando maggiore risparmio di tempo nell&#8217;esecuzione di ciascuno e dando cos\u00ec a ciascuno un&#8217;esecuzione pi\u00f9 rapida per avanzare con l&#8217;altro.<br \/>\n<strong>Pro<\/strong>: La cosa migliore di Stacker \u00e8 poter creare un&#8217;app senza codice dove posso personalizzarla come voglio. Il modo semplice con cui integro tutti i dati e i risultati in un&#8217;app \u00e8 fantastico perch\u00e9 i processi che mi richiedevano giorni di esecuzione ora sono molto pi\u00f9 semplici, la sua facilit\u00e0 d&#8217;uso consente al nostro team di interagire con Stacker in modo semplice tenendo traccia di Esso. ai diversi progetti che vengono eseguiti nell&#8217;app<br \/>\n<strong>Contro<\/strong>: non c&#8217;\u00e8 nulla di cui sia insoddisfatto, ha il necessario per poter soddisfare le esigenze che avevamo internamente in azienda<\/p>\n<p><strong>Raphael &#8220;Stacker: uno strumento completo e facile da usare&#8221;<\/strong><br \/>\nNel complesso, Stacker \u00e8 uno strumento eccellente per la gestione di progetti e attivit\u00e0. L&#8217;interfaccia utente \u00e8 intuitiva e facile da usare e le varie funzionalit\u00e0 aiutano a rendere l&#8217;organizzazione e il monitoraggio dei progressi un gioco da ragazzi.<br \/>\n<strong>Pro<\/strong>: Stacker \u00e8 un ottimo strumento per la gestione di attivit\u00e0 e progetti complessi. \u00c8 molto intuitivo e facile da usare e semplifica l&#8217;organizzazione delle attivit\u00e0 e il monitoraggio dei progressi. L&#8217;interfaccia utente \u00e8 pulita e moderna e le varie funzionalit\u00e0 sono facilmente accessibili.<br \/>\n<strong>Contro<\/strong>: Stacker ha alcune limitazioni, soprattutto per quanto riguarda la collaborazione. Non offre una funzionalit\u00e0 di chat o collaborazione in tempo reale, che pu\u00f2 essere un ostacolo quando si lavora con pi\u00f9 persone sullo stesso progetto.<\/p>\n<p><strong>Petek &#8220;Il futuro si prospetta roseo&#8221;<\/strong><br \/>\nNecessita di miglioramenti sotto molti aspetti. Con i giusti accorgimenti, potrebbe raggiungere la vetta del mercato in futuro.<br \/>\n<strong>Pro<\/strong>: Stacker \u00e8 un ottimo strumento che include molte diverse funzionalit\u00e0. Pu\u00f2 essere molto utile e dare una spinta al tuo lavoro grazie ai suoi servizi. In poche parole, g\u00fczel d\u00fc\u015f\u00fcn\u00fclm\u00fc\u015f bir yaz\u0131l\u0131m well thought software<br \/>\n<strong>Contro<\/strong>: a mio parere, il pi\u00f9 grande svantaggio di Stacker al momento \u00e8 il prezzo. E probabilmente questo \u00e8 il motivo principale per cui le persone iniziano a usare Stacker o smettono di usarlo.<\/p>\n","protected":false},"excerpt":{"rendered":"<p>Stacker \u00e8 un generatore di applicazioni basato su cloud che si integra con Google Sheets e Airtable per consentire alle aziende di trasformare i propri fogli di calcolo in app personalizzate. La piattaforma fornisce strumenti di personalizzazione delle app per offrire agli utenti un accesso intuitivo ai dati.<\/p>\n","protected":false},"author":19,"featured_media":108030,"parent":5966,"menu_order":0,"comment_status":"open","ping_status":"closed","template":"g1_template_page_review_new.php","meta":{"_acf_changed":false,"cwp_meta_box_check":"Yes","cwp_rev_product_name":"","cwp_rev_product_image":"","wppr_links":[],"cwp_rev_price":"0.00","wppr_options":[{"name":"Usability","value":"0"},{"name":"Speed","value":"0"},{"name":"Features","value":"0"},{"name":"Support","value":"0"},{"name":"Pricing","value":"0"}],"wppr_pros":["","","","",""],"wppr_cons":["","","","",""],"_monsterinsights_skip_tracking":false,"_monsterinsights_sitenote_active":false,"_monsterinsights_sitenote_note":"","_monsterinsights_sitenote_category":0,"footnotes":""},"categories":[120],"tags":[1835,4080,427,1837,1239,17093],"features":[],"class_list":{"0":"post-108007","1":"page","2":"type-page","3":"status-publish","4":"has-post-thumbnail","6":"category-crm-it","7":"tag-crm-2-it","8":"tag-piattaforma-crm","9":"tag-programma-crm","10":"tag-software-crm-2-it","11":"tag-soluzione-crm","12":"tag-stacker"},"wppr_data":{"cwp_meta_box_check":"Yes","_wppr_review_template":"default","cwp_rev_product_image":"","cwp_image_link":"image","wppr_links":[],"cwp_rev_price":"0.00","wppr_pros":["","","","",""],"wppr_cons":["","","","",""],"wppr_rating":"0.00","wppr_options":{"1":{"name":"Usability","value":"0"},"2":{"name":"Speed","value":"0"},"3":{"name":"Features","value":"0"},"4":{"name":"Support","value":"0"},"5":{"name":"Pricing","value":"0"}},"wppr_review_type":"Product","wppr_review_custom_fields":{"additionalProperty":"","additionalType":"","aggregateRating":"","alternateName":"","audience":"","award":"","awards":"","brand":"","color":"","depth":"","description":"","disambiguatingDescription":"","gtin12":"","gtin13":"","gtin14":"","gtin8":"","height":"","identifier":"","image":"","isAccessoryOrSparePartFor":"","isConsumableFor":"","isRelatedTo":"","isSimilarTo":"","itemCondition":"","logo":"","mainEntityOfPage":"","manufacturer":"","material":"","model":"","mpn":"","name":"","offers":"","potentialAction":"","productID":"","productionDate":"","purchaseDate":"","releaseDate":"","review":"","reviews":"","sameAs":"","sku":"","slogan":"","subjectOf":"","url":"","weight":"","width":""}},"acf":[],"yoast_head":"<!-- This site is optimized with the Yoast SEO plugin v26.0 - https:\/\/yoast.com\/wordpress\/plugins\/seo\/ -->\n<title>Stacker: recensione software CRM - Accurate Reviews<\/title>\n<meta name=\"description\" content=\"Stacker: recensione software per generare applicazioni basato su cloud che si integra con Google Sheets e Airtable.\" \/>\n<meta name=\"robots\" content=\"index, follow, max-snippet:-1, max-image-preview:large, max-video-preview:-1\" \/>\n<link rel=\"canonical\" href=\"https:\/\/www.accuratereviews.com\/it\/crm-software-migliori-lista\/stacker-recensione\/\" \/>\n<meta property=\"og:locale\" content=\"it_IT\" \/>\n<meta property=\"og:type\" content=\"article\" \/>\n<meta property=\"og:title\" content=\"Stacker: recensione software CRM - Accurate Reviews\" \/>\n<meta property=\"og:description\" content=\"Stacker: recensione software per generare applicazioni basato su cloud che si integra con Google Sheets e Airtable.\" \/>\n<meta property=\"og:url\" content=\"https:\/\/www.accuratereviews.com\/it\/crm-software-migliori-lista\/stacker-recensione\/\" \/>\n<meta property=\"og:site_name\" content=\"Accurate Reviews\" \/>\n<meta property=\"og:image\" content=\"https:\/\/www.accuratereviews.com\/wp-content\/uploads\/2026\/04\/Stacker2.png\" \/>\n\t<meta property=\"og:image:width\" content=\"920\" \/>\n\t<meta property=\"og:image:height\" content=\"236\" \/>\n\t<meta property=\"og:image:type\" content=\"image\/png\" \/>\n<meta name=\"twitter:card\" content=\"summary_large_image\" \/>\n<meta name=\"twitter:label1\" content=\"Tempo di lettura stimato\" \/>\n\t<meta name=\"twitter:data1\" content=\"5 minuti\" \/>\n<script type=\"application\/ld+json\" class=\"yoast-schema-graph\">{\"@context\":\"https:\/\/schema.org\",\"@graph\":[{\"@type\":\"WebPage\",\"@id\":\"https:\/\/www.accuratereviews.com\/it\/crm-software-migliori-lista\/stacker-recensione\/\",\"url\":\"https:\/\/www.accuratereviews.com\/it\/crm-software-migliori-lista\/stacker-recensione\/\",\"name\":\"Stacker: recensione software CRM - Accurate Reviews\",\"isPartOf\":{\"@id\":\"https:\/\/www.accuratereviews.com\/it\/#website\"},\"primaryImageOfPage\":{\"@id\":\"https:\/\/www.accuratereviews.com\/it\/crm-software-migliori-lista\/stacker-recensione\/#primaryimage\"},\"image\":{\"@id\":\"https:\/\/www.accuratereviews.com\/it\/crm-software-migliori-lista\/stacker-recensione\/#primaryimage\"},\"thumbnailUrl\":\"https:\/\/www.accuratereviews.com\/wp-content\/uploads\/2026\/04\/Stacker2.png\",\"datePublished\":\"2026-04-02T14:23:52+00:00\",\"description\":\"Stacker: recensione software per generare applicazioni basato su cloud che si integra con Google Sheets e Airtable.\",\"breadcrumb\":{\"@id\":\"https:\/\/www.accuratereviews.com\/it\/crm-software-migliori-lista\/stacker-recensione\/#breadcrumb\"},\"inLanguage\":\"it-IT\",\"potentialAction\":[{\"@type\":\"ReadAction\",\"target\":[\"https:\/\/www.accuratereviews.com\/it\/crm-software-migliori-lista\/stacker-recensione\/\"]}]},{\"@type\":\"ImageObject\",\"inLanguage\":\"it-IT\",\"@id\":\"https:\/\/www.accuratereviews.com\/it\/crm-software-migliori-lista\/stacker-recensione\/#primaryimage\",\"url\":\"https:\/\/www.accuratereviews.com\/wp-content\/uploads\/2026\/04\/Stacker2.png\",\"contentUrl\":\"https:\/\/www.accuratereviews.com\/wp-content\/uploads\/2026\/04\/Stacker2.png\",\"width\":920,\"height\":236},{\"@type\":\"BreadcrumbList\",\"@id\":\"https:\/\/www.accuratereviews.com\/it\/crm-software-migliori-lista\/stacker-recensione\/#breadcrumb\",\"itemListElement\":[{\"@type\":\"ListItem\",\"position\":1,\"name\":\"Home\",\"item\":\"https:\/\/www.accuratereviews.com\/it\/\"},{\"@type\":\"ListItem\",\"position\":2,\"name\":\"CRM: i software migliori\",\"item\":\"https:\/\/www.accuratereviews.com\/it\/crm-software-migliori-lista\/\"},{\"@type\":\"ListItem\",\"position\":3,\"name\":\"Stacker\"}]},{\"@type\":\"WebSite\",\"@id\":\"https:\/\/www.accuratereviews.com\/it\/#website\",\"url\":\"https:\/\/www.accuratereviews.com\/it\/\",\"name\":\"Accurate Reviews\",\"description\":\"\",\"potentialAction\":[{\"@type\":\"SearchAction\",\"target\":{\"@type\":\"EntryPoint\",\"urlTemplate\":\"https:\/\/www.accuratereviews.com\/it\/?s={search_term_string}\"},\"query-input\":{\"@type\":\"PropertyValueSpecification\",\"valueRequired\":true,\"valueName\":\"search_term_string\"}}],\"inLanguage\":\"it-IT\"}]}<\/script>\n<!-- \/ Yoast SEO plugin. -->","yoast_head_json":{"title":"Stacker: recensione software CRM - Accurate Reviews","description":"Stacker: recensione software per generare applicazioni basato su cloud che si integra con Google Sheets e Airtable.","robots":{"index":"index","follow":"follow","max-snippet":"max-snippet:-1","max-image-preview":"max-image-preview:large","max-video-preview":"max-video-preview:-1"},"canonical":"https:\/\/www.accuratereviews.com\/it\/crm-software-migliori-lista\/stacker-recensione\/","og_locale":"it_IT","og_type":"article","og_title":"Stacker: recensione software CRM - Accurate Reviews","og_description":"Stacker: recensione software per generare applicazioni basato su cloud che si integra con Google Sheets e Airtable.","og_url":"https:\/\/www.accuratereviews.com\/it\/crm-software-migliori-lista\/stacker-recensione\/","og_site_name":"Accurate Reviews","og_image":[{"width":920,"height":236,"url":"https:\/\/www.accuratereviews.com\/wp-content\/uploads\/2026\/04\/Stacker2.png","type":"image\/png"}],"twitter_card":"summary_large_image","twitter_misc":{"Tempo di lettura stimato":"5 minuti"},"schema":{"@context":"https:\/\/schema.org","@graph":[{"@type":"WebPage","@id":"https:\/\/www.accuratereviews.com\/it\/crm-software-migliori-lista\/stacker-recensione\/","url":"https:\/\/www.accuratereviews.com\/it\/crm-software-migliori-lista\/stacker-recensione\/","name":"Stacker: recensione software CRM - Accurate Reviews","isPartOf":{"@id":"https:\/\/www.accuratereviews.com\/it\/#website"},"primaryImageOfPage":{"@id":"https:\/\/www.accuratereviews.com\/it\/crm-software-migliori-lista\/stacker-recensione\/#primaryimage"},"image":{"@id":"https:\/\/www.accuratereviews.com\/it\/crm-software-migliori-lista\/stacker-recensione\/#primaryimage"},"thumbnailUrl":"https:\/\/www.accuratereviews.com\/wp-content\/uploads\/2026\/04\/Stacker2.png","datePublished":"2026-04-02T14:23:52+00:00","description":"Stacker: recensione software per generare applicazioni basato su cloud che si integra con Google Sheets e Airtable.","breadcrumb":{"@id":"https:\/\/www.accuratereviews.com\/it\/crm-software-migliori-lista\/stacker-recensione\/#breadcrumb"},"inLanguage":"it-IT","potentialAction":[{"@type":"ReadAction","target":["https:\/\/www.accuratereviews.com\/it\/crm-software-migliori-lista\/stacker-recensione\/"]}]},{"@type":"ImageObject","inLanguage":"it-IT","@id":"https:\/\/www.accuratereviews.com\/it\/crm-software-migliori-lista\/stacker-recensione\/#primaryimage","url":"https:\/\/www.accuratereviews.com\/wp-content\/uploads\/2026\/04\/Stacker2.png","contentUrl":"https:\/\/www.accuratereviews.com\/wp-content\/uploads\/2026\/04\/Stacker2.png","width":920,"height":236},{"@type":"BreadcrumbList","@id":"https:\/\/www.accuratereviews.com\/it\/crm-software-migliori-lista\/stacker-recensione\/#breadcrumb","itemListElement":[{"@type":"ListItem","position":1,"name":"Home","item":"https:\/\/www.accuratereviews.com\/it\/"},{"@type":"ListItem","position":2,"name":"CRM: i software migliori","item":"https:\/\/www.accuratereviews.com\/it\/crm-software-migliori-lista\/"},{"@type":"ListItem","position":3,"name":"Stacker"}]},{"@type":"WebSite","@id":"https:\/\/www.accuratereviews.com\/it\/#website","url":"https:\/\/www.accuratereviews.com\/it\/","name":"Accurate Reviews","description":"","potentialAction":[{"@type":"SearchAction","target":{"@type":"EntryPoint","urlTemplate":"https:\/\/www.accuratereviews.com\/it\/?s={search_term_string}"},"query-input":{"@type":"PropertyValueSpecification","valueRequired":true,"valueName":"search_term_string"}}],"inLanguage":"it-IT"}]}},"_links":{"self":[{"href":"https:\/\/www.accuratereviews.com\/it\/wp-json\/wp\/v2\/pages\/108007","targetHints":{"allow":["GET"]}}],"collection":[{"href":"https:\/\/www.accuratereviews.com\/it\/wp-json\/wp\/v2\/pages"}],"about":[{"href":"https:\/\/www.accuratereviews.com\/it\/wp-json\/wp\/v2\/types\/page"}],"author":[{"embeddable":true,"href":"https:\/\/www.accuratereviews.com\/it\/wp-json\/wp\/v2\/users\/19"}],"replies":[{"embeddable":true,"href":"https:\/\/www.accuratereviews.com\/it\/wp-json\/wp\/v2\/comments?post=108007"}],"version-history":[{"count":8,"href":"https:\/\/www.accuratereviews.com\/it\/wp-json\/wp\/v2\/pages\/108007\/revisions"}],"predecessor-version":[{"id":108042,"href":"https:\/\/www.accuratereviews.com\/it\/wp-json\/wp\/v2\/pages\/108007\/revisions\/108042"}],"up":[{"embeddable":true,"href":"https:\/\/www.accuratereviews.com\/it\/wp-json\/wp\/v2\/pages\/5966"}],"wp:featuredmedia":[{"embeddable":true,"href":"https:\/\/www.accuratereviews.com\/it\/wp-json\/wp\/v2\/media\/108030"}],"wp:attachment":[{"href":"https:\/\/www.accuratereviews.com\/it\/wp-json\/wp\/v2\/media?parent=108007"}],"wp:term":[{"taxonomy":"category","embeddable":true,"href":"https:\/\/www.accuratereviews.com\/it\/wp-json\/wp\/v2\/categories?post=108007"},{"taxonomy":"post_tag","embeddable":true,"href":"https:\/\/www.accuratereviews.com\/it\/wp-json\/wp\/v2\/tags?post=108007"},{"taxonomy":"features","embeddable":true,"href":"https:\/\/www.accuratereviews.com\/it\/wp-json\/wp\/v2\/features?post=108007"}],"curies":[{"name":"wp","href":"https:\/\/api.w.org\/{rel}","templated":true}]}}