{"id":108011,"date":"2026-04-01T13:53:25","date_gmt":"2026-04-01T13:53:25","guid":{"rendered":"https:\/\/www.accuratereviews.com\/?page_id=108011"},"modified":"2026-04-01T13:53:25","modified_gmt":"2026-04-01T13:53:25","slug":"bestrx-recensione","status":"publish","type":"page","link":"https:\/\/www.accuratereviews.com\/it\/gestionali-farmacie\/bestrx-recensione\/","title":{"rendered":"BestRx"},"content":{"rendered":"<p class=\"p1\"><strong>BestRx<\/strong> \u00e8 un <strong>software gestionale<\/strong> progettato specificamente per farmacie indipendenti, con l\u2019obiettivo di semplificare le operazioni quotidiane e migliorare l\u2019efficienza del punto vendita. La piattaforma offre un sistema completo per la gestione delle prescrizioni, del magazzino, delle vendite e della fatturazione, integrando in un\u2019unica soluzione tutte le funzionalit\u00e0 necessarie per il corretto funzionamento di una farmacia.<br \/>\nGrazie alla sua interfaccia intuitiva e alle funzionalit\u00e0 dedicate al settore farmaceutico, <strong>BestRx<\/strong> rappresenta una scelta popolare tra le piccole e medie farmacie, soprattutto nel mercato statunitense.<\/p>\n<h2>BESTRX &#8211; TUTORIAL<\/h2>\n<div id=\"fluid-wrapper-counter-1\" class=\"g1-fluid-wrapper \" style=\"width:686px;\">\n<div style=\"padding-bottom:56.268221574344%;\"><iframe loading=\"lazy\" title=\"Welcome to BestRx, Providing the Best Pharmacy Management Systems\" width=\"686\" height=\"386\" src=\"https:\/\/www.youtube.com\/embed\/H2BJlirMNmw?feature=oembed&amp;wmode=transparent&amp;autohide=1&amp;autoplay=0&amp;disablekb=0&amp;fs=1&amp;loop=0&amp;enablejsapi=1&amp;rel=0&amp;controls=2&amp;showinfo=0&amp;wmode=transparent&amp;autohide=2&amp;autoplay=0&amp;disablekb=0&amp;fs=1&amp;loop=0&amp;enablejsapi=1&amp;rel=0&amp;controls=2&amp;showinfo=1\" frameborder=\"0\" allow=\"accelerometer; autoplay; clipboard-write; encrypted-media; gyroscope; picture-in-picture; web-share\" referrerpolicy=\"strict-origin-when-cross-origin\" allowfullscreen><\/iframe><\/div>\n<\/div>\n<h3>BESTRX &#8211; CARATTERISTICHE<\/h3>\n<ul>\n<li class=\"p1\"><b>Gestione delle prescrizioni (eRx)<\/b>: consente di elaborare e gestire prescrizioni elettroniche in modo rapido e sicuro, riducendo errori e tempi di attesa.<\/li>\n<li class=\"p1\"><b>Sistema POS integrato<\/b>: i<b><\/b>nclude un punto cassa completo per la gestione delle vendite, con supporto per pagamenti multipli e gestione degli scontrini.<\/li>\n<li class=\"p1\"><b>Gestione del magazzino<\/b>: m<b><\/b>onitoraggio delle scorte in tempo reale, con notifiche automatiche per il riordino dei farmaci.<\/li>\n<li class=\"p1\"><b>Fatturazione e assicurazioni<\/b>: s<b><\/b>upporta la gestione delle richieste di rimborso assicurativo, facilitando il ciclo di fatturazione.<\/li>\n<li class=\"p1\"><b>Reportistica avanzata<\/b>: offre report dettagliati su vendite, inventario e performance della farmacia.<\/li>\n<li class=\"p1\"><b>Gestione clienti e storico pazienti<\/b>: a<b><\/b>rchiviazione delle informazioni dei pazienti con accesso rapido allo storico delle prescrizioni.<\/li>\n<\/ul>\n<p>&nbsp;<\/p>\n<h4>LE RECENSIONI DEGLI UTENTI<\/h4>\n<p><strong>Ankit P. \u201cSoftware intuitivo, ideale per imparare o formare altri dipendenti\u201d<\/strong><br \/>\nPRO: Flusso di lavoro, basato su Microsoft, l&#8217;elaborazione delle prescrizioni \u00e8 semplicissima, i tasti pi\u00f9 utilizzati sono quelli della tastiera,<br \/>\nCONTRO: Il POS non dispone della funzione per generare report sugli articoli da banco ricevuti per intervallo di date e nome del fornitore.<\/p>\n<p><strong>Zachary M. \u201cRecensione di BestRx di Best Care Pharmacy\u201d<\/strong><br \/>\nPRO: Il software BestRx \u00e8 facile da usare. L&#8217;assistenza clienti \u00e8 eccellente ed \u00e8 sempre in grado di rispondere alle mie domande e aiutarmi con qualsiasi problema che si presenti. Mi piacciono le funzionalit\u00e0 di integrazione con altri servizi utilizzati (ad es. PMP).<br \/>\nCONTRO: Non mi piace che il software non separi i numeri delle prescrizioni tra non controllati, C2 e C3-C5. Inoltre, non mi piace che non sia possibile aprire pi\u00f9 profili paziente mentre si ha aperta solo una finestra di BestRx.<\/p>\n<p><strong>Prasanna B. \u201cIl miglior software rispetto a molti altri che ho utilizzato.\u201d<\/strong><br \/>\nPRO: \u00c8 molto facile da usare e formare le persone su questo sistema; se qualcosa deve essere aggiornato o se cerchiamo una nuova funzionalit\u00e0, sono molto reattivi e la inseriranno nei prossimi aggiornamenti.<br \/>\nCONTRO: La gestione dei conti di addebito e il monitoraggio delle consegne delle prescrizioni nel sistema non sono cos\u00ec avanzati, ma dopo un po&#8217; ci si abitua.<\/p>\n","protected":false},"excerpt":{"rendered":"<p>BestRx \u00e8 un software gestionale progettato specificamente per farmacie indipendenti, con l\u2019obiettivo di semplificare le operazioni quotidiane e migliorare l\u2019efficienza del punto vendita. La piattaforma offre un sistema completo per la gestione delle prescrizioni, del magazzino, delle vendite e della fatturazione, integrando in un\u2019unica soluzione tutte le funzionalit\u00e0 necessarie per il corretto funzionamento di una farmacia.<\/p>\n","protected":false},"author":17,"featured_media":108012,"parent":46849,"menu_order":0,"comment_status":"open","ping_status":"closed","template":"g1_template_page_review_new.php","meta":{"_acf_changed":false,"cwp_meta_box_check":"No","cwp_rev_product_name":"","cwp_rev_product_image":"","wppr_links":[],"cwp_rev_price":"","wppr_options":[],"wppr_pros":[],"wppr_cons":[],"_monsterinsights_skip_tracking":false,"_monsterinsights_sitenote_active":false,"_monsterinsights_sitenote_note":"","_monsterinsights_sitenote_category":0,"footnotes":""},"categories":[10939],"tags":[17094,10966,10965,10947,10946],"features":[],"class_list":{"0":"post-108011","1":"page","2":"type-page","3":"status-publish","4":"has-post-thumbnail","6":"category-gestionali-farmacie-cat","7":"tag-bestrx","8":"tag-piattaforma-gestionale-farmacie","9":"tag-programma-gestionale-farmacie","10":"tag-software-gestionale-farmacie","11":"tag-soluzione-gestionale-farmacie"},"wppr_data":{"cwp_meta_box_check":"No"},"acf":[],"yoast_head":"<!-- This site is optimized with the Yoast SEO plugin v26.0 - https:\/\/yoast.com\/wordpress\/plugins\/seo\/ -->\n<title>BestRx: recensione software gestionale farmacie - Accurate Reviews<\/title>\n<meta name=\"description\" content=\"BestRx: riassunto del software gestionale progettato specificamente per farmacie indipendenti per semplificare le operazioni quotidiane.\" \/>\n<meta name=\"robots\" content=\"index, follow, max-snippet:-1, max-image-preview:large, max-video-preview:-1\" \/>\n<link rel=\"canonical\" href=\"https:\/\/www.accuratereviews.com\/it\/gestionali-farmacie\/bestrx-recensione\/\" \/>\n<meta property=\"og:locale\" content=\"it_IT\" \/>\n<meta property=\"og:type\" content=\"article\" \/>\n<meta property=\"og:title\" content=\"BestRx: recensione software gestionale farmacie - Accurate Reviews\" \/>\n<meta property=\"og:description\" content=\"BestRx: riassunto del software gestionale progettato specificamente per farmacie indipendenti per semplificare le operazioni quotidiane.\" \/>\n<meta property=\"og:url\" content=\"https:\/\/www.accuratereviews.com\/it\/gestionali-farmacie\/bestrx-recensione\/\" \/>\n<meta property=\"og:site_name\" content=\"Accurate Reviews\" \/>\n<meta property=\"og:image\" content=\"https:\/\/www.accuratereviews.com\/wp-content\/uploads\/2026\/04\/attachment_78592641.jpeg\" \/>\n\t<meta property=\"og:image:width\" content=\"500\" \/>\n\t<meta property=\"og:image:height\" content=\"500\" \/>\n\t<meta property=\"og:image:type\" content=\"image\/jpeg\" \/>\n<meta name=\"twitter:card\" content=\"summary_large_image\" \/>\n<meta name=\"twitter:label1\" content=\"Tempo di lettura stimato\" \/>\n\t<meta name=\"twitter:data1\" content=\"4 minuti\" \/>\n<script type=\"application\/ld+json\" class=\"yoast-schema-graph\">{\"@context\":\"https:\/\/schema.org\",\"@graph\":[{\"@type\":\"WebPage\",\"@id\":\"https:\/\/www.accuratereviews.com\/it\/gestionali-farmacie\/bestrx-recensione\/\",\"url\":\"https:\/\/www.accuratereviews.com\/it\/gestionali-farmacie\/bestrx-recensione\/\",\"name\":\"BestRx: recensione software gestionale farmacie - Accurate Reviews\",\"isPartOf\":{\"@id\":\"https:\/\/www.accuratereviews.com\/it\/#website\"},\"primaryImageOfPage\":{\"@id\":\"https:\/\/www.accuratereviews.com\/it\/gestionali-farmacie\/bestrx-recensione\/#primaryimage\"},\"image\":{\"@id\":\"https:\/\/www.accuratereviews.com\/it\/gestionali-farmacie\/bestrx-recensione\/#primaryimage\"},\"thumbnailUrl\":\"https:\/\/www.accuratereviews.com\/wp-content\/uploads\/2026\/04\/attachment_78592641.jpeg\",\"datePublished\":\"2026-04-01T13:53:25+00:00\",\"description\":\"BestRx: riassunto del software gestionale progettato specificamente per farmacie indipendenti per semplificare le operazioni quotidiane.\",\"breadcrumb\":{\"@id\":\"https:\/\/www.accuratereviews.com\/it\/gestionali-farmacie\/bestrx-recensione\/#breadcrumb\"},\"inLanguage\":\"it-IT\",\"potentialAction\":[{\"@type\":\"ReadAction\",\"target\":[\"https:\/\/www.accuratereviews.com\/it\/gestionali-farmacie\/bestrx-recensione\/\"]}]},{\"@type\":\"ImageObject\",\"inLanguage\":\"it-IT\",\"@id\":\"https:\/\/www.accuratereviews.com\/it\/gestionali-farmacie\/bestrx-recensione\/#primaryimage\",\"url\":\"https:\/\/www.accuratereviews.com\/wp-content\/uploads\/2026\/04\/attachment_78592641.jpeg\",\"contentUrl\":\"https:\/\/www.accuratereviews.com\/wp-content\/uploads\/2026\/04\/attachment_78592641.jpeg\",\"width\":500,\"height\":500,\"caption\":\"BestRx\"},{\"@type\":\"BreadcrumbList\",\"@id\":\"https:\/\/www.accuratereviews.com\/it\/gestionali-farmacie\/bestrx-recensione\/#breadcrumb\",\"itemListElement\":[{\"@type\":\"ListItem\",\"position\":1,\"name\":\"Home\",\"item\":\"https:\/\/www.accuratereviews.com\/it\/\"},{\"@type\":\"ListItem\",\"position\":2,\"name\":\"Gestionali per farmacie\",\"item\":\"https:\/\/www.accuratereviews.com\/it\/gestionali-farmacie\/\"},{\"@type\":\"ListItem\",\"position\":3,\"name\":\"BestRx\"}]},{\"@type\":\"WebSite\",\"@id\":\"https:\/\/www.accuratereviews.com\/it\/#website\",\"url\":\"https:\/\/www.accuratereviews.com\/it\/\",\"name\":\"Accurate Reviews\",\"description\":\"\",\"potentialAction\":[{\"@type\":\"SearchAction\",\"target\":{\"@type\":\"EntryPoint\",\"urlTemplate\":\"https:\/\/www.accuratereviews.com\/it\/?s={search_term_string}\"},\"query-input\":{\"@type\":\"PropertyValueSpecification\",\"valueRequired\":true,\"valueName\":\"search_term_string\"}}],\"inLanguage\":\"it-IT\"}]}<\/script>\n<!-- \/ Yoast SEO plugin. -->","yoast_head_json":{"title":"BestRx: recensione software gestionale farmacie - Accurate Reviews","description":"BestRx: riassunto del software gestionale progettato specificamente per farmacie indipendenti per semplificare le operazioni quotidiane.","robots":{"index":"index","follow":"follow","max-snippet":"max-snippet:-1","max-image-preview":"max-image-preview:large","max-video-preview":"max-video-preview:-1"},"canonical":"https:\/\/www.accuratereviews.com\/it\/gestionali-farmacie\/bestrx-recensione\/","og_locale":"it_IT","og_type":"article","og_title":"BestRx: recensione software gestionale farmacie - Accurate Reviews","og_description":"BestRx: riassunto del software gestionale progettato specificamente per farmacie indipendenti per semplificare le operazioni quotidiane.","og_url":"https:\/\/www.accuratereviews.com\/it\/gestionali-farmacie\/bestrx-recensione\/","og_site_name":"Accurate Reviews","og_image":[{"width":500,"height":500,"url":"https:\/\/www.accuratereviews.com\/wp-content\/uploads\/2026\/04\/attachment_78592641.jpeg","type":"image\/jpeg"}],"twitter_card":"summary_large_image","twitter_misc":{"Tempo di lettura stimato":"4 minuti"},"schema":{"@context":"https:\/\/schema.org","@graph":[{"@type":"WebPage","@id":"https:\/\/www.accuratereviews.com\/it\/gestionali-farmacie\/bestrx-recensione\/","url":"https:\/\/www.accuratereviews.com\/it\/gestionali-farmacie\/bestrx-recensione\/","name":"BestRx: recensione software gestionale farmacie - Accurate Reviews","isPartOf":{"@id":"https:\/\/www.accuratereviews.com\/it\/#website"},"primaryImageOfPage":{"@id":"https:\/\/www.accuratereviews.com\/it\/gestionali-farmacie\/bestrx-recensione\/#primaryimage"},"image":{"@id":"https:\/\/www.accuratereviews.com\/it\/gestionali-farmacie\/bestrx-recensione\/#primaryimage"},"thumbnailUrl":"https:\/\/www.accuratereviews.com\/wp-content\/uploads\/2026\/04\/attachment_78592641.jpeg","datePublished":"2026-04-01T13:53:25+00:00","description":"BestRx: riassunto del software gestionale progettato specificamente per farmacie indipendenti per semplificare le operazioni quotidiane.","breadcrumb":{"@id":"https:\/\/www.accuratereviews.com\/it\/gestionali-farmacie\/bestrx-recensione\/#breadcrumb"},"inLanguage":"it-IT","potentialAction":[{"@type":"ReadAction","target":["https:\/\/www.accuratereviews.com\/it\/gestionali-farmacie\/bestrx-recensione\/"]}]},{"@type":"ImageObject","inLanguage":"it-IT","@id":"https:\/\/www.accuratereviews.com\/it\/gestionali-farmacie\/bestrx-recensione\/#primaryimage","url":"https:\/\/www.accuratereviews.com\/wp-content\/uploads\/2026\/04\/attachment_78592641.jpeg","contentUrl":"https:\/\/www.accuratereviews.com\/wp-content\/uploads\/2026\/04\/attachment_78592641.jpeg","width":500,"height":500,"caption":"BestRx"},{"@type":"BreadcrumbList","@id":"https:\/\/www.accuratereviews.com\/it\/gestionali-farmacie\/bestrx-recensione\/#breadcrumb","itemListElement":[{"@type":"ListItem","position":1,"name":"Home","item":"https:\/\/www.accuratereviews.com\/it\/"},{"@type":"ListItem","position":2,"name":"Gestionali per farmacie","item":"https:\/\/www.accuratereviews.com\/it\/gestionali-farmacie\/"},{"@type":"ListItem","position":3,"name":"BestRx"}]},{"@type":"WebSite","@id":"https:\/\/www.accuratereviews.com\/it\/#website","url":"https:\/\/www.accuratereviews.com\/it\/","name":"Accurate Reviews","description":"","potentialAction":[{"@type":"SearchAction","target":{"@type":"EntryPoint","urlTemplate":"https:\/\/www.accuratereviews.com\/it\/?s={search_term_string}"},"query-input":{"@type":"PropertyValueSpecification","valueRequired":true,"valueName":"search_term_string"}}],"inLanguage":"it-IT"}]}},"_links":{"self":[{"href":"https:\/\/www.accuratereviews.com\/it\/wp-json\/wp\/v2\/pages\/108011","targetHints":{"allow":["GET"]}}],"collection":[{"href":"https:\/\/www.accuratereviews.com\/it\/wp-json\/wp\/v2\/pages"}],"about":[{"href":"https:\/\/www.accuratereviews.com\/it\/wp-json\/wp\/v2\/types\/page"}],"author":[{"embeddable":true,"href":"https:\/\/www.accuratereviews.com\/it\/wp-json\/wp\/v2\/users\/17"}],"replies":[{"embeddable":true,"href":"https:\/\/www.accuratereviews.com\/it\/wp-json\/wp\/v2\/comments?post=108011"}],"version-history":[{"count":5,"href":"https:\/\/www.accuratereviews.com\/it\/wp-json\/wp\/v2\/pages\/108011\/revisions"}],"predecessor-version":[{"id":108023,"href":"https:\/\/www.accuratereviews.com\/it\/wp-json\/wp\/v2\/pages\/108011\/revisions\/108023"}],"up":[{"embeddable":true,"href":"https:\/\/www.accuratereviews.com\/it\/wp-json\/wp\/v2\/pages\/46849"}],"wp:featuredmedia":[{"embeddable":true,"href":"https:\/\/www.accuratereviews.com\/it\/wp-json\/wp\/v2\/media\/108012"}],"wp:attachment":[{"href":"https:\/\/www.accuratereviews.com\/it\/wp-json\/wp\/v2\/media?parent=108011"}],"wp:term":[{"taxonomy":"category","embeddable":true,"href":"https:\/\/www.accuratereviews.com\/it\/wp-json\/wp\/v2\/categories?post=108011"},{"taxonomy":"post_tag","embeddable":true,"href":"https:\/\/www.accuratereviews.com\/it\/wp-json\/wp\/v2\/tags?post=108011"},{"taxonomy":"features","embeddable":true,"href":"https:\/\/www.accuratereviews.com\/it\/wp-json\/wp\/v2\/features?post=108011"}],"curies":[{"name":"wp","href":"https:\/\/api.w.org\/{rel}","templated":true}]}}