{"id":108065,"date":"2026-04-07T17:38:05","date_gmt":"2026-04-07T17:38:05","guid":{"rendered":"https:\/\/www.accuratereviews.com\/?page_id=108065"},"modified":"2026-04-07T17:38:05","modified_gmt":"2026-04-07T17:38:05","slug":"hoylu-recensione","status":"publish","type":"page","link":"https:\/\/www.accuratereviews.com\/it\/software-gestionali-edilizia\/hoylu-recensione\/","title":{"rendered":"Hoylu"},"content":{"rendered":"<p>Le lavagne virtuali online sono diventate un&#8217;ottima soluzione per la collaborazione, ma presentano dei limiti quando si tratta di gestire progetti complessi. \u00c8 qui che entra in gioco <strong>Hoylu<\/strong>! Gli spazi di lavoro adattivi offrono nuovi modi per realizzare e monitorare i progetti. I moduli facili da usare per la <strong>pianificazione pull, i diagrammi di flusso, Kanban, PI Planning, Scrum <\/strong>e altro ancora presentano un&#8217;interfaccia intuitiva.<br \/>\nI team non avranno problemi ad adottare <strong>Hoylu<\/strong> perch\u00e9 \u00e8 stato progettato con processi e flussi di lavoro familiari. Le lavagne creano fiducia, aumentano il coinvolgimento e stimolano la collaborazione tra i membri del team, i project manager e gli stakeholder chiave. Allineerete gli obiettivi aziendali, porterete a termine i progetti in modo pi\u00f9 efficace, in meno tempo e rispettando il budget. Inoltre, grazie all&#8217;integrazione con <strong>Jira e Agility<\/strong>, potrete importare e sincronizzare facilmente i vostri ticket.<\/p>\n<h2>HOYLU &#8211; TUTORIAL<\/h2>\n<div id=\"fluid-wrapper-counter-1\" class=\"g1-fluid-wrapper \" style=\"width:686px;\">\n<div style=\"padding-bottom:56.268221574344%;\"><iframe loading=\"lazy\" title=\"Hoylu 26.2 Product Release - February 2026\" width=\"686\" height=\"386\" src=\"https:\/\/www.youtube.com\/embed\/Mgy8oBnJ6XA?feature=oembed&amp;wmode=transparent&amp;autohide=1&amp;autoplay=0&amp;disablekb=0&amp;fs=1&amp;loop=0&amp;enablejsapi=1&amp;rel=0&amp;controls=2&amp;showinfo=0&amp;wmode=transparent&amp;autohide=2&amp;autoplay=0&amp;disablekb=0&amp;fs=1&amp;loop=0&amp;enablejsapi=1&amp;rel=0&amp;controls=2&amp;showinfo=1\" frameborder=\"0\" allow=\"accelerometer; autoplay; clipboard-write; encrypted-media; gyroscope; picture-in-picture; web-share\" referrerpolicy=\"strict-origin-when-cross-origin\" allowfullscreen><\/iframe><\/div>\n<\/div>\n<h3>HOYLU &#8211; CARATTERISTICHE<\/h3>\n<ul class=\"KsbFXc U6u95\" data-sfc-root=\"c\" data-sfc-cb=\"\" data-complete=\"true\" data-processed=\"true\">\n<li class=\"dF3vjf\" data-sfc-root=\"c\" data-sfc-cb=\"\" data-hveid=\"CAUQAA\" data-complete=\"true\" data-sae=\"\"><span class=\"T286Pc\" data-sfc-cp=\"\" data-sfc-root=\"c\" data-sfc-cb=\"\" data-complete=\"true\"><strong class=\"Yjhzub\" data-sfc-root=\"c\" data-sfc-cb=\"\" data-complete=\"true\">Pianificazione Agile<\/strong>: moduli dedicati per <strong class=\"Yjhzub\" data-sfc-root=\"c\" data-sfc-cb=\"\" data-complete=\"true\">PI Planning<\/strong> (Program Increment), <strong class=\"Yjhzub\" data-sfc-root=\"c\" data-sfc-cb=\"\" data-complete=\"true\">Scrum<\/strong> e <strong class=\"Yjhzub\" data-sfc-root=\"c\" data-sfc-cb=\"\" data-complete=\"true\">Kanban<\/strong>.<\/span><\/li>\n<li class=\"dF3vjf\" data-sfc-root=\"c\" data-sfc-cb=\"\" data-hveid=\"CAUQAQ\" data-complete=\"true\" data-sae=\"\"><span class=\"T286Pc\" data-sfc-cp=\"\" data-sfc-root=\"c\" data-sfc-cb=\"\" data-complete=\"true\"><strong class=\"Yjhzub\" data-sfc-root=\"c\" data-sfc-cb=\"\" data-complete=\"true\">Gestione delle dipendenze<\/strong>: strumenti per mappare visivamente le interdipendenze tra task e team.<\/span><\/li>\n<li class=\"dF3vjf\" data-sfc-root=\"c\" data-sfc-cb=\"\" data-hveid=\"CAUQAg\" data-complete=\"true\" data-sae=\"\"><span class=\"T286Pc\" data-sfc-cp=\"\" data-sfc-root=\"c\" data-sfc-cb=\"\" data-complete=\"true\"><strong class=\"Yjhzub\" data-sfc-root=\"c\" data-sfc-cb=\"\" data-complete=\"true\">Cerimonie Agile<\/strong>: supporto per retrospettive, votazioni di fiducia (confidence votes) e pianificazione della capacit\u00e0.<\/span><\/li>\n<li class=\"dF3vjf\" data-sfc-root=\"c\" data-sfc-cb=\"\" data-hveid=\"CAUQAw\" data-complete=\"true\" data-sae=\"\"><span class=\"T286Pc\" data-sfc-cp=\"\" data-sfc-root=\"c\" data-sfc-cb=\"\" data-complete=\"true\"><strong class=\"Yjhzub\" data-sfc-root=\"c\" data-sfc-cb=\"\" data-complete=\"true\">Integrazioni Bi-direzionali<\/strong>: sincronizzazione con strumenti come <strong class=\"Yjhzub\" data-sfc-root=\"c\" data-sfc-cb=\"\" data-complete=\"true\">Jira<\/strong> e <strong class=\"Yjhzub\" data-sfc-root=\"c\" data-sfc-cb=\"\" data-complete=\"true\">Digital.ai Agility<\/strong> per importare e gestire ticket in tempo reale.<\/span><\/li>\n<li class=\"dF3vjf\" data-sfc-root=\"c\" data-sfc-cb=\"\" data-hveid=\"CAUQBA\" data-complete=\"true\" data-sae=\"\"><span class=\"T286Pc\" data-sfc-cp=\"\" data-sfc-root=\"c\" data-sfc-cb=\"\" data-complete=\"true\"><strong class=\"Yjhzub\" data-sfc-root=\"c\" data-sfc-cb=\"\" data-complete=\"true\">Whiteboarding Illimitato<\/strong>: uno spazio di lavoro infinito dove aggiungere media, documenti, link e annotazioni a mano libera.<\/span><\/li>\n<\/ul>\n<h4>LE RECENSIONI DEGLI UTENTI<\/h4>\n<p><strong>Torun &#8220;Un risolutore di problemi fin dal primo giorno&#8221;<\/strong><br \/>\nCon Hoylu otteniamo lo stesso effetto che otteniamo con i seminari sulla lavagna nella vita reale, ma la documentazione e le opzioni di esportazione consentono di risparmiare tempo e capacit\u00e0 intellettuali per un lavoro pi\u00f9 strategico.<br \/>\n<strong>Pro<\/strong>: la caratteristica di maggior impatto \u00e8 la facilit\u00e0 d&#8217;uso, che ha reso un gioco da ragazzi includere i clienti nei laboratori e risparmiare un sacco di tempo con la documentazione. Ci ha letteralmente fatto sentire come se fossimo nella stessa stanza a collaborare quando in realt\u00e0 eravamo tutti seduti a distanza durante una chiamata Zoom. I diversi tipi di aree di lavoro con pull-planning, business model canvas ecc. facilitano l&#8217;avvio della pianificazione con tempi di installazione minimi.<br \/>\n<strong>Contro<\/strong>: non c&#8217;\u00e8 niente che non mi piace di Hoylu, la facilit\u00e0 d&#8217;uso \u00e8 fondamentale e richiede semplicit\u00e0. I modelli di scheda pi\u00f9 avanzati forniscono ancora un potente set di strumenti per l&#8217;utente pi\u00f9 esperto o per gli utenti con esigenze specifiche secondo me.<\/p>\n<p><strong>Marco &#8220;Una grande scrivania per ogni progetto&#8221;<\/strong><br \/>\nUsandolo ogni giorno, puoi scrivere idee o organizzare il tuo lavoro nello stesso posto alla stessa ora. Condivisione di questa esperienza con i colleghi tramite webapp.<br \/>\n<strong>Pro<\/strong>: il modo pi\u00f9 semplice per fare qualsiasi cosa. Puoi aggiungere qualsiasi tipo di supporto sulla tua scheda, senza limiti di spazio. Incolla collegamenti, immagini, documenti, pdf. Puoi scriverci sopra, usando i modelli. Ma la cosa migliore sono i moduli. Puoi usare i moduli invece dei modelli. I moduli sono una sorta di applicazione all&#8217;interno della scheda. Puoi interagire con esso, ma allo stesso tempo puoi utilizzare la tela per aggiungere altre informazioni o media attorno ad essa. Sei libero di mettere gi\u00f9 la tua idea e allo stesso tempo di utilizzare i moduli.<br \/>\n<strong>Contro<\/strong>: sarebbe utile avere un tasto di scelta rapida da premere (shift, ctrl?) per scrivere linee rette con la penna o il mouse.<\/p>\n","protected":false},"excerpt":{"rendered":"<p>Le lavagne virtuali online sono diventate un&#8217;ottima soluzione per la collaborazione, ma presentano dei limiti quando si tratta di gestire progetti complessi. \u00c8 qui che entra in gioco Hoylu! Gli spazi di lavoro adattivi offrono nuovi modi per realizzare e monitorare i progetti. I moduli facili da usare per la pianificazione pull, i diagrammi di flusso, Kanban, PI Planning, Scrum e altro ancora presentano un&#8217;interfaccia intuitiva.<\/p>\n","protected":false},"author":19,"featured_media":108067,"parent":70458,"menu_order":0,"comment_status":"open","ping_status":"closed","template":"g1_template_page_review_new.php","meta":{"_acf_changed":false,"cwp_meta_box_check":"Yes","cwp_rev_product_name":"","cwp_rev_product_image":"","wppr_links":[],"cwp_rev_price":"0.00","wppr_options":[{"name":"Usability","value":"0"},{"name":"Speed","value":"0"},{"name":"Features","value":"0"},{"name":"Support","value":"0"},{"name":"Pricing","value":"0"}],"wppr_pros":["","","","",""],"wppr_cons":["","","","",""],"_monsterinsights_skip_tracking":false,"_monsterinsights_sitenote_active":false,"_monsterinsights_sitenote_note":"","_monsterinsights_sitenote_category":0,"footnotes":""},"categories":[2459],"tags":[14470,17095,14478,14477,14480,14479],"features":[],"class_list":{"0":"post-108065","1":"page","2":"type-page","3":"status-publish","4":"has-post-thumbnail","6":"category-gestionale-per-edilizia-cat","7":"tag-gestionale-edilizia","8":"tag-hoylu","9":"tag-piattaforma-gestionale-edilizia","10":"tag-programma-gestionale-edilizia","11":"tag-software-gestionale-edilizia","12":"tag-soluzione-gestionale-edilizia"},"wppr_data":{"cwp_meta_box_check":"Yes","_wppr_review_template":"default","cwp_rev_product_image":"","cwp_image_link":"image","wppr_links":[],"cwp_rev_price":"0.00","wppr_pros":["","","","",""],"wppr_cons":["","","","",""],"wppr_rating":"0.00","wppr_options":{"1":{"name":"Usability","value":"0"},"2":{"name":"Speed","value":"0"},"3":{"name":"Features","value":"0"},"4":{"name":"Support","value":"0"},"5":{"name":"Pricing","value":"0"}},"wppr_review_type":"Product","wppr_review_custom_fields":{"additionalProperty":"","additionalType":"","aggregateRating":"","alternateName":"","audience":"","award":"","awards":"","brand":"","color":"","depth":"","description":"","disambiguatingDescription":"","gtin12":"","gtin13":"","gtin14":"","gtin8":"","height":"","identifier":"","image":"","isAccessoryOrSparePartFor":"","isConsumableFor":"","isRelatedTo":"","isSimilarTo":"","itemCondition":"","logo":"","mainEntityOfPage":"","manufacturer":"","material":"","model":"","mpn":"","name":"","offers":"","potentialAction":"","productID":"","productionDate":"","purchaseDate":"","releaseDate":"","review":"","reviews":"","sameAs":"","sku":"","slogan":"","subjectOf":"","url":"","weight":"","width":""}},"acf":[],"yoast_head":"<!-- This site is optimized with the Yoast SEO plugin v26.0 - https:\/\/yoast.com\/wordpress\/plugins\/seo\/ -->\n<title>Hoylu: recensione software gestione edilizia- Accurate Reviews<\/title>\n<meta name=\"description\" content=\"Hoylu: recensione soluzione adatta per la pianificazione pull, i diagrammi di flusso, Kanban, PI Planning, Scrum e altro ancora.\" \/>\n<meta name=\"robots\" content=\"index, follow, max-snippet:-1, max-image-preview:large, max-video-preview:-1\" \/>\n<link rel=\"canonical\" href=\"https:\/\/www.accuratereviews.com\/it\/software-gestionali-edilizia\/hoylu-recensione\/\" \/>\n<meta property=\"og:locale\" content=\"it_IT\" \/>\n<meta property=\"og:type\" content=\"article\" \/>\n<meta property=\"og:title\" content=\"Hoylu: recensione software gestione edilizia- Accurate Reviews\" \/>\n<meta property=\"og:description\" content=\"Hoylu: recensione soluzione adatta per la pianificazione pull, i diagrammi di flusso, Kanban, PI Planning, Scrum e altro ancora.\" \/>\n<meta property=\"og:url\" content=\"https:\/\/www.accuratereviews.com\/it\/software-gestionali-edilizia\/hoylu-recensione\/\" \/>\n<meta property=\"og:site_name\" content=\"Accurate Reviews\" \/>\n<meta name=\"twitter:card\" content=\"summary_large_image\" \/>\n<meta name=\"twitter:label1\" content=\"Tempo di lettura stimato\" \/>\n\t<meta name=\"twitter:data1\" content=\"4 minuti\" \/>\n<script type=\"application\/ld+json\" class=\"yoast-schema-graph\">{\"@context\":\"https:\/\/schema.org\",\"@graph\":[{\"@type\":\"WebPage\",\"@id\":\"https:\/\/www.accuratereviews.com\/it\/software-gestionali-edilizia\/hoylu-recensione\/\",\"url\":\"https:\/\/www.accuratereviews.com\/it\/software-gestionali-edilizia\/hoylu-recensione\/\",\"name\":\"Hoylu: recensione software gestione edilizia- Accurate Reviews\",\"isPartOf\":{\"@id\":\"https:\/\/www.accuratereviews.com\/it\/#website\"},\"primaryImageOfPage\":{\"@id\":\"https:\/\/www.accuratereviews.com\/it\/software-gestionali-edilizia\/hoylu-recensione\/#primaryimage\"},\"image\":{\"@id\":\"https:\/\/www.accuratereviews.com\/it\/software-gestionali-edilizia\/hoylu-recensione\/#primaryimage\"},\"thumbnailUrl\":\"https:\/\/www.accuratereviews.com\/wp-content\/uploads\/2026\/04\/Hoylu.avif\",\"datePublished\":\"2026-04-07T17:38:05+00:00\",\"description\":\"Hoylu: recensione soluzione adatta per la pianificazione pull, i diagrammi di flusso, Kanban, PI Planning, Scrum e altro ancora.\",\"breadcrumb\":{\"@id\":\"https:\/\/www.accuratereviews.com\/it\/software-gestionali-edilizia\/hoylu-recensione\/#breadcrumb\"},\"inLanguage\":\"it-IT\",\"potentialAction\":[{\"@type\":\"ReadAction\",\"target\":[\"https:\/\/www.accuratereviews.com\/it\/software-gestionali-edilizia\/hoylu-recensione\/\"]}]},{\"@type\":\"ImageObject\",\"inLanguage\":\"it-IT\",\"@id\":\"https:\/\/www.accuratereviews.com\/it\/software-gestionali-edilizia\/hoylu-recensione\/#primaryimage\",\"url\":\"https:\/\/www.accuratereviews.com\/wp-content\/uploads\/2026\/04\/Hoylu.avif\",\"contentUrl\":\"https:\/\/www.accuratereviews.com\/wp-content\/uploads\/2026\/04\/Hoylu.avif\",\"width\":640,\"height\":640},{\"@type\":\"BreadcrumbList\",\"@id\":\"https:\/\/www.accuratereviews.com\/it\/software-gestionali-edilizia\/hoylu-recensione\/#breadcrumb\",\"itemListElement\":[{\"@type\":\"ListItem\",\"position\":1,\"name\":\"Home\",\"item\":\"https:\/\/www.accuratereviews.com\/it\/\"},{\"@type\":\"ListItem\",\"position\":2,\"name\":\"Software gestionali per edilizia\",\"item\":\"https:\/\/www.accuratereviews.com\/it\/software-gestionali-edilizia\/\"},{\"@type\":\"ListItem\",\"position\":3,\"name\":\"Hoylu\"}]},{\"@type\":\"WebSite\",\"@id\":\"https:\/\/www.accuratereviews.com\/it\/#website\",\"url\":\"https:\/\/www.accuratereviews.com\/it\/\",\"name\":\"Accurate Reviews\",\"description\":\"\",\"potentialAction\":[{\"@type\":\"SearchAction\",\"target\":{\"@type\":\"EntryPoint\",\"urlTemplate\":\"https:\/\/www.accuratereviews.com\/it\/?s={search_term_string}\"},\"query-input\":{\"@type\":\"PropertyValueSpecification\",\"valueRequired\":true,\"valueName\":\"search_term_string\"}}],\"inLanguage\":\"it-IT\"}]}<\/script>\n<!-- \/ Yoast SEO plugin. -->","yoast_head_json":{"title":"Hoylu: recensione software gestione edilizia- Accurate Reviews","description":"Hoylu: recensione soluzione adatta per la pianificazione pull, i diagrammi di flusso, Kanban, PI Planning, Scrum e altro ancora.","robots":{"index":"index","follow":"follow","max-snippet":"max-snippet:-1","max-image-preview":"max-image-preview:large","max-video-preview":"max-video-preview:-1"},"canonical":"https:\/\/www.accuratereviews.com\/it\/software-gestionali-edilizia\/hoylu-recensione\/","og_locale":"it_IT","og_type":"article","og_title":"Hoylu: recensione software gestione edilizia- Accurate Reviews","og_description":"Hoylu: recensione soluzione adatta per la pianificazione pull, i diagrammi di flusso, Kanban, PI Planning, Scrum e altro ancora.","og_url":"https:\/\/www.accuratereviews.com\/it\/software-gestionali-edilizia\/hoylu-recensione\/","og_site_name":"Accurate Reviews","twitter_card":"summary_large_image","twitter_misc":{"Tempo di lettura stimato":"4 minuti"},"schema":{"@context":"https:\/\/schema.org","@graph":[{"@type":"WebPage","@id":"https:\/\/www.accuratereviews.com\/it\/software-gestionali-edilizia\/hoylu-recensione\/","url":"https:\/\/www.accuratereviews.com\/it\/software-gestionali-edilizia\/hoylu-recensione\/","name":"Hoylu: recensione software gestione edilizia- Accurate Reviews","isPartOf":{"@id":"https:\/\/www.accuratereviews.com\/it\/#website"},"primaryImageOfPage":{"@id":"https:\/\/www.accuratereviews.com\/it\/software-gestionali-edilizia\/hoylu-recensione\/#primaryimage"},"image":{"@id":"https:\/\/www.accuratereviews.com\/it\/software-gestionali-edilizia\/hoylu-recensione\/#primaryimage"},"thumbnailUrl":"https:\/\/www.accuratereviews.com\/wp-content\/uploads\/2026\/04\/Hoylu.avif","datePublished":"2026-04-07T17:38:05+00:00","description":"Hoylu: recensione soluzione adatta per la pianificazione pull, i diagrammi di flusso, Kanban, PI Planning, Scrum e altro ancora.","breadcrumb":{"@id":"https:\/\/www.accuratereviews.com\/it\/software-gestionali-edilizia\/hoylu-recensione\/#breadcrumb"},"inLanguage":"it-IT","potentialAction":[{"@type":"ReadAction","target":["https:\/\/www.accuratereviews.com\/it\/software-gestionali-edilizia\/hoylu-recensione\/"]}]},{"@type":"ImageObject","inLanguage":"it-IT","@id":"https:\/\/www.accuratereviews.com\/it\/software-gestionali-edilizia\/hoylu-recensione\/#primaryimage","url":"https:\/\/www.accuratereviews.com\/wp-content\/uploads\/2026\/04\/Hoylu.avif","contentUrl":"https:\/\/www.accuratereviews.com\/wp-content\/uploads\/2026\/04\/Hoylu.avif","width":640,"height":640},{"@type":"BreadcrumbList","@id":"https:\/\/www.accuratereviews.com\/it\/software-gestionali-edilizia\/hoylu-recensione\/#breadcrumb","itemListElement":[{"@type":"ListItem","position":1,"name":"Home","item":"https:\/\/www.accuratereviews.com\/it\/"},{"@type":"ListItem","position":2,"name":"Software gestionali per edilizia","item":"https:\/\/www.accuratereviews.com\/it\/software-gestionali-edilizia\/"},{"@type":"ListItem","position":3,"name":"Hoylu"}]},{"@type":"WebSite","@id":"https:\/\/www.accuratereviews.com\/it\/#website","url":"https:\/\/www.accuratereviews.com\/it\/","name":"Accurate Reviews","description":"","potentialAction":[{"@type":"SearchAction","target":{"@type":"EntryPoint","urlTemplate":"https:\/\/www.accuratereviews.com\/it\/?s={search_term_string}"},"query-input":{"@type":"PropertyValueSpecification","valueRequired":true,"valueName":"search_term_string"}}],"inLanguage":"it-IT"}]}},"_links":{"self":[{"href":"https:\/\/www.accuratereviews.com\/it\/wp-json\/wp\/v2\/pages\/108065","targetHints":{"allow":["GET"]}}],"collection":[{"href":"https:\/\/www.accuratereviews.com\/it\/wp-json\/wp\/v2\/pages"}],"about":[{"href":"https:\/\/www.accuratereviews.com\/it\/wp-json\/wp\/v2\/types\/page"}],"author":[{"embeddable":true,"href":"https:\/\/www.accuratereviews.com\/it\/wp-json\/wp\/v2\/users\/19"}],"replies":[{"embeddable":true,"href":"https:\/\/www.accuratereviews.com\/it\/wp-json\/wp\/v2\/comments?post=108065"}],"version-history":[{"count":4,"href":"https:\/\/www.accuratereviews.com\/it\/wp-json\/wp\/v2\/pages\/108065\/revisions"}],"predecessor-version":[{"id":108077,"href":"https:\/\/www.accuratereviews.com\/it\/wp-json\/wp\/v2\/pages\/108065\/revisions\/108077"}],"up":[{"embeddable":true,"href":"https:\/\/www.accuratereviews.com\/it\/wp-json\/wp\/v2\/pages\/70458"}],"wp:featuredmedia":[{"embeddable":true,"href":"https:\/\/www.accuratereviews.com\/it\/wp-json\/wp\/v2\/media\/108067"}],"wp:attachment":[{"href":"https:\/\/www.accuratereviews.com\/it\/wp-json\/wp\/v2\/media?parent=108065"}],"wp:term":[{"taxonomy":"category","embeddable":true,"href":"https:\/\/www.accuratereviews.com\/it\/wp-json\/wp\/v2\/categories?post=108065"},{"taxonomy":"post_tag","embeddable":true,"href":"https:\/\/www.accuratereviews.com\/it\/wp-json\/wp\/v2\/tags?post=108065"},{"taxonomy":"features","embeddable":true,"href":"https:\/\/www.accuratereviews.com\/it\/wp-json\/wp\/v2\/features?post=108065"}],"curies":[{"name":"wp","href":"https:\/\/api.w.org\/{rel}","templated":true}]}}