{"id":108137,"date":"2026-04-08T18:57:03","date_gmt":"2026-04-08T18:57:03","guid":{"rendered":"https:\/\/www.accuratereviews.com\/?page_id=108137"},"modified":"2026-04-10T09:55:42","modified_gmt":"2026-04-10T09:55:42","slug":"mightyfields-recensione","status":"publish","type":"page","link":"https:\/\/www.accuratereviews.com\/it\/software-gestionali-edilizia\/mightyfields-recensione\/","title":{"rendered":"MightyFields"},"content":{"rendered":"<p><strong>MightyFields<\/strong> \u00e8 una soluzione leggera basata su <strong>cloud<\/strong> per la<strong> gestione dei progetti<\/strong> e i servizi sul campo. Possiede modelli di progetto personalizzabili per la pianificazione delle attivit\u00e0. L&#8217;<strong>applicazione mobile<\/strong> ti permette di acquisire dati sul campo, di analizzare i dati per tutti i progetti in un unico posto e offre reportistica automatizzata. Queste sono alcune delle sue funzionalit\u00e0 che ti permetteranno di gestire e pianificare il tuo progetto dall&#8217;inizio alla fine in modo semplice e intuitivo.<\/p>\n<h2>MIGHTYFIELDS &#8211; TUTORIAL<\/h2>\n<div id=\"fluid-wrapper-counter-1\" class=\"g1-fluid-wrapper \" style=\"width:686px;\">\n<div style=\"padding-bottom:56.268221574344%;\"><iframe loading=\"lazy\" title=\"Smart Scheduler\" width=\"686\" height=\"386\" src=\"https:\/\/www.youtube.com\/embed\/DWs0IjJcZZ4?feature=oembed&amp;wmode=transparent&amp;autohide=1&amp;autoplay=0&amp;disablekb=0&amp;fs=1&amp;loop=0&amp;enablejsapi=1&amp;rel=0&amp;controls=2&amp;showinfo=0&amp;wmode=transparent&amp;autohide=2&amp;autoplay=0&amp;disablekb=0&amp;fs=1&amp;loop=0&amp;enablejsapi=1&amp;rel=0&amp;controls=2&amp;showinfo=1\" frameborder=\"0\" allow=\"accelerometer; autoplay; clipboard-write; encrypted-media; gyroscope; picture-in-picture; web-share\" referrerpolicy=\"strict-origin-when-cross-origin\" allowfullscreen><\/iframe><\/div>\n<\/div>\n<h3>MIGHTYFIELDS &#8211; CARATTERISTICHE<\/h3>\n<ul>\n<li>Notifiche istantanee e flussi di lavoro email: attiva automaticamente email o avvisi in base all&#8217;invio dei moduli.<\/li>\n<li>Processi personalizzabili: adatta facilmente moduli e flussi di lavoro in base alle esigenze aziendali, senza bisogno di sviluppatori.<br \/>\nFunziona online e offline: continua a lavorare ovunque, senza bisogno di internet o segnale mobile.<\/li>\n<li>Interfaccia semplice e intuitiva: progettata per condizioni di lavoro estreme sul campo. Abbastanza semplice da usare fin dal primo giorno.<\/li>\n<li>Tutte le informazioni in un unico posto: accedi a dettagli di lavoro, mappe, istruzioni e documenti direttamente dall&#8217;app mobile.<\/li>\n<li>Acquisisci dati dettagliati sul campo: scatta foto, scansiona codici a barre, raccogli firme e aggiungi note: facile e veloce.<\/li>\n<li>Sincronizzazione automatica con l&#8217;ufficio: una volta tornato online, tutti i dati vengono sincronizzati automaticamente: niente lavoro duplicato, nessuna perdita di informazioni.<\/li>\n<li>Avvio rapido per i subappaltatori: integra i team esterni in pochi minuti. Tutti utilizzano gli stessi strumenti e moduli.<\/li>\n<li>Pianificazione intelligente con IA: pianifica il lavoro sul campo in base a posizione, disponibilit\u00e0 e carico di lavoro: pi\u00f9 velocemente e in modo pi\u00f9 intelligente.<\/li>\n<li>Integrazione dati senza interruzioni: collega la soluzione al tuo ERP, CRM o Power BI per un flusso di dati completo.<\/li>\n<\/ul>\n<h4>LE RECENSIONI DEGLI UTENTI<\/h4>\n<p><strong>\u010crtomir &#8220;Inizia con semplicit\u00e0 &#8211; continua con efficienza&#8221;<\/strong><br \/>\nSiamo stati tra i primi utenti di MF nelle prime fasi di sviluppo. Miglioramenti costanti, soluzione sempre in produzione senza interruzioni significative, nonostante i grandi cambiamenti apportati all&#8217;infrastruttura. Ottimo rapporto.<br \/>\n<strong>Pro<\/strong>; \u00e8 facilissimo introdurre l&#8217;applicazione. Con un costo iniziale molto basso, si ottiene una gamma completa di funzionalit\u00e0, che si possono utilizzare per affrontare numerose piccole sfide. In seguito, \u00e8 possibile sviluppare applicazioni o soluzioni davvero professionali.<br \/>\n<strong>Contro<\/strong>: \u2026 non molto\u2026 davvero non molto :-)<\/p>\n<p><strong>Dejan &#8220;Software facile da usare&#8221;<\/strong><br \/>\nBene<br \/>\n<strong>Pro<\/strong>: semplice da usare su tutti i dispositivi. Per i creatori delle custodie e per gli utenti finali delle custodie.<br \/>\n<strong>Contro<\/strong>: non \u00e8 possibile selezionare pi\u00f9 immagini dalla galleria e allegarle a un caso. Bisogna selezionarle una per una.<\/p>\n","protected":false},"excerpt":{"rendered":"<p>MightyFields \u00e8 una soluzione leggera basata su cloud per la gestione dei progetti e i servizi sul campo. Possiede modelli di progetto personalizzabili per la pianificazione delle attivit\u00e0. L&#8217;applicazione mobile ti permette di acquisire dati sul campo, di analizzare i dati per tutti i progetti in un unico posto e offre reportistica automatizzata.<\/p>\n","protected":false},"author":19,"featured_media":108138,"parent":70458,"menu_order":0,"comment_status":"open","ping_status":"closed","template":"g1_template_page_review_new.php","meta":{"_acf_changed":false,"cwp_meta_box_check":"Yes","cwp_rev_product_name":"","cwp_rev_product_image":"","wppr_links":[],"cwp_rev_price":"0.00","wppr_options":[{"name":"Usability","value":"0"},{"name":"Speed","value":"0"},{"name":"Features","value":"0"},{"name":"Support","value":"0"},{"name":"Pricing","value":"0"}],"wppr_pros":["","","","",""],"wppr_cons":["","","","",""],"_monsterinsights_skip_tracking":false,"_monsterinsights_sitenote_active":false,"_monsterinsights_sitenote_note":"","_monsterinsights_sitenote_category":0,"footnotes":""},"categories":[2459],"tags":[14470,17100,14478,14477,14480,14479],"features":[],"class_list":{"0":"post-108137","1":"page","2":"type-page","3":"status-publish","4":"has-post-thumbnail","6":"category-gestionale-per-edilizia-cat","7":"tag-gestionale-edilizia","8":"tag-mightyfields","9":"tag-piattaforma-gestionale-edilizia","10":"tag-programma-gestionale-edilizia","11":"tag-software-gestionale-edilizia","12":"tag-soluzione-gestionale-edilizia"},"wppr_data":{"cwp_meta_box_check":"Yes","_wppr_review_template":"default","cwp_rev_product_image":"","cwp_image_link":"image","wppr_links":[],"cwp_rev_price":"0.00","wppr_pros":["","","","",""],"wppr_cons":["","","","",""],"wppr_rating":"0.00","wppr_options":{"1":{"name":"Usability","value":"0"},"2":{"name":"Speed","value":"0"},"3":{"name":"Features","value":"0"},"4":{"name":"Support","value":"0"},"5":{"name":"Pricing","value":"0"}},"wppr_review_type":"Product","wppr_review_custom_fields":{"additionalProperty":"","additionalType":"","aggregateRating":"","alternateName":"","audience":"","award":"","awards":"","brand":"","color":"","depth":"","description":"","disambiguatingDescription":"","gtin12":"","gtin13":"","gtin14":"","gtin8":"","height":"","identifier":"","image":"","isAccessoryOrSparePartFor":"","isConsumableFor":"","isRelatedTo":"","isSimilarTo":"","itemCondition":"","logo":"","mainEntityOfPage":"","manufacturer":"","material":"","model":"","mpn":"","name":"","offers":"","potentialAction":"","productID":"","productionDate":"","purchaseDate":"","releaseDate":"","review":"","reviews":"","sameAs":"","sku":"","slogan":"","subjectOf":"","url":"","weight":"","width":""}},"acf":[],"yoast_head":"<!-- This site is optimized with the Yoast SEO plugin v26.0 - https:\/\/yoast.com\/wordpress\/plugins\/seo\/ -->\n<title>MightyFields: recensione software gestione edilizia - Accurate Reviews<\/title>\n<meta name=\"description\" content=\"MightyFields: recensione soluzione leggera basata su cloud per la gestione dei progetti e i servizi sul campo.\" \/>\n<meta name=\"robots\" content=\"index, follow, max-snippet:-1, max-image-preview:large, max-video-preview:-1\" \/>\n<link rel=\"canonical\" href=\"https:\/\/www.accuratereviews.com\/it\/software-gestionali-edilizia\/mightyfields-recensione\/\" \/>\n<meta property=\"og:locale\" content=\"it_IT\" \/>\n<meta property=\"og:type\" content=\"article\" \/>\n<meta property=\"og:title\" content=\"MightyFields: recensione software gestione edilizia - Accurate Reviews\" \/>\n<meta property=\"og:description\" content=\"MightyFields: recensione soluzione leggera basata su cloud per la gestione dei progetti e i servizi sul campo.\" \/>\n<meta property=\"og:url\" content=\"https:\/\/www.accuratereviews.com\/it\/software-gestionali-edilizia\/mightyfields-recensione\/\" \/>\n<meta property=\"og:site_name\" content=\"Accurate Reviews\" \/>\n<meta property=\"article:modified_time\" content=\"2026-04-10T09:55:42+00:00\" \/>\n<meta property=\"og:image\" content=\"https:\/\/www.accuratereviews.com\/wp-content\/uploads\/2026\/04\/MightyFields-Logo.webp\" \/>\n\t<meta property=\"og:image:width\" content=\"200\" \/>\n\t<meta property=\"og:image:height\" content=\"200\" \/>\n\t<meta property=\"og:image:type\" content=\"image\/webp\" \/>\n<meta name=\"twitter:card\" content=\"summary_large_image\" \/>\n<meta name=\"twitter:label1\" content=\"Tempo di lettura stimato\" \/>\n\t<meta name=\"twitter:data1\" content=\"4 minuti\" \/>\n<script type=\"application\/ld+json\" class=\"yoast-schema-graph\">{\"@context\":\"https:\/\/schema.org\",\"@graph\":[{\"@type\":\"WebPage\",\"@id\":\"https:\/\/www.accuratereviews.com\/it\/software-gestionali-edilizia\/mightyfields-recensione\/\",\"url\":\"https:\/\/www.accuratereviews.com\/it\/software-gestionali-edilizia\/mightyfields-recensione\/\",\"name\":\"MightyFields: recensione software gestione edilizia - Accurate Reviews\",\"isPartOf\":{\"@id\":\"https:\/\/www.accuratereviews.com\/it\/#website\"},\"primaryImageOfPage\":{\"@id\":\"https:\/\/www.accuratereviews.com\/it\/software-gestionali-edilizia\/mightyfields-recensione\/#primaryimage\"},\"image\":{\"@id\":\"https:\/\/www.accuratereviews.com\/it\/software-gestionali-edilizia\/mightyfields-recensione\/#primaryimage\"},\"thumbnailUrl\":\"https:\/\/www.accuratereviews.com\/wp-content\/uploads\/2026\/04\/MightyFields-Logo.webp\",\"datePublished\":\"2026-04-08T18:57:03+00:00\",\"dateModified\":\"2026-04-10T09:55:42+00:00\",\"description\":\"MightyFields: recensione soluzione leggera basata su cloud per la gestione dei progetti e i servizi sul campo.\",\"breadcrumb\":{\"@id\":\"https:\/\/www.accuratereviews.com\/it\/software-gestionali-edilizia\/mightyfields-recensione\/#breadcrumb\"},\"inLanguage\":\"it-IT\",\"potentialAction\":[{\"@type\":\"ReadAction\",\"target\":[\"https:\/\/www.accuratereviews.com\/it\/software-gestionali-edilizia\/mightyfields-recensione\/\"]}]},{\"@type\":\"ImageObject\",\"inLanguage\":\"it-IT\",\"@id\":\"https:\/\/www.accuratereviews.com\/it\/software-gestionali-edilizia\/mightyfields-recensione\/#primaryimage\",\"url\":\"https:\/\/www.accuratereviews.com\/wp-content\/uploads\/2026\/04\/MightyFields-Logo.webp\",\"contentUrl\":\"https:\/\/www.accuratereviews.com\/wp-content\/uploads\/2026\/04\/MightyFields-Logo.webp\",\"width\":200,\"height\":200},{\"@type\":\"BreadcrumbList\",\"@id\":\"https:\/\/www.accuratereviews.com\/it\/software-gestionali-edilizia\/mightyfields-recensione\/#breadcrumb\",\"itemListElement\":[{\"@type\":\"ListItem\",\"position\":1,\"name\":\"Home\",\"item\":\"https:\/\/www.accuratereviews.com\/it\/\"},{\"@type\":\"ListItem\",\"position\":2,\"name\":\"Software gestionali per edilizia\",\"item\":\"https:\/\/www.accuratereviews.com\/it\/software-gestionali-edilizia\/\"},{\"@type\":\"ListItem\",\"position\":3,\"name\":\"MightyFields\"}]},{\"@type\":\"WebSite\",\"@id\":\"https:\/\/www.accuratereviews.com\/it\/#website\",\"url\":\"https:\/\/www.accuratereviews.com\/it\/\",\"name\":\"Accurate Reviews\",\"description\":\"\",\"potentialAction\":[{\"@type\":\"SearchAction\",\"target\":{\"@type\":\"EntryPoint\",\"urlTemplate\":\"https:\/\/www.accuratereviews.com\/it\/?s={search_term_string}\"},\"query-input\":{\"@type\":\"PropertyValueSpecification\",\"valueRequired\":true,\"valueName\":\"search_term_string\"}}],\"inLanguage\":\"it-IT\"}]}<\/script>\n<!-- \/ Yoast SEO plugin. -->","yoast_head_json":{"title":"MightyFields: recensione software gestione edilizia - Accurate Reviews","description":"MightyFields: recensione soluzione leggera basata su cloud per la gestione dei progetti e i servizi sul campo.","robots":{"index":"index","follow":"follow","max-snippet":"max-snippet:-1","max-image-preview":"max-image-preview:large","max-video-preview":"max-video-preview:-1"},"canonical":"https:\/\/www.accuratereviews.com\/it\/software-gestionali-edilizia\/mightyfields-recensione\/","og_locale":"it_IT","og_type":"article","og_title":"MightyFields: recensione software gestione edilizia - Accurate Reviews","og_description":"MightyFields: recensione soluzione leggera basata su cloud per la gestione dei progetti e i servizi sul campo.","og_url":"https:\/\/www.accuratereviews.com\/it\/software-gestionali-edilizia\/mightyfields-recensione\/","og_site_name":"Accurate Reviews","article_modified_time":"2026-04-10T09:55:42+00:00","og_image":[{"width":200,"height":200,"url":"https:\/\/www.accuratereviews.com\/wp-content\/uploads\/2026\/04\/MightyFields-Logo.webp","type":"image\/webp"}],"twitter_card":"summary_large_image","twitter_misc":{"Tempo di lettura stimato":"4 minuti"},"schema":{"@context":"https:\/\/schema.org","@graph":[{"@type":"WebPage","@id":"https:\/\/www.accuratereviews.com\/it\/software-gestionali-edilizia\/mightyfields-recensione\/","url":"https:\/\/www.accuratereviews.com\/it\/software-gestionali-edilizia\/mightyfields-recensione\/","name":"MightyFields: recensione software gestione edilizia - Accurate Reviews","isPartOf":{"@id":"https:\/\/www.accuratereviews.com\/it\/#website"},"primaryImageOfPage":{"@id":"https:\/\/www.accuratereviews.com\/it\/software-gestionali-edilizia\/mightyfields-recensione\/#primaryimage"},"image":{"@id":"https:\/\/www.accuratereviews.com\/it\/software-gestionali-edilizia\/mightyfields-recensione\/#primaryimage"},"thumbnailUrl":"https:\/\/www.accuratereviews.com\/wp-content\/uploads\/2026\/04\/MightyFields-Logo.webp","datePublished":"2026-04-08T18:57:03+00:00","dateModified":"2026-04-10T09:55:42+00:00","description":"MightyFields: recensione soluzione leggera basata su cloud per la gestione dei progetti e i servizi sul campo.","breadcrumb":{"@id":"https:\/\/www.accuratereviews.com\/it\/software-gestionali-edilizia\/mightyfields-recensione\/#breadcrumb"},"inLanguage":"it-IT","potentialAction":[{"@type":"ReadAction","target":["https:\/\/www.accuratereviews.com\/it\/software-gestionali-edilizia\/mightyfields-recensione\/"]}]},{"@type":"ImageObject","inLanguage":"it-IT","@id":"https:\/\/www.accuratereviews.com\/it\/software-gestionali-edilizia\/mightyfields-recensione\/#primaryimage","url":"https:\/\/www.accuratereviews.com\/wp-content\/uploads\/2026\/04\/MightyFields-Logo.webp","contentUrl":"https:\/\/www.accuratereviews.com\/wp-content\/uploads\/2026\/04\/MightyFields-Logo.webp","width":200,"height":200},{"@type":"BreadcrumbList","@id":"https:\/\/www.accuratereviews.com\/it\/software-gestionali-edilizia\/mightyfields-recensione\/#breadcrumb","itemListElement":[{"@type":"ListItem","position":1,"name":"Home","item":"https:\/\/www.accuratereviews.com\/it\/"},{"@type":"ListItem","position":2,"name":"Software gestionali per edilizia","item":"https:\/\/www.accuratereviews.com\/it\/software-gestionali-edilizia\/"},{"@type":"ListItem","position":3,"name":"MightyFields"}]},{"@type":"WebSite","@id":"https:\/\/www.accuratereviews.com\/it\/#website","url":"https:\/\/www.accuratereviews.com\/it\/","name":"Accurate Reviews","description":"","potentialAction":[{"@type":"SearchAction","target":{"@type":"EntryPoint","urlTemplate":"https:\/\/www.accuratereviews.com\/it\/?s={search_term_string}"},"query-input":{"@type":"PropertyValueSpecification","valueRequired":true,"valueName":"search_term_string"}}],"inLanguage":"it-IT"}]}},"_links":{"self":[{"href":"https:\/\/www.accuratereviews.com\/it\/wp-json\/wp\/v2\/pages\/108137","targetHints":{"allow":["GET"]}}],"collection":[{"href":"https:\/\/www.accuratereviews.com\/it\/wp-json\/wp\/v2\/pages"}],"about":[{"href":"https:\/\/www.accuratereviews.com\/it\/wp-json\/wp\/v2\/types\/page"}],"author":[{"embeddable":true,"href":"https:\/\/www.accuratereviews.com\/it\/wp-json\/wp\/v2\/users\/19"}],"replies":[{"embeddable":true,"href":"https:\/\/www.accuratereviews.com\/it\/wp-json\/wp\/v2\/comments?post=108137"}],"version-history":[{"count":7,"href":"https:\/\/www.accuratereviews.com\/it\/wp-json\/wp\/v2\/pages\/108137\/revisions"}],"predecessor-version":[{"id":108182,"href":"https:\/\/www.accuratereviews.com\/it\/wp-json\/wp\/v2\/pages\/108137\/revisions\/108182"}],"up":[{"embeddable":true,"href":"https:\/\/www.accuratereviews.com\/it\/wp-json\/wp\/v2\/pages\/70458"}],"wp:featuredmedia":[{"embeddable":true,"href":"https:\/\/www.accuratereviews.com\/it\/wp-json\/wp\/v2\/media\/108138"}],"wp:attachment":[{"href":"https:\/\/www.accuratereviews.com\/it\/wp-json\/wp\/v2\/media?parent=108137"}],"wp:term":[{"taxonomy":"category","embeddable":true,"href":"https:\/\/www.accuratereviews.com\/it\/wp-json\/wp\/v2\/categories?post=108137"},{"taxonomy":"post_tag","embeddable":true,"href":"https:\/\/www.accuratereviews.com\/it\/wp-json\/wp\/v2\/tags?post=108137"},{"taxonomy":"features","embeddable":true,"href":"https:\/\/www.accuratereviews.com\/it\/wp-json\/wp\/v2\/features?post=108137"}],"curies":[{"name":"wp","href":"https:\/\/api.w.org\/{rel}","templated":true}]}}