{"id":108163,"date":"2026-04-10T14:47:06","date_gmt":"2026-04-10T14:47:06","guid":{"rendered":"https:\/\/www.accuratereviews.com\/?page_id=108163"},"modified":"2026-04-10T14:47:06","modified_gmt":"2026-04-10T14:47:06","slug":"bauwise-recensione","status":"publish","type":"page","link":"https:\/\/www.accuratereviews.com\/it\/software-gestionali-edilizia\/bauwise-recensione\/","title":{"rendered":"Bauwise"},"content":{"rendered":"<p><strong>Bauwise<\/strong> \u00e8 un <strong>software di gestione dei costi<\/strong> di costruzione progettato per aiutare le aziende a monitorare il completamento, il budget, le prestazioni, le spese, l&#8217;utile giornaliero, le modifiche e altre metriche relative a progetti esterni o interni. I responsabili possono accedere ai dati contabili in tempo reale per confrontare le previsioni con gli impegni, allocare le fatture di acquisto e identificare potenziali rischi all&#8217;interno delle voci di costo del progetto tramite indicatori visivi.<br \/>\n<strong>Bauwise<\/strong>\u00a0 permette alle organizzazioni di aggiornare le previsioni, gestire la contabilit\u00e0 dei costi del lavoro e monitorare le spese relative a materie prime, rilavorazioni, spese eccessive e modifiche all&#8217;ambito del progetto. Consente agli amministratori di visualizzare le voci di budget e le pianificazioni di progetto su un <strong>diagramma di Gantt<\/strong> e di impostare le autorizzazioni di accesso per i membri del team a livello di progetto o sistema.<\/p>\n<h2>BAUWISE &#8211; TUTORIAL<\/h2>\n<div id=\"fluid-wrapper-counter-1\" class=\"g1-fluid-wrapper \" style=\"width:686px;\">\n<div style=\"padding-bottom:56.268221574344%;\"><iframe loading=\"lazy\" title=\"Introduction to Bauwise\" width=\"515\" height=\"386\" src=\"https:\/\/www.youtube.com\/embed\/tYJYhLy2x2g?feature=oembed&amp;wmode=transparent&amp;autohide=1&amp;autoplay=0&amp;disablekb=0&amp;fs=1&amp;loop=0&amp;enablejsapi=1&amp;rel=0&amp;controls=2&amp;showinfo=0&amp;wmode=transparent&amp;autohide=2&amp;autoplay=0&amp;disablekb=0&amp;fs=1&amp;loop=0&amp;enablejsapi=1&amp;rel=0&amp;controls=2&amp;showinfo=1\" frameborder=\"0\" allow=\"accelerometer; autoplay; clipboard-write; encrypted-media; gyroscope; picture-in-picture; web-share\" referrerpolicy=\"strict-origin-when-cross-origin\" allowfullscreen><\/iframe><\/div>\n<\/div>\n<h3>BAUWISE &#8211; CARATTERISTICHE<\/h3>\n<ul>\n<li>Copia e incolla o carica il tuo budget di costruzione da qualsiasi foglio di calcolo direttamente nella tabella del budget<\/li>\n<li>Ottieni codici di costo e WBS mappati automaticamente in blocco<\/li>\n<li>Convalida automatica dei dati per errori di struttura e logica<\/li>\n<li>Modifica i valori e la struttura importati prima di bloccare o inviare il budget per l&#8217;approvazione<\/li>\n<li>Imposta il budget del progetto in base al tipo di contratto di costruzione, inclusi modelli a forfait, a costo maggiorato, a costo obiettivo e modelli personalizzati<\/li>\n<li>Trascina e rilascia PDF o qualsiasi altro file direttamente in Bauwise oppure utilizza l&#8217;indirizzo email assegnato generato per ogni sito univoco per inoltrare le fatture direttamente nel sistema<\/li>\n<li>Utilizza il motore AI integrato per leggere ed estrarre il numero di fattura, il nome del fornitore, l&#8217;importo della fattura, la data della fattura, i termini di pagamento, ecc.<\/li>\n<li>Ottieni dati da integrazioni supportate, tra cui piattaforme ERP (Enterprise Resource Planning), sistemi contabili o software di scansione\/digitalizzazione delle fatture<\/li>\n<li>Invia i documenti di fattura approvati all&#8217;ERP tramite API per i flussi di lavoro completati o sfrutta la creazione di transazioni interne<\/li>\n<li>Distribuisci automaticamente il budget rimanente nei mesi futuri, in modo uniforme o utilizzando rapporti predefiniti<\/li>\n<li>Compila automaticamente i periodi passati con i dati provenienti da contratti, ordini di acquisto (PO), fatture di acquisto e applicazioni per pagamento<\/li>\n<li>Seleziona le voci di budget pertinenti e assegna una percentuale o un valore monetario specifico da ciascuna voce all&#8217;ambito dell&#8217;offerta.<\/li>\n<li>Suddividi o riorganizza le voci in componenti pi\u00f9 piccole, oppure espandile per adattarle al livello di dettaglio dei prezzi richiesto.<\/li>\n<li>Accedi ad analisi dettagliate della valutazione dell&#8217;offerta.<\/li>\n<li>Riutilizza la struttura di ripartizione creata per il monitoraggio dell&#8217;avanzamento della richiesta di pagamento (AFP) una volta aggiudicata l&#8217;offerta.<\/li>\n<li>Imposta i tipi di ritenuta: periodo di costruzione, post-completamento o garanzia (responsabilit\u00e0 per difetti).<\/li>\n<li>Gestisci la ritenuta su ciascuna richiesta come percentuale dell&#8217;intero importo del contratto o come somma forfettaria fissa.<\/li>\n<li>Calcola le ritenute dall&#8217;importo del contratto originale o rivisto, indipendentemente da modifiche o detrazioni intermedie.<\/li>\n<li>Fai in modo che le ritenute vengano applicate e regolate automaticamente con ogni richiesta di pagamento, senza ricalcoli manuali.<\/li>\n<li>Crea tipi flessibili che riflettano scenari di progetto come: Ordini di modifica richiesti dal cliente, aggiustamenti interni del team di progetto, voci di budget mancanti o calcolate in modo errato, errori o omissioni di progettazione<\/li>\n<li>Filtra, raggruppa, analizza e segnala gli ordini di modifica per tipologia<\/li>\n<li>Visualizza le motivazioni degli ordini di modifica<\/li>\n<li>Garantisci una comunicazione coerente tra i progetti<\/li>\n<li>Progetta e genera modelli di ordini di acquisto personalizzati da esportare come documenti PDF<\/li>\n<li>Sincronizza fatture di acquisto e vendita, spese, informazioni sui fornitori e dati delle transazioni<\/li>\n<li>Evita discrepanze e duplicati dei dati<\/li>\n<li>Ricevi aggiornamenti istantanei dal tuo software di contabilit\u00e0 o ERP che coprono i saldi cruciali, inclusi pagamenti anticipati e ritenute<\/li>\n<li>Mantieni una fonte unificata di dati finanziari condivisibile con tutte le parti interessate interne ed esterne coinvolte<\/li>\n<\/ul>\n<h4>LE RECENSIONI DEGLI UTENTI<\/h4>\n<p><strong>Thomas Heegaard &#8220;Sistema di budgeting di progetto di livello mondiale.&#8221;<\/strong><br \/>\nLa mia esperienza complessiva con Bauwise \u00e8 stata molto positiva. Ho l&#8217;impressione che Bauwise, sia come team che come sistema, sia un&#8217;azienda molto professionale, competitiva e affidabile, e quindi il partner ideale per il controllo finanziario dei progetti.<br \/>\n<strong>Pro<\/strong>: ci\u00f2 che apprezzo di pi\u00f9 di Bauwise \u00e8 la sua flessibilit\u00e0. Sia Bauwise come sistema che come team si sono dimostrati molto flessibili nell&#8217;adattare l&#8217;utilizzo di Bauwise alle nostre esigenze specifiche. Il team di Bauwise si \u00e8 rivelato un eccellente partner nella configurazione e nell&#8217;implementazione del sistema. Da un lato, hanno ascoltato, compreso e adattato Bauwise alle nostre necessit\u00e0. Dall&#8217;altro, hanno cercato di stimolare la nostra riflessione sul nostro modo di lavorare al fine di massimizzare i vantaggi derivanti dall&#8217;utilizzo di Bauwise.<br \/>\n<strong>Contro<\/strong>: finora non ho riscontrato alcun inconveniente.<\/p>\n<p><strong>Jaago &#8220;Una panoramica dei costi e dei ricavi del progetto \u00e8 visibile in tempo reale&#8221;<\/strong><br \/>\nLa nostra azienda utilizza il servizio Bauwise fin dall&#8217;inizio e abbiamo assistito allo sviluppo dell&#8217;ambiente: un ottimo lavoro. Quando Bauwise \u00e8 arrivato sul mercato, utilizzavamo Excel per monitorare i costi. Purtroppo, la preparazione dei report in Excel richiedeva molte risorse da parte dei project manager, che dovevano fare attenzione a non commettere errori nelle formule. Inviavamo i report Excel solo mensilmente. Ora, con Bauwise, il monitoraggio dei report \u00e8 in tempo reale. Di conseguenza, il controllo su costi e ricavi \u00e8 molto pi\u00f9 completo. Il vantaggio \u00e8 la presenza di indicatori che segnalano quando si \u00e8 verificato un errore. Ad esempio, se il costo effettivo \u00e8 superiore al costo previsto, i numeri vengono visualizzati in rosso. Bauwise ha indubbiamente portato a un significativo risparmio di risorse nell&#8217;inserimento e nell&#8217;approvazione delle fatture e nella previsione dei costi. Inoltre, i project manager che hanno iniziato a utilizzare le applicazioni di pagamento digitale sono entusiasti e riceviamo feedback positivi dai subappaltatori. Ottenere una panoramica di costi e benefici \u00e8 pi\u00f9 efficace. Con Excel, il passaggio dalla realt\u00e0 operativa \u00e8 avvenuto in circa 1,2 mesi. In Bauwise, il tempo impiegato \u00e8 inferiore a un giorno, grazie alla sincronizzazione delle registrazioni con il software di contabilit\u00e0.<br \/>\n<strong>Pro<\/strong>: l&#8217;approvazione delle fatture consente di risparmiare molto tempo. In passato, le fatture venivano inviate via e-mail, stampate, firmate e scansionate. Il responsabile di cantiere e il contabile possono visualizzare lo stato di approvazione di tutte le fatture, verificare se l&#8217;approvazione \u00e8 stata approvata entro i termini previsti, ecc. Le procedure di pagamento online con i subappaltatori semplificano notevolmente il lavoro. Sorprendentemente, i subappaltatori hanno accolto molto positivamente le procedure di pagamento online e hanno iniziato a utilizzarle.<br \/>\n<strong>Contro<\/strong>: ci mancava molto il manuale d&#8217;uso di Bauwise, ma a quanto pare la situazione sta migliorando.<\/p>\n","protected":false},"excerpt":{"rendered":"<p>Bauwise \u00e8 un software di gestione dei costi di costruzione progettato per aiutare le aziende a monitorare il completamento, il budget, le prestazioni, le spese, l&#8217;utile giornaliero, le modifiche e altre metriche relative a progetti esterni o interni. I responsabili possono accedere ai dati contabili in tempo reale per confrontare le previsioni con gli impegni, allocare le fatture di acquisto e identificare potenziali rischi all&#8217;interno delle voci di costo del progetto tramite indicatori visivi.<\/p>\n","protected":false},"author":19,"featured_media":108164,"parent":70458,"menu_order":0,"comment_status":"open","ping_status":"closed","template":"g1_template_page_review_new.php","meta":{"_acf_changed":false,"cwp_meta_box_check":"Yes","cwp_rev_product_name":"","cwp_rev_product_image":"","wppr_links":[],"cwp_rev_price":"0.00","wppr_options":[{"name":"Usability","value":"0"},{"name":"Speed","value":"0"},{"name":"Features","value":"0"},{"name":"Support","value":"0"},{"name":"Pricing","value":"0"}],"wppr_pros":["","","","",""],"wppr_cons":["","","","",""],"_monsterinsights_skip_tracking":false,"_monsterinsights_sitenote_active":false,"_monsterinsights_sitenote_note":"","_monsterinsights_sitenote_category":0,"footnotes":""},"categories":[2459],"tags":[17101,3522,2485,3520,3518,3519],"features":[],"class_list":{"0":"post-108163","1":"page","2":"type-page","3":"status-publish","4":"has-post-thumbnail","6":"category-gestionale-per-edilizia-cat","7":"tag-bauwise","8":"tag-gestionale-per-edilizia","9":"tag-piattaforma-gestionale-per-edilizia","10":"tag-programma-gestionale-per-edilizia","11":"tag-software-gestionale-per-edilizia","12":"tag-soluzione-gestionale-per-edilizia"},"wppr_data":{"cwp_meta_box_check":"Yes","_wppr_review_template":"default","cwp_rev_product_image":"","cwp_image_link":"image","wppr_links":[],"cwp_rev_price":"0.00","wppr_pros":["","","","",""],"wppr_cons":["","","","",""],"wppr_rating":"0.00","wppr_options":{"1":{"name":"Usability","value":"0"},"2":{"name":"Speed","value":"0"},"3":{"name":"Features","value":"0"},"4":{"name":"Support","value":"0"},"5":{"name":"Pricing","value":"0"}},"wppr_review_type":"Product","wppr_review_custom_fields":{"additionalProperty":"","additionalType":"","aggregateRating":"","alternateName":"","audience":"","award":"","awards":"","brand":"","color":"","depth":"","description":"","disambiguatingDescription":"","gtin12":"","gtin13":"","gtin14":"","gtin8":"","height":"","identifier":"","image":"","isAccessoryOrSparePartFor":"","isConsumableFor":"","isRelatedTo":"","isSimilarTo":"","itemCondition":"","logo":"","mainEntityOfPage":"","manufacturer":"","material":"","model":"","mpn":"","name":"","offers":"","potentialAction":"","productID":"","productionDate":"","purchaseDate":"","releaseDate":"","review":"","reviews":"","sameAs":"","sku":"","slogan":"","subjectOf":"","url":"","weight":"","width":""}},"acf":[],"yoast_head":"<!-- This site is optimized with the Yoast SEO plugin v26.0 - https:\/\/yoast.com\/wordpress\/plugins\/seo\/ -->\n<title>Bauwise: recensione software gestionale per edilizia - Accurate Reviews<\/title>\n<meta name=\"description\" content=\"Bauwise: recensione software di gestione dei costi per aiutare a monitorare il completamento dei progetti, il budget e le prestazioni.\" \/>\n<meta name=\"robots\" content=\"index, follow, max-snippet:-1, max-image-preview:large, max-video-preview:-1\" \/>\n<link rel=\"canonical\" href=\"https:\/\/www.accuratereviews.com\/it\/software-gestionali-edilizia\/bauwise-recensione\/\" \/>\n<meta property=\"og:locale\" content=\"it_IT\" \/>\n<meta property=\"og:type\" content=\"article\" \/>\n<meta property=\"og:title\" content=\"Bauwise: recensione software gestionale per edilizia - Accurate Reviews\" \/>\n<meta property=\"og:description\" content=\"Bauwise: recensione software di gestione dei costi per aiutare a monitorare il completamento dei progetti, il budget e le prestazioni.\" \/>\n<meta property=\"og:url\" content=\"https:\/\/www.accuratereviews.com\/it\/software-gestionali-edilizia\/bauwise-recensione\/\" \/>\n<meta property=\"og:site_name\" content=\"Accurate Reviews\" \/>\n<meta property=\"og:image\" content=\"https:\/\/www.accuratereviews.com\/wp-content\/uploads\/2026\/04\/Bauwise.jpeg\" \/>\n\t<meta property=\"og:image:width\" content=\"200\" \/>\n\t<meta property=\"og:image:height\" content=\"200\" \/>\n\t<meta property=\"og:image:type\" content=\"image\/jpeg\" \/>\n<meta name=\"twitter:card\" content=\"summary_large_image\" \/>\n<meta name=\"twitter:label1\" content=\"Tempo di lettura stimato\" \/>\n\t<meta name=\"twitter:data1\" content=\"7 minuti\" \/>\n<script type=\"application\/ld+json\" class=\"yoast-schema-graph\">{\"@context\":\"https:\/\/schema.org\",\"@graph\":[{\"@type\":\"WebPage\",\"@id\":\"https:\/\/www.accuratereviews.com\/it\/software-gestionali-edilizia\/bauwise-recensione\/\",\"url\":\"https:\/\/www.accuratereviews.com\/it\/software-gestionali-edilizia\/bauwise-recensione\/\",\"name\":\"Bauwise: recensione software gestionale per edilizia - Accurate Reviews\",\"isPartOf\":{\"@id\":\"https:\/\/www.accuratereviews.com\/it\/#website\"},\"primaryImageOfPage\":{\"@id\":\"https:\/\/www.accuratereviews.com\/it\/software-gestionali-edilizia\/bauwise-recensione\/#primaryimage\"},\"image\":{\"@id\":\"https:\/\/www.accuratereviews.com\/it\/software-gestionali-edilizia\/bauwise-recensione\/#primaryimage\"},\"thumbnailUrl\":\"https:\/\/www.accuratereviews.com\/wp-content\/uploads\/2026\/04\/Bauwise.jpeg\",\"datePublished\":\"2026-04-10T14:47:06+00:00\",\"description\":\"Bauwise: recensione software di gestione dei costi per aiutare a monitorare il completamento dei progetti, il budget e le prestazioni.\",\"breadcrumb\":{\"@id\":\"https:\/\/www.accuratereviews.com\/it\/software-gestionali-edilizia\/bauwise-recensione\/#breadcrumb\"},\"inLanguage\":\"it-IT\",\"potentialAction\":[{\"@type\":\"ReadAction\",\"target\":[\"https:\/\/www.accuratereviews.com\/it\/software-gestionali-edilizia\/bauwise-recensione\/\"]}]},{\"@type\":\"ImageObject\",\"inLanguage\":\"it-IT\",\"@id\":\"https:\/\/www.accuratereviews.com\/it\/software-gestionali-edilizia\/bauwise-recensione\/#primaryimage\",\"url\":\"https:\/\/www.accuratereviews.com\/wp-content\/uploads\/2026\/04\/Bauwise.jpeg\",\"contentUrl\":\"https:\/\/www.accuratereviews.com\/wp-content\/uploads\/2026\/04\/Bauwise.jpeg\",\"width\":200,\"height\":200},{\"@type\":\"BreadcrumbList\",\"@id\":\"https:\/\/www.accuratereviews.com\/it\/software-gestionali-edilizia\/bauwise-recensione\/#breadcrumb\",\"itemListElement\":[{\"@type\":\"ListItem\",\"position\":1,\"name\":\"Home\",\"item\":\"https:\/\/www.accuratereviews.com\/it\/\"},{\"@type\":\"ListItem\",\"position\":2,\"name\":\"Software gestionali per edilizia\",\"item\":\"https:\/\/www.accuratereviews.com\/it\/software-gestionali-edilizia\/\"},{\"@type\":\"ListItem\",\"position\":3,\"name\":\"Bauwise\"}]},{\"@type\":\"WebSite\",\"@id\":\"https:\/\/www.accuratereviews.com\/it\/#website\",\"url\":\"https:\/\/www.accuratereviews.com\/it\/\",\"name\":\"Accurate Reviews\",\"description\":\"\",\"potentialAction\":[{\"@type\":\"SearchAction\",\"target\":{\"@type\":\"EntryPoint\",\"urlTemplate\":\"https:\/\/www.accuratereviews.com\/it\/?s={search_term_string}\"},\"query-input\":{\"@type\":\"PropertyValueSpecification\",\"valueRequired\":true,\"valueName\":\"search_term_string\"}}],\"inLanguage\":\"it-IT\"}]}<\/script>\n<!-- \/ Yoast SEO plugin. -->","yoast_head_json":{"title":"Bauwise: recensione software gestionale per edilizia - Accurate Reviews","description":"Bauwise: recensione software di gestione dei costi per aiutare a monitorare il completamento dei progetti, il budget e le prestazioni.","robots":{"index":"index","follow":"follow","max-snippet":"max-snippet:-1","max-image-preview":"max-image-preview:large","max-video-preview":"max-video-preview:-1"},"canonical":"https:\/\/www.accuratereviews.com\/it\/software-gestionali-edilizia\/bauwise-recensione\/","og_locale":"it_IT","og_type":"article","og_title":"Bauwise: recensione software gestionale per edilizia - Accurate Reviews","og_description":"Bauwise: recensione software di gestione dei costi per aiutare a monitorare il completamento dei progetti, il budget e le prestazioni.","og_url":"https:\/\/www.accuratereviews.com\/it\/software-gestionali-edilizia\/bauwise-recensione\/","og_site_name":"Accurate Reviews","og_image":[{"width":200,"height":200,"url":"https:\/\/www.accuratereviews.com\/wp-content\/uploads\/2026\/04\/Bauwise.jpeg","type":"image\/jpeg"}],"twitter_card":"summary_large_image","twitter_misc":{"Tempo di lettura stimato":"7 minuti"},"schema":{"@context":"https:\/\/schema.org","@graph":[{"@type":"WebPage","@id":"https:\/\/www.accuratereviews.com\/it\/software-gestionali-edilizia\/bauwise-recensione\/","url":"https:\/\/www.accuratereviews.com\/it\/software-gestionali-edilizia\/bauwise-recensione\/","name":"Bauwise: recensione software gestionale per edilizia - Accurate Reviews","isPartOf":{"@id":"https:\/\/www.accuratereviews.com\/it\/#website"},"primaryImageOfPage":{"@id":"https:\/\/www.accuratereviews.com\/it\/software-gestionali-edilizia\/bauwise-recensione\/#primaryimage"},"image":{"@id":"https:\/\/www.accuratereviews.com\/it\/software-gestionali-edilizia\/bauwise-recensione\/#primaryimage"},"thumbnailUrl":"https:\/\/www.accuratereviews.com\/wp-content\/uploads\/2026\/04\/Bauwise.jpeg","datePublished":"2026-04-10T14:47:06+00:00","description":"Bauwise: recensione software di gestione dei costi per aiutare a monitorare il completamento dei progetti, il budget e le prestazioni.","breadcrumb":{"@id":"https:\/\/www.accuratereviews.com\/it\/software-gestionali-edilizia\/bauwise-recensione\/#breadcrumb"},"inLanguage":"it-IT","potentialAction":[{"@type":"ReadAction","target":["https:\/\/www.accuratereviews.com\/it\/software-gestionali-edilizia\/bauwise-recensione\/"]}]},{"@type":"ImageObject","inLanguage":"it-IT","@id":"https:\/\/www.accuratereviews.com\/it\/software-gestionali-edilizia\/bauwise-recensione\/#primaryimage","url":"https:\/\/www.accuratereviews.com\/wp-content\/uploads\/2026\/04\/Bauwise.jpeg","contentUrl":"https:\/\/www.accuratereviews.com\/wp-content\/uploads\/2026\/04\/Bauwise.jpeg","width":200,"height":200},{"@type":"BreadcrumbList","@id":"https:\/\/www.accuratereviews.com\/it\/software-gestionali-edilizia\/bauwise-recensione\/#breadcrumb","itemListElement":[{"@type":"ListItem","position":1,"name":"Home","item":"https:\/\/www.accuratereviews.com\/it\/"},{"@type":"ListItem","position":2,"name":"Software gestionali per edilizia","item":"https:\/\/www.accuratereviews.com\/it\/software-gestionali-edilizia\/"},{"@type":"ListItem","position":3,"name":"Bauwise"}]},{"@type":"WebSite","@id":"https:\/\/www.accuratereviews.com\/it\/#website","url":"https:\/\/www.accuratereviews.com\/it\/","name":"Accurate Reviews","description":"","potentialAction":[{"@type":"SearchAction","target":{"@type":"EntryPoint","urlTemplate":"https:\/\/www.accuratereviews.com\/it\/?s={search_term_string}"},"query-input":{"@type":"PropertyValueSpecification","valueRequired":true,"valueName":"search_term_string"}}],"inLanguage":"it-IT"}]}},"_links":{"self":[{"href":"https:\/\/www.accuratereviews.com\/it\/wp-json\/wp\/v2\/pages\/108163","targetHints":{"allow":["GET"]}}],"collection":[{"href":"https:\/\/www.accuratereviews.com\/it\/wp-json\/wp\/v2\/pages"}],"about":[{"href":"https:\/\/www.accuratereviews.com\/it\/wp-json\/wp\/v2\/types\/page"}],"author":[{"embeddable":true,"href":"https:\/\/www.accuratereviews.com\/it\/wp-json\/wp\/v2\/users\/19"}],"replies":[{"embeddable":true,"href":"https:\/\/www.accuratereviews.com\/it\/wp-json\/wp\/v2\/comments?post=108163"}],"version-history":[{"count":6,"href":"https:\/\/www.accuratereviews.com\/it\/wp-json\/wp\/v2\/pages\/108163\/revisions"}],"predecessor-version":[{"id":108193,"href":"https:\/\/www.accuratereviews.com\/it\/wp-json\/wp\/v2\/pages\/108163\/revisions\/108193"}],"up":[{"embeddable":true,"href":"https:\/\/www.accuratereviews.com\/it\/wp-json\/wp\/v2\/pages\/70458"}],"wp:featuredmedia":[{"embeddable":true,"href":"https:\/\/www.accuratereviews.com\/it\/wp-json\/wp\/v2\/media\/108164"}],"wp:attachment":[{"href":"https:\/\/www.accuratereviews.com\/it\/wp-json\/wp\/v2\/media?parent=108163"}],"wp:term":[{"taxonomy":"category","embeddable":true,"href":"https:\/\/www.accuratereviews.com\/it\/wp-json\/wp\/v2\/categories?post=108163"},{"taxonomy":"post_tag","embeddable":true,"href":"https:\/\/www.accuratereviews.com\/it\/wp-json\/wp\/v2\/tags?post=108163"},{"taxonomy":"features","embeddable":true,"href":"https:\/\/www.accuratereviews.com\/it\/wp-json\/wp\/v2\/features?post=108163"}],"curies":[{"name":"wp","href":"https:\/\/api.w.org\/{rel}","templated":true}]}}