{"id":10819,"date":"2019-02-05T15:22:12","date_gmt":"2019-02-05T15:22:12","guid":{"rendered":"https:\/\/www.accuratereviews.com\/?page_id=10819"},"modified":"2021-04-29T14:03:06","modified_gmt":"2021-04-29T14:03:06","slug":"wevideo-recensione","status":"publish","type":"page","link":"https:\/\/www.accuratereviews.com\/it\/video-editing-lista-software\/wevideo-recensione\/","title":{"rendered":"WeVideo"},"content":{"rendered":"<p><a href=\"https:\/\/www.wevideo.com\" target=\"_blank\" rel=\"noopener noreferrer\">WeVideo<\/a>: \u00e8 uno dei <strong>migliori video editor gratuiti, <\/strong>\u00e8 online ed \u00e8 molto semplice da usare. Offre funzionalit\u00e0 di archiviazione cloud,\u00a0<strong>VoiceOver<\/strong> e <strong>Screencasting<\/strong> per la creazione di video dall&#8217;aspetto professionale per scuole, aziende e molto altro!<\/p>\n<p>L&#8217;applicazione \u00e8 realizzata per consentire agli utenti di acquisire, creare, visualizzare e persino condividere filmati ad alta risoluzione. \u00c8 un programma potente e completo che utilizza la tecnologia <strong>JumpStart<\/strong> per trasformare il panorama in video editing.<\/p>\n<p>L&#8217;<strong>editor di video<\/strong> multi-piattaforma offre un&#8217;esperienza di editing senza interruzioni grazie al supporto per pi\u00f9 formati di video, audio, immagini e grafica. Offre anche una serie di funzionalit\u00e0 che consentono la creazione senza sforzo di film mozzafiato in pochi minuti.<\/p>\n<h2><strong>WEVIDEO &#8211; TUTORIAL<\/strong><\/h2>\n<p>Questo breve e dettagliato tutorial vi aiuter\u00e0 a comprendere meglio le funzionalit\u00e0 che offre <strong>WeVideo<\/strong>.<\/p>\n<div id=\"fluid-wrapper-counter-1\" class=\"g1-fluid-wrapper \" style=\"width:686px;\"><div style=\"padding-bottom:56.268221574344%;\"><iframe loading=\"lazy\" width=\"686\" height=\"386\" src=\"https:\/\/www.youtube.com\/embed\/a1xtn-6jN8Q?feature=oembed&amp;wmode=transparent&amp;autohide=1&amp;autoplay=0&amp;disablekb=0&amp;fs=1&amp;loop=0&amp;enablejsapi=1&amp;rel=0&amp;controls=2&amp;showinfo=0&amp;wmode=transparent&amp;autohide=2&amp;autoplay=0&amp;disablekb=0&amp;fs=1&amp;loop=0&amp;enablejsapi=1&amp;rel=0&amp;controls=2&amp;showinfo=1\" frameborder=\"0\" allow=\"accelerometer; autoplay; encrypted-media; gyroscope; picture-in-picture\" allowfullscreen><\/iframe><\/div><\/div>\n<p>&nbsp;<\/p>\n<h3><strong>WEVIDEO &#8211; CARATTERISTICHE<\/strong><\/h3>\n<p>Ora che hai capito come funziona questo <strong>video editor<\/strong>, andiamo a vedere alcune delle sue migliori caratteristiche:<\/p>\n<ul>\n<li><strong>Risoluzione video<\/strong> A 720P<\/li>\n<li>WeVideo <strong>JumpStart<\/strong><\/li>\n<li><strong>Archiviazione<\/strong> <strong>cloud<\/strong><\/li>\n<li><strong>Titoli di movimento<\/strong><\/li>\n<li><strong>Screencasting<\/strong> incorporato<\/li>\n<li><strong>Libreria musicale<\/strong> molto ampia<\/li>\n<li><strong>Rallentatore<\/strong> disponibile<\/li>\n<li><strong>Voce<\/strong> fuoricampo<\/li>\n<li><strong>Editing e storyboard multitraccia<\/strong><\/li>\n<li><strong>Modifica del testo<\/strong> avanzata<\/li>\n<li><strong>Ambiente personalizzabile<\/strong><\/li>\n<li><strong>File e gestione dei media\u00a0<\/strong><\/li>\n<\/ul>\n<p>&nbsp;<\/p>\n","protected":false},"excerpt":{"rendered":"<p>WeVideo: \u00e8 uno dei migliori video editor gratuito, \u00e8 online ed \u00e8 molto semplice da usare. Offre funzionalit\u00e0 di archiviazione cloud,\u00a0VoiceOver e Screencasting per la creazione di video dall&#8217;aspetto professionale per scuole, aziende e molto altro!<\/p>\n","protected":false},"author":17,"featured_media":0,"parent":7571,"menu_order":0,"comment_status":"open","ping_status":"closed","template":"g1_template_page_review_new.php","meta":{"_acf_changed":false,"cwp_meta_box_check":"Yes","cwp_rev_product_name":"","cwp_rev_product_image":"","wppr_links":[],"cwp_rev_price":"","wppr_options":[],"wppr_pros":[],"wppr_cons":[],"_monsterinsights_skip_tracking":false,"_monsterinsights_sitenote_active":false,"_monsterinsights_sitenote_note":"","_monsterinsights_sitenote_category":0,"footnotes":""},"categories":[169],"tags":[216,214,215,213,202,201],"features":[],"class_list":{"0":"post-10819","1":"page","2":"type-page","3":"status-publish","5":"category-video-editing-software-it","6":"tag-editing-video-gratuiti","7":"tag-editing-video-migliori","8":"tag-editing-video-software","9":"tag-modificare-un-video","10":"tag-video-editing","11":"tag-video-editor"},"wppr_data":{"cwp_meta_box_check":"Yes","cwp_rev_product_name":"","cwp_rev_product_image":"","cwp_image_link":"image","cwp_rev_price":"","wppr_rating":"0.00"},"acf":[],"yoast_head":"<!-- This site is optimized with the Yoast SEO plugin v27.4 - https:\/\/yoast.com\/product\/yoast-seo-wordpress\/ -->\n<title>WeVideo : recensione video editor gratuito - Accurate Reviews<\/title>\n<meta name=\"description\" content=\"WeVideo: recensione di uno dei migliori video editor gratuito\u00a0online, semplice da usare, con funzionalit\u00e0 di archiviazione cloud,\u00a0VoiceOver, Screencasting\" \/>\n<meta name=\"robots\" content=\"index, follow, max-snippet:-1, max-image-preview:large, max-video-preview:-1\" \/>\n<link rel=\"canonical\" href=\"https:\/\/www.accuratereviews.com\/it\/video-editing-lista-software\/wevideo-recensione\/\" \/>\n<meta property=\"og:locale\" content=\"it_IT\" \/>\n<meta property=\"og:type\" content=\"article\" \/>\n<meta property=\"og:title\" content=\"WeVideo : recensione video editor gratuito - Accurate Reviews\" \/>\n<meta property=\"og:description\" content=\"WeVideo: recensione di uno dei migliori video editor gratuito\u00a0online, semplice da usare, con funzionalit\u00e0 di archiviazione cloud,\u00a0VoiceOver, Screencasting\" \/>\n<meta property=\"og:url\" content=\"https:\/\/www.accuratereviews.com\/it\/video-editing-lista-software\/wevideo-recensione\/\" \/>\n<meta property=\"og:site_name\" content=\"Accurate Reviews\" \/>\n<meta property=\"article:modified_time\" content=\"2021-04-29T14:03:06+00:00\" \/>\n<meta name=\"twitter:card\" content=\"summary_large_image\" \/>\n<meta name=\"twitter:label1\" content=\"Tempo di lettura stimato\" \/>\n\t<meta name=\"twitter:data1\" content=\"1 minuto\" \/>\n<script type=\"application\/ld+json\" class=\"yoast-schema-graph\">{\"@context\":\"https:\\\/\\\/schema.org\",\"@graph\":[{\"@type\":\"WebPage\",\"@id\":\"https:\\\/\\\/www.accuratereviews.com\\\/it\\\/video-editing-lista-software\\\/wevideo-recensione\\\/\",\"url\":\"https:\\\/\\\/www.accuratereviews.com\\\/it\\\/video-editing-lista-software\\\/wevideo-recensione\\\/\",\"name\":\"WeVideo : recensione video editor gratuito - Accurate Reviews\",\"isPartOf\":{\"@id\":\"https:\\\/\\\/www.accuratereviews.com\\\/it\\\/#website\"},\"datePublished\":\"2019-02-05T15:22:12+00:00\",\"dateModified\":\"2021-04-29T14:03:06+00:00\",\"description\":\"WeVideo: recensione di uno dei migliori video editor gratuito\u00a0online, semplice da usare, con funzionalit\u00e0 di archiviazione cloud,\u00a0VoiceOver, Screencasting\",\"breadcrumb\":{\"@id\":\"https:\\\/\\\/www.accuratereviews.com\\\/it\\\/video-editing-lista-software\\\/wevideo-recensione\\\/#breadcrumb\"},\"inLanguage\":\"it-IT\",\"potentialAction\":[{\"@type\":\"ReadAction\",\"target\":[\"https:\\\/\\\/www.accuratereviews.com\\\/it\\\/video-editing-lista-software\\\/wevideo-recensione\\\/\"]}]},{\"@type\":\"BreadcrumbList\",\"@id\":\"https:\\\/\\\/www.accuratereviews.com\\\/it\\\/video-editing-lista-software\\\/wevideo-recensione\\\/#breadcrumb\",\"itemListElement\":[{\"@type\":\"ListItem\",\"position\":1,\"name\":\"Home\",\"item\":\"https:\\\/\\\/www.accuratereviews.com\\\/it\\\/\"},{\"@type\":\"ListItem\",\"position\":2,\"name\":\"Software per il video editing\",\"item\":\"https:\\\/\\\/www.accuratereviews.com\\\/it\\\/video-editing-lista-software\\\/\"},{\"@type\":\"ListItem\",\"position\":3,\"name\":\"WeVideo\"}]},{\"@type\":\"WebSite\",\"@id\":\"https:\\\/\\\/www.accuratereviews.com\\\/it\\\/#website\",\"url\":\"https:\\\/\\\/www.accuratereviews.com\\\/it\\\/\",\"name\":\"Accurate Reviews\",\"description\":\"\",\"potentialAction\":[{\"@type\":\"SearchAction\",\"target\":{\"@type\":\"EntryPoint\",\"urlTemplate\":\"https:\\\/\\\/www.accuratereviews.com\\\/it\\\/?s={search_term_string}\"},\"query-input\":{\"@type\":\"PropertyValueSpecification\",\"valueRequired\":true,\"valueName\":\"search_term_string\"}}],\"inLanguage\":\"it-IT\"}]}<\/script>\n<!-- \/ Yoast SEO plugin. -->","yoast_head_json":{"title":"WeVideo : recensione video editor gratuito - Accurate Reviews","description":"WeVideo: recensione di uno dei migliori video editor gratuito\u00a0online, semplice da usare, con funzionalit\u00e0 di archiviazione cloud,\u00a0VoiceOver, Screencasting","robots":{"index":"index","follow":"follow","max-snippet":"max-snippet:-1","max-image-preview":"max-image-preview:large","max-video-preview":"max-video-preview:-1"},"canonical":"https:\/\/www.accuratereviews.com\/it\/video-editing-lista-software\/wevideo-recensione\/","og_locale":"it_IT","og_type":"article","og_title":"WeVideo : recensione video editor gratuito - Accurate Reviews","og_description":"WeVideo: recensione di uno dei migliori video editor gratuito\u00a0online, semplice da usare, con funzionalit\u00e0 di archiviazione cloud,\u00a0VoiceOver, Screencasting","og_url":"https:\/\/www.accuratereviews.com\/it\/video-editing-lista-software\/wevideo-recensione\/","og_site_name":"Accurate Reviews","article_modified_time":"2021-04-29T14:03:06+00:00","twitter_card":"summary_large_image","twitter_misc":{"Tempo di lettura stimato":"1 minuto"},"schema":{"@context":"https:\/\/schema.org","@graph":[{"@type":"WebPage","@id":"https:\/\/www.accuratereviews.com\/it\/video-editing-lista-software\/wevideo-recensione\/","url":"https:\/\/www.accuratereviews.com\/it\/video-editing-lista-software\/wevideo-recensione\/","name":"WeVideo : recensione video editor gratuito - Accurate Reviews","isPartOf":{"@id":"https:\/\/www.accuratereviews.com\/it\/#website"},"datePublished":"2019-02-05T15:22:12+00:00","dateModified":"2021-04-29T14:03:06+00:00","description":"WeVideo: recensione di uno dei migliori video editor gratuito\u00a0online, semplice da usare, con funzionalit\u00e0 di archiviazione cloud,\u00a0VoiceOver, Screencasting","breadcrumb":{"@id":"https:\/\/www.accuratereviews.com\/it\/video-editing-lista-software\/wevideo-recensione\/#breadcrumb"},"inLanguage":"it-IT","potentialAction":[{"@type":"ReadAction","target":["https:\/\/www.accuratereviews.com\/it\/video-editing-lista-software\/wevideo-recensione\/"]}]},{"@type":"BreadcrumbList","@id":"https:\/\/www.accuratereviews.com\/it\/video-editing-lista-software\/wevideo-recensione\/#breadcrumb","itemListElement":[{"@type":"ListItem","position":1,"name":"Home","item":"https:\/\/www.accuratereviews.com\/it\/"},{"@type":"ListItem","position":2,"name":"Software per il video editing","item":"https:\/\/www.accuratereviews.com\/it\/video-editing-lista-software\/"},{"@type":"ListItem","position":3,"name":"WeVideo"}]},{"@type":"WebSite","@id":"https:\/\/www.accuratereviews.com\/it\/#website","url":"https:\/\/www.accuratereviews.com\/it\/","name":"Accurate Reviews","description":"","potentialAction":[{"@type":"SearchAction","target":{"@type":"EntryPoint","urlTemplate":"https:\/\/www.accuratereviews.com\/it\/?s={search_term_string}"},"query-input":{"@type":"PropertyValueSpecification","valueRequired":true,"valueName":"search_term_string"}}],"inLanguage":"it-IT"}]}},"_links":{"self":[{"href":"https:\/\/www.accuratereviews.com\/it\/wp-json\/wp\/v2\/pages\/10819","targetHints":{"allow":["GET"]}}],"collection":[{"href":"https:\/\/www.accuratereviews.com\/it\/wp-json\/wp\/v2\/pages"}],"about":[{"href":"https:\/\/www.accuratereviews.com\/it\/wp-json\/wp\/v2\/types\/page"}],"author":[{"embeddable":true,"href":"https:\/\/www.accuratereviews.com\/it\/wp-json\/wp\/v2\/users\/17"}],"replies":[{"embeddable":true,"href":"https:\/\/www.accuratereviews.com\/it\/wp-json\/wp\/v2\/comments?post=10819"}],"version-history":[{"count":25,"href":"https:\/\/www.accuratereviews.com\/it\/wp-json\/wp\/v2\/pages\/10819\/revisions"}],"predecessor-version":[{"id":41443,"href":"https:\/\/www.accuratereviews.com\/it\/wp-json\/wp\/v2\/pages\/10819\/revisions\/41443"}],"up":[{"embeddable":true,"href":"https:\/\/www.accuratereviews.com\/it\/wp-json\/wp\/v2\/pages\/7571"}],"wp:attachment":[{"href":"https:\/\/www.accuratereviews.com\/it\/wp-json\/wp\/v2\/media?parent=10819"}],"wp:term":[{"taxonomy":"category","embeddable":true,"href":"https:\/\/www.accuratereviews.com\/it\/wp-json\/wp\/v2\/categories?post=10819"},{"taxonomy":"post_tag","embeddable":true,"href":"https:\/\/www.accuratereviews.com\/it\/wp-json\/wp\/v2\/tags?post=10819"},{"taxonomy":"features","embeddable":true,"href":"https:\/\/www.accuratereviews.com\/it\/wp-json\/wp\/v2\/features?post=10819"}],"curies":[{"name":"wp","href":"https:\/\/api.w.org\/{rel}","templated":true}]}}